{"id":975791,"date":"2024-01-29T08:31:42","date_gmt":"2024-01-29T07:31:42","guid":{"rendered":"https:\/\/hubsch-interior.com\/product\/product\/"},"modified":"2026-04-08T04:28:44","modified_gmt":"2026-04-08T02:28:44","slug":"amare-skal-large-lysebla","status":"publish","type":"product","link":"https:\/\/hubsch-interior.com\/da\/vare\/amare-skal-large-lysebla\/","title":{"rendered":"Amare Sk\u00e5l Large Lysebl\u00e5"},"content":{"rendered":"<p>Sk\u00e5len her er en del af vores smukke og praktiske Amare-serie, og denne variant kommer i en dyb og rummelig udgave, perfekt til servering af store portioner. Sk\u00e5len er lavet af stenpulver og er tilg\u00e6ngelig i fem forskellige farver, hvoraf denne har en elegant bl\u00e5 nuance. Brug den til at organisere st\u00f8rre genstande eller som en l\u00e6kker snacksk\u00e5l til en hyggelig aften med film. Med Amare Sk\u00e5len kan du opn\u00e5 den fulde Amare-oplevelse til dit hjem.<\/p>\n","protected":false},"excerpt":{"rendered":"<p>Sk\u00e5len her er en del af vores smukke og praktiske Amare-serie, og denne variant kommer i en dyb og rummelig udgave, perfekt til servering af store portioner. Sk\u00e5len er lavet af stenpulver og er tilg\u00e6ngelig i fem forskellige farver, hvoraf denne har en elegant bl\u00e5 nuance. Brug den til at organisere st\u00f8rre genstande eller som [&hellip;]<\/p>\n","protected":false},"featured_media":1096614,"template":"","meta":{"_acf_changed":false,"inline_featured_image":false},"product_brand":[],"product_cat":[6672,4094,7025,6880,6347,4051,6517,6970,7042],"product_tag":[],"class_list":{"0":"post-975791","1":"product","2":"type-product","3":"status-publish","4":"has-post-thumbnail","6":"product_cat-amare-tableware-da","7":"product_cat-bordservice-da","8":"product_cat-bordservice-da-2","9":"product_cat-elevating-nostalgia-da","10":"product_cat-garden-selection-da","11":"product_cat-koekkentilbehoer-da","12":"product_cat-outlet-da","13":"product_cat-paaskeudsalg","14":"product_cat-serveringsskaale-da","15":"product_shipping_class-pk","16":"pa_color-lysebl","17":"pa_material-stone-powder-100-2","19":"first","20":"instock","21":"sale","22":"taxable","23":"shipping-taxable","24":"purchasable","25":"product-type-simple"},"exclude_global_add_ons":[],"addons":[],"acf":[],"yoast_head":"<!-- This site is optimized with the Yoast SEO plugin v26.4 - https:\/\/yoast.com\/wordpress\/plugins\/seo\/ -->\n<title>Amare Sk\u00e5l Large Lysebl\u00e5 - H\u00fcbsch<\/title>\n<meta name=\"description\" content=\"Sk\u00e5len her er en del af vores smukke og praktiske Amare-serie, og denne variant kommer i en dyb og rummelig udgave, perfekt til servering af store\" \/>\n<meta name=\"robots\" content=\"index, follow, max-snippet:-1, max-image-preview:large, max-video-preview:-1\" \/>\n<link rel=\"canonical\" href=\"https:\/\/hubsch-interior.com\/da\/wp-json\/wp\/v2\/product\/975791\" \/>\n<meta property=\"og:locale\" content=\"da_DK\" \/>\n<meta property=\"og:type\" content=\"article\" \/>\n<meta property=\"og:title\" content=\"Amare Sk\u00e5l Large Lysebl\u00e5 - H\u00fcbsch\" \/>\n<meta property=\"og:description\" content=\"Sk\u00e5len her er en del af vores smukke og praktiske Amare-serie, og denne variant kommer i en dyb og rummelig udgave, perfekt til servering af store\" \/>\n<meta property=\"og:url\" content=\"https:\/\/hubsch-interior.com\/da\/vare\/amare-skal-large-lysebla\/\" \/>\n<meta property=\"og:site_name\" content=\"H\u00fcbsch\" \/>\n<meta property=\"article:modified_time\" content=\"2026-04-08T02:28:44+00:00\" \/>\n<meta property=\"og:image\" content=\"https:\/\/hubsch-interior.com\/wp-content\/uploads\/2025\/04\/amare-bowl-large-light-blue-cb571b57449da5a10e7de06775e80765.jpg\" \/>\n\t<meta property=\"og:image:width\" content=\"1200\" \/>\n\t<meta property=\"og:image:height\" content=\"1200\" \/>\n\t<meta property=\"og:image:type\" content=\"image\/jpeg\" \/>\n<meta name=\"twitter:card\" content=\"summary_large_image\" \/>\n<script type=\"application\/ld+json\" class=\"yoast-schema-graph\">{\"@context\":\"https:\/\/schema.org\",\"@graph\":[{\"@type\":\"WebPage\",\"@id\":\"https:\/\/hubsch-interior.com\/da\/vare\/amare-skal-large-lysebla\/\",\"url\":\"https:\/\/hubsch-interior.com\/da\/vare\/amare-skal-large-lysebla\/\",\"name\":\"Amare Sk\u00e5l Large Lysebl\u00e5 - H\u00fcbsch\",\"isPartOf\":{\"@id\":\"https:\/\/hubsch-interior.com\/da\/#website\"},\"primaryImageOfPage\":{\"@id\":\"https:\/\/hubsch-interior.com\/da\/vare\/amare-skal-large-lysebla\/#primaryimage\"},\"image\":{\"@id\":\"https:\/\/hubsch-interior.com\/da\/vare\/amare-skal-large-lysebla\/#primaryimage\"},\"thumbnailUrl\":\"https:\/\/hubsch-interior.com\/wp-content\/uploads\/2026\/02\/amare-bowl-large-light-blue-d8b717f11ebea14cd996e37a1cd58b23.jpg\",\"datePublished\":\"2024-01-29T07:31:42+00:00\",\"dateModified\":\"2026-04-08T02:28:44+00:00\",\"description\":\"Sk\u00e5len her er en del af vores smukke og praktiske Amare-serie, og denne variant kommer i en dyb og rummelig udgave, perfekt til servering af store\",\"breadcrumb\":{\"@id\":\"https:\/\/hubsch-interior.com\/da\/vare\/amare-skal-large-lysebla\/#breadcrumb\"},\"inLanguage\":\"da-DK\",\"potentialAction\":[{\"@type\":\"ReadAction\",\"target\":[\"https:\/\/hubsch-interior.com\/da\/vare\/amare-skal-large-lysebla\/\"]}]},{\"@type\":\"ImageObject\",\"inLanguage\":\"da-DK\",\"@id\":\"https:\/\/hubsch-interior.com\/da\/vare\/amare-skal-large-lysebla\/#primaryimage\",\"url\":\"https:\/\/hubsch-interior.com\/wp-content\/uploads\/2026\/02\/amare-bowl-large-light-blue-d8b717f11ebea14cd996e37a1cd58b23.jpg\",\"contentUrl\":\"https:\/\/hubsch-interior.com\/wp-content\/uploads\/2026\/02\/amare-bowl-large-light-blue-d8b717f11ebea14cd996e37a1cd58b23.jpg\",\"width\":1024,\"height\":1024},{\"@type\":\"BreadcrumbList\",\"@id\":\"https:\/\/hubsch-interior.com\/da\/vare\/amare-skal-large-lysebla\/#breadcrumb\",\"itemListElement\":[{\"@type\":\"ListItem\",\"position\":1,\"name\":\"Forside\",\"item\":\"https:\/\/hubsch-interior.com\/da\/\"},{\"@type\":\"ListItem\",\"position\":2,\"name\":\"Produkter\",\"item\":\"https:\/\/hubsch-interior.com\/da\/produkter\/\"},{\"@type\":\"ListItem\",\"position\":3,\"name\":\"K\u00f8kken\",\"item\":\"https:\/\/hubsch-interior.com\/da\/vare-kategori\/koekken\/\"},{\"@type\":\"ListItem\",\"position\":4,\"name\":\"Bordservice\",\"item\":\"https:\/\/hubsch-interior.com\/da\/vare-kategori\/koekken\/bordservice-da-2\/\"},{\"@type\":\"ListItem\",\"position\":5,\"name\":\"Serveringssk&aring;le\",\"item\":\"https:\/\/hubsch-interior.com\/da\/vare-kategori\/koekken\/bordservice-da-2\/serveringsskaale-da\/\"},{\"@type\":\"ListItem\",\"position\":6,\"name\":\"Amare Sk\u00e5l Large Lysebl\u00e5\"}]},{\"@type\":\"WebSite\",\"@id\":\"https:\/\/hubsch-interior.com\/da\/#website\",\"url\":\"https:\/\/hubsch-interior.com\/da\/\",\"name\":\"H\u00fcbsch\",\"description\":\"Danish Home Interior and Design\",\"publisher\":{\"@id\":\"https:\/\/hubsch-interior.com\/da\/#organization\"},\"potentialAction\":[{\"@type\":\"SearchAction\",\"target\":{\"@type\":\"EntryPoint\",\"urlTemplate\":\"https:\/\/hubsch-interior.com\/da\/?s={search_term_string}\"},\"query-input\":{\"@type\":\"PropertyValueSpecification\",\"valueRequired\":true,\"valueName\":\"search_term_string\"}}],\"inLanguage\":\"da-DK\"},{\"@type\":\"Organization\",\"@id\":\"https:\/\/hubsch-interior.com\/da\/#organization\",\"name\":\"H\u00fcbsch\",\"url\":\"https:\/\/hubsch-interior.com\/da\/\",\"logo\":{\"@type\":\"ImageObject\",\"inLanguage\":\"da-DK\",\"@id\":\"https:\/\/hubsch-interior.com\/da\/#\/schema\/logo\/image\/\",\"url\":\"https:\/\/hubsch-interior.com\/wp-content\/uploads\/2022\/12\/Hubsch_logo_black_one_line.svg\",\"contentUrl\":\"https:\/\/hubsch-interior.com\/wp-content\/uploads\/2022\/12\/Hubsch_logo_black_one_line.svg\",\"caption\":\"H\u00fcbsch\"},\"image\":{\"@id\":\"https:\/\/hubsch-interior.com\/da\/#\/schema\/logo\/image\/\"}}]}<\/script>\n<!-- \/ Yoast SEO plugin. -->","yoast_head_json":{"title":"Amare Sk\u00e5l Large Lysebl\u00e5 - H\u00fcbsch","description":"Sk\u00e5len her er en del af vores smukke og praktiske Amare-serie, og denne variant kommer i en dyb og rummelig udgave, perfekt til servering af store","robots":{"index":"index","follow":"follow","max-snippet":"max-snippet:-1","max-image-preview":"max-image-preview:large","max-video-preview":"max-video-preview:-1"},"canonical":"https:\/\/hubsch-interior.com\/da\/wp-json\/wp\/v2\/product\/975791","og_locale":"da_DK","og_type":"article","og_title":"Amare Sk\u00e5l Large Lysebl\u00e5 - H\u00fcbsch","og_description":"Sk\u00e5len her er en del af vores smukke og praktiske Amare-serie, og denne variant kommer i en dyb og rummelig udgave, perfekt til servering af store","og_url":"https:\/\/hubsch-interior.com\/da\/vare\/amare-skal-large-lysebla\/","og_site_name":"H\u00fcbsch","article_modified_time":"2026-04-08T02:28:44+00:00","og_image":[{"width":1200,"height":1200,"url":"https:\/\/hubsch-interior.com\/wp-content\/uploads\/2025\/04\/amare-bowl-large-light-blue-cb571b57449da5a10e7de06775e80765.jpg","type":"image\/jpeg"}],"twitter_card":"summary_large_image","schema":{"@context":"https:\/\/schema.org","@graph":[{"@type":"WebPage","@id":"https:\/\/hubsch-interior.com\/da\/vare\/amare-skal-large-lysebla\/","url":"https:\/\/hubsch-interior.com\/da\/vare\/amare-skal-large-lysebla\/","name":"Amare Sk\u00e5l Large Lysebl\u00e5 - H\u00fcbsch","isPartOf":{"@id":"https:\/\/hubsch-interior.com\/da\/#website"},"primaryImageOfPage":{"@id":"https:\/\/hubsch-interior.com\/da\/vare\/amare-skal-large-lysebla\/#primaryimage"},"image":{"@id":"https:\/\/hubsch-interior.com\/da\/vare\/amare-skal-large-lysebla\/#primaryimage"},"thumbnailUrl":"https:\/\/hubsch-interior.com\/wp-content\/uploads\/2026\/02\/amare-bowl-large-light-blue-d8b717f11ebea14cd996e37a1cd58b23.jpg","datePublished":"2024-01-29T07:31:42+00:00","dateModified":"2026-04-08T02:28:44+00:00","description":"Sk\u00e5len her er en del af vores smukke og praktiske Amare-serie, og denne variant kommer i en dyb og rummelig udgave, perfekt til servering af store","breadcrumb":{"@id":"https:\/\/hubsch-interior.com\/da\/vare\/amare-skal-large-lysebla\/#breadcrumb"},"inLanguage":"da-DK","potentialAction":[{"@type":"ReadAction","target":["https:\/\/hubsch-interior.com\/da\/vare\/amare-skal-large-lysebla\/"]}]},{"@type":"ImageObject","inLanguage":"da-DK","@id":"https:\/\/hubsch-interior.com\/da\/vare\/amare-skal-large-lysebla\/#primaryimage","url":"https:\/\/hubsch-interior.com\/wp-content\/uploads\/2026\/02\/amare-bowl-large-light-blue-d8b717f11ebea14cd996e37a1cd58b23.jpg","contentUrl":"https:\/\/hubsch-interior.com\/wp-content\/uploads\/2026\/02\/amare-bowl-large-light-blue-d8b717f11ebea14cd996e37a1cd58b23.jpg","width":1024,"height":1024},{"@type":"BreadcrumbList","@id":"https:\/\/hubsch-interior.com\/da\/vare\/amare-skal-large-lysebla\/#breadcrumb","itemListElement":[{"@type":"ListItem","position":1,"name":"Forside","item":"https:\/\/hubsch-interior.com\/da\/"},{"@type":"ListItem","position":2,"name":"Produkter","item":"https:\/\/hubsch-interior.com\/da\/produkter\/"},{"@type":"ListItem","position":3,"name":"K\u00f8kken","item":"https:\/\/hubsch-interior.com\/da\/vare-kategori\/koekken\/"},{"@type":"ListItem","position":4,"name":"Bordservice","item":"https:\/\/hubsch-interior.com\/da\/vare-kategori\/koekken\/bordservice-da-2\/"},{"@type":"ListItem","position":5,"name":"Serveringssk&aring;le","item":"https:\/\/hubsch-interior.com\/da\/vare-kategori\/koekken\/bordservice-da-2\/serveringsskaale-da\/"},{"@type":"ListItem","position":6,"name":"Amare Sk\u00e5l Large Lysebl\u00e5"}]},{"@type":"WebSite","@id":"https:\/\/hubsch-interior.com\/da\/#website","url":"https:\/\/hubsch-interior.com\/da\/","name":"H\u00fcbsch","description":"Danish Home Interior and Design","publisher":{"@id":"https:\/\/hubsch-interior.com\/da\/#organization"},"potentialAction":[{"@type":"SearchAction","target":{"@type":"EntryPoint","urlTemplate":"https:\/\/hubsch-interior.com\/da\/?s={search_term_string}"},"query-input":{"@type":"PropertyValueSpecification","valueRequired":true,"valueName":"search_term_string"}}],"inLanguage":"da-DK"},{"@type":"Organization","@id":"https:\/\/hubsch-interior.com\/da\/#organization","name":"H\u00fcbsch","url":"https:\/\/hubsch-interior.com\/da\/","logo":{"@type":"ImageObject","inLanguage":"da-DK","@id":"https:\/\/hubsch-interior.com\/da\/#\/schema\/logo\/image\/","url":"https:\/\/hubsch-interior.com\/wp-content\/uploads\/2022\/12\/Hubsch_logo_black_one_line.svg","contentUrl":"https:\/\/hubsch-interior.com\/wp-content\/uploads\/2022\/12\/Hubsch_logo_black_one_line.svg","caption":"H\u00fcbsch"},"image":{"@id":"https:\/\/hubsch-interior.com\/da\/#\/schema\/logo\/image\/"}}]}},"_links":{"self":[{"href":"https:\/\/hubsch-interior.com\/da\/wp-json\/wp\/v2\/product\/975791","targetHints":{"allow":["GET"]}}],"collection":[{"href":"https:\/\/hubsch-interior.com\/da\/wp-json\/wp\/v2\/product"}],"about":[{"href":"https:\/\/hubsch-interior.com\/da\/wp-json\/wp\/v2\/types\/product"}],"wp:featuredmedia":[{"embeddable":true,"href":"https:\/\/hubsch-interior.com\/da\/wp-json\/wp\/v2\/media\/1096614"}],"wp:attachment":[{"href":"https:\/\/hubsch-interior.com\/da\/wp-json\/wp\/v2\/media?parent=975791"}],"wp:term":[{"taxonomy":"product_brand","embeddable":true,"href":"https:\/\/hubsch-interior.com\/da\/wp-json\/wp\/v2\/product_brand?post=975791"},{"taxonomy":"product_cat","embeddable":true,"href":"https:\/\/hubsch-interior.com\/da\/wp-json\/wp\/v2\/product_cat?post=975791"},{"taxonomy":"product_tag","embeddable":true,"href":"https:\/\/hubsch-interior.com\/da\/wp-json\/wp\/v2\/product_tag?post=975791"}],"curies":[{"name":"wp","href":"https:\/\/api.w.org\/{rel}","templated":true}]}}