{"id":975823,"date":"2024-01-29T08:32:06","date_gmt":"2024-01-29T07:32:06","guid":{"rendered":"https:\/\/hubsch-interior.com\/product\/product\/"},"modified":"2026-04-29T04:28:58","modified_gmt":"2026-04-29T02:28:58","slug":"deux-potte-rodbrun-bla-saet-af-2","status":"publish","type":"product","link":"https:\/\/hubsch-interior.com\/da\/vare\/deux-potte-rodbrun-bla-saet-af-2\/","title":{"rendered":"Deux Potte R\u00f8dbrun\/Bl\u00e5 (s\u00e6t af 2)"},"content":{"rendered":"<p>Byd velkommen til Deux Potten, som er kommet for at blive. Lavet af stenpulver, kommer dette produkt i to varianter med en blanding af r\u00f8dbrun og bl\u00e5 farver. Brug dem som enkeltst\u00e5ende vaser eller kombin\u00e9r dem for at skabe et i\u00f8jnefaldende statement piece. Disse potter kan bruges som vase eller u kan plante en blomst i, eller bruge som dekorative elementer i ethvert rum. Med Deux Potte f\u00e5r du friheden til at v\u00e6lge, hvordan du vil bruge dem &#8211; to i en, eller hver for sig.<\/p>\n","protected":false},"excerpt":{"rendered":"<p>Byd velkommen til Deux Potten, som er kommet for at blive. Lavet af stenpulver, kommer dette produkt i to varianter med en blanding af r\u00f8dbrun og bl\u00e5 farver. Brug dem som enkeltst\u00e5ende vaser eller kombin\u00e9r dem for at skabe et i\u00f8jnefaldende statement piece. Disse potter kan bruges som vase eller u kan plante en blomst [&hellip;]<\/p>\n","protected":false},"featured_media":1096650,"template":"","meta":{"_acf_changed":false,"inline_featured_image":false},"product_brand":[],"product_cat":[6880,6970,4912,4923,3152,5025],"product_tag":[],"class_list":{"0":"post-975823","1":"product","2":"type-product","3":"status-publish","4":"has-post-thumbnail","6":"product_cat-elevating-nostalgia-da","7":"product_cat-paaskeudsalg","8":"product_cat-potter-vandkander-da","9":"product_cat-potteskjulere-da","10":"product_cat-vaser-da","11":"product_cat-bestsellers-da","12":"product_shipping_class-pk","14":"pa_color-bl","15":"pa_color-rdbrun","16":"pa_material-stone-powder-100-2","18":"first","19":"instock","20":"featured","21":"taxable","22":"shipping-taxable","23":"purchasable","24":"product-type-simple"},"exclude_global_add_ons":[],"addons":[],"acf":[],"yoast_head":"<!-- This site is optimized with the Yoast SEO plugin v26.4 - https:\/\/yoast.com\/wordpress\/plugins\/seo\/ -->\n<title>Deux Potte R\u00f8dbrun\/Bl\u00e5 (s\u00e6t af 2) - H\u00fcbsch<\/title>\n<meta name=\"description\" content=\"Byd velkommen til Deux Potten, som er kommet for at blive. Lavet af stenpulver, kommer dette produkt i to varianter med en blanding af r\u00f8dbrun og bl\u00e5\" \/>\n<meta name=\"robots\" content=\"index, follow, max-snippet:-1, max-image-preview:large, max-video-preview:-1\" \/>\n<link rel=\"canonical\" href=\"https:\/\/hubsch-interior.com\/da\/wp-json\/wp\/v2\/product\/975823\" \/>\n<meta property=\"og:locale\" content=\"da_DK\" \/>\n<meta property=\"og:type\" content=\"article\" \/>\n<meta property=\"og:title\" content=\"Deux Potte R\u00f8dbrun\/Bl\u00e5 (s\u00e6t af 2) - H\u00fcbsch\" \/>\n<meta property=\"og:description\" content=\"Byd velkommen til Deux Potten, som er kommet for at blive. Lavet af stenpulver, kommer dette produkt i to varianter med en blanding af r\u00f8dbrun og bl\u00e5\" \/>\n<meta property=\"og:url\" content=\"https:\/\/hubsch-interior.com\/da\/vare\/deux-potte-rodbrun-bla-saet-af-2\/\" \/>\n<meta property=\"og:site_name\" content=\"H\u00fcbsch\" \/>\n<meta property=\"article:modified_time\" content=\"2026-04-29T02:28:58+00:00\" \/>\n<meta property=\"og:image\" content=\"https:\/\/hubsch-interior.com\/wp-content\/uploads\/2025\/04\/deux-pots-maroonblue-set-of-2-ed3708abe33e696f8686c1393629a3e4.jpg\" \/>\n\t<meta property=\"og:image:width\" content=\"1200\" \/>\n\t<meta property=\"og:image:height\" content=\"1200\" \/>\n\t<meta property=\"og:image:type\" content=\"image\/jpeg\" \/>\n<meta name=\"twitter:card\" content=\"summary_large_image\" \/>\n<script type=\"application\/ld+json\" class=\"yoast-schema-graph\">{\"@context\":\"https:\/\/schema.org\",\"@graph\":[{\"@type\":\"WebPage\",\"@id\":\"https:\/\/hubsch-interior.com\/da\/vare\/deux-potte-rodbrun-bla-saet-af-2\/\",\"url\":\"https:\/\/hubsch-interior.com\/da\/vare\/deux-potte-rodbrun-bla-saet-af-2\/\",\"name\":\"Deux Potte R\u00f8dbrun\/Bl\u00e5 (s\u00e6t af 2) - H\u00fcbsch\",\"isPartOf\":{\"@id\":\"https:\/\/hubsch-interior.com\/da\/#website\"},\"primaryImageOfPage\":{\"@id\":\"https:\/\/hubsch-interior.com\/da\/vare\/deux-potte-rodbrun-bla-saet-af-2\/#primaryimage\"},\"image\":{\"@id\":\"https:\/\/hubsch-interior.com\/da\/vare\/deux-potte-rodbrun-bla-saet-af-2\/#primaryimage\"},\"thumbnailUrl\":\"https:\/\/hubsch-interior.com\/wp-content\/uploads\/2026\/02\/deux-pots-maroonblue-set-of-2-9ab040f30de4fae606743ba67ce0a7d9.jpg\",\"datePublished\":\"2024-01-29T07:32:06+00:00\",\"dateModified\":\"2026-04-29T02:28:58+00:00\",\"description\":\"Byd velkommen til Deux Potten, som er kommet for at blive. Lavet af stenpulver, kommer dette produkt i to varianter med en blanding af r\u00f8dbrun og bl\u00e5\",\"breadcrumb\":{\"@id\":\"https:\/\/hubsch-interior.com\/da\/vare\/deux-potte-rodbrun-bla-saet-af-2\/#breadcrumb\"},\"inLanguage\":\"da-DK\",\"potentialAction\":[{\"@type\":\"ReadAction\",\"target\":[\"https:\/\/hubsch-interior.com\/da\/vare\/deux-potte-rodbrun-bla-saet-af-2\/\"]}]},{\"@type\":\"ImageObject\",\"inLanguage\":\"da-DK\",\"@id\":\"https:\/\/hubsch-interior.com\/da\/vare\/deux-potte-rodbrun-bla-saet-af-2\/#primaryimage\",\"url\":\"https:\/\/hubsch-interior.com\/wp-content\/uploads\/2026\/02\/deux-pots-maroonblue-set-of-2-9ab040f30de4fae606743ba67ce0a7d9.jpg\",\"contentUrl\":\"https:\/\/hubsch-interior.com\/wp-content\/uploads\/2026\/02\/deux-pots-maroonblue-set-of-2-9ab040f30de4fae606743ba67ce0a7d9.jpg\",\"width\":1024,\"height\":1024},{\"@type\":\"BreadcrumbList\",\"@id\":\"https:\/\/hubsch-interior.com\/da\/vare\/deux-potte-rodbrun-bla-saet-af-2\/#breadcrumb\",\"itemListElement\":[{\"@type\":\"ListItem\",\"position\":1,\"name\":\"Forside\",\"item\":\"https:\/\/hubsch-interior.com\/da\/\"},{\"@type\":\"ListItem\",\"position\":2,\"name\":\"Produkter\",\"item\":\"https:\/\/hubsch-interior.com\/da\/produkter\/\"},{\"@type\":\"ListItem\",\"position\":3,\"name\":\"Boligtilbeh\u00f8r\",\"item\":\"https:\/\/hubsch-interior.com\/da\/vare-kategori\/boligtilbehor\/\"},{\"@type\":\"ListItem\",\"position\":4,\"name\":\"Potter &amp; vandkander\",\"item\":\"https:\/\/hubsch-interior.com\/da\/vare-kategori\/boligtilbehor\/potter-vandkander-da\/\"},{\"@type\":\"ListItem\",\"position\":5,\"name\":\"Potteskjulere\",\"item\":\"https:\/\/hubsch-interior.com\/da\/vare-kategori\/boligtilbehor\/potter-vandkander-da\/potteskjulere-da\/\"},{\"@type\":\"ListItem\",\"position\":6,\"name\":\"Deux Potte R\u00f8dbrun\/Bl\u00e5 (s\u00e6t af 2)\"}]},{\"@type\":\"WebSite\",\"@id\":\"https:\/\/hubsch-interior.com\/da\/#website\",\"url\":\"https:\/\/hubsch-interior.com\/da\/\",\"name\":\"H\u00fcbsch\",\"description\":\"Danish Home Interior and Design\",\"publisher\":{\"@id\":\"https:\/\/hubsch-interior.com\/da\/#organization\"},\"potentialAction\":[{\"@type\":\"SearchAction\",\"target\":{\"@type\":\"EntryPoint\",\"urlTemplate\":\"https:\/\/hubsch-interior.com\/da\/?s={search_term_string}\"},\"query-input\":{\"@type\":\"PropertyValueSpecification\",\"valueRequired\":true,\"valueName\":\"search_term_string\"}}],\"inLanguage\":\"da-DK\"},{\"@type\":\"Organization\",\"@id\":\"https:\/\/hubsch-interior.com\/da\/#organization\",\"name\":\"H\u00fcbsch\",\"url\":\"https:\/\/hubsch-interior.com\/da\/\",\"logo\":{\"@type\":\"ImageObject\",\"inLanguage\":\"da-DK\",\"@id\":\"https:\/\/hubsch-interior.com\/da\/#\/schema\/logo\/image\/\",\"url\":\"https:\/\/hubsch-interior.com\/wp-content\/uploads\/2022\/12\/Hubsch_logo_black_one_line.svg\",\"contentUrl\":\"https:\/\/hubsch-interior.com\/wp-content\/uploads\/2022\/12\/Hubsch_logo_black_one_line.svg\",\"caption\":\"H\u00fcbsch\"},\"image\":{\"@id\":\"https:\/\/hubsch-interior.com\/da\/#\/schema\/logo\/image\/\"}}]}<\/script>\n<!-- \/ Yoast SEO plugin. -->","yoast_head_json":{"title":"Deux Potte R\u00f8dbrun\/Bl\u00e5 (s\u00e6t af 2) - H\u00fcbsch","description":"Byd velkommen til Deux Potten, som er kommet for at blive. Lavet af stenpulver, kommer dette produkt i to varianter med en blanding af r\u00f8dbrun og bl\u00e5","robots":{"index":"index","follow":"follow","max-snippet":"max-snippet:-1","max-image-preview":"max-image-preview:large","max-video-preview":"max-video-preview:-1"},"canonical":"https:\/\/hubsch-interior.com\/da\/wp-json\/wp\/v2\/product\/975823","og_locale":"da_DK","og_type":"article","og_title":"Deux Potte R\u00f8dbrun\/Bl\u00e5 (s\u00e6t af 2) - H\u00fcbsch","og_description":"Byd velkommen til Deux Potten, som er kommet for at blive. Lavet af stenpulver, kommer dette produkt i to varianter med en blanding af r\u00f8dbrun og bl\u00e5","og_url":"https:\/\/hubsch-interior.com\/da\/vare\/deux-potte-rodbrun-bla-saet-af-2\/","og_site_name":"H\u00fcbsch","article_modified_time":"2026-04-29T02:28:58+00:00","og_image":[{"width":1200,"height":1200,"url":"https:\/\/hubsch-interior.com\/wp-content\/uploads\/2025\/04\/deux-pots-maroonblue-set-of-2-ed3708abe33e696f8686c1393629a3e4.jpg","type":"image\/jpeg"}],"twitter_card":"summary_large_image","schema":{"@context":"https:\/\/schema.org","@graph":[{"@type":"WebPage","@id":"https:\/\/hubsch-interior.com\/da\/vare\/deux-potte-rodbrun-bla-saet-af-2\/","url":"https:\/\/hubsch-interior.com\/da\/vare\/deux-potte-rodbrun-bla-saet-af-2\/","name":"Deux Potte R\u00f8dbrun\/Bl\u00e5 (s\u00e6t af 2) - H\u00fcbsch","isPartOf":{"@id":"https:\/\/hubsch-interior.com\/da\/#website"},"primaryImageOfPage":{"@id":"https:\/\/hubsch-interior.com\/da\/vare\/deux-potte-rodbrun-bla-saet-af-2\/#primaryimage"},"image":{"@id":"https:\/\/hubsch-interior.com\/da\/vare\/deux-potte-rodbrun-bla-saet-af-2\/#primaryimage"},"thumbnailUrl":"https:\/\/hubsch-interior.com\/wp-content\/uploads\/2026\/02\/deux-pots-maroonblue-set-of-2-9ab040f30de4fae606743ba67ce0a7d9.jpg","datePublished":"2024-01-29T07:32:06+00:00","dateModified":"2026-04-29T02:28:58+00:00","description":"Byd velkommen til Deux Potten, som er kommet for at blive. Lavet af stenpulver, kommer dette produkt i to varianter med en blanding af r\u00f8dbrun og bl\u00e5","breadcrumb":{"@id":"https:\/\/hubsch-interior.com\/da\/vare\/deux-potte-rodbrun-bla-saet-af-2\/#breadcrumb"},"inLanguage":"da-DK","potentialAction":[{"@type":"ReadAction","target":["https:\/\/hubsch-interior.com\/da\/vare\/deux-potte-rodbrun-bla-saet-af-2\/"]}]},{"@type":"ImageObject","inLanguage":"da-DK","@id":"https:\/\/hubsch-interior.com\/da\/vare\/deux-potte-rodbrun-bla-saet-af-2\/#primaryimage","url":"https:\/\/hubsch-interior.com\/wp-content\/uploads\/2026\/02\/deux-pots-maroonblue-set-of-2-9ab040f30de4fae606743ba67ce0a7d9.jpg","contentUrl":"https:\/\/hubsch-interior.com\/wp-content\/uploads\/2026\/02\/deux-pots-maroonblue-set-of-2-9ab040f30de4fae606743ba67ce0a7d9.jpg","width":1024,"height":1024},{"@type":"BreadcrumbList","@id":"https:\/\/hubsch-interior.com\/da\/vare\/deux-potte-rodbrun-bla-saet-af-2\/#breadcrumb","itemListElement":[{"@type":"ListItem","position":1,"name":"Forside","item":"https:\/\/hubsch-interior.com\/da\/"},{"@type":"ListItem","position":2,"name":"Produkter","item":"https:\/\/hubsch-interior.com\/da\/produkter\/"},{"@type":"ListItem","position":3,"name":"Boligtilbeh\u00f8r","item":"https:\/\/hubsch-interior.com\/da\/vare-kategori\/boligtilbehor\/"},{"@type":"ListItem","position":4,"name":"Potter &amp; vandkander","item":"https:\/\/hubsch-interior.com\/da\/vare-kategori\/boligtilbehor\/potter-vandkander-da\/"},{"@type":"ListItem","position":5,"name":"Potteskjulere","item":"https:\/\/hubsch-interior.com\/da\/vare-kategori\/boligtilbehor\/potter-vandkander-da\/potteskjulere-da\/"},{"@type":"ListItem","position":6,"name":"Deux Potte R\u00f8dbrun\/Bl\u00e5 (s\u00e6t af 2)"}]},{"@type":"WebSite","@id":"https:\/\/hubsch-interior.com\/da\/#website","url":"https:\/\/hubsch-interior.com\/da\/","name":"H\u00fcbsch","description":"Danish Home Interior and Design","publisher":{"@id":"https:\/\/hubsch-interior.com\/da\/#organization"},"potentialAction":[{"@type":"SearchAction","target":{"@type":"EntryPoint","urlTemplate":"https:\/\/hubsch-interior.com\/da\/?s={search_term_string}"},"query-input":{"@type":"PropertyValueSpecification","valueRequired":true,"valueName":"search_term_string"}}],"inLanguage":"da-DK"},{"@type":"Organization","@id":"https:\/\/hubsch-interior.com\/da\/#organization","name":"H\u00fcbsch","url":"https:\/\/hubsch-interior.com\/da\/","logo":{"@type":"ImageObject","inLanguage":"da-DK","@id":"https:\/\/hubsch-interior.com\/da\/#\/schema\/logo\/image\/","url":"https:\/\/hubsch-interior.com\/wp-content\/uploads\/2022\/12\/Hubsch_logo_black_one_line.svg","contentUrl":"https:\/\/hubsch-interior.com\/wp-content\/uploads\/2022\/12\/Hubsch_logo_black_one_line.svg","caption":"H\u00fcbsch"},"image":{"@id":"https:\/\/hubsch-interior.com\/da\/#\/schema\/logo\/image\/"}}]}},"_links":{"self":[{"href":"https:\/\/hubsch-interior.com\/da\/wp-json\/wp\/v2\/product\/975823","targetHints":{"allow":["GET"]}}],"collection":[{"href":"https:\/\/hubsch-interior.com\/da\/wp-json\/wp\/v2\/product"}],"about":[{"href":"https:\/\/hubsch-interior.com\/da\/wp-json\/wp\/v2\/types\/product"}],"wp:featuredmedia":[{"embeddable":true,"href":"https:\/\/hubsch-interior.com\/da\/wp-json\/wp\/v2\/media\/1096650"}],"wp:attachment":[{"href":"https:\/\/hubsch-interior.com\/da\/wp-json\/wp\/v2\/media?parent=975823"}],"wp:term":[{"taxonomy":"product_brand","embeddable":true,"href":"https:\/\/hubsch-interior.com\/da\/wp-json\/wp\/v2\/product_brand?post=975823"},{"taxonomy":"product_cat","embeddable":true,"href":"https:\/\/hubsch-interior.com\/da\/wp-json\/wp\/v2\/product_cat?post=975823"},{"taxonomy":"product_tag","embeddable":true,"href":"https:\/\/hubsch-interior.com\/da\/wp-json\/wp\/v2\/product_tag?post=975823"}],"curies":[{"name":"wp","href":"https:\/\/api.w.org\/{rel}","templated":true}]}}