{"id":975855,"date":"2024-01-29T08:32:23","date_gmt":"2024-01-29T07:32:23","guid":{"rendered":"https:\/\/hubsch-interior.com\/product\/product\/"},"modified":"2026-04-06T04:28:34","modified_gmt":"2026-04-06T02:28:34","slug":"amare-serveringsfade-lysebla-orange-saet-af-2","status":"publish","type":"product","link":"https:\/\/hubsch-interior.com\/da\/vare\/amare-serveringsfade-lysebla-orange-saet-af-2\/","title":{"rendered":"Amare Serveringsfade Lysebl\u00e5\/Orange (s\u00e6t af 2)"},"content":{"rendered":"<p>F\u00e5 dit middagsbord til at skinne med Amare Serveringsfade i lysebl\u00e5 og orange. Disse praktiske og i\u00f8jnefaldende fade er en del af Amare serien og er lavet af stenpulver, hvilket giver dem en varmebeskyttelse udover det s\u00e6dvanlige. Med et mix af farver skaber disse to st\u00f8rrelser serveringsfade mulighed for forskellige anvendelsesmuligheder. Brug dem til at servere en let frokost eller som en smuk m\u00e5de at vise dine kreative kulinariske kreationer p\u00e5. Udover at v\u00e6re praktiske, er de ogs\u00e5 smukke dekorative elementer i dit hjem.<\/p>\n","protected":false},"excerpt":{"rendered":"<p>F\u00e5 dit middagsbord til at skinne med Amare Serveringsfade i lysebl\u00e5 og orange. Disse praktiske og i\u00f8jnefaldende fade er en del af Amare serien og er lavet af stenpulver, hvilket giver dem en varmebeskyttelse udover det s\u00e6dvanlige. Med et mix af farver skaber disse to st\u00f8rrelser serveringsfade mulighed for forskellige anvendelsesmuligheder. Brug dem til at [&hellip;]<\/p>\n","protected":false},"featured_media":1096670,"template":"","meta":{"_acf_changed":false,"inline_featured_image":false},"product_brand":[],"product_cat":[7025,6880,6970,7026,6672,6347,4051,4094,5025,6517],"product_tag":[],"class_list":{"0":"post-975855","1":"product","2":"type-product","3":"status-publish","4":"has-post-thumbnail","6":"product_cat-bordservice-da-2","7":"product_cat-elevating-nostalgia-da","8":"product_cat-paaskeudsalg","9":"product_cat-serveringsfade-tallerkener-da","10":"product_cat-amare-tableware-da","11":"product_cat-garden-selection-da","12":"product_cat-koekkentilbehoer-da","13":"product_cat-bordservice-da","14":"product_cat-bestsellers-da","15":"product_cat-outlet-da","16":"product_shipping_class-pk","18":"pa_color-orange-da","19":"pa_color-lysebl","20":"pa_material-stone-powder-100-2","22":"first","23":"instock","24":"sale","25":"featured","26":"taxable","27":"shipping-taxable","28":"purchasable","29":"product-type-simple"},"exclude_global_add_ons":[],"addons":[],"acf":[],"yoast_head":"<!-- This site is optimized with the Yoast SEO plugin v26.4 - https:\/\/yoast.com\/wordpress\/plugins\/seo\/ -->\n<title>Amare Serveringsfade Lysebl\u00e5\/Orange (s\u00e6t af 2) - H\u00fcbsch<\/title>\n<meta name=\"description\" content=\"F\u00e5 dit middagsbord til at skinne med Amare Serveringsfade i lysebl\u00e5 og orange. Disse praktiske og i\u00f8jnefaldende fade er en del af Amare serien og er lavet\" \/>\n<meta name=\"robots\" content=\"index, follow, max-snippet:-1, max-image-preview:large, max-video-preview:-1\" \/>\n<link rel=\"canonical\" href=\"https:\/\/hubsch-interior.com\/da\/wp-json\/wp\/v2\/product\/975855\" \/>\n<meta property=\"og:locale\" content=\"da_DK\" \/>\n<meta property=\"og:type\" content=\"article\" \/>\n<meta property=\"og:title\" content=\"Amare Serveringsfade Lysebl\u00e5\/Orange (s\u00e6t af 2) - H\u00fcbsch\" \/>\n<meta property=\"og:description\" content=\"F\u00e5 dit middagsbord til at skinne med Amare Serveringsfade i lysebl\u00e5 og orange. Disse praktiske og i\u00f8jnefaldende fade er en del af Amare serien og er lavet\" \/>\n<meta property=\"og:url\" content=\"https:\/\/hubsch-interior.com\/da\/vare\/amare-serveringsfade-lysebla-orange-saet-af-2\/\" \/>\n<meta property=\"og:site_name\" content=\"H\u00fcbsch\" \/>\n<meta property=\"article:modified_time\" content=\"2026-04-06T02:28:34+00:00\" \/>\n<meta property=\"og:image\" content=\"https:\/\/hubsch-interior.com\/wp-content\/uploads\/2025\/04\/amare-serving-trays-light-blueorange-set-of-2-8a1baeefb0e70e712cd37b73676c8941.jpg\" \/>\n\t<meta property=\"og:image:width\" content=\"1200\" \/>\n\t<meta property=\"og:image:height\" content=\"1200\" \/>\n\t<meta property=\"og:image:type\" content=\"image\/jpeg\" \/>\n<meta name=\"twitter:card\" content=\"summary_large_image\" \/>\n<script type=\"application\/ld+json\" class=\"yoast-schema-graph\">{\"@context\":\"https:\/\/schema.org\",\"@graph\":[{\"@type\":\"WebPage\",\"@id\":\"https:\/\/hubsch-interior.com\/da\/vare\/amare-serveringsfade-lysebla-orange-saet-af-2\/\",\"url\":\"https:\/\/hubsch-interior.com\/da\/vare\/amare-serveringsfade-lysebla-orange-saet-af-2\/\",\"name\":\"Amare Serveringsfade Lysebl\u00e5\/Orange (s\u00e6t af 2) - H\u00fcbsch\",\"isPartOf\":{\"@id\":\"https:\/\/hubsch-interior.com\/da\/#website\"},\"primaryImageOfPage\":{\"@id\":\"https:\/\/hubsch-interior.com\/da\/vare\/amare-serveringsfade-lysebla-orange-saet-af-2\/#primaryimage\"},\"image\":{\"@id\":\"https:\/\/hubsch-interior.com\/da\/vare\/amare-serveringsfade-lysebla-orange-saet-af-2\/#primaryimage\"},\"thumbnailUrl\":\"https:\/\/hubsch-interior.com\/wp-content\/uploads\/2026\/02\/amare-serving-trays-light-blueorange-set-of-2-6ee50bba580a1b4a0f031272c2ad4a1e.jpg\",\"datePublished\":\"2024-01-29T07:32:23+00:00\",\"dateModified\":\"2026-04-06T02:28:34+00:00\",\"description\":\"F\u00e5 dit middagsbord til at skinne med Amare Serveringsfade i lysebl\u00e5 og orange. Disse praktiske og i\u00f8jnefaldende fade er en del af Amare serien og er lavet\",\"breadcrumb\":{\"@id\":\"https:\/\/hubsch-interior.com\/da\/vare\/amare-serveringsfade-lysebla-orange-saet-af-2\/#breadcrumb\"},\"inLanguage\":\"da-DK\",\"potentialAction\":[{\"@type\":\"ReadAction\",\"target\":[\"https:\/\/hubsch-interior.com\/da\/vare\/amare-serveringsfade-lysebla-orange-saet-af-2\/\"]}]},{\"@type\":\"ImageObject\",\"inLanguage\":\"da-DK\",\"@id\":\"https:\/\/hubsch-interior.com\/da\/vare\/amare-serveringsfade-lysebla-orange-saet-af-2\/#primaryimage\",\"url\":\"https:\/\/hubsch-interior.com\/wp-content\/uploads\/2026\/02\/amare-serving-trays-light-blueorange-set-of-2-6ee50bba580a1b4a0f031272c2ad4a1e.jpg\",\"contentUrl\":\"https:\/\/hubsch-interior.com\/wp-content\/uploads\/2026\/02\/amare-serving-trays-light-blueorange-set-of-2-6ee50bba580a1b4a0f031272c2ad4a1e.jpg\",\"width\":1024,\"height\":1024},{\"@type\":\"BreadcrumbList\",\"@id\":\"https:\/\/hubsch-interior.com\/da\/vare\/amare-serveringsfade-lysebla-orange-saet-af-2\/#breadcrumb\",\"itemListElement\":[{\"@type\":\"ListItem\",\"position\":1,\"name\":\"Forside\",\"item\":\"https:\/\/hubsch-interior.com\/da\/\"},{\"@type\":\"ListItem\",\"position\":2,\"name\":\"Produkter\",\"item\":\"https:\/\/hubsch-interior.com\/da\/produkter\/\"},{\"@type\":\"ListItem\",\"position\":3,\"name\":\"K\u00f8kken\",\"item\":\"https:\/\/hubsch-interior.com\/da\/vare-kategori\/koekken\/\"},{\"@type\":\"ListItem\",\"position\":4,\"name\":\"Bordservice\",\"item\":\"https:\/\/hubsch-interior.com\/da\/vare-kategori\/koekken\/bordservice-da-2\/\"},{\"@type\":\"ListItem\",\"position\":5,\"name\":\"Serveringsfade &amp; Tallerkener\",\"item\":\"https:\/\/hubsch-interior.com\/da\/vare-kategori\/koekken\/bordservice-da-2\/serveringsfade-tallerkener-da\/\"},{\"@type\":\"ListItem\",\"position\":6,\"name\":\"Amare Serveringsfade Lysebl\u00e5\/Orange (s\u00e6t af 2)\"}]},{\"@type\":\"WebSite\",\"@id\":\"https:\/\/hubsch-interior.com\/da\/#website\",\"url\":\"https:\/\/hubsch-interior.com\/da\/\",\"name\":\"H\u00fcbsch\",\"description\":\"Danish Home Interior and Design\",\"publisher\":{\"@id\":\"https:\/\/hubsch-interior.com\/da\/#organization\"},\"potentialAction\":[{\"@type\":\"SearchAction\",\"target\":{\"@type\":\"EntryPoint\",\"urlTemplate\":\"https:\/\/hubsch-interior.com\/da\/?s={search_term_string}\"},\"query-input\":{\"@type\":\"PropertyValueSpecification\",\"valueRequired\":true,\"valueName\":\"search_term_string\"}}],\"inLanguage\":\"da-DK\"},{\"@type\":\"Organization\",\"@id\":\"https:\/\/hubsch-interior.com\/da\/#organization\",\"name\":\"H\u00fcbsch\",\"url\":\"https:\/\/hubsch-interior.com\/da\/\",\"logo\":{\"@type\":\"ImageObject\",\"inLanguage\":\"da-DK\",\"@id\":\"https:\/\/hubsch-interior.com\/da\/#\/schema\/logo\/image\/\",\"url\":\"https:\/\/hubsch-interior.com\/wp-content\/uploads\/2022\/12\/Hubsch_logo_black_one_line.svg\",\"contentUrl\":\"https:\/\/hubsch-interior.com\/wp-content\/uploads\/2022\/12\/Hubsch_logo_black_one_line.svg\",\"caption\":\"H\u00fcbsch\"},\"image\":{\"@id\":\"https:\/\/hubsch-interior.com\/da\/#\/schema\/logo\/image\/\"}}]}<\/script>\n<!-- \/ Yoast SEO plugin. -->","yoast_head_json":{"title":"Amare Serveringsfade Lysebl\u00e5\/Orange (s\u00e6t af 2) - H\u00fcbsch","description":"F\u00e5 dit middagsbord til at skinne med Amare Serveringsfade i lysebl\u00e5 og orange. Disse praktiske og i\u00f8jnefaldende fade er en del af Amare serien og er lavet","robots":{"index":"index","follow":"follow","max-snippet":"max-snippet:-1","max-image-preview":"max-image-preview:large","max-video-preview":"max-video-preview:-1"},"canonical":"https:\/\/hubsch-interior.com\/da\/wp-json\/wp\/v2\/product\/975855","og_locale":"da_DK","og_type":"article","og_title":"Amare Serveringsfade Lysebl\u00e5\/Orange (s\u00e6t af 2) - H\u00fcbsch","og_description":"F\u00e5 dit middagsbord til at skinne med Amare Serveringsfade i lysebl\u00e5 og orange. Disse praktiske og i\u00f8jnefaldende fade er en del af Amare serien og er lavet","og_url":"https:\/\/hubsch-interior.com\/da\/vare\/amare-serveringsfade-lysebla-orange-saet-af-2\/","og_site_name":"H\u00fcbsch","article_modified_time":"2026-04-06T02:28:34+00:00","og_image":[{"width":1200,"height":1200,"url":"https:\/\/hubsch-interior.com\/wp-content\/uploads\/2025\/04\/amare-serving-trays-light-blueorange-set-of-2-8a1baeefb0e70e712cd37b73676c8941.jpg","type":"image\/jpeg"}],"twitter_card":"summary_large_image","schema":{"@context":"https:\/\/schema.org","@graph":[{"@type":"WebPage","@id":"https:\/\/hubsch-interior.com\/da\/vare\/amare-serveringsfade-lysebla-orange-saet-af-2\/","url":"https:\/\/hubsch-interior.com\/da\/vare\/amare-serveringsfade-lysebla-orange-saet-af-2\/","name":"Amare Serveringsfade Lysebl\u00e5\/Orange (s\u00e6t af 2) - H\u00fcbsch","isPartOf":{"@id":"https:\/\/hubsch-interior.com\/da\/#website"},"primaryImageOfPage":{"@id":"https:\/\/hubsch-interior.com\/da\/vare\/amare-serveringsfade-lysebla-orange-saet-af-2\/#primaryimage"},"image":{"@id":"https:\/\/hubsch-interior.com\/da\/vare\/amare-serveringsfade-lysebla-orange-saet-af-2\/#primaryimage"},"thumbnailUrl":"https:\/\/hubsch-interior.com\/wp-content\/uploads\/2026\/02\/amare-serving-trays-light-blueorange-set-of-2-6ee50bba580a1b4a0f031272c2ad4a1e.jpg","datePublished":"2024-01-29T07:32:23+00:00","dateModified":"2026-04-06T02:28:34+00:00","description":"F\u00e5 dit middagsbord til at skinne med Amare Serveringsfade i lysebl\u00e5 og orange. Disse praktiske og i\u00f8jnefaldende fade er en del af Amare serien og er lavet","breadcrumb":{"@id":"https:\/\/hubsch-interior.com\/da\/vare\/amare-serveringsfade-lysebla-orange-saet-af-2\/#breadcrumb"},"inLanguage":"da-DK","potentialAction":[{"@type":"ReadAction","target":["https:\/\/hubsch-interior.com\/da\/vare\/amare-serveringsfade-lysebla-orange-saet-af-2\/"]}]},{"@type":"ImageObject","inLanguage":"da-DK","@id":"https:\/\/hubsch-interior.com\/da\/vare\/amare-serveringsfade-lysebla-orange-saet-af-2\/#primaryimage","url":"https:\/\/hubsch-interior.com\/wp-content\/uploads\/2026\/02\/amare-serving-trays-light-blueorange-set-of-2-6ee50bba580a1b4a0f031272c2ad4a1e.jpg","contentUrl":"https:\/\/hubsch-interior.com\/wp-content\/uploads\/2026\/02\/amare-serving-trays-light-blueorange-set-of-2-6ee50bba580a1b4a0f031272c2ad4a1e.jpg","width":1024,"height":1024},{"@type":"BreadcrumbList","@id":"https:\/\/hubsch-interior.com\/da\/vare\/amare-serveringsfade-lysebla-orange-saet-af-2\/#breadcrumb","itemListElement":[{"@type":"ListItem","position":1,"name":"Forside","item":"https:\/\/hubsch-interior.com\/da\/"},{"@type":"ListItem","position":2,"name":"Produkter","item":"https:\/\/hubsch-interior.com\/da\/produkter\/"},{"@type":"ListItem","position":3,"name":"K\u00f8kken","item":"https:\/\/hubsch-interior.com\/da\/vare-kategori\/koekken\/"},{"@type":"ListItem","position":4,"name":"Bordservice","item":"https:\/\/hubsch-interior.com\/da\/vare-kategori\/koekken\/bordservice-da-2\/"},{"@type":"ListItem","position":5,"name":"Serveringsfade &amp; Tallerkener","item":"https:\/\/hubsch-interior.com\/da\/vare-kategori\/koekken\/bordservice-da-2\/serveringsfade-tallerkener-da\/"},{"@type":"ListItem","position":6,"name":"Amare Serveringsfade Lysebl\u00e5\/Orange (s\u00e6t af 2)"}]},{"@type":"WebSite","@id":"https:\/\/hubsch-interior.com\/da\/#website","url":"https:\/\/hubsch-interior.com\/da\/","name":"H\u00fcbsch","description":"Danish Home Interior and Design","publisher":{"@id":"https:\/\/hubsch-interior.com\/da\/#organization"},"potentialAction":[{"@type":"SearchAction","target":{"@type":"EntryPoint","urlTemplate":"https:\/\/hubsch-interior.com\/da\/?s={search_term_string}"},"query-input":{"@type":"PropertyValueSpecification","valueRequired":true,"valueName":"search_term_string"}}],"inLanguage":"da-DK"},{"@type":"Organization","@id":"https:\/\/hubsch-interior.com\/da\/#organization","name":"H\u00fcbsch","url":"https:\/\/hubsch-interior.com\/da\/","logo":{"@type":"ImageObject","inLanguage":"da-DK","@id":"https:\/\/hubsch-interior.com\/da\/#\/schema\/logo\/image\/","url":"https:\/\/hubsch-interior.com\/wp-content\/uploads\/2022\/12\/Hubsch_logo_black_one_line.svg","contentUrl":"https:\/\/hubsch-interior.com\/wp-content\/uploads\/2022\/12\/Hubsch_logo_black_one_line.svg","caption":"H\u00fcbsch"},"image":{"@id":"https:\/\/hubsch-interior.com\/da\/#\/schema\/logo\/image\/"}}]}},"_links":{"self":[{"href":"https:\/\/hubsch-interior.com\/da\/wp-json\/wp\/v2\/product\/975855","targetHints":{"allow":["GET"]}}],"collection":[{"href":"https:\/\/hubsch-interior.com\/da\/wp-json\/wp\/v2\/product"}],"about":[{"href":"https:\/\/hubsch-interior.com\/da\/wp-json\/wp\/v2\/types\/product"}],"wp:featuredmedia":[{"embeddable":true,"href":"https:\/\/hubsch-interior.com\/da\/wp-json\/wp\/v2\/media\/1096670"}],"wp:attachment":[{"href":"https:\/\/hubsch-interior.com\/da\/wp-json\/wp\/v2\/media?parent=975855"}],"wp:term":[{"taxonomy":"product_brand","embeddable":true,"href":"https:\/\/hubsch-interior.com\/da\/wp-json\/wp\/v2\/product_brand?post=975855"},{"taxonomy":"product_cat","embeddable":true,"href":"https:\/\/hubsch-interior.com\/da\/wp-json\/wp\/v2\/product_cat?post=975855"},{"taxonomy":"product_tag","embeddable":true,"href":"https:\/\/hubsch-interior.com\/da\/wp-json\/wp\/v2\/product_tag?post=975855"}],"curies":[{"name":"wp","href":"https:\/\/api.w.org\/{rel}","templated":true}]}}