{"id":975891,"date":"2024-01-29T08:32:47","date_gmt":"2024-01-29T07:32:47","guid":{"rendered":"https:\/\/hubsch-interior.com\/product\/product\/"},"modified":"2026-04-09T04:32:24","modified_gmt":"2026-04-09T02:32:24","slug":"mano-bestik-brushed-saet-af-16","status":"publish","type":"product","link":"https:\/\/hubsch-interior.com\/da\/vare\/mano-bestik-brushed-saet-af-16\/","title":{"rendered":"Mano Bestik Brushed (s\u00e6t af 16)"},"content":{"rendered":"<p>Mano Bestik er en uundv\u00e6rlig del af ethvert middagsbord. Det er lavet i en smuk b\u00f8rstet st\u00e5l og findes i to forskellige varianter, s\u00e5 du kan v\u00e6lge den stil, der passer bedst til dig. Bestikket er lavet af h\u00f8j kvalitets, rustfrit st\u00e5l, der er holdbart. Det tidl\u00f8se og elegante design vil imponere dine g\u00e6ster, mens det rustfrie st\u00e5l g\u00f8r det perfekt til daglig brug. Bland det med den teksturerede version for at skabe en sp\u00e6ndende og dynamisk bordd\u00e6kning. Oplev det bedste af b\u00e5de stil og funktionalitet med Mano Bestik.<\/p>\n","protected":false},"excerpt":{"rendered":"<p>Mano Bestik er en uundv\u00e6rlig del af ethvert middagsbord. Det er lavet i en smuk b\u00f8rstet st\u00e5l og findes i to forskellige varianter, s\u00e5 du kan v\u00e6lge den stil, der passer bedst til dig. Bestikket er lavet af h\u00f8j kvalitets, rustfrit st\u00e5l, der er holdbart. Det tidl\u00f8se og elegante design vil imponere dine g\u00e6ster, mens [&hellip;]<\/p>\n","protected":false},"featured_media":1097489,"template":"","meta":{"_acf_changed":false,"inline_featured_image":false},"product_brand":[],"product_cat":[7050,5025,7025,4094,6880,6347,4051,6517,6970],"product_tag":[],"class_list":{"0":"post-975891","1":"product","2":"type-product","3":"status-publish","4":"has-post-thumbnail","6":"product_cat-bestik-da","7":"product_cat-bestsellers-da","8":"product_cat-bordservice-da-2","9":"product_cat-bordservice-da","10":"product_cat-elevating-nostalgia-da","11":"product_cat-garden-selection-da","12":"product_cat-koekkentilbehoer-da","13":"product_cat-outlet-da","14":"product_cat-paaskeudsalg","15":"product_shipping_class-pk","17":"pa_material-rustfrit-stl","19":"first","20":"instock","21":"sale","22":"featured","23":"taxable","24":"shipping-taxable","25":"purchasable","26":"product-type-simple"},"exclude_global_add_ons":[],"addons":[],"acf":[],"yoast_head":"<!-- This site is optimized with the Yoast SEO plugin v26.4 - https:\/\/yoast.com\/wordpress\/plugins\/seo\/ -->\n<title>Mano Bestik Brushed (s\u00e6t af 16) - H\u00fcbsch<\/title>\n<meta name=\"description\" content=\"Mano Bestik er en uundv\u00e6rlig del af ethvert middagsbord. Det er lavet i en smuk b\u00f8rstet st\u00e5l og findes i to forskellige varianter, s\u00e5 du kan v\u00e6lge den\" \/>\n<meta name=\"robots\" content=\"index, follow, max-snippet:-1, max-image-preview:large, max-video-preview:-1\" \/>\n<link rel=\"canonical\" href=\"https:\/\/hubsch-interior.com\/da\/wp-json\/wp\/v2\/product\/975891\" \/>\n<meta property=\"og:locale\" content=\"da_DK\" \/>\n<meta property=\"og:type\" content=\"article\" \/>\n<meta property=\"og:title\" content=\"Mano Bestik Brushed (s\u00e6t af 16) - H\u00fcbsch\" \/>\n<meta property=\"og:description\" content=\"Mano Bestik er en uundv\u00e6rlig del af ethvert middagsbord. Det er lavet i en smuk b\u00f8rstet st\u00e5l og findes i to forskellige varianter, s\u00e5 du kan v\u00e6lge den\" \/>\n<meta property=\"og:url\" content=\"https:\/\/hubsch-interior.com\/da\/vare\/mano-bestik-brushed-saet-af-16\/\" \/>\n<meta property=\"og:site_name\" content=\"H\u00fcbsch\" \/>\n<meta property=\"article:modified_time\" content=\"2026-04-09T02:32:24+00:00\" \/>\n<meta property=\"og:image\" content=\"https:\/\/hubsch-interior.com\/wp-content\/uploads\/2024\/01\/mano-cutlery-brushed-set-of-16-9bc869cf20914fb8cc613ac8bbedb34a.jpg\" \/>\n\t<meta property=\"og:image:width\" content=\"1200\" \/>\n\t<meta property=\"og:image:height\" content=\"1200\" \/>\n\t<meta property=\"og:image:type\" content=\"image\/jpeg\" \/>\n<meta name=\"twitter:card\" content=\"summary_large_image\" \/>\n<meta name=\"twitter:label1\" content=\"Estimeret l\u00e6setid\" \/>\n\t<meta name=\"twitter:data1\" content=\"1 minut\" \/>\n<script type=\"application\/ld+json\" class=\"yoast-schema-graph\">{\"@context\":\"https:\/\/schema.org\",\"@graph\":[{\"@type\":\"WebPage\",\"@id\":\"https:\/\/hubsch-interior.com\/da\/vare\/mano-bestik-brushed-saet-af-16\/\",\"url\":\"https:\/\/hubsch-interior.com\/da\/vare\/mano-bestik-brushed-saet-af-16\/\",\"name\":\"Mano Bestik Brushed (s\u00e6t af 16) - H\u00fcbsch\",\"isPartOf\":{\"@id\":\"https:\/\/hubsch-interior.com\/da\/#website\"},\"primaryImageOfPage\":{\"@id\":\"https:\/\/hubsch-interior.com\/da\/vare\/mano-bestik-brushed-saet-af-16\/#primaryimage\"},\"image\":{\"@id\":\"https:\/\/hubsch-interior.com\/da\/vare\/mano-bestik-brushed-saet-af-16\/#primaryimage\"},\"thumbnailUrl\":\"https:\/\/hubsch-interior.com\/wp-content\/uploads\/2026\/02\/mano-cutlery-brushed-set-of-16-a6026e46e9f53a58119b6e822e47153a.jpg\",\"datePublished\":\"2024-01-29T07:32:47+00:00\",\"dateModified\":\"2026-04-09T02:32:24+00:00\",\"description\":\"Mano Bestik er en uundv\u00e6rlig del af ethvert middagsbord. Det er lavet i en smuk b\u00f8rstet st\u00e5l og findes i to forskellige varianter, s\u00e5 du kan v\u00e6lge den\",\"breadcrumb\":{\"@id\":\"https:\/\/hubsch-interior.com\/da\/vare\/mano-bestik-brushed-saet-af-16\/#breadcrumb\"},\"inLanguage\":\"da-DK\",\"potentialAction\":[{\"@type\":\"ReadAction\",\"target\":[\"https:\/\/hubsch-interior.com\/da\/vare\/mano-bestik-brushed-saet-af-16\/\"]}]},{\"@type\":\"ImageObject\",\"inLanguage\":\"da-DK\",\"@id\":\"https:\/\/hubsch-interior.com\/da\/vare\/mano-bestik-brushed-saet-af-16\/#primaryimage\",\"url\":\"https:\/\/hubsch-interior.com\/wp-content\/uploads\/2026\/02\/mano-cutlery-brushed-set-of-16-a6026e46e9f53a58119b6e822e47153a.jpg\",\"contentUrl\":\"https:\/\/hubsch-interior.com\/wp-content\/uploads\/2026\/02\/mano-cutlery-brushed-set-of-16-a6026e46e9f53a58119b6e822e47153a.jpg\",\"width\":1024,\"height\":1024},{\"@type\":\"BreadcrumbList\",\"@id\":\"https:\/\/hubsch-interior.com\/da\/vare\/mano-bestik-brushed-saet-af-16\/#breadcrumb\",\"itemListElement\":[{\"@type\":\"ListItem\",\"position\":1,\"name\":\"Forside\",\"item\":\"https:\/\/hubsch-interior.com\/da\/\"},{\"@type\":\"ListItem\",\"position\":2,\"name\":\"Produkter\",\"item\":\"https:\/\/hubsch-interior.com\/da\/produkter\/\"},{\"@type\":\"ListItem\",\"position\":3,\"name\":\"K\u00f8kken\",\"item\":\"https:\/\/hubsch-interior.com\/da\/vare-kategori\/koekken\/\"},{\"@type\":\"ListItem\",\"position\":4,\"name\":\"Bordservice\",\"item\":\"https:\/\/hubsch-interior.com\/da\/vare-kategori\/koekken\/bordservice-da-2\/\"},{\"@type\":\"ListItem\",\"position\":5,\"name\":\"Bestik\",\"item\":\"https:\/\/hubsch-interior.com\/da\/vare-kategori\/koekken\/bordservice-da-2\/bestik-da\/\"},{\"@type\":\"ListItem\",\"position\":6,\"name\":\"Mano Bestik Brushed (s\u00e6t af 16)\"}]},{\"@type\":\"WebSite\",\"@id\":\"https:\/\/hubsch-interior.com\/da\/#website\",\"url\":\"https:\/\/hubsch-interior.com\/da\/\",\"name\":\"H\u00fcbsch\",\"description\":\"Danish Home Interior and Design\",\"publisher\":{\"@id\":\"https:\/\/hubsch-interior.com\/da\/#organization\"},\"potentialAction\":[{\"@type\":\"SearchAction\",\"target\":{\"@type\":\"EntryPoint\",\"urlTemplate\":\"https:\/\/hubsch-interior.com\/da\/?s={search_term_string}\"},\"query-input\":{\"@type\":\"PropertyValueSpecification\",\"valueRequired\":true,\"valueName\":\"search_term_string\"}}],\"inLanguage\":\"da-DK\"},{\"@type\":\"Organization\",\"@id\":\"https:\/\/hubsch-interior.com\/da\/#organization\",\"name\":\"H\u00fcbsch\",\"url\":\"https:\/\/hubsch-interior.com\/da\/\",\"logo\":{\"@type\":\"ImageObject\",\"inLanguage\":\"da-DK\",\"@id\":\"https:\/\/hubsch-interior.com\/da\/#\/schema\/logo\/image\/\",\"url\":\"https:\/\/hubsch-interior.com\/wp-content\/uploads\/2022\/12\/Hubsch_logo_black_one_line.svg\",\"contentUrl\":\"https:\/\/hubsch-interior.com\/wp-content\/uploads\/2022\/12\/Hubsch_logo_black_one_line.svg\",\"caption\":\"H\u00fcbsch\"},\"image\":{\"@id\":\"https:\/\/hubsch-interior.com\/da\/#\/schema\/logo\/image\/\"}}]}<\/script>\n<!-- \/ Yoast SEO plugin. -->","yoast_head_json":{"title":"Mano Bestik Brushed (s\u00e6t af 16) - H\u00fcbsch","description":"Mano Bestik er en uundv\u00e6rlig del af ethvert middagsbord. Det er lavet i en smuk b\u00f8rstet st\u00e5l og findes i to forskellige varianter, s\u00e5 du kan v\u00e6lge den","robots":{"index":"index","follow":"follow","max-snippet":"max-snippet:-1","max-image-preview":"max-image-preview:large","max-video-preview":"max-video-preview:-1"},"canonical":"https:\/\/hubsch-interior.com\/da\/wp-json\/wp\/v2\/product\/975891","og_locale":"da_DK","og_type":"article","og_title":"Mano Bestik Brushed (s\u00e6t af 16) - H\u00fcbsch","og_description":"Mano Bestik er en uundv\u00e6rlig del af ethvert middagsbord. Det er lavet i en smuk b\u00f8rstet st\u00e5l og findes i to forskellige varianter, s\u00e5 du kan v\u00e6lge den","og_url":"https:\/\/hubsch-interior.com\/da\/vare\/mano-bestik-brushed-saet-af-16\/","og_site_name":"H\u00fcbsch","article_modified_time":"2026-04-09T02:32:24+00:00","og_image":[{"width":1200,"height":1200,"url":"https:\/\/hubsch-interior.com\/wp-content\/uploads\/2024\/01\/mano-cutlery-brushed-set-of-16-9bc869cf20914fb8cc613ac8bbedb34a.jpg","type":"image\/jpeg"}],"twitter_card":"summary_large_image","twitter_misc":{"Estimeret l\u00e6setid":"1 minut"},"schema":{"@context":"https:\/\/schema.org","@graph":[{"@type":"WebPage","@id":"https:\/\/hubsch-interior.com\/da\/vare\/mano-bestik-brushed-saet-af-16\/","url":"https:\/\/hubsch-interior.com\/da\/vare\/mano-bestik-brushed-saet-af-16\/","name":"Mano Bestik Brushed (s\u00e6t af 16) - H\u00fcbsch","isPartOf":{"@id":"https:\/\/hubsch-interior.com\/da\/#website"},"primaryImageOfPage":{"@id":"https:\/\/hubsch-interior.com\/da\/vare\/mano-bestik-brushed-saet-af-16\/#primaryimage"},"image":{"@id":"https:\/\/hubsch-interior.com\/da\/vare\/mano-bestik-brushed-saet-af-16\/#primaryimage"},"thumbnailUrl":"https:\/\/hubsch-interior.com\/wp-content\/uploads\/2026\/02\/mano-cutlery-brushed-set-of-16-a6026e46e9f53a58119b6e822e47153a.jpg","datePublished":"2024-01-29T07:32:47+00:00","dateModified":"2026-04-09T02:32:24+00:00","description":"Mano Bestik er en uundv\u00e6rlig del af ethvert middagsbord. Det er lavet i en smuk b\u00f8rstet st\u00e5l og findes i to forskellige varianter, s\u00e5 du kan v\u00e6lge den","breadcrumb":{"@id":"https:\/\/hubsch-interior.com\/da\/vare\/mano-bestik-brushed-saet-af-16\/#breadcrumb"},"inLanguage":"da-DK","potentialAction":[{"@type":"ReadAction","target":["https:\/\/hubsch-interior.com\/da\/vare\/mano-bestik-brushed-saet-af-16\/"]}]},{"@type":"ImageObject","inLanguage":"da-DK","@id":"https:\/\/hubsch-interior.com\/da\/vare\/mano-bestik-brushed-saet-af-16\/#primaryimage","url":"https:\/\/hubsch-interior.com\/wp-content\/uploads\/2026\/02\/mano-cutlery-brushed-set-of-16-a6026e46e9f53a58119b6e822e47153a.jpg","contentUrl":"https:\/\/hubsch-interior.com\/wp-content\/uploads\/2026\/02\/mano-cutlery-brushed-set-of-16-a6026e46e9f53a58119b6e822e47153a.jpg","width":1024,"height":1024},{"@type":"BreadcrumbList","@id":"https:\/\/hubsch-interior.com\/da\/vare\/mano-bestik-brushed-saet-af-16\/#breadcrumb","itemListElement":[{"@type":"ListItem","position":1,"name":"Forside","item":"https:\/\/hubsch-interior.com\/da\/"},{"@type":"ListItem","position":2,"name":"Produkter","item":"https:\/\/hubsch-interior.com\/da\/produkter\/"},{"@type":"ListItem","position":3,"name":"K\u00f8kken","item":"https:\/\/hubsch-interior.com\/da\/vare-kategori\/koekken\/"},{"@type":"ListItem","position":4,"name":"Bordservice","item":"https:\/\/hubsch-interior.com\/da\/vare-kategori\/koekken\/bordservice-da-2\/"},{"@type":"ListItem","position":5,"name":"Bestik","item":"https:\/\/hubsch-interior.com\/da\/vare-kategori\/koekken\/bordservice-da-2\/bestik-da\/"},{"@type":"ListItem","position":6,"name":"Mano Bestik Brushed (s\u00e6t af 16)"}]},{"@type":"WebSite","@id":"https:\/\/hubsch-interior.com\/da\/#website","url":"https:\/\/hubsch-interior.com\/da\/","name":"H\u00fcbsch","description":"Danish Home Interior and Design","publisher":{"@id":"https:\/\/hubsch-interior.com\/da\/#organization"},"potentialAction":[{"@type":"SearchAction","target":{"@type":"EntryPoint","urlTemplate":"https:\/\/hubsch-interior.com\/da\/?s={search_term_string}"},"query-input":{"@type":"PropertyValueSpecification","valueRequired":true,"valueName":"search_term_string"}}],"inLanguage":"da-DK"},{"@type":"Organization","@id":"https:\/\/hubsch-interior.com\/da\/#organization","name":"H\u00fcbsch","url":"https:\/\/hubsch-interior.com\/da\/","logo":{"@type":"ImageObject","inLanguage":"da-DK","@id":"https:\/\/hubsch-interior.com\/da\/#\/schema\/logo\/image\/","url":"https:\/\/hubsch-interior.com\/wp-content\/uploads\/2022\/12\/Hubsch_logo_black_one_line.svg","contentUrl":"https:\/\/hubsch-interior.com\/wp-content\/uploads\/2022\/12\/Hubsch_logo_black_one_line.svg","caption":"H\u00fcbsch"},"image":{"@id":"https:\/\/hubsch-interior.com\/da\/#\/schema\/logo\/image\/"}}]}},"_links":{"self":[{"href":"https:\/\/hubsch-interior.com\/da\/wp-json\/wp\/v2\/product\/975891","targetHints":{"allow":["GET"]}}],"collection":[{"href":"https:\/\/hubsch-interior.com\/da\/wp-json\/wp\/v2\/product"}],"about":[{"href":"https:\/\/hubsch-interior.com\/da\/wp-json\/wp\/v2\/types\/product"}],"wp:featuredmedia":[{"embeddable":true,"href":"https:\/\/hubsch-interior.com\/da\/wp-json\/wp\/v2\/media\/1097489"}],"wp:attachment":[{"href":"https:\/\/hubsch-interior.com\/da\/wp-json\/wp\/v2\/media?parent=975891"}],"wp:term":[{"taxonomy":"product_brand","embeddable":true,"href":"https:\/\/hubsch-interior.com\/da\/wp-json\/wp\/v2\/product_brand?post=975891"},{"taxonomy":"product_cat","embeddable":true,"href":"https:\/\/hubsch-interior.com\/da\/wp-json\/wp\/v2\/product_cat?post=975891"},{"taxonomy":"product_tag","embeddable":true,"href":"https:\/\/hubsch-interior.com\/da\/wp-json\/wp\/v2\/product_tag?post=975891"}],"curies":[{"name":"wp","href":"https:\/\/api.w.org\/{rel}","templated":true}]}}