{"id":975915,"date":"2024-01-29T09:11:21","date_gmt":"2024-01-29T08:11:21","guid":{"rendered":"https:\/\/hubsch-interior.com\/product\/product\/"},"modified":"2026-04-05T04:32:19","modified_gmt":"2026-04-05T02:32:19","slug":"mano-bestik-tekstureret-saet-af-16","status":"publish","type":"product","link":"https:\/\/hubsch-interior.com\/da\/vare\/mano-bestik-tekstureret-saet-af-16\/","title":{"rendered":"Mano Bestik Tekstureret (s\u00e6t af 16)"},"content":{"rendered":"<p>Mano Bestik er det ultimative valg til at fuldende dit middagsbord. Lavet af h\u00f8j kvalitet 18\/10 kromnikkel st\u00e5l, er dette bestiks\u00e6t holdbart og rustfrit, hvilket garanterer en lang levetid. Den teksturerede variant tilf\u00f8jer et moderne touch til din bordd\u00e6kning. Med to forskellige varianter kan du mixe og matche med den b\u00f8rstede version for at skabe en sp\u00e6ndende og dynamisk bordd\u00e6kning. G\u00f8r din spiseoplevelse tidl\u00f8s og moderne med Mano Bestik.<\/p>\n","protected":false},"excerpt":{"rendered":"<p>Mano Bestik er det ultimative valg til at fuldende dit middagsbord. Lavet af h\u00f8j kvalitet 18\/10 kromnikkel st\u00e5l, er dette bestiks\u00e6t holdbart og rustfrit, hvilket garanterer en lang levetid. Den teksturerede variant tilf\u00f8jer et moderne touch til din bordd\u00e6kning. Med to forskellige varianter kan du mixe og matche med den b\u00f8rstede version for at skabe [&hellip;]<\/p>\n","protected":false},"featured_media":1097505,"template":"","meta":{"_acf_changed":false,"inline_featured_image":false},"product_brand":[],"product_cat":[7050,7025,6880,6970,6347,4051,4094,5025,6517],"product_tag":[],"class_list":{"0":"post-975915","1":"product","2":"type-product","3":"status-publish","4":"has-post-thumbnail","6":"product_cat-bestik-da","7":"product_cat-bordservice-da-2","8":"product_cat-elevating-nostalgia-da","9":"product_cat-paaskeudsalg","10":"product_cat-garden-selection-da","11":"product_cat-koekkentilbehoer-da","12":"product_cat-bordservice-da","13":"product_cat-bestsellers-da","14":"product_cat-outlet-da","15":"product_shipping_class-pk","17":"pa_color-tekstureret","18":"pa_material-rustfrit-stl","20":"first","21":"instock","22":"sale","23":"featured","24":"taxable","25":"shipping-taxable","26":"purchasable","27":"product-type-simple"},"exclude_global_add_ons":[],"addons":[],"acf":[],"yoast_head":"<!-- This site is optimized with the Yoast SEO plugin v26.4 - https:\/\/yoast.com\/wordpress\/plugins\/seo\/ -->\n<title>Mano Bestik Tekstureret (s\u00e6t af 16) - H\u00fcbsch<\/title>\n<meta name=\"description\" content=\"Mano Bestik er det ultimative valg til at fuldende dit middagsbord. Lavet af h\u00f8j kvalitet 18\/10 kromnikkel st\u00e5l, er dette bestiks\u00e6t holdbart og rustfrit,\" \/>\n<meta name=\"robots\" content=\"index, follow, max-snippet:-1, max-image-preview:large, max-video-preview:-1\" \/>\n<link rel=\"canonical\" href=\"https:\/\/hubsch-interior.com\/da\/wp-json\/wp\/v2\/product\/975915\" \/>\n<meta property=\"og:locale\" content=\"da_DK\" \/>\n<meta property=\"og:type\" content=\"article\" \/>\n<meta property=\"og:title\" content=\"Mano Bestik Tekstureret (s\u00e6t af 16) - H\u00fcbsch\" \/>\n<meta property=\"og:description\" content=\"Mano Bestik er det ultimative valg til at fuldende dit middagsbord. Lavet af h\u00f8j kvalitet 18\/10 kromnikkel st\u00e5l, er dette bestiks\u00e6t holdbart og rustfrit,\" \/>\n<meta property=\"og:url\" content=\"https:\/\/hubsch-interior.com\/da\/vare\/mano-bestik-tekstureret-saet-af-16\/\" \/>\n<meta property=\"og:site_name\" content=\"H\u00fcbsch\" \/>\n<meta property=\"article:modified_time\" content=\"2026-04-05T02:32:19+00:00\" \/>\n<meta property=\"og:image\" content=\"https:\/\/hubsch-interior.com\/wp-content\/uploads\/2024\/01\/mano-cutlery-textured-set-of-16-3b159291bda886f56b474bf459aeaa96.jpg\" \/>\n\t<meta property=\"og:image:width\" content=\"1200\" \/>\n\t<meta property=\"og:image:height\" content=\"1200\" \/>\n\t<meta property=\"og:image:type\" content=\"image\/jpeg\" \/>\n<meta name=\"twitter:card\" content=\"summary_large_image\" \/>\n<script type=\"application\/ld+json\" class=\"yoast-schema-graph\">{\"@context\":\"https:\/\/schema.org\",\"@graph\":[{\"@type\":\"WebPage\",\"@id\":\"https:\/\/hubsch-interior.com\/da\/vare\/mano-bestik-tekstureret-saet-af-16\/\",\"url\":\"https:\/\/hubsch-interior.com\/da\/vare\/mano-bestik-tekstureret-saet-af-16\/\",\"name\":\"Mano Bestik Tekstureret (s\u00e6t af 16) - H\u00fcbsch\",\"isPartOf\":{\"@id\":\"https:\/\/hubsch-interior.com\/da\/#website\"},\"primaryImageOfPage\":{\"@id\":\"https:\/\/hubsch-interior.com\/da\/vare\/mano-bestik-tekstureret-saet-af-16\/#primaryimage\"},\"image\":{\"@id\":\"https:\/\/hubsch-interior.com\/da\/vare\/mano-bestik-tekstureret-saet-af-16\/#primaryimage\"},\"thumbnailUrl\":\"https:\/\/hubsch-interior.com\/wp-content\/uploads\/2026\/02\/mano-cutlery-textured-set-of-16-aff8a216ad709e3ec964d84e83ca1b84.jpg\",\"datePublished\":\"2024-01-29T08:11:21+00:00\",\"dateModified\":\"2026-04-05T02:32:19+00:00\",\"description\":\"Mano Bestik er det ultimative valg til at fuldende dit middagsbord. Lavet af h\u00f8j kvalitet 18\/10 kromnikkel st\u00e5l, er dette bestiks\u00e6t holdbart og rustfrit,\",\"breadcrumb\":{\"@id\":\"https:\/\/hubsch-interior.com\/da\/vare\/mano-bestik-tekstureret-saet-af-16\/#breadcrumb\"},\"inLanguage\":\"da-DK\",\"potentialAction\":[{\"@type\":\"ReadAction\",\"target\":[\"https:\/\/hubsch-interior.com\/da\/vare\/mano-bestik-tekstureret-saet-af-16\/\"]}]},{\"@type\":\"ImageObject\",\"inLanguage\":\"da-DK\",\"@id\":\"https:\/\/hubsch-interior.com\/da\/vare\/mano-bestik-tekstureret-saet-af-16\/#primaryimage\",\"url\":\"https:\/\/hubsch-interior.com\/wp-content\/uploads\/2026\/02\/mano-cutlery-textured-set-of-16-aff8a216ad709e3ec964d84e83ca1b84.jpg\",\"contentUrl\":\"https:\/\/hubsch-interior.com\/wp-content\/uploads\/2026\/02\/mano-cutlery-textured-set-of-16-aff8a216ad709e3ec964d84e83ca1b84.jpg\",\"width\":1024,\"height\":1024},{\"@type\":\"BreadcrumbList\",\"@id\":\"https:\/\/hubsch-interior.com\/da\/vare\/mano-bestik-tekstureret-saet-af-16\/#breadcrumb\",\"itemListElement\":[{\"@type\":\"ListItem\",\"position\":1,\"name\":\"Forside\",\"item\":\"https:\/\/hubsch-interior.com\/da\/\"},{\"@type\":\"ListItem\",\"position\":2,\"name\":\"Produkter\",\"item\":\"https:\/\/hubsch-interior.com\/da\/produkter\/\"},{\"@type\":\"ListItem\",\"position\":3,\"name\":\"K\u00f8kken\",\"item\":\"https:\/\/hubsch-interior.com\/da\/vare-kategori\/koekken\/\"},{\"@type\":\"ListItem\",\"position\":4,\"name\":\"Bordservice\",\"item\":\"https:\/\/hubsch-interior.com\/da\/vare-kategori\/koekken\/bordservice-da-2\/\"},{\"@type\":\"ListItem\",\"position\":5,\"name\":\"Bestik\",\"item\":\"https:\/\/hubsch-interior.com\/da\/vare-kategori\/koekken\/bordservice-da-2\/bestik-da\/\"},{\"@type\":\"ListItem\",\"position\":6,\"name\":\"Mano Bestik Tekstureret (s\u00e6t af 16)\"}]},{\"@type\":\"WebSite\",\"@id\":\"https:\/\/hubsch-interior.com\/da\/#website\",\"url\":\"https:\/\/hubsch-interior.com\/da\/\",\"name\":\"H\u00fcbsch\",\"description\":\"Danish Home Interior and Design\",\"publisher\":{\"@id\":\"https:\/\/hubsch-interior.com\/da\/#organization\"},\"potentialAction\":[{\"@type\":\"SearchAction\",\"target\":{\"@type\":\"EntryPoint\",\"urlTemplate\":\"https:\/\/hubsch-interior.com\/da\/?s={search_term_string}\"},\"query-input\":{\"@type\":\"PropertyValueSpecification\",\"valueRequired\":true,\"valueName\":\"search_term_string\"}}],\"inLanguage\":\"da-DK\"},{\"@type\":\"Organization\",\"@id\":\"https:\/\/hubsch-interior.com\/da\/#organization\",\"name\":\"H\u00fcbsch\",\"url\":\"https:\/\/hubsch-interior.com\/da\/\",\"logo\":{\"@type\":\"ImageObject\",\"inLanguage\":\"da-DK\",\"@id\":\"https:\/\/hubsch-interior.com\/da\/#\/schema\/logo\/image\/\",\"url\":\"https:\/\/hubsch-interior.com\/wp-content\/uploads\/2022\/12\/Hubsch_logo_black_one_line.svg\",\"contentUrl\":\"https:\/\/hubsch-interior.com\/wp-content\/uploads\/2022\/12\/Hubsch_logo_black_one_line.svg\",\"caption\":\"H\u00fcbsch\"},\"image\":{\"@id\":\"https:\/\/hubsch-interior.com\/da\/#\/schema\/logo\/image\/\"}}]}<\/script>\n<!-- \/ Yoast SEO plugin. -->","yoast_head_json":{"title":"Mano Bestik Tekstureret (s\u00e6t af 16) - H\u00fcbsch","description":"Mano Bestik er det ultimative valg til at fuldende dit middagsbord. Lavet af h\u00f8j kvalitet 18\/10 kromnikkel st\u00e5l, er dette bestiks\u00e6t holdbart og rustfrit,","robots":{"index":"index","follow":"follow","max-snippet":"max-snippet:-1","max-image-preview":"max-image-preview:large","max-video-preview":"max-video-preview:-1"},"canonical":"https:\/\/hubsch-interior.com\/da\/wp-json\/wp\/v2\/product\/975915","og_locale":"da_DK","og_type":"article","og_title":"Mano Bestik Tekstureret (s\u00e6t af 16) - H\u00fcbsch","og_description":"Mano Bestik er det ultimative valg til at fuldende dit middagsbord. Lavet af h\u00f8j kvalitet 18\/10 kromnikkel st\u00e5l, er dette bestiks\u00e6t holdbart og rustfrit,","og_url":"https:\/\/hubsch-interior.com\/da\/vare\/mano-bestik-tekstureret-saet-af-16\/","og_site_name":"H\u00fcbsch","article_modified_time":"2026-04-05T02:32:19+00:00","og_image":[{"width":1200,"height":1200,"url":"https:\/\/hubsch-interior.com\/wp-content\/uploads\/2024\/01\/mano-cutlery-textured-set-of-16-3b159291bda886f56b474bf459aeaa96.jpg","type":"image\/jpeg"}],"twitter_card":"summary_large_image","schema":{"@context":"https:\/\/schema.org","@graph":[{"@type":"WebPage","@id":"https:\/\/hubsch-interior.com\/da\/vare\/mano-bestik-tekstureret-saet-af-16\/","url":"https:\/\/hubsch-interior.com\/da\/vare\/mano-bestik-tekstureret-saet-af-16\/","name":"Mano Bestik Tekstureret (s\u00e6t af 16) - H\u00fcbsch","isPartOf":{"@id":"https:\/\/hubsch-interior.com\/da\/#website"},"primaryImageOfPage":{"@id":"https:\/\/hubsch-interior.com\/da\/vare\/mano-bestik-tekstureret-saet-af-16\/#primaryimage"},"image":{"@id":"https:\/\/hubsch-interior.com\/da\/vare\/mano-bestik-tekstureret-saet-af-16\/#primaryimage"},"thumbnailUrl":"https:\/\/hubsch-interior.com\/wp-content\/uploads\/2026\/02\/mano-cutlery-textured-set-of-16-aff8a216ad709e3ec964d84e83ca1b84.jpg","datePublished":"2024-01-29T08:11:21+00:00","dateModified":"2026-04-05T02:32:19+00:00","description":"Mano Bestik er det ultimative valg til at fuldende dit middagsbord. Lavet af h\u00f8j kvalitet 18\/10 kromnikkel st\u00e5l, er dette bestiks\u00e6t holdbart og rustfrit,","breadcrumb":{"@id":"https:\/\/hubsch-interior.com\/da\/vare\/mano-bestik-tekstureret-saet-af-16\/#breadcrumb"},"inLanguage":"da-DK","potentialAction":[{"@type":"ReadAction","target":["https:\/\/hubsch-interior.com\/da\/vare\/mano-bestik-tekstureret-saet-af-16\/"]}]},{"@type":"ImageObject","inLanguage":"da-DK","@id":"https:\/\/hubsch-interior.com\/da\/vare\/mano-bestik-tekstureret-saet-af-16\/#primaryimage","url":"https:\/\/hubsch-interior.com\/wp-content\/uploads\/2026\/02\/mano-cutlery-textured-set-of-16-aff8a216ad709e3ec964d84e83ca1b84.jpg","contentUrl":"https:\/\/hubsch-interior.com\/wp-content\/uploads\/2026\/02\/mano-cutlery-textured-set-of-16-aff8a216ad709e3ec964d84e83ca1b84.jpg","width":1024,"height":1024},{"@type":"BreadcrumbList","@id":"https:\/\/hubsch-interior.com\/da\/vare\/mano-bestik-tekstureret-saet-af-16\/#breadcrumb","itemListElement":[{"@type":"ListItem","position":1,"name":"Forside","item":"https:\/\/hubsch-interior.com\/da\/"},{"@type":"ListItem","position":2,"name":"Produkter","item":"https:\/\/hubsch-interior.com\/da\/produkter\/"},{"@type":"ListItem","position":3,"name":"K\u00f8kken","item":"https:\/\/hubsch-interior.com\/da\/vare-kategori\/koekken\/"},{"@type":"ListItem","position":4,"name":"Bordservice","item":"https:\/\/hubsch-interior.com\/da\/vare-kategori\/koekken\/bordservice-da-2\/"},{"@type":"ListItem","position":5,"name":"Bestik","item":"https:\/\/hubsch-interior.com\/da\/vare-kategori\/koekken\/bordservice-da-2\/bestik-da\/"},{"@type":"ListItem","position":6,"name":"Mano Bestik Tekstureret (s\u00e6t af 16)"}]},{"@type":"WebSite","@id":"https:\/\/hubsch-interior.com\/da\/#website","url":"https:\/\/hubsch-interior.com\/da\/","name":"H\u00fcbsch","description":"Danish Home Interior and Design","publisher":{"@id":"https:\/\/hubsch-interior.com\/da\/#organization"},"potentialAction":[{"@type":"SearchAction","target":{"@type":"EntryPoint","urlTemplate":"https:\/\/hubsch-interior.com\/da\/?s={search_term_string}"},"query-input":{"@type":"PropertyValueSpecification","valueRequired":true,"valueName":"search_term_string"}}],"inLanguage":"da-DK"},{"@type":"Organization","@id":"https:\/\/hubsch-interior.com\/da\/#organization","name":"H\u00fcbsch","url":"https:\/\/hubsch-interior.com\/da\/","logo":{"@type":"ImageObject","inLanguage":"da-DK","@id":"https:\/\/hubsch-interior.com\/da\/#\/schema\/logo\/image\/","url":"https:\/\/hubsch-interior.com\/wp-content\/uploads\/2022\/12\/Hubsch_logo_black_one_line.svg","contentUrl":"https:\/\/hubsch-interior.com\/wp-content\/uploads\/2022\/12\/Hubsch_logo_black_one_line.svg","caption":"H\u00fcbsch"},"image":{"@id":"https:\/\/hubsch-interior.com\/da\/#\/schema\/logo\/image\/"}}]}},"_links":{"self":[{"href":"https:\/\/hubsch-interior.com\/da\/wp-json\/wp\/v2\/product\/975915","targetHints":{"allow":["GET"]}}],"collection":[{"href":"https:\/\/hubsch-interior.com\/da\/wp-json\/wp\/v2\/product"}],"about":[{"href":"https:\/\/hubsch-interior.com\/da\/wp-json\/wp\/v2\/types\/product"}],"wp:featuredmedia":[{"embeddable":true,"href":"https:\/\/hubsch-interior.com\/da\/wp-json\/wp\/v2\/media\/1097505"}],"wp:attachment":[{"href":"https:\/\/hubsch-interior.com\/da\/wp-json\/wp\/v2\/media?parent=975915"}],"wp:term":[{"taxonomy":"product_brand","embeddable":true,"href":"https:\/\/hubsch-interior.com\/da\/wp-json\/wp\/v2\/product_brand?post=975915"},{"taxonomy":"product_cat","embeddable":true,"href":"https:\/\/hubsch-interior.com\/da\/wp-json\/wp\/v2\/product_cat?post=975915"},{"taxonomy":"product_tag","embeddable":true,"href":"https:\/\/hubsch-interior.com\/da\/wp-json\/wp\/v2\/product_tag?post=975915"}],"curies":[{"name":"wp","href":"https:\/\/api.w.org\/{rel}","templated":true}]}}