{"id":975959,"date":"2024-01-29T09:11:43","date_gmt":"2024-01-29T08:11:43","guid":{"rendered":"https:\/\/hubsch-interior.com\/product\/product\/"},"modified":"2026-04-09T04:32:42","modified_gmt":"2026-04-09T02:32:42","slug":"clink-rodvinsglas-klar","status":"publish","type":"product","link":"https:\/\/hubsch-interior.com\/da\/vare\/clink-rodvinsglas-klar\/","title":{"rendered":"Clink R\u00f8dvinsglas Klar"},"content":{"rendered":"<p>Med Clink R\u00f8dvinsglas f\u00e5r du det perfekte glas til at nyde din yndlingsr\u00f8dvin. Disse elegante glas er lavet i krystal, som tilf\u00f8jer et strejf af nostalgi til din bordd\u00e6kning. Der findes tre forskellige varianter, s\u00e5 du kan v\u00e6lge den, der bedst matcher din personlige stil. Med Clink R\u00f8dvinsglas kan du virkelig s\u00e6tte et statement for elegance og h\u00f8jne enhver spiseoplevelse. S\u00e5 tag et godt glas i h\u00e5nden og nyd dine foretrukne r\u00f8dvine i stil.<\/p>\n","protected":false},"excerpt":{"rendered":"<p>Med Clink R\u00f8dvinsglas f\u00e5r du det perfekte glas til at nyde din yndlingsr\u00f8dvin. Disse elegante glas er lavet i krystal, som tilf\u00f8jer et strejf af nostalgi til din bordd\u00e6kning. Der findes tre forskellige varianter, s\u00e5 du kan v\u00e6lge den, der bedst matcher din personlige stil. Med Clink R\u00f8dvinsglas kan du virkelig s\u00e6tte et statement for [&hellip;]<\/p>\n","protected":false},"featured_media":1097541,"template":"","meta":{"_acf_changed":false,"inline_featured_image":false},"product_brand":[],"product_cat":[7025,6880,7032,6970,6347,4051,4094,6517],"product_tag":[],"class_list":{"0":"post-975959","1":"product","2":"type-product","3":"status-publish","4":"has-post-thumbnail","6":"product_cat-bordservice-da-2","7":"product_cat-elevating-nostalgia-da","8":"product_cat-glas-kander-da","9":"product_cat-paaskeudsalg","10":"product_cat-garden-selection-da","11":"product_cat-koekkentilbehoer-da","12":"product_cat-bordservice-da","13":"product_cat-outlet-da","14":"product_shipping_class-pk","16":"pa_color-klar","17":"pa_material-krystal-da","19":"first","20":"instock","21":"sale","22":"taxable","23":"shipping-taxable","24":"purchasable","25":"product-type-simple"},"exclude_global_add_ons":[],"addons":[],"acf":[],"yoast_head":"<!-- This site is optimized with the Yoast SEO plugin v26.4 - https:\/\/yoast.com\/wordpress\/plugins\/seo\/ -->\n<title>Clink R\u00f8dvinsglas Klar - H\u00fcbsch<\/title>\n<meta name=\"description\" content=\"Med Clink R\u00f8dvinsglas f\u00e5r du det perfekte glas til at nyde din yndlingsr\u00f8dvin. Disse elegante glas er lavet i krystal, som tilf\u00f8jer et strejf af nostalgi\" \/>\n<meta name=\"robots\" content=\"index, follow, max-snippet:-1, max-image-preview:large, max-video-preview:-1\" \/>\n<link rel=\"canonical\" href=\"https:\/\/hubsch-interior.com\/da\/wp-json\/wp\/v2\/product\/975959\" \/>\n<meta property=\"og:locale\" content=\"da_DK\" \/>\n<meta property=\"og:type\" content=\"article\" \/>\n<meta property=\"og:title\" content=\"Clink R\u00f8dvinsglas Klar - H\u00fcbsch\" \/>\n<meta property=\"og:description\" content=\"Med Clink R\u00f8dvinsglas f\u00e5r du det perfekte glas til at nyde din yndlingsr\u00f8dvin. Disse elegante glas er lavet i krystal, som tilf\u00f8jer et strejf af nostalgi\" \/>\n<meta property=\"og:url\" content=\"https:\/\/hubsch-interior.com\/da\/vare\/clink-rodvinsglas-klar\/\" \/>\n<meta property=\"og:site_name\" content=\"H\u00fcbsch\" \/>\n<meta property=\"article:modified_time\" content=\"2026-04-09T02:32:42+00:00\" \/>\n<meta property=\"og:image\" content=\"https:\/\/hubsch-interior.com\/wp-content\/uploads\/2025\/04\/clink-red-wine-glass-clear-31055e304bbdfa55ccd3f219124186db.jpg\" \/>\n\t<meta property=\"og:image:width\" content=\"1200\" \/>\n\t<meta property=\"og:image:height\" content=\"1200\" \/>\n\t<meta property=\"og:image:type\" content=\"image\/jpeg\" \/>\n<meta name=\"twitter:card\" content=\"summary_large_image\" \/>\n<script type=\"application\/ld+json\" class=\"yoast-schema-graph\">{\"@context\":\"https:\/\/schema.org\",\"@graph\":[{\"@type\":\"WebPage\",\"@id\":\"https:\/\/hubsch-interior.com\/da\/vare\/clink-rodvinsglas-klar\/\",\"url\":\"https:\/\/hubsch-interior.com\/da\/vare\/clink-rodvinsglas-klar\/\",\"name\":\"Clink R\u00f8dvinsglas Klar - H\u00fcbsch\",\"isPartOf\":{\"@id\":\"https:\/\/hubsch-interior.com\/da\/#website\"},\"primaryImageOfPage\":{\"@id\":\"https:\/\/hubsch-interior.com\/da\/vare\/clink-rodvinsglas-klar\/#primaryimage\"},\"image\":{\"@id\":\"https:\/\/hubsch-interior.com\/da\/vare\/clink-rodvinsglas-klar\/#primaryimage\"},\"thumbnailUrl\":\"https:\/\/hubsch-interior.com\/wp-content\/uploads\/2026\/02\/clink-red-wine-glass-clear-1c7a455037e8f72df5103853da442ad3.jpg\",\"datePublished\":\"2024-01-29T08:11:43+00:00\",\"dateModified\":\"2026-04-09T02:32:42+00:00\",\"description\":\"Med Clink R\u00f8dvinsglas f\u00e5r du det perfekte glas til at nyde din yndlingsr\u00f8dvin. Disse elegante glas er lavet i krystal, som tilf\u00f8jer et strejf af nostalgi\",\"breadcrumb\":{\"@id\":\"https:\/\/hubsch-interior.com\/da\/vare\/clink-rodvinsglas-klar\/#breadcrumb\"},\"inLanguage\":\"da-DK\",\"potentialAction\":[{\"@type\":\"ReadAction\",\"target\":[\"https:\/\/hubsch-interior.com\/da\/vare\/clink-rodvinsglas-klar\/\"]}]},{\"@type\":\"ImageObject\",\"inLanguage\":\"da-DK\",\"@id\":\"https:\/\/hubsch-interior.com\/da\/vare\/clink-rodvinsglas-klar\/#primaryimage\",\"url\":\"https:\/\/hubsch-interior.com\/wp-content\/uploads\/2026\/02\/clink-red-wine-glass-clear-1c7a455037e8f72df5103853da442ad3.jpg\",\"contentUrl\":\"https:\/\/hubsch-interior.com\/wp-content\/uploads\/2026\/02\/clink-red-wine-glass-clear-1c7a455037e8f72df5103853da442ad3.jpg\",\"width\":1024,\"height\":1024},{\"@type\":\"BreadcrumbList\",\"@id\":\"https:\/\/hubsch-interior.com\/da\/vare\/clink-rodvinsglas-klar\/#breadcrumb\",\"itemListElement\":[{\"@type\":\"ListItem\",\"position\":1,\"name\":\"Forside\",\"item\":\"https:\/\/hubsch-interior.com\/da\/\"},{\"@type\":\"ListItem\",\"position\":2,\"name\":\"Produkter\",\"item\":\"https:\/\/hubsch-interior.com\/da\/produkter\/\"},{\"@type\":\"ListItem\",\"position\":3,\"name\":\"K\u00f8kken\",\"item\":\"https:\/\/hubsch-interior.com\/da\/vare-kategori\/koekken\/\"},{\"@type\":\"ListItem\",\"position\":4,\"name\":\"Bordservice\",\"item\":\"https:\/\/hubsch-interior.com\/da\/vare-kategori\/koekken\/bordservice-da-2\/\"},{\"@type\":\"ListItem\",\"position\":5,\"name\":\"Glas &amp; kander\",\"item\":\"https:\/\/hubsch-interior.com\/da\/vare-kategori\/koekken\/bordservice-da-2\/glas-kander-da\/\"},{\"@type\":\"ListItem\",\"position\":6,\"name\":\"Clink R\u00f8dvinsglas Klar\"}]},{\"@type\":\"WebSite\",\"@id\":\"https:\/\/hubsch-interior.com\/da\/#website\",\"url\":\"https:\/\/hubsch-interior.com\/da\/\",\"name\":\"H\u00fcbsch\",\"description\":\"Danish Home Interior and Design\",\"publisher\":{\"@id\":\"https:\/\/hubsch-interior.com\/da\/#organization\"},\"potentialAction\":[{\"@type\":\"SearchAction\",\"target\":{\"@type\":\"EntryPoint\",\"urlTemplate\":\"https:\/\/hubsch-interior.com\/da\/?s={search_term_string}\"},\"query-input\":{\"@type\":\"PropertyValueSpecification\",\"valueRequired\":true,\"valueName\":\"search_term_string\"}}],\"inLanguage\":\"da-DK\"},{\"@type\":\"Organization\",\"@id\":\"https:\/\/hubsch-interior.com\/da\/#organization\",\"name\":\"H\u00fcbsch\",\"url\":\"https:\/\/hubsch-interior.com\/da\/\",\"logo\":{\"@type\":\"ImageObject\",\"inLanguage\":\"da-DK\",\"@id\":\"https:\/\/hubsch-interior.com\/da\/#\/schema\/logo\/image\/\",\"url\":\"https:\/\/hubsch-interior.com\/wp-content\/uploads\/2022\/12\/Hubsch_logo_black_one_line.svg\",\"contentUrl\":\"https:\/\/hubsch-interior.com\/wp-content\/uploads\/2022\/12\/Hubsch_logo_black_one_line.svg\",\"caption\":\"H\u00fcbsch\"},\"image\":{\"@id\":\"https:\/\/hubsch-interior.com\/da\/#\/schema\/logo\/image\/\"}}]}<\/script>\n<!-- \/ Yoast SEO plugin. -->","yoast_head_json":{"title":"Clink R\u00f8dvinsglas Klar - H\u00fcbsch","description":"Med Clink R\u00f8dvinsglas f\u00e5r du det perfekte glas til at nyde din yndlingsr\u00f8dvin. Disse elegante glas er lavet i krystal, som tilf\u00f8jer et strejf af nostalgi","robots":{"index":"index","follow":"follow","max-snippet":"max-snippet:-1","max-image-preview":"max-image-preview:large","max-video-preview":"max-video-preview:-1"},"canonical":"https:\/\/hubsch-interior.com\/da\/wp-json\/wp\/v2\/product\/975959","og_locale":"da_DK","og_type":"article","og_title":"Clink R\u00f8dvinsglas Klar - H\u00fcbsch","og_description":"Med Clink R\u00f8dvinsglas f\u00e5r du det perfekte glas til at nyde din yndlingsr\u00f8dvin. Disse elegante glas er lavet i krystal, som tilf\u00f8jer et strejf af nostalgi","og_url":"https:\/\/hubsch-interior.com\/da\/vare\/clink-rodvinsglas-klar\/","og_site_name":"H\u00fcbsch","article_modified_time":"2026-04-09T02:32:42+00:00","og_image":[{"width":1200,"height":1200,"url":"https:\/\/hubsch-interior.com\/wp-content\/uploads\/2025\/04\/clink-red-wine-glass-clear-31055e304bbdfa55ccd3f219124186db.jpg","type":"image\/jpeg"}],"twitter_card":"summary_large_image","schema":{"@context":"https:\/\/schema.org","@graph":[{"@type":"WebPage","@id":"https:\/\/hubsch-interior.com\/da\/vare\/clink-rodvinsglas-klar\/","url":"https:\/\/hubsch-interior.com\/da\/vare\/clink-rodvinsglas-klar\/","name":"Clink R\u00f8dvinsglas Klar - H\u00fcbsch","isPartOf":{"@id":"https:\/\/hubsch-interior.com\/da\/#website"},"primaryImageOfPage":{"@id":"https:\/\/hubsch-interior.com\/da\/vare\/clink-rodvinsglas-klar\/#primaryimage"},"image":{"@id":"https:\/\/hubsch-interior.com\/da\/vare\/clink-rodvinsglas-klar\/#primaryimage"},"thumbnailUrl":"https:\/\/hubsch-interior.com\/wp-content\/uploads\/2026\/02\/clink-red-wine-glass-clear-1c7a455037e8f72df5103853da442ad3.jpg","datePublished":"2024-01-29T08:11:43+00:00","dateModified":"2026-04-09T02:32:42+00:00","description":"Med Clink R\u00f8dvinsglas f\u00e5r du det perfekte glas til at nyde din yndlingsr\u00f8dvin. Disse elegante glas er lavet i krystal, som tilf\u00f8jer et strejf af nostalgi","breadcrumb":{"@id":"https:\/\/hubsch-interior.com\/da\/vare\/clink-rodvinsglas-klar\/#breadcrumb"},"inLanguage":"da-DK","potentialAction":[{"@type":"ReadAction","target":["https:\/\/hubsch-interior.com\/da\/vare\/clink-rodvinsglas-klar\/"]}]},{"@type":"ImageObject","inLanguage":"da-DK","@id":"https:\/\/hubsch-interior.com\/da\/vare\/clink-rodvinsglas-klar\/#primaryimage","url":"https:\/\/hubsch-interior.com\/wp-content\/uploads\/2026\/02\/clink-red-wine-glass-clear-1c7a455037e8f72df5103853da442ad3.jpg","contentUrl":"https:\/\/hubsch-interior.com\/wp-content\/uploads\/2026\/02\/clink-red-wine-glass-clear-1c7a455037e8f72df5103853da442ad3.jpg","width":1024,"height":1024},{"@type":"BreadcrumbList","@id":"https:\/\/hubsch-interior.com\/da\/vare\/clink-rodvinsglas-klar\/#breadcrumb","itemListElement":[{"@type":"ListItem","position":1,"name":"Forside","item":"https:\/\/hubsch-interior.com\/da\/"},{"@type":"ListItem","position":2,"name":"Produkter","item":"https:\/\/hubsch-interior.com\/da\/produkter\/"},{"@type":"ListItem","position":3,"name":"K\u00f8kken","item":"https:\/\/hubsch-interior.com\/da\/vare-kategori\/koekken\/"},{"@type":"ListItem","position":4,"name":"Bordservice","item":"https:\/\/hubsch-interior.com\/da\/vare-kategori\/koekken\/bordservice-da-2\/"},{"@type":"ListItem","position":5,"name":"Glas &amp; kander","item":"https:\/\/hubsch-interior.com\/da\/vare-kategori\/koekken\/bordservice-da-2\/glas-kander-da\/"},{"@type":"ListItem","position":6,"name":"Clink R\u00f8dvinsglas Klar"}]},{"@type":"WebSite","@id":"https:\/\/hubsch-interior.com\/da\/#website","url":"https:\/\/hubsch-interior.com\/da\/","name":"H\u00fcbsch","description":"Danish Home Interior and Design","publisher":{"@id":"https:\/\/hubsch-interior.com\/da\/#organization"},"potentialAction":[{"@type":"SearchAction","target":{"@type":"EntryPoint","urlTemplate":"https:\/\/hubsch-interior.com\/da\/?s={search_term_string}"},"query-input":{"@type":"PropertyValueSpecification","valueRequired":true,"valueName":"search_term_string"}}],"inLanguage":"da-DK"},{"@type":"Organization","@id":"https:\/\/hubsch-interior.com\/da\/#organization","name":"H\u00fcbsch","url":"https:\/\/hubsch-interior.com\/da\/","logo":{"@type":"ImageObject","inLanguage":"da-DK","@id":"https:\/\/hubsch-interior.com\/da\/#\/schema\/logo\/image\/","url":"https:\/\/hubsch-interior.com\/wp-content\/uploads\/2022\/12\/Hubsch_logo_black_one_line.svg","contentUrl":"https:\/\/hubsch-interior.com\/wp-content\/uploads\/2022\/12\/Hubsch_logo_black_one_line.svg","caption":"H\u00fcbsch"},"image":{"@id":"https:\/\/hubsch-interior.com\/da\/#\/schema\/logo\/image\/"}}]}},"_links":{"self":[{"href":"https:\/\/hubsch-interior.com\/da\/wp-json\/wp\/v2\/product\/975959","targetHints":{"allow":["GET"]}}],"collection":[{"href":"https:\/\/hubsch-interior.com\/da\/wp-json\/wp\/v2\/product"}],"about":[{"href":"https:\/\/hubsch-interior.com\/da\/wp-json\/wp\/v2\/types\/product"}],"wp:featuredmedia":[{"embeddable":true,"href":"https:\/\/hubsch-interior.com\/da\/wp-json\/wp\/v2\/media\/1097541"}],"wp:attachment":[{"href":"https:\/\/hubsch-interior.com\/da\/wp-json\/wp\/v2\/media?parent=975959"}],"wp:term":[{"taxonomy":"product_brand","embeddable":true,"href":"https:\/\/hubsch-interior.com\/da\/wp-json\/wp\/v2\/product_brand?post=975959"},{"taxonomy":"product_cat","embeddable":true,"href":"https:\/\/hubsch-interior.com\/da\/wp-json\/wp\/v2\/product_cat?post=975959"},{"taxonomy":"product_tag","embeddable":true,"href":"https:\/\/hubsch-interior.com\/da\/wp-json\/wp\/v2\/product_tag?post=975959"}],"curies":[{"name":"wp","href":"https:\/\/api.w.org\/{rel}","templated":true}]}}