{"id":976007,"date":"2024-01-29T09:12:07","date_gmt":"2024-01-29T08:12:07","guid":{"rendered":"https:\/\/hubsch-interior.com\/product\/product\/"},"modified":"2026-04-09T04:33:17","modified_gmt":"2026-04-09T02:33:17","slug":"ecto-spisestol-gra","status":"publish","type":"product","link":"https:\/\/hubsch-interior.com\/da\/vare\/ecto-spisestol-gra\/","title":{"rendered":"Ecto Spisestol Gr\u00e5"},"content":{"rendered":"<p>Oplev den ultimative spiseoplevelse med Ecto spisestolen i gr\u00e5. Med sin unikke og skulpturelle form er den en smart tilf\u00f8jelse til dit spisebord. Den er tilg\u00e6ngelig i to forskellige farver, s\u00e5 du kan v\u00e6lge den, der passer bedst til din indretning. Det polstrede s\u00e6de og rygl\u00e6n tilf\u00f8jer maksimal komfort, s\u00e5 du kan nyde dine m\u00e5ltider med stil og samtidig have en afslappende sideoplevelse. <\/p>\n","protected":false},"excerpt":{"rendered":"<p>Oplev den ultimative spiseoplevelse med Ecto spisestolen i gr\u00e5. Med sin unikke og skulpturelle form er den en smart tilf\u00f8jelse til dit spisebord. Den er tilg\u00e6ngelig i to forskellige farver, s\u00e5 du kan v\u00e6lge den, der passer bedst til din indretning. Det polstrede s\u00e6de og rygl\u00e6n tilf\u00f8jer maksimal komfort, s\u00e5 du kan nyde dine m\u00e5ltider [&hellip;]<\/p>\n","protected":false},"featured_media":1097669,"template":"","meta":{"_acf_changed":false,"inline_featured_image":false},"product_brand":[],"product_cat":[6880,6321,2841,5449,5025],"product_tag":[],"class_list":{"0":"post-976007","1":"product","2":"type-product","3":"status-publish","4":"has-post-thumbnail","6":"product_cat-elevating-nostalgia-da","7":"product_cat-fsc-da","8":"product_cat-siddemoebler-da","9":"product_cat-spisestole-da","10":"product_cat-bestsellers-da","11":"product_shipping_class-pk","13":"pa_color-gr","14":"pa_material-jern-da","15":"pa_material-polyester-100-da","17":"first","18":"instock","19":"featured","20":"taxable","21":"shipping-taxable","22":"purchasable","23":"product-type-simple"},"exclude_global_add_ons":[],"addons":[],"acf":[],"yoast_head":"<!-- This site is optimized with the Yoast SEO plugin v26.4 - https:\/\/yoast.com\/wordpress\/plugins\/seo\/ -->\n<title>Ecto Spisestol Gr\u00e5 - H\u00fcbsch<\/title>\n<meta name=\"description\" content=\"Oplev den ultimative spiseoplevelse med Ecto spisestolen i gr\u00e5. Med sin unikke og skulpturelle form er den en smart tilf\u00f8jelse til dit spisebord. Den er\" \/>\n<meta name=\"robots\" content=\"index, follow, max-snippet:-1, max-image-preview:large, max-video-preview:-1\" \/>\n<link rel=\"canonical\" href=\"https:\/\/hubsch-interior.com\/da\/wp-json\/wp\/v2\/product\/976007\" \/>\n<meta property=\"og:locale\" content=\"da_DK\" \/>\n<meta property=\"og:type\" content=\"article\" \/>\n<meta property=\"og:title\" content=\"Ecto Spisestol Gr\u00e5 - H\u00fcbsch\" \/>\n<meta property=\"og:description\" content=\"Oplev den ultimative spiseoplevelse med Ecto spisestolen i gr\u00e5. Med sin unikke og skulpturelle form er den en smart tilf\u00f8jelse til dit spisebord. Den er\" \/>\n<meta property=\"og:url\" content=\"https:\/\/hubsch-interior.com\/da\/vare\/ecto-spisestol-gra\/\" \/>\n<meta property=\"og:site_name\" content=\"H\u00fcbsch\" \/>\n<meta property=\"article:modified_time\" content=\"2026-04-09T02:33:17+00:00\" \/>\n<meta property=\"og:image\" content=\"https:\/\/hubsch-interior.com\/wp-content\/uploads\/2025\/08\/ecto-dining-chair-grey-ec4fae9c5905eb4c78ff764703349cab.jpg\" \/>\n\t<meta property=\"og:image:width\" content=\"1200\" \/>\n\t<meta property=\"og:image:height\" content=\"1200\" \/>\n\t<meta property=\"og:image:type\" content=\"image\/jpeg\" \/>\n<meta name=\"twitter:card\" content=\"summary_large_image\" \/>\n<script type=\"application\/ld+json\" class=\"yoast-schema-graph\">{\"@context\":\"https:\/\/schema.org\",\"@graph\":[{\"@type\":\"WebPage\",\"@id\":\"https:\/\/hubsch-interior.com\/da\/vare\/ecto-spisestol-gra\/\",\"url\":\"https:\/\/hubsch-interior.com\/da\/vare\/ecto-spisestol-gra\/\",\"name\":\"Ecto Spisestol Gr\u00e5 - H\u00fcbsch\",\"isPartOf\":{\"@id\":\"https:\/\/hubsch-interior.com\/da\/#website\"},\"primaryImageOfPage\":{\"@id\":\"https:\/\/hubsch-interior.com\/da\/vare\/ecto-spisestol-gra\/#primaryimage\"},\"image\":{\"@id\":\"https:\/\/hubsch-interior.com\/da\/vare\/ecto-spisestol-gra\/#primaryimage\"},\"thumbnailUrl\":\"https:\/\/hubsch-interior.com\/wp-content\/uploads\/2026\/02\/ecto-dining-chair-grey-7322cafb412e5cebdd4b970b9be0b722.jpg\",\"datePublished\":\"2024-01-29T08:12:07+00:00\",\"dateModified\":\"2026-04-09T02:33:17+00:00\",\"description\":\"Oplev den ultimative spiseoplevelse med Ecto spisestolen i gr\u00e5. Med sin unikke og skulpturelle form er den en smart tilf\u00f8jelse til dit spisebord. Den er\",\"breadcrumb\":{\"@id\":\"https:\/\/hubsch-interior.com\/da\/vare\/ecto-spisestol-gra\/#breadcrumb\"},\"inLanguage\":\"da-DK\",\"potentialAction\":[{\"@type\":\"ReadAction\",\"target\":[\"https:\/\/hubsch-interior.com\/da\/vare\/ecto-spisestol-gra\/\"]}]},{\"@type\":\"ImageObject\",\"inLanguage\":\"da-DK\",\"@id\":\"https:\/\/hubsch-interior.com\/da\/vare\/ecto-spisestol-gra\/#primaryimage\",\"url\":\"https:\/\/hubsch-interior.com\/wp-content\/uploads\/2026\/02\/ecto-dining-chair-grey-7322cafb412e5cebdd4b970b9be0b722.jpg\",\"contentUrl\":\"https:\/\/hubsch-interior.com\/wp-content\/uploads\/2026\/02\/ecto-dining-chair-grey-7322cafb412e5cebdd4b970b9be0b722.jpg\",\"width\":1024,\"height\":1024},{\"@type\":\"BreadcrumbList\",\"@id\":\"https:\/\/hubsch-interior.com\/da\/vare\/ecto-spisestol-gra\/#breadcrumb\",\"itemListElement\":[{\"@type\":\"ListItem\",\"position\":1,\"name\":\"Forside\",\"item\":\"https:\/\/hubsch-interior.com\/da\/\"},{\"@type\":\"ListItem\",\"position\":2,\"name\":\"Produkter\",\"item\":\"https:\/\/hubsch-interior.com\/da\/produkter\/\"},{\"@type\":\"ListItem\",\"position\":3,\"name\":\"M\u00f8bler\",\"item\":\"https:\/\/hubsch-interior.com\/da\/vare-kategori\/mobler\/\"},{\"@type\":\"ListItem\",\"position\":4,\"name\":\"Siddem&oslash;bler\",\"item\":\"https:\/\/hubsch-interior.com\/da\/vare-kategori\/mobler\/siddemoebler-da\/\"},{\"@type\":\"ListItem\",\"position\":5,\"name\":\"Spisestole\",\"item\":\"https:\/\/hubsch-interior.com\/da\/vare-kategori\/mobler\/siddemoebler-da\/spisestole-da\/\"},{\"@type\":\"ListItem\",\"position\":6,\"name\":\"Ecto Spisestol Gr\u00e5\"}]},{\"@type\":\"WebSite\",\"@id\":\"https:\/\/hubsch-interior.com\/da\/#website\",\"url\":\"https:\/\/hubsch-interior.com\/da\/\",\"name\":\"H\u00fcbsch\",\"description\":\"Danish Home Interior and Design\",\"publisher\":{\"@id\":\"https:\/\/hubsch-interior.com\/da\/#organization\"},\"potentialAction\":[{\"@type\":\"SearchAction\",\"target\":{\"@type\":\"EntryPoint\",\"urlTemplate\":\"https:\/\/hubsch-interior.com\/da\/?s={search_term_string}\"},\"query-input\":{\"@type\":\"PropertyValueSpecification\",\"valueRequired\":true,\"valueName\":\"search_term_string\"}}],\"inLanguage\":\"da-DK\"},{\"@type\":\"Organization\",\"@id\":\"https:\/\/hubsch-interior.com\/da\/#organization\",\"name\":\"H\u00fcbsch\",\"url\":\"https:\/\/hubsch-interior.com\/da\/\",\"logo\":{\"@type\":\"ImageObject\",\"inLanguage\":\"da-DK\",\"@id\":\"https:\/\/hubsch-interior.com\/da\/#\/schema\/logo\/image\/\",\"url\":\"https:\/\/hubsch-interior.com\/wp-content\/uploads\/2022\/12\/Hubsch_logo_black_one_line.svg\",\"contentUrl\":\"https:\/\/hubsch-interior.com\/wp-content\/uploads\/2022\/12\/Hubsch_logo_black_one_line.svg\",\"caption\":\"H\u00fcbsch\"},\"image\":{\"@id\":\"https:\/\/hubsch-interior.com\/da\/#\/schema\/logo\/image\/\"}}]}<\/script>\n<!-- \/ Yoast SEO plugin. -->","yoast_head_json":{"title":"Ecto Spisestol Gr\u00e5 - H\u00fcbsch","description":"Oplev den ultimative spiseoplevelse med Ecto spisestolen i gr\u00e5. Med sin unikke og skulpturelle form er den en smart tilf\u00f8jelse til dit spisebord. Den er","robots":{"index":"index","follow":"follow","max-snippet":"max-snippet:-1","max-image-preview":"max-image-preview:large","max-video-preview":"max-video-preview:-1"},"canonical":"https:\/\/hubsch-interior.com\/da\/wp-json\/wp\/v2\/product\/976007","og_locale":"da_DK","og_type":"article","og_title":"Ecto Spisestol Gr\u00e5 - H\u00fcbsch","og_description":"Oplev den ultimative spiseoplevelse med Ecto spisestolen i gr\u00e5. Med sin unikke og skulpturelle form er den en smart tilf\u00f8jelse til dit spisebord. Den er","og_url":"https:\/\/hubsch-interior.com\/da\/vare\/ecto-spisestol-gra\/","og_site_name":"H\u00fcbsch","article_modified_time":"2026-04-09T02:33:17+00:00","og_image":[{"width":1200,"height":1200,"url":"https:\/\/hubsch-interior.com\/wp-content\/uploads\/2025\/08\/ecto-dining-chair-grey-ec4fae9c5905eb4c78ff764703349cab.jpg","type":"image\/jpeg"}],"twitter_card":"summary_large_image","schema":{"@context":"https:\/\/schema.org","@graph":[{"@type":"WebPage","@id":"https:\/\/hubsch-interior.com\/da\/vare\/ecto-spisestol-gra\/","url":"https:\/\/hubsch-interior.com\/da\/vare\/ecto-spisestol-gra\/","name":"Ecto Spisestol Gr\u00e5 - H\u00fcbsch","isPartOf":{"@id":"https:\/\/hubsch-interior.com\/da\/#website"},"primaryImageOfPage":{"@id":"https:\/\/hubsch-interior.com\/da\/vare\/ecto-spisestol-gra\/#primaryimage"},"image":{"@id":"https:\/\/hubsch-interior.com\/da\/vare\/ecto-spisestol-gra\/#primaryimage"},"thumbnailUrl":"https:\/\/hubsch-interior.com\/wp-content\/uploads\/2026\/02\/ecto-dining-chair-grey-7322cafb412e5cebdd4b970b9be0b722.jpg","datePublished":"2024-01-29T08:12:07+00:00","dateModified":"2026-04-09T02:33:17+00:00","description":"Oplev den ultimative spiseoplevelse med Ecto spisestolen i gr\u00e5. Med sin unikke og skulpturelle form er den en smart tilf\u00f8jelse til dit spisebord. Den er","breadcrumb":{"@id":"https:\/\/hubsch-interior.com\/da\/vare\/ecto-spisestol-gra\/#breadcrumb"},"inLanguage":"da-DK","potentialAction":[{"@type":"ReadAction","target":["https:\/\/hubsch-interior.com\/da\/vare\/ecto-spisestol-gra\/"]}]},{"@type":"ImageObject","inLanguage":"da-DK","@id":"https:\/\/hubsch-interior.com\/da\/vare\/ecto-spisestol-gra\/#primaryimage","url":"https:\/\/hubsch-interior.com\/wp-content\/uploads\/2026\/02\/ecto-dining-chair-grey-7322cafb412e5cebdd4b970b9be0b722.jpg","contentUrl":"https:\/\/hubsch-interior.com\/wp-content\/uploads\/2026\/02\/ecto-dining-chair-grey-7322cafb412e5cebdd4b970b9be0b722.jpg","width":1024,"height":1024},{"@type":"BreadcrumbList","@id":"https:\/\/hubsch-interior.com\/da\/vare\/ecto-spisestol-gra\/#breadcrumb","itemListElement":[{"@type":"ListItem","position":1,"name":"Forside","item":"https:\/\/hubsch-interior.com\/da\/"},{"@type":"ListItem","position":2,"name":"Produkter","item":"https:\/\/hubsch-interior.com\/da\/produkter\/"},{"@type":"ListItem","position":3,"name":"M\u00f8bler","item":"https:\/\/hubsch-interior.com\/da\/vare-kategori\/mobler\/"},{"@type":"ListItem","position":4,"name":"Siddem&oslash;bler","item":"https:\/\/hubsch-interior.com\/da\/vare-kategori\/mobler\/siddemoebler-da\/"},{"@type":"ListItem","position":5,"name":"Spisestole","item":"https:\/\/hubsch-interior.com\/da\/vare-kategori\/mobler\/siddemoebler-da\/spisestole-da\/"},{"@type":"ListItem","position":6,"name":"Ecto Spisestol Gr\u00e5"}]},{"@type":"WebSite","@id":"https:\/\/hubsch-interior.com\/da\/#website","url":"https:\/\/hubsch-interior.com\/da\/","name":"H\u00fcbsch","description":"Danish Home Interior and Design","publisher":{"@id":"https:\/\/hubsch-interior.com\/da\/#organization"},"potentialAction":[{"@type":"SearchAction","target":{"@type":"EntryPoint","urlTemplate":"https:\/\/hubsch-interior.com\/da\/?s={search_term_string}"},"query-input":{"@type":"PropertyValueSpecification","valueRequired":true,"valueName":"search_term_string"}}],"inLanguage":"da-DK"},{"@type":"Organization","@id":"https:\/\/hubsch-interior.com\/da\/#organization","name":"H\u00fcbsch","url":"https:\/\/hubsch-interior.com\/da\/","logo":{"@type":"ImageObject","inLanguage":"da-DK","@id":"https:\/\/hubsch-interior.com\/da\/#\/schema\/logo\/image\/","url":"https:\/\/hubsch-interior.com\/wp-content\/uploads\/2022\/12\/Hubsch_logo_black_one_line.svg","contentUrl":"https:\/\/hubsch-interior.com\/wp-content\/uploads\/2022\/12\/Hubsch_logo_black_one_line.svg","caption":"H\u00fcbsch"},"image":{"@id":"https:\/\/hubsch-interior.com\/da\/#\/schema\/logo\/image\/"}}]}},"_links":{"self":[{"href":"https:\/\/hubsch-interior.com\/da\/wp-json\/wp\/v2\/product\/976007","targetHints":{"allow":["GET"]}}],"collection":[{"href":"https:\/\/hubsch-interior.com\/da\/wp-json\/wp\/v2\/product"}],"about":[{"href":"https:\/\/hubsch-interior.com\/da\/wp-json\/wp\/v2\/types\/product"}],"wp:featuredmedia":[{"embeddable":true,"href":"https:\/\/hubsch-interior.com\/da\/wp-json\/wp\/v2\/media\/1097669"}],"wp:attachment":[{"href":"https:\/\/hubsch-interior.com\/da\/wp-json\/wp\/v2\/media?parent=976007"}],"wp:term":[{"taxonomy":"product_brand","embeddable":true,"href":"https:\/\/hubsch-interior.com\/da\/wp-json\/wp\/v2\/product_brand?post=976007"},{"taxonomy":"product_cat","embeddable":true,"href":"https:\/\/hubsch-interior.com\/da\/wp-json\/wp\/v2\/product_cat?post=976007"},{"taxonomy":"product_tag","embeddable":true,"href":"https:\/\/hubsch-interior.com\/da\/wp-json\/wp\/v2\/product_tag?post=976007"}],"curies":[{"name":"wp","href":"https:\/\/api.w.org\/{rel}","templated":true}]}}