{"id":976239,"date":"2024-01-29T09:13:44","date_gmt":"2024-01-29T08:13:44","guid":{"rendered":"https:\/\/hubsch-interior.com\/product\/product\/"},"modified":"2026-04-09T04:38:44","modified_gmt":"2026-04-09T02:38:44","slug":"orbit-drikkeglas-bla","status":"publish","type":"product","link":"https:\/\/hubsch-interior.com\/da\/vare\/orbit-drikkeglas-bla\/","title":{"rendered":"Orbit Drikkeglas Bl\u00e5"},"content":{"rendered":"<p>Opdater bordd\u00e6kningen med Orbit Drikkeglas i en forfriskende bl\u00e5 farve. Disse glas er b\u00e5de praktiske og elegante med deres stackable design og lette glas materiale. Med en kapacitet p\u00e5 200 ml er de perfekte. Hvert glas er h\u00e5ndlavet med et enkelt og sjovt touch. G\u00f8r din drikkeoplevelse endnu mere sp\u00e6ndende ved at blande de fire farvevarianter. <\/p>\n","protected":false},"excerpt":{"rendered":"<p>Opdater bordd\u00e6kningen med Orbit Drikkeglas i en forfriskende bl\u00e5 farve. Disse glas er b\u00e5de praktiske og elegante med deres stackable design og lette glas materiale. Med en kapacitet p\u00e5 200 ml er de perfekte. Hvert glas er h\u00e5ndlavet med et enkelt og sjovt touch. G\u00f8r din drikkeoplevelse endnu mere sp\u00e6ndende ved at blande de fire [&hellip;]<\/p>\n","protected":false},"featured_media":1099322,"template":"","meta":{"_acf_changed":false,"inline_featured_image":false},"product_brand":[],"product_cat":[7025,6880,7032,6970,6347,4051,4094,5025,5029,6517],"product_tag":[],"class_list":{"0":"post-976239","1":"product","2":"type-product","3":"status-publish","4":"has-post-thumbnail","6":"product_cat-bordservice-da-2","7":"product_cat-elevating-nostalgia-da","8":"product_cat-glas-kander-da","9":"product_cat-paaskeudsalg","10":"product_cat-garden-selection-da","11":"product_cat-koekkentilbehoer-da","12":"product_cat-bordservice-da","13":"product_cat-bestsellers-da","14":"product_cat-tilbage-paa-lager-da","15":"product_cat-outlet-da","16":"product_shipping_class-pk","18":"pa_color-bl","19":"pa_material-glas-da","21":"first","22":"instock","23":"sale","24":"featured","25":"taxable","26":"shipping-taxable","27":"purchasable","28":"product-type-simple"},"exclude_global_add_ons":[],"addons":[],"acf":[],"yoast_head":"<!-- This site is optimized with the Yoast SEO plugin v26.4 - https:\/\/yoast.com\/wordpress\/plugins\/seo\/ -->\n<title>Orbit Drikkeglas Bl\u00e5 - H\u00fcbsch<\/title>\n<meta name=\"description\" content=\"Opdater bordd\u00e6kningen med Orbit Drikkeglas i en forfriskende bl\u00e5 farve. Disse glas er b\u00e5de praktiske og elegante med deres stackable design og lette glas\" \/>\n<meta name=\"robots\" content=\"index, follow, max-snippet:-1, max-image-preview:large, max-video-preview:-1\" \/>\n<link rel=\"canonical\" href=\"https:\/\/hubsch-interior.com\/da\/wp-json\/wp\/v2\/product\/976239\" \/>\n<meta property=\"og:locale\" content=\"da_DK\" \/>\n<meta property=\"og:type\" content=\"article\" \/>\n<meta property=\"og:title\" content=\"Orbit Drikkeglas Bl\u00e5 - H\u00fcbsch\" \/>\n<meta property=\"og:description\" content=\"Opdater bordd\u00e6kningen med Orbit Drikkeglas i en forfriskende bl\u00e5 farve. Disse glas er b\u00e5de praktiske og elegante med deres stackable design og lette glas\" \/>\n<meta property=\"og:url\" content=\"https:\/\/hubsch-interior.com\/da\/vare\/orbit-drikkeglas-bla\/\" \/>\n<meta property=\"og:site_name\" content=\"H\u00fcbsch\" \/>\n<meta property=\"article:modified_time\" content=\"2026-04-09T02:38:44+00:00\" \/>\n<meta property=\"og:image\" content=\"https:\/\/hubsch-interior.com\/wp-content\/uploads\/2025\/04\/orbit-drinking-glass-blue-52ebc521d9dfdefae28e5d9c4f63e732.jpg\" \/>\n\t<meta property=\"og:image:width\" content=\"1200\" \/>\n\t<meta property=\"og:image:height\" content=\"1200\" \/>\n\t<meta property=\"og:image:type\" content=\"image\/jpeg\" \/>\n<meta name=\"twitter:card\" content=\"summary_large_image\" \/>\n<script type=\"application\/ld+json\" class=\"yoast-schema-graph\">{\"@context\":\"https:\/\/schema.org\",\"@graph\":[{\"@type\":\"WebPage\",\"@id\":\"https:\/\/hubsch-interior.com\/da\/vare\/orbit-drikkeglas-bla\/\",\"url\":\"https:\/\/hubsch-interior.com\/da\/vare\/orbit-drikkeglas-bla\/\",\"name\":\"Orbit Drikkeglas Bl\u00e5 - H\u00fcbsch\",\"isPartOf\":{\"@id\":\"https:\/\/hubsch-interior.com\/da\/#website\"},\"primaryImageOfPage\":{\"@id\":\"https:\/\/hubsch-interior.com\/da\/vare\/orbit-drikkeglas-bla\/#primaryimage\"},\"image\":{\"@id\":\"https:\/\/hubsch-interior.com\/da\/vare\/orbit-drikkeglas-bla\/#primaryimage\"},\"thumbnailUrl\":\"https:\/\/hubsch-interior.com\/wp-content\/uploads\/2026\/02\/orbit-drinking-glass-blue-4a3a3b49c7eddaee5d14175687892083.jpg\",\"datePublished\":\"2024-01-29T08:13:44+00:00\",\"dateModified\":\"2026-04-09T02:38:44+00:00\",\"description\":\"Opdater bordd\u00e6kningen med Orbit Drikkeglas i en forfriskende bl\u00e5 farve. Disse glas er b\u00e5de praktiske og elegante med deres stackable design og lette glas\",\"breadcrumb\":{\"@id\":\"https:\/\/hubsch-interior.com\/da\/vare\/orbit-drikkeglas-bla\/#breadcrumb\"},\"inLanguage\":\"da-DK\",\"potentialAction\":[{\"@type\":\"ReadAction\",\"target\":[\"https:\/\/hubsch-interior.com\/da\/vare\/orbit-drikkeglas-bla\/\"]}]},{\"@type\":\"ImageObject\",\"inLanguage\":\"da-DK\",\"@id\":\"https:\/\/hubsch-interior.com\/da\/vare\/orbit-drikkeglas-bla\/#primaryimage\",\"url\":\"https:\/\/hubsch-interior.com\/wp-content\/uploads\/2026\/02\/orbit-drinking-glass-blue-4a3a3b49c7eddaee5d14175687892083.jpg\",\"contentUrl\":\"https:\/\/hubsch-interior.com\/wp-content\/uploads\/2026\/02\/orbit-drinking-glass-blue-4a3a3b49c7eddaee5d14175687892083.jpg\",\"width\":1024,\"height\":1024},{\"@type\":\"BreadcrumbList\",\"@id\":\"https:\/\/hubsch-interior.com\/da\/vare\/orbit-drikkeglas-bla\/#breadcrumb\",\"itemListElement\":[{\"@type\":\"ListItem\",\"position\":1,\"name\":\"Forside\",\"item\":\"https:\/\/hubsch-interior.com\/da\/\"},{\"@type\":\"ListItem\",\"position\":2,\"name\":\"Produkter\",\"item\":\"https:\/\/hubsch-interior.com\/da\/produkter\/\"},{\"@type\":\"ListItem\",\"position\":3,\"name\":\"K\u00f8kken\",\"item\":\"https:\/\/hubsch-interior.com\/da\/vare-kategori\/koekken\/\"},{\"@type\":\"ListItem\",\"position\":4,\"name\":\"Bordservice\",\"item\":\"https:\/\/hubsch-interior.com\/da\/vare-kategori\/koekken\/bordservice-da-2\/\"},{\"@type\":\"ListItem\",\"position\":5,\"name\":\"Glas &amp; kander\",\"item\":\"https:\/\/hubsch-interior.com\/da\/vare-kategori\/koekken\/bordservice-da-2\/glas-kander-da\/\"},{\"@type\":\"ListItem\",\"position\":6,\"name\":\"Orbit Drikkeglas Bl\u00e5\"}]},{\"@type\":\"WebSite\",\"@id\":\"https:\/\/hubsch-interior.com\/da\/#website\",\"url\":\"https:\/\/hubsch-interior.com\/da\/\",\"name\":\"H\u00fcbsch\",\"description\":\"Danish Home Interior and Design\",\"publisher\":{\"@id\":\"https:\/\/hubsch-interior.com\/da\/#organization\"},\"potentialAction\":[{\"@type\":\"SearchAction\",\"target\":{\"@type\":\"EntryPoint\",\"urlTemplate\":\"https:\/\/hubsch-interior.com\/da\/?s={search_term_string}\"},\"query-input\":{\"@type\":\"PropertyValueSpecification\",\"valueRequired\":true,\"valueName\":\"search_term_string\"}}],\"inLanguage\":\"da-DK\"},{\"@type\":\"Organization\",\"@id\":\"https:\/\/hubsch-interior.com\/da\/#organization\",\"name\":\"H\u00fcbsch\",\"url\":\"https:\/\/hubsch-interior.com\/da\/\",\"logo\":{\"@type\":\"ImageObject\",\"inLanguage\":\"da-DK\",\"@id\":\"https:\/\/hubsch-interior.com\/da\/#\/schema\/logo\/image\/\",\"url\":\"https:\/\/hubsch-interior.com\/wp-content\/uploads\/2022\/12\/Hubsch_logo_black_one_line.svg\",\"contentUrl\":\"https:\/\/hubsch-interior.com\/wp-content\/uploads\/2022\/12\/Hubsch_logo_black_one_line.svg\",\"caption\":\"H\u00fcbsch\"},\"image\":{\"@id\":\"https:\/\/hubsch-interior.com\/da\/#\/schema\/logo\/image\/\"}}]}<\/script>\n<!-- \/ Yoast SEO plugin. -->","yoast_head_json":{"title":"Orbit Drikkeglas Bl\u00e5 - H\u00fcbsch","description":"Opdater bordd\u00e6kningen med Orbit Drikkeglas i en forfriskende bl\u00e5 farve. Disse glas er b\u00e5de praktiske og elegante med deres stackable design og lette glas","robots":{"index":"index","follow":"follow","max-snippet":"max-snippet:-1","max-image-preview":"max-image-preview:large","max-video-preview":"max-video-preview:-1"},"canonical":"https:\/\/hubsch-interior.com\/da\/wp-json\/wp\/v2\/product\/976239","og_locale":"da_DK","og_type":"article","og_title":"Orbit Drikkeglas Bl\u00e5 - H\u00fcbsch","og_description":"Opdater bordd\u00e6kningen med Orbit Drikkeglas i en forfriskende bl\u00e5 farve. Disse glas er b\u00e5de praktiske og elegante med deres stackable design og lette glas","og_url":"https:\/\/hubsch-interior.com\/da\/vare\/orbit-drikkeglas-bla\/","og_site_name":"H\u00fcbsch","article_modified_time":"2026-04-09T02:38:44+00:00","og_image":[{"width":1200,"height":1200,"url":"https:\/\/hubsch-interior.com\/wp-content\/uploads\/2025\/04\/orbit-drinking-glass-blue-52ebc521d9dfdefae28e5d9c4f63e732.jpg","type":"image\/jpeg"}],"twitter_card":"summary_large_image","schema":{"@context":"https:\/\/schema.org","@graph":[{"@type":"WebPage","@id":"https:\/\/hubsch-interior.com\/da\/vare\/orbit-drikkeglas-bla\/","url":"https:\/\/hubsch-interior.com\/da\/vare\/orbit-drikkeglas-bla\/","name":"Orbit Drikkeglas Bl\u00e5 - H\u00fcbsch","isPartOf":{"@id":"https:\/\/hubsch-interior.com\/da\/#website"},"primaryImageOfPage":{"@id":"https:\/\/hubsch-interior.com\/da\/vare\/orbit-drikkeglas-bla\/#primaryimage"},"image":{"@id":"https:\/\/hubsch-interior.com\/da\/vare\/orbit-drikkeglas-bla\/#primaryimage"},"thumbnailUrl":"https:\/\/hubsch-interior.com\/wp-content\/uploads\/2026\/02\/orbit-drinking-glass-blue-4a3a3b49c7eddaee5d14175687892083.jpg","datePublished":"2024-01-29T08:13:44+00:00","dateModified":"2026-04-09T02:38:44+00:00","description":"Opdater bordd\u00e6kningen med Orbit Drikkeglas i en forfriskende bl\u00e5 farve. Disse glas er b\u00e5de praktiske og elegante med deres stackable design og lette glas","breadcrumb":{"@id":"https:\/\/hubsch-interior.com\/da\/vare\/orbit-drikkeglas-bla\/#breadcrumb"},"inLanguage":"da-DK","potentialAction":[{"@type":"ReadAction","target":["https:\/\/hubsch-interior.com\/da\/vare\/orbit-drikkeglas-bla\/"]}]},{"@type":"ImageObject","inLanguage":"da-DK","@id":"https:\/\/hubsch-interior.com\/da\/vare\/orbit-drikkeglas-bla\/#primaryimage","url":"https:\/\/hubsch-interior.com\/wp-content\/uploads\/2026\/02\/orbit-drinking-glass-blue-4a3a3b49c7eddaee5d14175687892083.jpg","contentUrl":"https:\/\/hubsch-interior.com\/wp-content\/uploads\/2026\/02\/orbit-drinking-glass-blue-4a3a3b49c7eddaee5d14175687892083.jpg","width":1024,"height":1024},{"@type":"BreadcrumbList","@id":"https:\/\/hubsch-interior.com\/da\/vare\/orbit-drikkeglas-bla\/#breadcrumb","itemListElement":[{"@type":"ListItem","position":1,"name":"Forside","item":"https:\/\/hubsch-interior.com\/da\/"},{"@type":"ListItem","position":2,"name":"Produkter","item":"https:\/\/hubsch-interior.com\/da\/produkter\/"},{"@type":"ListItem","position":3,"name":"K\u00f8kken","item":"https:\/\/hubsch-interior.com\/da\/vare-kategori\/koekken\/"},{"@type":"ListItem","position":4,"name":"Bordservice","item":"https:\/\/hubsch-interior.com\/da\/vare-kategori\/koekken\/bordservice-da-2\/"},{"@type":"ListItem","position":5,"name":"Glas &amp; kander","item":"https:\/\/hubsch-interior.com\/da\/vare-kategori\/koekken\/bordservice-da-2\/glas-kander-da\/"},{"@type":"ListItem","position":6,"name":"Orbit Drikkeglas Bl\u00e5"}]},{"@type":"WebSite","@id":"https:\/\/hubsch-interior.com\/da\/#website","url":"https:\/\/hubsch-interior.com\/da\/","name":"H\u00fcbsch","description":"Danish Home Interior and Design","publisher":{"@id":"https:\/\/hubsch-interior.com\/da\/#organization"},"potentialAction":[{"@type":"SearchAction","target":{"@type":"EntryPoint","urlTemplate":"https:\/\/hubsch-interior.com\/da\/?s={search_term_string}"},"query-input":{"@type":"PropertyValueSpecification","valueRequired":true,"valueName":"search_term_string"}}],"inLanguage":"da-DK"},{"@type":"Organization","@id":"https:\/\/hubsch-interior.com\/da\/#organization","name":"H\u00fcbsch","url":"https:\/\/hubsch-interior.com\/da\/","logo":{"@type":"ImageObject","inLanguage":"da-DK","@id":"https:\/\/hubsch-interior.com\/da\/#\/schema\/logo\/image\/","url":"https:\/\/hubsch-interior.com\/wp-content\/uploads\/2022\/12\/Hubsch_logo_black_one_line.svg","contentUrl":"https:\/\/hubsch-interior.com\/wp-content\/uploads\/2022\/12\/Hubsch_logo_black_one_line.svg","caption":"H\u00fcbsch"},"image":{"@id":"https:\/\/hubsch-interior.com\/da\/#\/schema\/logo\/image\/"}}]}},"_links":{"self":[{"href":"https:\/\/hubsch-interior.com\/da\/wp-json\/wp\/v2\/product\/976239","targetHints":{"allow":["GET"]}}],"collection":[{"href":"https:\/\/hubsch-interior.com\/da\/wp-json\/wp\/v2\/product"}],"about":[{"href":"https:\/\/hubsch-interior.com\/da\/wp-json\/wp\/v2\/types\/product"}],"wp:featuredmedia":[{"embeddable":true,"href":"https:\/\/hubsch-interior.com\/da\/wp-json\/wp\/v2\/media\/1099322"}],"wp:attachment":[{"href":"https:\/\/hubsch-interior.com\/da\/wp-json\/wp\/v2\/media?parent=976239"}],"wp:term":[{"taxonomy":"product_brand","embeddable":true,"href":"https:\/\/hubsch-interior.com\/da\/wp-json\/wp\/v2\/product_brand?post=976239"},{"taxonomy":"product_cat","embeddable":true,"href":"https:\/\/hubsch-interior.com\/da\/wp-json\/wp\/v2\/product_cat?post=976239"},{"taxonomy":"product_tag","embeddable":true,"href":"https:\/\/hubsch-interior.com\/da\/wp-json\/wp\/v2\/product_tag?post=976239"}],"curies":[{"name":"wp","href":"https:\/\/api.w.org\/{rel}","templated":true}]}}