{"id":976303,"date":"2024-01-29T09:15:16","date_gmt":"2024-01-29T08:15:16","guid":{"rendered":"https:\/\/hubsch-interior.com\/product\/product\/"},"modified":"2026-04-09T04:38:57","modified_gmt":"2026-04-09T02:38:57","slug":"orbit-drikkeglas-lyserod","status":"publish","type":"product","link":"https:\/\/hubsch-interior.com\/da\/vare\/orbit-drikkeglas-lyserod\/","title":{"rendered":"Orbit Drikkeglas Lyser\u00f8d"},"content":{"rendered":"<p>Orbit Drikkeglas er det perfekte valg til at opgradere din bordd\u00e6kning. Det h\u00e5ndlavede glas er let og kan indeholde 200 ml. Med den lyser\u00f8de farve tilf\u00f8jer det et simpelt og sjovt touch til din hverdag. Og med muligheden for at stable glassene sammen med de andre farverige varianter, kan du skabe din egen personlige stil. S\u00e5 hvorfor ikke elevere dit glas vand med Orbit Drikkeglas?<\/p>\n","protected":false},"excerpt":{"rendered":"<p>Orbit Drikkeglas er det perfekte valg til at opgradere din bordd\u00e6kning. Det h\u00e5ndlavede glas er let og kan indeholde 200 ml. Med den lyser\u00f8de farve tilf\u00f8jer det et simpelt og sjovt touch til din hverdag. Og med muligheden for at stable glassene sammen med de andre farverige varianter, kan du skabe din egen personlige stil. [&hellip;]<\/p>\n","protected":false},"featured_media":1099374,"template":"","meta":{"_acf_changed":false,"inline_featured_image":false},"product_brand":[],"product_cat":[6942,5025,7025,4094,6880,6347,7032,4051,6517,6970,5029],"product_tag":[],"class_list":{"0":"post-976303","1":"product","2":"type-product","3":"status-publish","4":"has-post-thumbnail","6":"product_cat-bestseller-2025-da","7":"product_cat-bestsellers-da","8":"product_cat-bordservice-da-2","9":"product_cat-bordservice-da","10":"product_cat-elevating-nostalgia-da","11":"product_cat-garden-selection-da","12":"product_cat-glas-kander-da","13":"product_cat-koekkentilbehoer-da","14":"product_cat-outlet-da","15":"product_cat-paaskeudsalg","16":"product_cat-tilbage-paa-lager-da","17":"product_shipping_class-pk","19":"pa_color-lyserd","20":"pa_material-glas-da","22":"first","23":"instock","24":"sale","25":"featured","26":"taxable","27":"shipping-taxable","28":"purchasable","29":"product-type-simple"},"exclude_global_add_ons":[],"addons":[],"acf":[],"yoast_head":"<!-- This site is optimized with the Yoast SEO plugin v26.4 - https:\/\/yoast.com\/wordpress\/plugins\/seo\/ -->\n<title>Orbit Drikkeglas Lyser\u00f8d - H\u00fcbsch<\/title>\n<meta name=\"description\" content=\"Orbit Drikkeglas er det perfekte valg til at opgradere din bordd\u00e6kning. Det h\u00e5ndlavede glas er let og kan indeholde 200 ml. Med den lyser\u00f8de farve\" \/>\n<meta name=\"robots\" content=\"index, follow, max-snippet:-1, max-image-preview:large, max-video-preview:-1\" \/>\n<link rel=\"canonical\" href=\"https:\/\/hubsch-interior.com\/da\/wp-json\/wp\/v2\/product\/976303\" \/>\n<meta property=\"og:locale\" content=\"da_DK\" \/>\n<meta property=\"og:type\" content=\"article\" \/>\n<meta property=\"og:title\" content=\"Orbit Drikkeglas Lyser\u00f8d - H\u00fcbsch\" \/>\n<meta property=\"og:description\" content=\"Orbit Drikkeglas er det perfekte valg til at opgradere din bordd\u00e6kning. Det h\u00e5ndlavede glas er let og kan indeholde 200 ml. Med den lyser\u00f8de farve\" \/>\n<meta property=\"og:url\" content=\"https:\/\/hubsch-interior.com\/da\/vare\/orbit-drikkeglas-lyserod\/\" \/>\n<meta property=\"og:site_name\" content=\"H\u00fcbsch\" \/>\n<meta property=\"article:modified_time\" content=\"2026-04-09T02:38:57+00:00\" \/>\n<meta property=\"og:image\" content=\"https:\/\/hubsch-interior.com\/wp-content\/uploads\/2025\/04\/orbit-drinking-glass-pink-e21c7cd88559b695c46f4182583410c4.jpg\" \/>\n\t<meta property=\"og:image:width\" content=\"1200\" \/>\n\t<meta property=\"og:image:height\" content=\"1200\" \/>\n\t<meta property=\"og:image:type\" content=\"image\/jpeg\" \/>\n<meta name=\"twitter:card\" content=\"summary_large_image\" \/>\n<script type=\"application\/ld+json\" class=\"yoast-schema-graph\">{\"@context\":\"https:\/\/schema.org\",\"@graph\":[{\"@type\":\"WebPage\",\"@id\":\"https:\/\/hubsch-interior.com\/da\/vare\/orbit-drikkeglas-lyserod\/\",\"url\":\"https:\/\/hubsch-interior.com\/da\/vare\/orbit-drikkeglas-lyserod\/\",\"name\":\"Orbit Drikkeglas Lyser\u00f8d - H\u00fcbsch\",\"isPartOf\":{\"@id\":\"https:\/\/hubsch-interior.com\/da\/#website\"},\"primaryImageOfPage\":{\"@id\":\"https:\/\/hubsch-interior.com\/da\/vare\/orbit-drikkeglas-lyserod\/#primaryimage\"},\"image\":{\"@id\":\"https:\/\/hubsch-interior.com\/da\/vare\/orbit-drikkeglas-lyserod\/#primaryimage\"},\"thumbnailUrl\":\"https:\/\/hubsch-interior.com\/wp-content\/uploads\/2026\/02\/orbit-drinking-glass-pink-da09a675df0f7eee35c021541c100dfd.jpg\",\"datePublished\":\"2024-01-29T08:15:16+00:00\",\"dateModified\":\"2026-04-09T02:38:57+00:00\",\"description\":\"Orbit Drikkeglas er det perfekte valg til at opgradere din bordd\u00e6kning. Det h\u00e5ndlavede glas er let og kan indeholde 200 ml. Med den lyser\u00f8de farve\",\"breadcrumb\":{\"@id\":\"https:\/\/hubsch-interior.com\/da\/vare\/orbit-drikkeglas-lyserod\/#breadcrumb\"},\"inLanguage\":\"da-DK\",\"potentialAction\":[{\"@type\":\"ReadAction\",\"target\":[\"https:\/\/hubsch-interior.com\/da\/vare\/orbit-drikkeglas-lyserod\/\"]}]},{\"@type\":\"ImageObject\",\"inLanguage\":\"da-DK\",\"@id\":\"https:\/\/hubsch-interior.com\/da\/vare\/orbit-drikkeglas-lyserod\/#primaryimage\",\"url\":\"https:\/\/hubsch-interior.com\/wp-content\/uploads\/2026\/02\/orbit-drinking-glass-pink-da09a675df0f7eee35c021541c100dfd.jpg\",\"contentUrl\":\"https:\/\/hubsch-interior.com\/wp-content\/uploads\/2026\/02\/orbit-drinking-glass-pink-da09a675df0f7eee35c021541c100dfd.jpg\",\"width\":1024,\"height\":1024},{\"@type\":\"BreadcrumbList\",\"@id\":\"https:\/\/hubsch-interior.com\/da\/vare\/orbit-drikkeglas-lyserod\/#breadcrumb\",\"itemListElement\":[{\"@type\":\"ListItem\",\"position\":1,\"name\":\"Forside\",\"item\":\"https:\/\/hubsch-interior.com\/da\/\"},{\"@type\":\"ListItem\",\"position\":2,\"name\":\"Produkter\",\"item\":\"https:\/\/hubsch-interior.com\/da\/produkter\/\"},{\"@type\":\"ListItem\",\"position\":3,\"name\":\"K\u00f8kken\",\"item\":\"https:\/\/hubsch-interior.com\/da\/vare-kategori\/koekken\/\"},{\"@type\":\"ListItem\",\"position\":4,\"name\":\"Bordservice\",\"item\":\"https:\/\/hubsch-interior.com\/da\/vare-kategori\/koekken\/bordservice-da-2\/\"},{\"@type\":\"ListItem\",\"position\":5,\"name\":\"Glas &amp; kander\",\"item\":\"https:\/\/hubsch-interior.com\/da\/vare-kategori\/koekken\/bordservice-da-2\/glas-kander-da\/\"},{\"@type\":\"ListItem\",\"position\":6,\"name\":\"Orbit Drikkeglas Lyser\u00f8d\"}]},{\"@type\":\"WebSite\",\"@id\":\"https:\/\/hubsch-interior.com\/da\/#website\",\"url\":\"https:\/\/hubsch-interior.com\/da\/\",\"name\":\"H\u00fcbsch\",\"description\":\"Danish Home Interior and Design\",\"publisher\":{\"@id\":\"https:\/\/hubsch-interior.com\/da\/#organization\"},\"potentialAction\":[{\"@type\":\"SearchAction\",\"target\":{\"@type\":\"EntryPoint\",\"urlTemplate\":\"https:\/\/hubsch-interior.com\/da\/?s={search_term_string}\"},\"query-input\":{\"@type\":\"PropertyValueSpecification\",\"valueRequired\":true,\"valueName\":\"search_term_string\"}}],\"inLanguage\":\"da-DK\"},{\"@type\":\"Organization\",\"@id\":\"https:\/\/hubsch-interior.com\/da\/#organization\",\"name\":\"H\u00fcbsch\",\"url\":\"https:\/\/hubsch-interior.com\/da\/\",\"logo\":{\"@type\":\"ImageObject\",\"inLanguage\":\"da-DK\",\"@id\":\"https:\/\/hubsch-interior.com\/da\/#\/schema\/logo\/image\/\",\"url\":\"https:\/\/hubsch-interior.com\/wp-content\/uploads\/2022\/12\/Hubsch_logo_black_one_line.svg\",\"contentUrl\":\"https:\/\/hubsch-interior.com\/wp-content\/uploads\/2022\/12\/Hubsch_logo_black_one_line.svg\",\"caption\":\"H\u00fcbsch\"},\"image\":{\"@id\":\"https:\/\/hubsch-interior.com\/da\/#\/schema\/logo\/image\/\"}}]}<\/script>\n<!-- \/ Yoast SEO plugin. -->","yoast_head_json":{"title":"Orbit Drikkeglas Lyser\u00f8d - H\u00fcbsch","description":"Orbit Drikkeglas er det perfekte valg til at opgradere din bordd\u00e6kning. Det h\u00e5ndlavede glas er let og kan indeholde 200 ml. Med den lyser\u00f8de farve","robots":{"index":"index","follow":"follow","max-snippet":"max-snippet:-1","max-image-preview":"max-image-preview:large","max-video-preview":"max-video-preview:-1"},"canonical":"https:\/\/hubsch-interior.com\/da\/wp-json\/wp\/v2\/product\/976303","og_locale":"da_DK","og_type":"article","og_title":"Orbit Drikkeglas Lyser\u00f8d - H\u00fcbsch","og_description":"Orbit Drikkeglas er det perfekte valg til at opgradere din bordd\u00e6kning. Det h\u00e5ndlavede glas er let og kan indeholde 200 ml. Med den lyser\u00f8de farve","og_url":"https:\/\/hubsch-interior.com\/da\/vare\/orbit-drikkeglas-lyserod\/","og_site_name":"H\u00fcbsch","article_modified_time":"2026-04-09T02:38:57+00:00","og_image":[{"width":1200,"height":1200,"url":"https:\/\/hubsch-interior.com\/wp-content\/uploads\/2025\/04\/orbit-drinking-glass-pink-e21c7cd88559b695c46f4182583410c4.jpg","type":"image\/jpeg"}],"twitter_card":"summary_large_image","schema":{"@context":"https:\/\/schema.org","@graph":[{"@type":"WebPage","@id":"https:\/\/hubsch-interior.com\/da\/vare\/orbit-drikkeglas-lyserod\/","url":"https:\/\/hubsch-interior.com\/da\/vare\/orbit-drikkeglas-lyserod\/","name":"Orbit Drikkeglas Lyser\u00f8d - H\u00fcbsch","isPartOf":{"@id":"https:\/\/hubsch-interior.com\/da\/#website"},"primaryImageOfPage":{"@id":"https:\/\/hubsch-interior.com\/da\/vare\/orbit-drikkeglas-lyserod\/#primaryimage"},"image":{"@id":"https:\/\/hubsch-interior.com\/da\/vare\/orbit-drikkeglas-lyserod\/#primaryimage"},"thumbnailUrl":"https:\/\/hubsch-interior.com\/wp-content\/uploads\/2026\/02\/orbit-drinking-glass-pink-da09a675df0f7eee35c021541c100dfd.jpg","datePublished":"2024-01-29T08:15:16+00:00","dateModified":"2026-04-09T02:38:57+00:00","description":"Orbit Drikkeglas er det perfekte valg til at opgradere din bordd\u00e6kning. Det h\u00e5ndlavede glas er let og kan indeholde 200 ml. Med den lyser\u00f8de farve","breadcrumb":{"@id":"https:\/\/hubsch-interior.com\/da\/vare\/orbit-drikkeglas-lyserod\/#breadcrumb"},"inLanguage":"da-DK","potentialAction":[{"@type":"ReadAction","target":["https:\/\/hubsch-interior.com\/da\/vare\/orbit-drikkeglas-lyserod\/"]}]},{"@type":"ImageObject","inLanguage":"da-DK","@id":"https:\/\/hubsch-interior.com\/da\/vare\/orbit-drikkeglas-lyserod\/#primaryimage","url":"https:\/\/hubsch-interior.com\/wp-content\/uploads\/2026\/02\/orbit-drinking-glass-pink-da09a675df0f7eee35c021541c100dfd.jpg","contentUrl":"https:\/\/hubsch-interior.com\/wp-content\/uploads\/2026\/02\/orbit-drinking-glass-pink-da09a675df0f7eee35c021541c100dfd.jpg","width":1024,"height":1024},{"@type":"BreadcrumbList","@id":"https:\/\/hubsch-interior.com\/da\/vare\/orbit-drikkeglas-lyserod\/#breadcrumb","itemListElement":[{"@type":"ListItem","position":1,"name":"Forside","item":"https:\/\/hubsch-interior.com\/da\/"},{"@type":"ListItem","position":2,"name":"Produkter","item":"https:\/\/hubsch-interior.com\/da\/produkter\/"},{"@type":"ListItem","position":3,"name":"K\u00f8kken","item":"https:\/\/hubsch-interior.com\/da\/vare-kategori\/koekken\/"},{"@type":"ListItem","position":4,"name":"Bordservice","item":"https:\/\/hubsch-interior.com\/da\/vare-kategori\/koekken\/bordservice-da-2\/"},{"@type":"ListItem","position":5,"name":"Glas &amp; kander","item":"https:\/\/hubsch-interior.com\/da\/vare-kategori\/koekken\/bordservice-da-2\/glas-kander-da\/"},{"@type":"ListItem","position":6,"name":"Orbit Drikkeglas Lyser\u00f8d"}]},{"@type":"WebSite","@id":"https:\/\/hubsch-interior.com\/da\/#website","url":"https:\/\/hubsch-interior.com\/da\/","name":"H\u00fcbsch","description":"Danish Home Interior and Design","publisher":{"@id":"https:\/\/hubsch-interior.com\/da\/#organization"},"potentialAction":[{"@type":"SearchAction","target":{"@type":"EntryPoint","urlTemplate":"https:\/\/hubsch-interior.com\/da\/?s={search_term_string}"},"query-input":{"@type":"PropertyValueSpecification","valueRequired":true,"valueName":"search_term_string"}}],"inLanguage":"da-DK"},{"@type":"Organization","@id":"https:\/\/hubsch-interior.com\/da\/#organization","name":"H\u00fcbsch","url":"https:\/\/hubsch-interior.com\/da\/","logo":{"@type":"ImageObject","inLanguage":"da-DK","@id":"https:\/\/hubsch-interior.com\/da\/#\/schema\/logo\/image\/","url":"https:\/\/hubsch-interior.com\/wp-content\/uploads\/2022\/12\/Hubsch_logo_black_one_line.svg","contentUrl":"https:\/\/hubsch-interior.com\/wp-content\/uploads\/2022\/12\/Hubsch_logo_black_one_line.svg","caption":"H\u00fcbsch"},"image":{"@id":"https:\/\/hubsch-interior.com\/da\/#\/schema\/logo\/image\/"}}]}},"_links":{"self":[{"href":"https:\/\/hubsch-interior.com\/da\/wp-json\/wp\/v2\/product\/976303","targetHints":{"allow":["GET"]}}],"collection":[{"href":"https:\/\/hubsch-interior.com\/da\/wp-json\/wp\/v2\/product"}],"about":[{"href":"https:\/\/hubsch-interior.com\/da\/wp-json\/wp\/v2\/types\/product"}],"wp:featuredmedia":[{"embeddable":true,"href":"https:\/\/hubsch-interior.com\/da\/wp-json\/wp\/v2\/media\/1099374"}],"wp:attachment":[{"href":"https:\/\/hubsch-interior.com\/da\/wp-json\/wp\/v2\/media?parent=976303"}],"wp:term":[{"taxonomy":"product_brand","embeddable":true,"href":"https:\/\/hubsch-interior.com\/da\/wp-json\/wp\/v2\/product_brand?post=976303"},{"taxonomy":"product_cat","embeddable":true,"href":"https:\/\/hubsch-interior.com\/da\/wp-json\/wp\/v2\/product_cat?post=976303"},{"taxonomy":"product_tag","embeddable":true,"href":"https:\/\/hubsch-interior.com\/da\/wp-json\/wp\/v2\/product_tag?post=976303"}],"curies":[{"name":"wp","href":"https:\/\/api.w.org\/{rel}","templated":true}]}}