{"id":976355,"date":"2024-01-29T09:15:38","date_gmt":"2024-01-29T08:15:38","guid":{"rendered":"https:\/\/hubsch-interior.com\/product\/product\/"},"modified":"2026-04-09T04:39:05","modified_gmt":"2026-04-09T02:39:05","slug":"heir-lysestage-lysebla","status":"publish","type":"product","link":"https:\/\/hubsch-interior.com\/da\/vare\/heir-lysestage-lysebla\/","title":{"rendered":"Heir Lysestage Lysebl\u00e5"},"content":{"rendered":"<p>Indhyld dit hjem i stearinlyset sk\u00e6r med Heir Lysestage i lysebl\u00e5 farve. Den er lavet af glas og er h\u00e5ndlavet. Lysestagen skaber en hyggelig atmosf\u00e6re med sine bl\u00f8de nuancer og form. Den kompakte og lette st\u00f8rrelse g\u00f8r den nem at placere og flytte rundt p\u00e5. V\u00e6lg mellem to varianter og tilf\u00f8j et strejf af personlighed til dit hjem.<\/p>\n","protected":false},"excerpt":{"rendered":"<p>Indhyld dit hjem i stearinlyset sk\u00e6r med Heir Lysestage i lysebl\u00e5 farve. Den er lavet af glas og er h\u00e5ndlavet. Lysestagen skaber en hyggelig atmosf\u00e6re med sine bl\u00f8de nuancer og form. Den kompakte og lette st\u00f8rrelse g\u00f8r den nem at placere og flytte rundt p\u00e5. V\u00e6lg mellem to varianter og tilf\u00f8j et strejf af personlighed [&hellip;]<\/p>\n","protected":false},"featured_media":1099414,"template":"","meta":{"_acf_changed":false,"inline_featured_image":false},"product_brand":[],"product_cat":[6880,6970,4063,4064,6517],"product_tag":[],"class_list":{"0":"post-976355","1":"product","2":"type-product","3":"status-publish","4":"has-post-thumbnail","6":"product_cat-elevating-nostalgia-da","7":"product_cat-paaskeudsalg","8":"product_cat-lysestager-lanterner-da","9":"product_cat-lysestager-da","10":"product_cat-outlet-da","11":"product_shipping_class-pk","13":"pa_color-lysebl","14":"pa_material-glas-da","16":"first","17":"instock","18":"sale","19":"taxable","20":"shipping-taxable","21":"purchasable","22":"product-type-simple"},"exclude_global_add_ons":[],"addons":[],"acf":[],"yoast_head":"<!-- This site is optimized with the Yoast SEO plugin v26.4 - https:\/\/yoast.com\/wordpress\/plugins\/seo\/ -->\n<title>Heir Lysestage Lysebl\u00e5 - H\u00fcbsch<\/title>\n<meta name=\"description\" content=\"Indhyld dit hjem i stearinlyset sk\u00e6r med Heir Lysestage i lysebl\u00e5 farve. Den er lavet af glas og er h\u00e5ndlavet. Lysestagen skaber en hyggelig atmosf\u00e6re med\" \/>\n<meta name=\"robots\" content=\"index, follow, max-snippet:-1, max-image-preview:large, max-video-preview:-1\" \/>\n<link rel=\"canonical\" href=\"https:\/\/hubsch-interior.com\/da\/wp-json\/wp\/v2\/product\/976355\" \/>\n<meta property=\"og:locale\" content=\"da_DK\" \/>\n<meta property=\"og:type\" content=\"article\" \/>\n<meta property=\"og:title\" content=\"Heir Lysestage Lysebl\u00e5 - H\u00fcbsch\" \/>\n<meta property=\"og:description\" content=\"Indhyld dit hjem i stearinlyset sk\u00e6r med Heir Lysestage i lysebl\u00e5 farve. Den er lavet af glas og er h\u00e5ndlavet. Lysestagen skaber en hyggelig atmosf\u00e6re med\" \/>\n<meta property=\"og:url\" content=\"https:\/\/hubsch-interior.com\/da\/vare\/heir-lysestage-lysebla\/\" \/>\n<meta property=\"og:site_name\" content=\"H\u00fcbsch\" \/>\n<meta property=\"article:modified_time\" content=\"2026-04-09T02:39:05+00:00\" \/>\n<meta property=\"og:image\" content=\"https:\/\/hubsch-interior.com\/wp-content\/uploads\/2024\/01\/heir-candleholder-light-blue-ad03d2ea2b2e209ba313b30a67c2ec80.jpg\" \/>\n\t<meta property=\"og:image:width\" content=\"1200\" \/>\n\t<meta property=\"og:image:height\" content=\"1200\" \/>\n\t<meta property=\"og:image:type\" content=\"image\/jpeg\" \/>\n<meta name=\"twitter:card\" content=\"summary_large_image\" \/>\n<script type=\"application\/ld+json\" class=\"yoast-schema-graph\">{\"@context\":\"https:\/\/schema.org\",\"@graph\":[{\"@type\":\"WebPage\",\"@id\":\"https:\/\/hubsch-interior.com\/da\/vare\/heir-lysestage-lysebla\/\",\"url\":\"https:\/\/hubsch-interior.com\/da\/vare\/heir-lysestage-lysebla\/\",\"name\":\"Heir Lysestage Lysebl\u00e5 - H\u00fcbsch\",\"isPartOf\":{\"@id\":\"https:\/\/hubsch-interior.com\/da\/#website\"},\"primaryImageOfPage\":{\"@id\":\"https:\/\/hubsch-interior.com\/da\/vare\/heir-lysestage-lysebla\/#primaryimage\"},\"image\":{\"@id\":\"https:\/\/hubsch-interior.com\/da\/vare\/heir-lysestage-lysebla\/#primaryimage\"},\"thumbnailUrl\":\"https:\/\/hubsch-interior.com\/wp-content\/uploads\/2026\/02\/heir-candleholder-light-blue-e894cd4efb115258f8bbf2dae154b2d6.jpg\",\"datePublished\":\"2024-01-29T08:15:38+00:00\",\"dateModified\":\"2026-04-09T02:39:05+00:00\",\"description\":\"Indhyld dit hjem i stearinlyset sk\u00e6r med Heir Lysestage i lysebl\u00e5 farve. Den er lavet af glas og er h\u00e5ndlavet. Lysestagen skaber en hyggelig atmosf\u00e6re med\",\"breadcrumb\":{\"@id\":\"https:\/\/hubsch-interior.com\/da\/vare\/heir-lysestage-lysebla\/#breadcrumb\"},\"inLanguage\":\"da-DK\",\"potentialAction\":[{\"@type\":\"ReadAction\",\"target\":[\"https:\/\/hubsch-interior.com\/da\/vare\/heir-lysestage-lysebla\/\"]}]},{\"@type\":\"ImageObject\",\"inLanguage\":\"da-DK\",\"@id\":\"https:\/\/hubsch-interior.com\/da\/vare\/heir-lysestage-lysebla\/#primaryimage\",\"url\":\"https:\/\/hubsch-interior.com\/wp-content\/uploads\/2026\/02\/heir-candleholder-light-blue-e894cd4efb115258f8bbf2dae154b2d6.jpg\",\"contentUrl\":\"https:\/\/hubsch-interior.com\/wp-content\/uploads\/2026\/02\/heir-candleholder-light-blue-e894cd4efb115258f8bbf2dae154b2d6.jpg\",\"width\":1024,\"height\":1024},{\"@type\":\"BreadcrumbList\",\"@id\":\"https:\/\/hubsch-interior.com\/da\/vare\/heir-lysestage-lysebla\/#breadcrumb\",\"itemListElement\":[{\"@type\":\"ListItem\",\"position\":1,\"name\":\"Forside\",\"item\":\"https:\/\/hubsch-interior.com\/da\/\"},{\"@type\":\"ListItem\",\"position\":2,\"name\":\"Produkter\",\"item\":\"https:\/\/hubsch-interior.com\/da\/produkter\/\"},{\"@type\":\"ListItem\",\"position\":3,\"name\":\"Boligtilbeh\u00f8r\",\"item\":\"https:\/\/hubsch-interior.com\/da\/vare-kategori\/boligtilbehor\/\"},{\"@type\":\"ListItem\",\"position\":4,\"name\":\"Lysestager &amp; Lanterner\",\"item\":\"https:\/\/hubsch-interior.com\/da\/vare-kategori\/boligtilbehor\/lysestager-lanterner-da\/\"},{\"@type\":\"ListItem\",\"position\":5,\"name\":\"Lysestager\",\"item\":\"https:\/\/hubsch-interior.com\/da\/vare-kategori\/boligtilbehor\/lysestager-lanterner-da\/lysestager-da\/\"},{\"@type\":\"ListItem\",\"position\":6,\"name\":\"Heir Lysestage Lysebl\u00e5\"}]},{\"@type\":\"WebSite\",\"@id\":\"https:\/\/hubsch-interior.com\/da\/#website\",\"url\":\"https:\/\/hubsch-interior.com\/da\/\",\"name\":\"H\u00fcbsch\",\"description\":\"Danish Home Interior and Design\",\"publisher\":{\"@id\":\"https:\/\/hubsch-interior.com\/da\/#organization\"},\"potentialAction\":[{\"@type\":\"SearchAction\",\"target\":{\"@type\":\"EntryPoint\",\"urlTemplate\":\"https:\/\/hubsch-interior.com\/da\/?s={search_term_string}\"},\"query-input\":{\"@type\":\"PropertyValueSpecification\",\"valueRequired\":true,\"valueName\":\"search_term_string\"}}],\"inLanguage\":\"da-DK\"},{\"@type\":\"Organization\",\"@id\":\"https:\/\/hubsch-interior.com\/da\/#organization\",\"name\":\"H\u00fcbsch\",\"url\":\"https:\/\/hubsch-interior.com\/da\/\",\"logo\":{\"@type\":\"ImageObject\",\"inLanguage\":\"da-DK\",\"@id\":\"https:\/\/hubsch-interior.com\/da\/#\/schema\/logo\/image\/\",\"url\":\"https:\/\/hubsch-interior.com\/wp-content\/uploads\/2022\/12\/Hubsch_logo_black_one_line.svg\",\"contentUrl\":\"https:\/\/hubsch-interior.com\/wp-content\/uploads\/2022\/12\/Hubsch_logo_black_one_line.svg\",\"caption\":\"H\u00fcbsch\"},\"image\":{\"@id\":\"https:\/\/hubsch-interior.com\/da\/#\/schema\/logo\/image\/\"}}]}<\/script>\n<!-- \/ Yoast SEO plugin. -->","yoast_head_json":{"title":"Heir Lysestage Lysebl\u00e5 - H\u00fcbsch","description":"Indhyld dit hjem i stearinlyset sk\u00e6r med Heir Lysestage i lysebl\u00e5 farve. Den er lavet af glas og er h\u00e5ndlavet. Lysestagen skaber en hyggelig atmosf\u00e6re med","robots":{"index":"index","follow":"follow","max-snippet":"max-snippet:-1","max-image-preview":"max-image-preview:large","max-video-preview":"max-video-preview:-1"},"canonical":"https:\/\/hubsch-interior.com\/da\/wp-json\/wp\/v2\/product\/976355","og_locale":"da_DK","og_type":"article","og_title":"Heir Lysestage Lysebl\u00e5 - H\u00fcbsch","og_description":"Indhyld dit hjem i stearinlyset sk\u00e6r med Heir Lysestage i lysebl\u00e5 farve. Den er lavet af glas og er h\u00e5ndlavet. Lysestagen skaber en hyggelig atmosf\u00e6re med","og_url":"https:\/\/hubsch-interior.com\/da\/vare\/heir-lysestage-lysebla\/","og_site_name":"H\u00fcbsch","article_modified_time":"2026-04-09T02:39:05+00:00","og_image":[{"width":1200,"height":1200,"url":"https:\/\/hubsch-interior.com\/wp-content\/uploads\/2024\/01\/heir-candleholder-light-blue-ad03d2ea2b2e209ba313b30a67c2ec80.jpg","type":"image\/jpeg"}],"twitter_card":"summary_large_image","schema":{"@context":"https:\/\/schema.org","@graph":[{"@type":"WebPage","@id":"https:\/\/hubsch-interior.com\/da\/vare\/heir-lysestage-lysebla\/","url":"https:\/\/hubsch-interior.com\/da\/vare\/heir-lysestage-lysebla\/","name":"Heir Lysestage Lysebl\u00e5 - H\u00fcbsch","isPartOf":{"@id":"https:\/\/hubsch-interior.com\/da\/#website"},"primaryImageOfPage":{"@id":"https:\/\/hubsch-interior.com\/da\/vare\/heir-lysestage-lysebla\/#primaryimage"},"image":{"@id":"https:\/\/hubsch-interior.com\/da\/vare\/heir-lysestage-lysebla\/#primaryimage"},"thumbnailUrl":"https:\/\/hubsch-interior.com\/wp-content\/uploads\/2026\/02\/heir-candleholder-light-blue-e894cd4efb115258f8bbf2dae154b2d6.jpg","datePublished":"2024-01-29T08:15:38+00:00","dateModified":"2026-04-09T02:39:05+00:00","description":"Indhyld dit hjem i stearinlyset sk\u00e6r med Heir Lysestage i lysebl\u00e5 farve. Den er lavet af glas og er h\u00e5ndlavet. Lysestagen skaber en hyggelig atmosf\u00e6re med","breadcrumb":{"@id":"https:\/\/hubsch-interior.com\/da\/vare\/heir-lysestage-lysebla\/#breadcrumb"},"inLanguage":"da-DK","potentialAction":[{"@type":"ReadAction","target":["https:\/\/hubsch-interior.com\/da\/vare\/heir-lysestage-lysebla\/"]}]},{"@type":"ImageObject","inLanguage":"da-DK","@id":"https:\/\/hubsch-interior.com\/da\/vare\/heir-lysestage-lysebla\/#primaryimage","url":"https:\/\/hubsch-interior.com\/wp-content\/uploads\/2026\/02\/heir-candleholder-light-blue-e894cd4efb115258f8bbf2dae154b2d6.jpg","contentUrl":"https:\/\/hubsch-interior.com\/wp-content\/uploads\/2026\/02\/heir-candleholder-light-blue-e894cd4efb115258f8bbf2dae154b2d6.jpg","width":1024,"height":1024},{"@type":"BreadcrumbList","@id":"https:\/\/hubsch-interior.com\/da\/vare\/heir-lysestage-lysebla\/#breadcrumb","itemListElement":[{"@type":"ListItem","position":1,"name":"Forside","item":"https:\/\/hubsch-interior.com\/da\/"},{"@type":"ListItem","position":2,"name":"Produkter","item":"https:\/\/hubsch-interior.com\/da\/produkter\/"},{"@type":"ListItem","position":3,"name":"Boligtilbeh\u00f8r","item":"https:\/\/hubsch-interior.com\/da\/vare-kategori\/boligtilbehor\/"},{"@type":"ListItem","position":4,"name":"Lysestager &amp; Lanterner","item":"https:\/\/hubsch-interior.com\/da\/vare-kategori\/boligtilbehor\/lysestager-lanterner-da\/"},{"@type":"ListItem","position":5,"name":"Lysestager","item":"https:\/\/hubsch-interior.com\/da\/vare-kategori\/boligtilbehor\/lysestager-lanterner-da\/lysestager-da\/"},{"@type":"ListItem","position":6,"name":"Heir Lysestage Lysebl\u00e5"}]},{"@type":"WebSite","@id":"https:\/\/hubsch-interior.com\/da\/#website","url":"https:\/\/hubsch-interior.com\/da\/","name":"H\u00fcbsch","description":"Danish Home Interior and Design","publisher":{"@id":"https:\/\/hubsch-interior.com\/da\/#organization"},"potentialAction":[{"@type":"SearchAction","target":{"@type":"EntryPoint","urlTemplate":"https:\/\/hubsch-interior.com\/da\/?s={search_term_string}"},"query-input":{"@type":"PropertyValueSpecification","valueRequired":true,"valueName":"search_term_string"}}],"inLanguage":"da-DK"},{"@type":"Organization","@id":"https:\/\/hubsch-interior.com\/da\/#organization","name":"H\u00fcbsch","url":"https:\/\/hubsch-interior.com\/da\/","logo":{"@type":"ImageObject","inLanguage":"da-DK","@id":"https:\/\/hubsch-interior.com\/da\/#\/schema\/logo\/image\/","url":"https:\/\/hubsch-interior.com\/wp-content\/uploads\/2022\/12\/Hubsch_logo_black_one_line.svg","contentUrl":"https:\/\/hubsch-interior.com\/wp-content\/uploads\/2022\/12\/Hubsch_logo_black_one_line.svg","caption":"H\u00fcbsch"},"image":{"@id":"https:\/\/hubsch-interior.com\/da\/#\/schema\/logo\/image\/"}}]}},"_links":{"self":[{"href":"https:\/\/hubsch-interior.com\/da\/wp-json\/wp\/v2\/product\/976355","targetHints":{"allow":["GET"]}}],"collection":[{"href":"https:\/\/hubsch-interior.com\/da\/wp-json\/wp\/v2\/product"}],"about":[{"href":"https:\/\/hubsch-interior.com\/da\/wp-json\/wp\/v2\/types\/product"}],"wp:featuredmedia":[{"embeddable":true,"href":"https:\/\/hubsch-interior.com\/da\/wp-json\/wp\/v2\/media\/1099414"}],"wp:attachment":[{"href":"https:\/\/hubsch-interior.com\/da\/wp-json\/wp\/v2\/media?parent=976355"}],"wp:term":[{"taxonomy":"product_brand","embeddable":true,"href":"https:\/\/hubsch-interior.com\/da\/wp-json\/wp\/v2\/product_brand?post=976355"},{"taxonomy":"product_cat","embeddable":true,"href":"https:\/\/hubsch-interior.com\/da\/wp-json\/wp\/v2\/product_cat?post=976355"},{"taxonomy":"product_tag","embeddable":true,"href":"https:\/\/hubsch-interior.com\/da\/wp-json\/wp\/v2\/product_tag?post=976355"}],"curies":[{"name":"wp","href":"https:\/\/api.w.org\/{rel}","templated":true}]}}