{"id":976375,"date":"2024-01-29T09:15:50","date_gmt":"2024-01-29T08:15:50","guid":{"rendered":"https:\/\/hubsch-interior.com\/product\/product\/"},"modified":"2026-04-09T04:39:11","modified_gmt":"2026-04-09T02:39:11","slug":"heir-opbevaringsglas-hoj-gron","status":"publish","type":"product","link":"https:\/\/hubsch-interior.com\/da\/vare\/heir-opbevaringsglas-hoj-gron\/","title":{"rendered":"Heir Opbevaringsglas H\u00f8j Gr\u00f8n"},"content":{"rendered":"<p>Heir Opbevaringsglas i gr\u00f8n er den perfekte m\u00e5de at holde styr p\u00e5 alle dine sm\u00e5ting. Det smukke glas er dekoreret med et fortryllende, pastelfarvet swirlm\u00f8nster, der tilf\u00f8jer et touch af elegance til dit hjem. Med tre forskellige st\u00f8rrelser og farver at v\u00e6lge imellem, er dette opbevaringsglas alsidigt. Lavet af holdbart glas, er det godkendt til f\u00f8devarer og perfekt til opbevaring af dine badev\u00e6relse essentials eller nips. Hold dit hjem organiseret og stilfuldt med Heir Opbevaringsglas.<\/p>\n","protected":false},"excerpt":{"rendered":"<p>Heir Opbevaringsglas i gr\u00f8n er den perfekte m\u00e5de at holde styr p\u00e5 alle dine sm\u00e5ting. Det smukke glas er dekoreret med et fortryllende, pastelfarvet swirlm\u00f8nster, der tilf\u00f8jer et touch af elegance til dit hjem. Med tre forskellige st\u00f8rrelser og farver at v\u00e6lge imellem, er dette opbevaringsglas alsidigt. Lavet af holdbart glas, er det godkendt til [&hellip;]<\/p>\n","protected":false},"featured_media":1099430,"template":"","meta":{"_acf_changed":false,"inline_featured_image":false},"product_brand":[],"product_cat":[6880,7046,6970,4051,4931,3109,3427,6517],"product_tag":[],"class_list":{"0":"post-976375","1":"product","2":"type-product","3":"status-publish","4":"has-post-thumbnail","6":"product_cat-elevating-nostalgia-da","7":"product_cat-koekken-opbevaring-da","8":"product_cat-paaskeudsalg","9":"product_cat-koekkentilbehoer-da","10":"product_cat-opbevaringsglas-da","11":"product_cat-opbevaring-da","12":"product_cat-krukker-da","13":"product_cat-outlet-da","14":"product_shipping_class-pk","16":"pa_color-grn","17":"pa_material-glas-da","19":"first","20":"instock","21":"sale","22":"taxable","23":"shipping-taxable","24":"purchasable","25":"product-type-simple"},"exclude_global_add_ons":[],"addons":[],"acf":[],"yoast_head":"<!-- This site is optimized with the Yoast SEO plugin v26.4 - https:\/\/yoast.com\/wordpress\/plugins\/seo\/ -->\n<title>Heir Opbevaringsglas H\u00f8j Gr\u00f8n - H\u00fcbsch<\/title>\n<meta name=\"description\" content=\"Heir Opbevaringsglas i gr\u00f8n er den perfekte m\u00e5de at holde styr p\u00e5 alle dine sm\u00e5ting. Det smukke glas er dekoreret med et fortryllende, pastelfarvet\" \/>\n<meta name=\"robots\" content=\"index, follow, max-snippet:-1, max-image-preview:large, max-video-preview:-1\" \/>\n<link rel=\"canonical\" href=\"https:\/\/hubsch-interior.com\/da\/wp-json\/wp\/v2\/product\/976375\" \/>\n<meta property=\"og:locale\" content=\"da_DK\" \/>\n<meta property=\"og:type\" content=\"article\" \/>\n<meta property=\"og:title\" content=\"Heir Opbevaringsglas H\u00f8j Gr\u00f8n - H\u00fcbsch\" \/>\n<meta property=\"og:description\" content=\"Heir Opbevaringsglas i gr\u00f8n er den perfekte m\u00e5de at holde styr p\u00e5 alle dine sm\u00e5ting. Det smukke glas er dekoreret med et fortryllende, pastelfarvet\" \/>\n<meta property=\"og:url\" content=\"https:\/\/hubsch-interior.com\/da\/vare\/heir-opbevaringsglas-hoj-gron\/\" \/>\n<meta property=\"og:site_name\" content=\"H\u00fcbsch\" \/>\n<meta property=\"article:modified_time\" content=\"2026-04-09T02:39:11+00:00\" \/>\n<meta property=\"og:image\" content=\"https:\/\/hubsch-interior.com\/wp-content\/uploads\/2025\/04\/heir-storage-jar-tall-green-7cf5e613faa8c2e26f50c00f56d114a6.jpg\" \/>\n\t<meta property=\"og:image:width\" content=\"1200\" \/>\n\t<meta property=\"og:image:height\" content=\"1200\" \/>\n\t<meta property=\"og:image:type\" content=\"image\/jpeg\" \/>\n<meta name=\"twitter:card\" content=\"summary_large_image\" \/>\n<script type=\"application\/ld+json\" class=\"yoast-schema-graph\">{\"@context\":\"https:\/\/schema.org\",\"@graph\":[{\"@type\":\"WebPage\",\"@id\":\"https:\/\/hubsch-interior.com\/da\/vare\/heir-opbevaringsglas-hoj-gron\/\",\"url\":\"https:\/\/hubsch-interior.com\/da\/vare\/heir-opbevaringsglas-hoj-gron\/\",\"name\":\"Heir Opbevaringsglas H\u00f8j Gr\u00f8n - H\u00fcbsch\",\"isPartOf\":{\"@id\":\"https:\/\/hubsch-interior.com\/da\/#website\"},\"primaryImageOfPage\":{\"@id\":\"https:\/\/hubsch-interior.com\/da\/vare\/heir-opbevaringsglas-hoj-gron\/#primaryimage\"},\"image\":{\"@id\":\"https:\/\/hubsch-interior.com\/da\/vare\/heir-opbevaringsglas-hoj-gron\/#primaryimage\"},\"thumbnailUrl\":\"https:\/\/hubsch-interior.com\/wp-content\/uploads\/2026\/02\/heir-storage-jar-tall-green-857ca049eb7395cc3472ce43dde6ddff.jpg\",\"datePublished\":\"2024-01-29T08:15:50+00:00\",\"dateModified\":\"2026-04-09T02:39:11+00:00\",\"description\":\"Heir Opbevaringsglas i gr\u00f8n er den perfekte m\u00e5de at holde styr p\u00e5 alle dine sm\u00e5ting. Det smukke glas er dekoreret med et fortryllende, pastelfarvet\",\"breadcrumb\":{\"@id\":\"https:\/\/hubsch-interior.com\/da\/vare\/heir-opbevaringsglas-hoj-gron\/#breadcrumb\"},\"inLanguage\":\"da-DK\",\"potentialAction\":[{\"@type\":\"ReadAction\",\"target\":[\"https:\/\/hubsch-interior.com\/da\/vare\/heir-opbevaringsglas-hoj-gron\/\"]}]},{\"@type\":\"ImageObject\",\"inLanguage\":\"da-DK\",\"@id\":\"https:\/\/hubsch-interior.com\/da\/vare\/heir-opbevaringsglas-hoj-gron\/#primaryimage\",\"url\":\"https:\/\/hubsch-interior.com\/wp-content\/uploads\/2026\/02\/heir-storage-jar-tall-green-857ca049eb7395cc3472ce43dde6ddff.jpg\",\"contentUrl\":\"https:\/\/hubsch-interior.com\/wp-content\/uploads\/2026\/02\/heir-storage-jar-tall-green-857ca049eb7395cc3472ce43dde6ddff.jpg\",\"width\":1024,\"height\":1024},{\"@type\":\"BreadcrumbList\",\"@id\":\"https:\/\/hubsch-interior.com\/da\/vare\/heir-opbevaringsglas-hoj-gron\/#breadcrumb\",\"itemListElement\":[{\"@type\":\"ListItem\",\"position\":1,\"name\":\"Forside\",\"item\":\"https:\/\/hubsch-interior.com\/da\/\"},{\"@type\":\"ListItem\",\"position\":2,\"name\":\"Produkter\",\"item\":\"https:\/\/hubsch-interior.com\/da\/produkter\/\"},{\"@type\":\"ListItem\",\"position\":3,\"name\":\"Boligtilbeh\u00f8r\",\"item\":\"https:\/\/hubsch-interior.com\/da\/vare-kategori\/boligtilbehor\/\"},{\"@type\":\"ListItem\",\"position\":4,\"name\":\"K&oslash;kkentilbeh&oslash;r\",\"item\":\"https:\/\/hubsch-interior.com\/da\/vare-kategori\/boligtilbehor\/koekkentilbehoer-da\/\"},{\"@type\":\"ListItem\",\"position\":5,\"name\":\"Opbevaringsglas\",\"item\":\"https:\/\/hubsch-interior.com\/da\/vare-kategori\/boligtilbehor\/koekkentilbehoer-da\/opbevaringsglas-da\/\"},{\"@type\":\"ListItem\",\"position\":6,\"name\":\"Heir Opbevaringsglas H\u00f8j Gr\u00f8n\"}]},{\"@type\":\"WebSite\",\"@id\":\"https:\/\/hubsch-interior.com\/da\/#website\",\"url\":\"https:\/\/hubsch-interior.com\/da\/\",\"name\":\"H\u00fcbsch\",\"description\":\"Danish Home Interior and Design\",\"publisher\":{\"@id\":\"https:\/\/hubsch-interior.com\/da\/#organization\"},\"potentialAction\":[{\"@type\":\"SearchAction\",\"target\":{\"@type\":\"EntryPoint\",\"urlTemplate\":\"https:\/\/hubsch-interior.com\/da\/?s={search_term_string}\"},\"query-input\":{\"@type\":\"PropertyValueSpecification\",\"valueRequired\":true,\"valueName\":\"search_term_string\"}}],\"inLanguage\":\"da-DK\"},{\"@type\":\"Organization\",\"@id\":\"https:\/\/hubsch-interior.com\/da\/#organization\",\"name\":\"H\u00fcbsch\",\"url\":\"https:\/\/hubsch-interior.com\/da\/\",\"logo\":{\"@type\":\"ImageObject\",\"inLanguage\":\"da-DK\",\"@id\":\"https:\/\/hubsch-interior.com\/da\/#\/schema\/logo\/image\/\",\"url\":\"https:\/\/hubsch-interior.com\/wp-content\/uploads\/2022\/12\/Hubsch_logo_black_one_line.svg\",\"contentUrl\":\"https:\/\/hubsch-interior.com\/wp-content\/uploads\/2022\/12\/Hubsch_logo_black_one_line.svg\",\"caption\":\"H\u00fcbsch\"},\"image\":{\"@id\":\"https:\/\/hubsch-interior.com\/da\/#\/schema\/logo\/image\/\"}}]}<\/script>\n<!-- \/ Yoast SEO plugin. -->","yoast_head_json":{"title":"Heir Opbevaringsglas H\u00f8j Gr\u00f8n - H\u00fcbsch","description":"Heir Opbevaringsglas i gr\u00f8n er den perfekte m\u00e5de at holde styr p\u00e5 alle dine sm\u00e5ting. Det smukke glas er dekoreret med et fortryllende, pastelfarvet","robots":{"index":"index","follow":"follow","max-snippet":"max-snippet:-1","max-image-preview":"max-image-preview:large","max-video-preview":"max-video-preview:-1"},"canonical":"https:\/\/hubsch-interior.com\/da\/wp-json\/wp\/v2\/product\/976375","og_locale":"da_DK","og_type":"article","og_title":"Heir Opbevaringsglas H\u00f8j Gr\u00f8n - H\u00fcbsch","og_description":"Heir Opbevaringsglas i gr\u00f8n er den perfekte m\u00e5de at holde styr p\u00e5 alle dine sm\u00e5ting. Det smukke glas er dekoreret med et fortryllende, pastelfarvet","og_url":"https:\/\/hubsch-interior.com\/da\/vare\/heir-opbevaringsglas-hoj-gron\/","og_site_name":"H\u00fcbsch","article_modified_time":"2026-04-09T02:39:11+00:00","og_image":[{"width":1200,"height":1200,"url":"https:\/\/hubsch-interior.com\/wp-content\/uploads\/2025\/04\/heir-storage-jar-tall-green-7cf5e613faa8c2e26f50c00f56d114a6.jpg","type":"image\/jpeg"}],"twitter_card":"summary_large_image","schema":{"@context":"https:\/\/schema.org","@graph":[{"@type":"WebPage","@id":"https:\/\/hubsch-interior.com\/da\/vare\/heir-opbevaringsglas-hoj-gron\/","url":"https:\/\/hubsch-interior.com\/da\/vare\/heir-opbevaringsglas-hoj-gron\/","name":"Heir Opbevaringsglas H\u00f8j Gr\u00f8n - H\u00fcbsch","isPartOf":{"@id":"https:\/\/hubsch-interior.com\/da\/#website"},"primaryImageOfPage":{"@id":"https:\/\/hubsch-interior.com\/da\/vare\/heir-opbevaringsglas-hoj-gron\/#primaryimage"},"image":{"@id":"https:\/\/hubsch-interior.com\/da\/vare\/heir-opbevaringsglas-hoj-gron\/#primaryimage"},"thumbnailUrl":"https:\/\/hubsch-interior.com\/wp-content\/uploads\/2026\/02\/heir-storage-jar-tall-green-857ca049eb7395cc3472ce43dde6ddff.jpg","datePublished":"2024-01-29T08:15:50+00:00","dateModified":"2026-04-09T02:39:11+00:00","description":"Heir Opbevaringsglas i gr\u00f8n er den perfekte m\u00e5de at holde styr p\u00e5 alle dine sm\u00e5ting. Det smukke glas er dekoreret med et fortryllende, pastelfarvet","breadcrumb":{"@id":"https:\/\/hubsch-interior.com\/da\/vare\/heir-opbevaringsglas-hoj-gron\/#breadcrumb"},"inLanguage":"da-DK","potentialAction":[{"@type":"ReadAction","target":["https:\/\/hubsch-interior.com\/da\/vare\/heir-opbevaringsglas-hoj-gron\/"]}]},{"@type":"ImageObject","inLanguage":"da-DK","@id":"https:\/\/hubsch-interior.com\/da\/vare\/heir-opbevaringsglas-hoj-gron\/#primaryimage","url":"https:\/\/hubsch-interior.com\/wp-content\/uploads\/2026\/02\/heir-storage-jar-tall-green-857ca049eb7395cc3472ce43dde6ddff.jpg","contentUrl":"https:\/\/hubsch-interior.com\/wp-content\/uploads\/2026\/02\/heir-storage-jar-tall-green-857ca049eb7395cc3472ce43dde6ddff.jpg","width":1024,"height":1024},{"@type":"BreadcrumbList","@id":"https:\/\/hubsch-interior.com\/da\/vare\/heir-opbevaringsglas-hoj-gron\/#breadcrumb","itemListElement":[{"@type":"ListItem","position":1,"name":"Forside","item":"https:\/\/hubsch-interior.com\/da\/"},{"@type":"ListItem","position":2,"name":"Produkter","item":"https:\/\/hubsch-interior.com\/da\/produkter\/"},{"@type":"ListItem","position":3,"name":"Boligtilbeh\u00f8r","item":"https:\/\/hubsch-interior.com\/da\/vare-kategori\/boligtilbehor\/"},{"@type":"ListItem","position":4,"name":"K&oslash;kkentilbeh&oslash;r","item":"https:\/\/hubsch-interior.com\/da\/vare-kategori\/boligtilbehor\/koekkentilbehoer-da\/"},{"@type":"ListItem","position":5,"name":"Opbevaringsglas","item":"https:\/\/hubsch-interior.com\/da\/vare-kategori\/boligtilbehor\/koekkentilbehoer-da\/opbevaringsglas-da\/"},{"@type":"ListItem","position":6,"name":"Heir Opbevaringsglas H\u00f8j Gr\u00f8n"}]},{"@type":"WebSite","@id":"https:\/\/hubsch-interior.com\/da\/#website","url":"https:\/\/hubsch-interior.com\/da\/","name":"H\u00fcbsch","description":"Danish Home Interior and Design","publisher":{"@id":"https:\/\/hubsch-interior.com\/da\/#organization"},"potentialAction":[{"@type":"SearchAction","target":{"@type":"EntryPoint","urlTemplate":"https:\/\/hubsch-interior.com\/da\/?s={search_term_string}"},"query-input":{"@type":"PropertyValueSpecification","valueRequired":true,"valueName":"search_term_string"}}],"inLanguage":"da-DK"},{"@type":"Organization","@id":"https:\/\/hubsch-interior.com\/da\/#organization","name":"H\u00fcbsch","url":"https:\/\/hubsch-interior.com\/da\/","logo":{"@type":"ImageObject","inLanguage":"da-DK","@id":"https:\/\/hubsch-interior.com\/da\/#\/schema\/logo\/image\/","url":"https:\/\/hubsch-interior.com\/wp-content\/uploads\/2022\/12\/Hubsch_logo_black_one_line.svg","contentUrl":"https:\/\/hubsch-interior.com\/wp-content\/uploads\/2022\/12\/Hubsch_logo_black_one_line.svg","caption":"H\u00fcbsch"},"image":{"@id":"https:\/\/hubsch-interior.com\/da\/#\/schema\/logo\/image\/"}}]}},"_links":{"self":[{"href":"https:\/\/hubsch-interior.com\/da\/wp-json\/wp\/v2\/product\/976375","targetHints":{"allow":["GET"]}}],"collection":[{"href":"https:\/\/hubsch-interior.com\/da\/wp-json\/wp\/v2\/product"}],"about":[{"href":"https:\/\/hubsch-interior.com\/da\/wp-json\/wp\/v2\/types\/product"}],"wp:featuredmedia":[{"embeddable":true,"href":"https:\/\/hubsch-interior.com\/da\/wp-json\/wp\/v2\/media\/1099430"}],"wp:attachment":[{"href":"https:\/\/hubsch-interior.com\/da\/wp-json\/wp\/v2\/media?parent=976375"}],"wp:term":[{"taxonomy":"product_brand","embeddable":true,"href":"https:\/\/hubsch-interior.com\/da\/wp-json\/wp\/v2\/product_brand?post=976375"},{"taxonomy":"product_cat","embeddable":true,"href":"https:\/\/hubsch-interior.com\/da\/wp-json\/wp\/v2\/product_cat?post=976375"},{"taxonomy":"product_tag","embeddable":true,"href":"https:\/\/hubsch-interior.com\/da\/wp-json\/wp\/v2\/product_tag?post=976375"}],"curies":[{"name":"wp","href":"https:\/\/api.w.org\/{rel}","templated":true}]}}