{"id":976403,"date":"2024-01-29T09:16:04","date_gmt":"2024-01-29T08:16:04","guid":{"rendered":"https:\/\/hubsch-interior.com\/product\/product\/"},"modified":"2026-04-05T04:39:17","modified_gmt":"2026-04-05T02:39:17","slug":"heir-opbevaringsglas-medium-lyserod","status":"publish","type":"product","link":"https:\/\/hubsch-interior.com\/da\/vare\/heir-opbevaringsglas-medium-lyserod\/","title":{"rendered":"Heir Opbevaringsglas Medium Lyser\u00f8d"},"content":{"rendered":"<p>F\u00e5 styr p\u00e5 alle dine sm\u00e5ting med vores Heir Opbevaringsglas i lyser\u00f8d. Det smukke Swirl-m\u00f8nster i pastelfarver vil pynte i ethvert hjem. De tre forskellige st\u00f8rrelser og farver g\u00f8r det nemt at v\u00e6lge den perfekte til dit behov. Lavet af let glas og godkendt til madopbevaring, kan du bruge den til at holde styr p\u00e5 dine f\u00f8devarer eller hjemlige smykker og sm\u00e5ting. Giv dit hjem en personlig touch med Heir Opbevaringsglas.<\/p>\n","protected":false},"excerpt":{"rendered":"<p>F\u00e5 styr p\u00e5 alle dine sm\u00e5ting med vores Heir Opbevaringsglas i lyser\u00f8d. Det smukke Swirl-m\u00f8nster i pastelfarver vil pynte i ethvert hjem. De tre forskellige st\u00f8rrelser og farver g\u00f8r det nemt at v\u00e6lge den perfekte til dit behov. Lavet af let glas og godkendt til madopbevaring, kan du bruge den til at holde styr p\u00e5 [&hellip;]<\/p>\n","protected":false},"featured_media":1099446,"template":"","meta":{"_acf_changed":false,"inline_featured_image":false},"product_brand":[],"product_cat":[6880,7046,6970,4051,4931,3109,3427,6517],"product_tag":[],"class_list":{"0":"post-976403","1":"product","2":"type-product","3":"status-publish","4":"has-post-thumbnail","6":"product_cat-elevating-nostalgia-da","7":"product_cat-koekken-opbevaring-da","8":"product_cat-paaskeudsalg","9":"product_cat-koekkentilbehoer-da","10":"product_cat-opbevaringsglas-da","11":"product_cat-opbevaring-da","12":"product_cat-krukker-da","13":"product_cat-outlet-da","14":"product_shipping_class-pk","16":"pa_color-lyserd","17":"pa_material-glas-da","19":"first","20":"instock","21":"sale","22":"taxable","23":"shipping-taxable","24":"purchasable","25":"product-type-simple"},"exclude_global_add_ons":[],"addons":[],"acf":[],"yoast_head":"<!-- This site is optimized with the Yoast SEO plugin v26.4 - https:\/\/yoast.com\/wordpress\/plugins\/seo\/ -->\n<title>Heir Opbevaringsglas Medium Lyser\u00f8d - H\u00fcbsch<\/title>\n<meta name=\"description\" content=\"F\u00e5 styr p\u00e5 alle dine sm\u00e5ting med vores Heir Opbevaringsglas i lyser\u00f8d. Det smukke Swirl-m\u00f8nster i pastelfarver vil pynte i ethvert hjem. De tre\" \/>\n<meta name=\"robots\" content=\"index, follow, max-snippet:-1, max-image-preview:large, max-video-preview:-1\" \/>\n<link rel=\"canonical\" href=\"https:\/\/hubsch-interior.com\/da\/wp-json\/wp\/v2\/product\/976403\" \/>\n<meta property=\"og:locale\" content=\"da_DK\" \/>\n<meta property=\"og:type\" content=\"article\" \/>\n<meta property=\"og:title\" content=\"Heir Opbevaringsglas Medium Lyser\u00f8d - H\u00fcbsch\" \/>\n<meta property=\"og:description\" content=\"F\u00e5 styr p\u00e5 alle dine sm\u00e5ting med vores Heir Opbevaringsglas i lyser\u00f8d. Det smukke Swirl-m\u00f8nster i pastelfarver vil pynte i ethvert hjem. De tre\" \/>\n<meta property=\"og:url\" content=\"https:\/\/hubsch-interior.com\/da\/vare\/heir-opbevaringsglas-medium-lyserod\/\" \/>\n<meta property=\"og:site_name\" content=\"H\u00fcbsch\" \/>\n<meta property=\"article:modified_time\" content=\"2026-04-05T02:39:17+00:00\" \/>\n<meta property=\"og:image\" content=\"https:\/\/hubsch-interior.com\/wp-content\/uploads\/2025\/04\/heir-storage-jar-medium-pink-32ad8f50860d2f0d319649d1146e2159.jpg\" \/>\n\t<meta property=\"og:image:width\" content=\"1200\" \/>\n\t<meta property=\"og:image:height\" content=\"1200\" \/>\n\t<meta property=\"og:image:type\" content=\"image\/jpeg\" \/>\n<meta name=\"twitter:card\" content=\"summary_large_image\" \/>\n<script type=\"application\/ld+json\" class=\"yoast-schema-graph\">{\"@context\":\"https:\/\/schema.org\",\"@graph\":[{\"@type\":\"WebPage\",\"@id\":\"https:\/\/hubsch-interior.com\/da\/vare\/heir-opbevaringsglas-medium-lyserod\/\",\"url\":\"https:\/\/hubsch-interior.com\/da\/vare\/heir-opbevaringsglas-medium-lyserod\/\",\"name\":\"Heir Opbevaringsglas Medium Lyser\u00f8d - H\u00fcbsch\",\"isPartOf\":{\"@id\":\"https:\/\/hubsch-interior.com\/da\/#website\"},\"primaryImageOfPage\":{\"@id\":\"https:\/\/hubsch-interior.com\/da\/vare\/heir-opbevaringsglas-medium-lyserod\/#primaryimage\"},\"image\":{\"@id\":\"https:\/\/hubsch-interior.com\/da\/vare\/heir-opbevaringsglas-medium-lyserod\/#primaryimage\"},\"thumbnailUrl\":\"https:\/\/hubsch-interior.com\/wp-content\/uploads\/2026\/02\/heir-storage-jar-medium-pink-30f82e7ab65be2432e82be776c505d50.jpg\",\"datePublished\":\"2024-01-29T08:16:04+00:00\",\"dateModified\":\"2026-04-05T02:39:17+00:00\",\"description\":\"F\u00e5 styr p\u00e5 alle dine sm\u00e5ting med vores Heir Opbevaringsglas i lyser\u00f8d. Det smukke Swirl-m\u00f8nster i pastelfarver vil pynte i ethvert hjem. De tre\",\"breadcrumb\":{\"@id\":\"https:\/\/hubsch-interior.com\/da\/vare\/heir-opbevaringsglas-medium-lyserod\/#breadcrumb\"},\"inLanguage\":\"da-DK\",\"potentialAction\":[{\"@type\":\"ReadAction\",\"target\":[\"https:\/\/hubsch-interior.com\/da\/vare\/heir-opbevaringsglas-medium-lyserod\/\"]}]},{\"@type\":\"ImageObject\",\"inLanguage\":\"da-DK\",\"@id\":\"https:\/\/hubsch-interior.com\/da\/vare\/heir-opbevaringsglas-medium-lyserod\/#primaryimage\",\"url\":\"https:\/\/hubsch-interior.com\/wp-content\/uploads\/2026\/02\/heir-storage-jar-medium-pink-30f82e7ab65be2432e82be776c505d50.jpg\",\"contentUrl\":\"https:\/\/hubsch-interior.com\/wp-content\/uploads\/2026\/02\/heir-storage-jar-medium-pink-30f82e7ab65be2432e82be776c505d50.jpg\",\"width\":1024,\"height\":1024},{\"@type\":\"BreadcrumbList\",\"@id\":\"https:\/\/hubsch-interior.com\/da\/vare\/heir-opbevaringsglas-medium-lyserod\/#breadcrumb\",\"itemListElement\":[{\"@type\":\"ListItem\",\"position\":1,\"name\":\"Forside\",\"item\":\"https:\/\/hubsch-interior.com\/da\/\"},{\"@type\":\"ListItem\",\"position\":2,\"name\":\"Produkter\",\"item\":\"https:\/\/hubsch-interior.com\/da\/produkter\/\"},{\"@type\":\"ListItem\",\"position\":3,\"name\":\"Boligtilbeh\u00f8r\",\"item\":\"https:\/\/hubsch-interior.com\/da\/vare-kategori\/boligtilbehor\/\"},{\"@type\":\"ListItem\",\"position\":4,\"name\":\"K&oslash;kkentilbeh&oslash;r\",\"item\":\"https:\/\/hubsch-interior.com\/da\/vare-kategori\/boligtilbehor\/koekkentilbehoer-da\/\"},{\"@type\":\"ListItem\",\"position\":5,\"name\":\"Opbevaringsglas\",\"item\":\"https:\/\/hubsch-interior.com\/da\/vare-kategori\/boligtilbehor\/koekkentilbehoer-da\/opbevaringsglas-da\/\"},{\"@type\":\"ListItem\",\"position\":6,\"name\":\"Heir Opbevaringsglas Medium Lyser\u00f8d\"}]},{\"@type\":\"WebSite\",\"@id\":\"https:\/\/hubsch-interior.com\/da\/#website\",\"url\":\"https:\/\/hubsch-interior.com\/da\/\",\"name\":\"H\u00fcbsch\",\"description\":\"Danish Home Interior and Design\",\"publisher\":{\"@id\":\"https:\/\/hubsch-interior.com\/da\/#organization\"},\"potentialAction\":[{\"@type\":\"SearchAction\",\"target\":{\"@type\":\"EntryPoint\",\"urlTemplate\":\"https:\/\/hubsch-interior.com\/da\/?s={search_term_string}\"},\"query-input\":{\"@type\":\"PropertyValueSpecification\",\"valueRequired\":true,\"valueName\":\"search_term_string\"}}],\"inLanguage\":\"da-DK\"},{\"@type\":\"Organization\",\"@id\":\"https:\/\/hubsch-interior.com\/da\/#organization\",\"name\":\"H\u00fcbsch\",\"url\":\"https:\/\/hubsch-interior.com\/da\/\",\"logo\":{\"@type\":\"ImageObject\",\"inLanguage\":\"da-DK\",\"@id\":\"https:\/\/hubsch-interior.com\/da\/#\/schema\/logo\/image\/\",\"url\":\"https:\/\/hubsch-interior.com\/wp-content\/uploads\/2022\/12\/Hubsch_logo_black_one_line.svg\",\"contentUrl\":\"https:\/\/hubsch-interior.com\/wp-content\/uploads\/2022\/12\/Hubsch_logo_black_one_line.svg\",\"caption\":\"H\u00fcbsch\"},\"image\":{\"@id\":\"https:\/\/hubsch-interior.com\/da\/#\/schema\/logo\/image\/\"}}]}<\/script>\n<!-- \/ Yoast SEO plugin. -->","yoast_head_json":{"title":"Heir Opbevaringsglas Medium Lyser\u00f8d - H\u00fcbsch","description":"F\u00e5 styr p\u00e5 alle dine sm\u00e5ting med vores Heir Opbevaringsglas i lyser\u00f8d. Det smukke Swirl-m\u00f8nster i pastelfarver vil pynte i ethvert hjem. De tre","robots":{"index":"index","follow":"follow","max-snippet":"max-snippet:-1","max-image-preview":"max-image-preview:large","max-video-preview":"max-video-preview:-1"},"canonical":"https:\/\/hubsch-interior.com\/da\/wp-json\/wp\/v2\/product\/976403","og_locale":"da_DK","og_type":"article","og_title":"Heir Opbevaringsglas Medium Lyser\u00f8d - H\u00fcbsch","og_description":"F\u00e5 styr p\u00e5 alle dine sm\u00e5ting med vores Heir Opbevaringsglas i lyser\u00f8d. Det smukke Swirl-m\u00f8nster i pastelfarver vil pynte i ethvert hjem. De tre","og_url":"https:\/\/hubsch-interior.com\/da\/vare\/heir-opbevaringsglas-medium-lyserod\/","og_site_name":"H\u00fcbsch","article_modified_time":"2026-04-05T02:39:17+00:00","og_image":[{"width":1200,"height":1200,"url":"https:\/\/hubsch-interior.com\/wp-content\/uploads\/2025\/04\/heir-storage-jar-medium-pink-32ad8f50860d2f0d319649d1146e2159.jpg","type":"image\/jpeg"}],"twitter_card":"summary_large_image","schema":{"@context":"https:\/\/schema.org","@graph":[{"@type":"WebPage","@id":"https:\/\/hubsch-interior.com\/da\/vare\/heir-opbevaringsglas-medium-lyserod\/","url":"https:\/\/hubsch-interior.com\/da\/vare\/heir-opbevaringsglas-medium-lyserod\/","name":"Heir Opbevaringsglas Medium Lyser\u00f8d - H\u00fcbsch","isPartOf":{"@id":"https:\/\/hubsch-interior.com\/da\/#website"},"primaryImageOfPage":{"@id":"https:\/\/hubsch-interior.com\/da\/vare\/heir-opbevaringsglas-medium-lyserod\/#primaryimage"},"image":{"@id":"https:\/\/hubsch-interior.com\/da\/vare\/heir-opbevaringsglas-medium-lyserod\/#primaryimage"},"thumbnailUrl":"https:\/\/hubsch-interior.com\/wp-content\/uploads\/2026\/02\/heir-storage-jar-medium-pink-30f82e7ab65be2432e82be776c505d50.jpg","datePublished":"2024-01-29T08:16:04+00:00","dateModified":"2026-04-05T02:39:17+00:00","description":"F\u00e5 styr p\u00e5 alle dine sm\u00e5ting med vores Heir Opbevaringsglas i lyser\u00f8d. Det smukke Swirl-m\u00f8nster i pastelfarver vil pynte i ethvert hjem. De tre","breadcrumb":{"@id":"https:\/\/hubsch-interior.com\/da\/vare\/heir-opbevaringsglas-medium-lyserod\/#breadcrumb"},"inLanguage":"da-DK","potentialAction":[{"@type":"ReadAction","target":["https:\/\/hubsch-interior.com\/da\/vare\/heir-opbevaringsglas-medium-lyserod\/"]}]},{"@type":"ImageObject","inLanguage":"da-DK","@id":"https:\/\/hubsch-interior.com\/da\/vare\/heir-opbevaringsglas-medium-lyserod\/#primaryimage","url":"https:\/\/hubsch-interior.com\/wp-content\/uploads\/2026\/02\/heir-storage-jar-medium-pink-30f82e7ab65be2432e82be776c505d50.jpg","contentUrl":"https:\/\/hubsch-interior.com\/wp-content\/uploads\/2026\/02\/heir-storage-jar-medium-pink-30f82e7ab65be2432e82be776c505d50.jpg","width":1024,"height":1024},{"@type":"BreadcrumbList","@id":"https:\/\/hubsch-interior.com\/da\/vare\/heir-opbevaringsglas-medium-lyserod\/#breadcrumb","itemListElement":[{"@type":"ListItem","position":1,"name":"Forside","item":"https:\/\/hubsch-interior.com\/da\/"},{"@type":"ListItem","position":2,"name":"Produkter","item":"https:\/\/hubsch-interior.com\/da\/produkter\/"},{"@type":"ListItem","position":3,"name":"Boligtilbeh\u00f8r","item":"https:\/\/hubsch-interior.com\/da\/vare-kategori\/boligtilbehor\/"},{"@type":"ListItem","position":4,"name":"K&oslash;kkentilbeh&oslash;r","item":"https:\/\/hubsch-interior.com\/da\/vare-kategori\/boligtilbehor\/koekkentilbehoer-da\/"},{"@type":"ListItem","position":5,"name":"Opbevaringsglas","item":"https:\/\/hubsch-interior.com\/da\/vare-kategori\/boligtilbehor\/koekkentilbehoer-da\/opbevaringsglas-da\/"},{"@type":"ListItem","position":6,"name":"Heir Opbevaringsglas Medium Lyser\u00f8d"}]},{"@type":"WebSite","@id":"https:\/\/hubsch-interior.com\/da\/#website","url":"https:\/\/hubsch-interior.com\/da\/","name":"H\u00fcbsch","description":"Danish Home Interior and Design","publisher":{"@id":"https:\/\/hubsch-interior.com\/da\/#organization"},"potentialAction":[{"@type":"SearchAction","target":{"@type":"EntryPoint","urlTemplate":"https:\/\/hubsch-interior.com\/da\/?s={search_term_string}"},"query-input":{"@type":"PropertyValueSpecification","valueRequired":true,"valueName":"search_term_string"}}],"inLanguage":"da-DK"},{"@type":"Organization","@id":"https:\/\/hubsch-interior.com\/da\/#organization","name":"H\u00fcbsch","url":"https:\/\/hubsch-interior.com\/da\/","logo":{"@type":"ImageObject","inLanguage":"da-DK","@id":"https:\/\/hubsch-interior.com\/da\/#\/schema\/logo\/image\/","url":"https:\/\/hubsch-interior.com\/wp-content\/uploads\/2022\/12\/Hubsch_logo_black_one_line.svg","contentUrl":"https:\/\/hubsch-interior.com\/wp-content\/uploads\/2022\/12\/Hubsch_logo_black_one_line.svg","caption":"H\u00fcbsch"},"image":{"@id":"https:\/\/hubsch-interior.com\/da\/#\/schema\/logo\/image\/"}}]}},"_links":{"self":[{"href":"https:\/\/hubsch-interior.com\/da\/wp-json\/wp\/v2\/product\/976403","targetHints":{"allow":["GET"]}}],"collection":[{"href":"https:\/\/hubsch-interior.com\/da\/wp-json\/wp\/v2\/product"}],"about":[{"href":"https:\/\/hubsch-interior.com\/da\/wp-json\/wp\/v2\/types\/product"}],"wp:featuredmedia":[{"embeddable":true,"href":"https:\/\/hubsch-interior.com\/da\/wp-json\/wp\/v2\/media\/1099446"}],"wp:attachment":[{"href":"https:\/\/hubsch-interior.com\/da\/wp-json\/wp\/v2\/media?parent=976403"}],"wp:term":[{"taxonomy":"product_brand","embeddable":true,"href":"https:\/\/hubsch-interior.com\/da\/wp-json\/wp\/v2\/product_brand?post=976403"},{"taxonomy":"product_cat","embeddable":true,"href":"https:\/\/hubsch-interior.com\/da\/wp-json\/wp\/v2\/product_cat?post=976403"},{"taxonomy":"product_tag","embeddable":true,"href":"https:\/\/hubsch-interior.com\/da\/wp-json\/wp\/v2\/product_tag?post=976403"}],"curies":[{"name":"wp","href":"https:\/\/api.w.org\/{rel}","templated":true}]}}