{"id":976483,"date":"2024-01-29T09:16:34","date_gmt":"2024-01-29T08:16:34","guid":{"rendered":"https:\/\/hubsch-interior.com\/product\/product\/"},"modified":"2026-04-30T04:39:25","modified_gmt":"2026-04-30T02:39:25","slug":"ruffle-vase-klar","status":"publish","type":"product","link":"https:\/\/hubsch-interior.com\/da\/vare\/ruffle-vase-klar\/","title":{"rendered":"Ruffle  Vase Klar"},"content":{"rendered":"<p>Denne smukke Ruffle Vase er en uundv\u00e6rlig tilf\u00f8jelse til ethvert hjem. Det teksturerede klare glas giver et elegant udtryk, b\u00e5de n\u00e5r den er i brug til at fremvise storsl\u00e5ede blomsterbuketter eller som en skulpturel dekoration i sig selv. De unikke rynkede kanter af vasen tilf\u00f8jer et ekstra touch af elegance. Perfekt til at fremh\u00e6ve \u00e5bne buketter og skabe en forh\u00f8jet blomsterarrangement. Lad denne klare glas vase blive et smukt indslag i dit hjem.<\/p>\n","protected":false},"excerpt":{"rendered":"<p>Denne smukke Ruffle Vase er en uundv\u00e6rlig tilf\u00f8jelse til ethvert hjem. Det teksturerede klare glas giver et elegant udtryk, b\u00e5de n\u00e5r den er i brug til at fremvise storsl\u00e5ede blomsterbuketter eller som en skulpturel dekoration i sig selv. De unikke rynkede kanter af vasen tilf\u00f8jer et ekstra touch af elegance. Perfekt til at fremh\u00e6ve \u00e5bne [&hellip;]<\/p>\n","protected":false},"featured_media":1099507,"template":"","meta":{"_acf_changed":false,"inline_featured_image":false},"product_brand":[],"product_cat":[6880,6970,3152],"product_tag":[],"class_list":{"0":"post-976483","1":"product","2":"type-product","3":"status-publish","4":"has-post-thumbnail","6":"product_cat-elevating-nostalgia-da","7":"product_cat-paaskeudsalg","8":"product_cat-vaser-da","9":"product_shipping_class-pk","10":"pa_color-klar","11":"pa_material-glas-da","13":"first","14":"instock","15":"taxable","16":"shipping-taxable","17":"purchasable","18":"product-type-simple"},"exclude_global_add_ons":[],"addons":[],"acf":[],"yoast_head":"<!-- This site is optimized with the Yoast SEO plugin v26.4 - https:\/\/yoast.com\/wordpress\/plugins\/seo\/ -->\n<title>Ruffle Vase Klar - H\u00fcbsch<\/title>\n<meta name=\"description\" content=\"Denne smukke Ruffle Vase er en uundv\u00e6rlig tilf\u00f8jelse til ethvert hjem. Det teksturerede klare glas giver et elegant udtryk, b\u00e5de n\u00e5r den er i brug til at\" \/>\n<meta name=\"robots\" content=\"index, follow, max-snippet:-1, max-image-preview:large, max-video-preview:-1\" \/>\n<link rel=\"canonical\" href=\"https:\/\/hubsch-interior.com\/da\/wp-json\/wp\/v2\/product\/976483\" \/>\n<meta property=\"og:locale\" content=\"da_DK\" \/>\n<meta property=\"og:type\" content=\"article\" \/>\n<meta property=\"og:title\" content=\"Ruffle Vase Klar - H\u00fcbsch\" \/>\n<meta property=\"og:description\" content=\"Denne smukke Ruffle Vase er en uundv\u00e6rlig tilf\u00f8jelse til ethvert hjem. Det teksturerede klare glas giver et elegant udtryk, b\u00e5de n\u00e5r den er i brug til at\" \/>\n<meta property=\"og:url\" content=\"https:\/\/hubsch-interior.com\/da\/vare\/ruffle-vase-klar\/\" \/>\n<meta property=\"og:site_name\" content=\"H\u00fcbsch\" \/>\n<meta property=\"article:modified_time\" content=\"2026-04-30T02:39:25+00:00\" \/>\n<meta property=\"og:image\" content=\"https:\/\/hubsch-interior.com\/wp-content\/uploads\/2024\/01\/ruffle-vase-clear-488e3801a7e74b5e25f334e2cb8561a8.jpg\" \/>\n\t<meta property=\"og:image:width\" content=\"1200\" \/>\n\t<meta property=\"og:image:height\" content=\"1200\" \/>\n\t<meta property=\"og:image:type\" content=\"image\/jpeg\" \/>\n<meta name=\"twitter:card\" content=\"summary_large_image\" \/>\n<script type=\"application\/ld+json\" class=\"yoast-schema-graph\">{\"@context\":\"https:\/\/schema.org\",\"@graph\":[{\"@type\":\"WebPage\",\"@id\":\"https:\/\/hubsch-interior.com\/da\/vare\/ruffle-vase-klar\/\",\"url\":\"https:\/\/hubsch-interior.com\/da\/vare\/ruffle-vase-klar\/\",\"name\":\"Ruffle Vase Klar - H\u00fcbsch\",\"isPartOf\":{\"@id\":\"https:\/\/hubsch-interior.com\/da\/#website\"},\"primaryImageOfPage\":{\"@id\":\"https:\/\/hubsch-interior.com\/da\/vare\/ruffle-vase-klar\/#primaryimage\"},\"image\":{\"@id\":\"https:\/\/hubsch-interior.com\/da\/vare\/ruffle-vase-klar\/#primaryimage\"},\"thumbnailUrl\":\"https:\/\/hubsch-interior.com\/wp-content\/uploads\/2026\/02\/ruffle-vase-clear-3da4b66ff82d122d920992482612c85e.jpg\",\"datePublished\":\"2024-01-29T08:16:34+00:00\",\"dateModified\":\"2026-04-30T02:39:25+00:00\",\"description\":\"Denne smukke Ruffle Vase er en uundv\u00e6rlig tilf\u00f8jelse til ethvert hjem. Det teksturerede klare glas giver et elegant udtryk, b\u00e5de n\u00e5r den er i brug til at\",\"breadcrumb\":{\"@id\":\"https:\/\/hubsch-interior.com\/da\/vare\/ruffle-vase-klar\/#breadcrumb\"},\"inLanguage\":\"da-DK\",\"potentialAction\":[{\"@type\":\"ReadAction\",\"target\":[\"https:\/\/hubsch-interior.com\/da\/vare\/ruffle-vase-klar\/\"]}]},{\"@type\":\"ImageObject\",\"inLanguage\":\"da-DK\",\"@id\":\"https:\/\/hubsch-interior.com\/da\/vare\/ruffle-vase-klar\/#primaryimage\",\"url\":\"https:\/\/hubsch-interior.com\/wp-content\/uploads\/2026\/02\/ruffle-vase-clear-3da4b66ff82d122d920992482612c85e.jpg\",\"contentUrl\":\"https:\/\/hubsch-interior.com\/wp-content\/uploads\/2026\/02\/ruffle-vase-clear-3da4b66ff82d122d920992482612c85e.jpg\",\"width\":1024,\"height\":1024},{\"@type\":\"BreadcrumbList\",\"@id\":\"https:\/\/hubsch-interior.com\/da\/vare\/ruffle-vase-klar\/#breadcrumb\",\"itemListElement\":[{\"@type\":\"ListItem\",\"position\":1,\"name\":\"Forside\",\"item\":\"https:\/\/hubsch-interior.com\/da\/\"},{\"@type\":\"ListItem\",\"position\":2,\"name\":\"Produkter\",\"item\":\"https:\/\/hubsch-interior.com\/da\/produkter\/\"},{\"@type\":\"ListItem\",\"position\":3,\"name\":\"Boligtilbeh\u00f8r\",\"item\":\"https:\/\/hubsch-interior.com\/da\/vare-kategori\/boligtilbehor\/\"},{\"@type\":\"ListItem\",\"position\":4,\"name\":\"Vaser\",\"item\":\"https:\/\/hubsch-interior.com\/da\/vare-kategori\/boligtilbehor\/vaser-da\/\"},{\"@type\":\"ListItem\",\"position\":5,\"name\":\"Ruffle Vase Klar\"}]},{\"@type\":\"WebSite\",\"@id\":\"https:\/\/hubsch-interior.com\/da\/#website\",\"url\":\"https:\/\/hubsch-interior.com\/da\/\",\"name\":\"H\u00fcbsch\",\"description\":\"Danish Home Interior and Design\",\"publisher\":{\"@id\":\"https:\/\/hubsch-interior.com\/da\/#organization\"},\"potentialAction\":[{\"@type\":\"SearchAction\",\"target\":{\"@type\":\"EntryPoint\",\"urlTemplate\":\"https:\/\/hubsch-interior.com\/da\/?s={search_term_string}\"},\"query-input\":{\"@type\":\"PropertyValueSpecification\",\"valueRequired\":true,\"valueName\":\"search_term_string\"}}],\"inLanguage\":\"da-DK\"},{\"@type\":\"Organization\",\"@id\":\"https:\/\/hubsch-interior.com\/da\/#organization\",\"name\":\"H\u00fcbsch\",\"url\":\"https:\/\/hubsch-interior.com\/da\/\",\"logo\":{\"@type\":\"ImageObject\",\"inLanguage\":\"da-DK\",\"@id\":\"https:\/\/hubsch-interior.com\/da\/#\/schema\/logo\/image\/\",\"url\":\"https:\/\/hubsch-interior.com\/wp-content\/uploads\/2022\/12\/Hubsch_logo_black_one_line.svg\",\"contentUrl\":\"https:\/\/hubsch-interior.com\/wp-content\/uploads\/2022\/12\/Hubsch_logo_black_one_line.svg\",\"caption\":\"H\u00fcbsch\"},\"image\":{\"@id\":\"https:\/\/hubsch-interior.com\/da\/#\/schema\/logo\/image\/\"}}]}<\/script>\n<!-- \/ Yoast SEO plugin. -->","yoast_head_json":{"title":"Ruffle Vase Klar - H\u00fcbsch","description":"Denne smukke Ruffle Vase er en uundv\u00e6rlig tilf\u00f8jelse til ethvert hjem. Det teksturerede klare glas giver et elegant udtryk, b\u00e5de n\u00e5r den er i brug til at","robots":{"index":"index","follow":"follow","max-snippet":"max-snippet:-1","max-image-preview":"max-image-preview:large","max-video-preview":"max-video-preview:-1"},"canonical":"https:\/\/hubsch-interior.com\/da\/wp-json\/wp\/v2\/product\/976483","og_locale":"da_DK","og_type":"article","og_title":"Ruffle Vase Klar - H\u00fcbsch","og_description":"Denne smukke Ruffle Vase er en uundv\u00e6rlig tilf\u00f8jelse til ethvert hjem. Det teksturerede klare glas giver et elegant udtryk, b\u00e5de n\u00e5r den er i brug til at","og_url":"https:\/\/hubsch-interior.com\/da\/vare\/ruffle-vase-klar\/","og_site_name":"H\u00fcbsch","article_modified_time":"2026-04-30T02:39:25+00:00","og_image":[{"width":1200,"height":1200,"url":"https:\/\/hubsch-interior.com\/wp-content\/uploads\/2024\/01\/ruffle-vase-clear-488e3801a7e74b5e25f334e2cb8561a8.jpg","type":"image\/jpeg"}],"twitter_card":"summary_large_image","schema":{"@context":"https:\/\/schema.org","@graph":[{"@type":"WebPage","@id":"https:\/\/hubsch-interior.com\/da\/vare\/ruffle-vase-klar\/","url":"https:\/\/hubsch-interior.com\/da\/vare\/ruffle-vase-klar\/","name":"Ruffle Vase Klar - H\u00fcbsch","isPartOf":{"@id":"https:\/\/hubsch-interior.com\/da\/#website"},"primaryImageOfPage":{"@id":"https:\/\/hubsch-interior.com\/da\/vare\/ruffle-vase-klar\/#primaryimage"},"image":{"@id":"https:\/\/hubsch-interior.com\/da\/vare\/ruffle-vase-klar\/#primaryimage"},"thumbnailUrl":"https:\/\/hubsch-interior.com\/wp-content\/uploads\/2026\/02\/ruffle-vase-clear-3da4b66ff82d122d920992482612c85e.jpg","datePublished":"2024-01-29T08:16:34+00:00","dateModified":"2026-04-30T02:39:25+00:00","description":"Denne smukke Ruffle Vase er en uundv\u00e6rlig tilf\u00f8jelse til ethvert hjem. Det teksturerede klare glas giver et elegant udtryk, b\u00e5de n\u00e5r den er i brug til at","breadcrumb":{"@id":"https:\/\/hubsch-interior.com\/da\/vare\/ruffle-vase-klar\/#breadcrumb"},"inLanguage":"da-DK","potentialAction":[{"@type":"ReadAction","target":["https:\/\/hubsch-interior.com\/da\/vare\/ruffle-vase-klar\/"]}]},{"@type":"ImageObject","inLanguage":"da-DK","@id":"https:\/\/hubsch-interior.com\/da\/vare\/ruffle-vase-klar\/#primaryimage","url":"https:\/\/hubsch-interior.com\/wp-content\/uploads\/2026\/02\/ruffle-vase-clear-3da4b66ff82d122d920992482612c85e.jpg","contentUrl":"https:\/\/hubsch-interior.com\/wp-content\/uploads\/2026\/02\/ruffle-vase-clear-3da4b66ff82d122d920992482612c85e.jpg","width":1024,"height":1024},{"@type":"BreadcrumbList","@id":"https:\/\/hubsch-interior.com\/da\/vare\/ruffle-vase-klar\/#breadcrumb","itemListElement":[{"@type":"ListItem","position":1,"name":"Forside","item":"https:\/\/hubsch-interior.com\/da\/"},{"@type":"ListItem","position":2,"name":"Produkter","item":"https:\/\/hubsch-interior.com\/da\/produkter\/"},{"@type":"ListItem","position":3,"name":"Boligtilbeh\u00f8r","item":"https:\/\/hubsch-interior.com\/da\/vare-kategori\/boligtilbehor\/"},{"@type":"ListItem","position":4,"name":"Vaser","item":"https:\/\/hubsch-interior.com\/da\/vare-kategori\/boligtilbehor\/vaser-da\/"},{"@type":"ListItem","position":5,"name":"Ruffle Vase Klar"}]},{"@type":"WebSite","@id":"https:\/\/hubsch-interior.com\/da\/#website","url":"https:\/\/hubsch-interior.com\/da\/","name":"H\u00fcbsch","description":"Danish Home Interior and Design","publisher":{"@id":"https:\/\/hubsch-interior.com\/da\/#organization"},"potentialAction":[{"@type":"SearchAction","target":{"@type":"EntryPoint","urlTemplate":"https:\/\/hubsch-interior.com\/da\/?s={search_term_string}"},"query-input":{"@type":"PropertyValueSpecification","valueRequired":true,"valueName":"search_term_string"}}],"inLanguage":"da-DK"},{"@type":"Organization","@id":"https:\/\/hubsch-interior.com\/da\/#organization","name":"H\u00fcbsch","url":"https:\/\/hubsch-interior.com\/da\/","logo":{"@type":"ImageObject","inLanguage":"da-DK","@id":"https:\/\/hubsch-interior.com\/da\/#\/schema\/logo\/image\/","url":"https:\/\/hubsch-interior.com\/wp-content\/uploads\/2022\/12\/Hubsch_logo_black_one_line.svg","contentUrl":"https:\/\/hubsch-interior.com\/wp-content\/uploads\/2022\/12\/Hubsch_logo_black_one_line.svg","caption":"H\u00fcbsch"},"image":{"@id":"https:\/\/hubsch-interior.com\/da\/#\/schema\/logo\/image\/"}}]}},"_links":{"self":[{"href":"https:\/\/hubsch-interior.com\/da\/wp-json\/wp\/v2\/product\/976483","targetHints":{"allow":["GET"]}}],"collection":[{"href":"https:\/\/hubsch-interior.com\/da\/wp-json\/wp\/v2\/product"}],"about":[{"href":"https:\/\/hubsch-interior.com\/da\/wp-json\/wp\/v2\/types\/product"}],"wp:featuredmedia":[{"embeddable":true,"href":"https:\/\/hubsch-interior.com\/da\/wp-json\/wp\/v2\/media\/1099507"}],"wp:attachment":[{"href":"https:\/\/hubsch-interior.com\/da\/wp-json\/wp\/v2\/media?parent=976483"}],"wp:term":[{"taxonomy":"product_brand","embeddable":true,"href":"https:\/\/hubsch-interior.com\/da\/wp-json\/wp\/v2\/product_brand?post=976483"},{"taxonomy":"product_cat","embeddable":true,"href":"https:\/\/hubsch-interior.com\/da\/wp-json\/wp\/v2\/product_cat?post=976483"},{"taxonomy":"product_tag","embeddable":true,"href":"https:\/\/hubsch-interior.com\/da\/wp-json\/wp\/v2\/product_tag?post=976483"}],"curies":[{"name":"wp","href":"https:\/\/api.w.org\/{rel}","templated":true}]}}