{"id":976503,"date":"2024-01-29T09:18:31","date_gmt":"2024-01-29T08:18:31","guid":{"rendered":"https:\/\/hubsch-interior.com\/product\/product\/"},"modified":"2026-04-09T04:42:10","modified_gmt":"2026-04-09T02:42:10","slug":"mochi-puf-sand-flerfarvet","status":"publish","type":"product","link":"https:\/\/hubsch-interior.com\/da\/vare\/mochi-puf-sand-flerfarvet\/","title":{"rendered":"Mochi Puf Sand\/\u00a0Flerfarvet"},"content":{"rendered":"<p>M\u00f8d Mochi Puf &#8211; en sjov og farverig tilf\u00f8jelse til dit hjem! Denne bomulds puf kommer i sandfarvet flerfarvet design, der er skabt med en v\u00e6vet tekstil for at skabe et interessant m\u00f8nster med flere forskellige farver. Med to forskellige varianter i Mochi serien, er det det perfekte valg til at tilf\u00f8je et pop af farve til ethvert rum. Den store og behagelige puf kan bruges som ekstra siddeplads eller som en hyggelig tilf\u00f8jelse til dit hjem. G\u00f8r Mochi Puf til din nye favorit i indretningen!<\/p>\n","protected":false},"excerpt":{"rendered":"<p>M\u00f8d Mochi Puf &#8211; en sjov og farverig tilf\u00f8jelse til dit hjem! Denne bomulds puf kommer i sandfarvet flerfarvet design, der er skabt med en v\u00e6vet tekstil for at skabe et interessant m\u00f8nster med flere forskellige farver. Med to forskellige varianter i Mochi serien, er det det perfekte valg til at tilf\u00f8je et pop af [&hellip;]<\/p>\n","protected":false},"featured_media":1100267,"template":"","meta":{"_acf_changed":false,"inline_featured_image":false},"product_brand":[],"product_cat":[6880,2841,5456,5025,5029],"product_tag":[],"class_list":{"0":"post-976503","1":"product","2":"type-product","3":"status-publish","4":"has-post-thumbnail","6":"product_cat-elevating-nostalgia-da","7":"product_cat-siddemoebler-da","8":"product_cat-puffer-da","9":"product_cat-bestsellers-da","10":"product_cat-tilbage-paa-lager-da","11":"product_shipping_class-p05","13":"pa_color-sand-da","14":"pa_color-flerfarvet-2","15":"pa_material-cotton-100-da","17":"first","18":"instock","19":"featured","20":"taxable","21":"shipping-taxable","22":"purchasable","23":"product-type-simple"},"exclude_global_add_ons":[],"addons":[],"acf":[],"yoast_head":"<!-- This site is optimized with the Yoast SEO plugin v26.4 - https:\/\/yoast.com\/wordpress\/plugins\/seo\/ -->\n<title>Mochi Puf Sand\/\u00a0Flerfarvet - H\u00fcbsch<\/title>\n<meta name=\"description\" content=\"M\u00f8d Mochi Puf - en sjov og farverig tilf\u00f8jelse til dit hjem! Denne bomulds puf kommer i sandfarvet flerfarvet design, der er skabt med en v\u00e6vet tekstil\" \/>\n<meta name=\"robots\" content=\"index, follow, max-snippet:-1, max-image-preview:large, max-video-preview:-1\" \/>\n<link rel=\"canonical\" href=\"https:\/\/hubsch-interior.com\/da\/wp-json\/wp\/v2\/product\/976503\" \/>\n<meta property=\"og:locale\" content=\"da_DK\" \/>\n<meta property=\"og:type\" content=\"article\" \/>\n<meta property=\"og:title\" content=\"Mochi Puf Sand\/\u00a0Flerfarvet - H\u00fcbsch\" \/>\n<meta property=\"og:description\" content=\"M\u00f8d Mochi Puf - en sjov og farverig tilf\u00f8jelse til dit hjem! Denne bomulds puf kommer i sandfarvet flerfarvet design, der er skabt med en v\u00e6vet tekstil\" \/>\n<meta property=\"og:url\" content=\"https:\/\/hubsch-interior.com\/da\/vare\/mochi-puf-sand-flerfarvet\/\" \/>\n<meta property=\"og:site_name\" content=\"H\u00fcbsch\" \/>\n<meta property=\"article:modified_time\" content=\"2026-04-09T02:42:10+00:00\" \/>\n<meta property=\"og:image\" content=\"https:\/\/hubsch-interior.com\/wp-content\/uploads\/2024\/01\/mochi-pouffe-sandmulticolour-7b9ea413891774ef29f05d0a026c644d.jpg\" \/>\n\t<meta property=\"og:image:width\" content=\"1200\" \/>\n\t<meta property=\"og:image:height\" content=\"1200\" \/>\n\t<meta property=\"og:image:type\" content=\"image\/jpeg\" \/>\n<meta name=\"twitter:card\" content=\"summary_large_image\" \/>\n<script type=\"application\/ld+json\" class=\"yoast-schema-graph\">{\"@context\":\"https:\/\/schema.org\",\"@graph\":[{\"@type\":\"WebPage\",\"@id\":\"https:\/\/hubsch-interior.com\/da\/vare\/mochi-puf-sand-flerfarvet\/\",\"url\":\"https:\/\/hubsch-interior.com\/da\/vare\/mochi-puf-sand-flerfarvet\/\",\"name\":\"Mochi Puf Sand\/\u00a0Flerfarvet - H\u00fcbsch\",\"isPartOf\":{\"@id\":\"https:\/\/hubsch-interior.com\/da\/#website\"},\"primaryImageOfPage\":{\"@id\":\"https:\/\/hubsch-interior.com\/da\/vare\/mochi-puf-sand-flerfarvet\/#primaryimage\"},\"image\":{\"@id\":\"https:\/\/hubsch-interior.com\/da\/vare\/mochi-puf-sand-flerfarvet\/#primaryimage\"},\"thumbnailUrl\":\"https:\/\/hubsch-interior.com\/wp-content\/uploads\/2026\/02\/mochi-pouffe-sandmulticolour-bfe4e493c62de4b9b15d5c2dbf7218b3.jpg\",\"datePublished\":\"2024-01-29T08:18:31+00:00\",\"dateModified\":\"2026-04-09T02:42:10+00:00\",\"description\":\"M\u00f8d Mochi Puf - en sjov og farverig tilf\u00f8jelse til dit hjem! Denne bomulds puf kommer i sandfarvet flerfarvet design, der er skabt med en v\u00e6vet tekstil\",\"breadcrumb\":{\"@id\":\"https:\/\/hubsch-interior.com\/da\/vare\/mochi-puf-sand-flerfarvet\/#breadcrumb\"},\"inLanguage\":\"da-DK\",\"potentialAction\":[{\"@type\":\"ReadAction\",\"target\":[\"https:\/\/hubsch-interior.com\/da\/vare\/mochi-puf-sand-flerfarvet\/\"]}]},{\"@type\":\"ImageObject\",\"inLanguage\":\"da-DK\",\"@id\":\"https:\/\/hubsch-interior.com\/da\/vare\/mochi-puf-sand-flerfarvet\/#primaryimage\",\"url\":\"https:\/\/hubsch-interior.com\/wp-content\/uploads\/2026\/02\/mochi-pouffe-sandmulticolour-bfe4e493c62de4b9b15d5c2dbf7218b3.jpg\",\"contentUrl\":\"https:\/\/hubsch-interior.com\/wp-content\/uploads\/2026\/02\/mochi-pouffe-sandmulticolour-bfe4e493c62de4b9b15d5c2dbf7218b3.jpg\",\"width\":1024,\"height\":1024},{\"@type\":\"BreadcrumbList\",\"@id\":\"https:\/\/hubsch-interior.com\/da\/vare\/mochi-puf-sand-flerfarvet\/#breadcrumb\",\"itemListElement\":[{\"@type\":\"ListItem\",\"position\":1,\"name\":\"Forside\",\"item\":\"https:\/\/hubsch-interior.com\/da\/\"},{\"@type\":\"ListItem\",\"position\":2,\"name\":\"Produkter\",\"item\":\"https:\/\/hubsch-interior.com\/da\/produkter\/\"},{\"@type\":\"ListItem\",\"position\":3,\"name\":\"M\u00f8bler\",\"item\":\"https:\/\/hubsch-interior.com\/da\/vare-kategori\/mobler\/\"},{\"@type\":\"ListItem\",\"position\":4,\"name\":\"Siddem&oslash;bler\",\"item\":\"https:\/\/hubsch-interior.com\/da\/vare-kategori\/mobler\/siddemoebler-da\/\"},{\"@type\":\"ListItem\",\"position\":5,\"name\":\"Puffer\",\"item\":\"https:\/\/hubsch-interior.com\/da\/vare-kategori\/mobler\/siddemoebler-da\/puffer-da\/\"},{\"@type\":\"ListItem\",\"position\":6,\"name\":\"Mochi Puf Sand\/\u00a0Flerfarvet\"}]},{\"@type\":\"WebSite\",\"@id\":\"https:\/\/hubsch-interior.com\/da\/#website\",\"url\":\"https:\/\/hubsch-interior.com\/da\/\",\"name\":\"H\u00fcbsch\",\"description\":\"Danish Home Interior and Design\",\"publisher\":{\"@id\":\"https:\/\/hubsch-interior.com\/da\/#organization\"},\"potentialAction\":[{\"@type\":\"SearchAction\",\"target\":{\"@type\":\"EntryPoint\",\"urlTemplate\":\"https:\/\/hubsch-interior.com\/da\/?s={search_term_string}\"},\"query-input\":{\"@type\":\"PropertyValueSpecification\",\"valueRequired\":true,\"valueName\":\"search_term_string\"}}],\"inLanguage\":\"da-DK\"},{\"@type\":\"Organization\",\"@id\":\"https:\/\/hubsch-interior.com\/da\/#organization\",\"name\":\"H\u00fcbsch\",\"url\":\"https:\/\/hubsch-interior.com\/da\/\",\"logo\":{\"@type\":\"ImageObject\",\"inLanguage\":\"da-DK\",\"@id\":\"https:\/\/hubsch-interior.com\/da\/#\/schema\/logo\/image\/\",\"url\":\"https:\/\/hubsch-interior.com\/wp-content\/uploads\/2022\/12\/Hubsch_logo_black_one_line.svg\",\"contentUrl\":\"https:\/\/hubsch-interior.com\/wp-content\/uploads\/2022\/12\/Hubsch_logo_black_one_line.svg\",\"caption\":\"H\u00fcbsch\"},\"image\":{\"@id\":\"https:\/\/hubsch-interior.com\/da\/#\/schema\/logo\/image\/\"}}]}<\/script>\n<!-- \/ Yoast SEO plugin. -->","yoast_head_json":{"title":"Mochi Puf Sand\/\u00a0Flerfarvet - H\u00fcbsch","description":"M\u00f8d Mochi Puf - en sjov og farverig tilf\u00f8jelse til dit hjem! Denne bomulds puf kommer i sandfarvet flerfarvet design, der er skabt med en v\u00e6vet tekstil","robots":{"index":"index","follow":"follow","max-snippet":"max-snippet:-1","max-image-preview":"max-image-preview:large","max-video-preview":"max-video-preview:-1"},"canonical":"https:\/\/hubsch-interior.com\/da\/wp-json\/wp\/v2\/product\/976503","og_locale":"da_DK","og_type":"article","og_title":"Mochi Puf Sand\/\u00a0Flerfarvet - H\u00fcbsch","og_description":"M\u00f8d Mochi Puf - en sjov og farverig tilf\u00f8jelse til dit hjem! Denne bomulds puf kommer i sandfarvet flerfarvet design, der er skabt med en v\u00e6vet tekstil","og_url":"https:\/\/hubsch-interior.com\/da\/vare\/mochi-puf-sand-flerfarvet\/","og_site_name":"H\u00fcbsch","article_modified_time":"2026-04-09T02:42:10+00:00","og_image":[{"width":1200,"height":1200,"url":"https:\/\/hubsch-interior.com\/wp-content\/uploads\/2024\/01\/mochi-pouffe-sandmulticolour-7b9ea413891774ef29f05d0a026c644d.jpg","type":"image\/jpeg"}],"twitter_card":"summary_large_image","schema":{"@context":"https:\/\/schema.org","@graph":[{"@type":"WebPage","@id":"https:\/\/hubsch-interior.com\/da\/vare\/mochi-puf-sand-flerfarvet\/","url":"https:\/\/hubsch-interior.com\/da\/vare\/mochi-puf-sand-flerfarvet\/","name":"Mochi Puf Sand\/\u00a0Flerfarvet - H\u00fcbsch","isPartOf":{"@id":"https:\/\/hubsch-interior.com\/da\/#website"},"primaryImageOfPage":{"@id":"https:\/\/hubsch-interior.com\/da\/vare\/mochi-puf-sand-flerfarvet\/#primaryimage"},"image":{"@id":"https:\/\/hubsch-interior.com\/da\/vare\/mochi-puf-sand-flerfarvet\/#primaryimage"},"thumbnailUrl":"https:\/\/hubsch-interior.com\/wp-content\/uploads\/2026\/02\/mochi-pouffe-sandmulticolour-bfe4e493c62de4b9b15d5c2dbf7218b3.jpg","datePublished":"2024-01-29T08:18:31+00:00","dateModified":"2026-04-09T02:42:10+00:00","description":"M\u00f8d Mochi Puf - en sjov og farverig tilf\u00f8jelse til dit hjem! Denne bomulds puf kommer i sandfarvet flerfarvet design, der er skabt med en v\u00e6vet tekstil","breadcrumb":{"@id":"https:\/\/hubsch-interior.com\/da\/vare\/mochi-puf-sand-flerfarvet\/#breadcrumb"},"inLanguage":"da-DK","potentialAction":[{"@type":"ReadAction","target":["https:\/\/hubsch-interior.com\/da\/vare\/mochi-puf-sand-flerfarvet\/"]}]},{"@type":"ImageObject","inLanguage":"da-DK","@id":"https:\/\/hubsch-interior.com\/da\/vare\/mochi-puf-sand-flerfarvet\/#primaryimage","url":"https:\/\/hubsch-interior.com\/wp-content\/uploads\/2026\/02\/mochi-pouffe-sandmulticolour-bfe4e493c62de4b9b15d5c2dbf7218b3.jpg","contentUrl":"https:\/\/hubsch-interior.com\/wp-content\/uploads\/2026\/02\/mochi-pouffe-sandmulticolour-bfe4e493c62de4b9b15d5c2dbf7218b3.jpg","width":1024,"height":1024},{"@type":"BreadcrumbList","@id":"https:\/\/hubsch-interior.com\/da\/vare\/mochi-puf-sand-flerfarvet\/#breadcrumb","itemListElement":[{"@type":"ListItem","position":1,"name":"Forside","item":"https:\/\/hubsch-interior.com\/da\/"},{"@type":"ListItem","position":2,"name":"Produkter","item":"https:\/\/hubsch-interior.com\/da\/produkter\/"},{"@type":"ListItem","position":3,"name":"M\u00f8bler","item":"https:\/\/hubsch-interior.com\/da\/vare-kategori\/mobler\/"},{"@type":"ListItem","position":4,"name":"Siddem&oslash;bler","item":"https:\/\/hubsch-interior.com\/da\/vare-kategori\/mobler\/siddemoebler-da\/"},{"@type":"ListItem","position":5,"name":"Puffer","item":"https:\/\/hubsch-interior.com\/da\/vare-kategori\/mobler\/siddemoebler-da\/puffer-da\/"},{"@type":"ListItem","position":6,"name":"Mochi Puf Sand\/\u00a0Flerfarvet"}]},{"@type":"WebSite","@id":"https:\/\/hubsch-interior.com\/da\/#website","url":"https:\/\/hubsch-interior.com\/da\/","name":"H\u00fcbsch","description":"Danish Home Interior and Design","publisher":{"@id":"https:\/\/hubsch-interior.com\/da\/#organization"},"potentialAction":[{"@type":"SearchAction","target":{"@type":"EntryPoint","urlTemplate":"https:\/\/hubsch-interior.com\/da\/?s={search_term_string}"},"query-input":{"@type":"PropertyValueSpecification","valueRequired":true,"valueName":"search_term_string"}}],"inLanguage":"da-DK"},{"@type":"Organization","@id":"https:\/\/hubsch-interior.com\/da\/#organization","name":"H\u00fcbsch","url":"https:\/\/hubsch-interior.com\/da\/","logo":{"@type":"ImageObject","inLanguage":"da-DK","@id":"https:\/\/hubsch-interior.com\/da\/#\/schema\/logo\/image\/","url":"https:\/\/hubsch-interior.com\/wp-content\/uploads\/2022\/12\/Hubsch_logo_black_one_line.svg","contentUrl":"https:\/\/hubsch-interior.com\/wp-content\/uploads\/2022\/12\/Hubsch_logo_black_one_line.svg","caption":"H\u00fcbsch"},"image":{"@id":"https:\/\/hubsch-interior.com\/da\/#\/schema\/logo\/image\/"}}]}},"_links":{"self":[{"href":"https:\/\/hubsch-interior.com\/da\/wp-json\/wp\/v2\/product\/976503","targetHints":{"allow":["GET"]}}],"collection":[{"href":"https:\/\/hubsch-interior.com\/da\/wp-json\/wp\/v2\/product"}],"about":[{"href":"https:\/\/hubsch-interior.com\/da\/wp-json\/wp\/v2\/types\/product"}],"wp:featuredmedia":[{"embeddable":true,"href":"https:\/\/hubsch-interior.com\/da\/wp-json\/wp\/v2\/media\/1100267"}],"wp:attachment":[{"href":"https:\/\/hubsch-interior.com\/da\/wp-json\/wp\/v2\/media?parent=976503"}],"wp:term":[{"taxonomy":"product_brand","embeddable":true,"href":"https:\/\/hubsch-interior.com\/da\/wp-json\/wp\/v2\/product_brand?post=976503"},{"taxonomy":"product_cat","embeddable":true,"href":"https:\/\/hubsch-interior.com\/da\/wp-json\/wp\/v2\/product_cat?post=976503"},{"taxonomy":"product_tag","embeddable":true,"href":"https:\/\/hubsch-interior.com\/da\/wp-json\/wp\/v2\/product_tag?post=976503"}],"curies":[{"name":"wp","href":"https:\/\/api.w.org\/{rel}","templated":true}]}}