{"id":976599,"date":"2024-01-29T09:19:25","date_gmt":"2024-01-29T08:19:25","guid":{"rendered":"https:\/\/hubsch-interior.com\/product\/product\/"},"modified":"2026-04-05T04:42:31","modified_gmt":"2026-04-05T02:42:31","slug":"alba-lober-sand","status":"publish","type":"product","link":"https:\/\/hubsch-interior.com\/da\/vare\/alba-lober-sand\/","title":{"rendered":"Alba L\u00f8ber Sand"},"content":{"rendered":"<p>Alba L\u00f8ber er den perfekte tilf\u00f8jelse til din entr\u00e9 eller k\u00f8kkenomr\u00e5de. Den smukke lyse sandfarve kombineret med sm\u00e5 farver i flere nuancer g\u00f8r den b\u00e5de let og sofistikeret. Lavet af OEKO-TEX\u00ae STANDARD 100 certificeret bomuld, er den ikke kun milj\u00f8venlig, men ogs\u00e5 bl\u00f8d og hyggelig at g\u00e5 p\u00e5. Den neutrale farve g\u00f8r den alsidig og kan let matches med enhver indretningsstil. G\u00f8r dit hjem endnu mere indbydende med Alba L\u00f8ber.<\/p>\n","protected":false},"excerpt":{"rendered":"<p>Alba L\u00f8ber er den perfekte tilf\u00f8jelse til din entr\u00e9 eller k\u00f8kkenomr\u00e5de. Den smukke lyse sandfarve kombineret med sm\u00e5 farver i flere nuancer g\u00f8r den b\u00e5de let og sofistikeret. Lavet af OEKO-TEX\u00ae STANDARD 100 certificeret bomuld, er den ikke kun milj\u00f8venlig, men ogs\u00e5 bl\u00f8d og hyggelig at g\u00e5 p\u00e5. Den neutrale farve g\u00f8r den alsidig og [&hellip;]<\/p>\n","protected":false},"featured_media":1100351,"template":"","meta":{"_acf_changed":false,"inline_featured_image":false},"product_brand":[],"product_cat":[6880,3000,3323],"product_tag":[],"class_list":{"0":"post-976599","1":"product","2":"type-product","3":"status-publish","4":"has-post-thumbnail","6":"product_cat-elevating-nostalgia-da","7":"product_cat-tekstiler","8":"product_cat-taepper-da","9":"product_shipping_class-pk","11":"pa_color-sand-da","12":"pa_material-cotton-100-da","14":"first","15":"instock","16":"taxable","17":"shipping-taxable","18":"purchasable","19":"product-type-simple"},"exclude_global_add_ons":[],"addons":[],"acf":[],"yoast_head":"<!-- This site is optimized with the Yoast SEO plugin v26.4 - https:\/\/yoast.com\/wordpress\/plugins\/seo\/ -->\n<title>Alba L\u00f8ber Sand - H\u00fcbsch<\/title>\n<meta name=\"description\" content=\"Alba L\u00f8ber er den perfekte tilf\u00f8jelse til din entr\u00e9 eller k\u00f8kkenomr\u00e5de. Den smukke lyse sandfarve kombineret med sm\u00e5 farver i flere nuancer g\u00f8r den b\u00e5de\" \/>\n<meta name=\"robots\" content=\"index, follow, max-snippet:-1, max-image-preview:large, max-video-preview:-1\" \/>\n<link rel=\"canonical\" href=\"https:\/\/hubsch-interior.com\/da\/wp-json\/wp\/v2\/product\/976599\" \/>\n<meta property=\"og:locale\" content=\"da_DK\" \/>\n<meta property=\"og:type\" content=\"article\" \/>\n<meta property=\"og:title\" content=\"Alba L\u00f8ber Sand - H\u00fcbsch\" \/>\n<meta property=\"og:description\" content=\"Alba L\u00f8ber er den perfekte tilf\u00f8jelse til din entr\u00e9 eller k\u00f8kkenomr\u00e5de. Den smukke lyse sandfarve kombineret med sm\u00e5 farver i flere nuancer g\u00f8r den b\u00e5de\" \/>\n<meta property=\"og:url\" content=\"https:\/\/hubsch-interior.com\/da\/vare\/alba-lober-sand\/\" \/>\n<meta property=\"og:site_name\" content=\"H\u00fcbsch\" \/>\n<meta property=\"article:modified_time\" content=\"2026-04-05T02:42:31+00:00\" \/>\n<meta property=\"og:image\" content=\"https:\/\/hubsch-interior.com\/wp-content\/uploads\/2025\/04\/alba-runner-sand-be6edf988d5e49ee353fdd2cab17deba.jpg\" \/>\n\t<meta property=\"og:image:width\" content=\"1200\" \/>\n\t<meta property=\"og:image:height\" content=\"1200\" \/>\n\t<meta property=\"og:image:type\" content=\"image\/jpeg\" \/>\n<meta name=\"twitter:card\" content=\"summary_large_image\" \/>\n<script type=\"application\/ld+json\" class=\"yoast-schema-graph\">{\"@context\":\"https:\/\/schema.org\",\"@graph\":[{\"@type\":\"WebPage\",\"@id\":\"https:\/\/hubsch-interior.com\/da\/vare\/alba-lober-sand\/\",\"url\":\"https:\/\/hubsch-interior.com\/da\/vare\/alba-lober-sand\/\",\"name\":\"Alba L\u00f8ber Sand - H\u00fcbsch\",\"isPartOf\":{\"@id\":\"https:\/\/hubsch-interior.com\/da\/#website\"},\"primaryImageOfPage\":{\"@id\":\"https:\/\/hubsch-interior.com\/da\/vare\/alba-lober-sand\/#primaryimage\"},\"image\":{\"@id\":\"https:\/\/hubsch-interior.com\/da\/vare\/alba-lober-sand\/#primaryimage\"},\"thumbnailUrl\":\"https:\/\/hubsch-interior.com\/wp-content\/uploads\/2026\/02\/alba-runner-sand-e93edb385bfa3c6d553d88ea1b57e061.jpg\",\"datePublished\":\"2024-01-29T08:19:25+00:00\",\"dateModified\":\"2026-04-05T02:42:31+00:00\",\"description\":\"Alba L\u00f8ber er den perfekte tilf\u00f8jelse til din entr\u00e9 eller k\u00f8kkenomr\u00e5de. Den smukke lyse sandfarve kombineret med sm\u00e5 farver i flere nuancer g\u00f8r den b\u00e5de\",\"breadcrumb\":{\"@id\":\"https:\/\/hubsch-interior.com\/da\/vare\/alba-lober-sand\/#breadcrumb\"},\"inLanguage\":\"da-DK\",\"potentialAction\":[{\"@type\":\"ReadAction\",\"target\":[\"https:\/\/hubsch-interior.com\/da\/vare\/alba-lober-sand\/\"]}]},{\"@type\":\"ImageObject\",\"inLanguage\":\"da-DK\",\"@id\":\"https:\/\/hubsch-interior.com\/da\/vare\/alba-lober-sand\/#primaryimage\",\"url\":\"https:\/\/hubsch-interior.com\/wp-content\/uploads\/2026\/02\/alba-runner-sand-e93edb385bfa3c6d553d88ea1b57e061.jpg\",\"contentUrl\":\"https:\/\/hubsch-interior.com\/wp-content\/uploads\/2026\/02\/alba-runner-sand-e93edb385bfa3c6d553d88ea1b57e061.jpg\",\"width\":1024,\"height\":1024},{\"@type\":\"BreadcrumbList\",\"@id\":\"https:\/\/hubsch-interior.com\/da\/vare\/alba-lober-sand\/#breadcrumb\",\"itemListElement\":[{\"@type\":\"ListItem\",\"position\":1,\"name\":\"Forside\",\"item\":\"https:\/\/hubsch-interior.com\/da\/\"},{\"@type\":\"ListItem\",\"position\":2,\"name\":\"Produkter\",\"item\":\"https:\/\/hubsch-interior.com\/da\/produkter\/\"},{\"@type\":\"ListItem\",\"position\":3,\"name\":\"Tekstiler\",\"item\":\"https:\/\/hubsch-interior.com\/da\/vare-kategori\/tekstiler\/\"},{\"@type\":\"ListItem\",\"position\":4,\"name\":\"T&aelig;pper\",\"item\":\"https:\/\/hubsch-interior.com\/da\/vare-kategori\/tekstiler\/taepper-da\/\"},{\"@type\":\"ListItem\",\"position\":5,\"name\":\"Alba L\u00f8ber Sand\"}]},{\"@type\":\"WebSite\",\"@id\":\"https:\/\/hubsch-interior.com\/da\/#website\",\"url\":\"https:\/\/hubsch-interior.com\/da\/\",\"name\":\"H\u00fcbsch\",\"description\":\"Danish Home Interior and Design\",\"publisher\":{\"@id\":\"https:\/\/hubsch-interior.com\/da\/#organization\"},\"potentialAction\":[{\"@type\":\"SearchAction\",\"target\":{\"@type\":\"EntryPoint\",\"urlTemplate\":\"https:\/\/hubsch-interior.com\/da\/?s={search_term_string}\"},\"query-input\":{\"@type\":\"PropertyValueSpecification\",\"valueRequired\":true,\"valueName\":\"search_term_string\"}}],\"inLanguage\":\"da-DK\"},{\"@type\":\"Organization\",\"@id\":\"https:\/\/hubsch-interior.com\/da\/#organization\",\"name\":\"H\u00fcbsch\",\"url\":\"https:\/\/hubsch-interior.com\/da\/\",\"logo\":{\"@type\":\"ImageObject\",\"inLanguage\":\"da-DK\",\"@id\":\"https:\/\/hubsch-interior.com\/da\/#\/schema\/logo\/image\/\",\"url\":\"https:\/\/hubsch-interior.com\/wp-content\/uploads\/2022\/12\/Hubsch_logo_black_one_line.svg\",\"contentUrl\":\"https:\/\/hubsch-interior.com\/wp-content\/uploads\/2022\/12\/Hubsch_logo_black_one_line.svg\",\"caption\":\"H\u00fcbsch\"},\"image\":{\"@id\":\"https:\/\/hubsch-interior.com\/da\/#\/schema\/logo\/image\/\"}}]}<\/script>\n<!-- \/ Yoast SEO plugin. -->","yoast_head_json":{"title":"Alba L\u00f8ber Sand - H\u00fcbsch","description":"Alba L\u00f8ber er den perfekte tilf\u00f8jelse til din entr\u00e9 eller k\u00f8kkenomr\u00e5de. Den smukke lyse sandfarve kombineret med sm\u00e5 farver i flere nuancer g\u00f8r den b\u00e5de","robots":{"index":"index","follow":"follow","max-snippet":"max-snippet:-1","max-image-preview":"max-image-preview:large","max-video-preview":"max-video-preview:-1"},"canonical":"https:\/\/hubsch-interior.com\/da\/wp-json\/wp\/v2\/product\/976599","og_locale":"da_DK","og_type":"article","og_title":"Alba L\u00f8ber Sand - H\u00fcbsch","og_description":"Alba L\u00f8ber er den perfekte tilf\u00f8jelse til din entr\u00e9 eller k\u00f8kkenomr\u00e5de. Den smukke lyse sandfarve kombineret med sm\u00e5 farver i flere nuancer g\u00f8r den b\u00e5de","og_url":"https:\/\/hubsch-interior.com\/da\/vare\/alba-lober-sand\/","og_site_name":"H\u00fcbsch","article_modified_time":"2026-04-05T02:42:31+00:00","og_image":[{"width":1200,"height":1200,"url":"https:\/\/hubsch-interior.com\/wp-content\/uploads\/2025\/04\/alba-runner-sand-be6edf988d5e49ee353fdd2cab17deba.jpg","type":"image\/jpeg"}],"twitter_card":"summary_large_image","schema":{"@context":"https:\/\/schema.org","@graph":[{"@type":"WebPage","@id":"https:\/\/hubsch-interior.com\/da\/vare\/alba-lober-sand\/","url":"https:\/\/hubsch-interior.com\/da\/vare\/alba-lober-sand\/","name":"Alba L\u00f8ber Sand - H\u00fcbsch","isPartOf":{"@id":"https:\/\/hubsch-interior.com\/da\/#website"},"primaryImageOfPage":{"@id":"https:\/\/hubsch-interior.com\/da\/vare\/alba-lober-sand\/#primaryimage"},"image":{"@id":"https:\/\/hubsch-interior.com\/da\/vare\/alba-lober-sand\/#primaryimage"},"thumbnailUrl":"https:\/\/hubsch-interior.com\/wp-content\/uploads\/2026\/02\/alba-runner-sand-e93edb385bfa3c6d553d88ea1b57e061.jpg","datePublished":"2024-01-29T08:19:25+00:00","dateModified":"2026-04-05T02:42:31+00:00","description":"Alba L\u00f8ber er den perfekte tilf\u00f8jelse til din entr\u00e9 eller k\u00f8kkenomr\u00e5de. Den smukke lyse sandfarve kombineret med sm\u00e5 farver i flere nuancer g\u00f8r den b\u00e5de","breadcrumb":{"@id":"https:\/\/hubsch-interior.com\/da\/vare\/alba-lober-sand\/#breadcrumb"},"inLanguage":"da-DK","potentialAction":[{"@type":"ReadAction","target":["https:\/\/hubsch-interior.com\/da\/vare\/alba-lober-sand\/"]}]},{"@type":"ImageObject","inLanguage":"da-DK","@id":"https:\/\/hubsch-interior.com\/da\/vare\/alba-lober-sand\/#primaryimage","url":"https:\/\/hubsch-interior.com\/wp-content\/uploads\/2026\/02\/alba-runner-sand-e93edb385bfa3c6d553d88ea1b57e061.jpg","contentUrl":"https:\/\/hubsch-interior.com\/wp-content\/uploads\/2026\/02\/alba-runner-sand-e93edb385bfa3c6d553d88ea1b57e061.jpg","width":1024,"height":1024},{"@type":"BreadcrumbList","@id":"https:\/\/hubsch-interior.com\/da\/vare\/alba-lober-sand\/#breadcrumb","itemListElement":[{"@type":"ListItem","position":1,"name":"Forside","item":"https:\/\/hubsch-interior.com\/da\/"},{"@type":"ListItem","position":2,"name":"Produkter","item":"https:\/\/hubsch-interior.com\/da\/produkter\/"},{"@type":"ListItem","position":3,"name":"Tekstiler","item":"https:\/\/hubsch-interior.com\/da\/vare-kategori\/tekstiler\/"},{"@type":"ListItem","position":4,"name":"T&aelig;pper","item":"https:\/\/hubsch-interior.com\/da\/vare-kategori\/tekstiler\/taepper-da\/"},{"@type":"ListItem","position":5,"name":"Alba L\u00f8ber Sand"}]},{"@type":"WebSite","@id":"https:\/\/hubsch-interior.com\/da\/#website","url":"https:\/\/hubsch-interior.com\/da\/","name":"H\u00fcbsch","description":"Danish Home Interior and Design","publisher":{"@id":"https:\/\/hubsch-interior.com\/da\/#organization"},"potentialAction":[{"@type":"SearchAction","target":{"@type":"EntryPoint","urlTemplate":"https:\/\/hubsch-interior.com\/da\/?s={search_term_string}"},"query-input":{"@type":"PropertyValueSpecification","valueRequired":true,"valueName":"search_term_string"}}],"inLanguage":"da-DK"},{"@type":"Organization","@id":"https:\/\/hubsch-interior.com\/da\/#organization","name":"H\u00fcbsch","url":"https:\/\/hubsch-interior.com\/da\/","logo":{"@type":"ImageObject","inLanguage":"da-DK","@id":"https:\/\/hubsch-interior.com\/da\/#\/schema\/logo\/image\/","url":"https:\/\/hubsch-interior.com\/wp-content\/uploads\/2022\/12\/Hubsch_logo_black_one_line.svg","contentUrl":"https:\/\/hubsch-interior.com\/wp-content\/uploads\/2022\/12\/Hubsch_logo_black_one_line.svg","caption":"H\u00fcbsch"},"image":{"@id":"https:\/\/hubsch-interior.com\/da\/#\/schema\/logo\/image\/"}}]}},"_links":{"self":[{"href":"https:\/\/hubsch-interior.com\/da\/wp-json\/wp\/v2\/product\/976599","targetHints":{"allow":["GET"]}}],"collection":[{"href":"https:\/\/hubsch-interior.com\/da\/wp-json\/wp\/v2\/product"}],"about":[{"href":"https:\/\/hubsch-interior.com\/da\/wp-json\/wp\/v2\/types\/product"}],"wp:featuredmedia":[{"embeddable":true,"href":"https:\/\/hubsch-interior.com\/da\/wp-json\/wp\/v2\/media\/1100351"}],"wp:attachment":[{"href":"https:\/\/hubsch-interior.com\/da\/wp-json\/wp\/v2\/media?parent=976599"}],"wp:term":[{"taxonomy":"product_brand","embeddable":true,"href":"https:\/\/hubsch-interior.com\/da\/wp-json\/wp\/v2\/product_brand?post=976599"},{"taxonomy":"product_cat","embeddable":true,"href":"https:\/\/hubsch-interior.com\/da\/wp-json\/wp\/v2\/product_cat?post=976599"},{"taxonomy":"product_tag","embeddable":true,"href":"https:\/\/hubsch-interior.com\/da\/wp-json\/wp\/v2\/product_tag?post=976599"}],"curies":[{"name":"wp","href":"https:\/\/api.w.org\/{rel}","templated":true}]}}