{"id":976699,"date":"2024-01-29T09:20:06","date_gmt":"2024-01-29T08:20:06","guid":{"rendered":"https:\/\/hubsch-interior.com\/product\/product\/"},"modified":"2026-04-05T04:42:38","modified_gmt":"2026-04-05T02:42:38","slug":"floy-pude-sand-gul","status":"publish","type":"product","link":"https:\/\/hubsch-interior.com\/da\/vare\/floy-pude-sand-gul\/","title":{"rendered":"Floy Pude Sand\/Gul"},"content":{"rendered":"<p>Floy puden er det perfekte tilbeh\u00f8r til ethvert hjem. Den kommer i to forskellige varianter, men denne sand\/gule farve vil helt sikkert give dit rum et frisk pust. OEKO-TEX\u00ae STANDARD 100 certificeret og lavet af bl\u00f8d bomuld og holdbart polyester, er denne pude ikke kun milj\u00f8venlig, men ogs\u00e5 let og slidst\u00e6rk. De fine quiltedetaljer skaber et elegant allover m\u00f8nster, mens den lysegr\u00e5 base farve kombineret med en splash af lys gul tilf\u00f8jer et subtilt touch til din indretning. Minimalistisk og alsidig, er Floy puden et must-have til enhver stilbevidst person.<\/p>\n","protected":false},"excerpt":{"rendered":"<p>Floy puden er det perfekte tilbeh\u00f8r til ethvert hjem. Den kommer i to forskellige varianter, men denne sand\/gule farve vil helt sikkert give dit rum et frisk pust. OEKO-TEX\u00ae STANDARD 100 certificeret og lavet af bl\u00f8d bomuld og holdbart polyester, er denne pude ikke kun milj\u00f8venlig, men ogs\u00e5 let og slidst\u00e6rk. De fine quiltedetaljer skaber [&hellip;]<\/p>\n","protected":false},"featured_media":1100391,"template":"","meta":{"_acf_changed":false,"inline_featured_image":false},"product_brand":[],"product_cat":[6880,6347,3000,3001],"product_tag":[],"class_list":{"0":"post-976699","1":"product","2":"type-product","3":"status-publish","4":"has-post-thumbnail","6":"product_cat-elevating-nostalgia-da","7":"product_cat-garden-selection-da","8":"product_cat-tekstiler","9":"product_cat-puder-da","10":"product_shipping_class-pk","12":"pa_color-gul","13":"pa_color-sand-da","14":"pa_material-cotton-90-da","15":"pa_material-polyester-10-da","17":"first","18":"instock","19":"taxable","20":"shipping-taxable","21":"purchasable","22":"product-type-simple"},"exclude_global_add_ons":[],"addons":[],"acf":[],"yoast_head":"<!-- This site is optimized with the Yoast SEO plugin v26.4 - https:\/\/yoast.com\/wordpress\/plugins\/seo\/ -->\n<title>Floy Pude Sand\/Gul - H\u00fcbsch<\/title>\n<meta name=\"description\" content=\"Floy puden er det perfekte tilbeh\u00f8r til ethvert hjem. Den kommer i to forskellige varianter, men denne sand\/gule farve vil helt sikkert give dit rum et\" \/>\n<meta name=\"robots\" content=\"index, follow, max-snippet:-1, max-image-preview:large, max-video-preview:-1\" \/>\n<link rel=\"canonical\" href=\"https:\/\/hubsch-interior.com\/da\/wp-json\/wp\/v2\/product\/976699\" \/>\n<meta property=\"og:locale\" content=\"da_DK\" \/>\n<meta property=\"og:type\" content=\"article\" \/>\n<meta property=\"og:title\" content=\"Floy Pude Sand\/Gul - H\u00fcbsch\" \/>\n<meta property=\"og:description\" content=\"Floy puden er det perfekte tilbeh\u00f8r til ethvert hjem. Den kommer i to forskellige varianter, men denne sand\/gule farve vil helt sikkert give dit rum et\" \/>\n<meta property=\"og:url\" content=\"https:\/\/hubsch-interior.com\/da\/vare\/floy-pude-sand-gul\/\" \/>\n<meta property=\"og:site_name\" content=\"H\u00fcbsch\" \/>\n<meta property=\"article:modified_time\" content=\"2026-04-05T02:42:38+00:00\" \/>\n<meta property=\"og:image\" content=\"https:\/\/hubsch-interior.com\/wp-content\/uploads\/2026\/02\/floy-cushion-sandyellow-dd1b62d36315a061370815c2b0f1166a.jpg\" \/>\n\t<meta property=\"og:image:width\" content=\"1024\" \/>\n\t<meta property=\"og:image:height\" content=\"1024\" \/>\n\t<meta property=\"og:image:type\" content=\"image\/jpeg\" \/>\n<meta name=\"twitter:card\" content=\"summary_large_image\" \/>\n<script type=\"application\/ld+json\" class=\"yoast-schema-graph\">{\"@context\":\"https:\/\/schema.org\",\"@graph\":[{\"@type\":\"WebPage\",\"@id\":\"https:\/\/hubsch-interior.com\/da\/vare\/floy-pude-sand-gul\/\",\"url\":\"https:\/\/hubsch-interior.com\/da\/vare\/floy-pude-sand-gul\/\",\"name\":\"Floy Pude Sand\/Gul - H\u00fcbsch\",\"isPartOf\":{\"@id\":\"https:\/\/hubsch-interior.com\/da\/#website\"},\"primaryImageOfPage\":{\"@id\":\"https:\/\/hubsch-interior.com\/da\/vare\/floy-pude-sand-gul\/#primaryimage\"},\"image\":{\"@id\":\"https:\/\/hubsch-interior.com\/da\/vare\/floy-pude-sand-gul\/#primaryimage\"},\"thumbnailUrl\":\"https:\/\/hubsch-interior.com\/wp-content\/uploads\/2026\/02\/floy-cushion-sandyellow-dd1b62d36315a061370815c2b0f1166a.jpg\",\"datePublished\":\"2024-01-29T08:20:06+00:00\",\"dateModified\":\"2026-04-05T02:42:38+00:00\",\"description\":\"Floy puden er det perfekte tilbeh\u00f8r til ethvert hjem. Den kommer i to forskellige varianter, men denne sand\/gule farve vil helt sikkert give dit rum et\",\"breadcrumb\":{\"@id\":\"https:\/\/hubsch-interior.com\/da\/vare\/floy-pude-sand-gul\/#breadcrumb\"},\"inLanguage\":\"da-DK\",\"potentialAction\":[{\"@type\":\"ReadAction\",\"target\":[\"https:\/\/hubsch-interior.com\/da\/vare\/floy-pude-sand-gul\/\"]}]},{\"@type\":\"ImageObject\",\"inLanguage\":\"da-DK\",\"@id\":\"https:\/\/hubsch-interior.com\/da\/vare\/floy-pude-sand-gul\/#primaryimage\",\"url\":\"https:\/\/hubsch-interior.com\/wp-content\/uploads\/2026\/02\/floy-cushion-sandyellow-dd1b62d36315a061370815c2b0f1166a.jpg\",\"contentUrl\":\"https:\/\/hubsch-interior.com\/wp-content\/uploads\/2026\/02\/floy-cushion-sandyellow-dd1b62d36315a061370815c2b0f1166a.jpg\",\"width\":1024,\"height\":1024},{\"@type\":\"BreadcrumbList\",\"@id\":\"https:\/\/hubsch-interior.com\/da\/vare\/floy-pude-sand-gul\/#breadcrumb\",\"itemListElement\":[{\"@type\":\"ListItem\",\"position\":1,\"name\":\"Forside\",\"item\":\"https:\/\/hubsch-interior.com\/da\/\"},{\"@type\":\"ListItem\",\"position\":2,\"name\":\"Produkter\",\"item\":\"https:\/\/hubsch-interior.com\/da\/produkter\/\"},{\"@type\":\"ListItem\",\"position\":3,\"name\":\"Tekstiler\",\"item\":\"https:\/\/hubsch-interior.com\/da\/vare-kategori\/tekstiler\/\"},{\"@type\":\"ListItem\",\"position\":4,\"name\":\"Puder\",\"item\":\"https:\/\/hubsch-interior.com\/da\/vare-kategori\/tekstiler\/puder-da\/\"},{\"@type\":\"ListItem\",\"position\":5,\"name\":\"Floy Pude Sand\/Gul\"}]},{\"@type\":\"WebSite\",\"@id\":\"https:\/\/hubsch-interior.com\/da\/#website\",\"url\":\"https:\/\/hubsch-interior.com\/da\/\",\"name\":\"H\u00fcbsch\",\"description\":\"Danish Home Interior and Design\",\"publisher\":{\"@id\":\"https:\/\/hubsch-interior.com\/da\/#organization\"},\"potentialAction\":[{\"@type\":\"SearchAction\",\"target\":{\"@type\":\"EntryPoint\",\"urlTemplate\":\"https:\/\/hubsch-interior.com\/da\/?s={search_term_string}\"},\"query-input\":{\"@type\":\"PropertyValueSpecification\",\"valueRequired\":true,\"valueName\":\"search_term_string\"}}],\"inLanguage\":\"da-DK\"},{\"@type\":\"Organization\",\"@id\":\"https:\/\/hubsch-interior.com\/da\/#organization\",\"name\":\"H\u00fcbsch\",\"url\":\"https:\/\/hubsch-interior.com\/da\/\",\"logo\":{\"@type\":\"ImageObject\",\"inLanguage\":\"da-DK\",\"@id\":\"https:\/\/hubsch-interior.com\/da\/#\/schema\/logo\/image\/\",\"url\":\"https:\/\/hubsch-interior.com\/wp-content\/uploads\/2022\/12\/Hubsch_logo_black_one_line.svg\",\"contentUrl\":\"https:\/\/hubsch-interior.com\/wp-content\/uploads\/2022\/12\/Hubsch_logo_black_one_line.svg\",\"caption\":\"H\u00fcbsch\"},\"image\":{\"@id\":\"https:\/\/hubsch-interior.com\/da\/#\/schema\/logo\/image\/\"}}]}<\/script>\n<!-- \/ Yoast SEO plugin. -->","yoast_head_json":{"title":"Floy Pude Sand\/Gul - H\u00fcbsch","description":"Floy puden er det perfekte tilbeh\u00f8r til ethvert hjem. Den kommer i to forskellige varianter, men denne sand\/gule farve vil helt sikkert give dit rum et","robots":{"index":"index","follow":"follow","max-snippet":"max-snippet:-1","max-image-preview":"max-image-preview:large","max-video-preview":"max-video-preview:-1"},"canonical":"https:\/\/hubsch-interior.com\/da\/wp-json\/wp\/v2\/product\/976699","og_locale":"da_DK","og_type":"article","og_title":"Floy Pude Sand\/Gul - H\u00fcbsch","og_description":"Floy puden er det perfekte tilbeh\u00f8r til ethvert hjem. Den kommer i to forskellige varianter, men denne sand\/gule farve vil helt sikkert give dit rum et","og_url":"https:\/\/hubsch-interior.com\/da\/vare\/floy-pude-sand-gul\/","og_site_name":"H\u00fcbsch","article_modified_time":"2026-04-05T02:42:38+00:00","og_image":[{"width":1024,"height":1024,"url":"https:\/\/hubsch-interior.com\/wp-content\/uploads\/2026\/02\/floy-cushion-sandyellow-dd1b62d36315a061370815c2b0f1166a.jpg","type":"image\/jpeg"}],"twitter_card":"summary_large_image","schema":{"@context":"https:\/\/schema.org","@graph":[{"@type":"WebPage","@id":"https:\/\/hubsch-interior.com\/da\/vare\/floy-pude-sand-gul\/","url":"https:\/\/hubsch-interior.com\/da\/vare\/floy-pude-sand-gul\/","name":"Floy Pude Sand\/Gul - H\u00fcbsch","isPartOf":{"@id":"https:\/\/hubsch-interior.com\/da\/#website"},"primaryImageOfPage":{"@id":"https:\/\/hubsch-interior.com\/da\/vare\/floy-pude-sand-gul\/#primaryimage"},"image":{"@id":"https:\/\/hubsch-interior.com\/da\/vare\/floy-pude-sand-gul\/#primaryimage"},"thumbnailUrl":"https:\/\/hubsch-interior.com\/wp-content\/uploads\/2026\/02\/floy-cushion-sandyellow-dd1b62d36315a061370815c2b0f1166a.jpg","datePublished":"2024-01-29T08:20:06+00:00","dateModified":"2026-04-05T02:42:38+00:00","description":"Floy puden er det perfekte tilbeh\u00f8r til ethvert hjem. Den kommer i to forskellige varianter, men denne sand\/gule farve vil helt sikkert give dit rum et","breadcrumb":{"@id":"https:\/\/hubsch-interior.com\/da\/vare\/floy-pude-sand-gul\/#breadcrumb"},"inLanguage":"da-DK","potentialAction":[{"@type":"ReadAction","target":["https:\/\/hubsch-interior.com\/da\/vare\/floy-pude-sand-gul\/"]}]},{"@type":"ImageObject","inLanguage":"da-DK","@id":"https:\/\/hubsch-interior.com\/da\/vare\/floy-pude-sand-gul\/#primaryimage","url":"https:\/\/hubsch-interior.com\/wp-content\/uploads\/2026\/02\/floy-cushion-sandyellow-dd1b62d36315a061370815c2b0f1166a.jpg","contentUrl":"https:\/\/hubsch-interior.com\/wp-content\/uploads\/2026\/02\/floy-cushion-sandyellow-dd1b62d36315a061370815c2b0f1166a.jpg","width":1024,"height":1024},{"@type":"BreadcrumbList","@id":"https:\/\/hubsch-interior.com\/da\/vare\/floy-pude-sand-gul\/#breadcrumb","itemListElement":[{"@type":"ListItem","position":1,"name":"Forside","item":"https:\/\/hubsch-interior.com\/da\/"},{"@type":"ListItem","position":2,"name":"Produkter","item":"https:\/\/hubsch-interior.com\/da\/produkter\/"},{"@type":"ListItem","position":3,"name":"Tekstiler","item":"https:\/\/hubsch-interior.com\/da\/vare-kategori\/tekstiler\/"},{"@type":"ListItem","position":4,"name":"Puder","item":"https:\/\/hubsch-interior.com\/da\/vare-kategori\/tekstiler\/puder-da\/"},{"@type":"ListItem","position":5,"name":"Floy Pude Sand\/Gul"}]},{"@type":"WebSite","@id":"https:\/\/hubsch-interior.com\/da\/#website","url":"https:\/\/hubsch-interior.com\/da\/","name":"H\u00fcbsch","description":"Danish Home Interior and Design","publisher":{"@id":"https:\/\/hubsch-interior.com\/da\/#organization"},"potentialAction":[{"@type":"SearchAction","target":{"@type":"EntryPoint","urlTemplate":"https:\/\/hubsch-interior.com\/da\/?s={search_term_string}"},"query-input":{"@type":"PropertyValueSpecification","valueRequired":true,"valueName":"search_term_string"}}],"inLanguage":"da-DK"},{"@type":"Organization","@id":"https:\/\/hubsch-interior.com\/da\/#organization","name":"H\u00fcbsch","url":"https:\/\/hubsch-interior.com\/da\/","logo":{"@type":"ImageObject","inLanguage":"da-DK","@id":"https:\/\/hubsch-interior.com\/da\/#\/schema\/logo\/image\/","url":"https:\/\/hubsch-interior.com\/wp-content\/uploads\/2022\/12\/Hubsch_logo_black_one_line.svg","contentUrl":"https:\/\/hubsch-interior.com\/wp-content\/uploads\/2022\/12\/Hubsch_logo_black_one_line.svg","caption":"H\u00fcbsch"},"image":{"@id":"https:\/\/hubsch-interior.com\/da\/#\/schema\/logo\/image\/"}}]}},"_links":{"self":[{"href":"https:\/\/hubsch-interior.com\/da\/wp-json\/wp\/v2\/product\/976699","targetHints":{"allow":["GET"]}}],"collection":[{"href":"https:\/\/hubsch-interior.com\/da\/wp-json\/wp\/v2\/product"}],"about":[{"href":"https:\/\/hubsch-interior.com\/da\/wp-json\/wp\/v2\/types\/product"}],"wp:featuredmedia":[{"embeddable":true,"href":"https:\/\/hubsch-interior.com\/da\/wp-json\/wp\/v2\/media\/1100391"}],"wp:attachment":[{"href":"https:\/\/hubsch-interior.com\/da\/wp-json\/wp\/v2\/media?parent=976699"}],"wp:term":[{"taxonomy":"product_brand","embeddable":true,"href":"https:\/\/hubsch-interior.com\/da\/wp-json\/wp\/v2\/product_brand?post=976699"},{"taxonomy":"product_cat","embeddable":true,"href":"https:\/\/hubsch-interior.com\/da\/wp-json\/wp\/v2\/product_cat?post=976699"},{"taxonomy":"product_tag","embeddable":true,"href":"https:\/\/hubsch-interior.com\/da\/wp-json\/wp\/v2\/product_tag?post=976699"}],"curies":[{"name":"wp","href":"https:\/\/api.w.org\/{rel}","templated":true}]}}