{"id":976719,"date":"2024-01-29T09:20:14","date_gmt":"2024-01-29T08:20:14","guid":{"rendered":"https:\/\/hubsch-interior.com\/product\/product\/"},"modified":"2026-05-01T04:43:38","modified_gmt":"2026-05-01T02:43:38","slug":"floy-pude-brun-rod","status":"publish","type":"product","link":"https:\/\/hubsch-interior.com\/da\/vare\/floy-pude-brun-rod\/","title":{"rendered":"Floy Pude Brun\/R\u00f8d"},"content":{"rendered":"<p>Floy puden er en elegant og alsidig tilf\u00f8jelse til ethvert hjem. Den kommer i to varianter. Den brune\/r\u00f8de farve, tilf\u00f8jer en subtil basefarve til indretningen. Den er lavet af bomuld og polyester, hvilket g\u00f8r den let og holdbar. Den OEKO-TEX\u00ae STANDARD 100 certificerede pude er udsmykket med quiltede detaljer, der skaber et flot m\u00f8nster p\u00e5 hele puden. Den kombination af enkle og minimalistiske designelementer, sammen med et strejf af orange r\u00f8dt, g\u00f8r Floy puden til det perfekte tilbeh\u00f8r til enhver sofa eller l\u00e6nestol.<\/p>\n","protected":false},"excerpt":{"rendered":"<p>Floy puden er en elegant og alsidig tilf\u00f8jelse til ethvert hjem. Den kommer i to varianter. Den brune\/r\u00f8de farve, tilf\u00f8jer en subtil basefarve til indretningen. Den er lavet af bomuld og polyester, hvilket g\u00f8r den let og holdbar. Den OEKO-TEX\u00ae STANDARD 100 certificerede pude er udsmykket med quiltede detaljer, der skaber et flot m\u00f8nster p\u00e5 [&hellip;]<\/p>\n","protected":false},"featured_media":1100415,"template":"","meta":{"_acf_changed":false,"inline_featured_image":false},"product_brand":[],"product_cat":[6880,3000,3001],"product_tag":[],"class_list":{"0":"post-976719","1":"product","2":"type-product","3":"status-publish","4":"has-post-thumbnail","6":"product_cat-elevating-nostalgia-da","7":"product_cat-tekstiler","8":"product_cat-puder-da","9":"product_shipping_class-pk","11":"pa_color-brun","12":"pa_color-rd","13":"pa_material-cotton-90-da","14":"pa_material-polyester-10-da","16":"first","17":"instock","18":"taxable","19":"shipping-taxable","20":"purchasable","21":"product-type-simple"},"exclude_global_add_ons":[],"addons":[],"acf":[],"yoast_head":"<!-- This site is optimized with the Yoast SEO plugin v26.4 - https:\/\/yoast.com\/wordpress\/plugins\/seo\/ -->\n<title>Floy Pude Brun\/R\u00f8d - H\u00fcbsch<\/title>\n<meta name=\"description\" content=\"Floy puden er en elegant og alsidig tilf\u00f8jelse til ethvert hjem. Den kommer i to varianter. Den brune\/r\u00f8de farve, tilf\u00f8jer en subtil basefarve til\" \/>\n<meta name=\"robots\" content=\"index, follow, max-snippet:-1, max-image-preview:large, max-video-preview:-1\" \/>\n<link rel=\"canonical\" href=\"https:\/\/hubsch-interior.com\/da\/wp-json\/wp\/v2\/product\/976719\" \/>\n<meta property=\"og:locale\" content=\"da_DK\" \/>\n<meta property=\"og:type\" content=\"article\" \/>\n<meta property=\"og:title\" content=\"Floy Pude Brun\/R\u00f8d - H\u00fcbsch\" \/>\n<meta property=\"og:description\" content=\"Floy puden er en elegant og alsidig tilf\u00f8jelse til ethvert hjem. Den kommer i to varianter. Den brune\/r\u00f8de farve, tilf\u00f8jer en subtil basefarve til\" \/>\n<meta property=\"og:url\" content=\"https:\/\/hubsch-interior.com\/da\/vare\/floy-pude-brun-rod\/\" \/>\n<meta property=\"og:site_name\" content=\"H\u00fcbsch\" \/>\n<meta property=\"article:modified_time\" content=\"2026-05-01T02:43:38+00:00\" \/>\n<meta property=\"og:image\" content=\"https:\/\/hubsch-interior.com\/wp-content\/uploads\/2026\/02\/floy-cushion-brownred-784794b8273e8b42751ab02dff83535c.jpg\" \/>\n\t<meta property=\"og:image:width\" content=\"1024\" \/>\n\t<meta property=\"og:image:height\" content=\"1024\" \/>\n\t<meta property=\"og:image:type\" content=\"image\/jpeg\" \/>\n<meta name=\"twitter:card\" content=\"summary_large_image\" \/>\n<script type=\"application\/ld+json\" class=\"yoast-schema-graph\">{\"@context\":\"https:\/\/schema.org\",\"@graph\":[{\"@type\":\"WebPage\",\"@id\":\"https:\/\/hubsch-interior.com\/da\/vare\/floy-pude-brun-rod\/\",\"url\":\"https:\/\/hubsch-interior.com\/da\/vare\/floy-pude-brun-rod\/\",\"name\":\"Floy Pude Brun\/R\u00f8d - H\u00fcbsch\",\"isPartOf\":{\"@id\":\"https:\/\/hubsch-interior.com\/da\/#website\"},\"primaryImageOfPage\":{\"@id\":\"https:\/\/hubsch-interior.com\/da\/vare\/floy-pude-brun-rod\/#primaryimage\"},\"image\":{\"@id\":\"https:\/\/hubsch-interior.com\/da\/vare\/floy-pude-brun-rod\/#primaryimage\"},\"thumbnailUrl\":\"https:\/\/hubsch-interior.com\/wp-content\/uploads\/2026\/02\/floy-cushion-brownred-784794b8273e8b42751ab02dff83535c.jpg\",\"datePublished\":\"2024-01-29T08:20:14+00:00\",\"dateModified\":\"2026-05-01T02:43:38+00:00\",\"description\":\"Floy puden er en elegant og alsidig tilf\u00f8jelse til ethvert hjem. Den kommer i to varianter. Den brune\/r\u00f8de farve, tilf\u00f8jer en subtil basefarve til\",\"breadcrumb\":{\"@id\":\"https:\/\/hubsch-interior.com\/da\/vare\/floy-pude-brun-rod\/#breadcrumb\"},\"inLanguage\":\"da-DK\",\"potentialAction\":[{\"@type\":\"ReadAction\",\"target\":[\"https:\/\/hubsch-interior.com\/da\/vare\/floy-pude-brun-rod\/\"]}]},{\"@type\":\"ImageObject\",\"inLanguage\":\"da-DK\",\"@id\":\"https:\/\/hubsch-interior.com\/da\/vare\/floy-pude-brun-rod\/#primaryimage\",\"url\":\"https:\/\/hubsch-interior.com\/wp-content\/uploads\/2026\/02\/floy-cushion-brownred-784794b8273e8b42751ab02dff83535c.jpg\",\"contentUrl\":\"https:\/\/hubsch-interior.com\/wp-content\/uploads\/2026\/02\/floy-cushion-brownred-784794b8273e8b42751ab02dff83535c.jpg\",\"width\":1024,\"height\":1024},{\"@type\":\"BreadcrumbList\",\"@id\":\"https:\/\/hubsch-interior.com\/da\/vare\/floy-pude-brun-rod\/#breadcrumb\",\"itemListElement\":[{\"@type\":\"ListItem\",\"position\":1,\"name\":\"Forside\",\"item\":\"https:\/\/hubsch-interior.com\/da\/\"},{\"@type\":\"ListItem\",\"position\":2,\"name\":\"Produkter\",\"item\":\"https:\/\/hubsch-interior.com\/da\/produkter\/\"},{\"@type\":\"ListItem\",\"position\":3,\"name\":\"Tekstiler\",\"item\":\"https:\/\/hubsch-interior.com\/da\/vare-kategori\/tekstiler\/\"},{\"@type\":\"ListItem\",\"position\":4,\"name\":\"Puder\",\"item\":\"https:\/\/hubsch-interior.com\/da\/vare-kategori\/tekstiler\/puder-da\/\"},{\"@type\":\"ListItem\",\"position\":5,\"name\":\"Floy Pude Brun\/R\u00f8d\"}]},{\"@type\":\"WebSite\",\"@id\":\"https:\/\/hubsch-interior.com\/da\/#website\",\"url\":\"https:\/\/hubsch-interior.com\/da\/\",\"name\":\"H\u00fcbsch\",\"description\":\"Danish Home Interior and Design\",\"publisher\":{\"@id\":\"https:\/\/hubsch-interior.com\/da\/#organization\"},\"potentialAction\":[{\"@type\":\"SearchAction\",\"target\":{\"@type\":\"EntryPoint\",\"urlTemplate\":\"https:\/\/hubsch-interior.com\/da\/?s={search_term_string}\"},\"query-input\":{\"@type\":\"PropertyValueSpecification\",\"valueRequired\":true,\"valueName\":\"search_term_string\"}}],\"inLanguage\":\"da-DK\"},{\"@type\":\"Organization\",\"@id\":\"https:\/\/hubsch-interior.com\/da\/#organization\",\"name\":\"H\u00fcbsch\",\"url\":\"https:\/\/hubsch-interior.com\/da\/\",\"logo\":{\"@type\":\"ImageObject\",\"inLanguage\":\"da-DK\",\"@id\":\"https:\/\/hubsch-interior.com\/da\/#\/schema\/logo\/image\/\",\"url\":\"https:\/\/hubsch-interior.com\/wp-content\/uploads\/2022\/12\/Hubsch_logo_black_one_line.svg\",\"contentUrl\":\"https:\/\/hubsch-interior.com\/wp-content\/uploads\/2022\/12\/Hubsch_logo_black_one_line.svg\",\"caption\":\"H\u00fcbsch\"},\"image\":{\"@id\":\"https:\/\/hubsch-interior.com\/da\/#\/schema\/logo\/image\/\"}}]}<\/script>\n<!-- \/ Yoast SEO plugin. -->","yoast_head_json":{"title":"Floy Pude Brun\/R\u00f8d - H\u00fcbsch","description":"Floy puden er en elegant og alsidig tilf\u00f8jelse til ethvert hjem. Den kommer i to varianter. Den brune\/r\u00f8de farve, tilf\u00f8jer en subtil basefarve til","robots":{"index":"index","follow":"follow","max-snippet":"max-snippet:-1","max-image-preview":"max-image-preview:large","max-video-preview":"max-video-preview:-1"},"canonical":"https:\/\/hubsch-interior.com\/da\/wp-json\/wp\/v2\/product\/976719","og_locale":"da_DK","og_type":"article","og_title":"Floy Pude Brun\/R\u00f8d - H\u00fcbsch","og_description":"Floy puden er en elegant og alsidig tilf\u00f8jelse til ethvert hjem. Den kommer i to varianter. Den brune\/r\u00f8de farve, tilf\u00f8jer en subtil basefarve til","og_url":"https:\/\/hubsch-interior.com\/da\/vare\/floy-pude-brun-rod\/","og_site_name":"H\u00fcbsch","article_modified_time":"2026-05-01T02:43:38+00:00","og_image":[{"width":1024,"height":1024,"url":"https:\/\/hubsch-interior.com\/wp-content\/uploads\/2026\/02\/floy-cushion-brownred-784794b8273e8b42751ab02dff83535c.jpg","type":"image\/jpeg"}],"twitter_card":"summary_large_image","schema":{"@context":"https:\/\/schema.org","@graph":[{"@type":"WebPage","@id":"https:\/\/hubsch-interior.com\/da\/vare\/floy-pude-brun-rod\/","url":"https:\/\/hubsch-interior.com\/da\/vare\/floy-pude-brun-rod\/","name":"Floy Pude Brun\/R\u00f8d - H\u00fcbsch","isPartOf":{"@id":"https:\/\/hubsch-interior.com\/da\/#website"},"primaryImageOfPage":{"@id":"https:\/\/hubsch-interior.com\/da\/vare\/floy-pude-brun-rod\/#primaryimage"},"image":{"@id":"https:\/\/hubsch-interior.com\/da\/vare\/floy-pude-brun-rod\/#primaryimage"},"thumbnailUrl":"https:\/\/hubsch-interior.com\/wp-content\/uploads\/2026\/02\/floy-cushion-brownred-784794b8273e8b42751ab02dff83535c.jpg","datePublished":"2024-01-29T08:20:14+00:00","dateModified":"2026-05-01T02:43:38+00:00","description":"Floy puden er en elegant og alsidig tilf\u00f8jelse til ethvert hjem. Den kommer i to varianter. Den brune\/r\u00f8de farve, tilf\u00f8jer en subtil basefarve til","breadcrumb":{"@id":"https:\/\/hubsch-interior.com\/da\/vare\/floy-pude-brun-rod\/#breadcrumb"},"inLanguage":"da-DK","potentialAction":[{"@type":"ReadAction","target":["https:\/\/hubsch-interior.com\/da\/vare\/floy-pude-brun-rod\/"]}]},{"@type":"ImageObject","inLanguage":"da-DK","@id":"https:\/\/hubsch-interior.com\/da\/vare\/floy-pude-brun-rod\/#primaryimage","url":"https:\/\/hubsch-interior.com\/wp-content\/uploads\/2026\/02\/floy-cushion-brownred-784794b8273e8b42751ab02dff83535c.jpg","contentUrl":"https:\/\/hubsch-interior.com\/wp-content\/uploads\/2026\/02\/floy-cushion-brownred-784794b8273e8b42751ab02dff83535c.jpg","width":1024,"height":1024},{"@type":"BreadcrumbList","@id":"https:\/\/hubsch-interior.com\/da\/vare\/floy-pude-brun-rod\/#breadcrumb","itemListElement":[{"@type":"ListItem","position":1,"name":"Forside","item":"https:\/\/hubsch-interior.com\/da\/"},{"@type":"ListItem","position":2,"name":"Produkter","item":"https:\/\/hubsch-interior.com\/da\/produkter\/"},{"@type":"ListItem","position":3,"name":"Tekstiler","item":"https:\/\/hubsch-interior.com\/da\/vare-kategori\/tekstiler\/"},{"@type":"ListItem","position":4,"name":"Puder","item":"https:\/\/hubsch-interior.com\/da\/vare-kategori\/tekstiler\/puder-da\/"},{"@type":"ListItem","position":5,"name":"Floy Pude Brun\/R\u00f8d"}]},{"@type":"WebSite","@id":"https:\/\/hubsch-interior.com\/da\/#website","url":"https:\/\/hubsch-interior.com\/da\/","name":"H\u00fcbsch","description":"Danish Home Interior and Design","publisher":{"@id":"https:\/\/hubsch-interior.com\/da\/#organization"},"potentialAction":[{"@type":"SearchAction","target":{"@type":"EntryPoint","urlTemplate":"https:\/\/hubsch-interior.com\/da\/?s={search_term_string}"},"query-input":{"@type":"PropertyValueSpecification","valueRequired":true,"valueName":"search_term_string"}}],"inLanguage":"da-DK"},{"@type":"Organization","@id":"https:\/\/hubsch-interior.com\/da\/#organization","name":"H\u00fcbsch","url":"https:\/\/hubsch-interior.com\/da\/","logo":{"@type":"ImageObject","inLanguage":"da-DK","@id":"https:\/\/hubsch-interior.com\/da\/#\/schema\/logo\/image\/","url":"https:\/\/hubsch-interior.com\/wp-content\/uploads\/2022\/12\/Hubsch_logo_black_one_line.svg","contentUrl":"https:\/\/hubsch-interior.com\/wp-content\/uploads\/2022\/12\/Hubsch_logo_black_one_line.svg","caption":"H\u00fcbsch"},"image":{"@id":"https:\/\/hubsch-interior.com\/da\/#\/schema\/logo\/image\/"}}]}},"_links":{"self":[{"href":"https:\/\/hubsch-interior.com\/da\/wp-json\/wp\/v2\/product\/976719","targetHints":{"allow":["GET"]}}],"collection":[{"href":"https:\/\/hubsch-interior.com\/da\/wp-json\/wp\/v2\/product"}],"about":[{"href":"https:\/\/hubsch-interior.com\/da\/wp-json\/wp\/v2\/types\/product"}],"wp:featuredmedia":[{"embeddable":true,"href":"https:\/\/hubsch-interior.com\/da\/wp-json\/wp\/v2\/media\/1100415"}],"wp:attachment":[{"href":"https:\/\/hubsch-interior.com\/da\/wp-json\/wp\/v2\/media?parent=976719"}],"wp:term":[{"taxonomy":"product_brand","embeddable":true,"href":"https:\/\/hubsch-interior.com\/da\/wp-json\/wp\/v2\/product_brand?post=976719"},{"taxonomy":"product_cat","embeddable":true,"href":"https:\/\/hubsch-interior.com\/da\/wp-json\/wp\/v2\/product_cat?post=976719"},{"taxonomy":"product_tag","embeddable":true,"href":"https:\/\/hubsch-interior.com\/da\/wp-json\/wp\/v2\/product_tag?post=976719"}],"curies":[{"name":"wp","href":"https:\/\/api.w.org\/{rel}","templated":true}]}}