{"id":976787,"date":"2024-01-29T09:21:04","date_gmt":"2024-01-29T08:21:04","guid":{"rendered":"https:\/\/hubsch-interior.com\/product\/product\/"},"modified":"2026-04-30T04:42:38","modified_gmt":"2026-04-30T02:42:38","slug":"easypeasy-viskestykke-brun-lilla","status":"publish","type":"product","link":"https:\/\/hubsch-interior.com\/da\/vare\/easypeasy-viskestykke-brun-lilla\/","title":{"rendered":"Easypeasy Viskestykke Brun\/Lilla"},"content":{"rendered":"<p>Det brune og lilla Easypeasy viskestykke er den perfekte k\u00f8kkenmakker til dig, der \u00f8nsker en stilfuld og praktisk l\u00f8sning. Lavet af bl\u00f8dt og holdbart bomuld, er dette OEKO-TEX\u00ae STANDARD 100 certificerede viskestykke b\u00e5de milj\u00f8venligt og sk\u00e5nsomt mod dine h\u00e6nder. De broderede detaljer i kontrastfarve tilf\u00f8jer et unikt touch til designet. Med sin st\u00f8rre st\u00f8rrelse end almindelige viskestykker, er det en yderst absorberende og funktionel tilf\u00f8jelse til dit k\u00f8kken. V\u00e6lg mellem de tre forskellige farvevarianter og g\u00f8r dit k\u00f8kken mere end bare et rum, men en stilfuld og praktisk arbejdsplads.<\/p>\n","protected":false},"excerpt":{"rendered":"<p>Det brune og lilla Easypeasy viskestykke er den perfekte k\u00f8kkenmakker til dig, der \u00f8nsker en stilfuld og praktisk l\u00f8sning. Lavet af bl\u00f8dt og holdbart bomuld, er dette OEKO-TEX\u00ae STANDARD 100 certificerede viskestykke b\u00e5de milj\u00f8venligt og sk\u00e5nsomt mod dine h\u00e6nder. De broderede detaljer i kontrastfarve tilf\u00f8jer et unikt touch til designet. Med sin st\u00f8rre st\u00f8rrelse end [&hellip;]<\/p>\n","protected":false},"featured_media":1100439,"template":"","meta":{"_acf_changed":false,"inline_featured_image":false},"product_brand":[],"product_cat":[5025,6880,4090,6970,3000],"product_tag":[],"class_list":{"0":"post-976787","1":"product","2":"type-product","3":"status-publish","4":"has-post-thumbnail","6":"product_cat-bestsellers-da","7":"product_cat-elevating-nostalgia-da","8":"product_cat-koekkentekstiler-da","9":"product_cat-paaskeudsalg","10":"product_cat-tekstiler","11":"product_shipping_class-pk","12":"pa_color-brun","13":"pa_color-lilla","14":"pa_material-cotton-100-da","16":"first","17":"instock","18":"featured","19":"taxable","20":"shipping-taxable","21":"purchasable","22":"product-type-simple"},"exclude_global_add_ons":[],"addons":[],"acf":[],"yoast_head":"<!-- This site is optimized with the Yoast SEO plugin v26.4 - https:\/\/yoast.com\/wordpress\/plugins\/seo\/ -->\n<title>Easypeasy Viskestykke Brun\/Lilla - H\u00fcbsch<\/title>\n<meta name=\"description\" content=\"Det brune og lilla Easypeasy viskestykke er den perfekte k\u00f8kkenmakker til dig, der \u00f8nsker en stilfuld og praktisk l\u00f8sning. Lavet af bl\u00f8dt og holdbart\" \/>\n<meta name=\"robots\" content=\"index, follow, max-snippet:-1, max-image-preview:large, max-video-preview:-1\" \/>\n<link rel=\"canonical\" href=\"https:\/\/hubsch-interior.com\/da\/wp-json\/wp\/v2\/product\/976787\" \/>\n<meta property=\"og:locale\" content=\"da_DK\" \/>\n<meta property=\"og:type\" content=\"article\" \/>\n<meta property=\"og:title\" content=\"Easypeasy Viskestykke Brun\/Lilla - H\u00fcbsch\" \/>\n<meta property=\"og:description\" content=\"Det brune og lilla Easypeasy viskestykke er den perfekte k\u00f8kkenmakker til dig, der \u00f8nsker en stilfuld og praktisk l\u00f8sning. Lavet af bl\u00f8dt og holdbart\" \/>\n<meta property=\"og:url\" content=\"https:\/\/hubsch-interior.com\/da\/vare\/easypeasy-viskestykke-brun-lilla\/\" \/>\n<meta property=\"og:site_name\" content=\"H\u00fcbsch\" \/>\n<meta property=\"article:modified_time\" content=\"2026-04-30T02:42:38+00:00\" \/>\n<meta property=\"og:image\" content=\"https:\/\/hubsch-interior.com\/wp-content\/uploads\/2024\/05\/easypeasy-tea-towel-brownpurple-915e65a1fe7a14fcfbb486a23e6296c1.jpg\" \/>\n\t<meta property=\"og:image:width\" content=\"1200\" \/>\n\t<meta property=\"og:image:height\" content=\"1200\" \/>\n\t<meta property=\"og:image:type\" content=\"image\/jpeg\" \/>\n<meta name=\"twitter:card\" content=\"summary_large_image\" \/>\n<meta name=\"twitter:label1\" content=\"Estimeret l\u00e6setid\" \/>\n\t<meta name=\"twitter:data1\" content=\"1 minut\" \/>\n<script type=\"application\/ld+json\" class=\"yoast-schema-graph\">{\"@context\":\"https:\/\/schema.org\",\"@graph\":[{\"@type\":\"WebPage\",\"@id\":\"https:\/\/hubsch-interior.com\/da\/vare\/easypeasy-viskestykke-brun-lilla\/\",\"url\":\"https:\/\/hubsch-interior.com\/da\/vare\/easypeasy-viskestykke-brun-lilla\/\",\"name\":\"Easypeasy Viskestykke Brun\/Lilla - H\u00fcbsch\",\"isPartOf\":{\"@id\":\"https:\/\/hubsch-interior.com\/da\/#website\"},\"primaryImageOfPage\":{\"@id\":\"https:\/\/hubsch-interior.com\/da\/vare\/easypeasy-viskestykke-brun-lilla\/#primaryimage\"},\"image\":{\"@id\":\"https:\/\/hubsch-interior.com\/da\/vare\/easypeasy-viskestykke-brun-lilla\/#primaryimage\"},\"thumbnailUrl\":\"https:\/\/hubsch-interior.com\/wp-content\/uploads\/2026\/02\/easypeasy-tea-towel-brownpurple-254a4a36bcc90b1686245f19ef1abfb6.jpg\",\"datePublished\":\"2024-01-29T08:21:04+00:00\",\"dateModified\":\"2026-04-30T02:42:38+00:00\",\"description\":\"Det brune og lilla Easypeasy viskestykke er den perfekte k\u00f8kkenmakker til dig, der \u00f8nsker en stilfuld og praktisk l\u00f8sning. Lavet af bl\u00f8dt og holdbart\",\"breadcrumb\":{\"@id\":\"https:\/\/hubsch-interior.com\/da\/vare\/easypeasy-viskestykke-brun-lilla\/#breadcrumb\"},\"inLanguage\":\"da-DK\",\"potentialAction\":[{\"@type\":\"ReadAction\",\"target\":[\"https:\/\/hubsch-interior.com\/da\/vare\/easypeasy-viskestykke-brun-lilla\/\"]}]},{\"@type\":\"ImageObject\",\"inLanguage\":\"da-DK\",\"@id\":\"https:\/\/hubsch-interior.com\/da\/vare\/easypeasy-viskestykke-brun-lilla\/#primaryimage\",\"url\":\"https:\/\/hubsch-interior.com\/wp-content\/uploads\/2026\/02\/easypeasy-tea-towel-brownpurple-254a4a36bcc90b1686245f19ef1abfb6.jpg\",\"contentUrl\":\"https:\/\/hubsch-interior.com\/wp-content\/uploads\/2026\/02\/easypeasy-tea-towel-brownpurple-254a4a36bcc90b1686245f19ef1abfb6.jpg\",\"width\":1024,\"height\":1024},{\"@type\":\"BreadcrumbList\",\"@id\":\"https:\/\/hubsch-interior.com\/da\/vare\/easypeasy-viskestykke-brun-lilla\/#breadcrumb\",\"itemListElement\":[{\"@type\":\"ListItem\",\"position\":1,\"name\":\"Forside\",\"item\":\"https:\/\/hubsch-interior.com\/da\/\"},{\"@type\":\"ListItem\",\"position\":2,\"name\":\"Produkter\",\"item\":\"https:\/\/hubsch-interior.com\/da\/produkter\/\"},{\"@type\":\"ListItem\",\"position\":3,\"name\":\"Tekstiler\",\"item\":\"https:\/\/hubsch-interior.com\/da\/vare-kategori\/tekstiler\/\"},{\"@type\":\"ListItem\",\"position\":4,\"name\":\"K&oslash;kkentekstiler\",\"item\":\"https:\/\/hubsch-interior.com\/da\/vare-kategori\/tekstiler\/koekkentekstiler-da\/\"},{\"@type\":\"ListItem\",\"position\":5,\"name\":\"Easypeasy Viskestykke Brun\/Lilla\"}]},{\"@type\":\"WebSite\",\"@id\":\"https:\/\/hubsch-interior.com\/da\/#website\",\"url\":\"https:\/\/hubsch-interior.com\/da\/\",\"name\":\"H\u00fcbsch\",\"description\":\"Danish Home Interior and Design\",\"publisher\":{\"@id\":\"https:\/\/hubsch-interior.com\/da\/#organization\"},\"potentialAction\":[{\"@type\":\"SearchAction\",\"target\":{\"@type\":\"EntryPoint\",\"urlTemplate\":\"https:\/\/hubsch-interior.com\/da\/?s={search_term_string}\"},\"query-input\":{\"@type\":\"PropertyValueSpecification\",\"valueRequired\":true,\"valueName\":\"search_term_string\"}}],\"inLanguage\":\"da-DK\"},{\"@type\":\"Organization\",\"@id\":\"https:\/\/hubsch-interior.com\/da\/#organization\",\"name\":\"H\u00fcbsch\",\"url\":\"https:\/\/hubsch-interior.com\/da\/\",\"logo\":{\"@type\":\"ImageObject\",\"inLanguage\":\"da-DK\",\"@id\":\"https:\/\/hubsch-interior.com\/da\/#\/schema\/logo\/image\/\",\"url\":\"https:\/\/hubsch-interior.com\/wp-content\/uploads\/2022\/12\/Hubsch_logo_black_one_line.svg\",\"contentUrl\":\"https:\/\/hubsch-interior.com\/wp-content\/uploads\/2022\/12\/Hubsch_logo_black_one_line.svg\",\"caption\":\"H\u00fcbsch\"},\"image\":{\"@id\":\"https:\/\/hubsch-interior.com\/da\/#\/schema\/logo\/image\/\"}}]}<\/script>\n<!-- \/ Yoast SEO plugin. -->","yoast_head_json":{"title":"Easypeasy Viskestykke Brun\/Lilla - H\u00fcbsch","description":"Det brune og lilla Easypeasy viskestykke er den perfekte k\u00f8kkenmakker til dig, der \u00f8nsker en stilfuld og praktisk l\u00f8sning. Lavet af bl\u00f8dt og holdbart","robots":{"index":"index","follow":"follow","max-snippet":"max-snippet:-1","max-image-preview":"max-image-preview:large","max-video-preview":"max-video-preview:-1"},"canonical":"https:\/\/hubsch-interior.com\/da\/wp-json\/wp\/v2\/product\/976787","og_locale":"da_DK","og_type":"article","og_title":"Easypeasy Viskestykke Brun\/Lilla - H\u00fcbsch","og_description":"Det brune og lilla Easypeasy viskestykke er den perfekte k\u00f8kkenmakker til dig, der \u00f8nsker en stilfuld og praktisk l\u00f8sning. Lavet af bl\u00f8dt og holdbart","og_url":"https:\/\/hubsch-interior.com\/da\/vare\/easypeasy-viskestykke-brun-lilla\/","og_site_name":"H\u00fcbsch","article_modified_time":"2026-04-30T02:42:38+00:00","og_image":[{"width":1200,"height":1200,"url":"https:\/\/hubsch-interior.com\/wp-content\/uploads\/2024\/05\/easypeasy-tea-towel-brownpurple-915e65a1fe7a14fcfbb486a23e6296c1.jpg","type":"image\/jpeg"}],"twitter_card":"summary_large_image","twitter_misc":{"Estimeret l\u00e6setid":"1 minut"},"schema":{"@context":"https:\/\/schema.org","@graph":[{"@type":"WebPage","@id":"https:\/\/hubsch-interior.com\/da\/vare\/easypeasy-viskestykke-brun-lilla\/","url":"https:\/\/hubsch-interior.com\/da\/vare\/easypeasy-viskestykke-brun-lilla\/","name":"Easypeasy Viskestykke Brun\/Lilla - H\u00fcbsch","isPartOf":{"@id":"https:\/\/hubsch-interior.com\/da\/#website"},"primaryImageOfPage":{"@id":"https:\/\/hubsch-interior.com\/da\/vare\/easypeasy-viskestykke-brun-lilla\/#primaryimage"},"image":{"@id":"https:\/\/hubsch-interior.com\/da\/vare\/easypeasy-viskestykke-brun-lilla\/#primaryimage"},"thumbnailUrl":"https:\/\/hubsch-interior.com\/wp-content\/uploads\/2026\/02\/easypeasy-tea-towel-brownpurple-254a4a36bcc90b1686245f19ef1abfb6.jpg","datePublished":"2024-01-29T08:21:04+00:00","dateModified":"2026-04-30T02:42:38+00:00","description":"Det brune og lilla Easypeasy viskestykke er den perfekte k\u00f8kkenmakker til dig, der \u00f8nsker en stilfuld og praktisk l\u00f8sning. Lavet af bl\u00f8dt og holdbart","breadcrumb":{"@id":"https:\/\/hubsch-interior.com\/da\/vare\/easypeasy-viskestykke-brun-lilla\/#breadcrumb"},"inLanguage":"da-DK","potentialAction":[{"@type":"ReadAction","target":["https:\/\/hubsch-interior.com\/da\/vare\/easypeasy-viskestykke-brun-lilla\/"]}]},{"@type":"ImageObject","inLanguage":"da-DK","@id":"https:\/\/hubsch-interior.com\/da\/vare\/easypeasy-viskestykke-brun-lilla\/#primaryimage","url":"https:\/\/hubsch-interior.com\/wp-content\/uploads\/2026\/02\/easypeasy-tea-towel-brownpurple-254a4a36bcc90b1686245f19ef1abfb6.jpg","contentUrl":"https:\/\/hubsch-interior.com\/wp-content\/uploads\/2026\/02\/easypeasy-tea-towel-brownpurple-254a4a36bcc90b1686245f19ef1abfb6.jpg","width":1024,"height":1024},{"@type":"BreadcrumbList","@id":"https:\/\/hubsch-interior.com\/da\/vare\/easypeasy-viskestykke-brun-lilla\/#breadcrumb","itemListElement":[{"@type":"ListItem","position":1,"name":"Forside","item":"https:\/\/hubsch-interior.com\/da\/"},{"@type":"ListItem","position":2,"name":"Produkter","item":"https:\/\/hubsch-interior.com\/da\/produkter\/"},{"@type":"ListItem","position":3,"name":"Tekstiler","item":"https:\/\/hubsch-interior.com\/da\/vare-kategori\/tekstiler\/"},{"@type":"ListItem","position":4,"name":"K&oslash;kkentekstiler","item":"https:\/\/hubsch-interior.com\/da\/vare-kategori\/tekstiler\/koekkentekstiler-da\/"},{"@type":"ListItem","position":5,"name":"Easypeasy Viskestykke Brun\/Lilla"}]},{"@type":"WebSite","@id":"https:\/\/hubsch-interior.com\/da\/#website","url":"https:\/\/hubsch-interior.com\/da\/","name":"H\u00fcbsch","description":"Danish Home Interior and Design","publisher":{"@id":"https:\/\/hubsch-interior.com\/da\/#organization"},"potentialAction":[{"@type":"SearchAction","target":{"@type":"EntryPoint","urlTemplate":"https:\/\/hubsch-interior.com\/da\/?s={search_term_string}"},"query-input":{"@type":"PropertyValueSpecification","valueRequired":true,"valueName":"search_term_string"}}],"inLanguage":"da-DK"},{"@type":"Organization","@id":"https:\/\/hubsch-interior.com\/da\/#organization","name":"H\u00fcbsch","url":"https:\/\/hubsch-interior.com\/da\/","logo":{"@type":"ImageObject","inLanguage":"da-DK","@id":"https:\/\/hubsch-interior.com\/da\/#\/schema\/logo\/image\/","url":"https:\/\/hubsch-interior.com\/wp-content\/uploads\/2022\/12\/Hubsch_logo_black_one_line.svg","contentUrl":"https:\/\/hubsch-interior.com\/wp-content\/uploads\/2022\/12\/Hubsch_logo_black_one_line.svg","caption":"H\u00fcbsch"},"image":{"@id":"https:\/\/hubsch-interior.com\/da\/#\/schema\/logo\/image\/"}}]}},"_links":{"self":[{"href":"https:\/\/hubsch-interior.com\/da\/wp-json\/wp\/v2\/product\/976787","targetHints":{"allow":["GET"]}}],"collection":[{"href":"https:\/\/hubsch-interior.com\/da\/wp-json\/wp\/v2\/product"}],"about":[{"href":"https:\/\/hubsch-interior.com\/da\/wp-json\/wp\/v2\/types\/product"}],"wp:featuredmedia":[{"embeddable":true,"href":"https:\/\/hubsch-interior.com\/da\/wp-json\/wp\/v2\/media\/1100439"}],"wp:attachment":[{"href":"https:\/\/hubsch-interior.com\/da\/wp-json\/wp\/v2\/media?parent=976787"}],"wp:term":[{"taxonomy":"product_brand","embeddable":true,"href":"https:\/\/hubsch-interior.com\/da\/wp-json\/wp\/v2\/product_brand?post=976787"},{"taxonomy":"product_cat","embeddable":true,"href":"https:\/\/hubsch-interior.com\/da\/wp-json\/wp\/v2\/product_cat?post=976787"},{"taxonomy":"product_tag","embeddable":true,"href":"https:\/\/hubsch-interior.com\/da\/wp-json\/wp\/v2\/product_tag?post=976787"}],"curies":[{"name":"wp","href":"https:\/\/api.w.org\/{rel}","templated":true}]}}