{"id":976799,"date":"2024-01-29T09:21:15","date_gmt":"2024-01-29T08:21:15","guid":{"rendered":"https:\/\/hubsch-interior.com\/product\/product\/"},"modified":"2026-04-30T04:42:43","modified_gmt":"2026-04-30T02:42:43","slug":"easypeasy-viskestykke-beige-rod","status":"publish","type":"product","link":"https:\/\/hubsch-interior.com\/da\/vare\/easypeasy-viskestykke-beige-rod\/","title":{"rendered":"Easypeasy Viskestykke Beige\/R\u00f8d"},"content":{"rendered":"<p>Intet k\u00f8kken er komplet uden det stilfulde og praktiske Easypeasy Viskestykke. Dette viskestykke er lavet af OEKO-TEX\u00ae STANDARD 100 certificeret bomuld og er tilg\u00e6ngeligt i en smuk beige\/r\u00f8d farve. Det h\u00e5ndlavede viskestykke er ikke kun bl\u00f8dt og holdbart, men det har ogs\u00e5 broderidetaljer i kontrastfarver, der tilf\u00f8jer et elegant touch. Det er st\u00f8rre end dit typiske viskestykke, hvilket g\u00f8r det til den perfekte k\u00f8kkenmakker, der b\u00e5de er absorberende og funktionelt. Tilg\u00e6ngeligt i 3 forskellige varianter, er Easypeasy Viskestykket det ultimative valg til dit k\u00f8kken.<\/p>\n","protected":false},"excerpt":{"rendered":"<p>Intet k\u00f8kken er komplet uden det stilfulde og praktiske Easypeasy Viskestykke. Dette viskestykke er lavet af OEKO-TEX\u00ae STANDARD 100 certificeret bomuld og er tilg\u00e6ngeligt i en smuk beige\/r\u00f8d farve. Det h\u00e5ndlavede viskestykke er ikke kun bl\u00f8dt og holdbart, men det har ogs\u00e5 broderidetaljer i kontrastfarver, der tilf\u00f8jer et elegant touch. Det er st\u00f8rre end dit [&hellip;]<\/p>\n","protected":false},"featured_media":1100463,"template":"","meta":{"_acf_changed":false,"inline_featured_image":false},"product_brand":[],"product_cat":[5025,6880,4090,6970,3000],"product_tag":[],"class_list":{"0":"post-976799","1":"product","2":"type-product","3":"status-publish","4":"has-post-thumbnail","6":"product_cat-bestsellers-da","7":"product_cat-elevating-nostalgia-da","8":"product_cat-koekkentekstiler-da","9":"product_cat-paaskeudsalg","10":"product_cat-tekstiler","11":"product_shipping_class-pk","12":"pa_color-beige-2","13":"pa_color-rd","14":"pa_material-cotton-100-da","16":"first","17":"instock","18":"featured","19":"taxable","20":"shipping-taxable","21":"purchasable","22":"product-type-simple"},"exclude_global_add_ons":[],"addons":[],"acf":[],"yoast_head":"<!-- This site is optimized with the Yoast SEO plugin v26.4 - https:\/\/yoast.com\/wordpress\/plugins\/seo\/ -->\n<title>Easypeasy Viskestykke Beige\/R\u00f8d - H\u00fcbsch<\/title>\n<meta name=\"description\" content=\"Intet k\u00f8kken er komplet uden det stilfulde og praktiske Easypeasy Viskestykke. Dette viskestykke er lavet af OEKO-TEX\u00ae STANDARD 100 certificeret bomuld og\" \/>\n<meta name=\"robots\" content=\"index, follow, max-snippet:-1, max-image-preview:large, max-video-preview:-1\" \/>\n<link rel=\"canonical\" href=\"https:\/\/hubsch-interior.com\/da\/wp-json\/wp\/v2\/product\/976799\" \/>\n<meta property=\"og:locale\" content=\"da_DK\" \/>\n<meta property=\"og:type\" content=\"article\" \/>\n<meta property=\"og:title\" content=\"Easypeasy Viskestykke Beige\/R\u00f8d - H\u00fcbsch\" \/>\n<meta property=\"og:description\" content=\"Intet k\u00f8kken er komplet uden det stilfulde og praktiske Easypeasy Viskestykke. Dette viskestykke er lavet af OEKO-TEX\u00ae STANDARD 100 certificeret bomuld og\" \/>\n<meta property=\"og:url\" content=\"https:\/\/hubsch-interior.com\/da\/vare\/easypeasy-viskestykke-beige-rod\/\" \/>\n<meta property=\"og:site_name\" content=\"H\u00fcbsch\" \/>\n<meta property=\"article:modified_time\" content=\"2026-04-30T02:42:43+00:00\" \/>\n<meta property=\"og:image\" content=\"https:\/\/hubsch-interior.com\/wp-content\/uploads\/2024\/12\/easypeasy-tea-towel-beigered-b3b747ab381c7a5126207d54bd6b0ff5.jpg\" \/>\n\t<meta property=\"og:image:width\" content=\"1200\" \/>\n\t<meta property=\"og:image:height\" content=\"1200\" \/>\n\t<meta property=\"og:image:type\" content=\"image\/jpeg\" \/>\n<meta name=\"twitter:card\" content=\"summary_large_image\" \/>\n<script type=\"application\/ld+json\" class=\"yoast-schema-graph\">{\"@context\":\"https:\/\/schema.org\",\"@graph\":[{\"@type\":\"WebPage\",\"@id\":\"https:\/\/hubsch-interior.com\/da\/vare\/easypeasy-viskestykke-beige-rod\/\",\"url\":\"https:\/\/hubsch-interior.com\/da\/vare\/easypeasy-viskestykke-beige-rod\/\",\"name\":\"Easypeasy Viskestykke Beige\/R\u00f8d - H\u00fcbsch\",\"isPartOf\":{\"@id\":\"https:\/\/hubsch-interior.com\/da\/#website\"},\"primaryImageOfPage\":{\"@id\":\"https:\/\/hubsch-interior.com\/da\/vare\/easypeasy-viskestykke-beige-rod\/#primaryimage\"},\"image\":{\"@id\":\"https:\/\/hubsch-interior.com\/da\/vare\/easypeasy-viskestykke-beige-rod\/#primaryimage\"},\"thumbnailUrl\":\"https:\/\/hubsch-interior.com\/wp-content\/uploads\/2026\/02\/easypeasy-tea-towel-beigered-350c4a10ba80394af681cbc206e14b8f.jpg\",\"datePublished\":\"2024-01-29T08:21:15+00:00\",\"dateModified\":\"2026-04-30T02:42:43+00:00\",\"description\":\"Intet k\u00f8kken er komplet uden det stilfulde og praktiske Easypeasy Viskestykke. Dette viskestykke er lavet af OEKO-TEX\u00ae STANDARD 100 certificeret bomuld og\",\"breadcrumb\":{\"@id\":\"https:\/\/hubsch-interior.com\/da\/vare\/easypeasy-viskestykke-beige-rod\/#breadcrumb\"},\"inLanguage\":\"da-DK\",\"potentialAction\":[{\"@type\":\"ReadAction\",\"target\":[\"https:\/\/hubsch-interior.com\/da\/vare\/easypeasy-viskestykke-beige-rod\/\"]}]},{\"@type\":\"ImageObject\",\"inLanguage\":\"da-DK\",\"@id\":\"https:\/\/hubsch-interior.com\/da\/vare\/easypeasy-viskestykke-beige-rod\/#primaryimage\",\"url\":\"https:\/\/hubsch-interior.com\/wp-content\/uploads\/2026\/02\/easypeasy-tea-towel-beigered-350c4a10ba80394af681cbc206e14b8f.jpg\",\"contentUrl\":\"https:\/\/hubsch-interior.com\/wp-content\/uploads\/2026\/02\/easypeasy-tea-towel-beigered-350c4a10ba80394af681cbc206e14b8f.jpg\",\"width\":1024,\"height\":1024},{\"@type\":\"BreadcrumbList\",\"@id\":\"https:\/\/hubsch-interior.com\/da\/vare\/easypeasy-viskestykke-beige-rod\/#breadcrumb\",\"itemListElement\":[{\"@type\":\"ListItem\",\"position\":1,\"name\":\"Forside\",\"item\":\"https:\/\/hubsch-interior.com\/da\/\"},{\"@type\":\"ListItem\",\"position\":2,\"name\":\"Produkter\",\"item\":\"https:\/\/hubsch-interior.com\/da\/produkter\/\"},{\"@type\":\"ListItem\",\"position\":3,\"name\":\"Tekstiler\",\"item\":\"https:\/\/hubsch-interior.com\/da\/vare-kategori\/tekstiler\/\"},{\"@type\":\"ListItem\",\"position\":4,\"name\":\"K&oslash;kkentekstiler\",\"item\":\"https:\/\/hubsch-interior.com\/da\/vare-kategori\/tekstiler\/koekkentekstiler-da\/\"},{\"@type\":\"ListItem\",\"position\":5,\"name\":\"Easypeasy Viskestykke Beige\/R\u00f8d\"}]},{\"@type\":\"WebSite\",\"@id\":\"https:\/\/hubsch-interior.com\/da\/#website\",\"url\":\"https:\/\/hubsch-interior.com\/da\/\",\"name\":\"H\u00fcbsch\",\"description\":\"Danish Home Interior and Design\",\"publisher\":{\"@id\":\"https:\/\/hubsch-interior.com\/da\/#organization\"},\"potentialAction\":[{\"@type\":\"SearchAction\",\"target\":{\"@type\":\"EntryPoint\",\"urlTemplate\":\"https:\/\/hubsch-interior.com\/da\/?s={search_term_string}\"},\"query-input\":{\"@type\":\"PropertyValueSpecification\",\"valueRequired\":true,\"valueName\":\"search_term_string\"}}],\"inLanguage\":\"da-DK\"},{\"@type\":\"Organization\",\"@id\":\"https:\/\/hubsch-interior.com\/da\/#organization\",\"name\":\"H\u00fcbsch\",\"url\":\"https:\/\/hubsch-interior.com\/da\/\",\"logo\":{\"@type\":\"ImageObject\",\"inLanguage\":\"da-DK\",\"@id\":\"https:\/\/hubsch-interior.com\/da\/#\/schema\/logo\/image\/\",\"url\":\"https:\/\/hubsch-interior.com\/wp-content\/uploads\/2022\/12\/Hubsch_logo_black_one_line.svg\",\"contentUrl\":\"https:\/\/hubsch-interior.com\/wp-content\/uploads\/2022\/12\/Hubsch_logo_black_one_line.svg\",\"caption\":\"H\u00fcbsch\"},\"image\":{\"@id\":\"https:\/\/hubsch-interior.com\/da\/#\/schema\/logo\/image\/\"}}]}<\/script>\n<!-- \/ Yoast SEO plugin. -->","yoast_head_json":{"title":"Easypeasy Viskestykke Beige\/R\u00f8d - H\u00fcbsch","description":"Intet k\u00f8kken er komplet uden det stilfulde og praktiske Easypeasy Viskestykke. Dette viskestykke er lavet af OEKO-TEX\u00ae STANDARD 100 certificeret bomuld og","robots":{"index":"index","follow":"follow","max-snippet":"max-snippet:-1","max-image-preview":"max-image-preview:large","max-video-preview":"max-video-preview:-1"},"canonical":"https:\/\/hubsch-interior.com\/da\/wp-json\/wp\/v2\/product\/976799","og_locale":"da_DK","og_type":"article","og_title":"Easypeasy Viskestykke Beige\/R\u00f8d - H\u00fcbsch","og_description":"Intet k\u00f8kken er komplet uden det stilfulde og praktiske Easypeasy Viskestykke. Dette viskestykke er lavet af OEKO-TEX\u00ae STANDARD 100 certificeret bomuld og","og_url":"https:\/\/hubsch-interior.com\/da\/vare\/easypeasy-viskestykke-beige-rod\/","og_site_name":"H\u00fcbsch","article_modified_time":"2026-04-30T02:42:43+00:00","og_image":[{"width":1200,"height":1200,"url":"https:\/\/hubsch-interior.com\/wp-content\/uploads\/2024\/12\/easypeasy-tea-towel-beigered-b3b747ab381c7a5126207d54bd6b0ff5.jpg","type":"image\/jpeg"}],"twitter_card":"summary_large_image","schema":{"@context":"https:\/\/schema.org","@graph":[{"@type":"WebPage","@id":"https:\/\/hubsch-interior.com\/da\/vare\/easypeasy-viskestykke-beige-rod\/","url":"https:\/\/hubsch-interior.com\/da\/vare\/easypeasy-viskestykke-beige-rod\/","name":"Easypeasy Viskestykke Beige\/R\u00f8d - H\u00fcbsch","isPartOf":{"@id":"https:\/\/hubsch-interior.com\/da\/#website"},"primaryImageOfPage":{"@id":"https:\/\/hubsch-interior.com\/da\/vare\/easypeasy-viskestykke-beige-rod\/#primaryimage"},"image":{"@id":"https:\/\/hubsch-interior.com\/da\/vare\/easypeasy-viskestykke-beige-rod\/#primaryimage"},"thumbnailUrl":"https:\/\/hubsch-interior.com\/wp-content\/uploads\/2026\/02\/easypeasy-tea-towel-beigered-350c4a10ba80394af681cbc206e14b8f.jpg","datePublished":"2024-01-29T08:21:15+00:00","dateModified":"2026-04-30T02:42:43+00:00","description":"Intet k\u00f8kken er komplet uden det stilfulde og praktiske Easypeasy Viskestykke. Dette viskestykke er lavet af OEKO-TEX\u00ae STANDARD 100 certificeret bomuld og","breadcrumb":{"@id":"https:\/\/hubsch-interior.com\/da\/vare\/easypeasy-viskestykke-beige-rod\/#breadcrumb"},"inLanguage":"da-DK","potentialAction":[{"@type":"ReadAction","target":["https:\/\/hubsch-interior.com\/da\/vare\/easypeasy-viskestykke-beige-rod\/"]}]},{"@type":"ImageObject","inLanguage":"da-DK","@id":"https:\/\/hubsch-interior.com\/da\/vare\/easypeasy-viskestykke-beige-rod\/#primaryimage","url":"https:\/\/hubsch-interior.com\/wp-content\/uploads\/2026\/02\/easypeasy-tea-towel-beigered-350c4a10ba80394af681cbc206e14b8f.jpg","contentUrl":"https:\/\/hubsch-interior.com\/wp-content\/uploads\/2026\/02\/easypeasy-tea-towel-beigered-350c4a10ba80394af681cbc206e14b8f.jpg","width":1024,"height":1024},{"@type":"BreadcrumbList","@id":"https:\/\/hubsch-interior.com\/da\/vare\/easypeasy-viskestykke-beige-rod\/#breadcrumb","itemListElement":[{"@type":"ListItem","position":1,"name":"Forside","item":"https:\/\/hubsch-interior.com\/da\/"},{"@type":"ListItem","position":2,"name":"Produkter","item":"https:\/\/hubsch-interior.com\/da\/produkter\/"},{"@type":"ListItem","position":3,"name":"Tekstiler","item":"https:\/\/hubsch-interior.com\/da\/vare-kategori\/tekstiler\/"},{"@type":"ListItem","position":4,"name":"K&oslash;kkentekstiler","item":"https:\/\/hubsch-interior.com\/da\/vare-kategori\/tekstiler\/koekkentekstiler-da\/"},{"@type":"ListItem","position":5,"name":"Easypeasy Viskestykke Beige\/R\u00f8d"}]},{"@type":"WebSite","@id":"https:\/\/hubsch-interior.com\/da\/#website","url":"https:\/\/hubsch-interior.com\/da\/","name":"H\u00fcbsch","description":"Danish Home Interior and Design","publisher":{"@id":"https:\/\/hubsch-interior.com\/da\/#organization"},"potentialAction":[{"@type":"SearchAction","target":{"@type":"EntryPoint","urlTemplate":"https:\/\/hubsch-interior.com\/da\/?s={search_term_string}"},"query-input":{"@type":"PropertyValueSpecification","valueRequired":true,"valueName":"search_term_string"}}],"inLanguage":"da-DK"},{"@type":"Organization","@id":"https:\/\/hubsch-interior.com\/da\/#organization","name":"H\u00fcbsch","url":"https:\/\/hubsch-interior.com\/da\/","logo":{"@type":"ImageObject","inLanguage":"da-DK","@id":"https:\/\/hubsch-interior.com\/da\/#\/schema\/logo\/image\/","url":"https:\/\/hubsch-interior.com\/wp-content\/uploads\/2022\/12\/Hubsch_logo_black_one_line.svg","contentUrl":"https:\/\/hubsch-interior.com\/wp-content\/uploads\/2022\/12\/Hubsch_logo_black_one_line.svg","caption":"H\u00fcbsch"},"image":{"@id":"https:\/\/hubsch-interior.com\/da\/#\/schema\/logo\/image\/"}}]}},"_links":{"self":[{"href":"https:\/\/hubsch-interior.com\/da\/wp-json\/wp\/v2\/product\/976799","targetHints":{"allow":["GET"]}}],"collection":[{"href":"https:\/\/hubsch-interior.com\/da\/wp-json\/wp\/v2\/product"}],"about":[{"href":"https:\/\/hubsch-interior.com\/da\/wp-json\/wp\/v2\/types\/product"}],"wp:featuredmedia":[{"embeddable":true,"href":"https:\/\/hubsch-interior.com\/da\/wp-json\/wp\/v2\/media\/1100463"}],"wp:attachment":[{"href":"https:\/\/hubsch-interior.com\/da\/wp-json\/wp\/v2\/media?parent=976799"}],"wp:term":[{"taxonomy":"product_brand","embeddable":true,"href":"https:\/\/hubsch-interior.com\/da\/wp-json\/wp\/v2\/product_brand?post=976799"},{"taxonomy":"product_cat","embeddable":true,"href":"https:\/\/hubsch-interior.com\/da\/wp-json\/wp\/v2\/product_cat?post=976799"},{"taxonomy":"product_tag","embeddable":true,"href":"https:\/\/hubsch-interior.com\/da\/wp-json\/wp\/v2\/product_tag?post=976799"}],"curies":[{"name":"wp","href":"https:\/\/api.w.org\/{rel}","templated":true}]}}