{"id":976819,"date":"2024-01-29T09:21:25","date_gmt":"2024-01-29T08:21:25","guid":{"rendered":"https:\/\/hubsch-interior.com\/product\/product\/"},"modified":"2026-04-30T04:42:47","modified_gmt":"2026-04-30T02:42:47","slug":"easypeasy-viskestykke-sand-gul","status":"publish","type":"product","link":"https:\/\/hubsch-interior.com\/da\/vare\/easypeasy-viskestykke-sand-gul\/","title":{"rendered":"Easypeasy Viskestykke Sand\/Gul"},"content":{"rendered":"<p>Easypeasy Viskestykket i sand og gul farve er det perfekte k\u00f8kkenselskab. Det er lavet af bl\u00f8dt og holdbart bomuld og er OEKO-TEX\u00ae STANDARD 100 certificeret for milj\u00f8bevidst brug. Med tre forskellige farvevarianter at v\u00e6lge imellem, er det nemt at finde en der passer til dit k\u00f8kken. Det er st\u00f8rre end dit typiske viskestykke for maksimal funktionalitet og har broderede detaljer i en kontrastfarve for et stilfuldt og praktisk valg. Tilf\u00f8j dette h\u00e5ndlavede, absorberende Easypeasy Viskestykke til dit k\u00f8kken og g\u00f8r opvasken til en leg.<\/p>\n","protected":false},"excerpt":{"rendered":"<p>Easypeasy Viskestykket i sand og gul farve er det perfekte k\u00f8kkenselskab. Det er lavet af bl\u00f8dt og holdbart bomuld og er OEKO-TEX\u00ae STANDARD 100 certificeret for milj\u00f8bevidst brug. Med tre forskellige farvevarianter at v\u00e6lge imellem, er det nemt at finde en der passer til dit k\u00f8kken. Det er st\u00f8rre end dit typiske viskestykke for maksimal [&hellip;]<\/p>\n","protected":false},"featured_media":1100475,"template":"","meta":{"_acf_changed":false,"inline_featured_image":false},"product_brand":[],"product_cat":[6880,4090,6970,3000],"product_tag":[],"class_list":{"0":"post-976819","1":"product","2":"type-product","3":"status-publish","4":"has-post-thumbnail","6":"product_cat-elevating-nostalgia-da","7":"product_cat-koekkentekstiler-da","8":"product_cat-paaskeudsalg","9":"product_cat-tekstiler","10":"product_shipping_class-pk","11":"pa_color-gul","12":"pa_color-sand-da","13":"pa_material-cotton-100-da","15":"first","16":"instock","17":"taxable","18":"shipping-taxable","19":"purchasable","20":"product-type-simple"},"exclude_global_add_ons":[],"addons":[],"acf":[],"yoast_head":"<!-- This site is optimized with the Yoast SEO plugin v26.4 - https:\/\/yoast.com\/wordpress\/plugins\/seo\/ -->\n<title>Easypeasy Viskestykke Sand\/Gul - H\u00fcbsch<\/title>\n<meta name=\"description\" content=\"Easypeasy Viskestykket i sand og gul farve er det perfekte k\u00f8kkenselskab. Det er lavet af bl\u00f8dt og holdbart bomuld og er OEKO-TEX\u00ae STANDARD 100\" \/>\n<meta name=\"robots\" content=\"index, follow, max-snippet:-1, max-image-preview:large, max-video-preview:-1\" \/>\n<link rel=\"canonical\" href=\"https:\/\/hubsch-interior.com\/da\/wp-json\/wp\/v2\/product\/976819\" \/>\n<meta property=\"og:locale\" content=\"da_DK\" \/>\n<meta property=\"og:type\" content=\"article\" \/>\n<meta property=\"og:title\" content=\"Easypeasy Viskestykke Sand\/Gul - H\u00fcbsch\" \/>\n<meta property=\"og:description\" content=\"Easypeasy Viskestykket i sand og gul farve er det perfekte k\u00f8kkenselskab. Det er lavet af bl\u00f8dt og holdbart bomuld og er OEKO-TEX\u00ae STANDARD 100\" \/>\n<meta property=\"og:url\" content=\"https:\/\/hubsch-interior.com\/da\/vare\/easypeasy-viskestykke-sand-gul\/\" \/>\n<meta property=\"og:site_name\" content=\"H\u00fcbsch\" \/>\n<meta property=\"article:modified_time\" content=\"2026-04-30T02:42:47+00:00\" \/>\n<meta property=\"og:image\" content=\"https:\/\/hubsch-interior.com\/wp-content\/uploads\/2024\/01\/easypeasy-tea-towel-sandyellow-c9b6adbdc96b7339616c0ce8cf5b6ef7.jpg\" \/>\n\t<meta property=\"og:image:width\" content=\"1200\" \/>\n\t<meta property=\"og:image:height\" content=\"1200\" \/>\n\t<meta property=\"og:image:type\" content=\"image\/jpeg\" \/>\n<meta name=\"twitter:card\" content=\"summary_large_image\" \/>\n<script type=\"application\/ld+json\" class=\"yoast-schema-graph\">{\"@context\":\"https:\/\/schema.org\",\"@graph\":[{\"@type\":\"WebPage\",\"@id\":\"https:\/\/hubsch-interior.com\/da\/vare\/easypeasy-viskestykke-sand-gul\/\",\"url\":\"https:\/\/hubsch-interior.com\/da\/vare\/easypeasy-viskestykke-sand-gul\/\",\"name\":\"Easypeasy Viskestykke Sand\/Gul - H\u00fcbsch\",\"isPartOf\":{\"@id\":\"https:\/\/hubsch-interior.com\/da\/#website\"},\"primaryImageOfPage\":{\"@id\":\"https:\/\/hubsch-interior.com\/da\/vare\/easypeasy-viskestykke-sand-gul\/#primaryimage\"},\"image\":{\"@id\":\"https:\/\/hubsch-interior.com\/da\/vare\/easypeasy-viskestykke-sand-gul\/#primaryimage\"},\"thumbnailUrl\":\"https:\/\/hubsch-interior.com\/wp-content\/uploads\/2026\/02\/easypeasy-tea-towel-sandyellow-7b60793b56f0c669867b65b46ce24a9a.jpg\",\"datePublished\":\"2024-01-29T08:21:25+00:00\",\"dateModified\":\"2026-04-30T02:42:47+00:00\",\"description\":\"Easypeasy Viskestykket i sand og gul farve er det perfekte k\u00f8kkenselskab. Det er lavet af bl\u00f8dt og holdbart bomuld og er OEKO-TEX\u00ae STANDARD 100\",\"breadcrumb\":{\"@id\":\"https:\/\/hubsch-interior.com\/da\/vare\/easypeasy-viskestykke-sand-gul\/#breadcrumb\"},\"inLanguage\":\"da-DK\",\"potentialAction\":[{\"@type\":\"ReadAction\",\"target\":[\"https:\/\/hubsch-interior.com\/da\/vare\/easypeasy-viskestykke-sand-gul\/\"]}]},{\"@type\":\"ImageObject\",\"inLanguage\":\"da-DK\",\"@id\":\"https:\/\/hubsch-interior.com\/da\/vare\/easypeasy-viskestykke-sand-gul\/#primaryimage\",\"url\":\"https:\/\/hubsch-interior.com\/wp-content\/uploads\/2026\/02\/easypeasy-tea-towel-sandyellow-7b60793b56f0c669867b65b46ce24a9a.jpg\",\"contentUrl\":\"https:\/\/hubsch-interior.com\/wp-content\/uploads\/2026\/02\/easypeasy-tea-towel-sandyellow-7b60793b56f0c669867b65b46ce24a9a.jpg\",\"width\":1024,\"height\":1024},{\"@type\":\"BreadcrumbList\",\"@id\":\"https:\/\/hubsch-interior.com\/da\/vare\/easypeasy-viskestykke-sand-gul\/#breadcrumb\",\"itemListElement\":[{\"@type\":\"ListItem\",\"position\":1,\"name\":\"Forside\",\"item\":\"https:\/\/hubsch-interior.com\/da\/\"},{\"@type\":\"ListItem\",\"position\":2,\"name\":\"Produkter\",\"item\":\"https:\/\/hubsch-interior.com\/da\/produkter\/\"},{\"@type\":\"ListItem\",\"position\":3,\"name\":\"Tekstiler\",\"item\":\"https:\/\/hubsch-interior.com\/da\/vare-kategori\/tekstiler\/\"},{\"@type\":\"ListItem\",\"position\":4,\"name\":\"K&oslash;kkentekstiler\",\"item\":\"https:\/\/hubsch-interior.com\/da\/vare-kategori\/tekstiler\/koekkentekstiler-da\/\"},{\"@type\":\"ListItem\",\"position\":5,\"name\":\"Easypeasy Viskestykke Sand\/Gul\"}]},{\"@type\":\"WebSite\",\"@id\":\"https:\/\/hubsch-interior.com\/da\/#website\",\"url\":\"https:\/\/hubsch-interior.com\/da\/\",\"name\":\"H\u00fcbsch\",\"description\":\"Danish Home Interior and Design\",\"publisher\":{\"@id\":\"https:\/\/hubsch-interior.com\/da\/#organization\"},\"potentialAction\":[{\"@type\":\"SearchAction\",\"target\":{\"@type\":\"EntryPoint\",\"urlTemplate\":\"https:\/\/hubsch-interior.com\/da\/?s={search_term_string}\"},\"query-input\":{\"@type\":\"PropertyValueSpecification\",\"valueRequired\":true,\"valueName\":\"search_term_string\"}}],\"inLanguage\":\"da-DK\"},{\"@type\":\"Organization\",\"@id\":\"https:\/\/hubsch-interior.com\/da\/#organization\",\"name\":\"H\u00fcbsch\",\"url\":\"https:\/\/hubsch-interior.com\/da\/\",\"logo\":{\"@type\":\"ImageObject\",\"inLanguage\":\"da-DK\",\"@id\":\"https:\/\/hubsch-interior.com\/da\/#\/schema\/logo\/image\/\",\"url\":\"https:\/\/hubsch-interior.com\/wp-content\/uploads\/2022\/12\/Hubsch_logo_black_one_line.svg\",\"contentUrl\":\"https:\/\/hubsch-interior.com\/wp-content\/uploads\/2022\/12\/Hubsch_logo_black_one_line.svg\",\"caption\":\"H\u00fcbsch\"},\"image\":{\"@id\":\"https:\/\/hubsch-interior.com\/da\/#\/schema\/logo\/image\/\"}}]}<\/script>\n<!-- \/ Yoast SEO plugin. -->","yoast_head_json":{"title":"Easypeasy Viskestykke Sand\/Gul - H\u00fcbsch","description":"Easypeasy Viskestykket i sand og gul farve er det perfekte k\u00f8kkenselskab. Det er lavet af bl\u00f8dt og holdbart bomuld og er OEKO-TEX\u00ae STANDARD 100","robots":{"index":"index","follow":"follow","max-snippet":"max-snippet:-1","max-image-preview":"max-image-preview:large","max-video-preview":"max-video-preview:-1"},"canonical":"https:\/\/hubsch-interior.com\/da\/wp-json\/wp\/v2\/product\/976819","og_locale":"da_DK","og_type":"article","og_title":"Easypeasy Viskestykke Sand\/Gul - H\u00fcbsch","og_description":"Easypeasy Viskestykket i sand og gul farve er det perfekte k\u00f8kkenselskab. Det er lavet af bl\u00f8dt og holdbart bomuld og er OEKO-TEX\u00ae STANDARD 100","og_url":"https:\/\/hubsch-interior.com\/da\/vare\/easypeasy-viskestykke-sand-gul\/","og_site_name":"H\u00fcbsch","article_modified_time":"2026-04-30T02:42:47+00:00","og_image":[{"width":1200,"height":1200,"url":"https:\/\/hubsch-interior.com\/wp-content\/uploads\/2024\/01\/easypeasy-tea-towel-sandyellow-c9b6adbdc96b7339616c0ce8cf5b6ef7.jpg","type":"image\/jpeg"}],"twitter_card":"summary_large_image","schema":{"@context":"https:\/\/schema.org","@graph":[{"@type":"WebPage","@id":"https:\/\/hubsch-interior.com\/da\/vare\/easypeasy-viskestykke-sand-gul\/","url":"https:\/\/hubsch-interior.com\/da\/vare\/easypeasy-viskestykke-sand-gul\/","name":"Easypeasy Viskestykke Sand\/Gul - H\u00fcbsch","isPartOf":{"@id":"https:\/\/hubsch-interior.com\/da\/#website"},"primaryImageOfPage":{"@id":"https:\/\/hubsch-interior.com\/da\/vare\/easypeasy-viskestykke-sand-gul\/#primaryimage"},"image":{"@id":"https:\/\/hubsch-interior.com\/da\/vare\/easypeasy-viskestykke-sand-gul\/#primaryimage"},"thumbnailUrl":"https:\/\/hubsch-interior.com\/wp-content\/uploads\/2026\/02\/easypeasy-tea-towel-sandyellow-7b60793b56f0c669867b65b46ce24a9a.jpg","datePublished":"2024-01-29T08:21:25+00:00","dateModified":"2026-04-30T02:42:47+00:00","description":"Easypeasy Viskestykket i sand og gul farve er det perfekte k\u00f8kkenselskab. Det er lavet af bl\u00f8dt og holdbart bomuld og er OEKO-TEX\u00ae STANDARD 100","breadcrumb":{"@id":"https:\/\/hubsch-interior.com\/da\/vare\/easypeasy-viskestykke-sand-gul\/#breadcrumb"},"inLanguage":"da-DK","potentialAction":[{"@type":"ReadAction","target":["https:\/\/hubsch-interior.com\/da\/vare\/easypeasy-viskestykke-sand-gul\/"]}]},{"@type":"ImageObject","inLanguage":"da-DK","@id":"https:\/\/hubsch-interior.com\/da\/vare\/easypeasy-viskestykke-sand-gul\/#primaryimage","url":"https:\/\/hubsch-interior.com\/wp-content\/uploads\/2026\/02\/easypeasy-tea-towel-sandyellow-7b60793b56f0c669867b65b46ce24a9a.jpg","contentUrl":"https:\/\/hubsch-interior.com\/wp-content\/uploads\/2026\/02\/easypeasy-tea-towel-sandyellow-7b60793b56f0c669867b65b46ce24a9a.jpg","width":1024,"height":1024},{"@type":"BreadcrumbList","@id":"https:\/\/hubsch-interior.com\/da\/vare\/easypeasy-viskestykke-sand-gul\/#breadcrumb","itemListElement":[{"@type":"ListItem","position":1,"name":"Forside","item":"https:\/\/hubsch-interior.com\/da\/"},{"@type":"ListItem","position":2,"name":"Produkter","item":"https:\/\/hubsch-interior.com\/da\/produkter\/"},{"@type":"ListItem","position":3,"name":"Tekstiler","item":"https:\/\/hubsch-interior.com\/da\/vare-kategori\/tekstiler\/"},{"@type":"ListItem","position":4,"name":"K&oslash;kkentekstiler","item":"https:\/\/hubsch-interior.com\/da\/vare-kategori\/tekstiler\/koekkentekstiler-da\/"},{"@type":"ListItem","position":5,"name":"Easypeasy Viskestykke Sand\/Gul"}]},{"@type":"WebSite","@id":"https:\/\/hubsch-interior.com\/da\/#website","url":"https:\/\/hubsch-interior.com\/da\/","name":"H\u00fcbsch","description":"Danish Home Interior and Design","publisher":{"@id":"https:\/\/hubsch-interior.com\/da\/#organization"},"potentialAction":[{"@type":"SearchAction","target":{"@type":"EntryPoint","urlTemplate":"https:\/\/hubsch-interior.com\/da\/?s={search_term_string}"},"query-input":{"@type":"PropertyValueSpecification","valueRequired":true,"valueName":"search_term_string"}}],"inLanguage":"da-DK"},{"@type":"Organization","@id":"https:\/\/hubsch-interior.com\/da\/#organization","name":"H\u00fcbsch","url":"https:\/\/hubsch-interior.com\/da\/","logo":{"@type":"ImageObject","inLanguage":"da-DK","@id":"https:\/\/hubsch-interior.com\/da\/#\/schema\/logo\/image\/","url":"https:\/\/hubsch-interior.com\/wp-content\/uploads\/2022\/12\/Hubsch_logo_black_one_line.svg","contentUrl":"https:\/\/hubsch-interior.com\/wp-content\/uploads\/2022\/12\/Hubsch_logo_black_one_line.svg","caption":"H\u00fcbsch"},"image":{"@id":"https:\/\/hubsch-interior.com\/da\/#\/schema\/logo\/image\/"}}]}},"_links":{"self":[{"href":"https:\/\/hubsch-interior.com\/da\/wp-json\/wp\/v2\/product\/976819","targetHints":{"allow":["GET"]}}],"collection":[{"href":"https:\/\/hubsch-interior.com\/da\/wp-json\/wp\/v2\/product"}],"about":[{"href":"https:\/\/hubsch-interior.com\/da\/wp-json\/wp\/v2\/types\/product"}],"wp:featuredmedia":[{"embeddable":true,"href":"https:\/\/hubsch-interior.com\/da\/wp-json\/wp\/v2\/media\/1100475"}],"wp:attachment":[{"href":"https:\/\/hubsch-interior.com\/da\/wp-json\/wp\/v2\/media?parent=976819"}],"wp:term":[{"taxonomy":"product_brand","embeddable":true,"href":"https:\/\/hubsch-interior.com\/da\/wp-json\/wp\/v2\/product_brand?post=976819"},{"taxonomy":"product_cat","embeddable":true,"href":"https:\/\/hubsch-interior.com\/da\/wp-json\/wp\/v2\/product_cat?post=976819"},{"taxonomy":"product_tag","embeddable":true,"href":"https:\/\/hubsch-interior.com\/da\/wp-json\/wp\/v2\/product_tag?post=976819"}],"curies":[{"name":"wp","href":"https:\/\/api.w.org\/{rel}","templated":true}]}}