{"id":976847,"date":"2024-01-29T09:21:34","date_gmt":"2024-01-29T08:21:34","guid":{"rendered":"https:\/\/hubsch-interior.com\/product\/product\/"},"modified":"2026-04-11T04:40:34","modified_gmt":"2026-04-11T02:40:34","slug":"poppy-taeppe-large-gra-hvid","status":"publish","type":"product","link":"https:\/\/hubsch-interior.com\/da\/vare\/poppy-taeppe-large-gra-hvid\/","title":{"rendered":"Poppy T\u00e6ppe Large Gr\u00e5\/Hvid"},"content":{"rendered":"<p>Poppy T\u00e6ppe er det perfekte valg til at fuldende dit hjem. Den smukke gr\u00e5\/hvide farve tilf\u00f8jer elegance og varme til ethvert rum. T\u00e6ppet m\u00e5ler 200 x 300 cm og er lavet af holdbare materialer som bomuld og uld. Dette g\u00f8r det ikke kun stilfuldt, men ogs\u00e5 alsidigt og behageligt. Uanset om det er til din stue eller sovev\u00e6relse, vil Poppy T\u00e6ppe tilf\u00f8je den perfekte kombination af elegance med komfort. G\u00e5 ikke glip af dette holdbare og kvalitetsrige t\u00e6ppe til dit hjem.<\/p>\n","protected":false},"excerpt":{"rendered":"<p>Poppy T\u00e6ppe er det perfekte valg til at fuldende dit hjem. Den smukke gr\u00e5\/hvide farve tilf\u00f8jer elegance og varme til ethvert rum. T\u00e6ppet m\u00e5ler 200 x 300 cm og er lavet af holdbare materialer som bomuld og uld. Dette g\u00f8r det ikke kun stilfuldt, men ogs\u00e5 alsidigt og behageligt. Uanset om det er til din [&hellip;]<\/p>\n","protected":false},"featured_media":1100491,"template":"","meta":{"_acf_changed":false,"inline_featured_image":false},"product_brand":[],"product_cat":[6880,3000,3323,5025,5029],"product_tag":[],"class_list":{"0":"post-976847","1":"product","2":"type-product","3":"status-publish","4":"has-post-thumbnail","6":"product_cat-elevating-nostalgia-da","7":"product_cat-tekstiler","8":"product_cat-taepper-da","9":"product_cat-bestsellers-da","10":"product_cat-tilbage-paa-lager-da","11":"product_shipping_class-pk","13":"pa_color-hvid","14":"pa_color-gr","15":"pa_material-wool-65-da","16":"pa_material-cotton-35-2","18":"first","19":"instock","20":"featured","21":"taxable","22":"shipping-taxable","23":"purchasable","24":"product-type-simple"},"exclude_global_add_ons":[],"addons":[],"acf":[],"yoast_head":"<!-- This site is optimized with the Yoast SEO plugin v26.4 - https:\/\/yoast.com\/wordpress\/plugins\/seo\/ -->\n<title>Poppy T\u00e6ppe Large Gr\u00e5\/Hvid - H\u00fcbsch<\/title>\n<meta name=\"description\" content=\"Poppy T\u00e6ppe er det perfekte valg til at fuldende dit hjem. Den smukke gr\u00e5\/hvide farve tilf\u00f8jer elegance og varme til ethvert rum. T\u00e6ppet m\u00e5ler 200 x 300\" \/>\n<meta name=\"robots\" content=\"index, follow, max-snippet:-1, max-image-preview:large, max-video-preview:-1\" \/>\n<link rel=\"canonical\" href=\"https:\/\/hubsch-interior.com\/da\/wp-json\/wp\/v2\/product\/976847\" \/>\n<meta property=\"og:locale\" content=\"da_DK\" \/>\n<meta property=\"og:type\" content=\"article\" \/>\n<meta property=\"og:title\" content=\"Poppy T\u00e6ppe Large Gr\u00e5\/Hvid - H\u00fcbsch\" \/>\n<meta property=\"og:description\" content=\"Poppy T\u00e6ppe er det perfekte valg til at fuldende dit hjem. Den smukke gr\u00e5\/hvide farve tilf\u00f8jer elegance og varme til ethvert rum. T\u00e6ppet m\u00e5ler 200 x 300\" \/>\n<meta property=\"og:url\" content=\"https:\/\/hubsch-interior.com\/da\/vare\/poppy-taeppe-large-gra-hvid\/\" \/>\n<meta property=\"og:site_name\" content=\"H\u00fcbsch\" \/>\n<meta property=\"article:modified_time\" content=\"2026-04-11T02:40:34+00:00\" \/>\n<meta property=\"og:image\" content=\"https:\/\/hubsch-interior.com\/wp-content\/uploads\/2025\/04\/poppy-rug-large-greywhite-0c08f3478ccb28bf10cb0af5b7f550cd.jpg\" \/>\n\t<meta property=\"og:image:width\" content=\"1200\" \/>\n\t<meta property=\"og:image:height\" content=\"1200\" \/>\n\t<meta property=\"og:image:type\" content=\"image\/jpeg\" \/>\n<meta name=\"twitter:card\" content=\"summary_large_image\" \/>\n<script type=\"application\/ld+json\" class=\"yoast-schema-graph\">{\"@context\":\"https:\/\/schema.org\",\"@graph\":[{\"@type\":\"WebPage\",\"@id\":\"https:\/\/hubsch-interior.com\/da\/vare\/poppy-taeppe-large-gra-hvid\/\",\"url\":\"https:\/\/hubsch-interior.com\/da\/vare\/poppy-taeppe-large-gra-hvid\/\",\"name\":\"Poppy T\u00e6ppe Large Gr\u00e5\/Hvid - H\u00fcbsch\",\"isPartOf\":{\"@id\":\"https:\/\/hubsch-interior.com\/da\/#website\"},\"primaryImageOfPage\":{\"@id\":\"https:\/\/hubsch-interior.com\/da\/vare\/poppy-taeppe-large-gra-hvid\/#primaryimage\"},\"image\":{\"@id\":\"https:\/\/hubsch-interior.com\/da\/vare\/poppy-taeppe-large-gra-hvid\/#primaryimage\"},\"thumbnailUrl\":\"https:\/\/hubsch-interior.com\/wp-content\/uploads\/2026\/02\/poppy-rug-large-greywhite-09110109898439c507a45df958acb02a.jpg\",\"datePublished\":\"2024-01-29T08:21:34+00:00\",\"dateModified\":\"2026-04-11T02:40:34+00:00\",\"description\":\"Poppy T\u00e6ppe er det perfekte valg til at fuldende dit hjem. Den smukke gr\u00e5\/hvide farve tilf\u00f8jer elegance og varme til ethvert rum. T\u00e6ppet m\u00e5ler 200 x 300\",\"breadcrumb\":{\"@id\":\"https:\/\/hubsch-interior.com\/da\/vare\/poppy-taeppe-large-gra-hvid\/#breadcrumb\"},\"inLanguage\":\"da-DK\",\"potentialAction\":[{\"@type\":\"ReadAction\",\"target\":[\"https:\/\/hubsch-interior.com\/da\/vare\/poppy-taeppe-large-gra-hvid\/\"]}]},{\"@type\":\"ImageObject\",\"inLanguage\":\"da-DK\",\"@id\":\"https:\/\/hubsch-interior.com\/da\/vare\/poppy-taeppe-large-gra-hvid\/#primaryimage\",\"url\":\"https:\/\/hubsch-interior.com\/wp-content\/uploads\/2026\/02\/poppy-rug-large-greywhite-09110109898439c507a45df958acb02a.jpg\",\"contentUrl\":\"https:\/\/hubsch-interior.com\/wp-content\/uploads\/2026\/02\/poppy-rug-large-greywhite-09110109898439c507a45df958acb02a.jpg\",\"width\":1024,\"height\":1024},{\"@type\":\"BreadcrumbList\",\"@id\":\"https:\/\/hubsch-interior.com\/da\/vare\/poppy-taeppe-large-gra-hvid\/#breadcrumb\",\"itemListElement\":[{\"@type\":\"ListItem\",\"position\":1,\"name\":\"Forside\",\"item\":\"https:\/\/hubsch-interior.com\/da\/\"},{\"@type\":\"ListItem\",\"position\":2,\"name\":\"Produkter\",\"item\":\"https:\/\/hubsch-interior.com\/da\/produkter\/\"},{\"@type\":\"ListItem\",\"position\":3,\"name\":\"Tekstiler\",\"item\":\"https:\/\/hubsch-interior.com\/da\/vare-kategori\/tekstiler\/\"},{\"@type\":\"ListItem\",\"position\":4,\"name\":\"T&aelig;pper\",\"item\":\"https:\/\/hubsch-interior.com\/da\/vare-kategori\/tekstiler\/taepper-da\/\"},{\"@type\":\"ListItem\",\"position\":5,\"name\":\"Poppy T\u00e6ppe Large Gr\u00e5\/Hvid\"}]},{\"@type\":\"WebSite\",\"@id\":\"https:\/\/hubsch-interior.com\/da\/#website\",\"url\":\"https:\/\/hubsch-interior.com\/da\/\",\"name\":\"H\u00fcbsch\",\"description\":\"Danish Home Interior and Design\",\"publisher\":{\"@id\":\"https:\/\/hubsch-interior.com\/da\/#organization\"},\"potentialAction\":[{\"@type\":\"SearchAction\",\"target\":{\"@type\":\"EntryPoint\",\"urlTemplate\":\"https:\/\/hubsch-interior.com\/da\/?s={search_term_string}\"},\"query-input\":{\"@type\":\"PropertyValueSpecification\",\"valueRequired\":true,\"valueName\":\"search_term_string\"}}],\"inLanguage\":\"da-DK\"},{\"@type\":\"Organization\",\"@id\":\"https:\/\/hubsch-interior.com\/da\/#organization\",\"name\":\"H\u00fcbsch\",\"url\":\"https:\/\/hubsch-interior.com\/da\/\",\"logo\":{\"@type\":\"ImageObject\",\"inLanguage\":\"da-DK\",\"@id\":\"https:\/\/hubsch-interior.com\/da\/#\/schema\/logo\/image\/\",\"url\":\"https:\/\/hubsch-interior.com\/wp-content\/uploads\/2022\/12\/Hubsch_logo_black_one_line.svg\",\"contentUrl\":\"https:\/\/hubsch-interior.com\/wp-content\/uploads\/2022\/12\/Hubsch_logo_black_one_line.svg\",\"caption\":\"H\u00fcbsch\"},\"image\":{\"@id\":\"https:\/\/hubsch-interior.com\/da\/#\/schema\/logo\/image\/\"}}]}<\/script>\n<!-- \/ Yoast SEO plugin. -->","yoast_head_json":{"title":"Poppy T\u00e6ppe Large Gr\u00e5\/Hvid - H\u00fcbsch","description":"Poppy T\u00e6ppe er det perfekte valg til at fuldende dit hjem. Den smukke gr\u00e5\/hvide farve tilf\u00f8jer elegance og varme til ethvert rum. T\u00e6ppet m\u00e5ler 200 x 300","robots":{"index":"index","follow":"follow","max-snippet":"max-snippet:-1","max-image-preview":"max-image-preview:large","max-video-preview":"max-video-preview:-1"},"canonical":"https:\/\/hubsch-interior.com\/da\/wp-json\/wp\/v2\/product\/976847","og_locale":"da_DK","og_type":"article","og_title":"Poppy T\u00e6ppe Large Gr\u00e5\/Hvid - H\u00fcbsch","og_description":"Poppy T\u00e6ppe er det perfekte valg til at fuldende dit hjem. Den smukke gr\u00e5\/hvide farve tilf\u00f8jer elegance og varme til ethvert rum. T\u00e6ppet m\u00e5ler 200 x 300","og_url":"https:\/\/hubsch-interior.com\/da\/vare\/poppy-taeppe-large-gra-hvid\/","og_site_name":"H\u00fcbsch","article_modified_time":"2026-04-11T02:40:34+00:00","og_image":[{"width":1200,"height":1200,"url":"https:\/\/hubsch-interior.com\/wp-content\/uploads\/2025\/04\/poppy-rug-large-greywhite-0c08f3478ccb28bf10cb0af5b7f550cd.jpg","type":"image\/jpeg"}],"twitter_card":"summary_large_image","schema":{"@context":"https:\/\/schema.org","@graph":[{"@type":"WebPage","@id":"https:\/\/hubsch-interior.com\/da\/vare\/poppy-taeppe-large-gra-hvid\/","url":"https:\/\/hubsch-interior.com\/da\/vare\/poppy-taeppe-large-gra-hvid\/","name":"Poppy T\u00e6ppe Large Gr\u00e5\/Hvid - H\u00fcbsch","isPartOf":{"@id":"https:\/\/hubsch-interior.com\/da\/#website"},"primaryImageOfPage":{"@id":"https:\/\/hubsch-interior.com\/da\/vare\/poppy-taeppe-large-gra-hvid\/#primaryimage"},"image":{"@id":"https:\/\/hubsch-interior.com\/da\/vare\/poppy-taeppe-large-gra-hvid\/#primaryimage"},"thumbnailUrl":"https:\/\/hubsch-interior.com\/wp-content\/uploads\/2026\/02\/poppy-rug-large-greywhite-09110109898439c507a45df958acb02a.jpg","datePublished":"2024-01-29T08:21:34+00:00","dateModified":"2026-04-11T02:40:34+00:00","description":"Poppy T\u00e6ppe er det perfekte valg til at fuldende dit hjem. Den smukke gr\u00e5\/hvide farve tilf\u00f8jer elegance og varme til ethvert rum. T\u00e6ppet m\u00e5ler 200 x 300","breadcrumb":{"@id":"https:\/\/hubsch-interior.com\/da\/vare\/poppy-taeppe-large-gra-hvid\/#breadcrumb"},"inLanguage":"da-DK","potentialAction":[{"@type":"ReadAction","target":["https:\/\/hubsch-interior.com\/da\/vare\/poppy-taeppe-large-gra-hvid\/"]}]},{"@type":"ImageObject","inLanguage":"da-DK","@id":"https:\/\/hubsch-interior.com\/da\/vare\/poppy-taeppe-large-gra-hvid\/#primaryimage","url":"https:\/\/hubsch-interior.com\/wp-content\/uploads\/2026\/02\/poppy-rug-large-greywhite-09110109898439c507a45df958acb02a.jpg","contentUrl":"https:\/\/hubsch-interior.com\/wp-content\/uploads\/2026\/02\/poppy-rug-large-greywhite-09110109898439c507a45df958acb02a.jpg","width":1024,"height":1024},{"@type":"BreadcrumbList","@id":"https:\/\/hubsch-interior.com\/da\/vare\/poppy-taeppe-large-gra-hvid\/#breadcrumb","itemListElement":[{"@type":"ListItem","position":1,"name":"Forside","item":"https:\/\/hubsch-interior.com\/da\/"},{"@type":"ListItem","position":2,"name":"Produkter","item":"https:\/\/hubsch-interior.com\/da\/produkter\/"},{"@type":"ListItem","position":3,"name":"Tekstiler","item":"https:\/\/hubsch-interior.com\/da\/vare-kategori\/tekstiler\/"},{"@type":"ListItem","position":4,"name":"T&aelig;pper","item":"https:\/\/hubsch-interior.com\/da\/vare-kategori\/tekstiler\/taepper-da\/"},{"@type":"ListItem","position":5,"name":"Poppy T\u00e6ppe Large Gr\u00e5\/Hvid"}]},{"@type":"WebSite","@id":"https:\/\/hubsch-interior.com\/da\/#website","url":"https:\/\/hubsch-interior.com\/da\/","name":"H\u00fcbsch","description":"Danish Home Interior and Design","publisher":{"@id":"https:\/\/hubsch-interior.com\/da\/#organization"},"potentialAction":[{"@type":"SearchAction","target":{"@type":"EntryPoint","urlTemplate":"https:\/\/hubsch-interior.com\/da\/?s={search_term_string}"},"query-input":{"@type":"PropertyValueSpecification","valueRequired":true,"valueName":"search_term_string"}}],"inLanguage":"da-DK"},{"@type":"Organization","@id":"https:\/\/hubsch-interior.com\/da\/#organization","name":"H\u00fcbsch","url":"https:\/\/hubsch-interior.com\/da\/","logo":{"@type":"ImageObject","inLanguage":"da-DK","@id":"https:\/\/hubsch-interior.com\/da\/#\/schema\/logo\/image\/","url":"https:\/\/hubsch-interior.com\/wp-content\/uploads\/2022\/12\/Hubsch_logo_black_one_line.svg","contentUrl":"https:\/\/hubsch-interior.com\/wp-content\/uploads\/2022\/12\/Hubsch_logo_black_one_line.svg","caption":"H\u00fcbsch"},"image":{"@id":"https:\/\/hubsch-interior.com\/da\/#\/schema\/logo\/image\/"}}]}},"_links":{"self":[{"href":"https:\/\/hubsch-interior.com\/da\/wp-json\/wp\/v2\/product\/976847","targetHints":{"allow":["GET"]}}],"collection":[{"href":"https:\/\/hubsch-interior.com\/da\/wp-json\/wp\/v2\/product"}],"about":[{"href":"https:\/\/hubsch-interior.com\/da\/wp-json\/wp\/v2\/types\/product"}],"wp:featuredmedia":[{"embeddable":true,"href":"https:\/\/hubsch-interior.com\/da\/wp-json\/wp\/v2\/media\/1100491"}],"wp:attachment":[{"href":"https:\/\/hubsch-interior.com\/da\/wp-json\/wp\/v2\/media?parent=976847"}],"wp:term":[{"taxonomy":"product_brand","embeddable":true,"href":"https:\/\/hubsch-interior.com\/da\/wp-json\/wp\/v2\/product_brand?post=976847"},{"taxonomy":"product_cat","embeddable":true,"href":"https:\/\/hubsch-interior.com\/da\/wp-json\/wp\/v2\/product_cat?post=976847"},{"taxonomy":"product_tag","embeddable":true,"href":"https:\/\/hubsch-interior.com\/da\/wp-json\/wp\/v2\/product_tag?post=976847"}],"curies":[{"name":"wp","href":"https:\/\/api.w.org\/{rel}","templated":true}]}}