{"id":976867,"date":"2024-01-29T09:22:31","date_gmt":"2024-01-29T08:22:31","guid":{"rendered":"https:\/\/hubsch-interior.com\/product\/product\/"},"modified":"2026-04-09T04:51:25","modified_gmt":"2026-04-09T02:51:25","slug":"athand-vaeghylde-sengebord-natur","status":"publish","type":"product","link":"https:\/\/hubsch-interior.com\/da\/vare\/athand-vaeghylde-sengebord-natur\/","title":{"rendered":"AtHand V\u00e6ghylde\/Sengebord Natur"},"content":{"rendered":"<p>Opgrader din sovev\u00e6relsesindretning med AtHand V\u00e6ghylde\/Sengebord i egetr\u00e6. Denne stilfulde v\u00e6ghylde er lavet af FSC-certificeret egetr\u00e6 og egetr\u00e6sfiner, hvilket g\u00f8r den b\u00e5de let og holdbar. Den kompakte st\u00f8rrelse passer perfekt til mindre rum og har to skuffer til dine sengeborde essentials. Med mulighed for at blive monteret p\u00e5 v\u00e6ggen, er denne hylde b\u00e5de praktisk og tidl\u00f8s. Plac\u00e9r den ved siden af din seng eller i entr\u00e9en for en personlig touch til dit hjem.<\/p>\n","protected":false},"excerpt":{"rendered":"<p>Opgrader din sovev\u00e6relsesindretning med AtHand V\u00e6ghylde\/Sengebord i egetr\u00e6. Denne stilfulde v\u00e6ghylde er lavet af FSC-certificeret egetr\u00e6 og egetr\u00e6sfiner, hvilket g\u00f8r den b\u00e5de let og holdbar. Den kompakte st\u00f8rrelse passer perfekt til mindre rum og har to skuffer til dine sengeborde essentials. Med mulighed for at blive monteret p\u00e5 v\u00e6ggen, er denne hylde b\u00e5de praktisk og [&hellip;]<\/p>\n","protected":false},"featured_media":1103411,"template":"","meta":{"_acf_changed":false,"inline_featured_image":false},"product_brand":[],"product_cat":[6942,5025,2857,6880,6321,4022,6891,3999,4801],"product_tag":[],"class_list":{"0":"post-976867","1":"product","2":"type-product","3":"status-publish","4":"has-post-thumbnail","6":"product_cat-bestseller-2025-da","7":"product_cat-bestsellers-da","8":"product_cat-borde-da","9":"product_cat-elevating-nostalgia-da","10":"product_cat-fsc-da","11":"product_cat-hylder-da","12":"product_cat-multifunktionelle-moebler-da","13":"product_cat-reoler-opbevaring-da","14":"product_cat-sengeborde-da","15":"product_shipping_class-pk","17":"pa_color-natur-2","18":"pa_material-egetrsfiner","19":"pa_material-mdf-da","21":"first","22":"instock","23":"featured","24":"taxable","25":"shipping-taxable","26":"purchasable","27":"product-type-simple"},"exclude_global_add_ons":[],"addons":[],"acf":[],"yoast_head":"<!-- This site is optimized with the Yoast SEO plugin v26.4 - https:\/\/yoast.com\/wordpress\/plugins\/seo\/ -->\n<title>AtHand V\u00e6ghylde\/Sengebord Natur - H\u00fcbsch<\/title>\n<meta name=\"description\" content=\"Opgrader din sovev\u00e6relsesindretning med AtHand V\u00e6ghylde\/Sengebord i egetr\u00e6. Denne stilfulde v\u00e6ghylde er lavet af FSC-certificeret egetr\u00e6 og egetr\u00e6sfiner,\" \/>\n<meta name=\"robots\" content=\"index, follow, max-snippet:-1, max-image-preview:large, max-video-preview:-1\" \/>\n<link rel=\"canonical\" href=\"https:\/\/hubsch-interior.com\/da\/wp-json\/wp\/v2\/product\/976867\" \/>\n<meta property=\"og:locale\" content=\"da_DK\" \/>\n<meta property=\"og:type\" content=\"article\" \/>\n<meta property=\"og:title\" content=\"AtHand V\u00e6ghylde\/Sengebord Natur - H\u00fcbsch\" \/>\n<meta property=\"og:description\" content=\"Opgrader din sovev\u00e6relsesindretning med AtHand V\u00e6ghylde\/Sengebord i egetr\u00e6. Denne stilfulde v\u00e6ghylde er lavet af FSC-certificeret egetr\u00e6 og egetr\u00e6sfiner,\" \/>\n<meta property=\"og:url\" content=\"https:\/\/hubsch-interior.com\/da\/vare\/athand-vaeghylde-sengebord-natur\/\" \/>\n<meta property=\"og:site_name\" content=\"H\u00fcbsch\" \/>\n<meta property=\"article:modified_time\" content=\"2026-04-09T02:51:25+00:00\" \/>\n<meta property=\"og:image\" content=\"https:\/\/hubsch-interior.com\/wp-content\/uploads\/2024\/03\/athand-wall-shelfbedside-table-natural-d73dccb9739c4deffe69d6387de8e10a.jpg\" \/>\n\t<meta property=\"og:image:width\" content=\"1200\" \/>\n\t<meta property=\"og:image:height\" content=\"1200\" \/>\n\t<meta property=\"og:image:type\" content=\"image\/jpeg\" \/>\n<meta name=\"twitter:card\" content=\"summary_large_image\" \/>\n<script type=\"application\/ld+json\" class=\"yoast-schema-graph\">{\"@context\":\"https:\/\/schema.org\",\"@graph\":[{\"@type\":\"WebPage\",\"@id\":\"https:\/\/hubsch-interior.com\/da\/vare\/athand-vaeghylde-sengebord-natur\/\",\"url\":\"https:\/\/hubsch-interior.com\/da\/vare\/athand-vaeghylde-sengebord-natur\/\",\"name\":\"AtHand V\u00e6ghylde\/Sengebord Natur - H\u00fcbsch\",\"isPartOf\":{\"@id\":\"https:\/\/hubsch-interior.com\/da\/#website\"},\"primaryImageOfPage\":{\"@id\":\"https:\/\/hubsch-interior.com\/da\/vare\/athand-vaeghylde-sengebord-natur\/#primaryimage\"},\"image\":{\"@id\":\"https:\/\/hubsch-interior.com\/da\/vare\/athand-vaeghylde-sengebord-natur\/#primaryimage\"},\"thumbnailUrl\":\"https:\/\/hubsch-interior.com\/wp-content\/uploads\/2026\/02\/athand-wall-shelfbedside-table-natural-db9ae1e349cfdf7a4eb008cac304f9e8.jpg\",\"datePublished\":\"2024-01-29T08:22:31+00:00\",\"dateModified\":\"2026-04-09T02:51:25+00:00\",\"description\":\"Opgrader din sovev\u00e6relsesindretning med AtHand V\u00e6ghylde\/Sengebord i egetr\u00e6. Denne stilfulde v\u00e6ghylde er lavet af FSC-certificeret egetr\u00e6 og egetr\u00e6sfiner,\",\"breadcrumb\":{\"@id\":\"https:\/\/hubsch-interior.com\/da\/vare\/athand-vaeghylde-sengebord-natur\/#breadcrumb\"},\"inLanguage\":\"da-DK\",\"potentialAction\":[{\"@type\":\"ReadAction\",\"target\":[\"https:\/\/hubsch-interior.com\/da\/vare\/athand-vaeghylde-sengebord-natur\/\"]}]},{\"@type\":\"ImageObject\",\"inLanguage\":\"da-DK\",\"@id\":\"https:\/\/hubsch-interior.com\/da\/vare\/athand-vaeghylde-sengebord-natur\/#primaryimage\",\"url\":\"https:\/\/hubsch-interior.com\/wp-content\/uploads\/2026\/02\/athand-wall-shelfbedside-table-natural-db9ae1e349cfdf7a4eb008cac304f9e8.jpg\",\"contentUrl\":\"https:\/\/hubsch-interior.com\/wp-content\/uploads\/2026\/02\/athand-wall-shelfbedside-table-natural-db9ae1e349cfdf7a4eb008cac304f9e8.jpg\",\"width\":1024,\"height\":1024},{\"@type\":\"BreadcrumbList\",\"@id\":\"https:\/\/hubsch-interior.com\/da\/vare\/athand-vaeghylde-sengebord-natur\/#breadcrumb\",\"itemListElement\":[{\"@type\":\"ListItem\",\"position\":1,\"name\":\"Forside\",\"item\":\"https:\/\/hubsch-interior.com\/da\/\"},{\"@type\":\"ListItem\",\"position\":2,\"name\":\"Produkter\",\"item\":\"https:\/\/hubsch-interior.com\/da\/produkter\/\"},{\"@type\":\"ListItem\",\"position\":3,\"name\":\"M\u00f8bler\",\"item\":\"https:\/\/hubsch-interior.com\/da\/vare-kategori\/mobler\/\"},{\"@type\":\"ListItem\",\"position\":4,\"name\":\"Reoler &amp; opbevaring\",\"item\":\"https:\/\/hubsch-interior.com\/da\/vare-kategori\/mobler\/reoler-opbevaring-da\/\"},{\"@type\":\"ListItem\",\"position\":5,\"name\":\"Hylder\",\"item\":\"https:\/\/hubsch-interior.com\/da\/vare-kategori\/mobler\/reoler-opbevaring-da\/hylder-da\/\"},{\"@type\":\"ListItem\",\"position\":6,\"name\":\"AtHand V\u00e6ghylde\/Sengebord Natur\"}]},{\"@type\":\"WebSite\",\"@id\":\"https:\/\/hubsch-interior.com\/da\/#website\",\"url\":\"https:\/\/hubsch-interior.com\/da\/\",\"name\":\"H\u00fcbsch\",\"description\":\"Danish Home Interior and Design\",\"publisher\":{\"@id\":\"https:\/\/hubsch-interior.com\/da\/#organization\"},\"potentialAction\":[{\"@type\":\"SearchAction\",\"target\":{\"@type\":\"EntryPoint\",\"urlTemplate\":\"https:\/\/hubsch-interior.com\/da\/?s={search_term_string}\"},\"query-input\":{\"@type\":\"PropertyValueSpecification\",\"valueRequired\":true,\"valueName\":\"search_term_string\"}}],\"inLanguage\":\"da-DK\"},{\"@type\":\"Organization\",\"@id\":\"https:\/\/hubsch-interior.com\/da\/#organization\",\"name\":\"H\u00fcbsch\",\"url\":\"https:\/\/hubsch-interior.com\/da\/\",\"logo\":{\"@type\":\"ImageObject\",\"inLanguage\":\"da-DK\",\"@id\":\"https:\/\/hubsch-interior.com\/da\/#\/schema\/logo\/image\/\",\"url\":\"https:\/\/hubsch-interior.com\/wp-content\/uploads\/2022\/12\/Hubsch_logo_black_one_line.svg\",\"contentUrl\":\"https:\/\/hubsch-interior.com\/wp-content\/uploads\/2022\/12\/Hubsch_logo_black_one_line.svg\",\"caption\":\"H\u00fcbsch\"},\"image\":{\"@id\":\"https:\/\/hubsch-interior.com\/da\/#\/schema\/logo\/image\/\"}}]}<\/script>\n<!-- \/ Yoast SEO plugin. -->","yoast_head_json":{"title":"AtHand V\u00e6ghylde\/Sengebord Natur - H\u00fcbsch","description":"Opgrader din sovev\u00e6relsesindretning med AtHand V\u00e6ghylde\/Sengebord i egetr\u00e6. Denne stilfulde v\u00e6ghylde er lavet af FSC-certificeret egetr\u00e6 og egetr\u00e6sfiner,","robots":{"index":"index","follow":"follow","max-snippet":"max-snippet:-1","max-image-preview":"max-image-preview:large","max-video-preview":"max-video-preview:-1"},"canonical":"https:\/\/hubsch-interior.com\/da\/wp-json\/wp\/v2\/product\/976867","og_locale":"da_DK","og_type":"article","og_title":"AtHand V\u00e6ghylde\/Sengebord Natur - H\u00fcbsch","og_description":"Opgrader din sovev\u00e6relsesindretning med AtHand V\u00e6ghylde\/Sengebord i egetr\u00e6. Denne stilfulde v\u00e6ghylde er lavet af FSC-certificeret egetr\u00e6 og egetr\u00e6sfiner,","og_url":"https:\/\/hubsch-interior.com\/da\/vare\/athand-vaeghylde-sengebord-natur\/","og_site_name":"H\u00fcbsch","article_modified_time":"2026-04-09T02:51:25+00:00","og_image":[{"width":1200,"height":1200,"url":"https:\/\/hubsch-interior.com\/wp-content\/uploads\/2024\/03\/athand-wall-shelfbedside-table-natural-d73dccb9739c4deffe69d6387de8e10a.jpg","type":"image\/jpeg"}],"twitter_card":"summary_large_image","schema":{"@context":"https:\/\/schema.org","@graph":[{"@type":"WebPage","@id":"https:\/\/hubsch-interior.com\/da\/vare\/athand-vaeghylde-sengebord-natur\/","url":"https:\/\/hubsch-interior.com\/da\/vare\/athand-vaeghylde-sengebord-natur\/","name":"AtHand V\u00e6ghylde\/Sengebord Natur - H\u00fcbsch","isPartOf":{"@id":"https:\/\/hubsch-interior.com\/da\/#website"},"primaryImageOfPage":{"@id":"https:\/\/hubsch-interior.com\/da\/vare\/athand-vaeghylde-sengebord-natur\/#primaryimage"},"image":{"@id":"https:\/\/hubsch-interior.com\/da\/vare\/athand-vaeghylde-sengebord-natur\/#primaryimage"},"thumbnailUrl":"https:\/\/hubsch-interior.com\/wp-content\/uploads\/2026\/02\/athand-wall-shelfbedside-table-natural-db9ae1e349cfdf7a4eb008cac304f9e8.jpg","datePublished":"2024-01-29T08:22:31+00:00","dateModified":"2026-04-09T02:51:25+00:00","description":"Opgrader din sovev\u00e6relsesindretning med AtHand V\u00e6ghylde\/Sengebord i egetr\u00e6. Denne stilfulde v\u00e6ghylde er lavet af FSC-certificeret egetr\u00e6 og egetr\u00e6sfiner,","breadcrumb":{"@id":"https:\/\/hubsch-interior.com\/da\/vare\/athand-vaeghylde-sengebord-natur\/#breadcrumb"},"inLanguage":"da-DK","potentialAction":[{"@type":"ReadAction","target":["https:\/\/hubsch-interior.com\/da\/vare\/athand-vaeghylde-sengebord-natur\/"]}]},{"@type":"ImageObject","inLanguage":"da-DK","@id":"https:\/\/hubsch-interior.com\/da\/vare\/athand-vaeghylde-sengebord-natur\/#primaryimage","url":"https:\/\/hubsch-interior.com\/wp-content\/uploads\/2026\/02\/athand-wall-shelfbedside-table-natural-db9ae1e349cfdf7a4eb008cac304f9e8.jpg","contentUrl":"https:\/\/hubsch-interior.com\/wp-content\/uploads\/2026\/02\/athand-wall-shelfbedside-table-natural-db9ae1e349cfdf7a4eb008cac304f9e8.jpg","width":1024,"height":1024},{"@type":"BreadcrumbList","@id":"https:\/\/hubsch-interior.com\/da\/vare\/athand-vaeghylde-sengebord-natur\/#breadcrumb","itemListElement":[{"@type":"ListItem","position":1,"name":"Forside","item":"https:\/\/hubsch-interior.com\/da\/"},{"@type":"ListItem","position":2,"name":"Produkter","item":"https:\/\/hubsch-interior.com\/da\/produkter\/"},{"@type":"ListItem","position":3,"name":"M\u00f8bler","item":"https:\/\/hubsch-interior.com\/da\/vare-kategori\/mobler\/"},{"@type":"ListItem","position":4,"name":"Reoler &amp; opbevaring","item":"https:\/\/hubsch-interior.com\/da\/vare-kategori\/mobler\/reoler-opbevaring-da\/"},{"@type":"ListItem","position":5,"name":"Hylder","item":"https:\/\/hubsch-interior.com\/da\/vare-kategori\/mobler\/reoler-opbevaring-da\/hylder-da\/"},{"@type":"ListItem","position":6,"name":"AtHand V\u00e6ghylde\/Sengebord Natur"}]},{"@type":"WebSite","@id":"https:\/\/hubsch-interior.com\/da\/#website","url":"https:\/\/hubsch-interior.com\/da\/","name":"H\u00fcbsch","description":"Danish Home Interior and Design","publisher":{"@id":"https:\/\/hubsch-interior.com\/da\/#organization"},"potentialAction":[{"@type":"SearchAction","target":{"@type":"EntryPoint","urlTemplate":"https:\/\/hubsch-interior.com\/da\/?s={search_term_string}"},"query-input":{"@type":"PropertyValueSpecification","valueRequired":true,"valueName":"search_term_string"}}],"inLanguage":"da-DK"},{"@type":"Organization","@id":"https:\/\/hubsch-interior.com\/da\/#organization","name":"H\u00fcbsch","url":"https:\/\/hubsch-interior.com\/da\/","logo":{"@type":"ImageObject","inLanguage":"da-DK","@id":"https:\/\/hubsch-interior.com\/da\/#\/schema\/logo\/image\/","url":"https:\/\/hubsch-interior.com\/wp-content\/uploads\/2022\/12\/Hubsch_logo_black_one_line.svg","contentUrl":"https:\/\/hubsch-interior.com\/wp-content\/uploads\/2022\/12\/Hubsch_logo_black_one_line.svg","caption":"H\u00fcbsch"},"image":{"@id":"https:\/\/hubsch-interior.com\/da\/#\/schema\/logo\/image\/"}}]}},"_links":{"self":[{"href":"https:\/\/hubsch-interior.com\/da\/wp-json\/wp\/v2\/product\/976867","targetHints":{"allow":["GET"]}}],"collection":[{"href":"https:\/\/hubsch-interior.com\/da\/wp-json\/wp\/v2\/product"}],"about":[{"href":"https:\/\/hubsch-interior.com\/da\/wp-json\/wp\/v2\/types\/product"}],"wp:featuredmedia":[{"embeddable":true,"href":"https:\/\/hubsch-interior.com\/da\/wp-json\/wp\/v2\/media\/1103411"}],"wp:attachment":[{"href":"https:\/\/hubsch-interior.com\/da\/wp-json\/wp\/v2\/media?parent=976867"}],"wp:term":[{"taxonomy":"product_brand","embeddable":true,"href":"https:\/\/hubsch-interior.com\/da\/wp-json\/wp\/v2\/product_brand?post=976867"},{"taxonomy":"product_cat","embeddable":true,"href":"https:\/\/hubsch-interior.com\/da\/wp-json\/wp\/v2\/product_cat?post=976867"},{"taxonomy":"product_tag","embeddable":true,"href":"https:\/\/hubsch-interior.com\/da\/wp-json\/wp\/v2\/product_tag?post=976867"}],"curies":[{"name":"wp","href":"https:\/\/api.w.org\/{rel}","templated":true}]}}