{"id":976895,"date":"2024-01-29T09:22:53","date_gmt":"2024-01-29T08:22:53","guid":{"rendered":"https:\/\/hubsch-interior.com\/product\/product\/"},"modified":"2026-04-09T04:51:30","modified_gmt":"2026-04-09T02:51:30","slug":"forma-reol-large-natur","status":"publish","type":"product","link":"https:\/\/hubsch-interior.com\/da\/vare\/forma-reol-large-natur\/","title":{"rendered":"Forma Reol Large Natur"},"content":{"rendered":"<p>Forma Reol er den perfekte l\u00f8sning til dig, der \u00f8nsker en unik og moderne opbevaringsl\u00f8sning til dit hjem. Med sit enkle design og grafiske form er reolen en \u00e6stetisk tilf\u00f8jelse til ethvert rum. Lavet af FSC-certificeret egetr\u00e6sfiner, kan du v\u00e6re sikker p\u00e5 en holdbar og b\u00e6redygtig l\u00f8sning. Monteret med keyhole-mounting p\u00e5 bagsiden er den nem at s\u00e6tte op og kan bruges individuelt eller clusters for at skabe et unikt look. Uanset om du har brug for opbevaring eller \u00f8nsker at fremvise dine yndlingsgenstande, er Forma Reol det perfekte valg til ethvert rum i dit hjem.<\/p>\n","protected":false},"excerpt":{"rendered":"<p>Forma Reol er den perfekte l\u00f8sning til dig, der \u00f8nsker en unik og moderne opbevaringsl\u00f8sning til dit hjem. Med sit enkle design og grafiske form er reolen en \u00e6stetisk tilf\u00f8jelse til ethvert rum. Lavet af FSC-certificeret egetr\u00e6sfiner, kan du v\u00e6re sikker p\u00e5 en holdbar og b\u00e6redygtig l\u00f8sning. Monteret med keyhole-mounting p\u00e5 bagsiden er den nem [&hellip;]<\/p>\n","protected":false},"featured_media":1114646,"template":"","meta":{"_acf_changed":false,"inline_featured_image":false},"product_brand":[],"product_cat":[6880,6895,7069,7070,6321,3999,4022,5025],"product_tag":[],"class_list":{"0":"post-976895","1":"product","2":"type-product","3":"status-publish","4":"has-post-thumbnail","6":"product_cat-elevating-nostalgia-da","7":"product_cat-forma-serien-da","8":"product_cat-knager-reoler-da","9":"product_cat-reoler-da-knager-reoler-da","10":"product_cat-fsc-da","11":"product_cat-reoler-opbevaring-da","12":"product_cat-hylder-da","13":"product_cat-bestsellers-da","14":"product_shipping_class-pk","16":"pa_color-natur-2","17":"pa_material-mdf-da","18":"pa_material-egetrsfiner","20":"first","21":"instock","22":"featured","23":"taxable","24":"shipping-taxable","25":"purchasable","26":"product-type-simple"},"exclude_global_add_ons":[],"addons":[],"acf":[],"yoast_head":"<!-- This site is optimized with the Yoast SEO plugin v26.4 - https:\/\/yoast.com\/wordpress\/plugins\/seo\/ -->\n<title>Forma Reol Large Natur - H\u00fcbsch<\/title>\n<meta name=\"description\" content=\"Forma Reol er den perfekte l\u00f8sning til dig, der \u00f8nsker en unik og moderne opbevaringsl\u00f8sning til dit hjem. Med sit enkle design og grafiske form er reolen\" \/>\n<meta name=\"robots\" content=\"index, follow, max-snippet:-1, max-image-preview:large, max-video-preview:-1\" \/>\n<link rel=\"canonical\" href=\"https:\/\/hubsch-interior.com\/da\/wp-json\/wp\/v2\/product\/976895\" \/>\n<meta property=\"og:locale\" content=\"da_DK\" \/>\n<meta property=\"og:type\" content=\"article\" \/>\n<meta property=\"og:title\" content=\"Forma Reol Large Natur - H\u00fcbsch\" \/>\n<meta property=\"og:description\" content=\"Forma Reol er den perfekte l\u00f8sning til dig, der \u00f8nsker en unik og moderne opbevaringsl\u00f8sning til dit hjem. Med sit enkle design og grafiske form er reolen\" \/>\n<meta property=\"og:url\" content=\"https:\/\/hubsch-interior.com\/da\/vare\/forma-reol-large-natur\/\" \/>\n<meta property=\"og:site_name\" content=\"H\u00fcbsch\" \/>\n<meta property=\"article:modified_time\" content=\"2026-04-09T02:51:30+00:00\" \/>\n<meta property=\"og:image\" content=\"https:\/\/hubsch-interior.com\/wp-content\/uploads\/2026\/02\/forma-shelf-large-natural-cd046f90438b82fbfb364dc342a1cab0.jpg\" \/>\n\t<meta property=\"og:image:width\" content=\"1024\" \/>\n\t<meta property=\"og:image:height\" content=\"1024\" \/>\n\t<meta property=\"og:image:type\" content=\"image\/jpeg\" \/>\n<meta name=\"twitter:card\" content=\"summary_large_image\" \/>\n<meta name=\"twitter:label1\" content=\"Estimeret l\u00e6setid\" \/>\n\t<meta name=\"twitter:data1\" content=\"1 minut\" \/>\n<script type=\"application\/ld+json\" class=\"yoast-schema-graph\">{\"@context\":\"https:\/\/schema.org\",\"@graph\":[{\"@type\":\"WebPage\",\"@id\":\"https:\/\/hubsch-interior.com\/da\/vare\/forma-reol-large-natur\/\",\"url\":\"https:\/\/hubsch-interior.com\/da\/vare\/forma-reol-large-natur\/\",\"name\":\"Forma Reol Large Natur - H\u00fcbsch\",\"isPartOf\":{\"@id\":\"https:\/\/hubsch-interior.com\/da\/#website\"},\"primaryImageOfPage\":{\"@id\":\"https:\/\/hubsch-interior.com\/da\/vare\/forma-reol-large-natur\/#primaryimage\"},\"image\":{\"@id\":\"https:\/\/hubsch-interior.com\/da\/vare\/forma-reol-large-natur\/#primaryimage\"},\"thumbnailUrl\":\"https:\/\/hubsch-interior.com\/wp-content\/uploads\/2026\/02\/forma-shelf-large-natural-cd046f90438b82fbfb364dc342a1cab0.jpg\",\"datePublished\":\"2024-01-29T08:22:53+00:00\",\"dateModified\":\"2026-04-09T02:51:30+00:00\",\"description\":\"Forma Reol er den perfekte l\u00f8sning til dig, der \u00f8nsker en unik og moderne opbevaringsl\u00f8sning til dit hjem. Med sit enkle design og grafiske form er reolen\",\"breadcrumb\":{\"@id\":\"https:\/\/hubsch-interior.com\/da\/vare\/forma-reol-large-natur\/#breadcrumb\"},\"inLanguage\":\"da-DK\",\"potentialAction\":[{\"@type\":\"ReadAction\",\"target\":[\"https:\/\/hubsch-interior.com\/da\/vare\/forma-reol-large-natur\/\"]}]},{\"@type\":\"ImageObject\",\"inLanguage\":\"da-DK\",\"@id\":\"https:\/\/hubsch-interior.com\/da\/vare\/forma-reol-large-natur\/#primaryimage\",\"url\":\"https:\/\/hubsch-interior.com\/wp-content\/uploads\/2026\/02\/forma-shelf-large-natural-cd046f90438b82fbfb364dc342a1cab0.jpg\",\"contentUrl\":\"https:\/\/hubsch-interior.com\/wp-content\/uploads\/2026\/02\/forma-shelf-large-natural-cd046f90438b82fbfb364dc342a1cab0.jpg\",\"width\":1024,\"height\":1024},{\"@type\":\"BreadcrumbList\",\"@id\":\"https:\/\/hubsch-interior.com\/da\/vare\/forma-reol-large-natur\/#breadcrumb\",\"itemListElement\":[{\"@type\":\"ListItem\",\"position\":1,\"name\":\"Forside\",\"item\":\"https:\/\/hubsch-interior.com\/da\/\"},{\"@type\":\"ListItem\",\"position\":2,\"name\":\"Produkter\",\"item\":\"https:\/\/hubsch-interior.com\/da\/produkter\/\"},{\"@type\":\"ListItem\",\"position\":3,\"name\":\"M\u00f8bler\",\"item\":\"https:\/\/hubsch-interior.com\/da\/vare-kategori\/mobler\/\"},{\"@type\":\"ListItem\",\"position\":4,\"name\":\"Reoler &amp; opbevaring\",\"item\":\"https:\/\/hubsch-interior.com\/da\/vare-kategori\/mobler\/reoler-opbevaring-da\/\"},{\"@type\":\"ListItem\",\"position\":5,\"name\":\"Hylder\",\"item\":\"https:\/\/hubsch-interior.com\/da\/vare-kategori\/mobler\/reoler-opbevaring-da\/hylder-da\/\"},{\"@type\":\"ListItem\",\"position\":6,\"name\":\"Forma Reol Large Natur\"}]},{\"@type\":\"WebSite\",\"@id\":\"https:\/\/hubsch-interior.com\/da\/#website\",\"url\":\"https:\/\/hubsch-interior.com\/da\/\",\"name\":\"H\u00fcbsch\",\"description\":\"Danish Home Interior and Design\",\"publisher\":{\"@id\":\"https:\/\/hubsch-interior.com\/da\/#organization\"},\"potentialAction\":[{\"@type\":\"SearchAction\",\"target\":{\"@type\":\"EntryPoint\",\"urlTemplate\":\"https:\/\/hubsch-interior.com\/da\/?s={search_term_string}\"},\"query-input\":{\"@type\":\"PropertyValueSpecification\",\"valueRequired\":true,\"valueName\":\"search_term_string\"}}],\"inLanguage\":\"da-DK\"},{\"@type\":\"Organization\",\"@id\":\"https:\/\/hubsch-interior.com\/da\/#organization\",\"name\":\"H\u00fcbsch\",\"url\":\"https:\/\/hubsch-interior.com\/da\/\",\"logo\":{\"@type\":\"ImageObject\",\"inLanguage\":\"da-DK\",\"@id\":\"https:\/\/hubsch-interior.com\/da\/#\/schema\/logo\/image\/\",\"url\":\"https:\/\/hubsch-interior.com\/wp-content\/uploads\/2022\/12\/Hubsch_logo_black_one_line.svg\",\"contentUrl\":\"https:\/\/hubsch-interior.com\/wp-content\/uploads\/2022\/12\/Hubsch_logo_black_one_line.svg\",\"caption\":\"H\u00fcbsch\"},\"image\":{\"@id\":\"https:\/\/hubsch-interior.com\/da\/#\/schema\/logo\/image\/\"}}]}<\/script>\n<!-- \/ Yoast SEO plugin. -->","yoast_head_json":{"title":"Forma Reol Large Natur - H\u00fcbsch","description":"Forma Reol er den perfekte l\u00f8sning til dig, der \u00f8nsker en unik og moderne opbevaringsl\u00f8sning til dit hjem. Med sit enkle design og grafiske form er reolen","robots":{"index":"index","follow":"follow","max-snippet":"max-snippet:-1","max-image-preview":"max-image-preview:large","max-video-preview":"max-video-preview:-1"},"canonical":"https:\/\/hubsch-interior.com\/da\/wp-json\/wp\/v2\/product\/976895","og_locale":"da_DK","og_type":"article","og_title":"Forma Reol Large Natur - H\u00fcbsch","og_description":"Forma Reol er den perfekte l\u00f8sning til dig, der \u00f8nsker en unik og moderne opbevaringsl\u00f8sning til dit hjem. Med sit enkle design og grafiske form er reolen","og_url":"https:\/\/hubsch-interior.com\/da\/vare\/forma-reol-large-natur\/","og_site_name":"H\u00fcbsch","article_modified_time":"2026-04-09T02:51:30+00:00","og_image":[{"width":1024,"height":1024,"url":"https:\/\/hubsch-interior.com\/wp-content\/uploads\/2026\/02\/forma-shelf-large-natural-cd046f90438b82fbfb364dc342a1cab0.jpg","type":"image\/jpeg"}],"twitter_card":"summary_large_image","twitter_misc":{"Estimeret l\u00e6setid":"1 minut"},"schema":{"@context":"https:\/\/schema.org","@graph":[{"@type":"WebPage","@id":"https:\/\/hubsch-interior.com\/da\/vare\/forma-reol-large-natur\/","url":"https:\/\/hubsch-interior.com\/da\/vare\/forma-reol-large-natur\/","name":"Forma Reol Large Natur - H\u00fcbsch","isPartOf":{"@id":"https:\/\/hubsch-interior.com\/da\/#website"},"primaryImageOfPage":{"@id":"https:\/\/hubsch-interior.com\/da\/vare\/forma-reol-large-natur\/#primaryimage"},"image":{"@id":"https:\/\/hubsch-interior.com\/da\/vare\/forma-reol-large-natur\/#primaryimage"},"thumbnailUrl":"https:\/\/hubsch-interior.com\/wp-content\/uploads\/2026\/02\/forma-shelf-large-natural-cd046f90438b82fbfb364dc342a1cab0.jpg","datePublished":"2024-01-29T08:22:53+00:00","dateModified":"2026-04-09T02:51:30+00:00","description":"Forma Reol er den perfekte l\u00f8sning til dig, der \u00f8nsker en unik og moderne opbevaringsl\u00f8sning til dit hjem. Med sit enkle design og grafiske form er reolen","breadcrumb":{"@id":"https:\/\/hubsch-interior.com\/da\/vare\/forma-reol-large-natur\/#breadcrumb"},"inLanguage":"da-DK","potentialAction":[{"@type":"ReadAction","target":["https:\/\/hubsch-interior.com\/da\/vare\/forma-reol-large-natur\/"]}]},{"@type":"ImageObject","inLanguage":"da-DK","@id":"https:\/\/hubsch-interior.com\/da\/vare\/forma-reol-large-natur\/#primaryimage","url":"https:\/\/hubsch-interior.com\/wp-content\/uploads\/2026\/02\/forma-shelf-large-natural-cd046f90438b82fbfb364dc342a1cab0.jpg","contentUrl":"https:\/\/hubsch-interior.com\/wp-content\/uploads\/2026\/02\/forma-shelf-large-natural-cd046f90438b82fbfb364dc342a1cab0.jpg","width":1024,"height":1024},{"@type":"BreadcrumbList","@id":"https:\/\/hubsch-interior.com\/da\/vare\/forma-reol-large-natur\/#breadcrumb","itemListElement":[{"@type":"ListItem","position":1,"name":"Forside","item":"https:\/\/hubsch-interior.com\/da\/"},{"@type":"ListItem","position":2,"name":"Produkter","item":"https:\/\/hubsch-interior.com\/da\/produkter\/"},{"@type":"ListItem","position":3,"name":"M\u00f8bler","item":"https:\/\/hubsch-interior.com\/da\/vare-kategori\/mobler\/"},{"@type":"ListItem","position":4,"name":"Reoler &amp; opbevaring","item":"https:\/\/hubsch-interior.com\/da\/vare-kategori\/mobler\/reoler-opbevaring-da\/"},{"@type":"ListItem","position":5,"name":"Hylder","item":"https:\/\/hubsch-interior.com\/da\/vare-kategori\/mobler\/reoler-opbevaring-da\/hylder-da\/"},{"@type":"ListItem","position":6,"name":"Forma Reol Large Natur"}]},{"@type":"WebSite","@id":"https:\/\/hubsch-interior.com\/da\/#website","url":"https:\/\/hubsch-interior.com\/da\/","name":"H\u00fcbsch","description":"Danish Home Interior and Design","publisher":{"@id":"https:\/\/hubsch-interior.com\/da\/#organization"},"potentialAction":[{"@type":"SearchAction","target":{"@type":"EntryPoint","urlTemplate":"https:\/\/hubsch-interior.com\/da\/?s={search_term_string}"},"query-input":{"@type":"PropertyValueSpecification","valueRequired":true,"valueName":"search_term_string"}}],"inLanguage":"da-DK"},{"@type":"Organization","@id":"https:\/\/hubsch-interior.com\/da\/#organization","name":"H\u00fcbsch","url":"https:\/\/hubsch-interior.com\/da\/","logo":{"@type":"ImageObject","inLanguage":"da-DK","@id":"https:\/\/hubsch-interior.com\/da\/#\/schema\/logo\/image\/","url":"https:\/\/hubsch-interior.com\/wp-content\/uploads\/2022\/12\/Hubsch_logo_black_one_line.svg","contentUrl":"https:\/\/hubsch-interior.com\/wp-content\/uploads\/2022\/12\/Hubsch_logo_black_one_line.svg","caption":"H\u00fcbsch"},"image":{"@id":"https:\/\/hubsch-interior.com\/da\/#\/schema\/logo\/image\/"}}]}},"_links":{"self":[{"href":"https:\/\/hubsch-interior.com\/da\/wp-json\/wp\/v2\/product\/976895","targetHints":{"allow":["GET"]}}],"collection":[{"href":"https:\/\/hubsch-interior.com\/da\/wp-json\/wp\/v2\/product"}],"about":[{"href":"https:\/\/hubsch-interior.com\/da\/wp-json\/wp\/v2\/types\/product"}],"wp:featuredmedia":[{"embeddable":true,"href":"https:\/\/hubsch-interior.com\/da\/wp-json\/wp\/v2\/media\/1114646"}],"wp:attachment":[{"href":"https:\/\/hubsch-interior.com\/da\/wp-json\/wp\/v2\/media?parent=976895"}],"wp:term":[{"taxonomy":"product_brand","embeddable":true,"href":"https:\/\/hubsch-interior.com\/da\/wp-json\/wp\/v2\/product_brand?post=976895"},{"taxonomy":"product_cat","embeddable":true,"href":"https:\/\/hubsch-interior.com\/da\/wp-json\/wp\/v2\/product_cat?post=976895"},{"taxonomy":"product_tag","embeddable":true,"href":"https:\/\/hubsch-interior.com\/da\/wp-json\/wp\/v2\/product_tag?post=976895"}],"curies":[{"name":"wp","href":"https:\/\/api.w.org\/{rel}","templated":true}]}}