{"id":976915,"date":"2024-01-29T09:23:08","date_gmt":"2024-01-29T08:23:08","guid":{"rendered":"https:\/\/hubsch-interior.com\/product\/product\/"},"modified":"2026-04-09T04:51:36","modified_gmt":"2026-04-09T02:51:36","slug":"forma-reol-small-natur","status":"publish","type":"product","link":"https:\/\/hubsch-interior.com\/da\/vare\/forma-reol-small-natur\/","title":{"rendered":"Forma Reol Small Natur"},"content":{"rendered":"<p>Forma Reol er et elegant og alsidigt m\u00f8bel, der vil tilf\u00f8je et unikt touch til ethvert rum. Lavet af FSC-certificeret egetr\u00e6sfiner, er denne reol ikke kun smuk, men ogs\u00e5 b\u00e6redygtig. Den grafiske form og simple konstruktion giver mulighed for b\u00e5de opbevaring og udstilling af dine yndlingsting. Keyhole montering p\u00e5 bagsiden g\u00f8r den let at h\u00e6nge op, og dens tidl\u00f8se design g\u00f8r den egnet til alle rum. Forma Reol er en must-have for enhver, der \u00f8nsker et stilfuldt og fleksibelt m\u00f8bel.<\/p>\n","protected":false},"excerpt":{"rendered":"<p>Forma Reol er et elegant og alsidigt m\u00f8bel, der vil tilf\u00f8je et unikt touch til ethvert rum. Lavet af FSC-certificeret egetr\u00e6sfiner, er denne reol ikke kun smuk, men ogs\u00e5 b\u00e6redygtig. Den grafiske form og simple konstruktion giver mulighed for b\u00e5de opbevaring og udstilling af dine yndlingsting. Keyhole montering p\u00e5 bagsiden g\u00f8r den let at h\u00e6nge [&hellip;]<\/p>\n","protected":false},"featured_media":1103459,"template":"","meta":{"_acf_changed":false,"inline_featured_image":false},"product_brand":[],"product_cat":[6880,6895,7069,7070,6321,2857,4801,3999,4022,5025],"product_tag":[],"class_list":{"0":"post-976915","1":"product","2":"type-product","3":"status-publish","4":"has-post-thumbnail","6":"product_cat-elevating-nostalgia-da","7":"product_cat-forma-serien-da","8":"product_cat-knager-reoler-da","9":"product_cat-reoler-da-knager-reoler-da","10":"product_cat-fsc-da","11":"product_cat-borde-da","12":"product_cat-sengeborde-da","13":"product_cat-reoler-opbevaring-da","14":"product_cat-hylder-da","15":"product_cat-bestsellers-da","16":"product_shipping_class-pk","18":"pa_color-natur-2","19":"pa_material-mdf-da","20":"pa_material-egetrsfiner","22":"first","23":"instock","24":"featured","25":"taxable","26":"shipping-taxable","27":"purchasable","28":"product-type-simple"},"exclude_global_add_ons":[],"addons":[],"acf":[],"yoast_head":"<!-- This site is optimized with the Yoast SEO plugin v26.4 - https:\/\/yoast.com\/wordpress\/plugins\/seo\/ -->\n<title>Forma Reol Small Natur - H\u00fcbsch<\/title>\n<meta name=\"description\" content=\"Forma Reol er et elegant og alsidigt m\u00f8bel, der vil tilf\u00f8je et unikt touch til ethvert rum. Lavet af FSC-certificeret egetr\u00e6sfiner, er denne reol ikke kun\" \/>\n<meta name=\"robots\" content=\"index, follow, max-snippet:-1, max-image-preview:large, max-video-preview:-1\" \/>\n<link rel=\"canonical\" href=\"https:\/\/hubsch-interior.com\/da\/wp-json\/wp\/v2\/product\/976915\" \/>\n<meta property=\"og:locale\" content=\"da_DK\" \/>\n<meta property=\"og:type\" content=\"article\" \/>\n<meta property=\"og:title\" content=\"Forma Reol Small Natur - H\u00fcbsch\" \/>\n<meta property=\"og:description\" content=\"Forma Reol er et elegant og alsidigt m\u00f8bel, der vil tilf\u00f8je et unikt touch til ethvert rum. Lavet af FSC-certificeret egetr\u00e6sfiner, er denne reol ikke kun\" \/>\n<meta property=\"og:url\" content=\"https:\/\/hubsch-interior.com\/da\/vare\/forma-reol-small-natur\/\" \/>\n<meta property=\"og:site_name\" content=\"H\u00fcbsch\" \/>\n<meta property=\"article:modified_time\" content=\"2026-04-09T02:51:36+00:00\" \/>\n<meta property=\"og:image\" content=\"https:\/\/hubsch-interior.com\/wp-content\/uploads\/2026\/02\/forma-shelf-small-natural-9afd8f0a1df2aec461ec8faa9b1c0d87.jpg\" \/>\n\t<meta property=\"og:image:width\" content=\"1024\" \/>\n\t<meta property=\"og:image:height\" content=\"1024\" \/>\n\t<meta property=\"og:image:type\" content=\"image\/jpeg\" \/>\n<meta name=\"twitter:card\" content=\"summary_large_image\" \/>\n<script type=\"application\/ld+json\" class=\"yoast-schema-graph\">{\"@context\":\"https:\/\/schema.org\",\"@graph\":[{\"@type\":\"WebPage\",\"@id\":\"https:\/\/hubsch-interior.com\/da\/vare\/forma-reol-small-natur\/\",\"url\":\"https:\/\/hubsch-interior.com\/da\/vare\/forma-reol-small-natur\/\",\"name\":\"Forma Reol Small Natur - H\u00fcbsch\",\"isPartOf\":{\"@id\":\"https:\/\/hubsch-interior.com\/da\/#website\"},\"primaryImageOfPage\":{\"@id\":\"https:\/\/hubsch-interior.com\/da\/vare\/forma-reol-small-natur\/#primaryimage\"},\"image\":{\"@id\":\"https:\/\/hubsch-interior.com\/da\/vare\/forma-reol-small-natur\/#primaryimage\"},\"thumbnailUrl\":\"https:\/\/hubsch-interior.com\/wp-content\/uploads\/2026\/02\/forma-shelf-small-natural-9afd8f0a1df2aec461ec8faa9b1c0d87.jpg\",\"datePublished\":\"2024-01-29T08:23:08+00:00\",\"dateModified\":\"2026-04-09T02:51:36+00:00\",\"description\":\"Forma Reol er et elegant og alsidigt m\u00f8bel, der vil tilf\u00f8je et unikt touch til ethvert rum. Lavet af FSC-certificeret egetr\u00e6sfiner, er denne reol ikke kun\",\"breadcrumb\":{\"@id\":\"https:\/\/hubsch-interior.com\/da\/vare\/forma-reol-small-natur\/#breadcrumb\"},\"inLanguage\":\"da-DK\",\"potentialAction\":[{\"@type\":\"ReadAction\",\"target\":[\"https:\/\/hubsch-interior.com\/da\/vare\/forma-reol-small-natur\/\"]}]},{\"@type\":\"ImageObject\",\"inLanguage\":\"da-DK\",\"@id\":\"https:\/\/hubsch-interior.com\/da\/vare\/forma-reol-small-natur\/#primaryimage\",\"url\":\"https:\/\/hubsch-interior.com\/wp-content\/uploads\/2026\/02\/forma-shelf-small-natural-9afd8f0a1df2aec461ec8faa9b1c0d87.jpg\",\"contentUrl\":\"https:\/\/hubsch-interior.com\/wp-content\/uploads\/2026\/02\/forma-shelf-small-natural-9afd8f0a1df2aec461ec8faa9b1c0d87.jpg\",\"width\":1024,\"height\":1024},{\"@type\":\"BreadcrumbList\",\"@id\":\"https:\/\/hubsch-interior.com\/da\/vare\/forma-reol-small-natur\/#breadcrumb\",\"itemListElement\":[{\"@type\":\"ListItem\",\"position\":1,\"name\":\"Forside\",\"item\":\"https:\/\/hubsch-interior.com\/da\/\"},{\"@type\":\"ListItem\",\"position\":2,\"name\":\"Produkter\",\"item\":\"https:\/\/hubsch-interior.com\/da\/produkter\/\"},{\"@type\":\"ListItem\",\"position\":3,\"name\":\"M\u00f8bler\",\"item\":\"https:\/\/hubsch-interior.com\/da\/vare-kategori\/mobler\/\"},{\"@type\":\"ListItem\",\"position\":4,\"name\":\"Borde\",\"item\":\"https:\/\/hubsch-interior.com\/da\/vare-kategori\/mobler\/borde-da\/\"},{\"@type\":\"ListItem\",\"position\":5,\"name\":\"Sengeborde\",\"item\":\"https:\/\/hubsch-interior.com\/da\/vare-kategori\/mobler\/borde-da\/sengeborde-da\/\"},{\"@type\":\"ListItem\",\"position\":6,\"name\":\"Forma Reol Small Natur\"}]},{\"@type\":\"WebSite\",\"@id\":\"https:\/\/hubsch-interior.com\/da\/#website\",\"url\":\"https:\/\/hubsch-interior.com\/da\/\",\"name\":\"H\u00fcbsch\",\"description\":\"Danish Home Interior and Design\",\"publisher\":{\"@id\":\"https:\/\/hubsch-interior.com\/da\/#organization\"},\"potentialAction\":[{\"@type\":\"SearchAction\",\"target\":{\"@type\":\"EntryPoint\",\"urlTemplate\":\"https:\/\/hubsch-interior.com\/da\/?s={search_term_string}\"},\"query-input\":{\"@type\":\"PropertyValueSpecification\",\"valueRequired\":true,\"valueName\":\"search_term_string\"}}],\"inLanguage\":\"da-DK\"},{\"@type\":\"Organization\",\"@id\":\"https:\/\/hubsch-interior.com\/da\/#organization\",\"name\":\"H\u00fcbsch\",\"url\":\"https:\/\/hubsch-interior.com\/da\/\",\"logo\":{\"@type\":\"ImageObject\",\"inLanguage\":\"da-DK\",\"@id\":\"https:\/\/hubsch-interior.com\/da\/#\/schema\/logo\/image\/\",\"url\":\"https:\/\/hubsch-interior.com\/wp-content\/uploads\/2022\/12\/Hubsch_logo_black_one_line.svg\",\"contentUrl\":\"https:\/\/hubsch-interior.com\/wp-content\/uploads\/2022\/12\/Hubsch_logo_black_one_line.svg\",\"caption\":\"H\u00fcbsch\"},\"image\":{\"@id\":\"https:\/\/hubsch-interior.com\/da\/#\/schema\/logo\/image\/\"}}]}<\/script>\n<!-- \/ Yoast SEO plugin. -->","yoast_head_json":{"title":"Forma Reol Small Natur - H\u00fcbsch","description":"Forma Reol er et elegant og alsidigt m\u00f8bel, der vil tilf\u00f8je et unikt touch til ethvert rum. Lavet af FSC-certificeret egetr\u00e6sfiner, er denne reol ikke kun","robots":{"index":"index","follow":"follow","max-snippet":"max-snippet:-1","max-image-preview":"max-image-preview:large","max-video-preview":"max-video-preview:-1"},"canonical":"https:\/\/hubsch-interior.com\/da\/wp-json\/wp\/v2\/product\/976915","og_locale":"da_DK","og_type":"article","og_title":"Forma Reol Small Natur - H\u00fcbsch","og_description":"Forma Reol er et elegant og alsidigt m\u00f8bel, der vil tilf\u00f8je et unikt touch til ethvert rum. Lavet af FSC-certificeret egetr\u00e6sfiner, er denne reol ikke kun","og_url":"https:\/\/hubsch-interior.com\/da\/vare\/forma-reol-small-natur\/","og_site_name":"H\u00fcbsch","article_modified_time":"2026-04-09T02:51:36+00:00","og_image":[{"width":1024,"height":1024,"url":"https:\/\/hubsch-interior.com\/wp-content\/uploads\/2026\/02\/forma-shelf-small-natural-9afd8f0a1df2aec461ec8faa9b1c0d87.jpg","type":"image\/jpeg"}],"twitter_card":"summary_large_image","schema":{"@context":"https:\/\/schema.org","@graph":[{"@type":"WebPage","@id":"https:\/\/hubsch-interior.com\/da\/vare\/forma-reol-small-natur\/","url":"https:\/\/hubsch-interior.com\/da\/vare\/forma-reol-small-natur\/","name":"Forma Reol Small Natur - H\u00fcbsch","isPartOf":{"@id":"https:\/\/hubsch-interior.com\/da\/#website"},"primaryImageOfPage":{"@id":"https:\/\/hubsch-interior.com\/da\/vare\/forma-reol-small-natur\/#primaryimage"},"image":{"@id":"https:\/\/hubsch-interior.com\/da\/vare\/forma-reol-small-natur\/#primaryimage"},"thumbnailUrl":"https:\/\/hubsch-interior.com\/wp-content\/uploads\/2026\/02\/forma-shelf-small-natural-9afd8f0a1df2aec461ec8faa9b1c0d87.jpg","datePublished":"2024-01-29T08:23:08+00:00","dateModified":"2026-04-09T02:51:36+00:00","description":"Forma Reol er et elegant og alsidigt m\u00f8bel, der vil tilf\u00f8je et unikt touch til ethvert rum. Lavet af FSC-certificeret egetr\u00e6sfiner, er denne reol ikke kun","breadcrumb":{"@id":"https:\/\/hubsch-interior.com\/da\/vare\/forma-reol-small-natur\/#breadcrumb"},"inLanguage":"da-DK","potentialAction":[{"@type":"ReadAction","target":["https:\/\/hubsch-interior.com\/da\/vare\/forma-reol-small-natur\/"]}]},{"@type":"ImageObject","inLanguage":"da-DK","@id":"https:\/\/hubsch-interior.com\/da\/vare\/forma-reol-small-natur\/#primaryimage","url":"https:\/\/hubsch-interior.com\/wp-content\/uploads\/2026\/02\/forma-shelf-small-natural-9afd8f0a1df2aec461ec8faa9b1c0d87.jpg","contentUrl":"https:\/\/hubsch-interior.com\/wp-content\/uploads\/2026\/02\/forma-shelf-small-natural-9afd8f0a1df2aec461ec8faa9b1c0d87.jpg","width":1024,"height":1024},{"@type":"BreadcrumbList","@id":"https:\/\/hubsch-interior.com\/da\/vare\/forma-reol-small-natur\/#breadcrumb","itemListElement":[{"@type":"ListItem","position":1,"name":"Forside","item":"https:\/\/hubsch-interior.com\/da\/"},{"@type":"ListItem","position":2,"name":"Produkter","item":"https:\/\/hubsch-interior.com\/da\/produkter\/"},{"@type":"ListItem","position":3,"name":"M\u00f8bler","item":"https:\/\/hubsch-interior.com\/da\/vare-kategori\/mobler\/"},{"@type":"ListItem","position":4,"name":"Borde","item":"https:\/\/hubsch-interior.com\/da\/vare-kategori\/mobler\/borde-da\/"},{"@type":"ListItem","position":5,"name":"Sengeborde","item":"https:\/\/hubsch-interior.com\/da\/vare-kategori\/mobler\/borde-da\/sengeborde-da\/"},{"@type":"ListItem","position":6,"name":"Forma Reol Small Natur"}]},{"@type":"WebSite","@id":"https:\/\/hubsch-interior.com\/da\/#website","url":"https:\/\/hubsch-interior.com\/da\/","name":"H\u00fcbsch","description":"Danish Home Interior and Design","publisher":{"@id":"https:\/\/hubsch-interior.com\/da\/#organization"},"potentialAction":[{"@type":"SearchAction","target":{"@type":"EntryPoint","urlTemplate":"https:\/\/hubsch-interior.com\/da\/?s={search_term_string}"},"query-input":{"@type":"PropertyValueSpecification","valueRequired":true,"valueName":"search_term_string"}}],"inLanguage":"da-DK"},{"@type":"Organization","@id":"https:\/\/hubsch-interior.com\/da\/#organization","name":"H\u00fcbsch","url":"https:\/\/hubsch-interior.com\/da\/","logo":{"@type":"ImageObject","inLanguage":"da-DK","@id":"https:\/\/hubsch-interior.com\/da\/#\/schema\/logo\/image\/","url":"https:\/\/hubsch-interior.com\/wp-content\/uploads\/2022\/12\/Hubsch_logo_black_one_line.svg","contentUrl":"https:\/\/hubsch-interior.com\/wp-content\/uploads\/2022\/12\/Hubsch_logo_black_one_line.svg","caption":"H\u00fcbsch"},"image":{"@id":"https:\/\/hubsch-interior.com\/da\/#\/schema\/logo\/image\/"}}]}},"_links":{"self":[{"href":"https:\/\/hubsch-interior.com\/da\/wp-json\/wp\/v2\/product\/976915","targetHints":{"allow":["GET"]}}],"collection":[{"href":"https:\/\/hubsch-interior.com\/da\/wp-json\/wp\/v2\/product"}],"about":[{"href":"https:\/\/hubsch-interior.com\/da\/wp-json\/wp\/v2\/types\/product"}],"wp:featuredmedia":[{"embeddable":true,"href":"https:\/\/hubsch-interior.com\/da\/wp-json\/wp\/v2\/media\/1103459"}],"wp:attachment":[{"href":"https:\/\/hubsch-interior.com\/da\/wp-json\/wp\/v2\/media?parent=976915"}],"wp:term":[{"taxonomy":"product_brand","embeddable":true,"href":"https:\/\/hubsch-interior.com\/da\/wp-json\/wp\/v2\/product_brand?post=976915"},{"taxonomy":"product_cat","embeddable":true,"href":"https:\/\/hubsch-interior.com\/da\/wp-json\/wp\/v2\/product_cat?post=976915"},{"taxonomy":"product_tag","embeddable":true,"href":"https:\/\/hubsch-interior.com\/da\/wp-json\/wp\/v2\/product_tag?post=976915"}],"curies":[{"name":"wp","href":"https:\/\/api.w.org\/{rel}","templated":true}]}}