{"id":976951,"date":"2024-01-29T09:23:33","date_gmt":"2024-01-29T08:23:33","guid":{"rendered":"https:\/\/hubsch-interior.com\/product\/product\/"},"modified":"2026-04-06T04:49:48","modified_gmt":"2026-04-06T02:49:48","slug":"forma-skrivebord-natur","status":"publish","type":"product","link":"https:\/\/hubsch-interior.com\/da\/vare\/forma-skrivebord-natur\/","title":{"rendered":"Forma Skrivebord Natur"},"content":{"rendered":"<p>Forma Skrivebord er det ultimative multifunktionelle m\u00f8bel til dit hjemmekontor. FSC-certificeret egetr\u00e6sfiner tilf\u00f8jer den et varmt og b\u00e6redygtigt touch til dit rum. De modige og lige linjer g\u00f8r dette bord til en unik hybrid, der b\u00e5de fungerer som skrivebord og et stilfuldt m\u00f8bel. Med sin specielle funktion af at vise b\u00f8ger og magasiner p\u00e5 forsiden af bordet, er det en l\u00e6nge ventet tilf\u00f8jelse til dit hjem. Lavet af holdbart og stabilt egetr\u00e6sfiner, er dette bord ikke kun smukt, men ogs\u00e5 praktisk.<\/p>\n","protected":false},"excerpt":{"rendered":"<p>Forma Skrivebord er det ultimative multifunktionelle m\u00f8bel til dit hjemmekontor. FSC-certificeret egetr\u00e6sfiner tilf\u00f8jer den et varmt og b\u00e6redygtigt touch til dit rum. De modige og lige linjer g\u00f8r dette bord til en unik hybrid, der b\u00e5de fungerer som skrivebord og et stilfuldt m\u00f8bel. Med sin specielle funktion af at vise b\u00f8ger og magasiner p\u00e5 forsiden [&hellip;]<\/p>\n","protected":false},"featured_media":1103479,"template":"","meta":{"_acf_changed":false,"inline_featured_image":false},"product_brand":[],"product_cat":[6880,6895,6891,6321,2857,2904],"product_tag":[],"class_list":{"0":"post-976951","1":"product","2":"type-product","3":"status-publish","4":"has-post-thumbnail","6":"product_cat-elevating-nostalgia-da","7":"product_cat-forma-serien-da","8":"product_cat-multifunktionelle-moebler-da","9":"product_cat-fsc-da","10":"product_cat-borde-da","11":"product_cat-skriveborde-da","12":"product_shipping_class-p05","14":"pa_color-natur-2","15":"pa_material-mdf-da","16":"pa_material-egetrsfiner","18":"first","19":"instock","20":"taxable","21":"shipping-taxable","22":"purchasable","23":"product-type-simple"},"exclude_global_add_ons":[],"addons":[],"acf":[],"yoast_head":"<!-- This site is optimized with the Yoast SEO plugin v26.4 - https:\/\/yoast.com\/wordpress\/plugins\/seo\/ -->\n<title>Forma Skrivebord Natur - H\u00fcbsch<\/title>\n<meta name=\"description\" content=\"Forma Skrivebord er det ultimative multifunktionelle m\u00f8bel til dit hjemmekontor. FSC-certificeret egetr\u00e6sfiner tilf\u00f8jer den et varmt og b\u00e6redygtigt touch\" \/>\n<meta name=\"robots\" content=\"index, follow, max-snippet:-1, max-image-preview:large, max-video-preview:-1\" \/>\n<link rel=\"canonical\" href=\"https:\/\/hubsch-interior.com\/da\/wp-json\/wp\/v2\/product\/976951\" \/>\n<meta property=\"og:locale\" content=\"da_DK\" \/>\n<meta property=\"og:type\" content=\"article\" \/>\n<meta property=\"og:title\" content=\"Forma Skrivebord Natur - H\u00fcbsch\" \/>\n<meta property=\"og:description\" content=\"Forma Skrivebord er det ultimative multifunktionelle m\u00f8bel til dit hjemmekontor. FSC-certificeret egetr\u00e6sfiner tilf\u00f8jer den et varmt og b\u00e6redygtigt touch\" \/>\n<meta property=\"og:url\" content=\"https:\/\/hubsch-interior.com\/da\/vare\/forma-skrivebord-natur\/\" \/>\n<meta property=\"og:site_name\" content=\"H\u00fcbsch\" \/>\n<meta property=\"article:modified_time\" content=\"2026-04-06T02:49:48+00:00\" \/>\n<meta property=\"og:image\" content=\"https:\/\/hubsch-interior.com\/wp-content\/uploads\/2024\/03\/forma-desk-natural-ac95e32fe5bef6e4af5256327b378e99.jpg\" \/>\n\t<meta property=\"og:image:width\" content=\"1200\" \/>\n\t<meta property=\"og:image:height\" content=\"1200\" \/>\n\t<meta property=\"og:image:type\" content=\"image\/jpeg\" \/>\n<meta name=\"twitter:card\" content=\"summary_large_image\" \/>\n<script type=\"application\/ld+json\" class=\"yoast-schema-graph\">{\"@context\":\"https:\/\/schema.org\",\"@graph\":[{\"@type\":\"WebPage\",\"@id\":\"https:\/\/hubsch-interior.com\/da\/vare\/forma-skrivebord-natur\/\",\"url\":\"https:\/\/hubsch-interior.com\/da\/vare\/forma-skrivebord-natur\/\",\"name\":\"Forma Skrivebord Natur - H\u00fcbsch\",\"isPartOf\":{\"@id\":\"https:\/\/hubsch-interior.com\/da\/#website\"},\"primaryImageOfPage\":{\"@id\":\"https:\/\/hubsch-interior.com\/da\/vare\/forma-skrivebord-natur\/#primaryimage\"},\"image\":{\"@id\":\"https:\/\/hubsch-interior.com\/da\/vare\/forma-skrivebord-natur\/#primaryimage\"},\"thumbnailUrl\":\"https:\/\/hubsch-interior.com\/wp-content\/uploads\/2026\/02\/forma-desk-natural-0ad805bfd3f48524788927516638eaf0.jpg\",\"datePublished\":\"2024-01-29T08:23:33+00:00\",\"dateModified\":\"2026-04-06T02:49:48+00:00\",\"description\":\"Forma Skrivebord er det ultimative multifunktionelle m\u00f8bel til dit hjemmekontor. FSC-certificeret egetr\u00e6sfiner tilf\u00f8jer den et varmt og b\u00e6redygtigt touch\",\"breadcrumb\":{\"@id\":\"https:\/\/hubsch-interior.com\/da\/vare\/forma-skrivebord-natur\/#breadcrumb\"},\"inLanguage\":\"da-DK\",\"potentialAction\":[{\"@type\":\"ReadAction\",\"target\":[\"https:\/\/hubsch-interior.com\/da\/vare\/forma-skrivebord-natur\/\"]}]},{\"@type\":\"ImageObject\",\"inLanguage\":\"da-DK\",\"@id\":\"https:\/\/hubsch-interior.com\/da\/vare\/forma-skrivebord-natur\/#primaryimage\",\"url\":\"https:\/\/hubsch-interior.com\/wp-content\/uploads\/2026\/02\/forma-desk-natural-0ad805bfd3f48524788927516638eaf0.jpg\",\"contentUrl\":\"https:\/\/hubsch-interior.com\/wp-content\/uploads\/2026\/02\/forma-desk-natural-0ad805bfd3f48524788927516638eaf0.jpg\",\"width\":1024,\"height\":1024},{\"@type\":\"BreadcrumbList\",\"@id\":\"https:\/\/hubsch-interior.com\/da\/vare\/forma-skrivebord-natur\/#breadcrumb\",\"itemListElement\":[{\"@type\":\"ListItem\",\"position\":1,\"name\":\"Forside\",\"item\":\"https:\/\/hubsch-interior.com\/da\/\"},{\"@type\":\"ListItem\",\"position\":2,\"name\":\"Produkter\",\"item\":\"https:\/\/hubsch-interior.com\/da\/produkter\/\"},{\"@type\":\"ListItem\",\"position\":3,\"name\":\"M\u00f8bler\",\"item\":\"https:\/\/hubsch-interior.com\/da\/vare-kategori\/mobler\/\"},{\"@type\":\"ListItem\",\"position\":4,\"name\":\"Borde\",\"item\":\"https:\/\/hubsch-interior.com\/da\/vare-kategori\/mobler\/borde-da\/\"},{\"@type\":\"ListItem\",\"position\":5,\"name\":\"Skriveborde\",\"item\":\"https:\/\/hubsch-interior.com\/da\/vare-kategori\/mobler\/borde-da\/skriveborde-da\/\"},{\"@type\":\"ListItem\",\"position\":6,\"name\":\"Forma Skrivebord Natur\"}]},{\"@type\":\"WebSite\",\"@id\":\"https:\/\/hubsch-interior.com\/da\/#website\",\"url\":\"https:\/\/hubsch-interior.com\/da\/\",\"name\":\"H\u00fcbsch\",\"description\":\"Danish Home Interior and Design\",\"publisher\":{\"@id\":\"https:\/\/hubsch-interior.com\/da\/#organization\"},\"potentialAction\":[{\"@type\":\"SearchAction\",\"target\":{\"@type\":\"EntryPoint\",\"urlTemplate\":\"https:\/\/hubsch-interior.com\/da\/?s={search_term_string}\"},\"query-input\":{\"@type\":\"PropertyValueSpecification\",\"valueRequired\":true,\"valueName\":\"search_term_string\"}}],\"inLanguage\":\"da-DK\"},{\"@type\":\"Organization\",\"@id\":\"https:\/\/hubsch-interior.com\/da\/#organization\",\"name\":\"H\u00fcbsch\",\"url\":\"https:\/\/hubsch-interior.com\/da\/\",\"logo\":{\"@type\":\"ImageObject\",\"inLanguage\":\"da-DK\",\"@id\":\"https:\/\/hubsch-interior.com\/da\/#\/schema\/logo\/image\/\",\"url\":\"https:\/\/hubsch-interior.com\/wp-content\/uploads\/2022\/12\/Hubsch_logo_black_one_line.svg\",\"contentUrl\":\"https:\/\/hubsch-interior.com\/wp-content\/uploads\/2022\/12\/Hubsch_logo_black_one_line.svg\",\"caption\":\"H\u00fcbsch\"},\"image\":{\"@id\":\"https:\/\/hubsch-interior.com\/da\/#\/schema\/logo\/image\/\"}}]}<\/script>\n<!-- \/ Yoast SEO plugin. -->","yoast_head_json":{"title":"Forma Skrivebord Natur - H\u00fcbsch","description":"Forma Skrivebord er det ultimative multifunktionelle m\u00f8bel til dit hjemmekontor. FSC-certificeret egetr\u00e6sfiner tilf\u00f8jer den et varmt og b\u00e6redygtigt touch","robots":{"index":"index","follow":"follow","max-snippet":"max-snippet:-1","max-image-preview":"max-image-preview:large","max-video-preview":"max-video-preview:-1"},"canonical":"https:\/\/hubsch-interior.com\/da\/wp-json\/wp\/v2\/product\/976951","og_locale":"da_DK","og_type":"article","og_title":"Forma Skrivebord Natur - H\u00fcbsch","og_description":"Forma Skrivebord er det ultimative multifunktionelle m\u00f8bel til dit hjemmekontor. FSC-certificeret egetr\u00e6sfiner tilf\u00f8jer den et varmt og b\u00e6redygtigt touch","og_url":"https:\/\/hubsch-interior.com\/da\/vare\/forma-skrivebord-natur\/","og_site_name":"H\u00fcbsch","article_modified_time":"2026-04-06T02:49:48+00:00","og_image":[{"width":1200,"height":1200,"url":"https:\/\/hubsch-interior.com\/wp-content\/uploads\/2024\/03\/forma-desk-natural-ac95e32fe5bef6e4af5256327b378e99.jpg","type":"image\/jpeg"}],"twitter_card":"summary_large_image","schema":{"@context":"https:\/\/schema.org","@graph":[{"@type":"WebPage","@id":"https:\/\/hubsch-interior.com\/da\/vare\/forma-skrivebord-natur\/","url":"https:\/\/hubsch-interior.com\/da\/vare\/forma-skrivebord-natur\/","name":"Forma Skrivebord Natur - H\u00fcbsch","isPartOf":{"@id":"https:\/\/hubsch-interior.com\/da\/#website"},"primaryImageOfPage":{"@id":"https:\/\/hubsch-interior.com\/da\/vare\/forma-skrivebord-natur\/#primaryimage"},"image":{"@id":"https:\/\/hubsch-interior.com\/da\/vare\/forma-skrivebord-natur\/#primaryimage"},"thumbnailUrl":"https:\/\/hubsch-interior.com\/wp-content\/uploads\/2026\/02\/forma-desk-natural-0ad805bfd3f48524788927516638eaf0.jpg","datePublished":"2024-01-29T08:23:33+00:00","dateModified":"2026-04-06T02:49:48+00:00","description":"Forma Skrivebord er det ultimative multifunktionelle m\u00f8bel til dit hjemmekontor. FSC-certificeret egetr\u00e6sfiner tilf\u00f8jer den et varmt og b\u00e6redygtigt touch","breadcrumb":{"@id":"https:\/\/hubsch-interior.com\/da\/vare\/forma-skrivebord-natur\/#breadcrumb"},"inLanguage":"da-DK","potentialAction":[{"@type":"ReadAction","target":["https:\/\/hubsch-interior.com\/da\/vare\/forma-skrivebord-natur\/"]}]},{"@type":"ImageObject","inLanguage":"da-DK","@id":"https:\/\/hubsch-interior.com\/da\/vare\/forma-skrivebord-natur\/#primaryimage","url":"https:\/\/hubsch-interior.com\/wp-content\/uploads\/2026\/02\/forma-desk-natural-0ad805bfd3f48524788927516638eaf0.jpg","contentUrl":"https:\/\/hubsch-interior.com\/wp-content\/uploads\/2026\/02\/forma-desk-natural-0ad805bfd3f48524788927516638eaf0.jpg","width":1024,"height":1024},{"@type":"BreadcrumbList","@id":"https:\/\/hubsch-interior.com\/da\/vare\/forma-skrivebord-natur\/#breadcrumb","itemListElement":[{"@type":"ListItem","position":1,"name":"Forside","item":"https:\/\/hubsch-interior.com\/da\/"},{"@type":"ListItem","position":2,"name":"Produkter","item":"https:\/\/hubsch-interior.com\/da\/produkter\/"},{"@type":"ListItem","position":3,"name":"M\u00f8bler","item":"https:\/\/hubsch-interior.com\/da\/vare-kategori\/mobler\/"},{"@type":"ListItem","position":4,"name":"Borde","item":"https:\/\/hubsch-interior.com\/da\/vare-kategori\/mobler\/borde-da\/"},{"@type":"ListItem","position":5,"name":"Skriveborde","item":"https:\/\/hubsch-interior.com\/da\/vare-kategori\/mobler\/borde-da\/skriveborde-da\/"},{"@type":"ListItem","position":6,"name":"Forma Skrivebord Natur"}]},{"@type":"WebSite","@id":"https:\/\/hubsch-interior.com\/da\/#website","url":"https:\/\/hubsch-interior.com\/da\/","name":"H\u00fcbsch","description":"Danish Home Interior and Design","publisher":{"@id":"https:\/\/hubsch-interior.com\/da\/#organization"},"potentialAction":[{"@type":"SearchAction","target":{"@type":"EntryPoint","urlTemplate":"https:\/\/hubsch-interior.com\/da\/?s={search_term_string}"},"query-input":{"@type":"PropertyValueSpecification","valueRequired":true,"valueName":"search_term_string"}}],"inLanguage":"da-DK"},{"@type":"Organization","@id":"https:\/\/hubsch-interior.com\/da\/#organization","name":"H\u00fcbsch","url":"https:\/\/hubsch-interior.com\/da\/","logo":{"@type":"ImageObject","inLanguage":"da-DK","@id":"https:\/\/hubsch-interior.com\/da\/#\/schema\/logo\/image\/","url":"https:\/\/hubsch-interior.com\/wp-content\/uploads\/2022\/12\/Hubsch_logo_black_one_line.svg","contentUrl":"https:\/\/hubsch-interior.com\/wp-content\/uploads\/2022\/12\/Hubsch_logo_black_one_line.svg","caption":"H\u00fcbsch"},"image":{"@id":"https:\/\/hubsch-interior.com\/da\/#\/schema\/logo\/image\/"}}]}},"_links":{"self":[{"href":"https:\/\/hubsch-interior.com\/da\/wp-json\/wp\/v2\/product\/976951","targetHints":{"allow":["GET"]}}],"collection":[{"href":"https:\/\/hubsch-interior.com\/da\/wp-json\/wp\/v2\/product"}],"about":[{"href":"https:\/\/hubsch-interior.com\/da\/wp-json\/wp\/v2\/types\/product"}],"wp:featuredmedia":[{"embeddable":true,"href":"https:\/\/hubsch-interior.com\/da\/wp-json\/wp\/v2\/media\/1103479"}],"wp:attachment":[{"href":"https:\/\/hubsch-interior.com\/da\/wp-json\/wp\/v2\/media?parent=976951"}],"wp:term":[{"taxonomy":"product_brand","embeddable":true,"href":"https:\/\/hubsch-interior.com\/da\/wp-json\/wp\/v2\/product_brand?post=976951"},{"taxonomy":"product_cat","embeddable":true,"href":"https:\/\/hubsch-interior.com\/da\/wp-json\/wp\/v2\/product_cat?post=976951"},{"taxonomy":"product_tag","embeddable":true,"href":"https:\/\/hubsch-interior.com\/da\/wp-json\/wp\/v2\/product_tag?post=976951"}],"curies":[{"name":"wp","href":"https:\/\/api.w.org\/{rel}","templated":true}]}}