{"id":976979,"date":"2024-01-29T09:23:42","date_gmt":"2024-01-29T08:23:42","guid":{"rendered":"https:\/\/hubsch-interior.com\/product\/product\/"},"modified":"2026-04-08T04:51:40","modified_gmt":"2026-04-08T02:51:40","slug":"forma-skab-natur","status":"publish","type":"product","link":"https:\/\/hubsch-interior.com\/da\/vare\/forma-skab-natur\/","title":{"rendered":"Forma Skab Natur"},"content":{"rendered":"<p>Forma Skabet er et multifunktionelt m\u00f8bel, der kombinerer tidl\u00f8st design med moderne funktionalitet. Det er lavet af smukt FSC-certificeret egetr\u00e6, der passer godt ind i enhver indretning. Skabet har to hylder, hvor du kan udstille dine yndlingsb\u00f8ger og magasiner, og der er ogs\u00e5 en magasinholder tilf\u00f8jet foran, s\u00e5 du kan organisere dine b\u00f8ger p\u00e5 en elegant m\u00e5de. Med forskellige niveauer af udstillingsmuligheder er Forma Skabet den perfekte m\u00e5de at vise din personlighed og stil frem p\u00e5 i dit hjem. Lavet af egetr\u00e6sfiner og massivt egetr\u00e6, er dette skab ikke kun smukt, men ogs\u00e5 holdbart.<\/p>\n","protected":false},"excerpt":{"rendered":"<p>Forma Skabet er et multifunktionelt m\u00f8bel, der kombinerer tidl\u00f8st design med moderne funktionalitet. Det er lavet af smukt FSC-certificeret egetr\u00e6, der passer godt ind i enhver indretning. Skabet har to hylder, hvor du kan udstille dine yndlingsb\u00f8ger og magasiner, og der er ogs\u00e5 en magasinholder tilf\u00f8jet foran, s\u00e5 du kan organisere dine b\u00f8ger p\u00e5 en [&hellip;]<\/p>\n","protected":false},"featured_media":1103507,"template":"","meta":{"_acf_changed":false,"inline_featured_image":false},"product_brand":[],"product_cat":[5025,6880,6895,4919,6891,3999],"product_tag":[],"class_list":{"0":"post-976979","1":"product","2":"type-product","3":"status-publish","4":"has-post-thumbnail","6":"product_cat-bestsellers-da","7":"product_cat-elevating-nostalgia-da","8":"product_cat-forma-serien-da","9":"product_cat-kommoder-skaenke-da","10":"product_cat-multifunktionelle-moebler-da","11":"product_cat-reoler-opbevaring-da","12":"product_shipping_class-p05","13":"pa_color-natur-2","14":"pa_material-egetr","15":"pa_material-egetrsfiner","16":"pa_material-mdf-da","18":"first","19":"outofstock","20":"featured","21":"taxable","22":"shipping-taxable","23":"purchasable","24":"product-type-simple"},"exclude_global_add_ons":[],"addons":[],"acf":[],"yoast_head":"<!-- This site is optimized with the Yoast SEO plugin v26.4 - https:\/\/yoast.com\/wordpress\/plugins\/seo\/ -->\n<title>Forma Skab Natur - H\u00fcbsch<\/title>\n<meta name=\"description\" content=\"Forma Skabet er et multifunktionelt m\u00f8bel, der kombinerer tidl\u00f8st design med moderne funktionalitet. Det er lavet af smukt FSC-certificeret egetr\u00e6, der\" \/>\n<meta name=\"robots\" content=\"index, follow, max-snippet:-1, max-image-preview:large, max-video-preview:-1\" \/>\n<link rel=\"canonical\" href=\"https:\/\/hubsch-interior.com\/da\/wp-json\/wp\/v2\/product\/976979\" \/>\n<meta property=\"og:locale\" content=\"da_DK\" \/>\n<meta property=\"og:type\" content=\"article\" \/>\n<meta property=\"og:title\" content=\"Forma Skab Natur - H\u00fcbsch\" \/>\n<meta property=\"og:description\" content=\"Forma Skabet er et multifunktionelt m\u00f8bel, der kombinerer tidl\u00f8st design med moderne funktionalitet. Det er lavet af smukt FSC-certificeret egetr\u00e6, der\" \/>\n<meta property=\"og:url\" content=\"https:\/\/hubsch-interior.com\/da\/vare\/forma-skab-natur\/\" \/>\n<meta property=\"og:site_name\" content=\"H\u00fcbsch\" \/>\n<meta property=\"article:modified_time\" content=\"2026-04-08T02:51:40+00:00\" \/>\n<meta property=\"og:image\" content=\"https:\/\/hubsch-interior.com\/wp-content\/uploads\/2024\/01\/forma-cabinet-natural-a77133f7517499d1420c6c3dd6939fbc.jpg\" \/>\n\t<meta property=\"og:image:width\" content=\"1200\" \/>\n\t<meta property=\"og:image:height\" content=\"1200\" \/>\n\t<meta property=\"og:image:type\" content=\"image\/jpeg\" \/>\n<meta name=\"twitter:card\" content=\"summary_large_image\" \/>\n<meta name=\"twitter:label1\" content=\"Estimeret l\u00e6setid\" \/>\n\t<meta name=\"twitter:data1\" content=\"1 minut\" \/>\n<script type=\"application\/ld+json\" class=\"yoast-schema-graph\">{\"@context\":\"https:\/\/schema.org\",\"@graph\":[{\"@type\":\"WebPage\",\"@id\":\"https:\/\/hubsch-interior.com\/da\/vare\/forma-skab-natur\/\",\"url\":\"https:\/\/hubsch-interior.com\/da\/vare\/forma-skab-natur\/\",\"name\":\"Forma Skab Natur - H\u00fcbsch\",\"isPartOf\":{\"@id\":\"https:\/\/hubsch-interior.com\/da\/#website\"},\"primaryImageOfPage\":{\"@id\":\"https:\/\/hubsch-interior.com\/da\/vare\/forma-skab-natur\/#primaryimage\"},\"image\":{\"@id\":\"https:\/\/hubsch-interior.com\/da\/vare\/forma-skab-natur\/#primaryimage\"},\"thumbnailUrl\":\"https:\/\/hubsch-interior.com\/wp-content\/uploads\/2026\/02\/forma-cabinet-natural-f504164fb124ad812578a4ade708bc33.jpg\",\"datePublished\":\"2024-01-29T08:23:42+00:00\",\"dateModified\":\"2026-04-08T02:51:40+00:00\",\"description\":\"Forma Skabet er et multifunktionelt m\u00f8bel, der kombinerer tidl\u00f8st design med moderne funktionalitet. Det er lavet af smukt FSC-certificeret egetr\u00e6, der\",\"breadcrumb\":{\"@id\":\"https:\/\/hubsch-interior.com\/da\/vare\/forma-skab-natur\/#breadcrumb\"},\"inLanguage\":\"da-DK\",\"potentialAction\":[{\"@type\":\"ReadAction\",\"target\":[\"https:\/\/hubsch-interior.com\/da\/vare\/forma-skab-natur\/\"]}]},{\"@type\":\"ImageObject\",\"inLanguage\":\"da-DK\",\"@id\":\"https:\/\/hubsch-interior.com\/da\/vare\/forma-skab-natur\/#primaryimage\",\"url\":\"https:\/\/hubsch-interior.com\/wp-content\/uploads\/2026\/02\/forma-cabinet-natural-f504164fb124ad812578a4ade708bc33.jpg\",\"contentUrl\":\"https:\/\/hubsch-interior.com\/wp-content\/uploads\/2026\/02\/forma-cabinet-natural-f504164fb124ad812578a4ade708bc33.jpg\",\"width\":1024,\"height\":1024},{\"@type\":\"BreadcrumbList\",\"@id\":\"https:\/\/hubsch-interior.com\/da\/vare\/forma-skab-natur\/#breadcrumb\",\"itemListElement\":[{\"@type\":\"ListItem\",\"position\":1,\"name\":\"Forside\",\"item\":\"https:\/\/hubsch-interior.com\/da\/\"},{\"@type\":\"ListItem\",\"position\":2,\"name\":\"Produkter\",\"item\":\"https:\/\/hubsch-interior.com\/da\/produkter\/\"},{\"@type\":\"ListItem\",\"position\":3,\"name\":\"M\u00f8bler\",\"item\":\"https:\/\/hubsch-interior.com\/da\/vare-kategori\/mobler\/\"},{\"@type\":\"ListItem\",\"position\":4,\"name\":\"Reoler &amp; opbevaring\",\"item\":\"https:\/\/hubsch-interior.com\/da\/vare-kategori\/mobler\/reoler-opbevaring-da\/\"},{\"@type\":\"ListItem\",\"position\":5,\"name\":\"Kommoder &amp; sk&aelig;nke\",\"item\":\"https:\/\/hubsch-interior.com\/da\/vare-kategori\/mobler\/reoler-opbevaring-da\/kommoder-skaenke-da\/\"},{\"@type\":\"ListItem\",\"position\":6,\"name\":\"Forma Skab Natur\"}]},{\"@type\":\"WebSite\",\"@id\":\"https:\/\/hubsch-interior.com\/da\/#website\",\"url\":\"https:\/\/hubsch-interior.com\/da\/\",\"name\":\"H\u00fcbsch\",\"description\":\"Danish Home Interior and Design\",\"publisher\":{\"@id\":\"https:\/\/hubsch-interior.com\/da\/#organization\"},\"potentialAction\":[{\"@type\":\"SearchAction\",\"target\":{\"@type\":\"EntryPoint\",\"urlTemplate\":\"https:\/\/hubsch-interior.com\/da\/?s={search_term_string}\"},\"query-input\":{\"@type\":\"PropertyValueSpecification\",\"valueRequired\":true,\"valueName\":\"search_term_string\"}}],\"inLanguage\":\"da-DK\"},{\"@type\":\"Organization\",\"@id\":\"https:\/\/hubsch-interior.com\/da\/#organization\",\"name\":\"H\u00fcbsch\",\"url\":\"https:\/\/hubsch-interior.com\/da\/\",\"logo\":{\"@type\":\"ImageObject\",\"inLanguage\":\"da-DK\",\"@id\":\"https:\/\/hubsch-interior.com\/da\/#\/schema\/logo\/image\/\",\"url\":\"https:\/\/hubsch-interior.com\/wp-content\/uploads\/2022\/12\/Hubsch_logo_black_one_line.svg\",\"contentUrl\":\"https:\/\/hubsch-interior.com\/wp-content\/uploads\/2022\/12\/Hubsch_logo_black_one_line.svg\",\"caption\":\"H\u00fcbsch\"},\"image\":{\"@id\":\"https:\/\/hubsch-interior.com\/da\/#\/schema\/logo\/image\/\"}}]}<\/script>\n<!-- \/ Yoast SEO plugin. -->","yoast_head_json":{"title":"Forma Skab Natur - H\u00fcbsch","description":"Forma Skabet er et multifunktionelt m\u00f8bel, der kombinerer tidl\u00f8st design med moderne funktionalitet. Det er lavet af smukt FSC-certificeret egetr\u00e6, der","robots":{"index":"index","follow":"follow","max-snippet":"max-snippet:-1","max-image-preview":"max-image-preview:large","max-video-preview":"max-video-preview:-1"},"canonical":"https:\/\/hubsch-interior.com\/da\/wp-json\/wp\/v2\/product\/976979","og_locale":"da_DK","og_type":"article","og_title":"Forma Skab Natur - H\u00fcbsch","og_description":"Forma Skabet er et multifunktionelt m\u00f8bel, der kombinerer tidl\u00f8st design med moderne funktionalitet. Det er lavet af smukt FSC-certificeret egetr\u00e6, der","og_url":"https:\/\/hubsch-interior.com\/da\/vare\/forma-skab-natur\/","og_site_name":"H\u00fcbsch","article_modified_time":"2026-04-08T02:51:40+00:00","og_image":[{"width":1200,"height":1200,"url":"https:\/\/hubsch-interior.com\/wp-content\/uploads\/2024\/01\/forma-cabinet-natural-a77133f7517499d1420c6c3dd6939fbc.jpg","type":"image\/jpeg"}],"twitter_card":"summary_large_image","twitter_misc":{"Estimeret l\u00e6setid":"1 minut"},"schema":{"@context":"https:\/\/schema.org","@graph":[{"@type":"WebPage","@id":"https:\/\/hubsch-interior.com\/da\/vare\/forma-skab-natur\/","url":"https:\/\/hubsch-interior.com\/da\/vare\/forma-skab-natur\/","name":"Forma Skab Natur - H\u00fcbsch","isPartOf":{"@id":"https:\/\/hubsch-interior.com\/da\/#website"},"primaryImageOfPage":{"@id":"https:\/\/hubsch-interior.com\/da\/vare\/forma-skab-natur\/#primaryimage"},"image":{"@id":"https:\/\/hubsch-interior.com\/da\/vare\/forma-skab-natur\/#primaryimage"},"thumbnailUrl":"https:\/\/hubsch-interior.com\/wp-content\/uploads\/2026\/02\/forma-cabinet-natural-f504164fb124ad812578a4ade708bc33.jpg","datePublished":"2024-01-29T08:23:42+00:00","dateModified":"2026-04-08T02:51:40+00:00","description":"Forma Skabet er et multifunktionelt m\u00f8bel, der kombinerer tidl\u00f8st design med moderne funktionalitet. Det er lavet af smukt FSC-certificeret egetr\u00e6, der","breadcrumb":{"@id":"https:\/\/hubsch-interior.com\/da\/vare\/forma-skab-natur\/#breadcrumb"},"inLanguage":"da-DK","potentialAction":[{"@type":"ReadAction","target":["https:\/\/hubsch-interior.com\/da\/vare\/forma-skab-natur\/"]}]},{"@type":"ImageObject","inLanguage":"da-DK","@id":"https:\/\/hubsch-interior.com\/da\/vare\/forma-skab-natur\/#primaryimage","url":"https:\/\/hubsch-interior.com\/wp-content\/uploads\/2026\/02\/forma-cabinet-natural-f504164fb124ad812578a4ade708bc33.jpg","contentUrl":"https:\/\/hubsch-interior.com\/wp-content\/uploads\/2026\/02\/forma-cabinet-natural-f504164fb124ad812578a4ade708bc33.jpg","width":1024,"height":1024},{"@type":"BreadcrumbList","@id":"https:\/\/hubsch-interior.com\/da\/vare\/forma-skab-natur\/#breadcrumb","itemListElement":[{"@type":"ListItem","position":1,"name":"Forside","item":"https:\/\/hubsch-interior.com\/da\/"},{"@type":"ListItem","position":2,"name":"Produkter","item":"https:\/\/hubsch-interior.com\/da\/produkter\/"},{"@type":"ListItem","position":3,"name":"M\u00f8bler","item":"https:\/\/hubsch-interior.com\/da\/vare-kategori\/mobler\/"},{"@type":"ListItem","position":4,"name":"Reoler &amp; opbevaring","item":"https:\/\/hubsch-interior.com\/da\/vare-kategori\/mobler\/reoler-opbevaring-da\/"},{"@type":"ListItem","position":5,"name":"Kommoder &amp; sk&aelig;nke","item":"https:\/\/hubsch-interior.com\/da\/vare-kategori\/mobler\/reoler-opbevaring-da\/kommoder-skaenke-da\/"},{"@type":"ListItem","position":6,"name":"Forma Skab Natur"}]},{"@type":"WebSite","@id":"https:\/\/hubsch-interior.com\/da\/#website","url":"https:\/\/hubsch-interior.com\/da\/","name":"H\u00fcbsch","description":"Danish Home Interior and Design","publisher":{"@id":"https:\/\/hubsch-interior.com\/da\/#organization"},"potentialAction":[{"@type":"SearchAction","target":{"@type":"EntryPoint","urlTemplate":"https:\/\/hubsch-interior.com\/da\/?s={search_term_string}"},"query-input":{"@type":"PropertyValueSpecification","valueRequired":true,"valueName":"search_term_string"}}],"inLanguage":"da-DK"},{"@type":"Organization","@id":"https:\/\/hubsch-interior.com\/da\/#organization","name":"H\u00fcbsch","url":"https:\/\/hubsch-interior.com\/da\/","logo":{"@type":"ImageObject","inLanguage":"da-DK","@id":"https:\/\/hubsch-interior.com\/da\/#\/schema\/logo\/image\/","url":"https:\/\/hubsch-interior.com\/wp-content\/uploads\/2022\/12\/Hubsch_logo_black_one_line.svg","contentUrl":"https:\/\/hubsch-interior.com\/wp-content\/uploads\/2022\/12\/Hubsch_logo_black_one_line.svg","caption":"H\u00fcbsch"},"image":{"@id":"https:\/\/hubsch-interior.com\/da\/#\/schema\/logo\/image\/"}}]}},"_links":{"self":[{"href":"https:\/\/hubsch-interior.com\/da\/wp-json\/wp\/v2\/product\/976979","targetHints":{"allow":["GET"]}}],"collection":[{"href":"https:\/\/hubsch-interior.com\/da\/wp-json\/wp\/v2\/product"}],"about":[{"href":"https:\/\/hubsch-interior.com\/da\/wp-json\/wp\/v2\/types\/product"}],"wp:featuredmedia":[{"embeddable":true,"href":"https:\/\/hubsch-interior.com\/da\/wp-json\/wp\/v2\/media\/1103507"}],"wp:attachment":[{"href":"https:\/\/hubsch-interior.com\/da\/wp-json\/wp\/v2\/media?parent=976979"}],"wp:term":[{"taxonomy":"product_brand","embeddable":true,"href":"https:\/\/hubsch-interior.com\/da\/wp-json\/wp\/v2\/product_brand?post=976979"},{"taxonomy":"product_cat","embeddable":true,"href":"https:\/\/hubsch-interior.com\/da\/wp-json\/wp\/v2\/product_cat?post=976979"},{"taxonomy":"product_tag","embeddable":true,"href":"https:\/\/hubsch-interior.com\/da\/wp-json\/wp\/v2\/product_tag?post=976979"}],"curies":[{"name":"wp","href":"https:\/\/api.w.org\/{rel}","templated":true}]}}