{"id":977063,"date":"2024-01-29T09:24:31","date_gmt":"2024-01-29T08:24:31","guid":{"rendered":"https:\/\/hubsch-interior.com\/product\/product\/"},"modified":"2026-04-05T04:54:49","modified_gmt":"2026-04-05T02:54:49","slug":"forma-baenk-sand-natur","status":"publish","type":"product","link":"https:\/\/hubsch-interior.com\/da\/vare\/forma-baenk-sand-natur\/","title":{"rendered":"Forma B\u00e6nk Sand\/Natur"},"content":{"rendered":"<p>Forma B\u00e6nk er en multifunktionel og stilfuld tilf\u00f8jelse til dit hjem. Puden p\u00e5 b\u00e6nken har en sandfarvet tone og er lavet i polyester som g\u00f8r den utrolig slidst\u00e6rk. B\u00e6nken er lavet af FSC-certificeret egetr\u00e6 og egetr\u00e6sfiner. Det skarpe og kantede design giver et moderne touch til ethvert rum. Den kan bruges i entr\u00e9en, k\u00f8kkenet eller b\u00f8rnev\u00e6relset. Den rummelige opbevaringsplads under s\u00e6det giver dig mulighed for at organisere dine ejendele effektivt. Med sin elegante kombination af siddeplads og opbevaring er denne b\u00e6nk b\u00e5de robust, holdbar og funktionel. Oplev en ny m\u00e5de at udnytte pladsen p\u00e5 med Forma B\u00e6nk.<\/p>\n","protected":false},"excerpt":{"rendered":"<p>Forma B\u00e6nk er en multifunktionel og stilfuld tilf\u00f8jelse til dit hjem. Puden p\u00e5 b\u00e6nken har en sandfarvet tone og er lavet i polyester som g\u00f8r den utrolig slidst\u00e6rk. B\u00e6nken er lavet af FSC-certificeret egetr\u00e6 og egetr\u00e6sfiner. Det skarpe og kantede design giver et moderne touch til ethvert rum. Den kan bruges i entr\u00e9en, k\u00f8kkenet eller [&hellip;]<\/p>\n","protected":false},"featured_media":1103571,"template":"","meta":{"_acf_changed":false,"inline_featured_image":false},"product_brand":[],"product_cat":[6880,6895,6891,6321,2841,2876,5025],"product_tag":[],"class_list":{"0":"post-977063","1":"product","2":"type-product","3":"status-publish","4":"has-post-thumbnail","6":"product_cat-elevating-nostalgia-da","7":"product_cat-forma-serien-da","8":"product_cat-multifunktionelle-moebler-da","9":"product_cat-fsc-da","10":"product_cat-siddemoebler-da","11":"product_cat-baenke-da","12":"product_cat-bestsellers-da","13":"product_shipping_class-pk","14":"pa_color-sand-da","15":"pa_color-natur-2","16":"pa_material-mdf-da","17":"pa_material-polyester-100-da","18":"pa_material-egetrsfiner","20":"first","21":"instock","22":"featured","23":"taxable","24":"shipping-taxable","25":"purchasable","26":"product-type-simple"},"exclude_global_add_ons":[],"addons":[],"acf":[],"yoast_head":"<!-- This site is optimized with the Yoast SEO plugin v26.4 - https:\/\/yoast.com\/wordpress\/plugins\/seo\/ -->\n<title>Forma B\u00e6nk Sand\/Natur - H\u00fcbsch<\/title>\n<meta name=\"description\" content=\"Forma B\u00e6nk er en multifunktionel og stilfuld tilf\u00f8jelse til dit hjem. Puden p\u00e5 b\u00e6nken har en sandfarvet tone og er lavet i polyester som g\u00f8r den utrolig\" \/>\n<meta name=\"robots\" content=\"index, follow, max-snippet:-1, max-image-preview:large, max-video-preview:-1\" \/>\n<link rel=\"canonical\" href=\"https:\/\/hubsch-interior.com\/da\/wp-json\/wp\/v2\/product\/977063\" \/>\n<meta property=\"og:locale\" content=\"da_DK\" \/>\n<meta property=\"og:type\" content=\"article\" \/>\n<meta property=\"og:title\" content=\"Forma B\u00e6nk Sand\/Natur - H\u00fcbsch\" \/>\n<meta property=\"og:description\" content=\"Forma B\u00e6nk er en multifunktionel og stilfuld tilf\u00f8jelse til dit hjem. Puden p\u00e5 b\u00e6nken har en sandfarvet tone og er lavet i polyester som g\u00f8r den utrolig\" \/>\n<meta property=\"og:url\" content=\"https:\/\/hubsch-interior.com\/da\/vare\/forma-baenk-sand-natur\/\" \/>\n<meta property=\"og:site_name\" content=\"H\u00fcbsch\" \/>\n<meta property=\"article:modified_time\" content=\"2026-04-05T02:54:49+00:00\" \/>\n<meta property=\"og:image\" content=\"https:\/\/hubsch-interior.com\/wp-content\/uploads\/2026\/02\/forma-bench-sandnatural-c64a48cdbf3fd097913aeccacc455148.jpg\" \/>\n\t<meta property=\"og:image:width\" content=\"1024\" \/>\n\t<meta property=\"og:image:height\" content=\"1024\" \/>\n\t<meta property=\"og:image:type\" content=\"image\/jpeg\" \/>\n<meta name=\"twitter:card\" content=\"summary_large_image\" \/>\n<meta name=\"twitter:label1\" content=\"Estimeret l\u00e6setid\" \/>\n\t<meta name=\"twitter:data1\" content=\"1 minut\" \/>\n<script type=\"application\/ld+json\" class=\"yoast-schema-graph\">{\"@context\":\"https:\/\/schema.org\",\"@graph\":[{\"@type\":\"WebPage\",\"@id\":\"https:\/\/hubsch-interior.com\/da\/vare\/forma-baenk-sand-natur\/\",\"url\":\"https:\/\/hubsch-interior.com\/da\/vare\/forma-baenk-sand-natur\/\",\"name\":\"Forma B\u00e6nk Sand\/Natur - H\u00fcbsch\",\"isPartOf\":{\"@id\":\"https:\/\/hubsch-interior.com\/da\/#website\"},\"primaryImageOfPage\":{\"@id\":\"https:\/\/hubsch-interior.com\/da\/vare\/forma-baenk-sand-natur\/#primaryimage\"},\"image\":{\"@id\":\"https:\/\/hubsch-interior.com\/da\/vare\/forma-baenk-sand-natur\/#primaryimage\"},\"thumbnailUrl\":\"https:\/\/hubsch-interior.com\/wp-content\/uploads\/2026\/02\/forma-bench-sandnatural-c64a48cdbf3fd097913aeccacc455148.jpg\",\"datePublished\":\"2024-01-29T08:24:31+00:00\",\"dateModified\":\"2026-04-05T02:54:49+00:00\",\"description\":\"Forma B\u00e6nk er en multifunktionel og stilfuld tilf\u00f8jelse til dit hjem. Puden p\u00e5 b\u00e6nken har en sandfarvet tone og er lavet i polyester som g\u00f8r den utrolig\",\"breadcrumb\":{\"@id\":\"https:\/\/hubsch-interior.com\/da\/vare\/forma-baenk-sand-natur\/#breadcrumb\"},\"inLanguage\":\"da-DK\",\"potentialAction\":[{\"@type\":\"ReadAction\",\"target\":[\"https:\/\/hubsch-interior.com\/da\/vare\/forma-baenk-sand-natur\/\"]}]},{\"@type\":\"ImageObject\",\"inLanguage\":\"da-DK\",\"@id\":\"https:\/\/hubsch-interior.com\/da\/vare\/forma-baenk-sand-natur\/#primaryimage\",\"url\":\"https:\/\/hubsch-interior.com\/wp-content\/uploads\/2026\/02\/forma-bench-sandnatural-c64a48cdbf3fd097913aeccacc455148.jpg\",\"contentUrl\":\"https:\/\/hubsch-interior.com\/wp-content\/uploads\/2026\/02\/forma-bench-sandnatural-c64a48cdbf3fd097913aeccacc455148.jpg\",\"width\":1024,\"height\":1024},{\"@type\":\"BreadcrumbList\",\"@id\":\"https:\/\/hubsch-interior.com\/da\/vare\/forma-baenk-sand-natur\/#breadcrumb\",\"itemListElement\":[{\"@type\":\"ListItem\",\"position\":1,\"name\":\"Forside\",\"item\":\"https:\/\/hubsch-interior.com\/da\/\"},{\"@type\":\"ListItem\",\"position\":2,\"name\":\"Produkter\",\"item\":\"https:\/\/hubsch-interior.com\/da\/produkter\/\"},{\"@type\":\"ListItem\",\"position\":3,\"name\":\"M\u00f8bler\",\"item\":\"https:\/\/hubsch-interior.com\/da\/vare-kategori\/mobler\/\"},{\"@type\":\"ListItem\",\"position\":4,\"name\":\"Siddem&oslash;bler\",\"item\":\"https:\/\/hubsch-interior.com\/da\/vare-kategori\/mobler\/siddemoebler-da\/\"},{\"@type\":\"ListItem\",\"position\":5,\"name\":\"B&aelig;nke\",\"item\":\"https:\/\/hubsch-interior.com\/da\/vare-kategori\/mobler\/siddemoebler-da\/baenke-da\/\"},{\"@type\":\"ListItem\",\"position\":6,\"name\":\"Forma B\u00e6nk Sand\/Natur\"}]},{\"@type\":\"WebSite\",\"@id\":\"https:\/\/hubsch-interior.com\/da\/#website\",\"url\":\"https:\/\/hubsch-interior.com\/da\/\",\"name\":\"H\u00fcbsch\",\"description\":\"Danish Home Interior and Design\",\"publisher\":{\"@id\":\"https:\/\/hubsch-interior.com\/da\/#organization\"},\"potentialAction\":[{\"@type\":\"SearchAction\",\"target\":{\"@type\":\"EntryPoint\",\"urlTemplate\":\"https:\/\/hubsch-interior.com\/da\/?s={search_term_string}\"},\"query-input\":{\"@type\":\"PropertyValueSpecification\",\"valueRequired\":true,\"valueName\":\"search_term_string\"}}],\"inLanguage\":\"da-DK\"},{\"@type\":\"Organization\",\"@id\":\"https:\/\/hubsch-interior.com\/da\/#organization\",\"name\":\"H\u00fcbsch\",\"url\":\"https:\/\/hubsch-interior.com\/da\/\",\"logo\":{\"@type\":\"ImageObject\",\"inLanguage\":\"da-DK\",\"@id\":\"https:\/\/hubsch-interior.com\/da\/#\/schema\/logo\/image\/\",\"url\":\"https:\/\/hubsch-interior.com\/wp-content\/uploads\/2022\/12\/Hubsch_logo_black_one_line.svg\",\"contentUrl\":\"https:\/\/hubsch-interior.com\/wp-content\/uploads\/2022\/12\/Hubsch_logo_black_one_line.svg\",\"caption\":\"H\u00fcbsch\"},\"image\":{\"@id\":\"https:\/\/hubsch-interior.com\/da\/#\/schema\/logo\/image\/\"}}]}<\/script>\n<!-- \/ Yoast SEO plugin. -->","yoast_head_json":{"title":"Forma B\u00e6nk Sand\/Natur - H\u00fcbsch","description":"Forma B\u00e6nk er en multifunktionel og stilfuld tilf\u00f8jelse til dit hjem. Puden p\u00e5 b\u00e6nken har en sandfarvet tone og er lavet i polyester som g\u00f8r den utrolig","robots":{"index":"index","follow":"follow","max-snippet":"max-snippet:-1","max-image-preview":"max-image-preview:large","max-video-preview":"max-video-preview:-1"},"canonical":"https:\/\/hubsch-interior.com\/da\/wp-json\/wp\/v2\/product\/977063","og_locale":"da_DK","og_type":"article","og_title":"Forma B\u00e6nk Sand\/Natur - H\u00fcbsch","og_description":"Forma B\u00e6nk er en multifunktionel og stilfuld tilf\u00f8jelse til dit hjem. Puden p\u00e5 b\u00e6nken har en sandfarvet tone og er lavet i polyester som g\u00f8r den utrolig","og_url":"https:\/\/hubsch-interior.com\/da\/vare\/forma-baenk-sand-natur\/","og_site_name":"H\u00fcbsch","article_modified_time":"2026-04-05T02:54:49+00:00","og_image":[{"width":1024,"height":1024,"url":"https:\/\/hubsch-interior.com\/wp-content\/uploads\/2026\/02\/forma-bench-sandnatural-c64a48cdbf3fd097913aeccacc455148.jpg","type":"image\/jpeg"}],"twitter_card":"summary_large_image","twitter_misc":{"Estimeret l\u00e6setid":"1 minut"},"schema":{"@context":"https:\/\/schema.org","@graph":[{"@type":"WebPage","@id":"https:\/\/hubsch-interior.com\/da\/vare\/forma-baenk-sand-natur\/","url":"https:\/\/hubsch-interior.com\/da\/vare\/forma-baenk-sand-natur\/","name":"Forma B\u00e6nk Sand\/Natur - H\u00fcbsch","isPartOf":{"@id":"https:\/\/hubsch-interior.com\/da\/#website"},"primaryImageOfPage":{"@id":"https:\/\/hubsch-interior.com\/da\/vare\/forma-baenk-sand-natur\/#primaryimage"},"image":{"@id":"https:\/\/hubsch-interior.com\/da\/vare\/forma-baenk-sand-natur\/#primaryimage"},"thumbnailUrl":"https:\/\/hubsch-interior.com\/wp-content\/uploads\/2026\/02\/forma-bench-sandnatural-c64a48cdbf3fd097913aeccacc455148.jpg","datePublished":"2024-01-29T08:24:31+00:00","dateModified":"2026-04-05T02:54:49+00:00","description":"Forma B\u00e6nk er en multifunktionel og stilfuld tilf\u00f8jelse til dit hjem. Puden p\u00e5 b\u00e6nken har en sandfarvet tone og er lavet i polyester som g\u00f8r den utrolig","breadcrumb":{"@id":"https:\/\/hubsch-interior.com\/da\/vare\/forma-baenk-sand-natur\/#breadcrumb"},"inLanguage":"da-DK","potentialAction":[{"@type":"ReadAction","target":["https:\/\/hubsch-interior.com\/da\/vare\/forma-baenk-sand-natur\/"]}]},{"@type":"ImageObject","inLanguage":"da-DK","@id":"https:\/\/hubsch-interior.com\/da\/vare\/forma-baenk-sand-natur\/#primaryimage","url":"https:\/\/hubsch-interior.com\/wp-content\/uploads\/2026\/02\/forma-bench-sandnatural-c64a48cdbf3fd097913aeccacc455148.jpg","contentUrl":"https:\/\/hubsch-interior.com\/wp-content\/uploads\/2026\/02\/forma-bench-sandnatural-c64a48cdbf3fd097913aeccacc455148.jpg","width":1024,"height":1024},{"@type":"BreadcrumbList","@id":"https:\/\/hubsch-interior.com\/da\/vare\/forma-baenk-sand-natur\/#breadcrumb","itemListElement":[{"@type":"ListItem","position":1,"name":"Forside","item":"https:\/\/hubsch-interior.com\/da\/"},{"@type":"ListItem","position":2,"name":"Produkter","item":"https:\/\/hubsch-interior.com\/da\/produkter\/"},{"@type":"ListItem","position":3,"name":"M\u00f8bler","item":"https:\/\/hubsch-interior.com\/da\/vare-kategori\/mobler\/"},{"@type":"ListItem","position":4,"name":"Siddem&oslash;bler","item":"https:\/\/hubsch-interior.com\/da\/vare-kategori\/mobler\/siddemoebler-da\/"},{"@type":"ListItem","position":5,"name":"B&aelig;nke","item":"https:\/\/hubsch-interior.com\/da\/vare-kategori\/mobler\/siddemoebler-da\/baenke-da\/"},{"@type":"ListItem","position":6,"name":"Forma B\u00e6nk Sand\/Natur"}]},{"@type":"WebSite","@id":"https:\/\/hubsch-interior.com\/da\/#website","url":"https:\/\/hubsch-interior.com\/da\/","name":"H\u00fcbsch","description":"Danish Home Interior and Design","publisher":{"@id":"https:\/\/hubsch-interior.com\/da\/#organization"},"potentialAction":[{"@type":"SearchAction","target":{"@type":"EntryPoint","urlTemplate":"https:\/\/hubsch-interior.com\/da\/?s={search_term_string}"},"query-input":{"@type":"PropertyValueSpecification","valueRequired":true,"valueName":"search_term_string"}}],"inLanguage":"da-DK"},{"@type":"Organization","@id":"https:\/\/hubsch-interior.com\/da\/#organization","name":"H\u00fcbsch","url":"https:\/\/hubsch-interior.com\/da\/","logo":{"@type":"ImageObject","inLanguage":"da-DK","@id":"https:\/\/hubsch-interior.com\/da\/#\/schema\/logo\/image\/","url":"https:\/\/hubsch-interior.com\/wp-content\/uploads\/2022\/12\/Hubsch_logo_black_one_line.svg","contentUrl":"https:\/\/hubsch-interior.com\/wp-content\/uploads\/2022\/12\/Hubsch_logo_black_one_line.svg","caption":"H\u00fcbsch"},"image":{"@id":"https:\/\/hubsch-interior.com\/da\/#\/schema\/logo\/image\/"}}]}},"_links":{"self":[{"href":"https:\/\/hubsch-interior.com\/da\/wp-json\/wp\/v2\/product\/977063","targetHints":{"allow":["GET"]}}],"collection":[{"href":"https:\/\/hubsch-interior.com\/da\/wp-json\/wp\/v2\/product"}],"about":[{"href":"https:\/\/hubsch-interior.com\/da\/wp-json\/wp\/v2\/types\/product"}],"wp:featuredmedia":[{"embeddable":true,"href":"https:\/\/hubsch-interior.com\/da\/wp-json\/wp\/v2\/media\/1103571"}],"wp:attachment":[{"href":"https:\/\/hubsch-interior.com\/da\/wp-json\/wp\/v2\/media?parent=977063"}],"wp:term":[{"taxonomy":"product_brand","embeddable":true,"href":"https:\/\/hubsch-interior.com\/da\/wp-json\/wp\/v2\/product_brand?post=977063"},{"taxonomy":"product_cat","embeddable":true,"href":"https:\/\/hubsch-interior.com\/da\/wp-json\/wp\/v2\/product_cat?post=977063"},{"taxonomy":"product_tag","embeddable":true,"href":"https:\/\/hubsch-interior.com\/da\/wp-json\/wp\/v2\/product_tag?post=977063"}],"curies":[{"name":"wp","href":"https:\/\/api.w.org\/{rel}","templated":true}]}}