{"id":977083,"date":"2024-01-29T09:24:45","date_gmt":"2024-01-29T08:24:45","guid":{"rendered":"https:\/\/hubsch-interior.com\/product\/product\/"},"modified":"2026-04-04T04:53:06","modified_gmt":"2026-04-04T02:53:06","slug":"forma-sofabord-natur","status":"publish","type":"product","link":"https:\/\/hubsch-interior.com\/da\/vare\/forma-sofabord-natur\/","title":{"rendered":"Forma Sofabord Natur"},"content":{"rendered":"<p>Forma Sofabord er det perfekte valg til din stue, hvis du er p\u00e5 udkig efter et m\u00f8bel med skarpe og kantede former. Det smukke bord er lavet af FSC-certificeret egetr\u00e6 egetr\u00e6sfiner, der giver det et tidl\u00f8st og holdbart udseende. Dets rummelige bordplade giver dig mulighed for at stable dine yndlings b\u00f8ger, mens de smukke linjer og den skulpturelle fremtoning tilf\u00f8jer et elegant touch til ethvert rum. Oplev den perfekte balance mellem funktionalitet og \u00e6stetik med Forma Sofabord.<\/p>\n","protected":false},"excerpt":{"rendered":"<p>Forma Sofabord er det perfekte valg til din stue, hvis du er p\u00e5 udkig efter et m\u00f8bel med skarpe og kantede former. Det smukke bord er lavet af FSC-certificeret egetr\u00e6 egetr\u00e6sfiner, der giver det et tidl\u00f8st og holdbart udseende. Dets rummelige bordplade giver dig mulighed for at stable dine yndlings b\u00f8ger, mens de smukke linjer [&hellip;]<\/p>\n","protected":false},"featured_media":1103595,"template":"","meta":{"_acf_changed":false,"inline_featured_image":false},"product_brand":[],"product_cat":[6880,6895,6321,2857,2872,5025],"product_tag":[],"class_list":{"0":"post-977083","1":"product","2":"type-product","3":"status-publish","4":"has-post-thumbnail","6":"product_cat-elevating-nostalgia-da","7":"product_cat-forma-serien-da","8":"product_cat-fsc-da","9":"product_cat-borde-da","10":"product_cat-sofaborde-da","11":"product_cat-bestsellers-da","12":"product_shipping_class-p05","13":"pa_color-natur-2","14":"pa_material-mdf-da","15":"pa_material-egetr","16":"pa_material-egetrsfiner","18":"first","19":"instock","20":"featured","21":"taxable","22":"shipping-taxable","23":"purchasable","24":"product-type-simple"},"exclude_global_add_ons":[],"addons":[],"acf":[],"yoast_head":"<!-- This site is optimized with the Yoast SEO plugin v26.4 - https:\/\/yoast.com\/wordpress\/plugins\/seo\/ -->\n<title>Forma Sofabord Natur - H\u00fcbsch<\/title>\n<meta name=\"description\" content=\"Forma Sofabord er det perfekte valg til din stue, hvis du er p\u00e5 udkig efter et m\u00f8bel med skarpe og kantede former. Det smukke bord er lavet af\" \/>\n<meta name=\"robots\" content=\"index, follow, max-snippet:-1, max-image-preview:large, max-video-preview:-1\" \/>\n<link rel=\"canonical\" href=\"https:\/\/hubsch-interior.com\/da\/wp-json\/wp\/v2\/product\/977083\" \/>\n<meta property=\"og:locale\" content=\"da_DK\" \/>\n<meta property=\"og:type\" content=\"article\" \/>\n<meta property=\"og:title\" content=\"Forma Sofabord Natur - H\u00fcbsch\" \/>\n<meta property=\"og:description\" content=\"Forma Sofabord er det perfekte valg til din stue, hvis du er p\u00e5 udkig efter et m\u00f8bel med skarpe og kantede former. Det smukke bord er lavet af\" \/>\n<meta property=\"og:url\" content=\"https:\/\/hubsch-interior.com\/da\/vare\/forma-sofabord-natur\/\" \/>\n<meta property=\"og:site_name\" content=\"H\u00fcbsch\" \/>\n<meta property=\"article:modified_time\" content=\"2026-04-04T02:53:06+00:00\" \/>\n<meta property=\"og:image\" content=\"https:\/\/hubsch-interior.com\/wp-content\/uploads\/2024\/04\/forma-coffee-table-natural-c60938c093bde4994b9ba654ba4b0649.jpg\" \/>\n\t<meta property=\"og:image:width\" content=\"1200\" \/>\n\t<meta property=\"og:image:height\" content=\"1200\" \/>\n\t<meta property=\"og:image:type\" content=\"image\/jpeg\" \/>\n<meta name=\"twitter:card\" content=\"summary_large_image\" \/>\n<script type=\"application\/ld+json\" class=\"yoast-schema-graph\">{\"@context\":\"https:\/\/schema.org\",\"@graph\":[{\"@type\":\"WebPage\",\"@id\":\"https:\/\/hubsch-interior.com\/da\/vare\/forma-sofabord-natur\/\",\"url\":\"https:\/\/hubsch-interior.com\/da\/vare\/forma-sofabord-natur\/\",\"name\":\"Forma Sofabord Natur - H\u00fcbsch\",\"isPartOf\":{\"@id\":\"https:\/\/hubsch-interior.com\/da\/#website\"},\"primaryImageOfPage\":{\"@id\":\"https:\/\/hubsch-interior.com\/da\/vare\/forma-sofabord-natur\/#primaryimage\"},\"image\":{\"@id\":\"https:\/\/hubsch-interior.com\/da\/vare\/forma-sofabord-natur\/#primaryimage\"},\"thumbnailUrl\":\"https:\/\/hubsch-interior.com\/wp-content\/uploads\/2026\/02\/forma-coffee-table-natural-dc5b8f9577957f2d24bf6ac5c2e0d38b.jpg\",\"datePublished\":\"2024-01-29T08:24:45+00:00\",\"dateModified\":\"2026-04-04T02:53:06+00:00\",\"description\":\"Forma Sofabord er det perfekte valg til din stue, hvis du er p\u00e5 udkig efter et m\u00f8bel med skarpe og kantede former. Det smukke bord er lavet af\",\"breadcrumb\":{\"@id\":\"https:\/\/hubsch-interior.com\/da\/vare\/forma-sofabord-natur\/#breadcrumb\"},\"inLanguage\":\"da-DK\",\"potentialAction\":[{\"@type\":\"ReadAction\",\"target\":[\"https:\/\/hubsch-interior.com\/da\/vare\/forma-sofabord-natur\/\"]}]},{\"@type\":\"ImageObject\",\"inLanguage\":\"da-DK\",\"@id\":\"https:\/\/hubsch-interior.com\/da\/vare\/forma-sofabord-natur\/#primaryimage\",\"url\":\"https:\/\/hubsch-interior.com\/wp-content\/uploads\/2026\/02\/forma-coffee-table-natural-dc5b8f9577957f2d24bf6ac5c2e0d38b.jpg\",\"contentUrl\":\"https:\/\/hubsch-interior.com\/wp-content\/uploads\/2026\/02\/forma-coffee-table-natural-dc5b8f9577957f2d24bf6ac5c2e0d38b.jpg\",\"width\":1024,\"height\":1024},{\"@type\":\"BreadcrumbList\",\"@id\":\"https:\/\/hubsch-interior.com\/da\/vare\/forma-sofabord-natur\/#breadcrumb\",\"itemListElement\":[{\"@type\":\"ListItem\",\"position\":1,\"name\":\"Forside\",\"item\":\"https:\/\/hubsch-interior.com\/da\/\"},{\"@type\":\"ListItem\",\"position\":2,\"name\":\"Produkter\",\"item\":\"https:\/\/hubsch-interior.com\/da\/produkter\/\"},{\"@type\":\"ListItem\",\"position\":3,\"name\":\"M\u00f8bler\",\"item\":\"https:\/\/hubsch-interior.com\/da\/vare-kategori\/mobler\/\"},{\"@type\":\"ListItem\",\"position\":4,\"name\":\"Borde\",\"item\":\"https:\/\/hubsch-interior.com\/da\/vare-kategori\/mobler\/borde-da\/\"},{\"@type\":\"ListItem\",\"position\":5,\"name\":\"Sofaborde\",\"item\":\"https:\/\/hubsch-interior.com\/da\/vare-kategori\/mobler\/borde-da\/sofaborde-da\/\"},{\"@type\":\"ListItem\",\"position\":6,\"name\":\"Forma Sofabord Natur\"}]},{\"@type\":\"WebSite\",\"@id\":\"https:\/\/hubsch-interior.com\/da\/#website\",\"url\":\"https:\/\/hubsch-interior.com\/da\/\",\"name\":\"H\u00fcbsch\",\"description\":\"Danish Home Interior and Design\",\"publisher\":{\"@id\":\"https:\/\/hubsch-interior.com\/da\/#organization\"},\"potentialAction\":[{\"@type\":\"SearchAction\",\"target\":{\"@type\":\"EntryPoint\",\"urlTemplate\":\"https:\/\/hubsch-interior.com\/da\/?s={search_term_string}\"},\"query-input\":{\"@type\":\"PropertyValueSpecification\",\"valueRequired\":true,\"valueName\":\"search_term_string\"}}],\"inLanguage\":\"da-DK\"},{\"@type\":\"Organization\",\"@id\":\"https:\/\/hubsch-interior.com\/da\/#organization\",\"name\":\"H\u00fcbsch\",\"url\":\"https:\/\/hubsch-interior.com\/da\/\",\"logo\":{\"@type\":\"ImageObject\",\"inLanguage\":\"da-DK\",\"@id\":\"https:\/\/hubsch-interior.com\/da\/#\/schema\/logo\/image\/\",\"url\":\"https:\/\/hubsch-interior.com\/wp-content\/uploads\/2022\/12\/Hubsch_logo_black_one_line.svg\",\"contentUrl\":\"https:\/\/hubsch-interior.com\/wp-content\/uploads\/2022\/12\/Hubsch_logo_black_one_line.svg\",\"caption\":\"H\u00fcbsch\"},\"image\":{\"@id\":\"https:\/\/hubsch-interior.com\/da\/#\/schema\/logo\/image\/\"}}]}<\/script>\n<!-- \/ Yoast SEO plugin. -->","yoast_head_json":{"title":"Forma Sofabord Natur - H\u00fcbsch","description":"Forma Sofabord er det perfekte valg til din stue, hvis du er p\u00e5 udkig efter et m\u00f8bel med skarpe og kantede former. Det smukke bord er lavet af","robots":{"index":"index","follow":"follow","max-snippet":"max-snippet:-1","max-image-preview":"max-image-preview:large","max-video-preview":"max-video-preview:-1"},"canonical":"https:\/\/hubsch-interior.com\/da\/wp-json\/wp\/v2\/product\/977083","og_locale":"da_DK","og_type":"article","og_title":"Forma Sofabord Natur - H\u00fcbsch","og_description":"Forma Sofabord er det perfekte valg til din stue, hvis du er p\u00e5 udkig efter et m\u00f8bel med skarpe og kantede former. Det smukke bord er lavet af","og_url":"https:\/\/hubsch-interior.com\/da\/vare\/forma-sofabord-natur\/","og_site_name":"H\u00fcbsch","article_modified_time":"2026-04-04T02:53:06+00:00","og_image":[{"width":1200,"height":1200,"url":"https:\/\/hubsch-interior.com\/wp-content\/uploads\/2024\/04\/forma-coffee-table-natural-c60938c093bde4994b9ba654ba4b0649.jpg","type":"image\/jpeg"}],"twitter_card":"summary_large_image","schema":{"@context":"https:\/\/schema.org","@graph":[{"@type":"WebPage","@id":"https:\/\/hubsch-interior.com\/da\/vare\/forma-sofabord-natur\/","url":"https:\/\/hubsch-interior.com\/da\/vare\/forma-sofabord-natur\/","name":"Forma Sofabord Natur - H\u00fcbsch","isPartOf":{"@id":"https:\/\/hubsch-interior.com\/da\/#website"},"primaryImageOfPage":{"@id":"https:\/\/hubsch-interior.com\/da\/vare\/forma-sofabord-natur\/#primaryimage"},"image":{"@id":"https:\/\/hubsch-interior.com\/da\/vare\/forma-sofabord-natur\/#primaryimage"},"thumbnailUrl":"https:\/\/hubsch-interior.com\/wp-content\/uploads\/2026\/02\/forma-coffee-table-natural-dc5b8f9577957f2d24bf6ac5c2e0d38b.jpg","datePublished":"2024-01-29T08:24:45+00:00","dateModified":"2026-04-04T02:53:06+00:00","description":"Forma Sofabord er det perfekte valg til din stue, hvis du er p\u00e5 udkig efter et m\u00f8bel med skarpe og kantede former. Det smukke bord er lavet af","breadcrumb":{"@id":"https:\/\/hubsch-interior.com\/da\/vare\/forma-sofabord-natur\/#breadcrumb"},"inLanguage":"da-DK","potentialAction":[{"@type":"ReadAction","target":["https:\/\/hubsch-interior.com\/da\/vare\/forma-sofabord-natur\/"]}]},{"@type":"ImageObject","inLanguage":"da-DK","@id":"https:\/\/hubsch-interior.com\/da\/vare\/forma-sofabord-natur\/#primaryimage","url":"https:\/\/hubsch-interior.com\/wp-content\/uploads\/2026\/02\/forma-coffee-table-natural-dc5b8f9577957f2d24bf6ac5c2e0d38b.jpg","contentUrl":"https:\/\/hubsch-interior.com\/wp-content\/uploads\/2026\/02\/forma-coffee-table-natural-dc5b8f9577957f2d24bf6ac5c2e0d38b.jpg","width":1024,"height":1024},{"@type":"BreadcrumbList","@id":"https:\/\/hubsch-interior.com\/da\/vare\/forma-sofabord-natur\/#breadcrumb","itemListElement":[{"@type":"ListItem","position":1,"name":"Forside","item":"https:\/\/hubsch-interior.com\/da\/"},{"@type":"ListItem","position":2,"name":"Produkter","item":"https:\/\/hubsch-interior.com\/da\/produkter\/"},{"@type":"ListItem","position":3,"name":"M\u00f8bler","item":"https:\/\/hubsch-interior.com\/da\/vare-kategori\/mobler\/"},{"@type":"ListItem","position":4,"name":"Borde","item":"https:\/\/hubsch-interior.com\/da\/vare-kategori\/mobler\/borde-da\/"},{"@type":"ListItem","position":5,"name":"Sofaborde","item":"https:\/\/hubsch-interior.com\/da\/vare-kategori\/mobler\/borde-da\/sofaborde-da\/"},{"@type":"ListItem","position":6,"name":"Forma Sofabord Natur"}]},{"@type":"WebSite","@id":"https:\/\/hubsch-interior.com\/da\/#website","url":"https:\/\/hubsch-interior.com\/da\/","name":"H\u00fcbsch","description":"Danish Home Interior and Design","publisher":{"@id":"https:\/\/hubsch-interior.com\/da\/#organization"},"potentialAction":[{"@type":"SearchAction","target":{"@type":"EntryPoint","urlTemplate":"https:\/\/hubsch-interior.com\/da\/?s={search_term_string}"},"query-input":{"@type":"PropertyValueSpecification","valueRequired":true,"valueName":"search_term_string"}}],"inLanguage":"da-DK"},{"@type":"Organization","@id":"https:\/\/hubsch-interior.com\/da\/#organization","name":"H\u00fcbsch","url":"https:\/\/hubsch-interior.com\/da\/","logo":{"@type":"ImageObject","inLanguage":"da-DK","@id":"https:\/\/hubsch-interior.com\/da\/#\/schema\/logo\/image\/","url":"https:\/\/hubsch-interior.com\/wp-content\/uploads\/2022\/12\/Hubsch_logo_black_one_line.svg","contentUrl":"https:\/\/hubsch-interior.com\/wp-content\/uploads\/2022\/12\/Hubsch_logo_black_one_line.svg","caption":"H\u00fcbsch"},"image":{"@id":"https:\/\/hubsch-interior.com\/da\/#\/schema\/logo\/image\/"}}]}},"_links":{"self":[{"href":"https:\/\/hubsch-interior.com\/da\/wp-json\/wp\/v2\/product\/977083","targetHints":{"allow":["GET"]}}],"collection":[{"href":"https:\/\/hubsch-interior.com\/da\/wp-json\/wp\/v2\/product"}],"about":[{"href":"https:\/\/hubsch-interior.com\/da\/wp-json\/wp\/v2\/types\/product"}],"wp:featuredmedia":[{"embeddable":true,"href":"https:\/\/hubsch-interior.com\/da\/wp-json\/wp\/v2\/media\/1103595"}],"wp:attachment":[{"href":"https:\/\/hubsch-interior.com\/da\/wp-json\/wp\/v2\/media?parent=977083"}],"wp:term":[{"taxonomy":"product_brand","embeddable":true,"href":"https:\/\/hubsch-interior.com\/da\/wp-json\/wp\/v2\/product_brand?post=977083"},{"taxonomy":"product_cat","embeddable":true,"href":"https:\/\/hubsch-interior.com\/da\/wp-json\/wp\/v2\/product_cat?post=977083"},{"taxonomy":"product_tag","embeddable":true,"href":"https:\/\/hubsch-interior.com\/da\/wp-json\/wp\/v2\/product_tag?post=977083"}],"curies":[{"name":"wp","href":"https:\/\/api.w.org\/{rel}","templated":true}]}}