{"id":977176,"date":"2024-01-29T09:26:00","date_gmt":"2024-01-29T08:26:00","guid":{"rendered":"https:\/\/hubsch-interior.com\/product\/product\/"},"modified":"2026-04-05T04:55:14","modified_gmt":"2026-04-05T02:55:14","slug":"arki-reol-orange-natur","status":"publish","type":"product","link":"https:\/\/hubsch-interior.com\/da\/vare\/arki-reol-orange-natur\/","title":{"rendered":"Arki Reol Orange\/Natur"},"content":{"rendered":"<p>Denne Arki Reol er et perfekt tilf\u00f8jelse til ethvert hjem med sin unikke kombination af funktionalitet og \u00e6stetik. Den kommer i tre forskellige varianter, og denne specifikke en har en smuk orange farve, der vil tilf\u00f8je et livligt touch til ethvert rum. Fremstillet af FSC-certificeret egetr\u00e6 og egetr\u00e6sfiner, er denne hylde ikke kun b\u00e6redygtigt, men ogs\u00e5 af h\u00f8j kvalitet. Brug den som en hylde eller et sidebord til din seng p\u00e5 den mest stilfulde m\u00e5de. V\u00e6lg mellem tre signaturfarver og kombiner flere stykker i en eller flere farver for at skabe et statement piece i dit hjem. G\u00f8r denne Arki Reol til et i\u00f8jnefaldende hjemmeaccent med en levende farve.<\/p>\n","protected":false},"excerpt":{"rendered":"<p>Denne Arki Reol er et perfekt tilf\u00f8jelse til ethvert hjem med sin unikke kombination af funktionalitet og \u00e6stetik. Den kommer i tre forskellige varianter, og denne specifikke en har en smuk orange farve, der vil tilf\u00f8je et livligt touch til ethvert rum. Fremstillet af FSC-certificeret egetr\u00e6 og egetr\u00e6sfiner, er denne hylde ikke kun b\u00e6redygtigt, men [&hellip;]<\/p>\n","protected":false},"featured_media":1103679,"template":"","meta":{"_acf_changed":false,"inline_featured_image":false},"product_brand":[],"product_cat":[6880,7069,7070,6321,3999,4022],"product_tag":[],"class_list":{"0":"post-977176","1":"product","2":"type-product","3":"status-publish","4":"has-post-thumbnail","6":"product_cat-elevating-nostalgia-da","7":"product_cat-knager-reoler-da","8":"product_cat-reoler-da-knager-reoler-da","9":"product_cat-fsc-da","10":"product_cat-reoler-opbevaring-da","11":"product_cat-hylder-da","12":"product_shipping_class-pk","14":"pa_color-orange-da","15":"pa_color-natur-2","16":"pa_material-mdf-da","17":"pa_material-egetr","18":"pa_material-egetrsfiner","20":"first","21":"instock","22":"taxable","23":"shipping-taxable","24":"purchasable","25":"product-type-simple"},"exclude_global_add_ons":[],"addons":[],"acf":[],"yoast_head":"<!-- This site is optimized with the Yoast SEO plugin v26.4 - https:\/\/yoast.com\/wordpress\/plugins\/seo\/ -->\n<title>Arki Reol Orange\/Natur - H\u00fcbsch<\/title>\n<meta name=\"description\" content=\"Denne Arki Reol er et perfekt tilf\u00f8jelse til ethvert hjem med sin unikke kombination af funktionalitet og \u00e6stetik. Den kommer i tre forskellige varianter,\" \/>\n<meta name=\"robots\" content=\"index, follow, max-snippet:-1, max-image-preview:large, max-video-preview:-1\" \/>\n<link rel=\"canonical\" href=\"https:\/\/hubsch-interior.com\/da\/wp-json\/wp\/v2\/product\/977176\" \/>\n<meta property=\"og:locale\" content=\"da_DK\" \/>\n<meta property=\"og:type\" content=\"article\" \/>\n<meta property=\"og:title\" content=\"Arki Reol Orange\/Natur - H\u00fcbsch\" \/>\n<meta property=\"og:description\" content=\"Denne Arki Reol er et perfekt tilf\u00f8jelse til ethvert hjem med sin unikke kombination af funktionalitet og \u00e6stetik. Den kommer i tre forskellige varianter,\" \/>\n<meta property=\"og:url\" content=\"https:\/\/hubsch-interior.com\/da\/vare\/arki-reol-orange-natur\/\" \/>\n<meta property=\"og:site_name\" content=\"H\u00fcbsch\" \/>\n<meta property=\"article:modified_time\" content=\"2026-04-05T02:55:14+00:00\" \/>\n<meta property=\"og:image\" content=\"https:\/\/hubsch-interior.com\/wp-content\/uploads\/2026\/02\/arki-shelf-orangenatural-773cf48d618361b2956cb52871222d5a.jpg\" \/>\n\t<meta property=\"og:image:width\" content=\"1024\" \/>\n\t<meta property=\"og:image:height\" content=\"1024\" \/>\n\t<meta property=\"og:image:type\" content=\"image\/jpeg\" \/>\n<meta name=\"twitter:card\" content=\"summary_large_image\" \/>\n<meta name=\"twitter:label1\" content=\"Estimeret l\u00e6setid\" \/>\n\t<meta name=\"twitter:data1\" content=\"1 minut\" \/>\n<script type=\"application\/ld+json\" class=\"yoast-schema-graph\">{\"@context\":\"https:\/\/schema.org\",\"@graph\":[{\"@type\":\"WebPage\",\"@id\":\"https:\/\/hubsch-interior.com\/da\/vare\/arki-reol-orange-natur\/\",\"url\":\"https:\/\/hubsch-interior.com\/da\/vare\/arki-reol-orange-natur\/\",\"name\":\"Arki Reol Orange\/Natur - H\u00fcbsch\",\"isPartOf\":{\"@id\":\"https:\/\/hubsch-interior.com\/da\/#website\"},\"primaryImageOfPage\":{\"@id\":\"https:\/\/hubsch-interior.com\/da\/vare\/arki-reol-orange-natur\/#primaryimage\"},\"image\":{\"@id\":\"https:\/\/hubsch-interior.com\/da\/vare\/arki-reol-orange-natur\/#primaryimage\"},\"thumbnailUrl\":\"https:\/\/hubsch-interior.com\/wp-content\/uploads\/2026\/02\/arki-shelf-orangenatural-773cf48d618361b2956cb52871222d5a.jpg\",\"datePublished\":\"2024-01-29T08:26:00+00:00\",\"dateModified\":\"2026-04-05T02:55:14+00:00\",\"description\":\"Denne Arki Reol er et perfekt tilf\u00f8jelse til ethvert hjem med sin unikke kombination af funktionalitet og \u00e6stetik. Den kommer i tre forskellige varianter,\",\"breadcrumb\":{\"@id\":\"https:\/\/hubsch-interior.com\/da\/vare\/arki-reol-orange-natur\/#breadcrumb\"},\"inLanguage\":\"da-DK\",\"potentialAction\":[{\"@type\":\"ReadAction\",\"target\":[\"https:\/\/hubsch-interior.com\/da\/vare\/arki-reol-orange-natur\/\"]}]},{\"@type\":\"ImageObject\",\"inLanguage\":\"da-DK\",\"@id\":\"https:\/\/hubsch-interior.com\/da\/vare\/arki-reol-orange-natur\/#primaryimage\",\"url\":\"https:\/\/hubsch-interior.com\/wp-content\/uploads\/2026\/02\/arki-shelf-orangenatural-773cf48d618361b2956cb52871222d5a.jpg\",\"contentUrl\":\"https:\/\/hubsch-interior.com\/wp-content\/uploads\/2026\/02\/arki-shelf-orangenatural-773cf48d618361b2956cb52871222d5a.jpg\",\"width\":1024,\"height\":1024},{\"@type\":\"BreadcrumbList\",\"@id\":\"https:\/\/hubsch-interior.com\/da\/vare\/arki-reol-orange-natur\/#breadcrumb\",\"itemListElement\":[{\"@type\":\"ListItem\",\"position\":1,\"name\":\"Forside\",\"item\":\"https:\/\/hubsch-interior.com\/da\/\"},{\"@type\":\"ListItem\",\"position\":2,\"name\":\"Produkter\",\"item\":\"https:\/\/hubsch-interior.com\/da\/produkter\/\"},{\"@type\":\"ListItem\",\"position\":3,\"name\":\"M\u00f8bler\",\"item\":\"https:\/\/hubsch-interior.com\/da\/vare-kategori\/mobler\/\"},{\"@type\":\"ListItem\",\"position\":4,\"name\":\"Reoler &amp; opbevaring\",\"item\":\"https:\/\/hubsch-interior.com\/da\/vare-kategori\/mobler\/reoler-opbevaring-da\/\"},{\"@type\":\"ListItem\",\"position\":5,\"name\":\"Hylder\",\"item\":\"https:\/\/hubsch-interior.com\/da\/vare-kategori\/mobler\/reoler-opbevaring-da\/hylder-da\/\"},{\"@type\":\"ListItem\",\"position\":6,\"name\":\"Arki Reol Orange\/Natur\"}]},{\"@type\":\"WebSite\",\"@id\":\"https:\/\/hubsch-interior.com\/da\/#website\",\"url\":\"https:\/\/hubsch-interior.com\/da\/\",\"name\":\"H\u00fcbsch\",\"description\":\"Danish Home Interior and Design\",\"publisher\":{\"@id\":\"https:\/\/hubsch-interior.com\/da\/#organization\"},\"potentialAction\":[{\"@type\":\"SearchAction\",\"target\":{\"@type\":\"EntryPoint\",\"urlTemplate\":\"https:\/\/hubsch-interior.com\/da\/?s={search_term_string}\"},\"query-input\":{\"@type\":\"PropertyValueSpecification\",\"valueRequired\":true,\"valueName\":\"search_term_string\"}}],\"inLanguage\":\"da-DK\"},{\"@type\":\"Organization\",\"@id\":\"https:\/\/hubsch-interior.com\/da\/#organization\",\"name\":\"H\u00fcbsch\",\"url\":\"https:\/\/hubsch-interior.com\/da\/\",\"logo\":{\"@type\":\"ImageObject\",\"inLanguage\":\"da-DK\",\"@id\":\"https:\/\/hubsch-interior.com\/da\/#\/schema\/logo\/image\/\",\"url\":\"https:\/\/hubsch-interior.com\/wp-content\/uploads\/2022\/12\/Hubsch_logo_black_one_line.svg\",\"contentUrl\":\"https:\/\/hubsch-interior.com\/wp-content\/uploads\/2022\/12\/Hubsch_logo_black_one_line.svg\",\"caption\":\"H\u00fcbsch\"},\"image\":{\"@id\":\"https:\/\/hubsch-interior.com\/da\/#\/schema\/logo\/image\/\"}}]}<\/script>\n<!-- \/ Yoast SEO plugin. -->","yoast_head_json":{"title":"Arki Reol Orange\/Natur - H\u00fcbsch","description":"Denne Arki Reol er et perfekt tilf\u00f8jelse til ethvert hjem med sin unikke kombination af funktionalitet og \u00e6stetik. Den kommer i tre forskellige varianter,","robots":{"index":"index","follow":"follow","max-snippet":"max-snippet:-1","max-image-preview":"max-image-preview:large","max-video-preview":"max-video-preview:-1"},"canonical":"https:\/\/hubsch-interior.com\/da\/wp-json\/wp\/v2\/product\/977176","og_locale":"da_DK","og_type":"article","og_title":"Arki Reol Orange\/Natur - H\u00fcbsch","og_description":"Denne Arki Reol er et perfekt tilf\u00f8jelse til ethvert hjem med sin unikke kombination af funktionalitet og \u00e6stetik. Den kommer i tre forskellige varianter,","og_url":"https:\/\/hubsch-interior.com\/da\/vare\/arki-reol-orange-natur\/","og_site_name":"H\u00fcbsch","article_modified_time":"2026-04-05T02:55:14+00:00","og_image":[{"width":1024,"height":1024,"url":"https:\/\/hubsch-interior.com\/wp-content\/uploads\/2026\/02\/arki-shelf-orangenatural-773cf48d618361b2956cb52871222d5a.jpg","type":"image\/jpeg"}],"twitter_card":"summary_large_image","twitter_misc":{"Estimeret l\u00e6setid":"1 minut"},"schema":{"@context":"https:\/\/schema.org","@graph":[{"@type":"WebPage","@id":"https:\/\/hubsch-interior.com\/da\/vare\/arki-reol-orange-natur\/","url":"https:\/\/hubsch-interior.com\/da\/vare\/arki-reol-orange-natur\/","name":"Arki Reol Orange\/Natur - H\u00fcbsch","isPartOf":{"@id":"https:\/\/hubsch-interior.com\/da\/#website"},"primaryImageOfPage":{"@id":"https:\/\/hubsch-interior.com\/da\/vare\/arki-reol-orange-natur\/#primaryimage"},"image":{"@id":"https:\/\/hubsch-interior.com\/da\/vare\/arki-reol-orange-natur\/#primaryimage"},"thumbnailUrl":"https:\/\/hubsch-interior.com\/wp-content\/uploads\/2026\/02\/arki-shelf-orangenatural-773cf48d618361b2956cb52871222d5a.jpg","datePublished":"2024-01-29T08:26:00+00:00","dateModified":"2026-04-05T02:55:14+00:00","description":"Denne Arki Reol er et perfekt tilf\u00f8jelse til ethvert hjem med sin unikke kombination af funktionalitet og \u00e6stetik. Den kommer i tre forskellige varianter,","breadcrumb":{"@id":"https:\/\/hubsch-interior.com\/da\/vare\/arki-reol-orange-natur\/#breadcrumb"},"inLanguage":"da-DK","potentialAction":[{"@type":"ReadAction","target":["https:\/\/hubsch-interior.com\/da\/vare\/arki-reol-orange-natur\/"]}]},{"@type":"ImageObject","inLanguage":"da-DK","@id":"https:\/\/hubsch-interior.com\/da\/vare\/arki-reol-orange-natur\/#primaryimage","url":"https:\/\/hubsch-interior.com\/wp-content\/uploads\/2026\/02\/arki-shelf-orangenatural-773cf48d618361b2956cb52871222d5a.jpg","contentUrl":"https:\/\/hubsch-interior.com\/wp-content\/uploads\/2026\/02\/arki-shelf-orangenatural-773cf48d618361b2956cb52871222d5a.jpg","width":1024,"height":1024},{"@type":"BreadcrumbList","@id":"https:\/\/hubsch-interior.com\/da\/vare\/arki-reol-orange-natur\/#breadcrumb","itemListElement":[{"@type":"ListItem","position":1,"name":"Forside","item":"https:\/\/hubsch-interior.com\/da\/"},{"@type":"ListItem","position":2,"name":"Produkter","item":"https:\/\/hubsch-interior.com\/da\/produkter\/"},{"@type":"ListItem","position":3,"name":"M\u00f8bler","item":"https:\/\/hubsch-interior.com\/da\/vare-kategori\/mobler\/"},{"@type":"ListItem","position":4,"name":"Reoler &amp; opbevaring","item":"https:\/\/hubsch-interior.com\/da\/vare-kategori\/mobler\/reoler-opbevaring-da\/"},{"@type":"ListItem","position":5,"name":"Hylder","item":"https:\/\/hubsch-interior.com\/da\/vare-kategori\/mobler\/reoler-opbevaring-da\/hylder-da\/"},{"@type":"ListItem","position":6,"name":"Arki Reol Orange\/Natur"}]},{"@type":"WebSite","@id":"https:\/\/hubsch-interior.com\/da\/#website","url":"https:\/\/hubsch-interior.com\/da\/","name":"H\u00fcbsch","description":"Danish Home Interior and Design","publisher":{"@id":"https:\/\/hubsch-interior.com\/da\/#organization"},"potentialAction":[{"@type":"SearchAction","target":{"@type":"EntryPoint","urlTemplate":"https:\/\/hubsch-interior.com\/da\/?s={search_term_string}"},"query-input":{"@type":"PropertyValueSpecification","valueRequired":true,"valueName":"search_term_string"}}],"inLanguage":"da-DK"},{"@type":"Organization","@id":"https:\/\/hubsch-interior.com\/da\/#organization","name":"H\u00fcbsch","url":"https:\/\/hubsch-interior.com\/da\/","logo":{"@type":"ImageObject","inLanguage":"da-DK","@id":"https:\/\/hubsch-interior.com\/da\/#\/schema\/logo\/image\/","url":"https:\/\/hubsch-interior.com\/wp-content\/uploads\/2022\/12\/Hubsch_logo_black_one_line.svg","contentUrl":"https:\/\/hubsch-interior.com\/wp-content\/uploads\/2022\/12\/Hubsch_logo_black_one_line.svg","caption":"H\u00fcbsch"},"image":{"@id":"https:\/\/hubsch-interior.com\/da\/#\/schema\/logo\/image\/"}}]}},"_links":{"self":[{"href":"https:\/\/hubsch-interior.com\/da\/wp-json\/wp\/v2\/product\/977176","targetHints":{"allow":["GET"]}}],"collection":[{"href":"https:\/\/hubsch-interior.com\/da\/wp-json\/wp\/v2\/product"}],"about":[{"href":"https:\/\/hubsch-interior.com\/da\/wp-json\/wp\/v2\/types\/product"}],"wp:featuredmedia":[{"embeddable":true,"href":"https:\/\/hubsch-interior.com\/da\/wp-json\/wp\/v2\/media\/1103679"}],"wp:attachment":[{"href":"https:\/\/hubsch-interior.com\/da\/wp-json\/wp\/v2\/media?parent=977176"}],"wp:term":[{"taxonomy":"product_brand","embeddable":true,"href":"https:\/\/hubsch-interior.com\/da\/wp-json\/wp\/v2\/product_brand?post=977176"},{"taxonomy":"product_cat","embeddable":true,"href":"https:\/\/hubsch-interior.com\/da\/wp-json\/wp\/v2\/product_cat?post=977176"},{"taxonomy":"product_tag","embeddable":true,"href":"https:\/\/hubsch-interior.com\/da\/wp-json\/wp\/v2\/product_tag?post=977176"}],"curies":[{"name":"wp","href":"https:\/\/api.w.org\/{rel}","templated":true}]}}