{"id":977216,"date":"2024-01-29T09:26:25","date_gmt":"2024-01-29T08:26:25","guid":{"rendered":"https:\/\/hubsch-interior.com\/product\/product\/"},"modified":"2026-04-29T04:54:23","modified_gmt":"2026-04-29T02:54:23","slug":"athand-organiser-natur","status":"publish","type":"product","link":"https:\/\/hubsch-interior.com\/da\/vare\/athand-organiser-natur\/","title":{"rendered":"AtHand Organiser Natur"},"content":{"rendered":"<p>Med AtHand Organiser f\u00e5r du en praktisk opbevaringsl\u00f8sning til din v\u00e6g, der holder din bordplade fri til kreativ udfoldelse. Fremstillet i FSC-certificerede egetr\u00e6 giver den et b\u00e6redygtigt og elegant look. Lavet af egetr\u00e6 og egetr\u00e6sfiner, tilbyder den masser af plads til opbevaring af b\u00e5de A4 blokke og penne. Den kan monteres p\u00e5 v\u00e6ggen og holder dit skrivebord ryddeligt og sparer plads. Oplev en effektiv skrivebordsorganisering med AtHand Organiser.<\/p>\n","protected":false},"excerpt":{"rendered":"<p>Med AtHand Organiser f\u00e5r du en praktisk opbevaringsl\u00f8sning til din v\u00e6g, der holder din bordplade fri til kreativ udfoldelse. Fremstillet i FSC-certificerede egetr\u00e6 giver den et b\u00e6redygtigt og elegant look. Lavet af egetr\u00e6 og egetr\u00e6sfiner, tilbyder den masser af plads til opbevaring af b\u00e5de A4 blokke og penne. Den kan monteres p\u00e5 v\u00e6ggen og holder [&hellip;]<\/p>\n","protected":false},"featured_media":1103707,"template":"","meta":{"_acf_changed":false,"inline_featured_image":false},"product_brand":[],"product_cat":[6880,6321,7070,4022,7069,4151,4959,3999],"product_tag":[],"class_list":{"0":"post-977216","1":"product","2":"type-product","3":"status-publish","4":"has-post-thumbnail","6":"product_cat-elevating-nostalgia-da","7":"product_cat-fsc-da","8":"product_cat-reoler-da-knager-reoler-da","9":"product_cat-hylder-da","10":"product_cat-knager-reoler-da","11":"product_cat-kontor-da","12":"product_cat-opbevaringskasser-da","13":"product_cat-reoler-opbevaring-da","14":"product_shipping_class-pk","16":"pa_color-natur-2","17":"pa_material-egetrsfiner","18":"pa_material-mdf-da","20":"first","21":"instock","22":"taxable","23":"shipping-taxable","24":"purchasable","25":"product-type-simple"},"exclude_global_add_ons":[],"addons":[],"acf":[],"yoast_head":"<!-- This site is optimized with the Yoast SEO plugin v26.4 - https:\/\/yoast.com\/wordpress\/plugins\/seo\/ -->\n<title>AtHand Organiser Natur - H\u00fcbsch<\/title>\n<meta name=\"description\" content=\"Med AtHand Organiser f\u00e5r du en praktisk opbevaringsl\u00f8sning til din v\u00e6g, der holder din bordplade fri til kreativ udfoldelse. Fremstillet i\" \/>\n<meta name=\"robots\" content=\"index, follow, max-snippet:-1, max-image-preview:large, max-video-preview:-1\" \/>\n<link rel=\"canonical\" href=\"https:\/\/hubsch-interior.com\/da\/wp-json\/wp\/v2\/product\/977216\" \/>\n<meta property=\"og:locale\" content=\"da_DK\" \/>\n<meta property=\"og:type\" content=\"article\" \/>\n<meta property=\"og:title\" content=\"AtHand Organiser Natur - H\u00fcbsch\" \/>\n<meta property=\"og:description\" content=\"Med AtHand Organiser f\u00e5r du en praktisk opbevaringsl\u00f8sning til din v\u00e6g, der holder din bordplade fri til kreativ udfoldelse. Fremstillet i\" \/>\n<meta property=\"og:url\" content=\"https:\/\/hubsch-interior.com\/da\/vare\/athand-organiser-natur\/\" \/>\n<meta property=\"og:site_name\" content=\"H\u00fcbsch\" \/>\n<meta property=\"article:modified_time\" content=\"2026-04-29T02:54:23+00:00\" \/>\n<meta property=\"og:image\" content=\"https:\/\/hubsch-interior.com\/wp-content\/uploads\/2024\/01\/athand-organiser-natural-60493eb9078fb8063297a32e7471eb4f.jpg\" \/>\n\t<meta property=\"og:image:width\" content=\"1200\" \/>\n\t<meta property=\"og:image:height\" content=\"1200\" \/>\n\t<meta property=\"og:image:type\" content=\"image\/jpeg\" \/>\n<meta name=\"twitter:card\" content=\"summary_large_image\" \/>\n<script type=\"application\/ld+json\" class=\"yoast-schema-graph\">{\"@context\":\"https:\/\/schema.org\",\"@graph\":[{\"@type\":\"WebPage\",\"@id\":\"https:\/\/hubsch-interior.com\/da\/vare\/athand-organiser-natur\/\",\"url\":\"https:\/\/hubsch-interior.com\/da\/vare\/athand-organiser-natur\/\",\"name\":\"AtHand Organiser Natur - H\u00fcbsch\",\"isPartOf\":{\"@id\":\"https:\/\/hubsch-interior.com\/da\/#website\"},\"primaryImageOfPage\":{\"@id\":\"https:\/\/hubsch-interior.com\/da\/vare\/athand-organiser-natur\/#primaryimage\"},\"image\":{\"@id\":\"https:\/\/hubsch-interior.com\/da\/vare\/athand-organiser-natur\/#primaryimage\"},\"thumbnailUrl\":\"https:\/\/hubsch-interior.com\/wp-content\/uploads\/2026\/02\/athand-organiser-natural-c84622daeba5d10a072e96f5481728d5.jpg\",\"datePublished\":\"2024-01-29T08:26:25+00:00\",\"dateModified\":\"2026-04-29T02:54:23+00:00\",\"description\":\"Med AtHand Organiser f\u00e5r du en praktisk opbevaringsl\u00f8sning til din v\u00e6g, der holder din bordplade fri til kreativ udfoldelse. Fremstillet i\",\"breadcrumb\":{\"@id\":\"https:\/\/hubsch-interior.com\/da\/vare\/athand-organiser-natur\/#breadcrumb\"},\"inLanguage\":\"da-DK\",\"potentialAction\":[{\"@type\":\"ReadAction\",\"target\":[\"https:\/\/hubsch-interior.com\/da\/vare\/athand-organiser-natur\/\"]}]},{\"@type\":\"ImageObject\",\"inLanguage\":\"da-DK\",\"@id\":\"https:\/\/hubsch-interior.com\/da\/vare\/athand-organiser-natur\/#primaryimage\",\"url\":\"https:\/\/hubsch-interior.com\/wp-content\/uploads\/2026\/02\/athand-organiser-natural-c84622daeba5d10a072e96f5481728d5.jpg\",\"contentUrl\":\"https:\/\/hubsch-interior.com\/wp-content\/uploads\/2026\/02\/athand-organiser-natural-c84622daeba5d10a072e96f5481728d5.jpg\",\"width\":1024,\"height\":1024},{\"@type\":\"BreadcrumbList\",\"@id\":\"https:\/\/hubsch-interior.com\/da\/vare\/athand-organiser-natur\/#breadcrumb\",\"itemListElement\":[{\"@type\":\"ListItem\",\"position\":1,\"name\":\"Forside\",\"item\":\"https:\/\/hubsch-interior.com\/da\/\"},{\"@type\":\"ListItem\",\"position\":2,\"name\":\"Produkter\",\"item\":\"https:\/\/hubsch-interior.com\/da\/produkter\/\"},{\"@type\":\"ListItem\",\"position\":3,\"name\":\"M\u00f8bler\",\"item\":\"https:\/\/hubsch-interior.com\/da\/vare-kategori\/mobler\/\"},{\"@type\":\"ListItem\",\"position\":4,\"name\":\"Reoler &amp; opbevaring\",\"item\":\"https:\/\/hubsch-interior.com\/da\/vare-kategori\/mobler\/reoler-opbevaring-da\/\"},{\"@type\":\"ListItem\",\"position\":5,\"name\":\"Hylder\",\"item\":\"https:\/\/hubsch-interior.com\/da\/vare-kategori\/mobler\/reoler-opbevaring-da\/hylder-da\/\"},{\"@type\":\"ListItem\",\"position\":6,\"name\":\"AtHand Organiser Natur\"}]},{\"@type\":\"WebSite\",\"@id\":\"https:\/\/hubsch-interior.com\/da\/#website\",\"url\":\"https:\/\/hubsch-interior.com\/da\/\",\"name\":\"H\u00fcbsch\",\"description\":\"Danish Home Interior and Design\",\"publisher\":{\"@id\":\"https:\/\/hubsch-interior.com\/da\/#organization\"},\"potentialAction\":[{\"@type\":\"SearchAction\",\"target\":{\"@type\":\"EntryPoint\",\"urlTemplate\":\"https:\/\/hubsch-interior.com\/da\/?s={search_term_string}\"},\"query-input\":{\"@type\":\"PropertyValueSpecification\",\"valueRequired\":true,\"valueName\":\"search_term_string\"}}],\"inLanguage\":\"da-DK\"},{\"@type\":\"Organization\",\"@id\":\"https:\/\/hubsch-interior.com\/da\/#organization\",\"name\":\"H\u00fcbsch\",\"url\":\"https:\/\/hubsch-interior.com\/da\/\",\"logo\":{\"@type\":\"ImageObject\",\"inLanguage\":\"da-DK\",\"@id\":\"https:\/\/hubsch-interior.com\/da\/#\/schema\/logo\/image\/\",\"url\":\"https:\/\/hubsch-interior.com\/wp-content\/uploads\/2022\/12\/Hubsch_logo_black_one_line.svg\",\"contentUrl\":\"https:\/\/hubsch-interior.com\/wp-content\/uploads\/2022\/12\/Hubsch_logo_black_one_line.svg\",\"caption\":\"H\u00fcbsch\"},\"image\":{\"@id\":\"https:\/\/hubsch-interior.com\/da\/#\/schema\/logo\/image\/\"}}]}<\/script>\n<!-- \/ Yoast SEO plugin. -->","yoast_head_json":{"title":"AtHand Organiser Natur - H\u00fcbsch","description":"Med AtHand Organiser f\u00e5r du en praktisk opbevaringsl\u00f8sning til din v\u00e6g, der holder din bordplade fri til kreativ udfoldelse. Fremstillet i","robots":{"index":"index","follow":"follow","max-snippet":"max-snippet:-1","max-image-preview":"max-image-preview:large","max-video-preview":"max-video-preview:-1"},"canonical":"https:\/\/hubsch-interior.com\/da\/wp-json\/wp\/v2\/product\/977216","og_locale":"da_DK","og_type":"article","og_title":"AtHand Organiser Natur - H\u00fcbsch","og_description":"Med AtHand Organiser f\u00e5r du en praktisk opbevaringsl\u00f8sning til din v\u00e6g, der holder din bordplade fri til kreativ udfoldelse. Fremstillet i","og_url":"https:\/\/hubsch-interior.com\/da\/vare\/athand-organiser-natur\/","og_site_name":"H\u00fcbsch","article_modified_time":"2026-04-29T02:54:23+00:00","og_image":[{"width":1200,"height":1200,"url":"https:\/\/hubsch-interior.com\/wp-content\/uploads\/2024\/01\/athand-organiser-natural-60493eb9078fb8063297a32e7471eb4f.jpg","type":"image\/jpeg"}],"twitter_card":"summary_large_image","schema":{"@context":"https:\/\/schema.org","@graph":[{"@type":"WebPage","@id":"https:\/\/hubsch-interior.com\/da\/vare\/athand-organiser-natur\/","url":"https:\/\/hubsch-interior.com\/da\/vare\/athand-organiser-natur\/","name":"AtHand Organiser Natur - H\u00fcbsch","isPartOf":{"@id":"https:\/\/hubsch-interior.com\/da\/#website"},"primaryImageOfPage":{"@id":"https:\/\/hubsch-interior.com\/da\/vare\/athand-organiser-natur\/#primaryimage"},"image":{"@id":"https:\/\/hubsch-interior.com\/da\/vare\/athand-organiser-natur\/#primaryimage"},"thumbnailUrl":"https:\/\/hubsch-interior.com\/wp-content\/uploads\/2026\/02\/athand-organiser-natural-c84622daeba5d10a072e96f5481728d5.jpg","datePublished":"2024-01-29T08:26:25+00:00","dateModified":"2026-04-29T02:54:23+00:00","description":"Med AtHand Organiser f\u00e5r du en praktisk opbevaringsl\u00f8sning til din v\u00e6g, der holder din bordplade fri til kreativ udfoldelse. Fremstillet i","breadcrumb":{"@id":"https:\/\/hubsch-interior.com\/da\/vare\/athand-organiser-natur\/#breadcrumb"},"inLanguage":"da-DK","potentialAction":[{"@type":"ReadAction","target":["https:\/\/hubsch-interior.com\/da\/vare\/athand-organiser-natur\/"]}]},{"@type":"ImageObject","inLanguage":"da-DK","@id":"https:\/\/hubsch-interior.com\/da\/vare\/athand-organiser-natur\/#primaryimage","url":"https:\/\/hubsch-interior.com\/wp-content\/uploads\/2026\/02\/athand-organiser-natural-c84622daeba5d10a072e96f5481728d5.jpg","contentUrl":"https:\/\/hubsch-interior.com\/wp-content\/uploads\/2026\/02\/athand-organiser-natural-c84622daeba5d10a072e96f5481728d5.jpg","width":1024,"height":1024},{"@type":"BreadcrumbList","@id":"https:\/\/hubsch-interior.com\/da\/vare\/athand-organiser-natur\/#breadcrumb","itemListElement":[{"@type":"ListItem","position":1,"name":"Forside","item":"https:\/\/hubsch-interior.com\/da\/"},{"@type":"ListItem","position":2,"name":"Produkter","item":"https:\/\/hubsch-interior.com\/da\/produkter\/"},{"@type":"ListItem","position":3,"name":"M\u00f8bler","item":"https:\/\/hubsch-interior.com\/da\/vare-kategori\/mobler\/"},{"@type":"ListItem","position":4,"name":"Reoler &amp; opbevaring","item":"https:\/\/hubsch-interior.com\/da\/vare-kategori\/mobler\/reoler-opbevaring-da\/"},{"@type":"ListItem","position":5,"name":"Hylder","item":"https:\/\/hubsch-interior.com\/da\/vare-kategori\/mobler\/reoler-opbevaring-da\/hylder-da\/"},{"@type":"ListItem","position":6,"name":"AtHand Organiser Natur"}]},{"@type":"WebSite","@id":"https:\/\/hubsch-interior.com\/da\/#website","url":"https:\/\/hubsch-interior.com\/da\/","name":"H\u00fcbsch","description":"Danish Home Interior and Design","publisher":{"@id":"https:\/\/hubsch-interior.com\/da\/#organization"},"potentialAction":[{"@type":"SearchAction","target":{"@type":"EntryPoint","urlTemplate":"https:\/\/hubsch-interior.com\/da\/?s={search_term_string}"},"query-input":{"@type":"PropertyValueSpecification","valueRequired":true,"valueName":"search_term_string"}}],"inLanguage":"da-DK"},{"@type":"Organization","@id":"https:\/\/hubsch-interior.com\/da\/#organization","name":"H\u00fcbsch","url":"https:\/\/hubsch-interior.com\/da\/","logo":{"@type":"ImageObject","inLanguage":"da-DK","@id":"https:\/\/hubsch-interior.com\/da\/#\/schema\/logo\/image\/","url":"https:\/\/hubsch-interior.com\/wp-content\/uploads\/2022\/12\/Hubsch_logo_black_one_line.svg","contentUrl":"https:\/\/hubsch-interior.com\/wp-content\/uploads\/2022\/12\/Hubsch_logo_black_one_line.svg","caption":"H\u00fcbsch"},"image":{"@id":"https:\/\/hubsch-interior.com\/da\/#\/schema\/logo\/image\/"}}]}},"_links":{"self":[{"href":"https:\/\/hubsch-interior.com\/da\/wp-json\/wp\/v2\/product\/977216","targetHints":{"allow":["GET"]}}],"collection":[{"href":"https:\/\/hubsch-interior.com\/da\/wp-json\/wp\/v2\/product"}],"about":[{"href":"https:\/\/hubsch-interior.com\/da\/wp-json\/wp\/v2\/types\/product"}],"wp:featuredmedia":[{"embeddable":true,"href":"https:\/\/hubsch-interior.com\/da\/wp-json\/wp\/v2\/media\/1103707"}],"wp:attachment":[{"href":"https:\/\/hubsch-interior.com\/da\/wp-json\/wp\/v2\/media?parent=977216"}],"wp:term":[{"taxonomy":"product_brand","embeddable":true,"href":"https:\/\/hubsch-interior.com\/da\/wp-json\/wp\/v2\/product_brand?post=977216"},{"taxonomy":"product_cat","embeddable":true,"href":"https:\/\/hubsch-interior.com\/da\/wp-json\/wp\/v2\/product_cat?post=977216"},{"taxonomy":"product_tag","embeddable":true,"href":"https:\/\/hubsch-interior.com\/da\/wp-json\/wp\/v2\/product_tag?post=977216"}],"curies":[{"name":"wp","href":"https:\/\/api.w.org\/{rel}","templated":true}]}}