{"id":977286,"date":"2024-01-29T09:26:59","date_gmt":"2024-01-29T08:26:59","guid":{"rendered":"https:\/\/hubsch-interior.com\/product\/product\/"},"modified":"2026-04-14T04:53:23","modified_gmt":"2026-04-14T02:53:23","slug":"doppio-reol-plantestander-natur","status":"publish","type":"product","link":"https:\/\/hubsch-interior.com\/da\/vare\/doppio-reol-plantestander-natur\/","title":{"rendered":"Doppio Reol\/Plantestander Natur"},"content":{"rendered":"<p>Giv dit hjem lidt kant med vores Doppio Reol\/Plantestander lavet i smukt egetr\u00e6. Den er fremstillet af FSC-certificeret egetr\u00e6 og egetr\u00e6sfiner, hvilket giver et b\u00e6redygtigt og stilfuldt design. Brug den som en ekstra plads til at vise alle dine yndlingsgenstande, eller som en dekorativ opbevaringsl\u00f8sning. Med sin elegante og tidl\u00f8se udformning passer den perfekt ind i stuen med h\u00f8je vinduer. Oplev vores indend\u00f8rs plantestand-designs og tilf\u00f8j et gr\u00f8nt touch til dit hjem.<\/p>\n","protected":false},"excerpt":{"rendered":"<p>Giv dit hjem lidt kant med vores Doppio Reol\/Plantestander lavet i smukt egetr\u00e6. Den er fremstillet af FSC-certificeret egetr\u00e6 og egetr\u00e6sfiner, hvilket giver et b\u00e6redygtigt og stilfuldt design. Brug den som en ekstra plads til at vise alle dine yndlingsgenstande, eller som en dekorativ opbevaringsl\u00f8sning. Med sin elegante og tidl\u00f8se udformning passer den perfekt ind [&hellip;]<\/p>\n","protected":false},"featured_media":1103751,"template":"","meta":{"_acf_changed":false,"inline_featured_image":false},"product_brand":[],"product_cat":[6880,6891,6321,4912,4913],"product_tag":[],"class_list":{"0":"post-977286","1":"product","2":"type-product","3":"status-publish","4":"has-post-thumbnail","6":"product_cat-elevating-nostalgia-da","7":"product_cat-multifunktionelle-moebler-da","8":"product_cat-fsc-da","9":"product_cat-potter-vandkander-da","10":"product_cat-plantekasser-da","11":"product_shipping_class-pk","13":"pa_color-natur-2","14":"pa_material-mdf-da","15":"pa_material-egetrsfiner","17":"first","18":"instock","19":"taxable","20":"shipping-taxable","21":"purchasable","22":"product-type-simple"},"exclude_global_add_ons":[],"addons":[],"acf":[],"yoast_head":"<!-- This site is optimized with the Yoast SEO plugin v26.4 - https:\/\/yoast.com\/wordpress\/plugins\/seo\/ -->\n<title>Doppio Reol\/Plantestander Natur - H\u00fcbsch<\/title>\n<meta name=\"description\" content=\"Giv dit hjem lidt kant med vores Doppio Reol\/Plantestander lavet i smukt egetr\u00e6. Den er fremstillet af FSC-certificeret egetr\u00e6 og egetr\u00e6sfiner, hvilket\" \/>\n<meta name=\"robots\" content=\"index, follow, max-snippet:-1, max-image-preview:large, max-video-preview:-1\" \/>\n<link rel=\"canonical\" href=\"https:\/\/hubsch-interior.com\/da\/wp-json\/wp\/v2\/product\/977286\" \/>\n<meta property=\"og:locale\" content=\"da_DK\" \/>\n<meta property=\"og:type\" content=\"article\" \/>\n<meta property=\"og:title\" content=\"Doppio Reol\/Plantestander Natur - H\u00fcbsch\" \/>\n<meta property=\"og:description\" content=\"Giv dit hjem lidt kant med vores Doppio Reol\/Plantestander lavet i smukt egetr\u00e6. Den er fremstillet af FSC-certificeret egetr\u00e6 og egetr\u00e6sfiner, hvilket\" \/>\n<meta property=\"og:url\" content=\"https:\/\/hubsch-interior.com\/da\/vare\/doppio-reol-plantestander-natur\/\" \/>\n<meta property=\"og:site_name\" content=\"H\u00fcbsch\" \/>\n<meta property=\"article:modified_time\" content=\"2026-04-14T02:53:23+00:00\" \/>\n<meta property=\"og:image\" content=\"https:\/\/hubsch-interior.com\/wp-content\/uploads\/2024\/01\/doppio-shelf-unitplant-stand-natural-da21cb6008c492115b29692587b7f1de.jpg\" \/>\n\t<meta property=\"og:image:width\" content=\"1200\" \/>\n\t<meta property=\"og:image:height\" content=\"1200\" \/>\n\t<meta property=\"og:image:type\" content=\"image\/jpeg\" \/>\n<meta name=\"twitter:card\" content=\"summary_large_image\" \/>\n<script type=\"application\/ld+json\" class=\"yoast-schema-graph\">{\"@context\":\"https:\/\/schema.org\",\"@graph\":[{\"@type\":\"WebPage\",\"@id\":\"https:\/\/hubsch-interior.com\/da\/vare\/doppio-reol-plantestander-natur\/\",\"url\":\"https:\/\/hubsch-interior.com\/da\/vare\/doppio-reol-plantestander-natur\/\",\"name\":\"Doppio Reol\/Plantestander Natur - H\u00fcbsch\",\"isPartOf\":{\"@id\":\"https:\/\/hubsch-interior.com\/da\/#website\"},\"primaryImageOfPage\":{\"@id\":\"https:\/\/hubsch-interior.com\/da\/vare\/doppio-reol-plantestander-natur\/#primaryimage\"},\"image\":{\"@id\":\"https:\/\/hubsch-interior.com\/da\/vare\/doppio-reol-plantestander-natur\/#primaryimage\"},\"thumbnailUrl\":\"https:\/\/hubsch-interior.com\/wp-content\/uploads\/2026\/02\/doppio-shelf-unitplant-stand-natural-e9edb32cec01911eb16d546b9ee15280.jpg\",\"datePublished\":\"2024-01-29T08:26:59+00:00\",\"dateModified\":\"2026-04-14T02:53:23+00:00\",\"description\":\"Giv dit hjem lidt kant med vores Doppio Reol\/Plantestander lavet i smukt egetr\u00e6. Den er fremstillet af FSC-certificeret egetr\u00e6 og egetr\u00e6sfiner, hvilket\",\"breadcrumb\":{\"@id\":\"https:\/\/hubsch-interior.com\/da\/vare\/doppio-reol-plantestander-natur\/#breadcrumb\"},\"inLanguage\":\"da-DK\",\"potentialAction\":[{\"@type\":\"ReadAction\",\"target\":[\"https:\/\/hubsch-interior.com\/da\/vare\/doppio-reol-plantestander-natur\/\"]}]},{\"@type\":\"ImageObject\",\"inLanguage\":\"da-DK\",\"@id\":\"https:\/\/hubsch-interior.com\/da\/vare\/doppio-reol-plantestander-natur\/#primaryimage\",\"url\":\"https:\/\/hubsch-interior.com\/wp-content\/uploads\/2026\/02\/doppio-shelf-unitplant-stand-natural-e9edb32cec01911eb16d546b9ee15280.jpg\",\"contentUrl\":\"https:\/\/hubsch-interior.com\/wp-content\/uploads\/2026\/02\/doppio-shelf-unitplant-stand-natural-e9edb32cec01911eb16d546b9ee15280.jpg\",\"width\":1024,\"height\":1024},{\"@type\":\"BreadcrumbList\",\"@id\":\"https:\/\/hubsch-interior.com\/da\/vare\/doppio-reol-plantestander-natur\/#breadcrumb\",\"itemListElement\":[{\"@type\":\"ListItem\",\"position\":1,\"name\":\"Forside\",\"item\":\"https:\/\/hubsch-interior.com\/da\/\"},{\"@type\":\"ListItem\",\"position\":2,\"name\":\"Produkter\",\"item\":\"https:\/\/hubsch-interior.com\/da\/produkter\/\"},{\"@type\":\"ListItem\",\"position\":3,\"name\":\"Boligtilbeh\u00f8r\",\"item\":\"https:\/\/hubsch-interior.com\/da\/vare-kategori\/boligtilbehor\/\"},{\"@type\":\"ListItem\",\"position\":4,\"name\":\"Potter &amp; vandkander\",\"item\":\"https:\/\/hubsch-interior.com\/da\/vare-kategori\/boligtilbehor\/potter-vandkander-da\/\"},{\"@type\":\"ListItem\",\"position\":5,\"name\":\"Plantekasser\",\"item\":\"https:\/\/hubsch-interior.com\/da\/vare-kategori\/boligtilbehor\/potter-vandkander-da\/plantekasser-da\/\"},{\"@type\":\"ListItem\",\"position\":6,\"name\":\"Doppio Reol\/Plantestander Natur\"}]},{\"@type\":\"WebSite\",\"@id\":\"https:\/\/hubsch-interior.com\/da\/#website\",\"url\":\"https:\/\/hubsch-interior.com\/da\/\",\"name\":\"H\u00fcbsch\",\"description\":\"Danish Home Interior and Design\",\"publisher\":{\"@id\":\"https:\/\/hubsch-interior.com\/da\/#organization\"},\"potentialAction\":[{\"@type\":\"SearchAction\",\"target\":{\"@type\":\"EntryPoint\",\"urlTemplate\":\"https:\/\/hubsch-interior.com\/da\/?s={search_term_string}\"},\"query-input\":{\"@type\":\"PropertyValueSpecification\",\"valueRequired\":true,\"valueName\":\"search_term_string\"}}],\"inLanguage\":\"da-DK\"},{\"@type\":\"Organization\",\"@id\":\"https:\/\/hubsch-interior.com\/da\/#organization\",\"name\":\"H\u00fcbsch\",\"url\":\"https:\/\/hubsch-interior.com\/da\/\",\"logo\":{\"@type\":\"ImageObject\",\"inLanguage\":\"da-DK\",\"@id\":\"https:\/\/hubsch-interior.com\/da\/#\/schema\/logo\/image\/\",\"url\":\"https:\/\/hubsch-interior.com\/wp-content\/uploads\/2022\/12\/Hubsch_logo_black_one_line.svg\",\"contentUrl\":\"https:\/\/hubsch-interior.com\/wp-content\/uploads\/2022\/12\/Hubsch_logo_black_one_line.svg\",\"caption\":\"H\u00fcbsch\"},\"image\":{\"@id\":\"https:\/\/hubsch-interior.com\/da\/#\/schema\/logo\/image\/\"}}]}<\/script>\n<!-- \/ Yoast SEO plugin. -->","yoast_head_json":{"title":"Doppio Reol\/Plantestander Natur - H\u00fcbsch","description":"Giv dit hjem lidt kant med vores Doppio Reol\/Plantestander lavet i smukt egetr\u00e6. Den er fremstillet af FSC-certificeret egetr\u00e6 og egetr\u00e6sfiner, hvilket","robots":{"index":"index","follow":"follow","max-snippet":"max-snippet:-1","max-image-preview":"max-image-preview:large","max-video-preview":"max-video-preview:-1"},"canonical":"https:\/\/hubsch-interior.com\/da\/wp-json\/wp\/v2\/product\/977286","og_locale":"da_DK","og_type":"article","og_title":"Doppio Reol\/Plantestander Natur - H\u00fcbsch","og_description":"Giv dit hjem lidt kant med vores Doppio Reol\/Plantestander lavet i smukt egetr\u00e6. Den er fremstillet af FSC-certificeret egetr\u00e6 og egetr\u00e6sfiner, hvilket","og_url":"https:\/\/hubsch-interior.com\/da\/vare\/doppio-reol-plantestander-natur\/","og_site_name":"H\u00fcbsch","article_modified_time":"2026-04-14T02:53:23+00:00","og_image":[{"width":1200,"height":1200,"url":"https:\/\/hubsch-interior.com\/wp-content\/uploads\/2024\/01\/doppio-shelf-unitplant-stand-natural-da21cb6008c492115b29692587b7f1de.jpg","type":"image\/jpeg"}],"twitter_card":"summary_large_image","schema":{"@context":"https:\/\/schema.org","@graph":[{"@type":"WebPage","@id":"https:\/\/hubsch-interior.com\/da\/vare\/doppio-reol-plantestander-natur\/","url":"https:\/\/hubsch-interior.com\/da\/vare\/doppio-reol-plantestander-natur\/","name":"Doppio Reol\/Plantestander Natur - H\u00fcbsch","isPartOf":{"@id":"https:\/\/hubsch-interior.com\/da\/#website"},"primaryImageOfPage":{"@id":"https:\/\/hubsch-interior.com\/da\/vare\/doppio-reol-plantestander-natur\/#primaryimage"},"image":{"@id":"https:\/\/hubsch-interior.com\/da\/vare\/doppio-reol-plantestander-natur\/#primaryimage"},"thumbnailUrl":"https:\/\/hubsch-interior.com\/wp-content\/uploads\/2026\/02\/doppio-shelf-unitplant-stand-natural-e9edb32cec01911eb16d546b9ee15280.jpg","datePublished":"2024-01-29T08:26:59+00:00","dateModified":"2026-04-14T02:53:23+00:00","description":"Giv dit hjem lidt kant med vores Doppio Reol\/Plantestander lavet i smukt egetr\u00e6. Den er fremstillet af FSC-certificeret egetr\u00e6 og egetr\u00e6sfiner, hvilket","breadcrumb":{"@id":"https:\/\/hubsch-interior.com\/da\/vare\/doppio-reol-plantestander-natur\/#breadcrumb"},"inLanguage":"da-DK","potentialAction":[{"@type":"ReadAction","target":["https:\/\/hubsch-interior.com\/da\/vare\/doppio-reol-plantestander-natur\/"]}]},{"@type":"ImageObject","inLanguage":"da-DK","@id":"https:\/\/hubsch-interior.com\/da\/vare\/doppio-reol-plantestander-natur\/#primaryimage","url":"https:\/\/hubsch-interior.com\/wp-content\/uploads\/2026\/02\/doppio-shelf-unitplant-stand-natural-e9edb32cec01911eb16d546b9ee15280.jpg","contentUrl":"https:\/\/hubsch-interior.com\/wp-content\/uploads\/2026\/02\/doppio-shelf-unitplant-stand-natural-e9edb32cec01911eb16d546b9ee15280.jpg","width":1024,"height":1024},{"@type":"BreadcrumbList","@id":"https:\/\/hubsch-interior.com\/da\/vare\/doppio-reol-plantestander-natur\/#breadcrumb","itemListElement":[{"@type":"ListItem","position":1,"name":"Forside","item":"https:\/\/hubsch-interior.com\/da\/"},{"@type":"ListItem","position":2,"name":"Produkter","item":"https:\/\/hubsch-interior.com\/da\/produkter\/"},{"@type":"ListItem","position":3,"name":"Boligtilbeh\u00f8r","item":"https:\/\/hubsch-interior.com\/da\/vare-kategori\/boligtilbehor\/"},{"@type":"ListItem","position":4,"name":"Potter &amp; vandkander","item":"https:\/\/hubsch-interior.com\/da\/vare-kategori\/boligtilbehor\/potter-vandkander-da\/"},{"@type":"ListItem","position":5,"name":"Plantekasser","item":"https:\/\/hubsch-interior.com\/da\/vare-kategori\/boligtilbehor\/potter-vandkander-da\/plantekasser-da\/"},{"@type":"ListItem","position":6,"name":"Doppio Reol\/Plantestander Natur"}]},{"@type":"WebSite","@id":"https:\/\/hubsch-interior.com\/da\/#website","url":"https:\/\/hubsch-interior.com\/da\/","name":"H\u00fcbsch","description":"Danish Home Interior and Design","publisher":{"@id":"https:\/\/hubsch-interior.com\/da\/#organization"},"potentialAction":[{"@type":"SearchAction","target":{"@type":"EntryPoint","urlTemplate":"https:\/\/hubsch-interior.com\/da\/?s={search_term_string}"},"query-input":{"@type":"PropertyValueSpecification","valueRequired":true,"valueName":"search_term_string"}}],"inLanguage":"da-DK"},{"@type":"Organization","@id":"https:\/\/hubsch-interior.com\/da\/#organization","name":"H\u00fcbsch","url":"https:\/\/hubsch-interior.com\/da\/","logo":{"@type":"ImageObject","inLanguage":"da-DK","@id":"https:\/\/hubsch-interior.com\/da\/#\/schema\/logo\/image\/","url":"https:\/\/hubsch-interior.com\/wp-content\/uploads\/2022\/12\/Hubsch_logo_black_one_line.svg","contentUrl":"https:\/\/hubsch-interior.com\/wp-content\/uploads\/2022\/12\/Hubsch_logo_black_one_line.svg","caption":"H\u00fcbsch"},"image":{"@id":"https:\/\/hubsch-interior.com\/da\/#\/schema\/logo\/image\/"}}]}},"_links":{"self":[{"href":"https:\/\/hubsch-interior.com\/da\/wp-json\/wp\/v2\/product\/977286","targetHints":{"allow":["GET"]}}],"collection":[{"href":"https:\/\/hubsch-interior.com\/da\/wp-json\/wp\/v2\/product"}],"about":[{"href":"https:\/\/hubsch-interior.com\/da\/wp-json\/wp\/v2\/types\/product"}],"wp:featuredmedia":[{"embeddable":true,"href":"https:\/\/hubsch-interior.com\/da\/wp-json\/wp\/v2\/media\/1103751"}],"wp:attachment":[{"href":"https:\/\/hubsch-interior.com\/da\/wp-json\/wp\/v2\/media?parent=977286"}],"wp:term":[{"taxonomy":"product_brand","embeddable":true,"href":"https:\/\/hubsch-interior.com\/da\/wp-json\/wp\/v2\/product_brand?post=977286"},{"taxonomy":"product_cat","embeddable":true,"href":"https:\/\/hubsch-interior.com\/da\/wp-json\/wp\/v2\/product_cat?post=977286"},{"taxonomy":"product_tag","embeddable":true,"href":"https:\/\/hubsch-interior.com\/da\/wp-json\/wp\/v2\/product_tag?post=977286"}],"curies":[{"name":"wp","href":"https:\/\/api.w.org\/{rel}","templated":true}]}}