{"id":977314,"date":"2024-01-29T09:27:12","date_gmt":"2024-01-29T08:27:12","guid":{"rendered":"https:\/\/hubsch-interior.com\/product\/product\/"},"modified":"2026-04-05T04:55:37","modified_gmt":"2026-04-05T02:55:37","slug":"heritage-reol-small-natur","status":"publish","type":"product","link":"https:\/\/hubsch-interior.com\/da\/vare\/heritage-reol-small-natur\/","title":{"rendered":"Heritage Reol Small Natur"},"content":{"rendered":"<p>Heritage reolen er et multifunktionelt m\u00f8bel, der kan bruges p\u00e5 utallige m\u00e5der. Den kommer i to st\u00f8rrelser, hvoraf denne er den lille, der passer perfekt ind i ethvert hjem. Den er lavet af 100% FSC-certificeret egetr\u00e6. De runde hj\u00f8rner giver et bl\u00f8dt og tidl\u00f8st udtryk, mens papirsnoren tilf\u00f8jer en \u00e6stetisk dimension. Brug den op ad v\u00e6ggen eller som rumdeler, mulighederne er uendelige. Heritage reolen er det perfekte valg til dig, der \u00f8nsker at tilf\u00f8je en tidl\u00f8s elegance til dit hjem.<\/p>\n","protected":false},"excerpt":{"rendered":"<p>Heritage reolen er et multifunktionelt m\u00f8bel, der kan bruges p\u00e5 utallige m\u00e5der. Den kommer i to st\u00f8rrelser, hvoraf denne er den lille, der passer perfekt ind i ethvert hjem. Den er lavet af 100% FSC-certificeret egetr\u00e6. De runde hj\u00f8rner giver et bl\u00f8dt og tidl\u00f8st udtryk, mens papirsnoren tilf\u00f8jer en \u00e6stetisk dimension. Brug den op ad [&hellip;]<\/p>\n","protected":false},"featured_media":1103775,"template":"","meta":{"_acf_changed":false,"inline_featured_image":false},"product_brand":[],"product_cat":[6880,6891,3999,4010,5025],"product_tag":[],"class_list":{"0":"post-977314","1":"product","2":"type-product","3":"status-publish","4":"has-post-thumbnail","6":"product_cat-elevating-nostalgia-da","7":"product_cat-multifunktionelle-moebler-da","8":"product_cat-reoler-opbevaring-da","9":"product_cat-reoler-da","10":"product_cat-bestsellers-da","11":"product_shipping_class-p05","12":"pa_color-natur-2","13":"pa_material-mdf-da","14":"pa_material-egetr","15":"pa_material-egetrsfiner","16":"pa_material-paper-string","18":"first","19":"outofstock","20":"featured","21":"taxable","22":"shipping-taxable","23":"purchasable","24":"product-type-simple"},"exclude_global_add_ons":[],"addons":[],"acf":[],"yoast_head":"<!-- This site is optimized with the Yoast SEO plugin v26.4 - https:\/\/yoast.com\/wordpress\/plugins\/seo\/ -->\n<title>Heritage Reol Small Natur - H\u00fcbsch<\/title>\n<meta name=\"description\" content=\"Heritage reolen er et multifunktionelt m\u00f8bel, der kan bruges p\u00e5 utallige m\u00e5der. Den kommer i to st\u00f8rrelser, hvoraf denne er den lille, der passer perfekt\" \/>\n<meta name=\"robots\" content=\"index, follow, max-snippet:-1, max-image-preview:large, max-video-preview:-1\" \/>\n<link rel=\"canonical\" href=\"https:\/\/hubsch-interior.com\/da\/wp-json\/wp\/v2\/product\/977314\" \/>\n<meta property=\"og:locale\" content=\"da_DK\" \/>\n<meta property=\"og:type\" content=\"article\" \/>\n<meta property=\"og:title\" content=\"Heritage Reol Small Natur - H\u00fcbsch\" \/>\n<meta property=\"og:description\" content=\"Heritage reolen er et multifunktionelt m\u00f8bel, der kan bruges p\u00e5 utallige m\u00e5der. Den kommer i to st\u00f8rrelser, hvoraf denne er den lille, der passer perfekt\" \/>\n<meta property=\"og:url\" content=\"https:\/\/hubsch-interior.com\/da\/vare\/heritage-reol-small-natur\/\" \/>\n<meta property=\"og:site_name\" content=\"H\u00fcbsch\" \/>\n<meta property=\"article:modified_time\" content=\"2026-04-05T02:55:37+00:00\" \/>\n<meta property=\"og:image\" content=\"https:\/\/hubsch-interior.com\/wp-content\/uploads\/2026\/02\/heritage-shelf-unit-small-natural-4bc90dd462ef863c7f5acfc1d5499129.jpg\" \/>\n\t<meta property=\"og:image:width\" content=\"1024\" \/>\n\t<meta property=\"og:image:height\" content=\"1024\" \/>\n\t<meta property=\"og:image:type\" content=\"image\/jpeg\" \/>\n<meta name=\"twitter:card\" content=\"summary_large_image\" \/>\n<script type=\"application\/ld+json\" class=\"yoast-schema-graph\">{\"@context\":\"https:\/\/schema.org\",\"@graph\":[{\"@type\":\"WebPage\",\"@id\":\"https:\/\/hubsch-interior.com\/da\/vare\/heritage-reol-small-natur\/\",\"url\":\"https:\/\/hubsch-interior.com\/da\/vare\/heritage-reol-small-natur\/\",\"name\":\"Heritage Reol Small Natur - H\u00fcbsch\",\"isPartOf\":{\"@id\":\"https:\/\/hubsch-interior.com\/da\/#website\"},\"primaryImageOfPage\":{\"@id\":\"https:\/\/hubsch-interior.com\/da\/vare\/heritage-reol-small-natur\/#primaryimage\"},\"image\":{\"@id\":\"https:\/\/hubsch-interior.com\/da\/vare\/heritage-reol-small-natur\/#primaryimage\"},\"thumbnailUrl\":\"https:\/\/hubsch-interior.com\/wp-content\/uploads\/2026\/02\/heritage-shelf-unit-small-natural-4bc90dd462ef863c7f5acfc1d5499129.jpg\",\"datePublished\":\"2024-01-29T08:27:12+00:00\",\"dateModified\":\"2026-04-05T02:55:37+00:00\",\"description\":\"Heritage reolen er et multifunktionelt m\u00f8bel, der kan bruges p\u00e5 utallige m\u00e5der. Den kommer i to st\u00f8rrelser, hvoraf denne er den lille, der passer perfekt\",\"breadcrumb\":{\"@id\":\"https:\/\/hubsch-interior.com\/da\/vare\/heritage-reol-small-natur\/#breadcrumb\"},\"inLanguage\":\"da-DK\",\"potentialAction\":[{\"@type\":\"ReadAction\",\"target\":[\"https:\/\/hubsch-interior.com\/da\/vare\/heritage-reol-small-natur\/\"]}]},{\"@type\":\"ImageObject\",\"inLanguage\":\"da-DK\",\"@id\":\"https:\/\/hubsch-interior.com\/da\/vare\/heritage-reol-small-natur\/#primaryimage\",\"url\":\"https:\/\/hubsch-interior.com\/wp-content\/uploads\/2026\/02\/heritage-shelf-unit-small-natural-4bc90dd462ef863c7f5acfc1d5499129.jpg\",\"contentUrl\":\"https:\/\/hubsch-interior.com\/wp-content\/uploads\/2026\/02\/heritage-shelf-unit-small-natural-4bc90dd462ef863c7f5acfc1d5499129.jpg\",\"width\":1024,\"height\":1024},{\"@type\":\"BreadcrumbList\",\"@id\":\"https:\/\/hubsch-interior.com\/da\/vare\/heritage-reol-small-natur\/#breadcrumb\",\"itemListElement\":[{\"@type\":\"ListItem\",\"position\":1,\"name\":\"Forside\",\"item\":\"https:\/\/hubsch-interior.com\/da\/\"},{\"@type\":\"ListItem\",\"position\":2,\"name\":\"Produkter\",\"item\":\"https:\/\/hubsch-interior.com\/da\/produkter\/\"},{\"@type\":\"ListItem\",\"position\":3,\"name\":\"M\u00f8bler\",\"item\":\"https:\/\/hubsch-interior.com\/da\/vare-kategori\/mobler\/\"},{\"@type\":\"ListItem\",\"position\":4,\"name\":\"Reoler &amp; opbevaring\",\"item\":\"https:\/\/hubsch-interior.com\/da\/vare-kategori\/mobler\/reoler-opbevaring-da\/\"},{\"@type\":\"ListItem\",\"position\":5,\"name\":\"Reoler\",\"item\":\"https:\/\/hubsch-interior.com\/da\/vare-kategori\/mobler\/reoler-opbevaring-da\/reoler-da\/\"},{\"@type\":\"ListItem\",\"position\":6,\"name\":\"Heritage Reol Small Natur\"}]},{\"@type\":\"WebSite\",\"@id\":\"https:\/\/hubsch-interior.com\/da\/#website\",\"url\":\"https:\/\/hubsch-interior.com\/da\/\",\"name\":\"H\u00fcbsch\",\"description\":\"Danish Home Interior and Design\",\"publisher\":{\"@id\":\"https:\/\/hubsch-interior.com\/da\/#organization\"},\"potentialAction\":[{\"@type\":\"SearchAction\",\"target\":{\"@type\":\"EntryPoint\",\"urlTemplate\":\"https:\/\/hubsch-interior.com\/da\/?s={search_term_string}\"},\"query-input\":{\"@type\":\"PropertyValueSpecification\",\"valueRequired\":true,\"valueName\":\"search_term_string\"}}],\"inLanguage\":\"da-DK\"},{\"@type\":\"Organization\",\"@id\":\"https:\/\/hubsch-interior.com\/da\/#organization\",\"name\":\"H\u00fcbsch\",\"url\":\"https:\/\/hubsch-interior.com\/da\/\",\"logo\":{\"@type\":\"ImageObject\",\"inLanguage\":\"da-DK\",\"@id\":\"https:\/\/hubsch-interior.com\/da\/#\/schema\/logo\/image\/\",\"url\":\"https:\/\/hubsch-interior.com\/wp-content\/uploads\/2022\/12\/Hubsch_logo_black_one_line.svg\",\"contentUrl\":\"https:\/\/hubsch-interior.com\/wp-content\/uploads\/2022\/12\/Hubsch_logo_black_one_line.svg\",\"caption\":\"H\u00fcbsch\"},\"image\":{\"@id\":\"https:\/\/hubsch-interior.com\/da\/#\/schema\/logo\/image\/\"}}]}<\/script>\n<!-- \/ Yoast SEO plugin. -->","yoast_head_json":{"title":"Heritage Reol Small Natur - H\u00fcbsch","description":"Heritage reolen er et multifunktionelt m\u00f8bel, der kan bruges p\u00e5 utallige m\u00e5der. Den kommer i to st\u00f8rrelser, hvoraf denne er den lille, der passer perfekt","robots":{"index":"index","follow":"follow","max-snippet":"max-snippet:-1","max-image-preview":"max-image-preview:large","max-video-preview":"max-video-preview:-1"},"canonical":"https:\/\/hubsch-interior.com\/da\/wp-json\/wp\/v2\/product\/977314","og_locale":"da_DK","og_type":"article","og_title":"Heritage Reol Small Natur - H\u00fcbsch","og_description":"Heritage reolen er et multifunktionelt m\u00f8bel, der kan bruges p\u00e5 utallige m\u00e5der. Den kommer i to st\u00f8rrelser, hvoraf denne er den lille, der passer perfekt","og_url":"https:\/\/hubsch-interior.com\/da\/vare\/heritage-reol-small-natur\/","og_site_name":"H\u00fcbsch","article_modified_time":"2026-04-05T02:55:37+00:00","og_image":[{"width":1024,"height":1024,"url":"https:\/\/hubsch-interior.com\/wp-content\/uploads\/2026\/02\/heritage-shelf-unit-small-natural-4bc90dd462ef863c7f5acfc1d5499129.jpg","type":"image\/jpeg"}],"twitter_card":"summary_large_image","schema":{"@context":"https:\/\/schema.org","@graph":[{"@type":"WebPage","@id":"https:\/\/hubsch-interior.com\/da\/vare\/heritage-reol-small-natur\/","url":"https:\/\/hubsch-interior.com\/da\/vare\/heritage-reol-small-natur\/","name":"Heritage Reol Small Natur - H\u00fcbsch","isPartOf":{"@id":"https:\/\/hubsch-interior.com\/da\/#website"},"primaryImageOfPage":{"@id":"https:\/\/hubsch-interior.com\/da\/vare\/heritage-reol-small-natur\/#primaryimage"},"image":{"@id":"https:\/\/hubsch-interior.com\/da\/vare\/heritage-reol-small-natur\/#primaryimage"},"thumbnailUrl":"https:\/\/hubsch-interior.com\/wp-content\/uploads\/2026\/02\/heritage-shelf-unit-small-natural-4bc90dd462ef863c7f5acfc1d5499129.jpg","datePublished":"2024-01-29T08:27:12+00:00","dateModified":"2026-04-05T02:55:37+00:00","description":"Heritage reolen er et multifunktionelt m\u00f8bel, der kan bruges p\u00e5 utallige m\u00e5der. Den kommer i to st\u00f8rrelser, hvoraf denne er den lille, der passer perfekt","breadcrumb":{"@id":"https:\/\/hubsch-interior.com\/da\/vare\/heritage-reol-small-natur\/#breadcrumb"},"inLanguage":"da-DK","potentialAction":[{"@type":"ReadAction","target":["https:\/\/hubsch-interior.com\/da\/vare\/heritage-reol-small-natur\/"]}]},{"@type":"ImageObject","inLanguage":"da-DK","@id":"https:\/\/hubsch-interior.com\/da\/vare\/heritage-reol-small-natur\/#primaryimage","url":"https:\/\/hubsch-interior.com\/wp-content\/uploads\/2026\/02\/heritage-shelf-unit-small-natural-4bc90dd462ef863c7f5acfc1d5499129.jpg","contentUrl":"https:\/\/hubsch-interior.com\/wp-content\/uploads\/2026\/02\/heritage-shelf-unit-small-natural-4bc90dd462ef863c7f5acfc1d5499129.jpg","width":1024,"height":1024},{"@type":"BreadcrumbList","@id":"https:\/\/hubsch-interior.com\/da\/vare\/heritage-reol-small-natur\/#breadcrumb","itemListElement":[{"@type":"ListItem","position":1,"name":"Forside","item":"https:\/\/hubsch-interior.com\/da\/"},{"@type":"ListItem","position":2,"name":"Produkter","item":"https:\/\/hubsch-interior.com\/da\/produkter\/"},{"@type":"ListItem","position":3,"name":"M\u00f8bler","item":"https:\/\/hubsch-interior.com\/da\/vare-kategori\/mobler\/"},{"@type":"ListItem","position":4,"name":"Reoler &amp; opbevaring","item":"https:\/\/hubsch-interior.com\/da\/vare-kategori\/mobler\/reoler-opbevaring-da\/"},{"@type":"ListItem","position":5,"name":"Reoler","item":"https:\/\/hubsch-interior.com\/da\/vare-kategori\/mobler\/reoler-opbevaring-da\/reoler-da\/"},{"@type":"ListItem","position":6,"name":"Heritage Reol Small Natur"}]},{"@type":"WebSite","@id":"https:\/\/hubsch-interior.com\/da\/#website","url":"https:\/\/hubsch-interior.com\/da\/","name":"H\u00fcbsch","description":"Danish Home Interior and Design","publisher":{"@id":"https:\/\/hubsch-interior.com\/da\/#organization"},"potentialAction":[{"@type":"SearchAction","target":{"@type":"EntryPoint","urlTemplate":"https:\/\/hubsch-interior.com\/da\/?s={search_term_string}"},"query-input":{"@type":"PropertyValueSpecification","valueRequired":true,"valueName":"search_term_string"}}],"inLanguage":"da-DK"},{"@type":"Organization","@id":"https:\/\/hubsch-interior.com\/da\/#organization","name":"H\u00fcbsch","url":"https:\/\/hubsch-interior.com\/da\/","logo":{"@type":"ImageObject","inLanguage":"da-DK","@id":"https:\/\/hubsch-interior.com\/da\/#\/schema\/logo\/image\/","url":"https:\/\/hubsch-interior.com\/wp-content\/uploads\/2022\/12\/Hubsch_logo_black_one_line.svg","contentUrl":"https:\/\/hubsch-interior.com\/wp-content\/uploads\/2022\/12\/Hubsch_logo_black_one_line.svg","caption":"H\u00fcbsch"},"image":{"@id":"https:\/\/hubsch-interior.com\/da\/#\/schema\/logo\/image\/"}}]}},"_links":{"self":[{"href":"https:\/\/hubsch-interior.com\/da\/wp-json\/wp\/v2\/product\/977314","targetHints":{"allow":["GET"]}}],"collection":[{"href":"https:\/\/hubsch-interior.com\/da\/wp-json\/wp\/v2\/product"}],"about":[{"href":"https:\/\/hubsch-interior.com\/da\/wp-json\/wp\/v2\/types\/product"}],"wp:featuredmedia":[{"embeddable":true,"href":"https:\/\/hubsch-interior.com\/da\/wp-json\/wp\/v2\/media\/1103775"}],"wp:attachment":[{"href":"https:\/\/hubsch-interior.com\/da\/wp-json\/wp\/v2\/media?parent=977314"}],"wp:term":[{"taxonomy":"product_brand","embeddable":true,"href":"https:\/\/hubsch-interior.com\/da\/wp-json\/wp\/v2\/product_brand?post=977314"},{"taxonomy":"product_cat","embeddable":true,"href":"https:\/\/hubsch-interior.com\/da\/wp-json\/wp\/v2\/product_cat?post=977314"},{"taxonomy":"product_tag","embeddable":true,"href":"https:\/\/hubsch-interior.com\/da\/wp-json\/wp\/v2\/product_tag?post=977314"}],"curies":[{"name":"wp","href":"https:\/\/api.w.org\/{rel}","templated":true}]}}