{"id":977342,"date":"2024-01-29T09:27:33","date_gmt":"2024-01-29T08:27:33","guid":{"rendered":"https:\/\/hubsch-interior.com\/product\/product\/"},"modified":"2026-04-05T04:55:41","modified_gmt":"2026-04-05T02:55:41","slug":"heritage-reol-large-natur","status":"publish","type":"product","link":"https:\/\/hubsch-interior.com\/da\/vare\/heritage-reol-large-natur\/","title":{"rendered":"Heritage Reol Large Natur"},"content":{"rendered":"<p>Heritage Reolen er den perfekte l\u00f8sning til dit hjem med sin multifunktionelle og \u00e6stetiske udtryk. Den f\u00e5s i to st\u00f8rrelser, hvoraf denne er den store og er lavet af FSC-certificeret egetr\u00e6. Med en kombination af egetr\u00e6sfiner, egetr\u00e6 og papirsnor, er denne reol b\u00e5de holdbar og elegant. Brug den op ad v\u00e6ggen eller som en rumdeler, og lad de afrundede hj\u00f8rner og tidsl\u00f8se elegance tilf\u00f8je stil til dit hjem. 100% FSC Papercord er brugt som baggrund for denne reol, hvilket g\u00f8r den til en b\u00e6redygtig og moderne tilf\u00f8jelse til ethvert rum.<\/p>\n","protected":false},"excerpt":{"rendered":"<p>Heritage Reolen er den perfekte l\u00f8sning til dit hjem med sin multifunktionelle og \u00e6stetiske udtryk. Den f\u00e5s i to st\u00f8rrelser, hvoraf denne er den store og er lavet af FSC-certificeret egetr\u00e6. Med en kombination af egetr\u00e6sfiner, egetr\u00e6 og papirsnor, er denne reol b\u00e5de holdbar og elegant. Brug den op ad v\u00e6ggen eller som en rumdeler, [&hellip;]<\/p>\n","protected":false},"featured_media":1103799,"template":"","meta":{"_acf_changed":false,"inline_featured_image":false},"product_brand":[],"product_cat":[6880,6891,6321,3999,4010],"product_tag":[],"class_list":{"0":"post-977342","1":"product","2":"type-product","3":"status-publish","4":"has-post-thumbnail","6":"product_cat-elevating-nostalgia-da","7":"product_cat-multifunktionelle-moebler-da","8":"product_cat-fsc-da","9":"product_cat-reoler-opbevaring-da","10":"product_cat-reoler-da","11":"product_shipping_class-p05","13":"pa_color-natur-2","14":"pa_material-egetr","15":"pa_material-egetrsfiner","16":"pa_material-mdf-da","17":"pa_material-paper-string","19":"first","20":"instock","21":"taxable","22":"shipping-taxable","23":"purchasable","24":"product-type-simple"},"exclude_global_add_ons":[],"addons":[],"acf":[],"yoast_head":"<!-- This site is optimized with the Yoast SEO plugin v26.4 - https:\/\/yoast.com\/wordpress\/plugins\/seo\/ -->\n<title>Heritage Reol Large Natur - H\u00fcbsch<\/title>\n<meta name=\"description\" content=\"Heritage Reolen er den perfekte l\u00f8sning til dit hjem med sin multifunktionelle og \u00e6stetiske udtryk. Den f\u00e5s i to st\u00f8rrelser, hvoraf denne er den store og\" \/>\n<meta name=\"robots\" content=\"index, follow, max-snippet:-1, max-image-preview:large, max-video-preview:-1\" \/>\n<link rel=\"canonical\" href=\"https:\/\/hubsch-interior.com\/da\/wp-json\/wp\/v2\/product\/977342\" \/>\n<meta property=\"og:locale\" content=\"da_DK\" \/>\n<meta property=\"og:type\" content=\"article\" \/>\n<meta property=\"og:title\" content=\"Heritage Reol Large Natur - H\u00fcbsch\" \/>\n<meta property=\"og:description\" content=\"Heritage Reolen er den perfekte l\u00f8sning til dit hjem med sin multifunktionelle og \u00e6stetiske udtryk. Den f\u00e5s i to st\u00f8rrelser, hvoraf denne er den store og\" \/>\n<meta property=\"og:url\" content=\"https:\/\/hubsch-interior.com\/da\/vare\/heritage-reol-large-natur\/\" \/>\n<meta property=\"og:site_name\" content=\"H\u00fcbsch\" \/>\n<meta property=\"article:modified_time\" content=\"2026-04-05T02:55:41+00:00\" \/>\n<meta property=\"og:image\" content=\"https:\/\/hubsch-interior.com\/wp-content\/uploads\/2026\/02\/heritage-shelf-unit-large-natural-c1ded546636962271131f60ead76616a.jpg\" \/>\n\t<meta property=\"og:image:width\" content=\"1024\" \/>\n\t<meta property=\"og:image:height\" content=\"1024\" \/>\n\t<meta property=\"og:image:type\" content=\"image\/jpeg\" \/>\n<meta name=\"twitter:card\" content=\"summary_large_image\" \/>\n<meta name=\"twitter:label1\" content=\"Estimeret l\u00e6setid\" \/>\n\t<meta name=\"twitter:data1\" content=\"1 minut\" \/>\n<script type=\"application\/ld+json\" class=\"yoast-schema-graph\">{\"@context\":\"https:\/\/schema.org\",\"@graph\":[{\"@type\":\"WebPage\",\"@id\":\"https:\/\/hubsch-interior.com\/da\/vare\/heritage-reol-large-natur\/\",\"url\":\"https:\/\/hubsch-interior.com\/da\/vare\/heritage-reol-large-natur\/\",\"name\":\"Heritage Reol Large Natur - H\u00fcbsch\",\"isPartOf\":{\"@id\":\"https:\/\/hubsch-interior.com\/da\/#website\"},\"primaryImageOfPage\":{\"@id\":\"https:\/\/hubsch-interior.com\/da\/vare\/heritage-reol-large-natur\/#primaryimage\"},\"image\":{\"@id\":\"https:\/\/hubsch-interior.com\/da\/vare\/heritage-reol-large-natur\/#primaryimage\"},\"thumbnailUrl\":\"https:\/\/hubsch-interior.com\/wp-content\/uploads\/2026\/02\/heritage-shelf-unit-large-natural-c1ded546636962271131f60ead76616a.jpg\",\"datePublished\":\"2024-01-29T08:27:33+00:00\",\"dateModified\":\"2026-04-05T02:55:41+00:00\",\"description\":\"Heritage Reolen er den perfekte l\u00f8sning til dit hjem med sin multifunktionelle og \u00e6stetiske udtryk. Den f\u00e5s i to st\u00f8rrelser, hvoraf denne er den store og\",\"breadcrumb\":{\"@id\":\"https:\/\/hubsch-interior.com\/da\/vare\/heritage-reol-large-natur\/#breadcrumb\"},\"inLanguage\":\"da-DK\",\"potentialAction\":[{\"@type\":\"ReadAction\",\"target\":[\"https:\/\/hubsch-interior.com\/da\/vare\/heritage-reol-large-natur\/\"]}]},{\"@type\":\"ImageObject\",\"inLanguage\":\"da-DK\",\"@id\":\"https:\/\/hubsch-interior.com\/da\/vare\/heritage-reol-large-natur\/#primaryimage\",\"url\":\"https:\/\/hubsch-interior.com\/wp-content\/uploads\/2026\/02\/heritage-shelf-unit-large-natural-c1ded546636962271131f60ead76616a.jpg\",\"contentUrl\":\"https:\/\/hubsch-interior.com\/wp-content\/uploads\/2026\/02\/heritage-shelf-unit-large-natural-c1ded546636962271131f60ead76616a.jpg\",\"width\":1024,\"height\":1024},{\"@type\":\"BreadcrumbList\",\"@id\":\"https:\/\/hubsch-interior.com\/da\/vare\/heritage-reol-large-natur\/#breadcrumb\",\"itemListElement\":[{\"@type\":\"ListItem\",\"position\":1,\"name\":\"Forside\",\"item\":\"https:\/\/hubsch-interior.com\/da\/\"},{\"@type\":\"ListItem\",\"position\":2,\"name\":\"Produkter\",\"item\":\"https:\/\/hubsch-interior.com\/da\/produkter\/\"},{\"@type\":\"ListItem\",\"position\":3,\"name\":\"M\u00f8bler\",\"item\":\"https:\/\/hubsch-interior.com\/da\/vare-kategori\/mobler\/\"},{\"@type\":\"ListItem\",\"position\":4,\"name\":\"Reoler &amp; opbevaring\",\"item\":\"https:\/\/hubsch-interior.com\/da\/vare-kategori\/mobler\/reoler-opbevaring-da\/\"},{\"@type\":\"ListItem\",\"position\":5,\"name\":\"Reoler\",\"item\":\"https:\/\/hubsch-interior.com\/da\/vare-kategori\/mobler\/reoler-opbevaring-da\/reoler-da\/\"},{\"@type\":\"ListItem\",\"position\":6,\"name\":\"Heritage Reol Large Natur\"}]},{\"@type\":\"WebSite\",\"@id\":\"https:\/\/hubsch-interior.com\/da\/#website\",\"url\":\"https:\/\/hubsch-interior.com\/da\/\",\"name\":\"H\u00fcbsch\",\"description\":\"Danish Home Interior and Design\",\"publisher\":{\"@id\":\"https:\/\/hubsch-interior.com\/da\/#organization\"},\"potentialAction\":[{\"@type\":\"SearchAction\",\"target\":{\"@type\":\"EntryPoint\",\"urlTemplate\":\"https:\/\/hubsch-interior.com\/da\/?s={search_term_string}\"},\"query-input\":{\"@type\":\"PropertyValueSpecification\",\"valueRequired\":true,\"valueName\":\"search_term_string\"}}],\"inLanguage\":\"da-DK\"},{\"@type\":\"Organization\",\"@id\":\"https:\/\/hubsch-interior.com\/da\/#organization\",\"name\":\"H\u00fcbsch\",\"url\":\"https:\/\/hubsch-interior.com\/da\/\",\"logo\":{\"@type\":\"ImageObject\",\"inLanguage\":\"da-DK\",\"@id\":\"https:\/\/hubsch-interior.com\/da\/#\/schema\/logo\/image\/\",\"url\":\"https:\/\/hubsch-interior.com\/wp-content\/uploads\/2022\/12\/Hubsch_logo_black_one_line.svg\",\"contentUrl\":\"https:\/\/hubsch-interior.com\/wp-content\/uploads\/2022\/12\/Hubsch_logo_black_one_line.svg\",\"caption\":\"H\u00fcbsch\"},\"image\":{\"@id\":\"https:\/\/hubsch-interior.com\/da\/#\/schema\/logo\/image\/\"}}]}<\/script>\n<!-- \/ Yoast SEO plugin. -->","yoast_head_json":{"title":"Heritage Reol Large Natur - H\u00fcbsch","description":"Heritage Reolen er den perfekte l\u00f8sning til dit hjem med sin multifunktionelle og \u00e6stetiske udtryk. Den f\u00e5s i to st\u00f8rrelser, hvoraf denne er den store og","robots":{"index":"index","follow":"follow","max-snippet":"max-snippet:-1","max-image-preview":"max-image-preview:large","max-video-preview":"max-video-preview:-1"},"canonical":"https:\/\/hubsch-interior.com\/da\/wp-json\/wp\/v2\/product\/977342","og_locale":"da_DK","og_type":"article","og_title":"Heritage Reol Large Natur - H\u00fcbsch","og_description":"Heritage Reolen er den perfekte l\u00f8sning til dit hjem med sin multifunktionelle og \u00e6stetiske udtryk. Den f\u00e5s i to st\u00f8rrelser, hvoraf denne er den store og","og_url":"https:\/\/hubsch-interior.com\/da\/vare\/heritage-reol-large-natur\/","og_site_name":"H\u00fcbsch","article_modified_time":"2026-04-05T02:55:41+00:00","og_image":[{"width":1024,"height":1024,"url":"https:\/\/hubsch-interior.com\/wp-content\/uploads\/2026\/02\/heritage-shelf-unit-large-natural-c1ded546636962271131f60ead76616a.jpg","type":"image\/jpeg"}],"twitter_card":"summary_large_image","twitter_misc":{"Estimeret l\u00e6setid":"1 minut"},"schema":{"@context":"https:\/\/schema.org","@graph":[{"@type":"WebPage","@id":"https:\/\/hubsch-interior.com\/da\/vare\/heritage-reol-large-natur\/","url":"https:\/\/hubsch-interior.com\/da\/vare\/heritage-reol-large-natur\/","name":"Heritage Reol Large Natur - H\u00fcbsch","isPartOf":{"@id":"https:\/\/hubsch-interior.com\/da\/#website"},"primaryImageOfPage":{"@id":"https:\/\/hubsch-interior.com\/da\/vare\/heritage-reol-large-natur\/#primaryimage"},"image":{"@id":"https:\/\/hubsch-interior.com\/da\/vare\/heritage-reol-large-natur\/#primaryimage"},"thumbnailUrl":"https:\/\/hubsch-interior.com\/wp-content\/uploads\/2026\/02\/heritage-shelf-unit-large-natural-c1ded546636962271131f60ead76616a.jpg","datePublished":"2024-01-29T08:27:33+00:00","dateModified":"2026-04-05T02:55:41+00:00","description":"Heritage Reolen er den perfekte l\u00f8sning til dit hjem med sin multifunktionelle og \u00e6stetiske udtryk. Den f\u00e5s i to st\u00f8rrelser, hvoraf denne er den store og","breadcrumb":{"@id":"https:\/\/hubsch-interior.com\/da\/vare\/heritage-reol-large-natur\/#breadcrumb"},"inLanguage":"da-DK","potentialAction":[{"@type":"ReadAction","target":["https:\/\/hubsch-interior.com\/da\/vare\/heritage-reol-large-natur\/"]}]},{"@type":"ImageObject","inLanguage":"da-DK","@id":"https:\/\/hubsch-interior.com\/da\/vare\/heritage-reol-large-natur\/#primaryimage","url":"https:\/\/hubsch-interior.com\/wp-content\/uploads\/2026\/02\/heritage-shelf-unit-large-natural-c1ded546636962271131f60ead76616a.jpg","contentUrl":"https:\/\/hubsch-interior.com\/wp-content\/uploads\/2026\/02\/heritage-shelf-unit-large-natural-c1ded546636962271131f60ead76616a.jpg","width":1024,"height":1024},{"@type":"BreadcrumbList","@id":"https:\/\/hubsch-interior.com\/da\/vare\/heritage-reol-large-natur\/#breadcrumb","itemListElement":[{"@type":"ListItem","position":1,"name":"Forside","item":"https:\/\/hubsch-interior.com\/da\/"},{"@type":"ListItem","position":2,"name":"Produkter","item":"https:\/\/hubsch-interior.com\/da\/produkter\/"},{"@type":"ListItem","position":3,"name":"M\u00f8bler","item":"https:\/\/hubsch-interior.com\/da\/vare-kategori\/mobler\/"},{"@type":"ListItem","position":4,"name":"Reoler &amp; opbevaring","item":"https:\/\/hubsch-interior.com\/da\/vare-kategori\/mobler\/reoler-opbevaring-da\/"},{"@type":"ListItem","position":5,"name":"Reoler","item":"https:\/\/hubsch-interior.com\/da\/vare-kategori\/mobler\/reoler-opbevaring-da\/reoler-da\/"},{"@type":"ListItem","position":6,"name":"Heritage Reol Large Natur"}]},{"@type":"WebSite","@id":"https:\/\/hubsch-interior.com\/da\/#website","url":"https:\/\/hubsch-interior.com\/da\/","name":"H\u00fcbsch","description":"Danish Home Interior and Design","publisher":{"@id":"https:\/\/hubsch-interior.com\/da\/#organization"},"potentialAction":[{"@type":"SearchAction","target":{"@type":"EntryPoint","urlTemplate":"https:\/\/hubsch-interior.com\/da\/?s={search_term_string}"},"query-input":{"@type":"PropertyValueSpecification","valueRequired":true,"valueName":"search_term_string"}}],"inLanguage":"da-DK"},{"@type":"Organization","@id":"https:\/\/hubsch-interior.com\/da\/#organization","name":"H\u00fcbsch","url":"https:\/\/hubsch-interior.com\/da\/","logo":{"@type":"ImageObject","inLanguage":"da-DK","@id":"https:\/\/hubsch-interior.com\/da\/#\/schema\/logo\/image\/","url":"https:\/\/hubsch-interior.com\/wp-content\/uploads\/2022\/12\/Hubsch_logo_black_one_line.svg","contentUrl":"https:\/\/hubsch-interior.com\/wp-content\/uploads\/2022\/12\/Hubsch_logo_black_one_line.svg","caption":"H\u00fcbsch"},"image":{"@id":"https:\/\/hubsch-interior.com\/da\/#\/schema\/logo\/image\/"}}]}},"_links":{"self":[{"href":"https:\/\/hubsch-interior.com\/da\/wp-json\/wp\/v2\/product\/977342","targetHints":{"allow":["GET"]}}],"collection":[{"href":"https:\/\/hubsch-interior.com\/da\/wp-json\/wp\/v2\/product"}],"about":[{"href":"https:\/\/hubsch-interior.com\/da\/wp-json\/wp\/v2\/types\/product"}],"wp:featuredmedia":[{"embeddable":true,"href":"https:\/\/hubsch-interior.com\/da\/wp-json\/wp\/v2\/media\/1103799"}],"wp:attachment":[{"href":"https:\/\/hubsch-interior.com\/da\/wp-json\/wp\/v2\/media?parent=977342"}],"wp:term":[{"taxonomy":"product_brand","embeddable":true,"href":"https:\/\/hubsch-interior.com\/da\/wp-json\/wp\/v2\/product_brand?post=977342"},{"taxonomy":"product_cat","embeddable":true,"href":"https:\/\/hubsch-interior.com\/da\/wp-json\/wp\/v2\/product_cat?post=977342"},{"taxonomy":"product_tag","embeddable":true,"href":"https:\/\/hubsch-interior.com\/da\/wp-json\/wp\/v2\/product_tag?post=977342"}],"curies":[{"name":"wp","href":"https:\/\/api.w.org\/{rel}","templated":true}]}}