{"id":977422,"date":"2024-01-29T09:28:38","date_gmt":"2024-01-29T08:28:38","guid":{"rendered":"https:\/\/hubsch-interior.com\/product\/product\/"},"modified":"2026-04-05T04:55:59","modified_gmt":"2026-04-05T02:55:59","slug":"focal-ramme-50x70-natur","status":"publish","type":"product","link":"https:\/\/hubsch-interior.com\/da\/vare\/focal-ramme-50x70-natur\/","title":{"rendered":"Focal Ramme 50&#215;70 Natur"},"content":{"rendered":"<p>Focal Ramme er det perfekte valg til at give dine v\u00e6gge et elegant og personligt touch. Denne variant er iFSC-certificeret egetr\u00e6 og glas, som vil tilf\u00f8je varme og stil til dit rum. Med dens st\u00f8rrelse p\u00e5 50&#215;70 cm og muligheden for at h\u00e6nge den b\u00e5de vandret og lodret, kan den let mixes med andre st\u00f8rrelser og farver for at skabe en unik v\u00e6gudsmykning. Inkluderet er ogs\u00e5 en grafisk design plakat, der s\u00e6tter prikken over i&#8217;et p\u00e5 dette kvalitetsrige egetr\u00e6s produkt.<\/p>\n","protected":false},"excerpt":{"rendered":"<p>Focal Ramme er det perfekte valg til at give dine v\u00e6gge et elegant og personligt touch. Denne variant er iFSC-certificeret egetr\u00e6 og glas, som vil tilf\u00f8je varme og stil til dit rum. Med dens st\u00f8rrelse p\u00e5 50&#215;70 cm og muligheden for at h\u00e6nge den b\u00e5de vandret og lodret, kan den let mixes med andre st\u00f8rrelser [&hellip;]<\/p>\n","protected":false},"featured_media":1114708,"template":"","meta":{"_acf_changed":false,"inline_featured_image":false},"product_brand":[],"product_cat":[6880,3114,4935,5025],"product_tag":[],"class_list":{"0":"post-977422","1":"product","2":"type-product","3":"status-publish","4":"has-post-thumbnail","6":"product_cat-elevating-nostalgia-da","7":"product_cat-vaegdekoration-da","8":"product_cat-rammer-da","9":"product_cat-bestsellers-da","10":"product_shipping_class-pk","12":"pa_color-natur-2","13":"pa_material-glas-da","14":"pa_material-mdf-da","15":"pa_material-egetr","17":"first","18":"outofstock","19":"featured","20":"taxable","21":"shipping-taxable","22":"purchasable","23":"product-type-simple"},"exclude_global_add_ons":[],"addons":[],"acf":[],"yoast_head":"<!-- This site is optimized with the Yoast SEO plugin v26.4 - https:\/\/yoast.com\/wordpress\/plugins\/seo\/ -->\n<title>Focal Ramme 50x70 Natur - H\u00fcbsch<\/title>\n<meta name=\"description\" content=\"Focal Ramme er det perfekte valg til at give dine v\u00e6gge et elegant og personligt touch. Denne variant er iFSC-certificeret egetr\u00e6 og glas, som vil tilf\u00f8je\" \/>\n<meta name=\"robots\" content=\"index, follow, max-snippet:-1, max-image-preview:large, max-video-preview:-1\" \/>\n<link rel=\"canonical\" href=\"https:\/\/hubsch-interior.com\/da\/wp-json\/wp\/v2\/product\/977422\" \/>\n<meta property=\"og:locale\" content=\"da_DK\" \/>\n<meta property=\"og:type\" content=\"article\" \/>\n<meta property=\"og:title\" content=\"Focal Ramme 50x70 Natur - H\u00fcbsch\" \/>\n<meta property=\"og:description\" content=\"Focal Ramme er det perfekte valg til at give dine v\u00e6gge et elegant og personligt touch. Denne variant er iFSC-certificeret egetr\u00e6 og glas, som vil tilf\u00f8je\" \/>\n<meta property=\"og:url\" content=\"https:\/\/hubsch-interior.com\/da\/vare\/focal-ramme-50x70-natur\/\" \/>\n<meta property=\"og:site_name\" content=\"H\u00fcbsch\" \/>\n<meta property=\"article:modified_time\" content=\"2026-04-05T02:55:59+00:00\" \/>\n<meta property=\"og:image\" content=\"https:\/\/hubsch-interior.com\/wp-content\/uploads\/2024\/07\/focal-frame-50x70-natural-4875793b23a96d1e891642660885da8d.jpg\" \/>\n\t<meta property=\"og:image:width\" content=\"1200\" \/>\n\t<meta property=\"og:image:height\" content=\"1200\" \/>\n\t<meta property=\"og:image:type\" content=\"image\/jpeg\" \/>\n<meta name=\"twitter:card\" content=\"summary_large_image\" \/>\n<script type=\"application\/ld+json\" class=\"yoast-schema-graph\">{\"@context\":\"https:\/\/schema.org\",\"@graph\":[{\"@type\":\"WebPage\",\"@id\":\"https:\/\/hubsch-interior.com\/da\/vare\/focal-ramme-50x70-natur\/\",\"url\":\"https:\/\/hubsch-interior.com\/da\/vare\/focal-ramme-50x70-natur\/\",\"name\":\"Focal Ramme 50x70 Natur - H\u00fcbsch\",\"isPartOf\":{\"@id\":\"https:\/\/hubsch-interior.com\/da\/#website\"},\"primaryImageOfPage\":{\"@id\":\"https:\/\/hubsch-interior.com\/da\/vare\/focal-ramme-50x70-natur\/#primaryimage\"},\"image\":{\"@id\":\"https:\/\/hubsch-interior.com\/da\/vare\/focal-ramme-50x70-natur\/#primaryimage\"},\"thumbnailUrl\":\"https:\/\/hubsch-interior.com\/wp-content\/uploads\/2026\/02\/focal-frame-50x70-natural-bc3b1debb6129cf6b316125159bba12c.jpg\",\"datePublished\":\"2024-01-29T08:28:38+00:00\",\"dateModified\":\"2026-04-05T02:55:59+00:00\",\"description\":\"Focal Ramme er det perfekte valg til at give dine v\u00e6gge et elegant og personligt touch. Denne variant er iFSC-certificeret egetr\u00e6 og glas, som vil tilf\u00f8je\",\"breadcrumb\":{\"@id\":\"https:\/\/hubsch-interior.com\/da\/vare\/focal-ramme-50x70-natur\/#breadcrumb\"},\"inLanguage\":\"da-DK\",\"potentialAction\":[{\"@type\":\"ReadAction\",\"target\":[\"https:\/\/hubsch-interior.com\/da\/vare\/focal-ramme-50x70-natur\/\"]}]},{\"@type\":\"ImageObject\",\"inLanguage\":\"da-DK\",\"@id\":\"https:\/\/hubsch-interior.com\/da\/vare\/focal-ramme-50x70-natur\/#primaryimage\",\"url\":\"https:\/\/hubsch-interior.com\/wp-content\/uploads\/2026\/02\/focal-frame-50x70-natural-bc3b1debb6129cf6b316125159bba12c.jpg\",\"contentUrl\":\"https:\/\/hubsch-interior.com\/wp-content\/uploads\/2026\/02\/focal-frame-50x70-natural-bc3b1debb6129cf6b316125159bba12c.jpg\",\"width\":1024,\"height\":1024},{\"@type\":\"BreadcrumbList\",\"@id\":\"https:\/\/hubsch-interior.com\/da\/vare\/focal-ramme-50x70-natur\/#breadcrumb\",\"itemListElement\":[{\"@type\":\"ListItem\",\"position\":1,\"name\":\"Forside\",\"item\":\"https:\/\/hubsch-interior.com\/da\/\"},{\"@type\":\"ListItem\",\"position\":2,\"name\":\"Produkter\",\"item\":\"https:\/\/hubsch-interior.com\/da\/produkter\/\"},{\"@type\":\"ListItem\",\"position\":3,\"name\":\"Boligtilbeh\u00f8r\",\"item\":\"https:\/\/hubsch-interior.com\/da\/vare-kategori\/boligtilbehor\/\"},{\"@type\":\"ListItem\",\"position\":4,\"name\":\"V&aelig;gdekoration\",\"item\":\"https:\/\/hubsch-interior.com\/da\/vare-kategori\/boligtilbehor\/vaegdekoration-da\/\"},{\"@type\":\"ListItem\",\"position\":5,\"name\":\"Rammer\",\"item\":\"https:\/\/hubsch-interior.com\/da\/vare-kategori\/boligtilbehor\/vaegdekoration-da\/rammer-da\/\"},{\"@type\":\"ListItem\",\"position\":6,\"name\":\"Focal Ramme 50&#215;70 Natur\"}]},{\"@type\":\"WebSite\",\"@id\":\"https:\/\/hubsch-interior.com\/da\/#website\",\"url\":\"https:\/\/hubsch-interior.com\/da\/\",\"name\":\"H\u00fcbsch\",\"description\":\"Danish Home Interior and Design\",\"publisher\":{\"@id\":\"https:\/\/hubsch-interior.com\/da\/#organization\"},\"potentialAction\":[{\"@type\":\"SearchAction\",\"target\":{\"@type\":\"EntryPoint\",\"urlTemplate\":\"https:\/\/hubsch-interior.com\/da\/?s={search_term_string}\"},\"query-input\":{\"@type\":\"PropertyValueSpecification\",\"valueRequired\":true,\"valueName\":\"search_term_string\"}}],\"inLanguage\":\"da-DK\"},{\"@type\":\"Organization\",\"@id\":\"https:\/\/hubsch-interior.com\/da\/#organization\",\"name\":\"H\u00fcbsch\",\"url\":\"https:\/\/hubsch-interior.com\/da\/\",\"logo\":{\"@type\":\"ImageObject\",\"inLanguage\":\"da-DK\",\"@id\":\"https:\/\/hubsch-interior.com\/da\/#\/schema\/logo\/image\/\",\"url\":\"https:\/\/hubsch-interior.com\/wp-content\/uploads\/2022\/12\/Hubsch_logo_black_one_line.svg\",\"contentUrl\":\"https:\/\/hubsch-interior.com\/wp-content\/uploads\/2022\/12\/Hubsch_logo_black_one_line.svg\",\"caption\":\"H\u00fcbsch\"},\"image\":{\"@id\":\"https:\/\/hubsch-interior.com\/da\/#\/schema\/logo\/image\/\"}}]}<\/script>\n<!-- \/ Yoast SEO plugin. -->","yoast_head_json":{"title":"Focal Ramme 50x70 Natur - H\u00fcbsch","description":"Focal Ramme er det perfekte valg til at give dine v\u00e6gge et elegant og personligt touch. Denne variant er iFSC-certificeret egetr\u00e6 og glas, som vil tilf\u00f8je","robots":{"index":"index","follow":"follow","max-snippet":"max-snippet:-1","max-image-preview":"max-image-preview:large","max-video-preview":"max-video-preview:-1"},"canonical":"https:\/\/hubsch-interior.com\/da\/wp-json\/wp\/v2\/product\/977422","og_locale":"da_DK","og_type":"article","og_title":"Focal Ramme 50x70 Natur - H\u00fcbsch","og_description":"Focal Ramme er det perfekte valg til at give dine v\u00e6gge et elegant og personligt touch. Denne variant er iFSC-certificeret egetr\u00e6 og glas, som vil tilf\u00f8je","og_url":"https:\/\/hubsch-interior.com\/da\/vare\/focal-ramme-50x70-natur\/","og_site_name":"H\u00fcbsch","article_modified_time":"2026-04-05T02:55:59+00:00","og_image":[{"width":1200,"height":1200,"url":"https:\/\/hubsch-interior.com\/wp-content\/uploads\/2024\/07\/focal-frame-50x70-natural-4875793b23a96d1e891642660885da8d.jpg","type":"image\/jpeg"}],"twitter_card":"summary_large_image","schema":{"@context":"https:\/\/schema.org","@graph":[{"@type":"WebPage","@id":"https:\/\/hubsch-interior.com\/da\/vare\/focal-ramme-50x70-natur\/","url":"https:\/\/hubsch-interior.com\/da\/vare\/focal-ramme-50x70-natur\/","name":"Focal Ramme 50x70 Natur - H\u00fcbsch","isPartOf":{"@id":"https:\/\/hubsch-interior.com\/da\/#website"},"primaryImageOfPage":{"@id":"https:\/\/hubsch-interior.com\/da\/vare\/focal-ramme-50x70-natur\/#primaryimage"},"image":{"@id":"https:\/\/hubsch-interior.com\/da\/vare\/focal-ramme-50x70-natur\/#primaryimage"},"thumbnailUrl":"https:\/\/hubsch-interior.com\/wp-content\/uploads\/2026\/02\/focal-frame-50x70-natural-bc3b1debb6129cf6b316125159bba12c.jpg","datePublished":"2024-01-29T08:28:38+00:00","dateModified":"2026-04-05T02:55:59+00:00","description":"Focal Ramme er det perfekte valg til at give dine v\u00e6gge et elegant og personligt touch. Denne variant er iFSC-certificeret egetr\u00e6 og glas, som vil tilf\u00f8je","breadcrumb":{"@id":"https:\/\/hubsch-interior.com\/da\/vare\/focal-ramme-50x70-natur\/#breadcrumb"},"inLanguage":"da-DK","potentialAction":[{"@type":"ReadAction","target":["https:\/\/hubsch-interior.com\/da\/vare\/focal-ramme-50x70-natur\/"]}]},{"@type":"ImageObject","inLanguage":"da-DK","@id":"https:\/\/hubsch-interior.com\/da\/vare\/focal-ramme-50x70-natur\/#primaryimage","url":"https:\/\/hubsch-interior.com\/wp-content\/uploads\/2026\/02\/focal-frame-50x70-natural-bc3b1debb6129cf6b316125159bba12c.jpg","contentUrl":"https:\/\/hubsch-interior.com\/wp-content\/uploads\/2026\/02\/focal-frame-50x70-natural-bc3b1debb6129cf6b316125159bba12c.jpg","width":1024,"height":1024},{"@type":"BreadcrumbList","@id":"https:\/\/hubsch-interior.com\/da\/vare\/focal-ramme-50x70-natur\/#breadcrumb","itemListElement":[{"@type":"ListItem","position":1,"name":"Forside","item":"https:\/\/hubsch-interior.com\/da\/"},{"@type":"ListItem","position":2,"name":"Produkter","item":"https:\/\/hubsch-interior.com\/da\/produkter\/"},{"@type":"ListItem","position":3,"name":"Boligtilbeh\u00f8r","item":"https:\/\/hubsch-interior.com\/da\/vare-kategori\/boligtilbehor\/"},{"@type":"ListItem","position":4,"name":"V&aelig;gdekoration","item":"https:\/\/hubsch-interior.com\/da\/vare-kategori\/boligtilbehor\/vaegdekoration-da\/"},{"@type":"ListItem","position":5,"name":"Rammer","item":"https:\/\/hubsch-interior.com\/da\/vare-kategori\/boligtilbehor\/vaegdekoration-da\/rammer-da\/"},{"@type":"ListItem","position":6,"name":"Focal Ramme 50&#215;70 Natur"}]},{"@type":"WebSite","@id":"https:\/\/hubsch-interior.com\/da\/#website","url":"https:\/\/hubsch-interior.com\/da\/","name":"H\u00fcbsch","description":"Danish Home Interior and Design","publisher":{"@id":"https:\/\/hubsch-interior.com\/da\/#organization"},"potentialAction":[{"@type":"SearchAction","target":{"@type":"EntryPoint","urlTemplate":"https:\/\/hubsch-interior.com\/da\/?s={search_term_string}"},"query-input":{"@type":"PropertyValueSpecification","valueRequired":true,"valueName":"search_term_string"}}],"inLanguage":"da-DK"},{"@type":"Organization","@id":"https:\/\/hubsch-interior.com\/da\/#organization","name":"H\u00fcbsch","url":"https:\/\/hubsch-interior.com\/da\/","logo":{"@type":"ImageObject","inLanguage":"da-DK","@id":"https:\/\/hubsch-interior.com\/da\/#\/schema\/logo\/image\/","url":"https:\/\/hubsch-interior.com\/wp-content\/uploads\/2022\/12\/Hubsch_logo_black_one_line.svg","contentUrl":"https:\/\/hubsch-interior.com\/wp-content\/uploads\/2022\/12\/Hubsch_logo_black_one_line.svg","caption":"H\u00fcbsch"},"image":{"@id":"https:\/\/hubsch-interior.com\/da\/#\/schema\/logo\/image\/"}}]}},"_links":{"self":[{"href":"https:\/\/hubsch-interior.com\/da\/wp-json\/wp\/v2\/product\/977422","targetHints":{"allow":["GET"]}}],"collection":[{"href":"https:\/\/hubsch-interior.com\/da\/wp-json\/wp\/v2\/product"}],"about":[{"href":"https:\/\/hubsch-interior.com\/da\/wp-json\/wp\/v2\/types\/product"}],"wp:featuredmedia":[{"embeddable":true,"href":"https:\/\/hubsch-interior.com\/da\/wp-json\/wp\/v2\/media\/1114708"}],"wp:attachment":[{"href":"https:\/\/hubsch-interior.com\/da\/wp-json\/wp\/v2\/media?parent=977422"}],"wp:term":[{"taxonomy":"product_brand","embeddable":true,"href":"https:\/\/hubsch-interior.com\/da\/wp-json\/wp\/v2\/product_brand?post=977422"},{"taxonomy":"product_cat","embeddable":true,"href":"https:\/\/hubsch-interior.com\/da\/wp-json\/wp\/v2\/product_cat?post=977422"},{"taxonomy":"product_tag","embeddable":true,"href":"https:\/\/hubsch-interior.com\/da\/wp-json\/wp\/v2\/product_tag?post=977422"}],"curies":[{"name":"wp","href":"https:\/\/api.w.org\/{rel}","templated":true}]}}