{"id":977438,"date":"2024-01-29T09:28:50","date_gmt":"2024-01-29T08:28:50","guid":{"rendered":"https:\/\/hubsch-interior.com\/product\/product\/"},"modified":"2026-04-09T04:52:59","modified_gmt":"2026-04-09T02:52:59","slug":"focal-ramme-297x42-valnod","status":"publish","type":"product","link":"https:\/\/hubsch-interior.com\/da\/vare\/focal-ramme-297x42-valnod\/","title":{"rendered":"Focal Ramme 29,7&#215;42 \u00a0Valn\u00f8d"},"content":{"rendered":"<p>Leder du efter den perfekte ramme til dit hjem? S\u00e5 er Focal Ramme i valn\u00f8d lige noget for dig! Denne variant er lavet af h\u00f8j kvalitets valn\u00f8ddetr\u00e6 og glas, som giver en rig, dyb og m\u00f8rk tone. Den unikke og sjove ballonprint tilf\u00f8jer en personlig og kreativ touch. Med en st\u00f8rrelse p\u00e5 30&#215;42 cm kan den b\u00e5de st\u00e5 lodret og vandret, og du kan blande den med andre st\u00f8rrelser og farver for at skabe dit helt eget look. <\/p>\n","protected":false},"excerpt":{"rendered":"<p>Leder du efter den perfekte ramme til dit hjem? S\u00e5 er Focal Ramme i valn\u00f8d lige noget for dig! Denne variant er lavet af h\u00f8j kvalitets valn\u00f8ddetr\u00e6 og glas, som giver en rig, dyb og m\u00f8rk tone. Den unikke og sjove ballonprint tilf\u00f8jer en personlig og kreativ touch. Med en st\u00f8rrelse p\u00e5 30&#215;42 cm kan [&hellip;]<\/p>\n","protected":false},"featured_media":1103887,"template":"","meta":{"_acf_changed":false,"inline_featured_image":false},"product_brand":[],"product_cat":[6880,3114,4935,5025],"product_tag":[],"class_list":{"0":"post-977438","1":"product","2":"type-product","3":"status-publish","4":"has-post-thumbnail","6":"product_cat-elevating-nostalgia-da","7":"product_cat-vaegdekoration-da","8":"product_cat-rammer-da","9":"product_cat-bestsellers-da","10":"product_shipping_class-pk","12":"pa_color-valnd","13":"pa_material-glas-da","14":"pa_material-mdf-da","15":"pa_material-valnddetr","17":"first","18":"instock","19":"featured","20":"taxable","21":"shipping-taxable","22":"purchasable","23":"product-type-simple"},"exclude_global_add_ons":[],"addons":[],"acf":[],"yoast_head":"<!-- This site is optimized with the Yoast SEO plugin v26.4 - https:\/\/yoast.com\/wordpress\/plugins\/seo\/ -->\n<title>Focal Ramme 29,7x42 \u00a0Valn\u00f8d - H\u00fcbsch<\/title>\n<meta name=\"description\" content=\"Leder du efter den perfekte ramme til dit hjem? S\u00e5 er Focal Ramme i valn\u00f8d lige noget for dig! Denne variant er lavet af h\u00f8j kvalitets valn\u00f8ddetr\u00e6 og\" \/>\n<meta name=\"robots\" content=\"index, follow, max-snippet:-1, max-image-preview:large, max-video-preview:-1\" \/>\n<link rel=\"canonical\" href=\"https:\/\/hubsch-interior.com\/da\/wp-json\/wp\/v2\/product\/977438\" \/>\n<meta property=\"og:locale\" content=\"da_DK\" \/>\n<meta property=\"og:type\" content=\"article\" \/>\n<meta property=\"og:title\" content=\"Focal Ramme 29,7x42 \u00a0Valn\u00f8d - H\u00fcbsch\" \/>\n<meta property=\"og:description\" content=\"Leder du efter den perfekte ramme til dit hjem? S\u00e5 er Focal Ramme i valn\u00f8d lige noget for dig! Denne variant er lavet af h\u00f8j kvalitets valn\u00f8ddetr\u00e6 og\" \/>\n<meta property=\"og:url\" content=\"https:\/\/hubsch-interior.com\/da\/vare\/focal-ramme-297x42-valnod\/\" \/>\n<meta property=\"og:site_name\" content=\"H\u00fcbsch\" \/>\n<meta property=\"article:modified_time\" content=\"2026-04-09T02:52:59+00:00\" \/>\n<meta property=\"og:image\" content=\"https:\/\/hubsch-interior.com\/wp-content\/uploads\/2025\/04\/focal-frame-297x42-walnut-ac40c31c6da792ca006a2ca96eacfdf8.jpg\" \/>\n\t<meta property=\"og:image:width\" content=\"1200\" \/>\n\t<meta property=\"og:image:height\" content=\"1200\" \/>\n\t<meta property=\"og:image:type\" content=\"image\/jpeg\" \/>\n<meta name=\"twitter:card\" content=\"summary_large_image\" \/>\n<script type=\"application\/ld+json\" class=\"yoast-schema-graph\">{\"@context\":\"https:\/\/schema.org\",\"@graph\":[{\"@type\":\"WebPage\",\"@id\":\"https:\/\/hubsch-interior.com\/da\/vare\/focal-ramme-297x42-valnod\/\",\"url\":\"https:\/\/hubsch-interior.com\/da\/vare\/focal-ramme-297x42-valnod\/\",\"name\":\"Focal Ramme 29,7x42 \u00a0Valn\u00f8d - H\u00fcbsch\",\"isPartOf\":{\"@id\":\"https:\/\/hubsch-interior.com\/da\/#website\"},\"primaryImageOfPage\":{\"@id\":\"https:\/\/hubsch-interior.com\/da\/vare\/focal-ramme-297x42-valnod\/#primaryimage\"},\"image\":{\"@id\":\"https:\/\/hubsch-interior.com\/da\/vare\/focal-ramme-297x42-valnod\/#primaryimage\"},\"thumbnailUrl\":\"https:\/\/hubsch-interior.com\/wp-content\/uploads\/2026\/02\/focal-frame-297x42-walnut-378720daa0c488498e55d2d96a8918dc.jpg\",\"datePublished\":\"2024-01-29T08:28:50+00:00\",\"dateModified\":\"2026-04-09T02:52:59+00:00\",\"description\":\"Leder du efter den perfekte ramme til dit hjem? S\u00e5 er Focal Ramme i valn\u00f8d lige noget for dig! Denne variant er lavet af h\u00f8j kvalitets valn\u00f8ddetr\u00e6 og\",\"breadcrumb\":{\"@id\":\"https:\/\/hubsch-interior.com\/da\/vare\/focal-ramme-297x42-valnod\/#breadcrumb\"},\"inLanguage\":\"da-DK\",\"potentialAction\":[{\"@type\":\"ReadAction\",\"target\":[\"https:\/\/hubsch-interior.com\/da\/vare\/focal-ramme-297x42-valnod\/\"]}]},{\"@type\":\"ImageObject\",\"inLanguage\":\"da-DK\",\"@id\":\"https:\/\/hubsch-interior.com\/da\/vare\/focal-ramme-297x42-valnod\/#primaryimage\",\"url\":\"https:\/\/hubsch-interior.com\/wp-content\/uploads\/2026\/02\/focal-frame-297x42-walnut-378720daa0c488498e55d2d96a8918dc.jpg\",\"contentUrl\":\"https:\/\/hubsch-interior.com\/wp-content\/uploads\/2026\/02\/focal-frame-297x42-walnut-378720daa0c488498e55d2d96a8918dc.jpg\",\"width\":1024,\"height\":1024},{\"@type\":\"BreadcrumbList\",\"@id\":\"https:\/\/hubsch-interior.com\/da\/vare\/focal-ramme-297x42-valnod\/#breadcrumb\",\"itemListElement\":[{\"@type\":\"ListItem\",\"position\":1,\"name\":\"Forside\",\"item\":\"https:\/\/hubsch-interior.com\/da\/\"},{\"@type\":\"ListItem\",\"position\":2,\"name\":\"Produkter\",\"item\":\"https:\/\/hubsch-interior.com\/da\/produkter\/\"},{\"@type\":\"ListItem\",\"position\":3,\"name\":\"Boligtilbeh\u00f8r\",\"item\":\"https:\/\/hubsch-interior.com\/da\/vare-kategori\/boligtilbehor\/\"},{\"@type\":\"ListItem\",\"position\":4,\"name\":\"V&aelig;gdekoration\",\"item\":\"https:\/\/hubsch-interior.com\/da\/vare-kategori\/boligtilbehor\/vaegdekoration-da\/\"},{\"@type\":\"ListItem\",\"position\":5,\"name\":\"Rammer\",\"item\":\"https:\/\/hubsch-interior.com\/da\/vare-kategori\/boligtilbehor\/vaegdekoration-da\/rammer-da\/\"},{\"@type\":\"ListItem\",\"position\":6,\"name\":\"Focal Ramme 29,7&#215;42 \u00a0Valn\u00f8d\"}]},{\"@type\":\"WebSite\",\"@id\":\"https:\/\/hubsch-interior.com\/da\/#website\",\"url\":\"https:\/\/hubsch-interior.com\/da\/\",\"name\":\"H\u00fcbsch\",\"description\":\"Danish Home Interior and Design\",\"publisher\":{\"@id\":\"https:\/\/hubsch-interior.com\/da\/#organization\"},\"potentialAction\":[{\"@type\":\"SearchAction\",\"target\":{\"@type\":\"EntryPoint\",\"urlTemplate\":\"https:\/\/hubsch-interior.com\/da\/?s={search_term_string}\"},\"query-input\":{\"@type\":\"PropertyValueSpecification\",\"valueRequired\":true,\"valueName\":\"search_term_string\"}}],\"inLanguage\":\"da-DK\"},{\"@type\":\"Organization\",\"@id\":\"https:\/\/hubsch-interior.com\/da\/#organization\",\"name\":\"H\u00fcbsch\",\"url\":\"https:\/\/hubsch-interior.com\/da\/\",\"logo\":{\"@type\":\"ImageObject\",\"inLanguage\":\"da-DK\",\"@id\":\"https:\/\/hubsch-interior.com\/da\/#\/schema\/logo\/image\/\",\"url\":\"https:\/\/hubsch-interior.com\/wp-content\/uploads\/2022\/12\/Hubsch_logo_black_one_line.svg\",\"contentUrl\":\"https:\/\/hubsch-interior.com\/wp-content\/uploads\/2022\/12\/Hubsch_logo_black_one_line.svg\",\"caption\":\"H\u00fcbsch\"},\"image\":{\"@id\":\"https:\/\/hubsch-interior.com\/da\/#\/schema\/logo\/image\/\"}}]}<\/script>\n<!-- \/ Yoast SEO plugin. -->","yoast_head_json":{"title":"Focal Ramme 29,7x42 \u00a0Valn\u00f8d - H\u00fcbsch","description":"Leder du efter den perfekte ramme til dit hjem? S\u00e5 er Focal Ramme i valn\u00f8d lige noget for dig! Denne variant er lavet af h\u00f8j kvalitets valn\u00f8ddetr\u00e6 og","robots":{"index":"index","follow":"follow","max-snippet":"max-snippet:-1","max-image-preview":"max-image-preview:large","max-video-preview":"max-video-preview:-1"},"canonical":"https:\/\/hubsch-interior.com\/da\/wp-json\/wp\/v2\/product\/977438","og_locale":"da_DK","og_type":"article","og_title":"Focal Ramme 29,7x42 \u00a0Valn\u00f8d - H\u00fcbsch","og_description":"Leder du efter den perfekte ramme til dit hjem? S\u00e5 er Focal Ramme i valn\u00f8d lige noget for dig! Denne variant er lavet af h\u00f8j kvalitets valn\u00f8ddetr\u00e6 og","og_url":"https:\/\/hubsch-interior.com\/da\/vare\/focal-ramme-297x42-valnod\/","og_site_name":"H\u00fcbsch","article_modified_time":"2026-04-09T02:52:59+00:00","og_image":[{"width":1200,"height":1200,"url":"https:\/\/hubsch-interior.com\/wp-content\/uploads\/2025\/04\/focal-frame-297x42-walnut-ac40c31c6da792ca006a2ca96eacfdf8.jpg","type":"image\/jpeg"}],"twitter_card":"summary_large_image","schema":{"@context":"https:\/\/schema.org","@graph":[{"@type":"WebPage","@id":"https:\/\/hubsch-interior.com\/da\/vare\/focal-ramme-297x42-valnod\/","url":"https:\/\/hubsch-interior.com\/da\/vare\/focal-ramme-297x42-valnod\/","name":"Focal Ramme 29,7x42 \u00a0Valn\u00f8d - H\u00fcbsch","isPartOf":{"@id":"https:\/\/hubsch-interior.com\/da\/#website"},"primaryImageOfPage":{"@id":"https:\/\/hubsch-interior.com\/da\/vare\/focal-ramme-297x42-valnod\/#primaryimage"},"image":{"@id":"https:\/\/hubsch-interior.com\/da\/vare\/focal-ramme-297x42-valnod\/#primaryimage"},"thumbnailUrl":"https:\/\/hubsch-interior.com\/wp-content\/uploads\/2026\/02\/focal-frame-297x42-walnut-378720daa0c488498e55d2d96a8918dc.jpg","datePublished":"2024-01-29T08:28:50+00:00","dateModified":"2026-04-09T02:52:59+00:00","description":"Leder du efter den perfekte ramme til dit hjem? S\u00e5 er Focal Ramme i valn\u00f8d lige noget for dig! Denne variant er lavet af h\u00f8j kvalitets valn\u00f8ddetr\u00e6 og","breadcrumb":{"@id":"https:\/\/hubsch-interior.com\/da\/vare\/focal-ramme-297x42-valnod\/#breadcrumb"},"inLanguage":"da-DK","potentialAction":[{"@type":"ReadAction","target":["https:\/\/hubsch-interior.com\/da\/vare\/focal-ramme-297x42-valnod\/"]}]},{"@type":"ImageObject","inLanguage":"da-DK","@id":"https:\/\/hubsch-interior.com\/da\/vare\/focal-ramme-297x42-valnod\/#primaryimage","url":"https:\/\/hubsch-interior.com\/wp-content\/uploads\/2026\/02\/focal-frame-297x42-walnut-378720daa0c488498e55d2d96a8918dc.jpg","contentUrl":"https:\/\/hubsch-interior.com\/wp-content\/uploads\/2026\/02\/focal-frame-297x42-walnut-378720daa0c488498e55d2d96a8918dc.jpg","width":1024,"height":1024},{"@type":"BreadcrumbList","@id":"https:\/\/hubsch-interior.com\/da\/vare\/focal-ramme-297x42-valnod\/#breadcrumb","itemListElement":[{"@type":"ListItem","position":1,"name":"Forside","item":"https:\/\/hubsch-interior.com\/da\/"},{"@type":"ListItem","position":2,"name":"Produkter","item":"https:\/\/hubsch-interior.com\/da\/produkter\/"},{"@type":"ListItem","position":3,"name":"Boligtilbeh\u00f8r","item":"https:\/\/hubsch-interior.com\/da\/vare-kategori\/boligtilbehor\/"},{"@type":"ListItem","position":4,"name":"V&aelig;gdekoration","item":"https:\/\/hubsch-interior.com\/da\/vare-kategori\/boligtilbehor\/vaegdekoration-da\/"},{"@type":"ListItem","position":5,"name":"Rammer","item":"https:\/\/hubsch-interior.com\/da\/vare-kategori\/boligtilbehor\/vaegdekoration-da\/rammer-da\/"},{"@type":"ListItem","position":6,"name":"Focal Ramme 29,7&#215;42 \u00a0Valn\u00f8d"}]},{"@type":"WebSite","@id":"https:\/\/hubsch-interior.com\/da\/#website","url":"https:\/\/hubsch-interior.com\/da\/","name":"H\u00fcbsch","description":"Danish Home Interior and Design","publisher":{"@id":"https:\/\/hubsch-interior.com\/da\/#organization"},"potentialAction":[{"@type":"SearchAction","target":{"@type":"EntryPoint","urlTemplate":"https:\/\/hubsch-interior.com\/da\/?s={search_term_string}"},"query-input":{"@type":"PropertyValueSpecification","valueRequired":true,"valueName":"search_term_string"}}],"inLanguage":"da-DK"},{"@type":"Organization","@id":"https:\/\/hubsch-interior.com\/da\/#organization","name":"H\u00fcbsch","url":"https:\/\/hubsch-interior.com\/da\/","logo":{"@type":"ImageObject","inLanguage":"da-DK","@id":"https:\/\/hubsch-interior.com\/da\/#\/schema\/logo\/image\/","url":"https:\/\/hubsch-interior.com\/wp-content\/uploads\/2022\/12\/Hubsch_logo_black_one_line.svg","contentUrl":"https:\/\/hubsch-interior.com\/wp-content\/uploads\/2022\/12\/Hubsch_logo_black_one_line.svg","caption":"H\u00fcbsch"},"image":{"@id":"https:\/\/hubsch-interior.com\/da\/#\/schema\/logo\/image\/"}}]}},"_links":{"self":[{"href":"https:\/\/hubsch-interior.com\/da\/wp-json\/wp\/v2\/product\/977438","targetHints":{"allow":["GET"]}}],"collection":[{"href":"https:\/\/hubsch-interior.com\/da\/wp-json\/wp\/v2\/product"}],"about":[{"href":"https:\/\/hubsch-interior.com\/da\/wp-json\/wp\/v2\/types\/product"}],"wp:featuredmedia":[{"embeddable":true,"href":"https:\/\/hubsch-interior.com\/da\/wp-json\/wp\/v2\/media\/1103887"}],"wp:attachment":[{"href":"https:\/\/hubsch-interior.com\/da\/wp-json\/wp\/v2\/media?parent=977438"}],"wp:term":[{"taxonomy":"product_brand","embeddable":true,"href":"https:\/\/hubsch-interior.com\/da\/wp-json\/wp\/v2\/product_brand?post=977438"},{"taxonomy":"product_cat","embeddable":true,"href":"https:\/\/hubsch-interior.com\/da\/wp-json\/wp\/v2\/product_cat?post=977438"},{"taxonomy":"product_tag","embeddable":true,"href":"https:\/\/hubsch-interior.com\/da\/wp-json\/wp\/v2\/product_tag?post=977438"}],"curies":[{"name":"wp","href":"https:\/\/api.w.org\/{rel}","templated":true}]}}