{"id":977450,"date":"2024-01-29T09:29:06","date_gmt":"2024-01-29T08:29:06","guid":{"rendered":"https:\/\/hubsch-interior.com\/product\/product\/"},"modified":"2026-04-04T04:54:25","modified_gmt":"2026-04-04T02:54:25","slug":"focal-ramme-297x42-natur","status":"publish","type":"product","link":"https:\/\/hubsch-interior.com\/da\/vare\/focal-ramme-297x42-natur\/","title":{"rendered":"Focal Ramme 29,7&#215;42 Natur"},"content":{"rendered":"<p>Focal ramme er den perfekte tilf\u00f8jelse til dit hjem, uanset om det er moderne eller rustikt. Denne variant er fremstillet af FSC-certificeret egetr\u00e6, hvilket sikrer h\u00f8j kvalitet og b\u00e6redygtighed. Denne ramme er ikke kun enkel og elegant, men den inkluderer ogs\u00e5 et unikt kunsttryk, der tilf\u00f8jer personlighed til dit rum. Med en st\u00f8rrelse p\u00e5 30&#215;42 cm kan den b\u00e5de vises lodret og vandret, og den kan ogs\u00e5 mixes med andre st\u00f8rrelser og farver for et unikt udtryk. Focal ramme er den perfekte m\u00e5de at vise dine yndlingsbilleder eller kunstv\u00e6rker p\u00e5 en stilfuld m\u00e5de.<\/p>\n","protected":false},"excerpt":{"rendered":"<p>Focal ramme er den perfekte tilf\u00f8jelse til dit hjem, uanset om det er moderne eller rustikt. Denne variant er fremstillet af FSC-certificeret egetr\u00e6, hvilket sikrer h\u00f8j kvalitet og b\u00e6redygtighed. Denne ramme er ikke kun enkel og elegant, men den inkluderer ogs\u00e5 et unikt kunsttryk, der tilf\u00f8jer personlighed til dit rum. Med en st\u00f8rrelse p\u00e5 30&#215;42 [&hellip;]<\/p>\n","protected":false},"featured_media":1103903,"template":"","meta":{"_acf_changed":false,"inline_featured_image":false},"product_brand":[],"product_cat":[6880,3114,4935,5025],"product_tag":[],"class_list":{"0":"post-977450","1":"product","2":"type-product","3":"status-publish","4":"has-post-thumbnail","6":"product_cat-elevating-nostalgia-da","7":"product_cat-vaegdekoration-da","8":"product_cat-rammer-da","9":"product_cat-bestsellers-da","10":"product_shipping_class-pk","11":"pa_color-natur-2","12":"pa_material-glas-da","13":"pa_material-mdf-da","14":"pa_material-egetr","16":"first","17":"outofstock","18":"featured","19":"taxable","20":"shipping-taxable","21":"purchasable","22":"product-type-simple"},"exclude_global_add_ons":[],"addons":[],"acf":[],"yoast_head":"<!-- This site is optimized with the Yoast SEO plugin v26.4 - https:\/\/yoast.com\/wordpress\/plugins\/seo\/ -->\n<title>Focal Ramme 29,7x42 Natur - H\u00fcbsch<\/title>\n<meta name=\"description\" content=\"Focal ramme er den perfekte tilf\u00f8jelse til dit hjem, uanset om det er moderne eller rustikt. Denne variant er fremstillet af FSC-certificeret egetr\u00e6,\" \/>\n<meta name=\"robots\" content=\"index, follow, max-snippet:-1, max-image-preview:large, max-video-preview:-1\" \/>\n<link rel=\"canonical\" href=\"https:\/\/hubsch-interior.com\/da\/wp-json\/wp\/v2\/product\/977450\" \/>\n<meta property=\"og:locale\" content=\"da_DK\" \/>\n<meta property=\"og:type\" content=\"article\" \/>\n<meta property=\"og:title\" content=\"Focal Ramme 29,7x42 Natur - H\u00fcbsch\" \/>\n<meta property=\"og:description\" content=\"Focal ramme er den perfekte tilf\u00f8jelse til dit hjem, uanset om det er moderne eller rustikt. Denne variant er fremstillet af FSC-certificeret egetr\u00e6,\" \/>\n<meta property=\"og:url\" content=\"https:\/\/hubsch-interior.com\/da\/vare\/focal-ramme-297x42-natur\/\" \/>\n<meta property=\"og:site_name\" content=\"H\u00fcbsch\" \/>\n<meta property=\"article:modified_time\" content=\"2026-04-04T02:54:25+00:00\" \/>\n<meta property=\"og:image\" content=\"https:\/\/hubsch-interior.com\/wp-content\/uploads\/2024\/03\/focal-frame-297x42-natural-9377699a8977c4b1308288ee76c28630.jpg\" \/>\n\t<meta property=\"og:image:width\" content=\"1200\" \/>\n\t<meta property=\"og:image:height\" content=\"1200\" \/>\n\t<meta property=\"og:image:type\" content=\"image\/jpeg\" \/>\n<meta name=\"twitter:card\" content=\"summary_large_image\" \/>\n<meta name=\"twitter:label1\" content=\"Estimeret l\u00e6setid\" \/>\n\t<meta name=\"twitter:data1\" content=\"1 minut\" \/>\n<script type=\"application\/ld+json\" class=\"yoast-schema-graph\">{\"@context\":\"https:\/\/schema.org\",\"@graph\":[{\"@type\":\"WebPage\",\"@id\":\"https:\/\/hubsch-interior.com\/da\/vare\/focal-ramme-297x42-natur\/\",\"url\":\"https:\/\/hubsch-interior.com\/da\/vare\/focal-ramme-297x42-natur\/\",\"name\":\"Focal Ramme 29,7x42 Natur - H\u00fcbsch\",\"isPartOf\":{\"@id\":\"https:\/\/hubsch-interior.com\/da\/#website\"},\"primaryImageOfPage\":{\"@id\":\"https:\/\/hubsch-interior.com\/da\/vare\/focal-ramme-297x42-natur\/#primaryimage\"},\"image\":{\"@id\":\"https:\/\/hubsch-interior.com\/da\/vare\/focal-ramme-297x42-natur\/#primaryimage\"},\"thumbnailUrl\":\"https:\/\/hubsch-interior.com\/wp-content\/uploads\/2026\/02\/focal-frame-297x42-natural-1fc94e8e92302bd40b17bb0a55621d27.jpg\",\"datePublished\":\"2024-01-29T08:29:06+00:00\",\"dateModified\":\"2026-04-04T02:54:25+00:00\",\"description\":\"Focal ramme er den perfekte tilf\u00f8jelse til dit hjem, uanset om det er moderne eller rustikt. Denne variant er fremstillet af FSC-certificeret egetr\u00e6,\",\"breadcrumb\":{\"@id\":\"https:\/\/hubsch-interior.com\/da\/vare\/focal-ramme-297x42-natur\/#breadcrumb\"},\"inLanguage\":\"da-DK\",\"potentialAction\":[{\"@type\":\"ReadAction\",\"target\":[\"https:\/\/hubsch-interior.com\/da\/vare\/focal-ramme-297x42-natur\/\"]}]},{\"@type\":\"ImageObject\",\"inLanguage\":\"da-DK\",\"@id\":\"https:\/\/hubsch-interior.com\/da\/vare\/focal-ramme-297x42-natur\/#primaryimage\",\"url\":\"https:\/\/hubsch-interior.com\/wp-content\/uploads\/2026\/02\/focal-frame-297x42-natural-1fc94e8e92302bd40b17bb0a55621d27.jpg\",\"contentUrl\":\"https:\/\/hubsch-interior.com\/wp-content\/uploads\/2026\/02\/focal-frame-297x42-natural-1fc94e8e92302bd40b17bb0a55621d27.jpg\",\"width\":1024,\"height\":1024},{\"@type\":\"BreadcrumbList\",\"@id\":\"https:\/\/hubsch-interior.com\/da\/vare\/focal-ramme-297x42-natur\/#breadcrumb\",\"itemListElement\":[{\"@type\":\"ListItem\",\"position\":1,\"name\":\"Forside\",\"item\":\"https:\/\/hubsch-interior.com\/da\/\"},{\"@type\":\"ListItem\",\"position\":2,\"name\":\"Produkter\",\"item\":\"https:\/\/hubsch-interior.com\/da\/produkter\/\"},{\"@type\":\"ListItem\",\"position\":3,\"name\":\"Boligtilbeh\u00f8r\",\"item\":\"https:\/\/hubsch-interior.com\/da\/vare-kategori\/boligtilbehor\/\"},{\"@type\":\"ListItem\",\"position\":4,\"name\":\"V&aelig;gdekoration\",\"item\":\"https:\/\/hubsch-interior.com\/da\/vare-kategori\/boligtilbehor\/vaegdekoration-da\/\"},{\"@type\":\"ListItem\",\"position\":5,\"name\":\"Rammer\",\"item\":\"https:\/\/hubsch-interior.com\/da\/vare-kategori\/boligtilbehor\/vaegdekoration-da\/rammer-da\/\"},{\"@type\":\"ListItem\",\"position\":6,\"name\":\"Focal Ramme 29,7&#215;42 Natur\"}]},{\"@type\":\"WebSite\",\"@id\":\"https:\/\/hubsch-interior.com\/da\/#website\",\"url\":\"https:\/\/hubsch-interior.com\/da\/\",\"name\":\"H\u00fcbsch\",\"description\":\"Danish Home Interior and Design\",\"publisher\":{\"@id\":\"https:\/\/hubsch-interior.com\/da\/#organization\"},\"potentialAction\":[{\"@type\":\"SearchAction\",\"target\":{\"@type\":\"EntryPoint\",\"urlTemplate\":\"https:\/\/hubsch-interior.com\/da\/?s={search_term_string}\"},\"query-input\":{\"@type\":\"PropertyValueSpecification\",\"valueRequired\":true,\"valueName\":\"search_term_string\"}}],\"inLanguage\":\"da-DK\"},{\"@type\":\"Organization\",\"@id\":\"https:\/\/hubsch-interior.com\/da\/#organization\",\"name\":\"H\u00fcbsch\",\"url\":\"https:\/\/hubsch-interior.com\/da\/\",\"logo\":{\"@type\":\"ImageObject\",\"inLanguage\":\"da-DK\",\"@id\":\"https:\/\/hubsch-interior.com\/da\/#\/schema\/logo\/image\/\",\"url\":\"https:\/\/hubsch-interior.com\/wp-content\/uploads\/2022\/12\/Hubsch_logo_black_one_line.svg\",\"contentUrl\":\"https:\/\/hubsch-interior.com\/wp-content\/uploads\/2022\/12\/Hubsch_logo_black_one_line.svg\",\"caption\":\"H\u00fcbsch\"},\"image\":{\"@id\":\"https:\/\/hubsch-interior.com\/da\/#\/schema\/logo\/image\/\"}}]}<\/script>\n<!-- \/ Yoast SEO plugin. -->","yoast_head_json":{"title":"Focal Ramme 29,7x42 Natur - H\u00fcbsch","description":"Focal ramme er den perfekte tilf\u00f8jelse til dit hjem, uanset om det er moderne eller rustikt. Denne variant er fremstillet af FSC-certificeret egetr\u00e6,","robots":{"index":"index","follow":"follow","max-snippet":"max-snippet:-1","max-image-preview":"max-image-preview:large","max-video-preview":"max-video-preview:-1"},"canonical":"https:\/\/hubsch-interior.com\/da\/wp-json\/wp\/v2\/product\/977450","og_locale":"da_DK","og_type":"article","og_title":"Focal Ramme 29,7x42 Natur - H\u00fcbsch","og_description":"Focal ramme er den perfekte tilf\u00f8jelse til dit hjem, uanset om det er moderne eller rustikt. Denne variant er fremstillet af FSC-certificeret egetr\u00e6,","og_url":"https:\/\/hubsch-interior.com\/da\/vare\/focal-ramme-297x42-natur\/","og_site_name":"H\u00fcbsch","article_modified_time":"2026-04-04T02:54:25+00:00","og_image":[{"width":1200,"height":1200,"url":"https:\/\/hubsch-interior.com\/wp-content\/uploads\/2024\/03\/focal-frame-297x42-natural-9377699a8977c4b1308288ee76c28630.jpg","type":"image\/jpeg"}],"twitter_card":"summary_large_image","twitter_misc":{"Estimeret l\u00e6setid":"1 minut"},"schema":{"@context":"https:\/\/schema.org","@graph":[{"@type":"WebPage","@id":"https:\/\/hubsch-interior.com\/da\/vare\/focal-ramme-297x42-natur\/","url":"https:\/\/hubsch-interior.com\/da\/vare\/focal-ramme-297x42-natur\/","name":"Focal Ramme 29,7x42 Natur - H\u00fcbsch","isPartOf":{"@id":"https:\/\/hubsch-interior.com\/da\/#website"},"primaryImageOfPage":{"@id":"https:\/\/hubsch-interior.com\/da\/vare\/focal-ramme-297x42-natur\/#primaryimage"},"image":{"@id":"https:\/\/hubsch-interior.com\/da\/vare\/focal-ramme-297x42-natur\/#primaryimage"},"thumbnailUrl":"https:\/\/hubsch-interior.com\/wp-content\/uploads\/2026\/02\/focal-frame-297x42-natural-1fc94e8e92302bd40b17bb0a55621d27.jpg","datePublished":"2024-01-29T08:29:06+00:00","dateModified":"2026-04-04T02:54:25+00:00","description":"Focal ramme er den perfekte tilf\u00f8jelse til dit hjem, uanset om det er moderne eller rustikt. Denne variant er fremstillet af FSC-certificeret egetr\u00e6,","breadcrumb":{"@id":"https:\/\/hubsch-interior.com\/da\/vare\/focal-ramme-297x42-natur\/#breadcrumb"},"inLanguage":"da-DK","potentialAction":[{"@type":"ReadAction","target":["https:\/\/hubsch-interior.com\/da\/vare\/focal-ramme-297x42-natur\/"]}]},{"@type":"ImageObject","inLanguage":"da-DK","@id":"https:\/\/hubsch-interior.com\/da\/vare\/focal-ramme-297x42-natur\/#primaryimage","url":"https:\/\/hubsch-interior.com\/wp-content\/uploads\/2026\/02\/focal-frame-297x42-natural-1fc94e8e92302bd40b17bb0a55621d27.jpg","contentUrl":"https:\/\/hubsch-interior.com\/wp-content\/uploads\/2026\/02\/focal-frame-297x42-natural-1fc94e8e92302bd40b17bb0a55621d27.jpg","width":1024,"height":1024},{"@type":"BreadcrumbList","@id":"https:\/\/hubsch-interior.com\/da\/vare\/focal-ramme-297x42-natur\/#breadcrumb","itemListElement":[{"@type":"ListItem","position":1,"name":"Forside","item":"https:\/\/hubsch-interior.com\/da\/"},{"@type":"ListItem","position":2,"name":"Produkter","item":"https:\/\/hubsch-interior.com\/da\/produkter\/"},{"@type":"ListItem","position":3,"name":"Boligtilbeh\u00f8r","item":"https:\/\/hubsch-interior.com\/da\/vare-kategori\/boligtilbehor\/"},{"@type":"ListItem","position":4,"name":"V&aelig;gdekoration","item":"https:\/\/hubsch-interior.com\/da\/vare-kategori\/boligtilbehor\/vaegdekoration-da\/"},{"@type":"ListItem","position":5,"name":"Rammer","item":"https:\/\/hubsch-interior.com\/da\/vare-kategori\/boligtilbehor\/vaegdekoration-da\/rammer-da\/"},{"@type":"ListItem","position":6,"name":"Focal Ramme 29,7&#215;42 Natur"}]},{"@type":"WebSite","@id":"https:\/\/hubsch-interior.com\/da\/#website","url":"https:\/\/hubsch-interior.com\/da\/","name":"H\u00fcbsch","description":"Danish Home Interior and Design","publisher":{"@id":"https:\/\/hubsch-interior.com\/da\/#organization"},"potentialAction":[{"@type":"SearchAction","target":{"@type":"EntryPoint","urlTemplate":"https:\/\/hubsch-interior.com\/da\/?s={search_term_string}"},"query-input":{"@type":"PropertyValueSpecification","valueRequired":true,"valueName":"search_term_string"}}],"inLanguage":"da-DK"},{"@type":"Organization","@id":"https:\/\/hubsch-interior.com\/da\/#organization","name":"H\u00fcbsch","url":"https:\/\/hubsch-interior.com\/da\/","logo":{"@type":"ImageObject","inLanguage":"da-DK","@id":"https:\/\/hubsch-interior.com\/da\/#\/schema\/logo\/image\/","url":"https:\/\/hubsch-interior.com\/wp-content\/uploads\/2022\/12\/Hubsch_logo_black_one_line.svg","contentUrl":"https:\/\/hubsch-interior.com\/wp-content\/uploads\/2022\/12\/Hubsch_logo_black_one_line.svg","caption":"H\u00fcbsch"},"image":{"@id":"https:\/\/hubsch-interior.com\/da\/#\/schema\/logo\/image\/"}}]}},"_links":{"self":[{"href":"https:\/\/hubsch-interior.com\/da\/wp-json\/wp\/v2\/product\/977450","targetHints":{"allow":["GET"]}}],"collection":[{"href":"https:\/\/hubsch-interior.com\/da\/wp-json\/wp\/v2\/product"}],"about":[{"href":"https:\/\/hubsch-interior.com\/da\/wp-json\/wp\/v2\/types\/product"}],"wp:featuredmedia":[{"embeddable":true,"href":"https:\/\/hubsch-interior.com\/da\/wp-json\/wp\/v2\/media\/1103903"}],"wp:attachment":[{"href":"https:\/\/hubsch-interior.com\/da\/wp-json\/wp\/v2\/media?parent=977450"}],"wp:term":[{"taxonomy":"product_brand","embeddable":true,"href":"https:\/\/hubsch-interior.com\/da\/wp-json\/wp\/v2\/product_brand?post=977450"},{"taxonomy":"product_cat","embeddable":true,"href":"https:\/\/hubsch-interior.com\/da\/wp-json\/wp\/v2\/product_cat?post=977450"},{"taxonomy":"product_tag","embeddable":true,"href":"https:\/\/hubsch-interior.com\/da\/wp-json\/wp\/v2\/product_tag?post=977450"}],"curies":[{"name":"wp","href":"https:\/\/api.w.org\/{rel}","templated":true}]}}