{"id":977466,"date":"2024-01-29T09:29:23","date_gmt":"2024-01-29T08:29:23","guid":{"rendered":"https:\/\/hubsch-interior.com\/product\/product\/"},"modified":"2026-04-09T04:53:04","modified_gmt":"2026-04-09T02:53:04","slug":"studio-ramme-70x100-natur","status":"publish","type":"product","link":"https:\/\/hubsch-interior.com\/da\/vare\/studio-ramme-70x100-natur\/","title":{"rendered":"Studio Ramme 70&#215;100 Natur"},"content":{"rendered":"<p>Studio Ramme er det perfekte valg til alle dine indretningsbehov. Lavet af FSC-certificeret egetr\u00e6 og egetr\u00e6, er vores ramme b\u00e5de milj\u00f8venlig og af h\u00f8j kvalitet. Den inkluderer desuden et unikt kunsttryk med kontrastfulde farver og kan nemt udstilles b\u00e5de vertikalt og horisontalt. Bland den med andre st\u00f8rrelser og farver for et personligt touch. Denne st\u00f8rrelse p\u00e5 70&#215;100 cm er perfekt til st\u00f8rre plakater, og den holdbare plexiglas sikrer, at dit produkt vil holde i mange \u00e5r fremover.<\/p>\n","protected":false},"excerpt":{"rendered":"<p>Studio Ramme er det perfekte valg til alle dine indretningsbehov. Lavet af FSC-certificeret egetr\u00e6 og egetr\u00e6, er vores ramme b\u00e5de milj\u00f8venlig og af h\u00f8j kvalitet. Den inkluderer desuden et unikt kunsttryk med kontrastfulde farver og kan nemt udstilles b\u00e5de vertikalt og horisontalt. Bland den med andre st\u00f8rrelser og farver for et personligt touch. Denne st\u00f8rrelse [&hellip;]<\/p>\n","protected":false},"featured_media":1103915,"template":"","meta":{"_acf_changed":false,"inline_featured_image":false},"product_brand":[],"product_cat":[5025,6880,6321,4935,3114],"product_tag":[],"class_list":{"0":"post-977466","1":"product","2":"type-product","3":"status-publish","4":"has-post-thumbnail","6":"product_cat-bestsellers-da","7":"product_cat-elevating-nostalgia-da","8":"product_cat-fsc-da","9":"product_cat-rammer-da","10":"product_cat-vaegdekoration-da","11":"product_shipping_class-pk","13":"pa_color-natur-2","14":"pa_material-egetr","15":"pa_material-mdf-da","16":"pa_material-plexiglas","18":"first","19":"instock","20":"featured","21":"taxable","22":"shipping-taxable","23":"purchasable","24":"product-type-simple"},"exclude_global_add_ons":[],"addons":[],"acf":[],"yoast_head":"<!-- This site is optimized with the Yoast SEO plugin v26.4 - https:\/\/yoast.com\/wordpress\/plugins\/seo\/ -->\n<title>Studio Ramme 70x100 Natur - H\u00fcbsch<\/title>\n<meta name=\"description\" content=\"Studio Ramme er det perfekte valg til alle dine indretningsbehov. Lavet af FSC-certificeret egetr\u00e6 og egetr\u00e6, er vores ramme b\u00e5de milj\u00f8venlig og af h\u00f8j\" \/>\n<meta name=\"robots\" content=\"index, follow, max-snippet:-1, max-image-preview:large, max-video-preview:-1\" \/>\n<link rel=\"canonical\" href=\"https:\/\/hubsch-interior.com\/da\/wp-json\/wp\/v2\/product\/977466\" \/>\n<meta property=\"og:locale\" content=\"da_DK\" \/>\n<meta property=\"og:type\" content=\"article\" \/>\n<meta property=\"og:title\" content=\"Studio Ramme 70x100 Natur - H\u00fcbsch\" \/>\n<meta property=\"og:description\" content=\"Studio Ramme er det perfekte valg til alle dine indretningsbehov. Lavet af FSC-certificeret egetr\u00e6 og egetr\u00e6, er vores ramme b\u00e5de milj\u00f8venlig og af h\u00f8j\" \/>\n<meta property=\"og:url\" content=\"https:\/\/hubsch-interior.com\/da\/vare\/studio-ramme-70x100-natur\/\" \/>\n<meta property=\"og:site_name\" content=\"H\u00fcbsch\" \/>\n<meta property=\"article:modified_time\" content=\"2026-04-09T02:53:04+00:00\" \/>\n<meta property=\"og:image\" content=\"https:\/\/hubsch-interior.com\/wp-content\/uploads\/2024\/01\/studio-frame-70x100-natural-869c30fdee76900c72a90099e0e204fd.jpg\" \/>\n\t<meta property=\"og:image:width\" content=\"1200\" \/>\n\t<meta property=\"og:image:height\" content=\"1200\" \/>\n\t<meta property=\"og:image:type\" content=\"image\/jpeg\" \/>\n<meta name=\"twitter:card\" content=\"summary_large_image\" \/>\n<script type=\"application\/ld+json\" class=\"yoast-schema-graph\">{\"@context\":\"https:\/\/schema.org\",\"@graph\":[{\"@type\":\"WebPage\",\"@id\":\"https:\/\/hubsch-interior.com\/da\/vare\/studio-ramme-70x100-natur\/\",\"url\":\"https:\/\/hubsch-interior.com\/da\/vare\/studio-ramme-70x100-natur\/\",\"name\":\"Studio Ramme 70x100 Natur - H\u00fcbsch\",\"isPartOf\":{\"@id\":\"https:\/\/hubsch-interior.com\/da\/#website\"},\"primaryImageOfPage\":{\"@id\":\"https:\/\/hubsch-interior.com\/da\/vare\/studio-ramme-70x100-natur\/#primaryimage\"},\"image\":{\"@id\":\"https:\/\/hubsch-interior.com\/da\/vare\/studio-ramme-70x100-natur\/#primaryimage\"},\"thumbnailUrl\":\"https:\/\/hubsch-interior.com\/wp-content\/uploads\/2026\/02\/studio-frame-70x100-natural-9a9a68bf1ba07af634f1075610376032.jpg\",\"datePublished\":\"2024-01-29T08:29:23+00:00\",\"dateModified\":\"2026-04-09T02:53:04+00:00\",\"description\":\"Studio Ramme er det perfekte valg til alle dine indretningsbehov. Lavet af FSC-certificeret egetr\u00e6 og egetr\u00e6, er vores ramme b\u00e5de milj\u00f8venlig og af h\u00f8j\",\"breadcrumb\":{\"@id\":\"https:\/\/hubsch-interior.com\/da\/vare\/studio-ramme-70x100-natur\/#breadcrumb\"},\"inLanguage\":\"da-DK\",\"potentialAction\":[{\"@type\":\"ReadAction\",\"target\":[\"https:\/\/hubsch-interior.com\/da\/vare\/studio-ramme-70x100-natur\/\"]}]},{\"@type\":\"ImageObject\",\"inLanguage\":\"da-DK\",\"@id\":\"https:\/\/hubsch-interior.com\/da\/vare\/studio-ramme-70x100-natur\/#primaryimage\",\"url\":\"https:\/\/hubsch-interior.com\/wp-content\/uploads\/2026\/02\/studio-frame-70x100-natural-9a9a68bf1ba07af634f1075610376032.jpg\",\"contentUrl\":\"https:\/\/hubsch-interior.com\/wp-content\/uploads\/2026\/02\/studio-frame-70x100-natural-9a9a68bf1ba07af634f1075610376032.jpg\",\"width\":1024,\"height\":1024},{\"@type\":\"BreadcrumbList\",\"@id\":\"https:\/\/hubsch-interior.com\/da\/vare\/studio-ramme-70x100-natur\/#breadcrumb\",\"itemListElement\":[{\"@type\":\"ListItem\",\"position\":1,\"name\":\"Forside\",\"item\":\"https:\/\/hubsch-interior.com\/da\/\"},{\"@type\":\"ListItem\",\"position\":2,\"name\":\"Produkter\",\"item\":\"https:\/\/hubsch-interior.com\/da\/produkter\/\"},{\"@type\":\"ListItem\",\"position\":3,\"name\":\"Boligtilbeh\u00f8r\",\"item\":\"https:\/\/hubsch-interior.com\/da\/vare-kategori\/boligtilbehor\/\"},{\"@type\":\"ListItem\",\"position\":4,\"name\":\"V&aelig;gdekoration\",\"item\":\"https:\/\/hubsch-interior.com\/da\/vare-kategori\/boligtilbehor\/vaegdekoration-da\/\"},{\"@type\":\"ListItem\",\"position\":5,\"name\":\"Rammer\",\"item\":\"https:\/\/hubsch-interior.com\/da\/vare-kategori\/boligtilbehor\/vaegdekoration-da\/rammer-da\/\"},{\"@type\":\"ListItem\",\"position\":6,\"name\":\"Studio Ramme 70&#215;100 Natur\"}]},{\"@type\":\"WebSite\",\"@id\":\"https:\/\/hubsch-interior.com\/da\/#website\",\"url\":\"https:\/\/hubsch-interior.com\/da\/\",\"name\":\"H\u00fcbsch\",\"description\":\"Danish Home Interior and Design\",\"publisher\":{\"@id\":\"https:\/\/hubsch-interior.com\/da\/#organization\"},\"potentialAction\":[{\"@type\":\"SearchAction\",\"target\":{\"@type\":\"EntryPoint\",\"urlTemplate\":\"https:\/\/hubsch-interior.com\/da\/?s={search_term_string}\"},\"query-input\":{\"@type\":\"PropertyValueSpecification\",\"valueRequired\":true,\"valueName\":\"search_term_string\"}}],\"inLanguage\":\"da-DK\"},{\"@type\":\"Organization\",\"@id\":\"https:\/\/hubsch-interior.com\/da\/#organization\",\"name\":\"H\u00fcbsch\",\"url\":\"https:\/\/hubsch-interior.com\/da\/\",\"logo\":{\"@type\":\"ImageObject\",\"inLanguage\":\"da-DK\",\"@id\":\"https:\/\/hubsch-interior.com\/da\/#\/schema\/logo\/image\/\",\"url\":\"https:\/\/hubsch-interior.com\/wp-content\/uploads\/2022\/12\/Hubsch_logo_black_one_line.svg\",\"contentUrl\":\"https:\/\/hubsch-interior.com\/wp-content\/uploads\/2022\/12\/Hubsch_logo_black_one_line.svg\",\"caption\":\"H\u00fcbsch\"},\"image\":{\"@id\":\"https:\/\/hubsch-interior.com\/da\/#\/schema\/logo\/image\/\"}}]}<\/script>\n<!-- \/ Yoast SEO plugin. -->","yoast_head_json":{"title":"Studio Ramme 70x100 Natur - H\u00fcbsch","description":"Studio Ramme er det perfekte valg til alle dine indretningsbehov. Lavet af FSC-certificeret egetr\u00e6 og egetr\u00e6, er vores ramme b\u00e5de milj\u00f8venlig og af h\u00f8j","robots":{"index":"index","follow":"follow","max-snippet":"max-snippet:-1","max-image-preview":"max-image-preview:large","max-video-preview":"max-video-preview:-1"},"canonical":"https:\/\/hubsch-interior.com\/da\/wp-json\/wp\/v2\/product\/977466","og_locale":"da_DK","og_type":"article","og_title":"Studio Ramme 70x100 Natur - H\u00fcbsch","og_description":"Studio Ramme er det perfekte valg til alle dine indretningsbehov. Lavet af FSC-certificeret egetr\u00e6 og egetr\u00e6, er vores ramme b\u00e5de milj\u00f8venlig og af h\u00f8j","og_url":"https:\/\/hubsch-interior.com\/da\/vare\/studio-ramme-70x100-natur\/","og_site_name":"H\u00fcbsch","article_modified_time":"2026-04-09T02:53:04+00:00","og_image":[{"width":1200,"height":1200,"url":"https:\/\/hubsch-interior.com\/wp-content\/uploads\/2024\/01\/studio-frame-70x100-natural-869c30fdee76900c72a90099e0e204fd.jpg","type":"image\/jpeg"}],"twitter_card":"summary_large_image","schema":{"@context":"https:\/\/schema.org","@graph":[{"@type":"WebPage","@id":"https:\/\/hubsch-interior.com\/da\/vare\/studio-ramme-70x100-natur\/","url":"https:\/\/hubsch-interior.com\/da\/vare\/studio-ramme-70x100-natur\/","name":"Studio Ramme 70x100 Natur - H\u00fcbsch","isPartOf":{"@id":"https:\/\/hubsch-interior.com\/da\/#website"},"primaryImageOfPage":{"@id":"https:\/\/hubsch-interior.com\/da\/vare\/studio-ramme-70x100-natur\/#primaryimage"},"image":{"@id":"https:\/\/hubsch-interior.com\/da\/vare\/studio-ramme-70x100-natur\/#primaryimage"},"thumbnailUrl":"https:\/\/hubsch-interior.com\/wp-content\/uploads\/2026\/02\/studio-frame-70x100-natural-9a9a68bf1ba07af634f1075610376032.jpg","datePublished":"2024-01-29T08:29:23+00:00","dateModified":"2026-04-09T02:53:04+00:00","description":"Studio Ramme er det perfekte valg til alle dine indretningsbehov. Lavet af FSC-certificeret egetr\u00e6 og egetr\u00e6, er vores ramme b\u00e5de milj\u00f8venlig og af h\u00f8j","breadcrumb":{"@id":"https:\/\/hubsch-interior.com\/da\/vare\/studio-ramme-70x100-natur\/#breadcrumb"},"inLanguage":"da-DK","potentialAction":[{"@type":"ReadAction","target":["https:\/\/hubsch-interior.com\/da\/vare\/studio-ramme-70x100-natur\/"]}]},{"@type":"ImageObject","inLanguage":"da-DK","@id":"https:\/\/hubsch-interior.com\/da\/vare\/studio-ramme-70x100-natur\/#primaryimage","url":"https:\/\/hubsch-interior.com\/wp-content\/uploads\/2026\/02\/studio-frame-70x100-natural-9a9a68bf1ba07af634f1075610376032.jpg","contentUrl":"https:\/\/hubsch-interior.com\/wp-content\/uploads\/2026\/02\/studio-frame-70x100-natural-9a9a68bf1ba07af634f1075610376032.jpg","width":1024,"height":1024},{"@type":"BreadcrumbList","@id":"https:\/\/hubsch-interior.com\/da\/vare\/studio-ramme-70x100-natur\/#breadcrumb","itemListElement":[{"@type":"ListItem","position":1,"name":"Forside","item":"https:\/\/hubsch-interior.com\/da\/"},{"@type":"ListItem","position":2,"name":"Produkter","item":"https:\/\/hubsch-interior.com\/da\/produkter\/"},{"@type":"ListItem","position":3,"name":"Boligtilbeh\u00f8r","item":"https:\/\/hubsch-interior.com\/da\/vare-kategori\/boligtilbehor\/"},{"@type":"ListItem","position":4,"name":"V&aelig;gdekoration","item":"https:\/\/hubsch-interior.com\/da\/vare-kategori\/boligtilbehor\/vaegdekoration-da\/"},{"@type":"ListItem","position":5,"name":"Rammer","item":"https:\/\/hubsch-interior.com\/da\/vare-kategori\/boligtilbehor\/vaegdekoration-da\/rammer-da\/"},{"@type":"ListItem","position":6,"name":"Studio Ramme 70&#215;100 Natur"}]},{"@type":"WebSite","@id":"https:\/\/hubsch-interior.com\/da\/#website","url":"https:\/\/hubsch-interior.com\/da\/","name":"H\u00fcbsch","description":"Danish Home Interior and Design","publisher":{"@id":"https:\/\/hubsch-interior.com\/da\/#organization"},"potentialAction":[{"@type":"SearchAction","target":{"@type":"EntryPoint","urlTemplate":"https:\/\/hubsch-interior.com\/da\/?s={search_term_string}"},"query-input":{"@type":"PropertyValueSpecification","valueRequired":true,"valueName":"search_term_string"}}],"inLanguage":"da-DK"},{"@type":"Organization","@id":"https:\/\/hubsch-interior.com\/da\/#organization","name":"H\u00fcbsch","url":"https:\/\/hubsch-interior.com\/da\/","logo":{"@type":"ImageObject","inLanguage":"da-DK","@id":"https:\/\/hubsch-interior.com\/da\/#\/schema\/logo\/image\/","url":"https:\/\/hubsch-interior.com\/wp-content\/uploads\/2022\/12\/Hubsch_logo_black_one_line.svg","contentUrl":"https:\/\/hubsch-interior.com\/wp-content\/uploads\/2022\/12\/Hubsch_logo_black_one_line.svg","caption":"H\u00fcbsch"},"image":{"@id":"https:\/\/hubsch-interior.com\/da\/#\/schema\/logo\/image\/"}}]}},"_links":{"self":[{"href":"https:\/\/hubsch-interior.com\/da\/wp-json\/wp\/v2\/product\/977466","targetHints":{"allow":["GET"]}}],"collection":[{"href":"https:\/\/hubsch-interior.com\/da\/wp-json\/wp\/v2\/product"}],"about":[{"href":"https:\/\/hubsch-interior.com\/da\/wp-json\/wp\/v2\/types\/product"}],"wp:featuredmedia":[{"embeddable":true,"href":"https:\/\/hubsch-interior.com\/da\/wp-json\/wp\/v2\/media\/1103915"}],"wp:attachment":[{"href":"https:\/\/hubsch-interior.com\/da\/wp-json\/wp\/v2\/media?parent=977466"}],"wp:term":[{"taxonomy":"product_brand","embeddable":true,"href":"https:\/\/hubsch-interior.com\/da\/wp-json\/wp\/v2\/product_brand?post=977466"},{"taxonomy":"product_cat","embeddable":true,"href":"https:\/\/hubsch-interior.com\/da\/wp-json\/wp\/v2\/product_cat?post=977466"},{"taxonomy":"product_tag","embeddable":true,"href":"https:\/\/hubsch-interior.com\/da\/wp-json\/wp\/v2\/product_tag?post=977466"}],"curies":[{"name":"wp","href":"https:\/\/api.w.org\/{rel}","templated":true}]}}