{"id":977510,"date":"2024-01-29T09:30:13","date_gmt":"2024-01-29T08:30:13","guid":{"rendered":"https:\/\/hubsch-interior.com\/product\/product\/"},"modified":"2026-04-05T04:56:15","modified_gmt":"2026-04-05T02:56:15","slug":"hello-ramme-80x80-natur","status":"publish","type":"product","link":"https:\/\/hubsch-interior.com\/da\/vare\/hello-ramme-80x80-natur\/","title":{"rendered":"Hello Ramme 80&#215;80 Natur"},"content":{"rendered":"<p>Hello Ramme er den perfekte m\u00e5de at give dine v\u00e6gge et personligt touch p\u00e5. Vores ramme f\u00e5s i tre forskellige varianter, og denne ramme er lavet af FSC-certificeret egetr\u00e6sfiner og plexiglas. Den unikke dybde p\u00e5 80&#215;80 cm skaber et interessant udtryk og lader dine billeder tr\u00e6de frem. Sammen med en kurvet illustration som kunstprint tilf\u00f8jer den en legende 3D-effekt til din billedv\u00e6g. Bland Hello Ramme med andre st\u00f8rrelser for at skabe en legesyg synergi p\u00e5 dine v\u00e6gge. Giv dit hjem et personligt touch med Hello Ramme.<\/p>\n","protected":false},"excerpt":{"rendered":"<p>Hello Ramme er den perfekte m\u00e5de at give dine v\u00e6gge et personligt touch p\u00e5. Vores ramme f\u00e5s i tre forskellige varianter, og denne ramme er lavet af FSC-certificeret egetr\u00e6sfiner og plexiglas. Den unikke dybde p\u00e5 80&#215;80 cm skaber et interessant udtryk og lader dine billeder tr\u00e6de frem. Sammen med en kurvet illustration som kunstprint tilf\u00f8jer [&hellip;]<\/p>\n","protected":false},"featured_media":1114760,"template":"","meta":{"_acf_changed":false,"inline_featured_image":false},"product_brand":[],"product_cat":[6880,6321,3114,4935,5025],"product_tag":[],"class_list":{"0":"post-977510","1":"product","2":"type-product","3":"status-publish","4":"has-post-thumbnail","6":"product_cat-elevating-nostalgia-da","7":"product_cat-fsc-da","8":"product_cat-vaegdekoration-da","9":"product_cat-rammer-da","10":"product_cat-bestsellers-da","11":"product_shipping_class-p05","12":"pa_color-natur-2","13":"pa_material-mdf-da","14":"pa_material-plexiglas","15":"pa_material-egetrsfiner","17":"first","18":"instock","19":"featured","20":"taxable","21":"shipping-taxable","22":"purchasable","23":"product-type-simple"},"exclude_global_add_ons":[],"addons":[],"acf":[],"yoast_head":"<!-- This site is optimized with the Yoast SEO plugin v26.4 - https:\/\/yoast.com\/wordpress\/plugins\/seo\/ -->\n<title>Hello Ramme 80x80 Natur - H\u00fcbsch<\/title>\n<meta name=\"description\" content=\"Hello Ramme er den perfekte m\u00e5de at give dine v\u00e6gge et personligt touch p\u00e5. Vores ramme f\u00e5s i tre forskellige varianter, og denne ramme er lavet af\" \/>\n<meta name=\"robots\" content=\"index, follow, max-snippet:-1, max-image-preview:large, max-video-preview:-1\" \/>\n<link rel=\"canonical\" href=\"https:\/\/hubsch-interior.com\/da\/wp-json\/wp\/v2\/product\/977510\" \/>\n<meta property=\"og:locale\" content=\"da_DK\" \/>\n<meta property=\"og:type\" content=\"article\" \/>\n<meta property=\"og:title\" content=\"Hello Ramme 80x80 Natur - H\u00fcbsch\" \/>\n<meta property=\"og:description\" content=\"Hello Ramme er den perfekte m\u00e5de at give dine v\u00e6gge et personligt touch p\u00e5. Vores ramme f\u00e5s i tre forskellige varianter, og denne ramme er lavet af\" \/>\n<meta property=\"og:url\" content=\"https:\/\/hubsch-interior.com\/da\/vare\/hello-ramme-80x80-natur\/\" \/>\n<meta property=\"og:site_name\" content=\"H\u00fcbsch\" \/>\n<meta property=\"article:modified_time\" content=\"2026-04-05T02:56:15+00:00\" \/>\n<meta property=\"og:image\" content=\"https:\/\/hubsch-interior.com\/wp-content\/uploads\/2024\/07\/hello-frame-80x80-natural-6ef7e247f6f37304c24a9009c9ecafcc.jpg\" \/>\n\t<meta property=\"og:image:width\" content=\"1200\" \/>\n\t<meta property=\"og:image:height\" content=\"1200\" \/>\n\t<meta property=\"og:image:type\" content=\"image\/jpeg\" \/>\n<meta name=\"twitter:card\" content=\"summary_large_image\" \/>\n<script type=\"application\/ld+json\" class=\"yoast-schema-graph\">{\"@context\":\"https:\/\/schema.org\",\"@graph\":[{\"@type\":\"WebPage\",\"@id\":\"https:\/\/hubsch-interior.com\/da\/vare\/hello-ramme-80x80-natur\/\",\"url\":\"https:\/\/hubsch-interior.com\/da\/vare\/hello-ramme-80x80-natur\/\",\"name\":\"Hello Ramme 80x80 Natur - H\u00fcbsch\",\"isPartOf\":{\"@id\":\"https:\/\/hubsch-interior.com\/da\/#website\"},\"primaryImageOfPage\":{\"@id\":\"https:\/\/hubsch-interior.com\/da\/vare\/hello-ramme-80x80-natur\/#primaryimage\"},\"image\":{\"@id\":\"https:\/\/hubsch-interior.com\/da\/vare\/hello-ramme-80x80-natur\/#primaryimage\"},\"thumbnailUrl\":\"https:\/\/hubsch-interior.com\/wp-content\/uploads\/2026\/02\/hello-frame-80x80-natural-63447de16117782ff5518dbd377d57b0.jpg\",\"datePublished\":\"2024-01-29T08:30:13+00:00\",\"dateModified\":\"2026-04-05T02:56:15+00:00\",\"description\":\"Hello Ramme er den perfekte m\u00e5de at give dine v\u00e6gge et personligt touch p\u00e5. Vores ramme f\u00e5s i tre forskellige varianter, og denne ramme er lavet af\",\"breadcrumb\":{\"@id\":\"https:\/\/hubsch-interior.com\/da\/vare\/hello-ramme-80x80-natur\/#breadcrumb\"},\"inLanguage\":\"da-DK\",\"potentialAction\":[{\"@type\":\"ReadAction\",\"target\":[\"https:\/\/hubsch-interior.com\/da\/vare\/hello-ramme-80x80-natur\/\"]}]},{\"@type\":\"ImageObject\",\"inLanguage\":\"da-DK\",\"@id\":\"https:\/\/hubsch-interior.com\/da\/vare\/hello-ramme-80x80-natur\/#primaryimage\",\"url\":\"https:\/\/hubsch-interior.com\/wp-content\/uploads\/2026\/02\/hello-frame-80x80-natural-63447de16117782ff5518dbd377d57b0.jpg\",\"contentUrl\":\"https:\/\/hubsch-interior.com\/wp-content\/uploads\/2026\/02\/hello-frame-80x80-natural-63447de16117782ff5518dbd377d57b0.jpg\",\"width\":1024,\"height\":1024},{\"@type\":\"BreadcrumbList\",\"@id\":\"https:\/\/hubsch-interior.com\/da\/vare\/hello-ramme-80x80-natur\/#breadcrumb\",\"itemListElement\":[{\"@type\":\"ListItem\",\"position\":1,\"name\":\"Forside\",\"item\":\"https:\/\/hubsch-interior.com\/da\/\"},{\"@type\":\"ListItem\",\"position\":2,\"name\":\"Produkter\",\"item\":\"https:\/\/hubsch-interior.com\/da\/produkter\/\"},{\"@type\":\"ListItem\",\"position\":3,\"name\":\"Boligtilbeh\u00f8r\",\"item\":\"https:\/\/hubsch-interior.com\/da\/vare-kategori\/boligtilbehor\/\"},{\"@type\":\"ListItem\",\"position\":4,\"name\":\"V&aelig;gdekoration\",\"item\":\"https:\/\/hubsch-interior.com\/da\/vare-kategori\/boligtilbehor\/vaegdekoration-da\/\"},{\"@type\":\"ListItem\",\"position\":5,\"name\":\"Rammer\",\"item\":\"https:\/\/hubsch-interior.com\/da\/vare-kategori\/boligtilbehor\/vaegdekoration-da\/rammer-da\/\"},{\"@type\":\"ListItem\",\"position\":6,\"name\":\"Hello Ramme 80&#215;80 Natur\"}]},{\"@type\":\"WebSite\",\"@id\":\"https:\/\/hubsch-interior.com\/da\/#website\",\"url\":\"https:\/\/hubsch-interior.com\/da\/\",\"name\":\"H\u00fcbsch\",\"description\":\"Danish Home Interior and Design\",\"publisher\":{\"@id\":\"https:\/\/hubsch-interior.com\/da\/#organization\"},\"potentialAction\":[{\"@type\":\"SearchAction\",\"target\":{\"@type\":\"EntryPoint\",\"urlTemplate\":\"https:\/\/hubsch-interior.com\/da\/?s={search_term_string}\"},\"query-input\":{\"@type\":\"PropertyValueSpecification\",\"valueRequired\":true,\"valueName\":\"search_term_string\"}}],\"inLanguage\":\"da-DK\"},{\"@type\":\"Organization\",\"@id\":\"https:\/\/hubsch-interior.com\/da\/#organization\",\"name\":\"H\u00fcbsch\",\"url\":\"https:\/\/hubsch-interior.com\/da\/\",\"logo\":{\"@type\":\"ImageObject\",\"inLanguage\":\"da-DK\",\"@id\":\"https:\/\/hubsch-interior.com\/da\/#\/schema\/logo\/image\/\",\"url\":\"https:\/\/hubsch-interior.com\/wp-content\/uploads\/2022\/12\/Hubsch_logo_black_one_line.svg\",\"contentUrl\":\"https:\/\/hubsch-interior.com\/wp-content\/uploads\/2022\/12\/Hubsch_logo_black_one_line.svg\",\"caption\":\"H\u00fcbsch\"},\"image\":{\"@id\":\"https:\/\/hubsch-interior.com\/da\/#\/schema\/logo\/image\/\"}}]}<\/script>\n<!-- \/ Yoast SEO plugin. -->","yoast_head_json":{"title":"Hello Ramme 80x80 Natur - H\u00fcbsch","description":"Hello Ramme er den perfekte m\u00e5de at give dine v\u00e6gge et personligt touch p\u00e5. Vores ramme f\u00e5s i tre forskellige varianter, og denne ramme er lavet af","robots":{"index":"index","follow":"follow","max-snippet":"max-snippet:-1","max-image-preview":"max-image-preview:large","max-video-preview":"max-video-preview:-1"},"canonical":"https:\/\/hubsch-interior.com\/da\/wp-json\/wp\/v2\/product\/977510","og_locale":"da_DK","og_type":"article","og_title":"Hello Ramme 80x80 Natur - H\u00fcbsch","og_description":"Hello Ramme er den perfekte m\u00e5de at give dine v\u00e6gge et personligt touch p\u00e5. Vores ramme f\u00e5s i tre forskellige varianter, og denne ramme er lavet af","og_url":"https:\/\/hubsch-interior.com\/da\/vare\/hello-ramme-80x80-natur\/","og_site_name":"H\u00fcbsch","article_modified_time":"2026-04-05T02:56:15+00:00","og_image":[{"width":1200,"height":1200,"url":"https:\/\/hubsch-interior.com\/wp-content\/uploads\/2024\/07\/hello-frame-80x80-natural-6ef7e247f6f37304c24a9009c9ecafcc.jpg","type":"image\/jpeg"}],"twitter_card":"summary_large_image","schema":{"@context":"https:\/\/schema.org","@graph":[{"@type":"WebPage","@id":"https:\/\/hubsch-interior.com\/da\/vare\/hello-ramme-80x80-natur\/","url":"https:\/\/hubsch-interior.com\/da\/vare\/hello-ramme-80x80-natur\/","name":"Hello Ramme 80x80 Natur - H\u00fcbsch","isPartOf":{"@id":"https:\/\/hubsch-interior.com\/da\/#website"},"primaryImageOfPage":{"@id":"https:\/\/hubsch-interior.com\/da\/vare\/hello-ramme-80x80-natur\/#primaryimage"},"image":{"@id":"https:\/\/hubsch-interior.com\/da\/vare\/hello-ramme-80x80-natur\/#primaryimage"},"thumbnailUrl":"https:\/\/hubsch-interior.com\/wp-content\/uploads\/2026\/02\/hello-frame-80x80-natural-63447de16117782ff5518dbd377d57b0.jpg","datePublished":"2024-01-29T08:30:13+00:00","dateModified":"2026-04-05T02:56:15+00:00","description":"Hello Ramme er den perfekte m\u00e5de at give dine v\u00e6gge et personligt touch p\u00e5. Vores ramme f\u00e5s i tre forskellige varianter, og denne ramme er lavet af","breadcrumb":{"@id":"https:\/\/hubsch-interior.com\/da\/vare\/hello-ramme-80x80-natur\/#breadcrumb"},"inLanguage":"da-DK","potentialAction":[{"@type":"ReadAction","target":["https:\/\/hubsch-interior.com\/da\/vare\/hello-ramme-80x80-natur\/"]}]},{"@type":"ImageObject","inLanguage":"da-DK","@id":"https:\/\/hubsch-interior.com\/da\/vare\/hello-ramme-80x80-natur\/#primaryimage","url":"https:\/\/hubsch-interior.com\/wp-content\/uploads\/2026\/02\/hello-frame-80x80-natural-63447de16117782ff5518dbd377d57b0.jpg","contentUrl":"https:\/\/hubsch-interior.com\/wp-content\/uploads\/2026\/02\/hello-frame-80x80-natural-63447de16117782ff5518dbd377d57b0.jpg","width":1024,"height":1024},{"@type":"BreadcrumbList","@id":"https:\/\/hubsch-interior.com\/da\/vare\/hello-ramme-80x80-natur\/#breadcrumb","itemListElement":[{"@type":"ListItem","position":1,"name":"Forside","item":"https:\/\/hubsch-interior.com\/da\/"},{"@type":"ListItem","position":2,"name":"Produkter","item":"https:\/\/hubsch-interior.com\/da\/produkter\/"},{"@type":"ListItem","position":3,"name":"Boligtilbeh\u00f8r","item":"https:\/\/hubsch-interior.com\/da\/vare-kategori\/boligtilbehor\/"},{"@type":"ListItem","position":4,"name":"V&aelig;gdekoration","item":"https:\/\/hubsch-interior.com\/da\/vare-kategori\/boligtilbehor\/vaegdekoration-da\/"},{"@type":"ListItem","position":5,"name":"Rammer","item":"https:\/\/hubsch-interior.com\/da\/vare-kategori\/boligtilbehor\/vaegdekoration-da\/rammer-da\/"},{"@type":"ListItem","position":6,"name":"Hello Ramme 80&#215;80 Natur"}]},{"@type":"WebSite","@id":"https:\/\/hubsch-interior.com\/da\/#website","url":"https:\/\/hubsch-interior.com\/da\/","name":"H\u00fcbsch","description":"Danish Home Interior and Design","publisher":{"@id":"https:\/\/hubsch-interior.com\/da\/#organization"},"potentialAction":[{"@type":"SearchAction","target":{"@type":"EntryPoint","urlTemplate":"https:\/\/hubsch-interior.com\/da\/?s={search_term_string}"},"query-input":{"@type":"PropertyValueSpecification","valueRequired":true,"valueName":"search_term_string"}}],"inLanguage":"da-DK"},{"@type":"Organization","@id":"https:\/\/hubsch-interior.com\/da\/#organization","name":"H\u00fcbsch","url":"https:\/\/hubsch-interior.com\/da\/","logo":{"@type":"ImageObject","inLanguage":"da-DK","@id":"https:\/\/hubsch-interior.com\/da\/#\/schema\/logo\/image\/","url":"https:\/\/hubsch-interior.com\/wp-content\/uploads\/2022\/12\/Hubsch_logo_black_one_line.svg","contentUrl":"https:\/\/hubsch-interior.com\/wp-content\/uploads\/2022\/12\/Hubsch_logo_black_one_line.svg","caption":"H\u00fcbsch"},"image":{"@id":"https:\/\/hubsch-interior.com\/da\/#\/schema\/logo\/image\/"}}]}},"_links":{"self":[{"href":"https:\/\/hubsch-interior.com\/da\/wp-json\/wp\/v2\/product\/977510","targetHints":{"allow":["GET"]}}],"collection":[{"href":"https:\/\/hubsch-interior.com\/da\/wp-json\/wp\/v2\/product"}],"about":[{"href":"https:\/\/hubsch-interior.com\/da\/wp-json\/wp\/v2\/types\/product"}],"wp:featuredmedia":[{"embeddable":true,"href":"https:\/\/hubsch-interior.com\/da\/wp-json\/wp\/v2\/media\/1114760"}],"wp:attachment":[{"href":"https:\/\/hubsch-interior.com\/da\/wp-json\/wp\/v2\/media?parent=977510"}],"wp:term":[{"taxonomy":"product_brand","embeddable":true,"href":"https:\/\/hubsch-interior.com\/da\/wp-json\/wp\/v2\/product_brand?post=977510"},{"taxonomy":"product_cat","embeddable":true,"href":"https:\/\/hubsch-interior.com\/da\/wp-json\/wp\/v2\/product_cat?post=977510"},{"taxonomy":"product_tag","embeddable":true,"href":"https:\/\/hubsch-interior.com\/da\/wp-json\/wp\/v2\/product_tag?post=977510"}],"curies":[{"name":"wp","href":"https:\/\/api.w.org\/{rel}","templated":true}]}}