{"id":977534,"date":"2024-01-29T09:30:47","date_gmt":"2024-01-29T08:30:47","guid":{"rendered":"https:\/\/hubsch-interior.com\/product\/product\/"},"modified":"2026-04-05T04:56:23","modified_gmt":"2026-04-05T02:56:23","slug":"hello-ramme-21x30-natur","status":"publish","type":"product","link":"https:\/\/hubsch-interior.com\/da\/vare\/hello-ramme-21x30-natur\/","title":{"rendered":"Hello Ramme 21&#215;30 Natur"},"content":{"rendered":"<p>Giv dine v\u00e6gge et nyt udtryk med vores Hello Ramme i naturligt tr\u00e6. Denne ramme kommer i tre forskellige varianter og er lavet af FSC-certificeret egetr\u00e6sfiner og plexiglas. Den dybe ramme skaber en interessant effekt, der f\u00e5r dine kunstv\u00e6rker til at st\u00e5 frem og tilf\u00f8je et nyt udtryk til din billedv\u00e6g. Rammen kan h\u00e6nges op eller placeres p\u00e5 overflader og kan b\u00e5de vises vertikalt og horisontalt. Med vores ramme f\u00e5r du en ny tilgang til v\u00e6gdekoration, da den inkluderer en kunstprint med kontrastfarver og en organisk form illustration. Skab et personligt og unikt udtryk i dit hjem med vores Hello Ramme.<\/p>\n","protected":false},"excerpt":{"rendered":"<p>Giv dine v\u00e6gge et nyt udtryk med vores Hello Ramme i naturligt tr\u00e6. Denne ramme kommer i tre forskellige varianter og er lavet af FSC-certificeret egetr\u00e6sfiner og plexiglas. Den dybe ramme skaber en interessant effekt, der f\u00e5r dine kunstv\u00e6rker til at st\u00e5 frem og tilf\u00f8je et nyt udtryk til din billedv\u00e6g. Rammen kan h\u00e6nges op [&hellip;]<\/p>\n","protected":false},"featured_media":1114804,"template":"","meta":{"_acf_changed":false,"inline_featured_image":false},"product_brand":[],"product_cat":[6880,6321,4935,3114],"product_tag":[],"class_list":{"0":"post-977534","1":"product","2":"type-product","3":"status-publish","4":"has-post-thumbnail","6":"product_cat-elevating-nostalgia-da","7":"product_cat-fsc-da","8":"product_cat-rammer-da","9":"product_cat-vaegdekoration-da","10":"product_shipping_class-pk","12":"pa_color-natur-2","13":"pa_material-egetrsfiner","14":"pa_material-mdf-da","15":"pa_material-plexiglas","17":"first","18":"instock","19":"taxable","20":"shipping-taxable","21":"purchasable","22":"product-type-simple"},"exclude_global_add_ons":[],"addons":[],"acf":[],"yoast_head":"<!-- This site is optimized with the Yoast SEO plugin v26.4 - https:\/\/yoast.com\/wordpress\/plugins\/seo\/ -->\n<title>Hello Ramme 21x30 Natur - H\u00fcbsch<\/title>\n<meta name=\"description\" content=\"Giv dine v\u00e6gge et nyt udtryk med vores Hello Ramme i naturligt tr\u00e6. Denne ramme kommer i tre forskellige varianter og er lavet af FSC-certificeret\" \/>\n<meta name=\"robots\" content=\"index, follow, max-snippet:-1, max-image-preview:large, max-video-preview:-1\" \/>\n<link rel=\"canonical\" href=\"https:\/\/hubsch-interior.com\/da\/wp-json\/wp\/v2\/product\/977534\" \/>\n<meta property=\"og:locale\" content=\"da_DK\" \/>\n<meta property=\"og:type\" content=\"article\" \/>\n<meta property=\"og:title\" content=\"Hello Ramme 21x30 Natur - H\u00fcbsch\" \/>\n<meta property=\"og:description\" content=\"Giv dine v\u00e6gge et nyt udtryk med vores Hello Ramme i naturligt tr\u00e6. Denne ramme kommer i tre forskellige varianter og er lavet af FSC-certificeret\" \/>\n<meta property=\"og:url\" content=\"https:\/\/hubsch-interior.com\/da\/vare\/hello-ramme-21x30-natur\/\" \/>\n<meta property=\"og:site_name\" content=\"H\u00fcbsch\" \/>\n<meta property=\"article:modified_time\" content=\"2026-04-05T02:56:23+00:00\" \/>\n<meta property=\"og:image\" content=\"https:\/\/hubsch-interior.com\/wp-content\/uploads\/2024\/07\/hello-frame-21x30-natural-c4cf3badbbe62198012267eb74cbd17c.jpg\" \/>\n\t<meta property=\"og:image:width\" content=\"1200\" \/>\n\t<meta property=\"og:image:height\" content=\"1200\" \/>\n\t<meta property=\"og:image:type\" content=\"image\/jpeg\" \/>\n<meta name=\"twitter:card\" content=\"summary_large_image\" \/>\n<meta name=\"twitter:label1\" content=\"Estimeret l\u00e6setid\" \/>\n\t<meta name=\"twitter:data1\" content=\"1 minut\" \/>\n<script type=\"application\/ld+json\" class=\"yoast-schema-graph\">{\"@context\":\"https:\/\/schema.org\",\"@graph\":[{\"@type\":\"WebPage\",\"@id\":\"https:\/\/hubsch-interior.com\/da\/vare\/hello-ramme-21x30-natur\/\",\"url\":\"https:\/\/hubsch-interior.com\/da\/vare\/hello-ramme-21x30-natur\/\",\"name\":\"Hello Ramme 21x30 Natur - H\u00fcbsch\",\"isPartOf\":{\"@id\":\"https:\/\/hubsch-interior.com\/da\/#website\"},\"primaryImageOfPage\":{\"@id\":\"https:\/\/hubsch-interior.com\/da\/vare\/hello-ramme-21x30-natur\/#primaryimage\"},\"image\":{\"@id\":\"https:\/\/hubsch-interior.com\/da\/vare\/hello-ramme-21x30-natur\/#primaryimage\"},\"thumbnailUrl\":\"https:\/\/hubsch-interior.com\/wp-content\/uploads\/2026\/02\/hello-frame-21x30-natural-b68d3db97ee1ad8aa585faeb66cba303.jpg\",\"datePublished\":\"2024-01-29T08:30:47+00:00\",\"dateModified\":\"2026-04-05T02:56:23+00:00\",\"description\":\"Giv dine v\u00e6gge et nyt udtryk med vores Hello Ramme i naturligt tr\u00e6. Denne ramme kommer i tre forskellige varianter og er lavet af FSC-certificeret\",\"breadcrumb\":{\"@id\":\"https:\/\/hubsch-interior.com\/da\/vare\/hello-ramme-21x30-natur\/#breadcrumb\"},\"inLanguage\":\"da-DK\",\"potentialAction\":[{\"@type\":\"ReadAction\",\"target\":[\"https:\/\/hubsch-interior.com\/da\/vare\/hello-ramme-21x30-natur\/\"]}]},{\"@type\":\"ImageObject\",\"inLanguage\":\"da-DK\",\"@id\":\"https:\/\/hubsch-interior.com\/da\/vare\/hello-ramme-21x30-natur\/#primaryimage\",\"url\":\"https:\/\/hubsch-interior.com\/wp-content\/uploads\/2026\/02\/hello-frame-21x30-natural-b68d3db97ee1ad8aa585faeb66cba303.jpg\",\"contentUrl\":\"https:\/\/hubsch-interior.com\/wp-content\/uploads\/2026\/02\/hello-frame-21x30-natural-b68d3db97ee1ad8aa585faeb66cba303.jpg\",\"width\":1024,\"height\":1024},{\"@type\":\"BreadcrumbList\",\"@id\":\"https:\/\/hubsch-interior.com\/da\/vare\/hello-ramme-21x30-natur\/#breadcrumb\",\"itemListElement\":[{\"@type\":\"ListItem\",\"position\":1,\"name\":\"Forside\",\"item\":\"https:\/\/hubsch-interior.com\/da\/\"},{\"@type\":\"ListItem\",\"position\":2,\"name\":\"Produkter\",\"item\":\"https:\/\/hubsch-interior.com\/da\/produkter\/\"},{\"@type\":\"ListItem\",\"position\":3,\"name\":\"Boligtilbeh\u00f8r\",\"item\":\"https:\/\/hubsch-interior.com\/da\/vare-kategori\/boligtilbehor\/\"},{\"@type\":\"ListItem\",\"position\":4,\"name\":\"V&aelig;gdekoration\",\"item\":\"https:\/\/hubsch-interior.com\/da\/vare-kategori\/boligtilbehor\/vaegdekoration-da\/\"},{\"@type\":\"ListItem\",\"position\":5,\"name\":\"Rammer\",\"item\":\"https:\/\/hubsch-interior.com\/da\/vare-kategori\/boligtilbehor\/vaegdekoration-da\/rammer-da\/\"},{\"@type\":\"ListItem\",\"position\":6,\"name\":\"Hello Ramme 21&#215;30 Natur\"}]},{\"@type\":\"WebSite\",\"@id\":\"https:\/\/hubsch-interior.com\/da\/#website\",\"url\":\"https:\/\/hubsch-interior.com\/da\/\",\"name\":\"H\u00fcbsch\",\"description\":\"Danish Home Interior and Design\",\"publisher\":{\"@id\":\"https:\/\/hubsch-interior.com\/da\/#organization\"},\"potentialAction\":[{\"@type\":\"SearchAction\",\"target\":{\"@type\":\"EntryPoint\",\"urlTemplate\":\"https:\/\/hubsch-interior.com\/da\/?s={search_term_string}\"},\"query-input\":{\"@type\":\"PropertyValueSpecification\",\"valueRequired\":true,\"valueName\":\"search_term_string\"}}],\"inLanguage\":\"da-DK\"},{\"@type\":\"Organization\",\"@id\":\"https:\/\/hubsch-interior.com\/da\/#organization\",\"name\":\"H\u00fcbsch\",\"url\":\"https:\/\/hubsch-interior.com\/da\/\",\"logo\":{\"@type\":\"ImageObject\",\"inLanguage\":\"da-DK\",\"@id\":\"https:\/\/hubsch-interior.com\/da\/#\/schema\/logo\/image\/\",\"url\":\"https:\/\/hubsch-interior.com\/wp-content\/uploads\/2022\/12\/Hubsch_logo_black_one_line.svg\",\"contentUrl\":\"https:\/\/hubsch-interior.com\/wp-content\/uploads\/2022\/12\/Hubsch_logo_black_one_line.svg\",\"caption\":\"H\u00fcbsch\"},\"image\":{\"@id\":\"https:\/\/hubsch-interior.com\/da\/#\/schema\/logo\/image\/\"}}]}<\/script>\n<!-- \/ Yoast SEO plugin. -->","yoast_head_json":{"title":"Hello Ramme 21x30 Natur - H\u00fcbsch","description":"Giv dine v\u00e6gge et nyt udtryk med vores Hello Ramme i naturligt tr\u00e6. Denne ramme kommer i tre forskellige varianter og er lavet af FSC-certificeret","robots":{"index":"index","follow":"follow","max-snippet":"max-snippet:-1","max-image-preview":"max-image-preview:large","max-video-preview":"max-video-preview:-1"},"canonical":"https:\/\/hubsch-interior.com\/da\/wp-json\/wp\/v2\/product\/977534","og_locale":"da_DK","og_type":"article","og_title":"Hello Ramme 21x30 Natur - H\u00fcbsch","og_description":"Giv dine v\u00e6gge et nyt udtryk med vores Hello Ramme i naturligt tr\u00e6. Denne ramme kommer i tre forskellige varianter og er lavet af FSC-certificeret","og_url":"https:\/\/hubsch-interior.com\/da\/vare\/hello-ramme-21x30-natur\/","og_site_name":"H\u00fcbsch","article_modified_time":"2026-04-05T02:56:23+00:00","og_image":[{"width":1200,"height":1200,"url":"https:\/\/hubsch-interior.com\/wp-content\/uploads\/2024\/07\/hello-frame-21x30-natural-c4cf3badbbe62198012267eb74cbd17c.jpg","type":"image\/jpeg"}],"twitter_card":"summary_large_image","twitter_misc":{"Estimeret l\u00e6setid":"1 minut"},"schema":{"@context":"https:\/\/schema.org","@graph":[{"@type":"WebPage","@id":"https:\/\/hubsch-interior.com\/da\/vare\/hello-ramme-21x30-natur\/","url":"https:\/\/hubsch-interior.com\/da\/vare\/hello-ramme-21x30-natur\/","name":"Hello Ramme 21x30 Natur - H\u00fcbsch","isPartOf":{"@id":"https:\/\/hubsch-interior.com\/da\/#website"},"primaryImageOfPage":{"@id":"https:\/\/hubsch-interior.com\/da\/vare\/hello-ramme-21x30-natur\/#primaryimage"},"image":{"@id":"https:\/\/hubsch-interior.com\/da\/vare\/hello-ramme-21x30-natur\/#primaryimage"},"thumbnailUrl":"https:\/\/hubsch-interior.com\/wp-content\/uploads\/2026\/02\/hello-frame-21x30-natural-b68d3db97ee1ad8aa585faeb66cba303.jpg","datePublished":"2024-01-29T08:30:47+00:00","dateModified":"2026-04-05T02:56:23+00:00","description":"Giv dine v\u00e6gge et nyt udtryk med vores Hello Ramme i naturligt tr\u00e6. Denne ramme kommer i tre forskellige varianter og er lavet af FSC-certificeret","breadcrumb":{"@id":"https:\/\/hubsch-interior.com\/da\/vare\/hello-ramme-21x30-natur\/#breadcrumb"},"inLanguage":"da-DK","potentialAction":[{"@type":"ReadAction","target":["https:\/\/hubsch-interior.com\/da\/vare\/hello-ramme-21x30-natur\/"]}]},{"@type":"ImageObject","inLanguage":"da-DK","@id":"https:\/\/hubsch-interior.com\/da\/vare\/hello-ramme-21x30-natur\/#primaryimage","url":"https:\/\/hubsch-interior.com\/wp-content\/uploads\/2026\/02\/hello-frame-21x30-natural-b68d3db97ee1ad8aa585faeb66cba303.jpg","contentUrl":"https:\/\/hubsch-interior.com\/wp-content\/uploads\/2026\/02\/hello-frame-21x30-natural-b68d3db97ee1ad8aa585faeb66cba303.jpg","width":1024,"height":1024},{"@type":"BreadcrumbList","@id":"https:\/\/hubsch-interior.com\/da\/vare\/hello-ramme-21x30-natur\/#breadcrumb","itemListElement":[{"@type":"ListItem","position":1,"name":"Forside","item":"https:\/\/hubsch-interior.com\/da\/"},{"@type":"ListItem","position":2,"name":"Produkter","item":"https:\/\/hubsch-interior.com\/da\/produkter\/"},{"@type":"ListItem","position":3,"name":"Boligtilbeh\u00f8r","item":"https:\/\/hubsch-interior.com\/da\/vare-kategori\/boligtilbehor\/"},{"@type":"ListItem","position":4,"name":"V&aelig;gdekoration","item":"https:\/\/hubsch-interior.com\/da\/vare-kategori\/boligtilbehor\/vaegdekoration-da\/"},{"@type":"ListItem","position":5,"name":"Rammer","item":"https:\/\/hubsch-interior.com\/da\/vare-kategori\/boligtilbehor\/vaegdekoration-da\/rammer-da\/"},{"@type":"ListItem","position":6,"name":"Hello Ramme 21&#215;30 Natur"}]},{"@type":"WebSite","@id":"https:\/\/hubsch-interior.com\/da\/#website","url":"https:\/\/hubsch-interior.com\/da\/","name":"H\u00fcbsch","description":"Danish Home Interior and Design","publisher":{"@id":"https:\/\/hubsch-interior.com\/da\/#organization"},"potentialAction":[{"@type":"SearchAction","target":{"@type":"EntryPoint","urlTemplate":"https:\/\/hubsch-interior.com\/da\/?s={search_term_string}"},"query-input":{"@type":"PropertyValueSpecification","valueRequired":true,"valueName":"search_term_string"}}],"inLanguage":"da-DK"},{"@type":"Organization","@id":"https:\/\/hubsch-interior.com\/da\/#organization","name":"H\u00fcbsch","url":"https:\/\/hubsch-interior.com\/da\/","logo":{"@type":"ImageObject","inLanguage":"da-DK","@id":"https:\/\/hubsch-interior.com\/da\/#\/schema\/logo\/image\/","url":"https:\/\/hubsch-interior.com\/wp-content\/uploads\/2022\/12\/Hubsch_logo_black_one_line.svg","contentUrl":"https:\/\/hubsch-interior.com\/wp-content\/uploads\/2022\/12\/Hubsch_logo_black_one_line.svg","caption":"H\u00fcbsch"},"image":{"@id":"https:\/\/hubsch-interior.com\/da\/#\/schema\/logo\/image\/"}}]}},"_links":{"self":[{"href":"https:\/\/hubsch-interior.com\/da\/wp-json\/wp\/v2\/product\/977534","targetHints":{"allow":["GET"]}}],"collection":[{"href":"https:\/\/hubsch-interior.com\/da\/wp-json\/wp\/v2\/product"}],"about":[{"href":"https:\/\/hubsch-interior.com\/da\/wp-json\/wp\/v2\/types\/product"}],"wp:featuredmedia":[{"embeddable":true,"href":"https:\/\/hubsch-interior.com\/da\/wp-json\/wp\/v2\/media\/1114804"}],"wp:attachment":[{"href":"https:\/\/hubsch-interior.com\/da\/wp-json\/wp\/v2\/media?parent=977534"}],"wp:term":[{"taxonomy":"product_brand","embeddable":true,"href":"https:\/\/hubsch-interior.com\/da\/wp-json\/wp\/v2\/product_brand?post=977534"},{"taxonomy":"product_cat","embeddable":true,"href":"https:\/\/hubsch-interior.com\/da\/wp-json\/wp\/v2\/product_cat?post=977534"},{"taxonomy":"product_tag","embeddable":true,"href":"https:\/\/hubsch-interior.com\/da\/wp-json\/wp\/v2\/product_tag?post=977534"}],"curies":[{"name":"wp","href":"https:\/\/api.w.org\/{rel}","templated":true}]}}