{"id":977558,"date":"2024-01-29T09:30:56","date_gmt":"2024-01-29T08:30:56","guid":{"rendered":"https:\/\/hubsch-interior.com\/product\/product\/"},"modified":"2026-04-05T04:56:27","modified_gmt":"2026-04-05T02:56:27","slug":"tile-sidebord-mint-natur","status":"publish","type":"product","link":"https:\/\/hubsch-interior.com\/da\/vare\/tile-sidebord-mint-natur\/","title":{"rendered":"Tile Sidebord Mint\/Natur"},"content":{"rendered":"<p>Tile Sidebordet kombinerer nostalgi og moderne design p\u00e5 en unik m\u00e5de. Med sine flotte fliser i mint farve p\u00e5 bordpladen skaber det en nostalgisk stemning af barndommens m\u00f8bler. Men det er ikke kun udseendet, der g\u00f8r dette sidebord specielt. Det er ogs\u00e5 lavet af FSC-certificeret egetr\u00e6 og finer af egetr\u00e6. V\u00e6lg mellem de to varianter i mint\/natur farve og tilf\u00f8j personlighed til dit interi\u00f8r med dette smukke og moderne sidebord.<\/p>\n","protected":false},"excerpt":{"rendered":"<p>Tile Sidebordet kombinerer nostalgi og moderne design p\u00e5 en unik m\u00e5de. Med sine flotte fliser i mint farve p\u00e5 bordpladen skaber det en nostalgisk stemning af barndommens m\u00f8bler. Men det er ikke kun udseendet, der g\u00f8r dette sidebord specielt. Det er ogs\u00e5 lavet af FSC-certificeret egetr\u00e6 og finer af egetr\u00e6. V\u00e6lg mellem de to varianter [&hellip;]<\/p>\n","protected":false},"featured_media":1104007,"template":"","meta":{"_acf_changed":false,"inline_featured_image":false},"product_brand":[],"product_cat":[6880,2857,4026,5025],"product_tag":[],"class_list":{"0":"post-977558","1":"product","2":"type-product","3":"status-publish","4":"has-post-thumbnail","6":"product_cat-elevating-nostalgia-da","7":"product_cat-borde-da","8":"product_cat-sideborde-da","9":"product_cat-bestsellers-da","10":"product_shipping_class-pk","11":"pa_color-mint-2","12":"pa_color-natur-2","13":"pa_material-mdf-da","14":"pa_material-egetr","15":"pa_material-egetrsfiner","16":"pa_material-klinker","18":"first","19":"outofstock","20":"featured","21":"taxable","22":"shipping-taxable","23":"purchasable","24":"product-type-simple"},"exclude_global_add_ons":[],"addons":[],"acf":[],"yoast_head":"<!-- This site is optimized with the Yoast SEO plugin v26.4 - https:\/\/yoast.com\/wordpress\/plugins\/seo\/ -->\n<title>Tile Sidebord Mint\/Natur - H\u00fcbsch<\/title>\n<meta name=\"description\" content=\"Tile Sidebordet kombinerer nostalgi og moderne design p\u00e5 en unik m\u00e5de. Med sine flotte fliser i mint farve p\u00e5 bordpladen skaber det en nostalgisk stemning\" \/>\n<meta name=\"robots\" content=\"index, follow, max-snippet:-1, max-image-preview:large, max-video-preview:-1\" \/>\n<link rel=\"canonical\" href=\"https:\/\/hubsch-interior.com\/da\/wp-json\/wp\/v2\/product\/977558\" \/>\n<meta property=\"og:locale\" content=\"da_DK\" \/>\n<meta property=\"og:type\" content=\"article\" \/>\n<meta property=\"og:title\" content=\"Tile Sidebord Mint\/Natur - H\u00fcbsch\" \/>\n<meta property=\"og:description\" content=\"Tile Sidebordet kombinerer nostalgi og moderne design p\u00e5 en unik m\u00e5de. Med sine flotte fliser i mint farve p\u00e5 bordpladen skaber det en nostalgisk stemning\" \/>\n<meta property=\"og:url\" content=\"https:\/\/hubsch-interior.com\/da\/vare\/tile-sidebord-mint-natur\/\" \/>\n<meta property=\"og:site_name\" content=\"H\u00fcbsch\" \/>\n<meta property=\"article:modified_time\" content=\"2026-04-05T02:56:27+00:00\" \/>\n<meta property=\"og:image\" content=\"https:\/\/hubsch-interior.com\/wp-content\/uploads\/2024\/07\/tile-side-table-mintnatural-5f2500589e5f93010f9d2c047880cd30.jpg\" \/>\n\t<meta property=\"og:image:width\" content=\"1200\" \/>\n\t<meta property=\"og:image:height\" content=\"1200\" \/>\n\t<meta property=\"og:image:type\" content=\"image\/jpeg\" \/>\n<meta name=\"twitter:card\" content=\"summary_large_image\" \/>\n<script type=\"application\/ld+json\" class=\"yoast-schema-graph\">{\"@context\":\"https:\/\/schema.org\",\"@graph\":[{\"@type\":\"WebPage\",\"@id\":\"https:\/\/hubsch-interior.com\/da\/vare\/tile-sidebord-mint-natur\/\",\"url\":\"https:\/\/hubsch-interior.com\/da\/vare\/tile-sidebord-mint-natur\/\",\"name\":\"Tile Sidebord Mint\/Natur - H\u00fcbsch\",\"isPartOf\":{\"@id\":\"https:\/\/hubsch-interior.com\/da\/#website\"},\"primaryImageOfPage\":{\"@id\":\"https:\/\/hubsch-interior.com\/da\/vare\/tile-sidebord-mint-natur\/#primaryimage\"},\"image\":{\"@id\":\"https:\/\/hubsch-interior.com\/da\/vare\/tile-sidebord-mint-natur\/#primaryimage\"},\"thumbnailUrl\":\"https:\/\/hubsch-interior.com\/wp-content\/uploads\/2026\/02\/tile-side-table-mintnatural-797ce862103dbfdea933e87722fa382e.jpg\",\"datePublished\":\"2024-01-29T08:30:56+00:00\",\"dateModified\":\"2026-04-05T02:56:27+00:00\",\"description\":\"Tile Sidebordet kombinerer nostalgi og moderne design p\u00e5 en unik m\u00e5de. Med sine flotte fliser i mint farve p\u00e5 bordpladen skaber det en nostalgisk stemning\",\"breadcrumb\":{\"@id\":\"https:\/\/hubsch-interior.com\/da\/vare\/tile-sidebord-mint-natur\/#breadcrumb\"},\"inLanguage\":\"da-DK\",\"potentialAction\":[{\"@type\":\"ReadAction\",\"target\":[\"https:\/\/hubsch-interior.com\/da\/vare\/tile-sidebord-mint-natur\/\"]}]},{\"@type\":\"ImageObject\",\"inLanguage\":\"da-DK\",\"@id\":\"https:\/\/hubsch-interior.com\/da\/vare\/tile-sidebord-mint-natur\/#primaryimage\",\"url\":\"https:\/\/hubsch-interior.com\/wp-content\/uploads\/2026\/02\/tile-side-table-mintnatural-797ce862103dbfdea933e87722fa382e.jpg\",\"contentUrl\":\"https:\/\/hubsch-interior.com\/wp-content\/uploads\/2026\/02\/tile-side-table-mintnatural-797ce862103dbfdea933e87722fa382e.jpg\",\"width\":1024,\"height\":1024},{\"@type\":\"BreadcrumbList\",\"@id\":\"https:\/\/hubsch-interior.com\/da\/vare\/tile-sidebord-mint-natur\/#breadcrumb\",\"itemListElement\":[{\"@type\":\"ListItem\",\"position\":1,\"name\":\"Forside\",\"item\":\"https:\/\/hubsch-interior.com\/da\/\"},{\"@type\":\"ListItem\",\"position\":2,\"name\":\"Produkter\",\"item\":\"https:\/\/hubsch-interior.com\/da\/produkter\/\"},{\"@type\":\"ListItem\",\"position\":3,\"name\":\"M\u00f8bler\",\"item\":\"https:\/\/hubsch-interior.com\/da\/vare-kategori\/mobler\/\"},{\"@type\":\"ListItem\",\"position\":4,\"name\":\"Borde\",\"item\":\"https:\/\/hubsch-interior.com\/da\/vare-kategori\/mobler\/borde-da\/\"},{\"@type\":\"ListItem\",\"position\":5,\"name\":\"Sideborde\",\"item\":\"https:\/\/hubsch-interior.com\/da\/vare-kategori\/mobler\/borde-da\/sideborde-da\/\"},{\"@type\":\"ListItem\",\"position\":6,\"name\":\"Tile Sidebord Mint\/Natur\"}]},{\"@type\":\"WebSite\",\"@id\":\"https:\/\/hubsch-interior.com\/da\/#website\",\"url\":\"https:\/\/hubsch-interior.com\/da\/\",\"name\":\"H\u00fcbsch\",\"description\":\"Danish Home Interior and Design\",\"publisher\":{\"@id\":\"https:\/\/hubsch-interior.com\/da\/#organization\"},\"potentialAction\":[{\"@type\":\"SearchAction\",\"target\":{\"@type\":\"EntryPoint\",\"urlTemplate\":\"https:\/\/hubsch-interior.com\/da\/?s={search_term_string}\"},\"query-input\":{\"@type\":\"PropertyValueSpecification\",\"valueRequired\":true,\"valueName\":\"search_term_string\"}}],\"inLanguage\":\"da-DK\"},{\"@type\":\"Organization\",\"@id\":\"https:\/\/hubsch-interior.com\/da\/#organization\",\"name\":\"H\u00fcbsch\",\"url\":\"https:\/\/hubsch-interior.com\/da\/\",\"logo\":{\"@type\":\"ImageObject\",\"inLanguage\":\"da-DK\",\"@id\":\"https:\/\/hubsch-interior.com\/da\/#\/schema\/logo\/image\/\",\"url\":\"https:\/\/hubsch-interior.com\/wp-content\/uploads\/2022\/12\/Hubsch_logo_black_one_line.svg\",\"contentUrl\":\"https:\/\/hubsch-interior.com\/wp-content\/uploads\/2022\/12\/Hubsch_logo_black_one_line.svg\",\"caption\":\"H\u00fcbsch\"},\"image\":{\"@id\":\"https:\/\/hubsch-interior.com\/da\/#\/schema\/logo\/image\/\"}}]}<\/script>\n<!-- \/ Yoast SEO plugin. -->","yoast_head_json":{"title":"Tile Sidebord Mint\/Natur - H\u00fcbsch","description":"Tile Sidebordet kombinerer nostalgi og moderne design p\u00e5 en unik m\u00e5de. Med sine flotte fliser i mint farve p\u00e5 bordpladen skaber det en nostalgisk stemning","robots":{"index":"index","follow":"follow","max-snippet":"max-snippet:-1","max-image-preview":"max-image-preview:large","max-video-preview":"max-video-preview:-1"},"canonical":"https:\/\/hubsch-interior.com\/da\/wp-json\/wp\/v2\/product\/977558","og_locale":"da_DK","og_type":"article","og_title":"Tile Sidebord Mint\/Natur - H\u00fcbsch","og_description":"Tile Sidebordet kombinerer nostalgi og moderne design p\u00e5 en unik m\u00e5de. Med sine flotte fliser i mint farve p\u00e5 bordpladen skaber det en nostalgisk stemning","og_url":"https:\/\/hubsch-interior.com\/da\/vare\/tile-sidebord-mint-natur\/","og_site_name":"H\u00fcbsch","article_modified_time":"2026-04-05T02:56:27+00:00","og_image":[{"width":1200,"height":1200,"url":"https:\/\/hubsch-interior.com\/wp-content\/uploads\/2024\/07\/tile-side-table-mintnatural-5f2500589e5f93010f9d2c047880cd30.jpg","type":"image\/jpeg"}],"twitter_card":"summary_large_image","schema":{"@context":"https:\/\/schema.org","@graph":[{"@type":"WebPage","@id":"https:\/\/hubsch-interior.com\/da\/vare\/tile-sidebord-mint-natur\/","url":"https:\/\/hubsch-interior.com\/da\/vare\/tile-sidebord-mint-natur\/","name":"Tile Sidebord Mint\/Natur - H\u00fcbsch","isPartOf":{"@id":"https:\/\/hubsch-interior.com\/da\/#website"},"primaryImageOfPage":{"@id":"https:\/\/hubsch-interior.com\/da\/vare\/tile-sidebord-mint-natur\/#primaryimage"},"image":{"@id":"https:\/\/hubsch-interior.com\/da\/vare\/tile-sidebord-mint-natur\/#primaryimage"},"thumbnailUrl":"https:\/\/hubsch-interior.com\/wp-content\/uploads\/2026\/02\/tile-side-table-mintnatural-797ce862103dbfdea933e87722fa382e.jpg","datePublished":"2024-01-29T08:30:56+00:00","dateModified":"2026-04-05T02:56:27+00:00","description":"Tile Sidebordet kombinerer nostalgi og moderne design p\u00e5 en unik m\u00e5de. Med sine flotte fliser i mint farve p\u00e5 bordpladen skaber det en nostalgisk stemning","breadcrumb":{"@id":"https:\/\/hubsch-interior.com\/da\/vare\/tile-sidebord-mint-natur\/#breadcrumb"},"inLanguage":"da-DK","potentialAction":[{"@type":"ReadAction","target":["https:\/\/hubsch-interior.com\/da\/vare\/tile-sidebord-mint-natur\/"]}]},{"@type":"ImageObject","inLanguage":"da-DK","@id":"https:\/\/hubsch-interior.com\/da\/vare\/tile-sidebord-mint-natur\/#primaryimage","url":"https:\/\/hubsch-interior.com\/wp-content\/uploads\/2026\/02\/tile-side-table-mintnatural-797ce862103dbfdea933e87722fa382e.jpg","contentUrl":"https:\/\/hubsch-interior.com\/wp-content\/uploads\/2026\/02\/tile-side-table-mintnatural-797ce862103dbfdea933e87722fa382e.jpg","width":1024,"height":1024},{"@type":"BreadcrumbList","@id":"https:\/\/hubsch-interior.com\/da\/vare\/tile-sidebord-mint-natur\/#breadcrumb","itemListElement":[{"@type":"ListItem","position":1,"name":"Forside","item":"https:\/\/hubsch-interior.com\/da\/"},{"@type":"ListItem","position":2,"name":"Produkter","item":"https:\/\/hubsch-interior.com\/da\/produkter\/"},{"@type":"ListItem","position":3,"name":"M\u00f8bler","item":"https:\/\/hubsch-interior.com\/da\/vare-kategori\/mobler\/"},{"@type":"ListItem","position":4,"name":"Borde","item":"https:\/\/hubsch-interior.com\/da\/vare-kategori\/mobler\/borde-da\/"},{"@type":"ListItem","position":5,"name":"Sideborde","item":"https:\/\/hubsch-interior.com\/da\/vare-kategori\/mobler\/borde-da\/sideborde-da\/"},{"@type":"ListItem","position":6,"name":"Tile Sidebord Mint\/Natur"}]},{"@type":"WebSite","@id":"https:\/\/hubsch-interior.com\/da\/#website","url":"https:\/\/hubsch-interior.com\/da\/","name":"H\u00fcbsch","description":"Danish Home Interior and Design","publisher":{"@id":"https:\/\/hubsch-interior.com\/da\/#organization"},"potentialAction":[{"@type":"SearchAction","target":{"@type":"EntryPoint","urlTemplate":"https:\/\/hubsch-interior.com\/da\/?s={search_term_string}"},"query-input":{"@type":"PropertyValueSpecification","valueRequired":true,"valueName":"search_term_string"}}],"inLanguage":"da-DK"},{"@type":"Organization","@id":"https:\/\/hubsch-interior.com\/da\/#organization","name":"H\u00fcbsch","url":"https:\/\/hubsch-interior.com\/da\/","logo":{"@type":"ImageObject","inLanguage":"da-DK","@id":"https:\/\/hubsch-interior.com\/da\/#\/schema\/logo\/image\/","url":"https:\/\/hubsch-interior.com\/wp-content\/uploads\/2022\/12\/Hubsch_logo_black_one_line.svg","contentUrl":"https:\/\/hubsch-interior.com\/wp-content\/uploads\/2022\/12\/Hubsch_logo_black_one_line.svg","caption":"H\u00fcbsch"},"image":{"@id":"https:\/\/hubsch-interior.com\/da\/#\/schema\/logo\/image\/"}}]}},"_links":{"self":[{"href":"https:\/\/hubsch-interior.com\/da\/wp-json\/wp\/v2\/product\/977558","targetHints":{"allow":["GET"]}}],"collection":[{"href":"https:\/\/hubsch-interior.com\/da\/wp-json\/wp\/v2\/product"}],"about":[{"href":"https:\/\/hubsch-interior.com\/da\/wp-json\/wp\/v2\/types\/product"}],"wp:featuredmedia":[{"embeddable":true,"href":"https:\/\/hubsch-interior.com\/da\/wp-json\/wp\/v2\/media\/1104007"}],"wp:attachment":[{"href":"https:\/\/hubsch-interior.com\/da\/wp-json\/wp\/v2\/media?parent=977558"}],"wp:term":[{"taxonomy":"product_brand","embeddable":true,"href":"https:\/\/hubsch-interior.com\/da\/wp-json\/wp\/v2\/product_brand?post=977558"},{"taxonomy":"product_cat","embeddable":true,"href":"https:\/\/hubsch-interior.com\/da\/wp-json\/wp\/v2\/product_cat?post=977558"},{"taxonomy":"product_tag","embeddable":true,"href":"https:\/\/hubsch-interior.com\/da\/wp-json\/wp\/v2\/product_tag?post=977558"}],"curies":[{"name":"wp","href":"https:\/\/api.w.org\/{rel}","templated":true}]}}