{"id":977622,"date":"2024-01-29T09:31:37","date_gmt":"2024-01-29T08:31:37","guid":{"rendered":"https:\/\/hubsch-interior.com\/product\/product\/"},"modified":"2026-04-05T05:06:45","modified_gmt":"2026-04-05T03:06:45","slug":"orbit-bordlampe-morkegron","status":"publish","type":"product","link":"https:\/\/hubsch-interior.com\/da\/vare\/orbit-bordlampe-morkegron\/","title":{"rendered":"Orbit Bordlampe M\u00f8rkegr\u00f8n"},"content":{"rendered":"<p>Den smukke Orbit bordlampe tilf\u00f8jer et strejf af elegance og varme til ethvert rum med sin m\u00f8rkegr\u00f8nne farve. Den er lavet af holdbart glas og jern, og den metalliske overflade p\u00e5 basen skaber et fortryllende sk\u00e6r. Med sin opalglas-sk\u00e6rm sikrer den en bl\u00f8d og behagelig belysning, mens dens h\u00f8je design spreder lyset ud for at skabe optimal funktion. Orbit er den perfekte kombination af stil og funktionalitet til dit hjem.<br \/>\nTil denne lampe skal du bruge en d\u00e6mpbar LED-p\u00e6re.<\/p>\n","protected":false},"excerpt":{"rendered":"<p>Den smukke Orbit bordlampe tilf\u00f8jer et strejf af elegance og varme til ethvert rum med sin m\u00f8rkegr\u00f8nne farve. Den er lavet af holdbart glas og jern, og den metalliske overflade p\u00e5 basen skaber et fortryllende sk\u00e6r. Med sin opalglas-sk\u00e6rm sikrer den en bl\u00f8d og behagelig belysning, mens dens h\u00f8je design spreder lyset ud for at [&hellip;]<\/p>\n","protected":false},"featured_media":1106802,"template":"","meta":{"_acf_changed":false,"inline_featured_image":false},"product_brand":[],"product_cat":[3808,5025,3499,6880,6899],"product_tag":[],"class_list":{"0":"post-977622","1":"product","2":"type-product","3":"status-publish","4":"has-post-thumbnail","6":"product_cat-belysning","7":"product_cat-bestsellers-da","8":"product_cat-bordlamper-da","9":"product_cat-elevating-nostalgia-da","10":"product_cat-funktionel-belysning-da","11":"product_shipping_class-pk","13":"pa_color-mrkegrn","14":"pa_material-glas-da","15":"pa_material-jern-da","17":"first","18":"instock","19":"featured","20":"taxable","21":"shipping-taxable","22":"purchasable","23":"product-type-simple"},"exclude_global_add_ons":[],"addons":[],"acf":[],"yoast_head":"<!-- This site is optimized with the Yoast SEO plugin v26.4 - https:\/\/yoast.com\/wordpress\/plugins\/seo\/ -->\n<title>Orbit Bordlampe M\u00f8rkegr\u00f8n - H\u00fcbsch<\/title>\n<meta name=\"description\" content=\"Den smukke Orbit bordlampe tilf\u00f8jer et strejf af elegance og varme til ethvert rum med sin m\u00f8rkegr\u00f8nne farve. Den er lavet af holdbart glas og jern, og\" \/>\n<meta name=\"robots\" content=\"index, follow, max-snippet:-1, max-image-preview:large, max-video-preview:-1\" \/>\n<link rel=\"canonical\" href=\"https:\/\/hubsch-interior.com\/da\/wp-json\/wp\/v2\/product\/977622\" \/>\n<meta property=\"og:locale\" content=\"da_DK\" \/>\n<meta property=\"og:type\" content=\"article\" \/>\n<meta property=\"og:title\" content=\"Orbit Bordlampe M\u00f8rkegr\u00f8n - H\u00fcbsch\" \/>\n<meta property=\"og:description\" content=\"Den smukke Orbit bordlampe tilf\u00f8jer et strejf af elegance og varme til ethvert rum med sin m\u00f8rkegr\u00f8nne farve. Den er lavet af holdbart glas og jern, og\" \/>\n<meta property=\"og:url\" content=\"https:\/\/hubsch-interior.com\/da\/vare\/orbit-bordlampe-morkegron\/\" \/>\n<meta property=\"og:site_name\" content=\"H\u00fcbsch\" \/>\n<meta property=\"article:modified_time\" content=\"2026-04-05T03:06:45+00:00\" \/>\n<meta property=\"og:image\" content=\"https:\/\/hubsch-interior.com\/wp-content\/uploads\/2025\/04\/orbit-table-lamp-dark-green-f308f1b512e326e83d39ca96282456f0.jpg\" \/>\n\t<meta property=\"og:image:width\" content=\"1200\" \/>\n\t<meta property=\"og:image:height\" content=\"1200\" \/>\n\t<meta property=\"og:image:type\" content=\"image\/jpeg\" \/>\n<meta name=\"twitter:card\" content=\"summary_large_image\" \/>\n<script type=\"application\/ld+json\" class=\"yoast-schema-graph\">{\"@context\":\"https:\/\/schema.org\",\"@graph\":[{\"@type\":\"WebPage\",\"@id\":\"https:\/\/hubsch-interior.com\/da\/vare\/orbit-bordlampe-morkegron\/\",\"url\":\"https:\/\/hubsch-interior.com\/da\/vare\/orbit-bordlampe-morkegron\/\",\"name\":\"Orbit Bordlampe M\u00f8rkegr\u00f8n - H\u00fcbsch\",\"isPartOf\":{\"@id\":\"https:\/\/hubsch-interior.com\/da\/#website\"},\"primaryImageOfPage\":{\"@id\":\"https:\/\/hubsch-interior.com\/da\/vare\/orbit-bordlampe-morkegron\/#primaryimage\"},\"image\":{\"@id\":\"https:\/\/hubsch-interior.com\/da\/vare\/orbit-bordlampe-morkegron\/#primaryimage\"},\"thumbnailUrl\":\"https:\/\/hubsch-interior.com\/wp-content\/uploads\/2026\/02\/orbit-table-lamp-dark-green-a0b8381c26c3dea6e0c8221d41ad3120.jpg\",\"datePublished\":\"2024-01-29T08:31:37+00:00\",\"dateModified\":\"2026-04-05T03:06:45+00:00\",\"description\":\"Den smukke Orbit bordlampe tilf\u00f8jer et strejf af elegance og varme til ethvert rum med sin m\u00f8rkegr\u00f8nne farve. Den er lavet af holdbart glas og jern, og\",\"breadcrumb\":{\"@id\":\"https:\/\/hubsch-interior.com\/da\/vare\/orbit-bordlampe-morkegron\/#breadcrumb\"},\"inLanguage\":\"da-DK\",\"potentialAction\":[{\"@type\":\"ReadAction\",\"target\":[\"https:\/\/hubsch-interior.com\/da\/vare\/orbit-bordlampe-morkegron\/\"]}]},{\"@type\":\"ImageObject\",\"inLanguage\":\"da-DK\",\"@id\":\"https:\/\/hubsch-interior.com\/da\/vare\/orbit-bordlampe-morkegron\/#primaryimage\",\"url\":\"https:\/\/hubsch-interior.com\/wp-content\/uploads\/2026\/02\/orbit-table-lamp-dark-green-a0b8381c26c3dea6e0c8221d41ad3120.jpg\",\"contentUrl\":\"https:\/\/hubsch-interior.com\/wp-content\/uploads\/2026\/02\/orbit-table-lamp-dark-green-a0b8381c26c3dea6e0c8221d41ad3120.jpg\",\"width\":1024,\"height\":1024},{\"@type\":\"BreadcrumbList\",\"@id\":\"https:\/\/hubsch-interior.com\/da\/vare\/orbit-bordlampe-morkegron\/#breadcrumb\",\"itemListElement\":[{\"@type\":\"ListItem\",\"position\":1,\"name\":\"Forside\",\"item\":\"https:\/\/hubsch-interior.com\/da\/\"},{\"@type\":\"ListItem\",\"position\":2,\"name\":\"Produkter\",\"item\":\"https:\/\/hubsch-interior.com\/da\/produkter\/\"},{\"@type\":\"ListItem\",\"position\":3,\"name\":\"Belysning\",\"item\":\"https:\/\/hubsch-interior.com\/da\/vare-kategori\/belysning\/\"},{\"@type\":\"ListItem\",\"position\":4,\"name\":\"Bordlamper\",\"item\":\"https:\/\/hubsch-interior.com\/da\/vare-kategori\/belysning\/bordlamper-da\/\"},{\"@type\":\"ListItem\",\"position\":5,\"name\":\"Orbit Bordlampe M\u00f8rkegr\u00f8n\"}]},{\"@type\":\"WebSite\",\"@id\":\"https:\/\/hubsch-interior.com\/da\/#website\",\"url\":\"https:\/\/hubsch-interior.com\/da\/\",\"name\":\"H\u00fcbsch\",\"description\":\"Danish Home Interior and Design\",\"publisher\":{\"@id\":\"https:\/\/hubsch-interior.com\/da\/#organization\"},\"potentialAction\":[{\"@type\":\"SearchAction\",\"target\":{\"@type\":\"EntryPoint\",\"urlTemplate\":\"https:\/\/hubsch-interior.com\/da\/?s={search_term_string}\"},\"query-input\":{\"@type\":\"PropertyValueSpecification\",\"valueRequired\":true,\"valueName\":\"search_term_string\"}}],\"inLanguage\":\"da-DK\"},{\"@type\":\"Organization\",\"@id\":\"https:\/\/hubsch-interior.com\/da\/#organization\",\"name\":\"H\u00fcbsch\",\"url\":\"https:\/\/hubsch-interior.com\/da\/\",\"logo\":{\"@type\":\"ImageObject\",\"inLanguage\":\"da-DK\",\"@id\":\"https:\/\/hubsch-interior.com\/da\/#\/schema\/logo\/image\/\",\"url\":\"https:\/\/hubsch-interior.com\/wp-content\/uploads\/2022\/12\/Hubsch_logo_black_one_line.svg\",\"contentUrl\":\"https:\/\/hubsch-interior.com\/wp-content\/uploads\/2022\/12\/Hubsch_logo_black_one_line.svg\",\"caption\":\"H\u00fcbsch\"},\"image\":{\"@id\":\"https:\/\/hubsch-interior.com\/da\/#\/schema\/logo\/image\/\"}}]}<\/script>\n<!-- \/ Yoast SEO plugin. -->","yoast_head_json":{"title":"Orbit Bordlampe M\u00f8rkegr\u00f8n - H\u00fcbsch","description":"Den smukke Orbit bordlampe tilf\u00f8jer et strejf af elegance og varme til ethvert rum med sin m\u00f8rkegr\u00f8nne farve. Den er lavet af holdbart glas og jern, og","robots":{"index":"index","follow":"follow","max-snippet":"max-snippet:-1","max-image-preview":"max-image-preview:large","max-video-preview":"max-video-preview:-1"},"canonical":"https:\/\/hubsch-interior.com\/da\/wp-json\/wp\/v2\/product\/977622","og_locale":"da_DK","og_type":"article","og_title":"Orbit Bordlampe M\u00f8rkegr\u00f8n - H\u00fcbsch","og_description":"Den smukke Orbit bordlampe tilf\u00f8jer et strejf af elegance og varme til ethvert rum med sin m\u00f8rkegr\u00f8nne farve. Den er lavet af holdbart glas og jern, og","og_url":"https:\/\/hubsch-interior.com\/da\/vare\/orbit-bordlampe-morkegron\/","og_site_name":"H\u00fcbsch","article_modified_time":"2026-04-05T03:06:45+00:00","og_image":[{"width":1200,"height":1200,"url":"https:\/\/hubsch-interior.com\/wp-content\/uploads\/2025\/04\/orbit-table-lamp-dark-green-f308f1b512e326e83d39ca96282456f0.jpg","type":"image\/jpeg"}],"twitter_card":"summary_large_image","schema":{"@context":"https:\/\/schema.org","@graph":[{"@type":"WebPage","@id":"https:\/\/hubsch-interior.com\/da\/vare\/orbit-bordlampe-morkegron\/","url":"https:\/\/hubsch-interior.com\/da\/vare\/orbit-bordlampe-morkegron\/","name":"Orbit Bordlampe M\u00f8rkegr\u00f8n - H\u00fcbsch","isPartOf":{"@id":"https:\/\/hubsch-interior.com\/da\/#website"},"primaryImageOfPage":{"@id":"https:\/\/hubsch-interior.com\/da\/vare\/orbit-bordlampe-morkegron\/#primaryimage"},"image":{"@id":"https:\/\/hubsch-interior.com\/da\/vare\/orbit-bordlampe-morkegron\/#primaryimage"},"thumbnailUrl":"https:\/\/hubsch-interior.com\/wp-content\/uploads\/2026\/02\/orbit-table-lamp-dark-green-a0b8381c26c3dea6e0c8221d41ad3120.jpg","datePublished":"2024-01-29T08:31:37+00:00","dateModified":"2026-04-05T03:06:45+00:00","description":"Den smukke Orbit bordlampe tilf\u00f8jer et strejf af elegance og varme til ethvert rum med sin m\u00f8rkegr\u00f8nne farve. Den er lavet af holdbart glas og jern, og","breadcrumb":{"@id":"https:\/\/hubsch-interior.com\/da\/vare\/orbit-bordlampe-morkegron\/#breadcrumb"},"inLanguage":"da-DK","potentialAction":[{"@type":"ReadAction","target":["https:\/\/hubsch-interior.com\/da\/vare\/orbit-bordlampe-morkegron\/"]}]},{"@type":"ImageObject","inLanguage":"da-DK","@id":"https:\/\/hubsch-interior.com\/da\/vare\/orbit-bordlampe-morkegron\/#primaryimage","url":"https:\/\/hubsch-interior.com\/wp-content\/uploads\/2026\/02\/orbit-table-lamp-dark-green-a0b8381c26c3dea6e0c8221d41ad3120.jpg","contentUrl":"https:\/\/hubsch-interior.com\/wp-content\/uploads\/2026\/02\/orbit-table-lamp-dark-green-a0b8381c26c3dea6e0c8221d41ad3120.jpg","width":1024,"height":1024},{"@type":"BreadcrumbList","@id":"https:\/\/hubsch-interior.com\/da\/vare\/orbit-bordlampe-morkegron\/#breadcrumb","itemListElement":[{"@type":"ListItem","position":1,"name":"Forside","item":"https:\/\/hubsch-interior.com\/da\/"},{"@type":"ListItem","position":2,"name":"Produkter","item":"https:\/\/hubsch-interior.com\/da\/produkter\/"},{"@type":"ListItem","position":3,"name":"Belysning","item":"https:\/\/hubsch-interior.com\/da\/vare-kategori\/belysning\/"},{"@type":"ListItem","position":4,"name":"Bordlamper","item":"https:\/\/hubsch-interior.com\/da\/vare-kategori\/belysning\/bordlamper-da\/"},{"@type":"ListItem","position":5,"name":"Orbit Bordlampe M\u00f8rkegr\u00f8n"}]},{"@type":"WebSite","@id":"https:\/\/hubsch-interior.com\/da\/#website","url":"https:\/\/hubsch-interior.com\/da\/","name":"H\u00fcbsch","description":"Danish Home Interior and Design","publisher":{"@id":"https:\/\/hubsch-interior.com\/da\/#organization"},"potentialAction":[{"@type":"SearchAction","target":{"@type":"EntryPoint","urlTemplate":"https:\/\/hubsch-interior.com\/da\/?s={search_term_string}"},"query-input":{"@type":"PropertyValueSpecification","valueRequired":true,"valueName":"search_term_string"}}],"inLanguage":"da-DK"},{"@type":"Organization","@id":"https:\/\/hubsch-interior.com\/da\/#organization","name":"H\u00fcbsch","url":"https:\/\/hubsch-interior.com\/da\/","logo":{"@type":"ImageObject","inLanguage":"da-DK","@id":"https:\/\/hubsch-interior.com\/da\/#\/schema\/logo\/image\/","url":"https:\/\/hubsch-interior.com\/wp-content\/uploads\/2022\/12\/Hubsch_logo_black_one_line.svg","contentUrl":"https:\/\/hubsch-interior.com\/wp-content\/uploads\/2022\/12\/Hubsch_logo_black_one_line.svg","caption":"H\u00fcbsch"},"image":{"@id":"https:\/\/hubsch-interior.com\/da\/#\/schema\/logo\/image\/"}}]}},"_links":{"self":[{"href":"https:\/\/hubsch-interior.com\/da\/wp-json\/wp\/v2\/product\/977622","targetHints":{"allow":["GET"]}}],"collection":[{"href":"https:\/\/hubsch-interior.com\/da\/wp-json\/wp\/v2\/product"}],"about":[{"href":"https:\/\/hubsch-interior.com\/da\/wp-json\/wp\/v2\/types\/product"}],"wp:featuredmedia":[{"embeddable":true,"href":"https:\/\/hubsch-interior.com\/da\/wp-json\/wp\/v2\/media\/1106802"}],"wp:attachment":[{"href":"https:\/\/hubsch-interior.com\/da\/wp-json\/wp\/v2\/media?parent=977622"}],"wp:term":[{"taxonomy":"product_brand","embeddable":true,"href":"https:\/\/hubsch-interior.com\/da\/wp-json\/wp\/v2\/product_brand?post=977622"},{"taxonomy":"product_cat","embeddable":true,"href":"https:\/\/hubsch-interior.com\/da\/wp-json\/wp\/v2\/product_cat?post=977622"},{"taxonomy":"product_tag","embeddable":true,"href":"https:\/\/hubsch-interior.com\/da\/wp-json\/wp\/v2\/product_tag?post=977622"}],"curies":[{"name":"wp","href":"https:\/\/api.w.org\/{rel}","templated":true}]}}