{"id":977642,"date":"2024-01-29T09:31:49","date_gmt":"2024-01-29T08:31:49","guid":{"rendered":"https:\/\/hubsch-interior.com\/product\/product\/"},"modified":"2026-04-11T05:00:03","modified_gmt":"2026-04-11T03:00:03","slug":"sleek-bordlampe-brun-lysegra","status":"publish","type":"product","link":"https:\/\/hubsch-interior.com\/da\/vare\/sleek-bordlampe-brun-lysegra\/","title":{"rendered":"Sleek Bordlampe Brun\/Lysegr\u00e5"},"content":{"rendered":"<p>Med sin slanke og elegante design er Sleek Bordlampe det perfekte tilbeh\u00f8r til at oplyse selv de mindste rum. Denne variant kommer i en smuk kombination af brun og lysegr\u00e5, som tilf\u00f8jer et moderne touch til ethvert interi\u00f8r. Lavet af kvalitets jern og akryl er denne lampe b\u00e5de holdbar og stilfuld. Med en d\u00e6mpningsfunktion kan du nemt justere lysstyrken og skabe den perfekte stemning. Tilg\u00e6ngelig i to farver, er Sleek Bordlampe et must-have til ethvert hjem.<\/p>\n","protected":false},"excerpt":{"rendered":"<p>Med sin slanke og elegante design er Sleek Bordlampe det perfekte tilbeh\u00f8r til at oplyse selv de mindste rum. Denne variant kommer i en smuk kombination af brun og lysegr\u00e5, som tilf\u00f8jer et moderne touch til ethvert interi\u00f8r. Lavet af kvalitets jern og akryl er denne lampe b\u00e5de holdbar og stilfuld. Med en d\u00e6mpningsfunktion kan [&hellip;]<\/p>\n","protected":false},"featured_media":1106830,"template":"","meta":{"_acf_changed":false,"inline_featured_image":false},"product_brand":[],"product_cat":[6880,6899,3808,3499],"product_tag":[],"class_list":{"0":"post-977642","1":"product","2":"type-product","3":"status-publish","4":"has-post-thumbnail","6":"product_cat-elevating-nostalgia-da","7":"product_cat-funktionel-belysning-da","8":"product_cat-belysning","9":"product_cat-bordlamper-da","10":"product_shipping_class-pk","12":"pa_color-brun","13":"pa_color-lysegr","14":"pa_material-jern-da","15":"pa_material-polycarbonat","17":"first","18":"instock","19":"taxable","20":"shipping-taxable","21":"purchasable","22":"product-type-simple"},"exclude_global_add_ons":[],"addons":[],"acf":[],"yoast_head":"<!-- This site is optimized with the Yoast SEO plugin v26.4 - https:\/\/yoast.com\/wordpress\/plugins\/seo\/ -->\n<title>Sleek Bordlampe Brun\/Lysegr\u00e5 - H\u00fcbsch<\/title>\n<meta name=\"description\" content=\"Med sin slanke og elegante design er Sleek Bordlampe det perfekte tilbeh\u00f8r til at oplyse selv de mindste rum. Denne variant kommer i en smuk kombination\" \/>\n<meta name=\"robots\" content=\"index, follow, max-snippet:-1, max-image-preview:large, max-video-preview:-1\" \/>\n<link rel=\"canonical\" href=\"https:\/\/hubsch-interior.com\/da\/wp-json\/wp\/v2\/product\/977642\" \/>\n<meta property=\"og:locale\" content=\"da_DK\" \/>\n<meta property=\"og:type\" content=\"article\" \/>\n<meta property=\"og:title\" content=\"Sleek Bordlampe Brun\/Lysegr\u00e5 - H\u00fcbsch\" \/>\n<meta property=\"og:description\" content=\"Med sin slanke og elegante design er Sleek Bordlampe det perfekte tilbeh\u00f8r til at oplyse selv de mindste rum. Denne variant kommer i en smuk kombination\" \/>\n<meta property=\"og:url\" content=\"https:\/\/hubsch-interior.com\/da\/vare\/sleek-bordlampe-brun-lysegra\/\" \/>\n<meta property=\"og:site_name\" content=\"H\u00fcbsch\" \/>\n<meta property=\"article:modified_time\" content=\"2026-04-11T03:00:03+00:00\" \/>\n<meta property=\"og:image\" content=\"https:\/\/hubsch-interior.com\/wp-content\/uploads\/2025\/04\/sleek-table-lamp-brownlight-grey-df89ae3f4df1da6c17f5982aee6d8662.jpg\" \/>\n\t<meta property=\"og:image:width\" content=\"1200\" \/>\n\t<meta property=\"og:image:height\" content=\"1200\" \/>\n\t<meta property=\"og:image:type\" content=\"image\/jpeg\" \/>\n<meta name=\"twitter:card\" content=\"summary_large_image\" \/>\n<script type=\"application\/ld+json\" class=\"yoast-schema-graph\">{\"@context\":\"https:\/\/schema.org\",\"@graph\":[{\"@type\":\"WebPage\",\"@id\":\"https:\/\/hubsch-interior.com\/da\/vare\/sleek-bordlampe-brun-lysegra\/\",\"url\":\"https:\/\/hubsch-interior.com\/da\/vare\/sleek-bordlampe-brun-lysegra\/\",\"name\":\"Sleek Bordlampe Brun\/Lysegr\u00e5 - H\u00fcbsch\",\"isPartOf\":{\"@id\":\"https:\/\/hubsch-interior.com\/da\/#website\"},\"primaryImageOfPage\":{\"@id\":\"https:\/\/hubsch-interior.com\/da\/vare\/sleek-bordlampe-brun-lysegra\/#primaryimage\"},\"image\":{\"@id\":\"https:\/\/hubsch-interior.com\/da\/vare\/sleek-bordlampe-brun-lysegra\/#primaryimage\"},\"thumbnailUrl\":\"https:\/\/hubsch-interior.com\/wp-content\/uploads\/2026\/02\/sleek-table-lamp-brownlight-grey-e92ecb39819f4e42d50ffc0f8e7820c7.jpg\",\"datePublished\":\"2024-01-29T08:31:49+00:00\",\"dateModified\":\"2026-04-11T03:00:03+00:00\",\"description\":\"Med sin slanke og elegante design er Sleek Bordlampe det perfekte tilbeh\u00f8r til at oplyse selv de mindste rum. Denne variant kommer i en smuk kombination\",\"breadcrumb\":{\"@id\":\"https:\/\/hubsch-interior.com\/da\/vare\/sleek-bordlampe-brun-lysegra\/#breadcrumb\"},\"inLanguage\":\"da-DK\",\"potentialAction\":[{\"@type\":\"ReadAction\",\"target\":[\"https:\/\/hubsch-interior.com\/da\/vare\/sleek-bordlampe-brun-lysegra\/\"]}]},{\"@type\":\"ImageObject\",\"inLanguage\":\"da-DK\",\"@id\":\"https:\/\/hubsch-interior.com\/da\/vare\/sleek-bordlampe-brun-lysegra\/#primaryimage\",\"url\":\"https:\/\/hubsch-interior.com\/wp-content\/uploads\/2026\/02\/sleek-table-lamp-brownlight-grey-e92ecb39819f4e42d50ffc0f8e7820c7.jpg\",\"contentUrl\":\"https:\/\/hubsch-interior.com\/wp-content\/uploads\/2026\/02\/sleek-table-lamp-brownlight-grey-e92ecb39819f4e42d50ffc0f8e7820c7.jpg\",\"width\":1024,\"height\":1024},{\"@type\":\"BreadcrumbList\",\"@id\":\"https:\/\/hubsch-interior.com\/da\/vare\/sleek-bordlampe-brun-lysegra\/#breadcrumb\",\"itemListElement\":[{\"@type\":\"ListItem\",\"position\":1,\"name\":\"Forside\",\"item\":\"https:\/\/hubsch-interior.com\/da\/\"},{\"@type\":\"ListItem\",\"position\":2,\"name\":\"Produkter\",\"item\":\"https:\/\/hubsch-interior.com\/da\/produkter\/\"},{\"@type\":\"ListItem\",\"position\":3,\"name\":\"Belysning\",\"item\":\"https:\/\/hubsch-interior.com\/da\/vare-kategori\/belysning\/\"},{\"@type\":\"ListItem\",\"position\":4,\"name\":\"Bordlamper\",\"item\":\"https:\/\/hubsch-interior.com\/da\/vare-kategori\/belysning\/bordlamper-da\/\"},{\"@type\":\"ListItem\",\"position\":5,\"name\":\"Sleek Bordlampe Brun\/Lysegr\u00e5\"}]},{\"@type\":\"WebSite\",\"@id\":\"https:\/\/hubsch-interior.com\/da\/#website\",\"url\":\"https:\/\/hubsch-interior.com\/da\/\",\"name\":\"H\u00fcbsch\",\"description\":\"Danish Home Interior and Design\",\"publisher\":{\"@id\":\"https:\/\/hubsch-interior.com\/da\/#organization\"},\"potentialAction\":[{\"@type\":\"SearchAction\",\"target\":{\"@type\":\"EntryPoint\",\"urlTemplate\":\"https:\/\/hubsch-interior.com\/da\/?s={search_term_string}\"},\"query-input\":{\"@type\":\"PropertyValueSpecification\",\"valueRequired\":true,\"valueName\":\"search_term_string\"}}],\"inLanguage\":\"da-DK\"},{\"@type\":\"Organization\",\"@id\":\"https:\/\/hubsch-interior.com\/da\/#organization\",\"name\":\"H\u00fcbsch\",\"url\":\"https:\/\/hubsch-interior.com\/da\/\",\"logo\":{\"@type\":\"ImageObject\",\"inLanguage\":\"da-DK\",\"@id\":\"https:\/\/hubsch-interior.com\/da\/#\/schema\/logo\/image\/\",\"url\":\"https:\/\/hubsch-interior.com\/wp-content\/uploads\/2022\/12\/Hubsch_logo_black_one_line.svg\",\"contentUrl\":\"https:\/\/hubsch-interior.com\/wp-content\/uploads\/2022\/12\/Hubsch_logo_black_one_line.svg\",\"caption\":\"H\u00fcbsch\"},\"image\":{\"@id\":\"https:\/\/hubsch-interior.com\/da\/#\/schema\/logo\/image\/\"}}]}<\/script>\n<!-- \/ Yoast SEO plugin. -->","yoast_head_json":{"title":"Sleek Bordlampe Brun\/Lysegr\u00e5 - H\u00fcbsch","description":"Med sin slanke og elegante design er Sleek Bordlampe det perfekte tilbeh\u00f8r til at oplyse selv de mindste rum. Denne variant kommer i en smuk kombination","robots":{"index":"index","follow":"follow","max-snippet":"max-snippet:-1","max-image-preview":"max-image-preview:large","max-video-preview":"max-video-preview:-1"},"canonical":"https:\/\/hubsch-interior.com\/da\/wp-json\/wp\/v2\/product\/977642","og_locale":"da_DK","og_type":"article","og_title":"Sleek Bordlampe Brun\/Lysegr\u00e5 - H\u00fcbsch","og_description":"Med sin slanke og elegante design er Sleek Bordlampe det perfekte tilbeh\u00f8r til at oplyse selv de mindste rum. Denne variant kommer i en smuk kombination","og_url":"https:\/\/hubsch-interior.com\/da\/vare\/sleek-bordlampe-brun-lysegra\/","og_site_name":"H\u00fcbsch","article_modified_time":"2026-04-11T03:00:03+00:00","og_image":[{"width":1200,"height":1200,"url":"https:\/\/hubsch-interior.com\/wp-content\/uploads\/2025\/04\/sleek-table-lamp-brownlight-grey-df89ae3f4df1da6c17f5982aee6d8662.jpg","type":"image\/jpeg"}],"twitter_card":"summary_large_image","schema":{"@context":"https:\/\/schema.org","@graph":[{"@type":"WebPage","@id":"https:\/\/hubsch-interior.com\/da\/vare\/sleek-bordlampe-brun-lysegra\/","url":"https:\/\/hubsch-interior.com\/da\/vare\/sleek-bordlampe-brun-lysegra\/","name":"Sleek Bordlampe Brun\/Lysegr\u00e5 - H\u00fcbsch","isPartOf":{"@id":"https:\/\/hubsch-interior.com\/da\/#website"},"primaryImageOfPage":{"@id":"https:\/\/hubsch-interior.com\/da\/vare\/sleek-bordlampe-brun-lysegra\/#primaryimage"},"image":{"@id":"https:\/\/hubsch-interior.com\/da\/vare\/sleek-bordlampe-brun-lysegra\/#primaryimage"},"thumbnailUrl":"https:\/\/hubsch-interior.com\/wp-content\/uploads\/2026\/02\/sleek-table-lamp-brownlight-grey-e92ecb39819f4e42d50ffc0f8e7820c7.jpg","datePublished":"2024-01-29T08:31:49+00:00","dateModified":"2026-04-11T03:00:03+00:00","description":"Med sin slanke og elegante design er Sleek Bordlampe det perfekte tilbeh\u00f8r til at oplyse selv de mindste rum. Denne variant kommer i en smuk kombination","breadcrumb":{"@id":"https:\/\/hubsch-interior.com\/da\/vare\/sleek-bordlampe-brun-lysegra\/#breadcrumb"},"inLanguage":"da-DK","potentialAction":[{"@type":"ReadAction","target":["https:\/\/hubsch-interior.com\/da\/vare\/sleek-bordlampe-brun-lysegra\/"]}]},{"@type":"ImageObject","inLanguage":"da-DK","@id":"https:\/\/hubsch-interior.com\/da\/vare\/sleek-bordlampe-brun-lysegra\/#primaryimage","url":"https:\/\/hubsch-interior.com\/wp-content\/uploads\/2026\/02\/sleek-table-lamp-brownlight-grey-e92ecb39819f4e42d50ffc0f8e7820c7.jpg","contentUrl":"https:\/\/hubsch-interior.com\/wp-content\/uploads\/2026\/02\/sleek-table-lamp-brownlight-grey-e92ecb39819f4e42d50ffc0f8e7820c7.jpg","width":1024,"height":1024},{"@type":"BreadcrumbList","@id":"https:\/\/hubsch-interior.com\/da\/vare\/sleek-bordlampe-brun-lysegra\/#breadcrumb","itemListElement":[{"@type":"ListItem","position":1,"name":"Forside","item":"https:\/\/hubsch-interior.com\/da\/"},{"@type":"ListItem","position":2,"name":"Produkter","item":"https:\/\/hubsch-interior.com\/da\/produkter\/"},{"@type":"ListItem","position":3,"name":"Belysning","item":"https:\/\/hubsch-interior.com\/da\/vare-kategori\/belysning\/"},{"@type":"ListItem","position":4,"name":"Bordlamper","item":"https:\/\/hubsch-interior.com\/da\/vare-kategori\/belysning\/bordlamper-da\/"},{"@type":"ListItem","position":5,"name":"Sleek Bordlampe Brun\/Lysegr\u00e5"}]},{"@type":"WebSite","@id":"https:\/\/hubsch-interior.com\/da\/#website","url":"https:\/\/hubsch-interior.com\/da\/","name":"H\u00fcbsch","description":"Danish Home Interior and Design","publisher":{"@id":"https:\/\/hubsch-interior.com\/da\/#organization"},"potentialAction":[{"@type":"SearchAction","target":{"@type":"EntryPoint","urlTemplate":"https:\/\/hubsch-interior.com\/da\/?s={search_term_string}"},"query-input":{"@type":"PropertyValueSpecification","valueRequired":true,"valueName":"search_term_string"}}],"inLanguage":"da-DK"},{"@type":"Organization","@id":"https:\/\/hubsch-interior.com\/da\/#organization","name":"H\u00fcbsch","url":"https:\/\/hubsch-interior.com\/da\/","logo":{"@type":"ImageObject","inLanguage":"da-DK","@id":"https:\/\/hubsch-interior.com\/da\/#\/schema\/logo\/image\/","url":"https:\/\/hubsch-interior.com\/wp-content\/uploads\/2022\/12\/Hubsch_logo_black_one_line.svg","contentUrl":"https:\/\/hubsch-interior.com\/wp-content\/uploads\/2022\/12\/Hubsch_logo_black_one_line.svg","caption":"H\u00fcbsch"},"image":{"@id":"https:\/\/hubsch-interior.com\/da\/#\/schema\/logo\/image\/"}}]}},"_links":{"self":[{"href":"https:\/\/hubsch-interior.com\/da\/wp-json\/wp\/v2\/product\/977642","targetHints":{"allow":["GET"]}}],"collection":[{"href":"https:\/\/hubsch-interior.com\/da\/wp-json\/wp\/v2\/product"}],"about":[{"href":"https:\/\/hubsch-interior.com\/da\/wp-json\/wp\/v2\/types\/product"}],"wp:featuredmedia":[{"embeddable":true,"href":"https:\/\/hubsch-interior.com\/da\/wp-json\/wp\/v2\/media\/1106830"}],"wp:attachment":[{"href":"https:\/\/hubsch-interior.com\/da\/wp-json\/wp\/v2\/media?parent=977642"}],"wp:term":[{"taxonomy":"product_brand","embeddable":true,"href":"https:\/\/hubsch-interior.com\/da\/wp-json\/wp\/v2\/product_brand?post=977642"},{"taxonomy":"product_cat","embeddable":true,"href":"https:\/\/hubsch-interior.com\/da\/wp-json\/wp\/v2\/product_cat?post=977642"},{"taxonomy":"product_tag","embeddable":true,"href":"https:\/\/hubsch-interior.com\/da\/wp-json\/wp\/v2\/product_tag?post=977642"}],"curies":[{"name":"wp","href":"https:\/\/api.w.org\/{rel}","templated":true}]}}