{"id":977666,"date":"2024-01-29T09:32:04","date_gmt":"2024-01-29T08:32:04","guid":{"rendered":"https:\/\/hubsch-interior.com\/product\/product\/"},"modified":"2026-04-11T05:00:07","modified_gmt":"2026-04-11T03:00:07","slug":"sleek-bordlampe-gron-rod","status":"publish","type":"product","link":"https:\/\/hubsch-interior.com\/da\/vare\/sleek-bordlampe-gron-rod\/","title":{"rendered":"Sleek Bordlampe Gr\u00f8n\/R\u00f8d"},"content":{"rendered":"<p>Forny dit hjem med vores stilfulde Sleek Bordlampe! Den findes i 2 smukke farvevarianter, hvor denne i gr\u00f8n og r\u00f8d vil give et frisk pust til din indretning. Lavet af holdbart jern og akryl er lampen b\u00e5de robust og let at reng\u00f8re. Med dens justerbare lysstyrke er den perfekt til at skabe den rette stemning, og dens slanke design g\u00f8r den ideel til smalle omr\u00e5der, som fx en vindueskarm eller en slank hylde. V\u00e6lg vores modige og sjove farvekombination, og l\u00f8ft ethvert rum i dit hjem med Sleek Bordlampen.<\/p>\n","protected":false},"excerpt":{"rendered":"<p>Forny dit hjem med vores stilfulde Sleek Bordlampe! Den findes i 2 smukke farvevarianter, hvor denne i gr\u00f8n og r\u00f8d vil give et frisk pust til din indretning. Lavet af holdbart jern og akryl er lampen b\u00e5de robust og let at reng\u00f8re. Med dens justerbare lysstyrke er den perfekt til at skabe den rette stemning, [&hellip;]<\/p>\n","protected":false},"featured_media":1106846,"template":"","meta":{"_acf_changed":false,"inline_featured_image":false},"product_brand":[],"product_cat":[6880,6899,3808,3499,5025,5029],"product_tag":[],"class_list":{"0":"post-977666","1":"product","2":"type-product","3":"status-publish","4":"has-post-thumbnail","6":"product_cat-elevating-nostalgia-da","7":"product_cat-funktionel-belysning-da","8":"product_cat-belysning","9":"product_cat-bordlamper-da","10":"product_cat-bestsellers-da","11":"product_cat-tilbage-paa-lager-da","12":"product_shipping_class-pk","14":"pa_color-grn","15":"pa_color-rd","16":"pa_material-jern-da","17":"pa_material-polycarbonat","19":"first","20":"instock","21":"featured","22":"taxable","23":"shipping-taxable","24":"purchasable","25":"product-type-simple"},"exclude_global_add_ons":[],"addons":[],"acf":[],"yoast_head":"<!-- This site is optimized with the Yoast SEO plugin v26.4 - https:\/\/yoast.com\/wordpress\/plugins\/seo\/ -->\n<title>Sleek Bordlampe Gr\u00f8n\/R\u00f8d - H\u00fcbsch<\/title>\n<meta name=\"description\" content=\"Forny dit hjem med vores stilfulde Sleek Bordlampe! Den findes i 2 smukke farvevarianter, hvor denne i gr\u00f8n og r\u00f8d vil give et frisk pust til din\" \/>\n<meta name=\"robots\" content=\"index, follow, max-snippet:-1, max-image-preview:large, max-video-preview:-1\" \/>\n<link rel=\"canonical\" href=\"https:\/\/hubsch-interior.com\/da\/wp-json\/wp\/v2\/product\/977666\" \/>\n<meta property=\"og:locale\" content=\"da_DK\" \/>\n<meta property=\"og:type\" content=\"article\" \/>\n<meta property=\"og:title\" content=\"Sleek Bordlampe Gr\u00f8n\/R\u00f8d - H\u00fcbsch\" \/>\n<meta property=\"og:description\" content=\"Forny dit hjem med vores stilfulde Sleek Bordlampe! Den findes i 2 smukke farvevarianter, hvor denne i gr\u00f8n og r\u00f8d vil give et frisk pust til din\" \/>\n<meta property=\"og:url\" content=\"https:\/\/hubsch-interior.com\/da\/vare\/sleek-bordlampe-gron-rod\/\" \/>\n<meta property=\"og:site_name\" content=\"H\u00fcbsch\" \/>\n<meta property=\"article:modified_time\" content=\"2026-04-11T03:00:07+00:00\" \/>\n<meta property=\"og:image\" content=\"https:\/\/hubsch-interior.com\/wp-content\/uploads\/2025\/04\/sleek-table-lamp-greenred-4c30bca910450616d0ad8edb39c2210d.jpg\" \/>\n\t<meta property=\"og:image:width\" content=\"1200\" \/>\n\t<meta property=\"og:image:height\" content=\"1200\" \/>\n\t<meta property=\"og:image:type\" content=\"image\/jpeg\" \/>\n<meta name=\"twitter:card\" content=\"summary_large_image\" \/>\n<script type=\"application\/ld+json\" class=\"yoast-schema-graph\">{\"@context\":\"https:\/\/schema.org\",\"@graph\":[{\"@type\":\"WebPage\",\"@id\":\"https:\/\/hubsch-interior.com\/da\/vare\/sleek-bordlampe-gron-rod\/\",\"url\":\"https:\/\/hubsch-interior.com\/da\/vare\/sleek-bordlampe-gron-rod\/\",\"name\":\"Sleek Bordlampe Gr\u00f8n\/R\u00f8d - H\u00fcbsch\",\"isPartOf\":{\"@id\":\"https:\/\/hubsch-interior.com\/da\/#website\"},\"primaryImageOfPage\":{\"@id\":\"https:\/\/hubsch-interior.com\/da\/vare\/sleek-bordlampe-gron-rod\/#primaryimage\"},\"image\":{\"@id\":\"https:\/\/hubsch-interior.com\/da\/vare\/sleek-bordlampe-gron-rod\/#primaryimage\"},\"thumbnailUrl\":\"https:\/\/hubsch-interior.com\/wp-content\/uploads\/2026\/02\/sleek-table-lamp-greenred-1cbb5f41f241928c6d36e054f9bd6393.jpg\",\"datePublished\":\"2024-01-29T08:32:04+00:00\",\"dateModified\":\"2026-04-11T03:00:07+00:00\",\"description\":\"Forny dit hjem med vores stilfulde Sleek Bordlampe! Den findes i 2 smukke farvevarianter, hvor denne i gr\u00f8n og r\u00f8d vil give et frisk pust til din\",\"breadcrumb\":{\"@id\":\"https:\/\/hubsch-interior.com\/da\/vare\/sleek-bordlampe-gron-rod\/#breadcrumb\"},\"inLanguage\":\"da-DK\",\"potentialAction\":[{\"@type\":\"ReadAction\",\"target\":[\"https:\/\/hubsch-interior.com\/da\/vare\/sleek-bordlampe-gron-rod\/\"]}]},{\"@type\":\"ImageObject\",\"inLanguage\":\"da-DK\",\"@id\":\"https:\/\/hubsch-interior.com\/da\/vare\/sleek-bordlampe-gron-rod\/#primaryimage\",\"url\":\"https:\/\/hubsch-interior.com\/wp-content\/uploads\/2026\/02\/sleek-table-lamp-greenred-1cbb5f41f241928c6d36e054f9bd6393.jpg\",\"contentUrl\":\"https:\/\/hubsch-interior.com\/wp-content\/uploads\/2026\/02\/sleek-table-lamp-greenred-1cbb5f41f241928c6d36e054f9bd6393.jpg\",\"width\":1024,\"height\":1024},{\"@type\":\"BreadcrumbList\",\"@id\":\"https:\/\/hubsch-interior.com\/da\/vare\/sleek-bordlampe-gron-rod\/#breadcrumb\",\"itemListElement\":[{\"@type\":\"ListItem\",\"position\":1,\"name\":\"Forside\",\"item\":\"https:\/\/hubsch-interior.com\/da\/\"},{\"@type\":\"ListItem\",\"position\":2,\"name\":\"Produkter\",\"item\":\"https:\/\/hubsch-interior.com\/da\/produkter\/\"},{\"@type\":\"ListItem\",\"position\":3,\"name\":\"Belysning\",\"item\":\"https:\/\/hubsch-interior.com\/da\/vare-kategori\/belysning\/\"},{\"@type\":\"ListItem\",\"position\":4,\"name\":\"Bordlamper\",\"item\":\"https:\/\/hubsch-interior.com\/da\/vare-kategori\/belysning\/bordlamper-da\/\"},{\"@type\":\"ListItem\",\"position\":5,\"name\":\"Sleek Bordlampe Gr\u00f8n\/R\u00f8d\"}]},{\"@type\":\"WebSite\",\"@id\":\"https:\/\/hubsch-interior.com\/da\/#website\",\"url\":\"https:\/\/hubsch-interior.com\/da\/\",\"name\":\"H\u00fcbsch\",\"description\":\"Danish Home Interior and Design\",\"publisher\":{\"@id\":\"https:\/\/hubsch-interior.com\/da\/#organization\"},\"potentialAction\":[{\"@type\":\"SearchAction\",\"target\":{\"@type\":\"EntryPoint\",\"urlTemplate\":\"https:\/\/hubsch-interior.com\/da\/?s={search_term_string}\"},\"query-input\":{\"@type\":\"PropertyValueSpecification\",\"valueRequired\":true,\"valueName\":\"search_term_string\"}}],\"inLanguage\":\"da-DK\"},{\"@type\":\"Organization\",\"@id\":\"https:\/\/hubsch-interior.com\/da\/#organization\",\"name\":\"H\u00fcbsch\",\"url\":\"https:\/\/hubsch-interior.com\/da\/\",\"logo\":{\"@type\":\"ImageObject\",\"inLanguage\":\"da-DK\",\"@id\":\"https:\/\/hubsch-interior.com\/da\/#\/schema\/logo\/image\/\",\"url\":\"https:\/\/hubsch-interior.com\/wp-content\/uploads\/2022\/12\/Hubsch_logo_black_one_line.svg\",\"contentUrl\":\"https:\/\/hubsch-interior.com\/wp-content\/uploads\/2022\/12\/Hubsch_logo_black_one_line.svg\",\"caption\":\"H\u00fcbsch\"},\"image\":{\"@id\":\"https:\/\/hubsch-interior.com\/da\/#\/schema\/logo\/image\/\"}}]}<\/script>\n<!-- \/ Yoast SEO plugin. -->","yoast_head_json":{"title":"Sleek Bordlampe Gr\u00f8n\/R\u00f8d - H\u00fcbsch","description":"Forny dit hjem med vores stilfulde Sleek Bordlampe! Den findes i 2 smukke farvevarianter, hvor denne i gr\u00f8n og r\u00f8d vil give et frisk pust til din","robots":{"index":"index","follow":"follow","max-snippet":"max-snippet:-1","max-image-preview":"max-image-preview:large","max-video-preview":"max-video-preview:-1"},"canonical":"https:\/\/hubsch-interior.com\/da\/wp-json\/wp\/v2\/product\/977666","og_locale":"da_DK","og_type":"article","og_title":"Sleek Bordlampe Gr\u00f8n\/R\u00f8d - H\u00fcbsch","og_description":"Forny dit hjem med vores stilfulde Sleek Bordlampe! Den findes i 2 smukke farvevarianter, hvor denne i gr\u00f8n og r\u00f8d vil give et frisk pust til din","og_url":"https:\/\/hubsch-interior.com\/da\/vare\/sleek-bordlampe-gron-rod\/","og_site_name":"H\u00fcbsch","article_modified_time":"2026-04-11T03:00:07+00:00","og_image":[{"width":1200,"height":1200,"url":"https:\/\/hubsch-interior.com\/wp-content\/uploads\/2025\/04\/sleek-table-lamp-greenred-4c30bca910450616d0ad8edb39c2210d.jpg","type":"image\/jpeg"}],"twitter_card":"summary_large_image","schema":{"@context":"https:\/\/schema.org","@graph":[{"@type":"WebPage","@id":"https:\/\/hubsch-interior.com\/da\/vare\/sleek-bordlampe-gron-rod\/","url":"https:\/\/hubsch-interior.com\/da\/vare\/sleek-bordlampe-gron-rod\/","name":"Sleek Bordlampe Gr\u00f8n\/R\u00f8d - H\u00fcbsch","isPartOf":{"@id":"https:\/\/hubsch-interior.com\/da\/#website"},"primaryImageOfPage":{"@id":"https:\/\/hubsch-interior.com\/da\/vare\/sleek-bordlampe-gron-rod\/#primaryimage"},"image":{"@id":"https:\/\/hubsch-interior.com\/da\/vare\/sleek-bordlampe-gron-rod\/#primaryimage"},"thumbnailUrl":"https:\/\/hubsch-interior.com\/wp-content\/uploads\/2026\/02\/sleek-table-lamp-greenred-1cbb5f41f241928c6d36e054f9bd6393.jpg","datePublished":"2024-01-29T08:32:04+00:00","dateModified":"2026-04-11T03:00:07+00:00","description":"Forny dit hjem med vores stilfulde Sleek Bordlampe! Den findes i 2 smukke farvevarianter, hvor denne i gr\u00f8n og r\u00f8d vil give et frisk pust til din","breadcrumb":{"@id":"https:\/\/hubsch-interior.com\/da\/vare\/sleek-bordlampe-gron-rod\/#breadcrumb"},"inLanguage":"da-DK","potentialAction":[{"@type":"ReadAction","target":["https:\/\/hubsch-interior.com\/da\/vare\/sleek-bordlampe-gron-rod\/"]}]},{"@type":"ImageObject","inLanguage":"da-DK","@id":"https:\/\/hubsch-interior.com\/da\/vare\/sleek-bordlampe-gron-rod\/#primaryimage","url":"https:\/\/hubsch-interior.com\/wp-content\/uploads\/2026\/02\/sleek-table-lamp-greenred-1cbb5f41f241928c6d36e054f9bd6393.jpg","contentUrl":"https:\/\/hubsch-interior.com\/wp-content\/uploads\/2026\/02\/sleek-table-lamp-greenred-1cbb5f41f241928c6d36e054f9bd6393.jpg","width":1024,"height":1024},{"@type":"BreadcrumbList","@id":"https:\/\/hubsch-interior.com\/da\/vare\/sleek-bordlampe-gron-rod\/#breadcrumb","itemListElement":[{"@type":"ListItem","position":1,"name":"Forside","item":"https:\/\/hubsch-interior.com\/da\/"},{"@type":"ListItem","position":2,"name":"Produkter","item":"https:\/\/hubsch-interior.com\/da\/produkter\/"},{"@type":"ListItem","position":3,"name":"Belysning","item":"https:\/\/hubsch-interior.com\/da\/vare-kategori\/belysning\/"},{"@type":"ListItem","position":4,"name":"Bordlamper","item":"https:\/\/hubsch-interior.com\/da\/vare-kategori\/belysning\/bordlamper-da\/"},{"@type":"ListItem","position":5,"name":"Sleek Bordlampe Gr\u00f8n\/R\u00f8d"}]},{"@type":"WebSite","@id":"https:\/\/hubsch-interior.com\/da\/#website","url":"https:\/\/hubsch-interior.com\/da\/","name":"H\u00fcbsch","description":"Danish Home Interior and Design","publisher":{"@id":"https:\/\/hubsch-interior.com\/da\/#organization"},"potentialAction":[{"@type":"SearchAction","target":{"@type":"EntryPoint","urlTemplate":"https:\/\/hubsch-interior.com\/da\/?s={search_term_string}"},"query-input":{"@type":"PropertyValueSpecification","valueRequired":true,"valueName":"search_term_string"}}],"inLanguage":"da-DK"},{"@type":"Organization","@id":"https:\/\/hubsch-interior.com\/da\/#organization","name":"H\u00fcbsch","url":"https:\/\/hubsch-interior.com\/da\/","logo":{"@type":"ImageObject","inLanguage":"da-DK","@id":"https:\/\/hubsch-interior.com\/da\/#\/schema\/logo\/image\/","url":"https:\/\/hubsch-interior.com\/wp-content\/uploads\/2022\/12\/Hubsch_logo_black_one_line.svg","contentUrl":"https:\/\/hubsch-interior.com\/wp-content\/uploads\/2022\/12\/Hubsch_logo_black_one_line.svg","caption":"H\u00fcbsch"},"image":{"@id":"https:\/\/hubsch-interior.com\/da\/#\/schema\/logo\/image\/"}}]}},"_links":{"self":[{"href":"https:\/\/hubsch-interior.com\/da\/wp-json\/wp\/v2\/product\/977666","targetHints":{"allow":["GET"]}}],"collection":[{"href":"https:\/\/hubsch-interior.com\/da\/wp-json\/wp\/v2\/product"}],"about":[{"href":"https:\/\/hubsch-interior.com\/da\/wp-json\/wp\/v2\/types\/product"}],"wp:featuredmedia":[{"embeddable":true,"href":"https:\/\/hubsch-interior.com\/da\/wp-json\/wp\/v2\/media\/1106846"}],"wp:attachment":[{"href":"https:\/\/hubsch-interior.com\/da\/wp-json\/wp\/v2\/media?parent=977666"}],"wp:term":[{"taxonomy":"product_brand","embeddable":true,"href":"https:\/\/hubsch-interior.com\/da\/wp-json\/wp\/v2\/product_brand?post=977666"},{"taxonomy":"product_cat","embeddable":true,"href":"https:\/\/hubsch-interior.com\/da\/wp-json\/wp\/v2\/product_cat?post=977666"},{"taxonomy":"product_tag","embeddable":true,"href":"https:\/\/hubsch-interior.com\/da\/wp-json\/wp\/v2\/product_tag?post=977666"}],"curies":[{"name":"wp","href":"https:\/\/api.w.org\/{rel}","templated":true}]}}