{"id":977686,"date":"2024-01-29T09:32:20","date_gmt":"2024-01-29T08:32:20","guid":{"rendered":"https:\/\/hubsch-interior.com\/product\/product\/"},"modified":"2026-04-09T05:03:27","modified_gmt":"2026-04-09T03:03:27","slug":"satellite-vaeglampe-lysegron","status":"publish","type":"product","link":"https:\/\/hubsch-interior.com\/da\/vare\/satellite-vaeglampe-lysegron\/","title":{"rendered":"Satellite V\u00e6glampe Lysegr\u00f8n"},"content":{"rendered":"<p>Den smukke Satellite V\u00e6glampe er et must-have til enhver indretning. Den sandfarvede akryl- og glasramme, sammen med jernkonstruktionen, giver lampen et industrielt look, der passer perfekt ind i en moderne stil. Med mulighed for at h\u00e6nge den b\u00e5de vandret og lodret, kan du nemt tilpasse den til din v\u00e6g. Med den smarte d\u00e6mpningsfunktion kan du skabe den perfekte belysning til enhver lejlighed. Uanset om det er i stuen, sovev\u00e6relset eller kontoret, vil Satellite V\u00e6glampen tilf\u00f8je et unikt og elegant touch til ethvert rum.<\/p>\n","protected":false},"excerpt":{"rendered":"<p>Den smukke Satellite V\u00e6glampe er et must-have til enhver indretning. Den sandfarvede akryl- og glasramme, sammen med jernkonstruktionen, giver lampen et industrielt look, der passer perfekt ind i en moderne stil. Med mulighed for at h\u00e6nge den b\u00e5de vandret og lodret, kan du nemt tilpasse den til din v\u00e6g. Med den smarte d\u00e6mpningsfunktion kan du [&hellip;]<\/p>\n","protected":false},"featured_media":1106866,"template":"","meta":{"_acf_changed":false,"inline_featured_image":false},"product_brand":[],"product_cat":[3808,5025,6880,6899,3405],"product_tag":[],"class_list":{"0":"post-977686","1":"product","2":"type-product","3":"status-publish","4":"has-post-thumbnail","6":"product_cat-belysning","7":"product_cat-bestsellers-da","8":"product_cat-elevating-nostalgia-da","9":"product_cat-funktionel-belysning-da","10":"product_cat-vaeglamper-da","11":"product_shipping_class-pk","13":"pa_color-lysegrn","14":"pa_material-glas-da","15":"pa_material-jern-da","17":"first","18":"instock","19":"featured","20":"taxable","21":"shipping-taxable","22":"purchasable","23":"product-type-simple"},"exclude_global_add_ons":[],"addons":[],"acf":[],"yoast_head":"<!-- This site is optimized with the Yoast SEO plugin v26.4 - https:\/\/yoast.com\/wordpress\/plugins\/seo\/ -->\n<title>Satellite V\u00e6glampe Lysegr\u00f8n - H\u00fcbsch<\/title>\n<meta name=\"description\" content=\"Den smukke Satellite V\u00e6glampe er et must-have til enhver indretning. Den sandfarvede akryl- og glasramme, sammen med jernkonstruktionen, giver lampen et\" \/>\n<meta name=\"robots\" content=\"index, follow, max-snippet:-1, max-image-preview:large, max-video-preview:-1\" \/>\n<link rel=\"canonical\" href=\"https:\/\/hubsch-interior.com\/da\/wp-json\/wp\/v2\/product\/977686\" \/>\n<meta property=\"og:locale\" content=\"da_DK\" \/>\n<meta property=\"og:type\" content=\"article\" \/>\n<meta property=\"og:title\" content=\"Satellite V\u00e6glampe Lysegr\u00f8n - H\u00fcbsch\" \/>\n<meta property=\"og:description\" content=\"Den smukke Satellite V\u00e6glampe er et must-have til enhver indretning. Den sandfarvede akryl- og glasramme, sammen med jernkonstruktionen, giver lampen et\" \/>\n<meta property=\"og:url\" content=\"https:\/\/hubsch-interior.com\/da\/vare\/satellite-vaeglampe-lysegron\/\" \/>\n<meta property=\"og:site_name\" content=\"H\u00fcbsch\" \/>\n<meta property=\"article:modified_time\" content=\"2026-04-09T03:03:27+00:00\" \/>\n<meta property=\"og:image\" content=\"https:\/\/hubsch-interior.com\/wp-content\/uploads\/2025\/04\/satellite-wall-light-light-green-c76ef5cb3072e3abcc7343fce3516dba.jpg\" \/>\n\t<meta property=\"og:image:width\" content=\"1200\" \/>\n\t<meta property=\"og:image:height\" content=\"1200\" \/>\n\t<meta property=\"og:image:type\" content=\"image\/jpeg\" \/>\n<meta name=\"twitter:card\" content=\"summary_large_image\" \/>\n<script type=\"application\/ld+json\" class=\"yoast-schema-graph\">{\"@context\":\"https:\/\/schema.org\",\"@graph\":[{\"@type\":\"WebPage\",\"@id\":\"https:\/\/hubsch-interior.com\/da\/vare\/satellite-vaeglampe-lysegron\/\",\"url\":\"https:\/\/hubsch-interior.com\/da\/vare\/satellite-vaeglampe-lysegron\/\",\"name\":\"Satellite V\u00e6glampe Lysegr\u00f8n - H\u00fcbsch\",\"isPartOf\":{\"@id\":\"https:\/\/hubsch-interior.com\/da\/#website\"},\"primaryImageOfPage\":{\"@id\":\"https:\/\/hubsch-interior.com\/da\/vare\/satellite-vaeglampe-lysegron\/#primaryimage\"},\"image\":{\"@id\":\"https:\/\/hubsch-interior.com\/da\/vare\/satellite-vaeglampe-lysegron\/#primaryimage\"},\"thumbnailUrl\":\"https:\/\/hubsch-interior.com\/wp-content\/uploads\/2026\/02\/satellite-wall-light-light-green-e67bbaaa99353660778c142dbf9a9552.jpg\",\"datePublished\":\"2024-01-29T08:32:20+00:00\",\"dateModified\":\"2026-04-09T03:03:27+00:00\",\"description\":\"Den smukke Satellite V\u00e6glampe er et must-have til enhver indretning. Den sandfarvede akryl- og glasramme, sammen med jernkonstruktionen, giver lampen et\",\"breadcrumb\":{\"@id\":\"https:\/\/hubsch-interior.com\/da\/vare\/satellite-vaeglampe-lysegron\/#breadcrumb\"},\"inLanguage\":\"da-DK\",\"potentialAction\":[{\"@type\":\"ReadAction\",\"target\":[\"https:\/\/hubsch-interior.com\/da\/vare\/satellite-vaeglampe-lysegron\/\"]}]},{\"@type\":\"ImageObject\",\"inLanguage\":\"da-DK\",\"@id\":\"https:\/\/hubsch-interior.com\/da\/vare\/satellite-vaeglampe-lysegron\/#primaryimage\",\"url\":\"https:\/\/hubsch-interior.com\/wp-content\/uploads\/2026\/02\/satellite-wall-light-light-green-e67bbaaa99353660778c142dbf9a9552.jpg\",\"contentUrl\":\"https:\/\/hubsch-interior.com\/wp-content\/uploads\/2026\/02\/satellite-wall-light-light-green-e67bbaaa99353660778c142dbf9a9552.jpg\",\"width\":1024,\"height\":1024},{\"@type\":\"BreadcrumbList\",\"@id\":\"https:\/\/hubsch-interior.com\/da\/vare\/satellite-vaeglampe-lysegron\/#breadcrumb\",\"itemListElement\":[{\"@type\":\"ListItem\",\"position\":1,\"name\":\"Forside\",\"item\":\"https:\/\/hubsch-interior.com\/da\/\"},{\"@type\":\"ListItem\",\"position\":2,\"name\":\"Produkter\",\"item\":\"https:\/\/hubsch-interior.com\/da\/produkter\/\"},{\"@type\":\"ListItem\",\"position\":3,\"name\":\"Belysning\",\"item\":\"https:\/\/hubsch-interior.com\/da\/vare-kategori\/belysning\/\"},{\"@type\":\"ListItem\",\"position\":4,\"name\":\"V&aelig;glamper\",\"item\":\"https:\/\/hubsch-interior.com\/da\/vare-kategori\/belysning\/vaeglamper-da\/\"},{\"@type\":\"ListItem\",\"position\":5,\"name\":\"Satellite V\u00e6glampe Lysegr\u00f8n\"}]},{\"@type\":\"WebSite\",\"@id\":\"https:\/\/hubsch-interior.com\/da\/#website\",\"url\":\"https:\/\/hubsch-interior.com\/da\/\",\"name\":\"H\u00fcbsch\",\"description\":\"Danish Home Interior and Design\",\"publisher\":{\"@id\":\"https:\/\/hubsch-interior.com\/da\/#organization\"},\"potentialAction\":[{\"@type\":\"SearchAction\",\"target\":{\"@type\":\"EntryPoint\",\"urlTemplate\":\"https:\/\/hubsch-interior.com\/da\/?s={search_term_string}\"},\"query-input\":{\"@type\":\"PropertyValueSpecification\",\"valueRequired\":true,\"valueName\":\"search_term_string\"}}],\"inLanguage\":\"da-DK\"},{\"@type\":\"Organization\",\"@id\":\"https:\/\/hubsch-interior.com\/da\/#organization\",\"name\":\"H\u00fcbsch\",\"url\":\"https:\/\/hubsch-interior.com\/da\/\",\"logo\":{\"@type\":\"ImageObject\",\"inLanguage\":\"da-DK\",\"@id\":\"https:\/\/hubsch-interior.com\/da\/#\/schema\/logo\/image\/\",\"url\":\"https:\/\/hubsch-interior.com\/wp-content\/uploads\/2022\/12\/Hubsch_logo_black_one_line.svg\",\"contentUrl\":\"https:\/\/hubsch-interior.com\/wp-content\/uploads\/2022\/12\/Hubsch_logo_black_one_line.svg\",\"caption\":\"H\u00fcbsch\"},\"image\":{\"@id\":\"https:\/\/hubsch-interior.com\/da\/#\/schema\/logo\/image\/\"}}]}<\/script>\n<!-- \/ Yoast SEO plugin. -->","yoast_head_json":{"title":"Satellite V\u00e6glampe Lysegr\u00f8n - H\u00fcbsch","description":"Den smukke Satellite V\u00e6glampe er et must-have til enhver indretning. Den sandfarvede akryl- og glasramme, sammen med jernkonstruktionen, giver lampen et","robots":{"index":"index","follow":"follow","max-snippet":"max-snippet:-1","max-image-preview":"max-image-preview:large","max-video-preview":"max-video-preview:-1"},"canonical":"https:\/\/hubsch-interior.com\/da\/wp-json\/wp\/v2\/product\/977686","og_locale":"da_DK","og_type":"article","og_title":"Satellite V\u00e6glampe Lysegr\u00f8n - H\u00fcbsch","og_description":"Den smukke Satellite V\u00e6glampe er et must-have til enhver indretning. Den sandfarvede akryl- og glasramme, sammen med jernkonstruktionen, giver lampen et","og_url":"https:\/\/hubsch-interior.com\/da\/vare\/satellite-vaeglampe-lysegron\/","og_site_name":"H\u00fcbsch","article_modified_time":"2026-04-09T03:03:27+00:00","og_image":[{"width":1200,"height":1200,"url":"https:\/\/hubsch-interior.com\/wp-content\/uploads\/2025\/04\/satellite-wall-light-light-green-c76ef5cb3072e3abcc7343fce3516dba.jpg","type":"image\/jpeg"}],"twitter_card":"summary_large_image","schema":{"@context":"https:\/\/schema.org","@graph":[{"@type":"WebPage","@id":"https:\/\/hubsch-interior.com\/da\/vare\/satellite-vaeglampe-lysegron\/","url":"https:\/\/hubsch-interior.com\/da\/vare\/satellite-vaeglampe-lysegron\/","name":"Satellite V\u00e6glampe Lysegr\u00f8n - H\u00fcbsch","isPartOf":{"@id":"https:\/\/hubsch-interior.com\/da\/#website"},"primaryImageOfPage":{"@id":"https:\/\/hubsch-interior.com\/da\/vare\/satellite-vaeglampe-lysegron\/#primaryimage"},"image":{"@id":"https:\/\/hubsch-interior.com\/da\/vare\/satellite-vaeglampe-lysegron\/#primaryimage"},"thumbnailUrl":"https:\/\/hubsch-interior.com\/wp-content\/uploads\/2026\/02\/satellite-wall-light-light-green-e67bbaaa99353660778c142dbf9a9552.jpg","datePublished":"2024-01-29T08:32:20+00:00","dateModified":"2026-04-09T03:03:27+00:00","description":"Den smukke Satellite V\u00e6glampe er et must-have til enhver indretning. Den sandfarvede akryl- og glasramme, sammen med jernkonstruktionen, giver lampen et","breadcrumb":{"@id":"https:\/\/hubsch-interior.com\/da\/vare\/satellite-vaeglampe-lysegron\/#breadcrumb"},"inLanguage":"da-DK","potentialAction":[{"@type":"ReadAction","target":["https:\/\/hubsch-interior.com\/da\/vare\/satellite-vaeglampe-lysegron\/"]}]},{"@type":"ImageObject","inLanguage":"da-DK","@id":"https:\/\/hubsch-interior.com\/da\/vare\/satellite-vaeglampe-lysegron\/#primaryimage","url":"https:\/\/hubsch-interior.com\/wp-content\/uploads\/2026\/02\/satellite-wall-light-light-green-e67bbaaa99353660778c142dbf9a9552.jpg","contentUrl":"https:\/\/hubsch-interior.com\/wp-content\/uploads\/2026\/02\/satellite-wall-light-light-green-e67bbaaa99353660778c142dbf9a9552.jpg","width":1024,"height":1024},{"@type":"BreadcrumbList","@id":"https:\/\/hubsch-interior.com\/da\/vare\/satellite-vaeglampe-lysegron\/#breadcrumb","itemListElement":[{"@type":"ListItem","position":1,"name":"Forside","item":"https:\/\/hubsch-interior.com\/da\/"},{"@type":"ListItem","position":2,"name":"Produkter","item":"https:\/\/hubsch-interior.com\/da\/produkter\/"},{"@type":"ListItem","position":3,"name":"Belysning","item":"https:\/\/hubsch-interior.com\/da\/vare-kategori\/belysning\/"},{"@type":"ListItem","position":4,"name":"V&aelig;glamper","item":"https:\/\/hubsch-interior.com\/da\/vare-kategori\/belysning\/vaeglamper-da\/"},{"@type":"ListItem","position":5,"name":"Satellite V\u00e6glampe Lysegr\u00f8n"}]},{"@type":"WebSite","@id":"https:\/\/hubsch-interior.com\/da\/#website","url":"https:\/\/hubsch-interior.com\/da\/","name":"H\u00fcbsch","description":"Danish Home Interior and Design","publisher":{"@id":"https:\/\/hubsch-interior.com\/da\/#organization"},"potentialAction":[{"@type":"SearchAction","target":{"@type":"EntryPoint","urlTemplate":"https:\/\/hubsch-interior.com\/da\/?s={search_term_string}"},"query-input":{"@type":"PropertyValueSpecification","valueRequired":true,"valueName":"search_term_string"}}],"inLanguage":"da-DK"},{"@type":"Organization","@id":"https:\/\/hubsch-interior.com\/da\/#organization","name":"H\u00fcbsch","url":"https:\/\/hubsch-interior.com\/da\/","logo":{"@type":"ImageObject","inLanguage":"da-DK","@id":"https:\/\/hubsch-interior.com\/da\/#\/schema\/logo\/image\/","url":"https:\/\/hubsch-interior.com\/wp-content\/uploads\/2022\/12\/Hubsch_logo_black_one_line.svg","contentUrl":"https:\/\/hubsch-interior.com\/wp-content\/uploads\/2022\/12\/Hubsch_logo_black_one_line.svg","caption":"H\u00fcbsch"},"image":{"@id":"https:\/\/hubsch-interior.com\/da\/#\/schema\/logo\/image\/"}}]}},"_links":{"self":[{"href":"https:\/\/hubsch-interior.com\/da\/wp-json\/wp\/v2\/product\/977686","targetHints":{"allow":["GET"]}}],"collection":[{"href":"https:\/\/hubsch-interior.com\/da\/wp-json\/wp\/v2\/product"}],"about":[{"href":"https:\/\/hubsch-interior.com\/da\/wp-json\/wp\/v2\/types\/product"}],"wp:featuredmedia":[{"embeddable":true,"href":"https:\/\/hubsch-interior.com\/da\/wp-json\/wp\/v2\/media\/1106866"}],"wp:attachment":[{"href":"https:\/\/hubsch-interior.com\/da\/wp-json\/wp\/v2\/media?parent=977686"}],"wp:term":[{"taxonomy":"product_brand","embeddable":true,"href":"https:\/\/hubsch-interior.com\/da\/wp-json\/wp\/v2\/product_brand?post=977686"},{"taxonomy":"product_cat","embeddable":true,"href":"https:\/\/hubsch-interior.com\/da\/wp-json\/wp\/v2\/product_cat?post=977686"},{"taxonomy":"product_tag","embeddable":true,"href":"https:\/\/hubsch-interior.com\/da\/wp-json\/wp\/v2\/product_tag?post=977686"}],"curies":[{"name":"wp","href":"https:\/\/api.w.org\/{rel}","templated":true}]}}