{"id":977698,"date":"2024-01-29T09:32:32","date_gmt":"2024-01-29T08:32:32","guid":{"rendered":"https:\/\/hubsch-interior.com\/product\/product\/"},"modified":"2026-04-14T05:04:29","modified_gmt":"2026-04-14T03:04:29","slug":"wally-vaeglampe","status":"publish","type":"product","link":"https:\/\/hubsch-interior.com\/da\/vare\/wally-vaeglampe\/","title":{"rendered":"Wally V\u00e6glampe"},"content":{"rendered":"<p>Intet er hyggeligere end at kr\u00f8lle sig sammen i sin yndlingsl\u00e6nestol med en god bog og en varm kop te. Med Wally V\u00e6glampen i sand farve, f\u00e5r du den perfekte lampe til dit l\u00e6sehj\u00f8rne. Den skulpturelle form og det kontrastfulde ledningsfarve giver et forh\u00f8jet og dristigt designelement til dit hjem. Den er lavet af glas og jern og kan justeres med 180 grader, s\u00e5 du altid kan f\u00e5 det bedste l\u00e6selys. V\u00e6lg mellem to forskellige varianter og tilf\u00f8j et strejf af personlighed og humor til dit rum med Wally V\u00e6glampen.<\/p>\n","protected":false},"excerpt":{"rendered":"<p>Intet er hyggeligere end at kr\u00f8lle sig sammen i sin yndlingsl\u00e6nestol med en god bog og en varm kop te. Med Wally V\u00e6glampen i sand farve, f\u00e5r du den perfekte lampe til dit l\u00e6sehj\u00f8rne. Den skulpturelle form og det kontrastfulde ledningsfarve giver et forh\u00f8jet og dristigt designelement til dit hjem. Den er lavet af glas [&hellip;]<\/p>\n","protected":false},"featured_media":1106882,"template":"","meta":{"_acf_changed":false,"inline_featured_image":false},"product_brand":[],"product_cat":[3808,6942,5025,6880,6899,5029,3405],"product_tag":[],"class_list":{"0":"post-977698","1":"product","2":"type-product","3":"status-publish","4":"has-post-thumbnail","6":"product_cat-belysning","7":"product_cat-bestseller-2025-da","8":"product_cat-bestsellers-da","9":"product_cat-elevating-nostalgia-da","10":"product_cat-funktionel-belysning-da","11":"product_cat-tilbage-paa-lager-da","12":"product_cat-vaeglamper-da","13":"product_shipping_class-pk","15":"pa_material-glas-da","16":"pa_material-jern-da","18":"first","19":"instock","20":"featured","21":"taxable","22":"shipping-taxable","23":"purchasable","24":"product-type-simple"},"exclude_global_add_ons":[],"addons":[],"acf":[],"yoast_head":"<!-- This site is optimized with the Yoast SEO plugin v26.4 - https:\/\/yoast.com\/wordpress\/plugins\/seo\/ -->\n<title>Wally V\u00e6glampe - H\u00fcbsch<\/title>\n<meta name=\"description\" content=\"Intet er hyggeligere end at kr\u00f8lle sig sammen i sin yndlingsl\u00e6nestol med en god bog og en varm kop te. Med Wally V\u00e6glampen i sand farve, f\u00e5r du den\" \/>\n<meta name=\"robots\" content=\"index, follow, max-snippet:-1, max-image-preview:large, max-video-preview:-1\" \/>\n<link rel=\"canonical\" href=\"https:\/\/hubsch-interior.com\/da\/wp-json\/wp\/v2\/product\/977698\" \/>\n<meta property=\"og:locale\" content=\"da_DK\" \/>\n<meta property=\"og:type\" content=\"article\" \/>\n<meta property=\"og:title\" content=\"Wally V\u00e6glampe - H\u00fcbsch\" \/>\n<meta property=\"og:description\" content=\"Intet er hyggeligere end at kr\u00f8lle sig sammen i sin yndlingsl\u00e6nestol med en god bog og en varm kop te. Med Wally V\u00e6glampen i sand farve, f\u00e5r du den\" \/>\n<meta property=\"og:url\" content=\"https:\/\/hubsch-interior.com\/da\/vare\/wally-vaeglampe\/\" \/>\n<meta property=\"og:site_name\" content=\"H\u00fcbsch\" \/>\n<meta property=\"article:modified_time\" content=\"2026-04-14T03:04:29+00:00\" \/>\n<meta property=\"og:image\" content=\"https:\/\/hubsch-interior.com\/wp-content\/uploads\/2026\/02\/wally-wall-light-sand-7aa9acf1f86f356424df5e38d83accd0.jpg\" \/>\n\t<meta property=\"og:image:width\" content=\"1024\" \/>\n\t<meta property=\"og:image:height\" content=\"1024\" \/>\n\t<meta property=\"og:image:type\" content=\"image\/jpeg\" \/>\n<meta name=\"twitter:card\" content=\"summary_large_image\" \/>\n<meta name=\"twitter:label1\" content=\"Estimeret l\u00e6setid\" \/>\n\t<meta name=\"twitter:data1\" content=\"1 minut\" \/>\n<script type=\"application\/ld+json\" class=\"yoast-schema-graph\">{\"@context\":\"https:\/\/schema.org\",\"@graph\":[{\"@type\":\"WebPage\",\"@id\":\"https:\/\/hubsch-interior.com\/da\/vare\/wally-vaeglampe\/\",\"url\":\"https:\/\/hubsch-interior.com\/da\/vare\/wally-vaeglampe\/\",\"name\":\"Wally V\u00e6glampe - H\u00fcbsch\",\"isPartOf\":{\"@id\":\"https:\/\/hubsch-interior.com\/da\/#website\"},\"primaryImageOfPage\":{\"@id\":\"https:\/\/hubsch-interior.com\/da\/vare\/wally-vaeglampe\/#primaryimage\"},\"image\":{\"@id\":\"https:\/\/hubsch-interior.com\/da\/vare\/wally-vaeglampe\/#primaryimage\"},\"thumbnailUrl\":\"https:\/\/hubsch-interior.com\/wp-content\/uploads\/2026\/02\/wally-wall-light-sand-7aa9acf1f86f356424df5e38d83accd0.jpg\",\"datePublished\":\"2024-01-29T08:32:32+00:00\",\"dateModified\":\"2026-04-14T03:04:29+00:00\",\"description\":\"Intet er hyggeligere end at kr\u00f8lle sig sammen i sin yndlingsl\u00e6nestol med en god bog og en varm kop te. Med Wally V\u00e6glampen i sand farve, f\u00e5r du den\",\"breadcrumb\":{\"@id\":\"https:\/\/hubsch-interior.com\/da\/vare\/wally-vaeglampe\/#breadcrumb\"},\"inLanguage\":\"da-DK\",\"potentialAction\":[{\"@type\":\"ReadAction\",\"target\":[\"https:\/\/hubsch-interior.com\/da\/vare\/wally-vaeglampe\/\"]}]},{\"@type\":\"ImageObject\",\"inLanguage\":\"da-DK\",\"@id\":\"https:\/\/hubsch-interior.com\/da\/vare\/wally-vaeglampe\/#primaryimage\",\"url\":\"https:\/\/hubsch-interior.com\/wp-content\/uploads\/2026\/02\/wally-wall-light-sand-7aa9acf1f86f356424df5e38d83accd0.jpg\",\"contentUrl\":\"https:\/\/hubsch-interior.com\/wp-content\/uploads\/2026\/02\/wally-wall-light-sand-7aa9acf1f86f356424df5e38d83accd0.jpg\",\"width\":1024,\"height\":1024},{\"@type\":\"BreadcrumbList\",\"@id\":\"https:\/\/hubsch-interior.com\/da\/vare\/wally-vaeglampe\/#breadcrumb\",\"itemListElement\":[{\"@type\":\"ListItem\",\"position\":1,\"name\":\"Forside\",\"item\":\"https:\/\/hubsch-interior.com\/da\/\"},{\"@type\":\"ListItem\",\"position\":2,\"name\":\"Produkter\",\"item\":\"https:\/\/hubsch-interior.com\/da\/produkter\/\"},{\"@type\":\"ListItem\",\"position\":3,\"name\":\"Belysning\",\"item\":\"https:\/\/hubsch-interior.com\/da\/vare-kategori\/belysning\/\"},{\"@type\":\"ListItem\",\"position\":4,\"name\":\"V&aelig;glamper\",\"item\":\"https:\/\/hubsch-interior.com\/da\/vare-kategori\/belysning\/vaeglamper-da\/\"},{\"@type\":\"ListItem\",\"position\":5,\"name\":\"Wally V\u00e6glampe\"}]},{\"@type\":\"WebSite\",\"@id\":\"https:\/\/hubsch-interior.com\/da\/#website\",\"url\":\"https:\/\/hubsch-interior.com\/da\/\",\"name\":\"H\u00fcbsch\",\"description\":\"Danish Home Interior and Design\",\"publisher\":{\"@id\":\"https:\/\/hubsch-interior.com\/da\/#organization\"},\"potentialAction\":[{\"@type\":\"SearchAction\",\"target\":{\"@type\":\"EntryPoint\",\"urlTemplate\":\"https:\/\/hubsch-interior.com\/da\/?s={search_term_string}\"},\"query-input\":{\"@type\":\"PropertyValueSpecification\",\"valueRequired\":true,\"valueName\":\"search_term_string\"}}],\"inLanguage\":\"da-DK\"},{\"@type\":\"Organization\",\"@id\":\"https:\/\/hubsch-interior.com\/da\/#organization\",\"name\":\"H\u00fcbsch\",\"url\":\"https:\/\/hubsch-interior.com\/da\/\",\"logo\":{\"@type\":\"ImageObject\",\"inLanguage\":\"da-DK\",\"@id\":\"https:\/\/hubsch-interior.com\/da\/#\/schema\/logo\/image\/\",\"url\":\"https:\/\/hubsch-interior.com\/wp-content\/uploads\/2022\/12\/Hubsch_logo_black_one_line.svg\",\"contentUrl\":\"https:\/\/hubsch-interior.com\/wp-content\/uploads\/2022\/12\/Hubsch_logo_black_one_line.svg\",\"caption\":\"H\u00fcbsch\"},\"image\":{\"@id\":\"https:\/\/hubsch-interior.com\/da\/#\/schema\/logo\/image\/\"}}]}<\/script>\n<!-- \/ Yoast SEO plugin. -->","yoast_head_json":{"title":"Wally V\u00e6glampe - H\u00fcbsch","description":"Intet er hyggeligere end at kr\u00f8lle sig sammen i sin yndlingsl\u00e6nestol med en god bog og en varm kop te. Med Wally V\u00e6glampen i sand farve, f\u00e5r du den","robots":{"index":"index","follow":"follow","max-snippet":"max-snippet:-1","max-image-preview":"max-image-preview:large","max-video-preview":"max-video-preview:-1"},"canonical":"https:\/\/hubsch-interior.com\/da\/wp-json\/wp\/v2\/product\/977698","og_locale":"da_DK","og_type":"article","og_title":"Wally V\u00e6glampe - H\u00fcbsch","og_description":"Intet er hyggeligere end at kr\u00f8lle sig sammen i sin yndlingsl\u00e6nestol med en god bog og en varm kop te. Med Wally V\u00e6glampen i sand farve, f\u00e5r du den","og_url":"https:\/\/hubsch-interior.com\/da\/vare\/wally-vaeglampe\/","og_site_name":"H\u00fcbsch","article_modified_time":"2026-04-14T03:04:29+00:00","og_image":[{"width":1024,"height":1024,"url":"https:\/\/hubsch-interior.com\/wp-content\/uploads\/2026\/02\/wally-wall-light-sand-7aa9acf1f86f356424df5e38d83accd0.jpg","type":"image\/jpeg"}],"twitter_card":"summary_large_image","twitter_misc":{"Estimeret l\u00e6setid":"1 minut"},"schema":{"@context":"https:\/\/schema.org","@graph":[{"@type":"WebPage","@id":"https:\/\/hubsch-interior.com\/da\/vare\/wally-vaeglampe\/","url":"https:\/\/hubsch-interior.com\/da\/vare\/wally-vaeglampe\/","name":"Wally V\u00e6glampe - H\u00fcbsch","isPartOf":{"@id":"https:\/\/hubsch-interior.com\/da\/#website"},"primaryImageOfPage":{"@id":"https:\/\/hubsch-interior.com\/da\/vare\/wally-vaeglampe\/#primaryimage"},"image":{"@id":"https:\/\/hubsch-interior.com\/da\/vare\/wally-vaeglampe\/#primaryimage"},"thumbnailUrl":"https:\/\/hubsch-interior.com\/wp-content\/uploads\/2026\/02\/wally-wall-light-sand-7aa9acf1f86f356424df5e38d83accd0.jpg","datePublished":"2024-01-29T08:32:32+00:00","dateModified":"2026-04-14T03:04:29+00:00","description":"Intet er hyggeligere end at kr\u00f8lle sig sammen i sin yndlingsl\u00e6nestol med en god bog og en varm kop te. Med Wally V\u00e6glampen i sand farve, f\u00e5r du den","breadcrumb":{"@id":"https:\/\/hubsch-interior.com\/da\/vare\/wally-vaeglampe\/#breadcrumb"},"inLanguage":"da-DK","potentialAction":[{"@type":"ReadAction","target":["https:\/\/hubsch-interior.com\/da\/vare\/wally-vaeglampe\/"]}]},{"@type":"ImageObject","inLanguage":"da-DK","@id":"https:\/\/hubsch-interior.com\/da\/vare\/wally-vaeglampe\/#primaryimage","url":"https:\/\/hubsch-interior.com\/wp-content\/uploads\/2026\/02\/wally-wall-light-sand-7aa9acf1f86f356424df5e38d83accd0.jpg","contentUrl":"https:\/\/hubsch-interior.com\/wp-content\/uploads\/2026\/02\/wally-wall-light-sand-7aa9acf1f86f356424df5e38d83accd0.jpg","width":1024,"height":1024},{"@type":"BreadcrumbList","@id":"https:\/\/hubsch-interior.com\/da\/vare\/wally-vaeglampe\/#breadcrumb","itemListElement":[{"@type":"ListItem","position":1,"name":"Forside","item":"https:\/\/hubsch-interior.com\/da\/"},{"@type":"ListItem","position":2,"name":"Produkter","item":"https:\/\/hubsch-interior.com\/da\/produkter\/"},{"@type":"ListItem","position":3,"name":"Belysning","item":"https:\/\/hubsch-interior.com\/da\/vare-kategori\/belysning\/"},{"@type":"ListItem","position":4,"name":"V&aelig;glamper","item":"https:\/\/hubsch-interior.com\/da\/vare-kategori\/belysning\/vaeglamper-da\/"},{"@type":"ListItem","position":5,"name":"Wally V\u00e6glampe"}]},{"@type":"WebSite","@id":"https:\/\/hubsch-interior.com\/da\/#website","url":"https:\/\/hubsch-interior.com\/da\/","name":"H\u00fcbsch","description":"Danish Home Interior and Design","publisher":{"@id":"https:\/\/hubsch-interior.com\/da\/#organization"},"potentialAction":[{"@type":"SearchAction","target":{"@type":"EntryPoint","urlTemplate":"https:\/\/hubsch-interior.com\/da\/?s={search_term_string}"},"query-input":{"@type":"PropertyValueSpecification","valueRequired":true,"valueName":"search_term_string"}}],"inLanguage":"da-DK"},{"@type":"Organization","@id":"https:\/\/hubsch-interior.com\/da\/#organization","name":"H\u00fcbsch","url":"https:\/\/hubsch-interior.com\/da\/","logo":{"@type":"ImageObject","inLanguage":"da-DK","@id":"https:\/\/hubsch-interior.com\/da\/#\/schema\/logo\/image\/","url":"https:\/\/hubsch-interior.com\/wp-content\/uploads\/2022\/12\/Hubsch_logo_black_one_line.svg","contentUrl":"https:\/\/hubsch-interior.com\/wp-content\/uploads\/2022\/12\/Hubsch_logo_black_one_line.svg","caption":"H\u00fcbsch"},"image":{"@id":"https:\/\/hubsch-interior.com\/da\/#\/schema\/logo\/image\/"}}]}},"_links":{"self":[{"href":"https:\/\/hubsch-interior.com\/da\/wp-json\/wp\/v2\/product\/977698","targetHints":{"allow":["GET"]}}],"collection":[{"href":"https:\/\/hubsch-interior.com\/da\/wp-json\/wp\/v2\/product"}],"about":[{"href":"https:\/\/hubsch-interior.com\/da\/wp-json\/wp\/v2\/types\/product"}],"wp:featuredmedia":[{"embeddable":true,"href":"https:\/\/hubsch-interior.com\/da\/wp-json\/wp\/v2\/media\/1106882"}],"wp:attachment":[{"href":"https:\/\/hubsch-interior.com\/da\/wp-json\/wp\/v2\/media?parent=977698"}],"wp:term":[{"taxonomy":"product_brand","embeddable":true,"href":"https:\/\/hubsch-interior.com\/da\/wp-json\/wp\/v2\/product_brand?post=977698"},{"taxonomy":"product_cat","embeddable":true,"href":"https:\/\/hubsch-interior.com\/da\/wp-json\/wp\/v2\/product_cat?post=977698"},{"taxonomy":"product_tag","embeddable":true,"href":"https:\/\/hubsch-interior.com\/da\/wp-json\/wp\/v2\/product_tag?post=977698"}],"curies":[{"name":"wp","href":"https:\/\/api.w.org\/{rel}","templated":true}]}}