{"id":977710,"date":"2024-01-29T09:32:44","date_gmt":"2024-01-29T08:32:44","guid":{"rendered":"https:\/\/hubsch-interior.com\/product\/product\/"},"modified":"2026-04-09T05:03:37","modified_gmt":"2026-04-09T03:03:37","slug":"wally-vaeglampe-gron","status":"publish","type":"product","link":"https:\/\/hubsch-interior.com\/da\/vare\/wally-vaeglampe-gron\/","title":{"rendered":"Wally V\u00e6glampe Gr\u00f8n"},"content":{"rendered":"<p>Opgrader din stue med den smukke Wally V\u00e6glampe i en sk\u00f8n gr\u00f8n farve. Denne skulpturelle lampe er lavet af glas og jern, og dens metalliske overflade skaber et fortryllende sk\u00e6r. Perfekt til dit l\u00e6sehj\u00f8rne, da den kan drejes 180 grader og tilpasses efter dit behov. Wally V\u00e6glampen findes i 2 varianter, og vil uden tvivl v\u00e6re et designelement, der l\u00f8fter din indretning.<\/p>\n","protected":false},"excerpt":{"rendered":"<p>Opgrader din stue med den smukke Wally V\u00e6glampe i en sk\u00f8n gr\u00f8n farve. Denne skulpturelle lampe er lavet af glas og jern, og dens metalliske overflade skaber et fortryllende sk\u00e6r. Perfekt til dit l\u00e6sehj\u00f8rne, da den kan drejes 180 grader og tilpasses efter dit behov. Wally V\u00e6glampen findes i 2 varianter, og vil uden tvivl [&hellip;]<\/p>\n","protected":false},"featured_media":1106894,"template":"","meta":{"_acf_changed":false,"inline_featured_image":false},"product_brand":[],"product_cat":[6942,6880,6899,3808,3405,5025],"product_tag":[],"class_list":{"0":"post-977710","1":"product","2":"type-product","3":"status-publish","4":"has-post-thumbnail","6":"product_cat-bestseller-2025-da","7":"product_cat-elevating-nostalgia-da","8":"product_cat-funktionel-belysning-da","9":"product_cat-belysning","10":"product_cat-vaeglamper-da","11":"product_cat-bestsellers-da","12":"product_shipping_class-pk","14":"pa_color-grn","15":"pa_material-glas-da","16":"pa_material-jern-da","18":"first","19":"instock","20":"featured","21":"taxable","22":"shipping-taxable","23":"purchasable","24":"product-type-simple"},"exclude_global_add_ons":[],"addons":[],"acf":[],"yoast_head":"<!-- This site is optimized with the Yoast SEO plugin v26.4 - https:\/\/yoast.com\/wordpress\/plugins\/seo\/ -->\n<title>Wally V\u00e6glampe Gr\u00f8n - H\u00fcbsch<\/title>\n<meta name=\"description\" content=\"Opgrader din stue med den smukke Wally V\u00e6glampe i en sk\u00f8n gr\u00f8n farve. Denne skulpturelle lampe er lavet af glas og jern, og dens metalliske overflade\" \/>\n<meta name=\"robots\" content=\"index, follow, max-snippet:-1, max-image-preview:large, max-video-preview:-1\" \/>\n<link rel=\"canonical\" href=\"https:\/\/hubsch-interior.com\/da\/wp-json\/wp\/v2\/product\/977710\" \/>\n<meta property=\"og:locale\" content=\"da_DK\" \/>\n<meta property=\"og:type\" content=\"article\" \/>\n<meta property=\"og:title\" content=\"Wally V\u00e6glampe Gr\u00f8n - H\u00fcbsch\" \/>\n<meta property=\"og:description\" content=\"Opgrader din stue med den smukke Wally V\u00e6glampe i en sk\u00f8n gr\u00f8n farve. Denne skulpturelle lampe er lavet af glas og jern, og dens metalliske overflade\" \/>\n<meta property=\"og:url\" content=\"https:\/\/hubsch-interior.com\/da\/vare\/wally-vaeglampe-gron\/\" \/>\n<meta property=\"og:site_name\" content=\"H\u00fcbsch\" \/>\n<meta property=\"article:modified_time\" content=\"2026-04-09T03:03:37+00:00\" \/>\n<meta property=\"og:image\" content=\"https:\/\/hubsch-interior.com\/wp-content\/uploads\/2025\/04\/wally-wall-light-green-4996b5e52d68ccf1c5f03fc390764226.jpg\" \/>\n\t<meta property=\"og:image:width\" content=\"1200\" \/>\n\t<meta property=\"og:image:height\" content=\"1200\" \/>\n\t<meta property=\"og:image:type\" content=\"image\/jpeg\" \/>\n<meta name=\"twitter:card\" content=\"summary_large_image\" \/>\n<script type=\"application\/ld+json\" class=\"yoast-schema-graph\">{\"@context\":\"https:\/\/schema.org\",\"@graph\":[{\"@type\":\"WebPage\",\"@id\":\"https:\/\/hubsch-interior.com\/da\/vare\/wally-vaeglampe-gron\/\",\"url\":\"https:\/\/hubsch-interior.com\/da\/vare\/wally-vaeglampe-gron\/\",\"name\":\"Wally V\u00e6glampe Gr\u00f8n - H\u00fcbsch\",\"isPartOf\":{\"@id\":\"https:\/\/hubsch-interior.com\/da\/#website\"},\"primaryImageOfPage\":{\"@id\":\"https:\/\/hubsch-interior.com\/da\/vare\/wally-vaeglampe-gron\/#primaryimage\"},\"image\":{\"@id\":\"https:\/\/hubsch-interior.com\/da\/vare\/wally-vaeglampe-gron\/#primaryimage\"},\"thumbnailUrl\":\"https:\/\/hubsch-interior.com\/wp-content\/uploads\/2026\/02\/wally-wall-light-green-58328fcc16f791bf52c7d8a06781eea3.jpg\",\"datePublished\":\"2024-01-29T08:32:44+00:00\",\"dateModified\":\"2026-04-09T03:03:37+00:00\",\"description\":\"Opgrader din stue med den smukke Wally V\u00e6glampe i en sk\u00f8n gr\u00f8n farve. Denne skulpturelle lampe er lavet af glas og jern, og dens metalliske overflade\",\"breadcrumb\":{\"@id\":\"https:\/\/hubsch-interior.com\/da\/vare\/wally-vaeglampe-gron\/#breadcrumb\"},\"inLanguage\":\"da-DK\",\"potentialAction\":[{\"@type\":\"ReadAction\",\"target\":[\"https:\/\/hubsch-interior.com\/da\/vare\/wally-vaeglampe-gron\/\"]}]},{\"@type\":\"ImageObject\",\"inLanguage\":\"da-DK\",\"@id\":\"https:\/\/hubsch-interior.com\/da\/vare\/wally-vaeglampe-gron\/#primaryimage\",\"url\":\"https:\/\/hubsch-interior.com\/wp-content\/uploads\/2026\/02\/wally-wall-light-green-58328fcc16f791bf52c7d8a06781eea3.jpg\",\"contentUrl\":\"https:\/\/hubsch-interior.com\/wp-content\/uploads\/2026\/02\/wally-wall-light-green-58328fcc16f791bf52c7d8a06781eea3.jpg\",\"width\":1024,\"height\":1024},{\"@type\":\"BreadcrumbList\",\"@id\":\"https:\/\/hubsch-interior.com\/da\/vare\/wally-vaeglampe-gron\/#breadcrumb\",\"itemListElement\":[{\"@type\":\"ListItem\",\"position\":1,\"name\":\"Forside\",\"item\":\"https:\/\/hubsch-interior.com\/da\/\"},{\"@type\":\"ListItem\",\"position\":2,\"name\":\"Produkter\",\"item\":\"https:\/\/hubsch-interior.com\/da\/produkter\/\"},{\"@type\":\"ListItem\",\"position\":3,\"name\":\"Belysning\",\"item\":\"https:\/\/hubsch-interior.com\/da\/vare-kategori\/belysning\/\"},{\"@type\":\"ListItem\",\"position\":4,\"name\":\"V&aelig;glamper\",\"item\":\"https:\/\/hubsch-interior.com\/da\/vare-kategori\/belysning\/vaeglamper-da\/\"},{\"@type\":\"ListItem\",\"position\":5,\"name\":\"Wally V\u00e6glampe Gr\u00f8n\"}]},{\"@type\":\"WebSite\",\"@id\":\"https:\/\/hubsch-interior.com\/da\/#website\",\"url\":\"https:\/\/hubsch-interior.com\/da\/\",\"name\":\"H\u00fcbsch\",\"description\":\"Danish Home Interior and Design\",\"publisher\":{\"@id\":\"https:\/\/hubsch-interior.com\/da\/#organization\"},\"potentialAction\":[{\"@type\":\"SearchAction\",\"target\":{\"@type\":\"EntryPoint\",\"urlTemplate\":\"https:\/\/hubsch-interior.com\/da\/?s={search_term_string}\"},\"query-input\":{\"@type\":\"PropertyValueSpecification\",\"valueRequired\":true,\"valueName\":\"search_term_string\"}}],\"inLanguage\":\"da-DK\"},{\"@type\":\"Organization\",\"@id\":\"https:\/\/hubsch-interior.com\/da\/#organization\",\"name\":\"H\u00fcbsch\",\"url\":\"https:\/\/hubsch-interior.com\/da\/\",\"logo\":{\"@type\":\"ImageObject\",\"inLanguage\":\"da-DK\",\"@id\":\"https:\/\/hubsch-interior.com\/da\/#\/schema\/logo\/image\/\",\"url\":\"https:\/\/hubsch-interior.com\/wp-content\/uploads\/2022\/12\/Hubsch_logo_black_one_line.svg\",\"contentUrl\":\"https:\/\/hubsch-interior.com\/wp-content\/uploads\/2022\/12\/Hubsch_logo_black_one_line.svg\",\"caption\":\"H\u00fcbsch\"},\"image\":{\"@id\":\"https:\/\/hubsch-interior.com\/da\/#\/schema\/logo\/image\/\"}}]}<\/script>\n<!-- \/ Yoast SEO plugin. -->","yoast_head_json":{"title":"Wally V\u00e6glampe Gr\u00f8n - H\u00fcbsch","description":"Opgrader din stue med den smukke Wally V\u00e6glampe i en sk\u00f8n gr\u00f8n farve. Denne skulpturelle lampe er lavet af glas og jern, og dens metalliske overflade","robots":{"index":"index","follow":"follow","max-snippet":"max-snippet:-1","max-image-preview":"max-image-preview:large","max-video-preview":"max-video-preview:-1"},"canonical":"https:\/\/hubsch-interior.com\/da\/wp-json\/wp\/v2\/product\/977710","og_locale":"da_DK","og_type":"article","og_title":"Wally V\u00e6glampe Gr\u00f8n - H\u00fcbsch","og_description":"Opgrader din stue med den smukke Wally V\u00e6glampe i en sk\u00f8n gr\u00f8n farve. Denne skulpturelle lampe er lavet af glas og jern, og dens metalliske overflade","og_url":"https:\/\/hubsch-interior.com\/da\/vare\/wally-vaeglampe-gron\/","og_site_name":"H\u00fcbsch","article_modified_time":"2026-04-09T03:03:37+00:00","og_image":[{"width":1200,"height":1200,"url":"https:\/\/hubsch-interior.com\/wp-content\/uploads\/2025\/04\/wally-wall-light-green-4996b5e52d68ccf1c5f03fc390764226.jpg","type":"image\/jpeg"}],"twitter_card":"summary_large_image","schema":{"@context":"https:\/\/schema.org","@graph":[{"@type":"WebPage","@id":"https:\/\/hubsch-interior.com\/da\/vare\/wally-vaeglampe-gron\/","url":"https:\/\/hubsch-interior.com\/da\/vare\/wally-vaeglampe-gron\/","name":"Wally V\u00e6glampe Gr\u00f8n - H\u00fcbsch","isPartOf":{"@id":"https:\/\/hubsch-interior.com\/da\/#website"},"primaryImageOfPage":{"@id":"https:\/\/hubsch-interior.com\/da\/vare\/wally-vaeglampe-gron\/#primaryimage"},"image":{"@id":"https:\/\/hubsch-interior.com\/da\/vare\/wally-vaeglampe-gron\/#primaryimage"},"thumbnailUrl":"https:\/\/hubsch-interior.com\/wp-content\/uploads\/2026\/02\/wally-wall-light-green-58328fcc16f791bf52c7d8a06781eea3.jpg","datePublished":"2024-01-29T08:32:44+00:00","dateModified":"2026-04-09T03:03:37+00:00","description":"Opgrader din stue med den smukke Wally V\u00e6glampe i en sk\u00f8n gr\u00f8n farve. Denne skulpturelle lampe er lavet af glas og jern, og dens metalliske overflade","breadcrumb":{"@id":"https:\/\/hubsch-interior.com\/da\/vare\/wally-vaeglampe-gron\/#breadcrumb"},"inLanguage":"da-DK","potentialAction":[{"@type":"ReadAction","target":["https:\/\/hubsch-interior.com\/da\/vare\/wally-vaeglampe-gron\/"]}]},{"@type":"ImageObject","inLanguage":"da-DK","@id":"https:\/\/hubsch-interior.com\/da\/vare\/wally-vaeglampe-gron\/#primaryimage","url":"https:\/\/hubsch-interior.com\/wp-content\/uploads\/2026\/02\/wally-wall-light-green-58328fcc16f791bf52c7d8a06781eea3.jpg","contentUrl":"https:\/\/hubsch-interior.com\/wp-content\/uploads\/2026\/02\/wally-wall-light-green-58328fcc16f791bf52c7d8a06781eea3.jpg","width":1024,"height":1024},{"@type":"BreadcrumbList","@id":"https:\/\/hubsch-interior.com\/da\/vare\/wally-vaeglampe-gron\/#breadcrumb","itemListElement":[{"@type":"ListItem","position":1,"name":"Forside","item":"https:\/\/hubsch-interior.com\/da\/"},{"@type":"ListItem","position":2,"name":"Produkter","item":"https:\/\/hubsch-interior.com\/da\/produkter\/"},{"@type":"ListItem","position":3,"name":"Belysning","item":"https:\/\/hubsch-interior.com\/da\/vare-kategori\/belysning\/"},{"@type":"ListItem","position":4,"name":"V&aelig;glamper","item":"https:\/\/hubsch-interior.com\/da\/vare-kategori\/belysning\/vaeglamper-da\/"},{"@type":"ListItem","position":5,"name":"Wally V\u00e6glampe Gr\u00f8n"}]},{"@type":"WebSite","@id":"https:\/\/hubsch-interior.com\/da\/#website","url":"https:\/\/hubsch-interior.com\/da\/","name":"H\u00fcbsch","description":"Danish Home Interior and Design","publisher":{"@id":"https:\/\/hubsch-interior.com\/da\/#organization"},"potentialAction":[{"@type":"SearchAction","target":{"@type":"EntryPoint","urlTemplate":"https:\/\/hubsch-interior.com\/da\/?s={search_term_string}"},"query-input":{"@type":"PropertyValueSpecification","valueRequired":true,"valueName":"search_term_string"}}],"inLanguage":"da-DK"},{"@type":"Organization","@id":"https:\/\/hubsch-interior.com\/da\/#organization","name":"H\u00fcbsch","url":"https:\/\/hubsch-interior.com\/da\/","logo":{"@type":"ImageObject","inLanguage":"da-DK","@id":"https:\/\/hubsch-interior.com\/da\/#\/schema\/logo\/image\/","url":"https:\/\/hubsch-interior.com\/wp-content\/uploads\/2022\/12\/Hubsch_logo_black_one_line.svg","contentUrl":"https:\/\/hubsch-interior.com\/wp-content\/uploads\/2022\/12\/Hubsch_logo_black_one_line.svg","caption":"H\u00fcbsch"},"image":{"@id":"https:\/\/hubsch-interior.com\/da\/#\/schema\/logo\/image\/"}}]}},"_links":{"self":[{"href":"https:\/\/hubsch-interior.com\/da\/wp-json\/wp\/v2\/product\/977710","targetHints":{"allow":["GET"]}}],"collection":[{"href":"https:\/\/hubsch-interior.com\/da\/wp-json\/wp\/v2\/product"}],"about":[{"href":"https:\/\/hubsch-interior.com\/da\/wp-json\/wp\/v2\/types\/product"}],"wp:featuredmedia":[{"embeddable":true,"href":"https:\/\/hubsch-interior.com\/da\/wp-json\/wp\/v2\/media\/1106894"}],"wp:attachment":[{"href":"https:\/\/hubsch-interior.com\/da\/wp-json\/wp\/v2\/media?parent=977710"}],"wp:term":[{"taxonomy":"product_brand","embeddable":true,"href":"https:\/\/hubsch-interior.com\/da\/wp-json\/wp\/v2\/product_brand?post=977710"},{"taxonomy":"product_cat","embeddable":true,"href":"https:\/\/hubsch-interior.com\/da\/wp-json\/wp\/v2\/product_cat?post=977710"},{"taxonomy":"product_tag","embeddable":true,"href":"https:\/\/hubsch-interior.com\/da\/wp-json\/wp\/v2\/product_tag?post=977710"}],"curies":[{"name":"wp","href":"https:\/\/api.w.org\/{rel}","templated":true}]}}