{"id":977762,"date":"2024-01-29T09:33:12","date_gmt":"2024-01-29T08:33:12","guid":{"rendered":"https:\/\/hubsch-interior.com\/product\/product\/"},"modified":"2026-04-09T05:03:46","modified_gmt":"2026-04-09T03:03:46","slug":"crea-vaeglampe-sand","status":"publish","type":"product","link":"https:\/\/hubsch-interior.com\/da\/vare\/crea-vaeglampe-sand\/","title":{"rendered":"Crea V\u00e6glampe Sand"},"content":{"rendered":"<p>Opgrader dit rum med den smarte og funktionelle Crea V\u00e6glampe i sandfarvet jern og akryl. Den kommer i to forskellige varianter, som begge har  en moderne, geometrisk form. Den er en del af Crea Serien og har en justerbar sk\u00e6rm, s\u00e5 du kan rette lyset pr\u00e6cis, hvor du \u00f8nsker det. Den orange ledning tilf\u00f8jer et pop af farve til dit interi\u00f8r. Med den smarte t\u00e6nd\/sluk-knap kan du nemt \u00f8ge eller mindske lyset efter behov. Denne lampe er perfekt som natbordslampe og dens kompakte st\u00f8rrelse g\u00f8r den ideel til mindre rum.<\/p>\n","protected":false},"excerpt":{"rendered":"<p>Opgrader dit rum med den smarte og funktionelle Crea V\u00e6glampe i sandfarvet jern og akryl. Den kommer i to forskellige varianter, som begge har en moderne, geometrisk form. Den er en del af Crea Serien og har en justerbar sk\u00e6rm, s\u00e5 du kan rette lyset pr\u00e6cis, hvor du \u00f8nsker det. Den orange ledning tilf\u00f8jer et [&hellip;]<\/p>\n","protected":false},"featured_media":1114531,"template":"","meta":{"_acf_changed":false,"inline_featured_image":false},"product_brand":[],"product_cat":[3808,6880,6899,3405],"product_tag":[],"class_list":{"0":"post-977762","1":"product","2":"type-product","3":"status-publish","4":"has-post-thumbnail","6":"product_cat-belysning","7":"product_cat-elevating-nostalgia-da","8":"product_cat-funktionel-belysning-da","9":"product_cat-vaeglamper-da","10":"product_shipping_class-pk","12":"pa_color-sand-da","13":"pa_material-jern-da","14":"pa_material-polycarbonat","16":"first","17":"instock","18":"taxable","19":"shipping-taxable","20":"purchasable","21":"product-type-simple"},"exclude_global_add_ons":[],"addons":[],"acf":[],"yoast_head":"<!-- This site is optimized with the Yoast SEO plugin v26.4 - https:\/\/yoast.com\/wordpress\/plugins\/seo\/ -->\n<title>Crea V\u00e6glampe Sand - H\u00fcbsch<\/title>\n<meta name=\"description\" content=\"Opgrader dit rum med den smarte og funktionelle Crea V\u00e6glampe i sandfarvet jern og akryl. Den kommer i to forskellige varianter, som begge har en moderne,\" \/>\n<meta name=\"robots\" content=\"index, follow, max-snippet:-1, max-image-preview:large, max-video-preview:-1\" \/>\n<link rel=\"canonical\" href=\"https:\/\/hubsch-interior.com\/da\/wp-json\/wp\/v2\/product\/977762\" \/>\n<meta property=\"og:locale\" content=\"da_DK\" \/>\n<meta property=\"og:type\" content=\"article\" \/>\n<meta property=\"og:title\" content=\"Crea V\u00e6glampe Sand - H\u00fcbsch\" \/>\n<meta property=\"og:description\" content=\"Opgrader dit rum med den smarte og funktionelle Crea V\u00e6glampe i sandfarvet jern og akryl. Den kommer i to forskellige varianter, som begge har en moderne,\" \/>\n<meta property=\"og:url\" content=\"https:\/\/hubsch-interior.com\/da\/vare\/crea-vaeglampe-sand\/\" \/>\n<meta property=\"og:site_name\" content=\"H\u00fcbsch\" \/>\n<meta property=\"article:modified_time\" content=\"2026-04-09T03:03:46+00:00\" \/>\n<meta property=\"og:image\" content=\"https:\/\/hubsch-interior.com\/wp-content\/uploads\/2024\/06\/crea-wall-light-sand-8b01a7c4db04b75bd44c05586b847b76.jpg\" \/>\n\t<meta property=\"og:image:width\" content=\"1200\" \/>\n\t<meta property=\"og:image:height\" content=\"1200\" \/>\n\t<meta property=\"og:image:type\" content=\"image\/jpeg\" \/>\n<meta name=\"twitter:card\" content=\"summary_large_image\" \/>\n<script type=\"application\/ld+json\" class=\"yoast-schema-graph\">{\"@context\":\"https:\/\/schema.org\",\"@graph\":[{\"@type\":\"WebPage\",\"@id\":\"https:\/\/hubsch-interior.com\/da\/vare\/crea-vaeglampe-sand\/\",\"url\":\"https:\/\/hubsch-interior.com\/da\/vare\/crea-vaeglampe-sand\/\",\"name\":\"Crea V\u00e6glampe Sand - H\u00fcbsch\",\"isPartOf\":{\"@id\":\"https:\/\/hubsch-interior.com\/da\/#website\"},\"primaryImageOfPage\":{\"@id\":\"https:\/\/hubsch-interior.com\/da\/vare\/crea-vaeglampe-sand\/#primaryimage\"},\"image\":{\"@id\":\"https:\/\/hubsch-interior.com\/da\/vare\/crea-vaeglampe-sand\/#primaryimage\"},\"thumbnailUrl\":\"https:\/\/hubsch-interior.com\/wp-content\/uploads\/2026\/02\/crea-wall-light-sand-a85d6ae10f3b7f2dda945d4c4cb7e911.jpg\",\"datePublished\":\"2024-01-29T08:33:12+00:00\",\"dateModified\":\"2026-04-09T03:03:46+00:00\",\"description\":\"Opgrader dit rum med den smarte og funktionelle Crea V\u00e6glampe i sandfarvet jern og akryl. Den kommer i to forskellige varianter, som begge har en moderne,\",\"breadcrumb\":{\"@id\":\"https:\/\/hubsch-interior.com\/da\/vare\/crea-vaeglampe-sand\/#breadcrumb\"},\"inLanguage\":\"da-DK\",\"potentialAction\":[{\"@type\":\"ReadAction\",\"target\":[\"https:\/\/hubsch-interior.com\/da\/vare\/crea-vaeglampe-sand\/\"]}]},{\"@type\":\"ImageObject\",\"inLanguage\":\"da-DK\",\"@id\":\"https:\/\/hubsch-interior.com\/da\/vare\/crea-vaeglampe-sand\/#primaryimage\",\"url\":\"https:\/\/hubsch-interior.com\/wp-content\/uploads\/2026\/02\/crea-wall-light-sand-a85d6ae10f3b7f2dda945d4c4cb7e911.jpg\",\"contentUrl\":\"https:\/\/hubsch-interior.com\/wp-content\/uploads\/2026\/02\/crea-wall-light-sand-a85d6ae10f3b7f2dda945d4c4cb7e911.jpg\",\"width\":1024,\"height\":1024},{\"@type\":\"BreadcrumbList\",\"@id\":\"https:\/\/hubsch-interior.com\/da\/vare\/crea-vaeglampe-sand\/#breadcrumb\",\"itemListElement\":[{\"@type\":\"ListItem\",\"position\":1,\"name\":\"Forside\",\"item\":\"https:\/\/hubsch-interior.com\/da\/\"},{\"@type\":\"ListItem\",\"position\":2,\"name\":\"Produkter\",\"item\":\"https:\/\/hubsch-interior.com\/da\/produkter\/\"},{\"@type\":\"ListItem\",\"position\":3,\"name\":\"Belysning\",\"item\":\"https:\/\/hubsch-interior.com\/da\/vare-kategori\/belysning\/\"},{\"@type\":\"ListItem\",\"position\":4,\"name\":\"V&aelig;glamper\",\"item\":\"https:\/\/hubsch-interior.com\/da\/vare-kategori\/belysning\/vaeglamper-da\/\"},{\"@type\":\"ListItem\",\"position\":5,\"name\":\"Crea V\u00e6glampe Sand\"}]},{\"@type\":\"WebSite\",\"@id\":\"https:\/\/hubsch-interior.com\/da\/#website\",\"url\":\"https:\/\/hubsch-interior.com\/da\/\",\"name\":\"H\u00fcbsch\",\"description\":\"Danish Home Interior and Design\",\"publisher\":{\"@id\":\"https:\/\/hubsch-interior.com\/da\/#organization\"},\"potentialAction\":[{\"@type\":\"SearchAction\",\"target\":{\"@type\":\"EntryPoint\",\"urlTemplate\":\"https:\/\/hubsch-interior.com\/da\/?s={search_term_string}\"},\"query-input\":{\"@type\":\"PropertyValueSpecification\",\"valueRequired\":true,\"valueName\":\"search_term_string\"}}],\"inLanguage\":\"da-DK\"},{\"@type\":\"Organization\",\"@id\":\"https:\/\/hubsch-interior.com\/da\/#organization\",\"name\":\"H\u00fcbsch\",\"url\":\"https:\/\/hubsch-interior.com\/da\/\",\"logo\":{\"@type\":\"ImageObject\",\"inLanguage\":\"da-DK\",\"@id\":\"https:\/\/hubsch-interior.com\/da\/#\/schema\/logo\/image\/\",\"url\":\"https:\/\/hubsch-interior.com\/wp-content\/uploads\/2022\/12\/Hubsch_logo_black_one_line.svg\",\"contentUrl\":\"https:\/\/hubsch-interior.com\/wp-content\/uploads\/2022\/12\/Hubsch_logo_black_one_line.svg\",\"caption\":\"H\u00fcbsch\"},\"image\":{\"@id\":\"https:\/\/hubsch-interior.com\/da\/#\/schema\/logo\/image\/\"}}]}<\/script>\n<!-- \/ Yoast SEO plugin. -->","yoast_head_json":{"title":"Crea V\u00e6glampe Sand - H\u00fcbsch","description":"Opgrader dit rum med den smarte og funktionelle Crea V\u00e6glampe i sandfarvet jern og akryl. Den kommer i to forskellige varianter, som begge har en moderne,","robots":{"index":"index","follow":"follow","max-snippet":"max-snippet:-1","max-image-preview":"max-image-preview:large","max-video-preview":"max-video-preview:-1"},"canonical":"https:\/\/hubsch-interior.com\/da\/wp-json\/wp\/v2\/product\/977762","og_locale":"da_DK","og_type":"article","og_title":"Crea V\u00e6glampe Sand - H\u00fcbsch","og_description":"Opgrader dit rum med den smarte og funktionelle Crea V\u00e6glampe i sandfarvet jern og akryl. Den kommer i to forskellige varianter, som begge har en moderne,","og_url":"https:\/\/hubsch-interior.com\/da\/vare\/crea-vaeglampe-sand\/","og_site_name":"H\u00fcbsch","article_modified_time":"2026-04-09T03:03:46+00:00","og_image":[{"width":1200,"height":1200,"url":"https:\/\/hubsch-interior.com\/wp-content\/uploads\/2024\/06\/crea-wall-light-sand-8b01a7c4db04b75bd44c05586b847b76.jpg","type":"image\/jpeg"}],"twitter_card":"summary_large_image","schema":{"@context":"https:\/\/schema.org","@graph":[{"@type":"WebPage","@id":"https:\/\/hubsch-interior.com\/da\/vare\/crea-vaeglampe-sand\/","url":"https:\/\/hubsch-interior.com\/da\/vare\/crea-vaeglampe-sand\/","name":"Crea V\u00e6glampe Sand - H\u00fcbsch","isPartOf":{"@id":"https:\/\/hubsch-interior.com\/da\/#website"},"primaryImageOfPage":{"@id":"https:\/\/hubsch-interior.com\/da\/vare\/crea-vaeglampe-sand\/#primaryimage"},"image":{"@id":"https:\/\/hubsch-interior.com\/da\/vare\/crea-vaeglampe-sand\/#primaryimage"},"thumbnailUrl":"https:\/\/hubsch-interior.com\/wp-content\/uploads\/2026\/02\/crea-wall-light-sand-a85d6ae10f3b7f2dda945d4c4cb7e911.jpg","datePublished":"2024-01-29T08:33:12+00:00","dateModified":"2026-04-09T03:03:46+00:00","description":"Opgrader dit rum med den smarte og funktionelle Crea V\u00e6glampe i sandfarvet jern og akryl. Den kommer i to forskellige varianter, som begge har en moderne,","breadcrumb":{"@id":"https:\/\/hubsch-interior.com\/da\/vare\/crea-vaeglampe-sand\/#breadcrumb"},"inLanguage":"da-DK","potentialAction":[{"@type":"ReadAction","target":["https:\/\/hubsch-interior.com\/da\/vare\/crea-vaeglampe-sand\/"]}]},{"@type":"ImageObject","inLanguage":"da-DK","@id":"https:\/\/hubsch-interior.com\/da\/vare\/crea-vaeglampe-sand\/#primaryimage","url":"https:\/\/hubsch-interior.com\/wp-content\/uploads\/2026\/02\/crea-wall-light-sand-a85d6ae10f3b7f2dda945d4c4cb7e911.jpg","contentUrl":"https:\/\/hubsch-interior.com\/wp-content\/uploads\/2026\/02\/crea-wall-light-sand-a85d6ae10f3b7f2dda945d4c4cb7e911.jpg","width":1024,"height":1024},{"@type":"BreadcrumbList","@id":"https:\/\/hubsch-interior.com\/da\/vare\/crea-vaeglampe-sand\/#breadcrumb","itemListElement":[{"@type":"ListItem","position":1,"name":"Forside","item":"https:\/\/hubsch-interior.com\/da\/"},{"@type":"ListItem","position":2,"name":"Produkter","item":"https:\/\/hubsch-interior.com\/da\/produkter\/"},{"@type":"ListItem","position":3,"name":"Belysning","item":"https:\/\/hubsch-interior.com\/da\/vare-kategori\/belysning\/"},{"@type":"ListItem","position":4,"name":"V&aelig;glamper","item":"https:\/\/hubsch-interior.com\/da\/vare-kategori\/belysning\/vaeglamper-da\/"},{"@type":"ListItem","position":5,"name":"Crea V\u00e6glampe Sand"}]},{"@type":"WebSite","@id":"https:\/\/hubsch-interior.com\/da\/#website","url":"https:\/\/hubsch-interior.com\/da\/","name":"H\u00fcbsch","description":"Danish Home Interior and Design","publisher":{"@id":"https:\/\/hubsch-interior.com\/da\/#organization"},"potentialAction":[{"@type":"SearchAction","target":{"@type":"EntryPoint","urlTemplate":"https:\/\/hubsch-interior.com\/da\/?s={search_term_string}"},"query-input":{"@type":"PropertyValueSpecification","valueRequired":true,"valueName":"search_term_string"}}],"inLanguage":"da-DK"},{"@type":"Organization","@id":"https:\/\/hubsch-interior.com\/da\/#organization","name":"H\u00fcbsch","url":"https:\/\/hubsch-interior.com\/da\/","logo":{"@type":"ImageObject","inLanguage":"da-DK","@id":"https:\/\/hubsch-interior.com\/da\/#\/schema\/logo\/image\/","url":"https:\/\/hubsch-interior.com\/wp-content\/uploads\/2022\/12\/Hubsch_logo_black_one_line.svg","contentUrl":"https:\/\/hubsch-interior.com\/wp-content\/uploads\/2022\/12\/Hubsch_logo_black_one_line.svg","caption":"H\u00fcbsch"},"image":{"@id":"https:\/\/hubsch-interior.com\/da\/#\/schema\/logo\/image\/"}}]}},"_links":{"self":[{"href":"https:\/\/hubsch-interior.com\/da\/wp-json\/wp\/v2\/product\/977762","targetHints":{"allow":["GET"]}}],"collection":[{"href":"https:\/\/hubsch-interior.com\/da\/wp-json\/wp\/v2\/product"}],"about":[{"href":"https:\/\/hubsch-interior.com\/da\/wp-json\/wp\/v2\/types\/product"}],"wp:featuredmedia":[{"embeddable":true,"href":"https:\/\/hubsch-interior.com\/da\/wp-json\/wp\/v2\/media\/1114531"}],"wp:attachment":[{"href":"https:\/\/hubsch-interior.com\/da\/wp-json\/wp\/v2\/media?parent=977762"}],"wp:term":[{"taxonomy":"product_brand","embeddable":true,"href":"https:\/\/hubsch-interior.com\/da\/wp-json\/wp\/v2\/product_brand?post=977762"},{"taxonomy":"product_cat","embeddable":true,"href":"https:\/\/hubsch-interior.com\/da\/wp-json\/wp\/v2\/product_cat?post=977762"},{"taxonomy":"product_tag","embeddable":true,"href":"https:\/\/hubsch-interior.com\/da\/wp-json\/wp\/v2\/product_tag?post=977762"}],"curies":[{"name":"wp","href":"https:\/\/api.w.org\/{rel}","templated":true}]}}