{"id":977790,"date":"2024-01-29T09:33:30","date_gmt":"2024-01-29T08:33:30","guid":{"rendered":"https:\/\/hubsch-interior.com\/product\/product\/"},"modified":"2026-04-05T05:07:19","modified_gmt":"2026-04-05T03:07:19","slug":"crea-vaeglampe-brun","status":"publish","type":"product","link":"https:\/\/hubsch-interior.com\/da\/vare\/crea-vaeglampe-brun\/","title":{"rendered":"Crea V\u00e6glampe Brun"},"content":{"rendered":"<p>Crea V\u00e6glampen er perfekt til at skabe en hyggelig atmosf\u00e6re i ethvert rum. Den er en del af Crea-serien, og den kommer i 2 forskellige varianter, hvoraf denne variant har en smuk brun farve. Lampen er lavet af holdbart akryl og robust jern og har en kompakt og geometrisk form. Den smarte og funktionelle drejeknap giver dig mulighed for at justere lyset efter dine \u00f8nsker, og lampesk\u00e6rmen kan drejes i enhver retning, hvilket g\u00f8r den til den perfekte natbordslampe. Oplev den elegante og funktionelle Crea V\u00e6glampe i dit hjem i dag.<\/p>\n","protected":false},"excerpt":{"rendered":"<p>Crea V\u00e6glampen er perfekt til at skabe en hyggelig atmosf\u00e6re i ethvert rum. Den er en del af Crea-serien, og den kommer i 2 forskellige varianter, hvoraf denne variant har en smuk brun farve. Lampen er lavet af holdbart akryl og robust jern og har en kompakt og geometrisk form. Den smarte og funktionelle drejeknap [&hellip;]<\/p>\n","protected":false},"featured_media":1114547,"template":"","meta":{"_acf_changed":false,"inline_featured_image":false},"product_brand":[],"product_cat":[6880,6899,3808,3405,5025],"product_tag":[],"class_list":{"0":"post-977790","1":"product","2":"type-product","3":"status-publish","4":"has-post-thumbnail","6":"product_cat-elevating-nostalgia-da","7":"product_cat-funktionel-belysning-da","8":"product_cat-belysning","9":"product_cat-vaeglamper-da","10":"product_cat-bestsellers-da","11":"product_shipping_class-pk","13":"pa_color-brun","14":"pa_material-jern-da","15":"pa_material-polycarbonat","17":"first","18":"instock","19":"featured","20":"taxable","21":"shipping-taxable","22":"purchasable","23":"product-type-simple"},"exclude_global_add_ons":[],"addons":[],"acf":[],"yoast_head":"<!-- This site is optimized with the Yoast SEO plugin v26.4 - https:\/\/yoast.com\/wordpress\/plugins\/seo\/ -->\n<title>Crea V\u00e6glampe Brun - H\u00fcbsch<\/title>\n<meta name=\"description\" content=\"Crea V\u00e6glampen er perfekt til at skabe en hyggelig atmosf\u00e6re i ethvert rum. Den er en del af Crea-serien, og den kommer i 2 forskellige varianter, hvoraf\" \/>\n<meta name=\"robots\" content=\"index, follow, max-snippet:-1, max-image-preview:large, max-video-preview:-1\" \/>\n<link rel=\"canonical\" href=\"https:\/\/hubsch-interior.com\/da\/wp-json\/wp\/v2\/product\/977790\" \/>\n<meta property=\"og:locale\" content=\"da_DK\" \/>\n<meta property=\"og:type\" content=\"article\" \/>\n<meta property=\"og:title\" content=\"Crea V\u00e6glampe Brun - H\u00fcbsch\" \/>\n<meta property=\"og:description\" content=\"Crea V\u00e6glampen er perfekt til at skabe en hyggelig atmosf\u00e6re i ethvert rum. Den er en del af Crea-serien, og den kommer i 2 forskellige varianter, hvoraf\" \/>\n<meta property=\"og:url\" content=\"https:\/\/hubsch-interior.com\/da\/vare\/crea-vaeglampe-brun\/\" \/>\n<meta property=\"og:site_name\" content=\"H\u00fcbsch\" \/>\n<meta property=\"article:modified_time\" content=\"2026-04-05T03:07:19+00:00\" \/>\n<meta property=\"og:image\" content=\"https:\/\/hubsch-interior.com\/wp-content\/uploads\/2024\/01\/crea-wall-light-brown-f7efb4e846f60ed9b0b7e2233c8b955d.jpg\" \/>\n\t<meta property=\"og:image:width\" content=\"1200\" \/>\n\t<meta property=\"og:image:height\" content=\"1200\" \/>\n\t<meta property=\"og:image:type\" content=\"image\/jpeg\" \/>\n<meta name=\"twitter:card\" content=\"summary_large_image\" \/>\n<script type=\"application\/ld+json\" class=\"yoast-schema-graph\">{\"@context\":\"https:\/\/schema.org\",\"@graph\":[{\"@type\":\"WebPage\",\"@id\":\"https:\/\/hubsch-interior.com\/da\/vare\/crea-vaeglampe-brun\/\",\"url\":\"https:\/\/hubsch-interior.com\/da\/vare\/crea-vaeglampe-brun\/\",\"name\":\"Crea V\u00e6glampe Brun - H\u00fcbsch\",\"isPartOf\":{\"@id\":\"https:\/\/hubsch-interior.com\/da\/#website\"},\"primaryImageOfPage\":{\"@id\":\"https:\/\/hubsch-interior.com\/da\/vare\/crea-vaeglampe-brun\/#primaryimage\"},\"image\":{\"@id\":\"https:\/\/hubsch-interior.com\/da\/vare\/crea-vaeglampe-brun\/#primaryimage\"},\"thumbnailUrl\":\"https:\/\/hubsch-interior.com\/wp-content\/uploads\/2026\/02\/crea-wall-light-brown-419147e5c69776114e1c07749d4d4e7c.jpg\",\"datePublished\":\"2024-01-29T08:33:30+00:00\",\"dateModified\":\"2026-04-05T03:07:19+00:00\",\"description\":\"Crea V\u00e6glampen er perfekt til at skabe en hyggelig atmosf\u00e6re i ethvert rum. Den er en del af Crea-serien, og den kommer i 2 forskellige varianter, hvoraf\",\"breadcrumb\":{\"@id\":\"https:\/\/hubsch-interior.com\/da\/vare\/crea-vaeglampe-brun\/#breadcrumb\"},\"inLanguage\":\"da-DK\",\"potentialAction\":[{\"@type\":\"ReadAction\",\"target\":[\"https:\/\/hubsch-interior.com\/da\/vare\/crea-vaeglampe-brun\/\"]}]},{\"@type\":\"ImageObject\",\"inLanguage\":\"da-DK\",\"@id\":\"https:\/\/hubsch-interior.com\/da\/vare\/crea-vaeglampe-brun\/#primaryimage\",\"url\":\"https:\/\/hubsch-interior.com\/wp-content\/uploads\/2026\/02\/crea-wall-light-brown-419147e5c69776114e1c07749d4d4e7c.jpg\",\"contentUrl\":\"https:\/\/hubsch-interior.com\/wp-content\/uploads\/2026\/02\/crea-wall-light-brown-419147e5c69776114e1c07749d4d4e7c.jpg\",\"width\":1024,\"height\":1024},{\"@type\":\"BreadcrumbList\",\"@id\":\"https:\/\/hubsch-interior.com\/da\/vare\/crea-vaeglampe-brun\/#breadcrumb\",\"itemListElement\":[{\"@type\":\"ListItem\",\"position\":1,\"name\":\"Forside\",\"item\":\"https:\/\/hubsch-interior.com\/da\/\"},{\"@type\":\"ListItem\",\"position\":2,\"name\":\"Produkter\",\"item\":\"https:\/\/hubsch-interior.com\/da\/produkter\/\"},{\"@type\":\"ListItem\",\"position\":3,\"name\":\"Belysning\",\"item\":\"https:\/\/hubsch-interior.com\/da\/vare-kategori\/belysning\/\"},{\"@type\":\"ListItem\",\"position\":4,\"name\":\"V&aelig;glamper\",\"item\":\"https:\/\/hubsch-interior.com\/da\/vare-kategori\/belysning\/vaeglamper-da\/\"},{\"@type\":\"ListItem\",\"position\":5,\"name\":\"Crea V\u00e6glampe Brun\"}]},{\"@type\":\"WebSite\",\"@id\":\"https:\/\/hubsch-interior.com\/da\/#website\",\"url\":\"https:\/\/hubsch-interior.com\/da\/\",\"name\":\"H\u00fcbsch\",\"description\":\"Danish Home Interior and Design\",\"publisher\":{\"@id\":\"https:\/\/hubsch-interior.com\/da\/#organization\"},\"potentialAction\":[{\"@type\":\"SearchAction\",\"target\":{\"@type\":\"EntryPoint\",\"urlTemplate\":\"https:\/\/hubsch-interior.com\/da\/?s={search_term_string}\"},\"query-input\":{\"@type\":\"PropertyValueSpecification\",\"valueRequired\":true,\"valueName\":\"search_term_string\"}}],\"inLanguage\":\"da-DK\"},{\"@type\":\"Organization\",\"@id\":\"https:\/\/hubsch-interior.com\/da\/#organization\",\"name\":\"H\u00fcbsch\",\"url\":\"https:\/\/hubsch-interior.com\/da\/\",\"logo\":{\"@type\":\"ImageObject\",\"inLanguage\":\"da-DK\",\"@id\":\"https:\/\/hubsch-interior.com\/da\/#\/schema\/logo\/image\/\",\"url\":\"https:\/\/hubsch-interior.com\/wp-content\/uploads\/2022\/12\/Hubsch_logo_black_one_line.svg\",\"contentUrl\":\"https:\/\/hubsch-interior.com\/wp-content\/uploads\/2022\/12\/Hubsch_logo_black_one_line.svg\",\"caption\":\"H\u00fcbsch\"},\"image\":{\"@id\":\"https:\/\/hubsch-interior.com\/da\/#\/schema\/logo\/image\/\"}}]}<\/script>\n<!-- \/ Yoast SEO plugin. -->","yoast_head_json":{"title":"Crea V\u00e6glampe Brun - H\u00fcbsch","description":"Crea V\u00e6glampen er perfekt til at skabe en hyggelig atmosf\u00e6re i ethvert rum. Den er en del af Crea-serien, og den kommer i 2 forskellige varianter, hvoraf","robots":{"index":"index","follow":"follow","max-snippet":"max-snippet:-1","max-image-preview":"max-image-preview:large","max-video-preview":"max-video-preview:-1"},"canonical":"https:\/\/hubsch-interior.com\/da\/wp-json\/wp\/v2\/product\/977790","og_locale":"da_DK","og_type":"article","og_title":"Crea V\u00e6glampe Brun - H\u00fcbsch","og_description":"Crea V\u00e6glampen er perfekt til at skabe en hyggelig atmosf\u00e6re i ethvert rum. Den er en del af Crea-serien, og den kommer i 2 forskellige varianter, hvoraf","og_url":"https:\/\/hubsch-interior.com\/da\/vare\/crea-vaeglampe-brun\/","og_site_name":"H\u00fcbsch","article_modified_time":"2026-04-05T03:07:19+00:00","og_image":[{"width":1200,"height":1200,"url":"https:\/\/hubsch-interior.com\/wp-content\/uploads\/2024\/01\/crea-wall-light-brown-f7efb4e846f60ed9b0b7e2233c8b955d.jpg","type":"image\/jpeg"}],"twitter_card":"summary_large_image","schema":{"@context":"https:\/\/schema.org","@graph":[{"@type":"WebPage","@id":"https:\/\/hubsch-interior.com\/da\/vare\/crea-vaeglampe-brun\/","url":"https:\/\/hubsch-interior.com\/da\/vare\/crea-vaeglampe-brun\/","name":"Crea V\u00e6glampe Brun - H\u00fcbsch","isPartOf":{"@id":"https:\/\/hubsch-interior.com\/da\/#website"},"primaryImageOfPage":{"@id":"https:\/\/hubsch-interior.com\/da\/vare\/crea-vaeglampe-brun\/#primaryimage"},"image":{"@id":"https:\/\/hubsch-interior.com\/da\/vare\/crea-vaeglampe-brun\/#primaryimage"},"thumbnailUrl":"https:\/\/hubsch-interior.com\/wp-content\/uploads\/2026\/02\/crea-wall-light-brown-419147e5c69776114e1c07749d4d4e7c.jpg","datePublished":"2024-01-29T08:33:30+00:00","dateModified":"2026-04-05T03:07:19+00:00","description":"Crea V\u00e6glampen er perfekt til at skabe en hyggelig atmosf\u00e6re i ethvert rum. Den er en del af Crea-serien, og den kommer i 2 forskellige varianter, hvoraf","breadcrumb":{"@id":"https:\/\/hubsch-interior.com\/da\/vare\/crea-vaeglampe-brun\/#breadcrumb"},"inLanguage":"da-DK","potentialAction":[{"@type":"ReadAction","target":["https:\/\/hubsch-interior.com\/da\/vare\/crea-vaeglampe-brun\/"]}]},{"@type":"ImageObject","inLanguage":"da-DK","@id":"https:\/\/hubsch-interior.com\/da\/vare\/crea-vaeglampe-brun\/#primaryimage","url":"https:\/\/hubsch-interior.com\/wp-content\/uploads\/2026\/02\/crea-wall-light-brown-419147e5c69776114e1c07749d4d4e7c.jpg","contentUrl":"https:\/\/hubsch-interior.com\/wp-content\/uploads\/2026\/02\/crea-wall-light-brown-419147e5c69776114e1c07749d4d4e7c.jpg","width":1024,"height":1024},{"@type":"BreadcrumbList","@id":"https:\/\/hubsch-interior.com\/da\/vare\/crea-vaeglampe-brun\/#breadcrumb","itemListElement":[{"@type":"ListItem","position":1,"name":"Forside","item":"https:\/\/hubsch-interior.com\/da\/"},{"@type":"ListItem","position":2,"name":"Produkter","item":"https:\/\/hubsch-interior.com\/da\/produkter\/"},{"@type":"ListItem","position":3,"name":"Belysning","item":"https:\/\/hubsch-interior.com\/da\/vare-kategori\/belysning\/"},{"@type":"ListItem","position":4,"name":"V&aelig;glamper","item":"https:\/\/hubsch-interior.com\/da\/vare-kategori\/belysning\/vaeglamper-da\/"},{"@type":"ListItem","position":5,"name":"Crea V\u00e6glampe Brun"}]},{"@type":"WebSite","@id":"https:\/\/hubsch-interior.com\/da\/#website","url":"https:\/\/hubsch-interior.com\/da\/","name":"H\u00fcbsch","description":"Danish Home Interior and Design","publisher":{"@id":"https:\/\/hubsch-interior.com\/da\/#organization"},"potentialAction":[{"@type":"SearchAction","target":{"@type":"EntryPoint","urlTemplate":"https:\/\/hubsch-interior.com\/da\/?s={search_term_string}"},"query-input":{"@type":"PropertyValueSpecification","valueRequired":true,"valueName":"search_term_string"}}],"inLanguage":"da-DK"},{"@type":"Organization","@id":"https:\/\/hubsch-interior.com\/da\/#organization","name":"H\u00fcbsch","url":"https:\/\/hubsch-interior.com\/da\/","logo":{"@type":"ImageObject","inLanguage":"da-DK","@id":"https:\/\/hubsch-interior.com\/da\/#\/schema\/logo\/image\/","url":"https:\/\/hubsch-interior.com\/wp-content\/uploads\/2022\/12\/Hubsch_logo_black_one_line.svg","contentUrl":"https:\/\/hubsch-interior.com\/wp-content\/uploads\/2022\/12\/Hubsch_logo_black_one_line.svg","caption":"H\u00fcbsch"},"image":{"@id":"https:\/\/hubsch-interior.com\/da\/#\/schema\/logo\/image\/"}}]}},"_links":{"self":[{"href":"https:\/\/hubsch-interior.com\/da\/wp-json\/wp\/v2\/product\/977790","targetHints":{"allow":["GET"]}}],"collection":[{"href":"https:\/\/hubsch-interior.com\/da\/wp-json\/wp\/v2\/product"}],"about":[{"href":"https:\/\/hubsch-interior.com\/da\/wp-json\/wp\/v2\/types\/product"}],"wp:featuredmedia":[{"embeddable":true,"href":"https:\/\/hubsch-interior.com\/da\/wp-json\/wp\/v2\/media\/1114547"}],"wp:attachment":[{"href":"https:\/\/hubsch-interior.com\/da\/wp-json\/wp\/v2\/media?parent=977790"}],"wp:term":[{"taxonomy":"product_brand","embeddable":true,"href":"https:\/\/hubsch-interior.com\/da\/wp-json\/wp\/v2\/product_brand?post=977790"},{"taxonomy":"product_cat","embeddable":true,"href":"https:\/\/hubsch-interior.com\/da\/wp-json\/wp\/v2\/product_cat?post=977790"},{"taxonomy":"product_tag","embeddable":true,"href":"https:\/\/hubsch-interior.com\/da\/wp-json\/wp\/v2\/product_tag?post=977790"}],"curies":[{"name":"wp","href":"https:\/\/api.w.org\/{rel}","templated":true}]}}