{"id":977918,"date":"2024-01-29T09:34:48","date_gmt":"2024-01-29T08:34:48","guid":{"rendered":"https:\/\/hubsch-interior.com\/product\/product\/"},"modified":"2026-04-11T05:00:53","modified_gmt":"2026-04-11T03:00:53","slug":"velo-bordlampe-sand","status":"publish","type":"product","link":"https:\/\/hubsch-interior.com\/da\/vare\/velo-bordlampe-sand\/","title":{"rendered":"Velo Bordlampe Sand"},"content":{"rendered":"<p>Velo Bordlampen er det perfekte valg til dig, der \u00f8nsker at tilf\u00f8je et klassisk touch til dit hjem. Med sit elegante og tidl\u00f8se design, f\u00e5s denne lampe i en smuk sandfarve, der passer til enhver indretning. Lavet af kvalitetsmaterialer som akryl og jern, er Velo b\u00e5de holdbar og stilfuld. Den h\u00f8je lampe fordeler lyset j\u00e6vnt og skaber en behagelig atmosf\u00e6re i ethvert rum. Den er ogs\u00e5 udstyret med en praktisk d\u00e6mpningsfunktion, der giver dig mulighed for at justere lysstyrken efter behov. G\u00f8r dit hjem mere hyggeligt med Velo Bordlampen &#8211; et alsidigt design, der passer til enhver smag.<\/p>\n","protected":false},"excerpt":{"rendered":"<p>Velo Bordlampen er det perfekte valg til dig, der \u00f8nsker at tilf\u00f8je et klassisk touch til dit hjem. Med sit elegante og tidl\u00f8se design, f\u00e5s denne lampe i en smuk sandfarve, der passer til enhver indretning. Lavet af kvalitetsmaterialer som akryl og jern, er Velo b\u00e5de holdbar og stilfuld. Den h\u00f8je lampe fordeler lyset j\u00e6vnt [&hellip;]<\/p>\n","protected":false},"featured_media":1107062,"template":"","meta":{"_acf_changed":false,"inline_featured_image":false},"product_brand":[],"product_cat":[6880,6899,3808,3499,5025],"product_tag":[],"class_list":{"0":"post-977918","1":"product","2":"type-product","3":"status-publish","4":"has-post-thumbnail","6":"product_cat-elevating-nostalgia-da","7":"product_cat-funktionel-belysning-da","8":"product_cat-belysning","9":"product_cat-bordlamper-da","10":"product_cat-bestsellers-da","11":"product_shipping_class-pk","13":"pa_color-sand-da","14":"pa_material-jern-da","15":"pa_material-polycarbonat","17":"first","18":"instock","19":"featured","20":"taxable","21":"shipping-taxable","22":"purchasable","23":"product-type-simple"},"exclude_global_add_ons":[],"addons":[],"acf":[],"yoast_head":"<!-- This site is optimized with the Yoast SEO plugin v26.4 - https:\/\/yoast.com\/wordpress\/plugins\/seo\/ -->\n<title>Velo Bordlampe Sand - H\u00fcbsch<\/title>\n<meta name=\"description\" content=\"Velo Bordlampen er det perfekte valg til dig, der \u00f8nsker at tilf\u00f8je et klassisk touch til dit hjem. Med sit elegante og tidl\u00f8se design, f\u00e5s denne lampe i\" \/>\n<meta name=\"robots\" content=\"index, follow, max-snippet:-1, max-image-preview:large, max-video-preview:-1\" \/>\n<link rel=\"canonical\" href=\"https:\/\/hubsch-interior.com\/da\/wp-json\/wp\/v2\/product\/977918\" \/>\n<meta property=\"og:locale\" content=\"da_DK\" \/>\n<meta property=\"og:type\" content=\"article\" \/>\n<meta property=\"og:title\" content=\"Velo Bordlampe Sand - H\u00fcbsch\" \/>\n<meta property=\"og:description\" content=\"Velo Bordlampen er det perfekte valg til dig, der \u00f8nsker at tilf\u00f8je et klassisk touch til dit hjem. Med sit elegante og tidl\u00f8se design, f\u00e5s denne lampe i\" \/>\n<meta property=\"og:url\" content=\"https:\/\/hubsch-interior.com\/da\/vare\/velo-bordlampe-sand\/\" \/>\n<meta property=\"og:site_name\" content=\"H\u00fcbsch\" \/>\n<meta property=\"article:modified_time\" content=\"2026-04-11T03:00:53+00:00\" \/>\n<meta property=\"og:image\" content=\"https:\/\/hubsch-interior.com\/wp-content\/uploads\/2024\/01\/velo-table-lamp-sand-80baf60aca82199c5feb11ece05796e4.jpg\" \/>\n\t<meta property=\"og:image:width\" content=\"1200\" \/>\n\t<meta property=\"og:image:height\" content=\"1200\" \/>\n\t<meta property=\"og:image:type\" content=\"image\/jpeg\" \/>\n<meta name=\"twitter:card\" content=\"summary_large_image\" \/>\n<meta name=\"twitter:label1\" content=\"Estimeret l\u00e6setid\" \/>\n\t<meta name=\"twitter:data1\" content=\"1 minut\" \/>\n<script type=\"application\/ld+json\" class=\"yoast-schema-graph\">{\"@context\":\"https:\/\/schema.org\",\"@graph\":[{\"@type\":\"WebPage\",\"@id\":\"https:\/\/hubsch-interior.com\/da\/vare\/velo-bordlampe-sand\/\",\"url\":\"https:\/\/hubsch-interior.com\/da\/vare\/velo-bordlampe-sand\/\",\"name\":\"Velo Bordlampe Sand - H\u00fcbsch\",\"isPartOf\":{\"@id\":\"https:\/\/hubsch-interior.com\/da\/#website\"},\"primaryImageOfPage\":{\"@id\":\"https:\/\/hubsch-interior.com\/da\/vare\/velo-bordlampe-sand\/#primaryimage\"},\"image\":{\"@id\":\"https:\/\/hubsch-interior.com\/da\/vare\/velo-bordlampe-sand\/#primaryimage\"},\"thumbnailUrl\":\"https:\/\/hubsch-interior.com\/wp-content\/uploads\/2026\/02\/velo-table-lamp-sand-1d8dfe99b87e7cd029f4f14b67b09fb1.jpg\",\"datePublished\":\"2024-01-29T08:34:48+00:00\",\"dateModified\":\"2026-04-11T03:00:53+00:00\",\"description\":\"Velo Bordlampen er det perfekte valg til dig, der \u00f8nsker at tilf\u00f8je et klassisk touch til dit hjem. Med sit elegante og tidl\u00f8se design, f\u00e5s denne lampe i\",\"breadcrumb\":{\"@id\":\"https:\/\/hubsch-interior.com\/da\/vare\/velo-bordlampe-sand\/#breadcrumb\"},\"inLanguage\":\"da-DK\",\"potentialAction\":[{\"@type\":\"ReadAction\",\"target\":[\"https:\/\/hubsch-interior.com\/da\/vare\/velo-bordlampe-sand\/\"]}]},{\"@type\":\"ImageObject\",\"inLanguage\":\"da-DK\",\"@id\":\"https:\/\/hubsch-interior.com\/da\/vare\/velo-bordlampe-sand\/#primaryimage\",\"url\":\"https:\/\/hubsch-interior.com\/wp-content\/uploads\/2026\/02\/velo-table-lamp-sand-1d8dfe99b87e7cd029f4f14b67b09fb1.jpg\",\"contentUrl\":\"https:\/\/hubsch-interior.com\/wp-content\/uploads\/2026\/02\/velo-table-lamp-sand-1d8dfe99b87e7cd029f4f14b67b09fb1.jpg\",\"width\":1024,\"height\":1024},{\"@type\":\"BreadcrumbList\",\"@id\":\"https:\/\/hubsch-interior.com\/da\/vare\/velo-bordlampe-sand\/#breadcrumb\",\"itemListElement\":[{\"@type\":\"ListItem\",\"position\":1,\"name\":\"Forside\",\"item\":\"https:\/\/hubsch-interior.com\/da\/\"},{\"@type\":\"ListItem\",\"position\":2,\"name\":\"Produkter\",\"item\":\"https:\/\/hubsch-interior.com\/da\/produkter\/\"},{\"@type\":\"ListItem\",\"position\":3,\"name\":\"Belysning\",\"item\":\"https:\/\/hubsch-interior.com\/da\/vare-kategori\/belysning\/\"},{\"@type\":\"ListItem\",\"position\":4,\"name\":\"Bordlamper\",\"item\":\"https:\/\/hubsch-interior.com\/da\/vare-kategori\/belysning\/bordlamper-da\/\"},{\"@type\":\"ListItem\",\"position\":5,\"name\":\"Velo Bordlampe Sand\"}]},{\"@type\":\"WebSite\",\"@id\":\"https:\/\/hubsch-interior.com\/da\/#website\",\"url\":\"https:\/\/hubsch-interior.com\/da\/\",\"name\":\"H\u00fcbsch\",\"description\":\"Danish Home Interior and Design\",\"publisher\":{\"@id\":\"https:\/\/hubsch-interior.com\/da\/#organization\"},\"potentialAction\":[{\"@type\":\"SearchAction\",\"target\":{\"@type\":\"EntryPoint\",\"urlTemplate\":\"https:\/\/hubsch-interior.com\/da\/?s={search_term_string}\"},\"query-input\":{\"@type\":\"PropertyValueSpecification\",\"valueRequired\":true,\"valueName\":\"search_term_string\"}}],\"inLanguage\":\"da-DK\"},{\"@type\":\"Organization\",\"@id\":\"https:\/\/hubsch-interior.com\/da\/#organization\",\"name\":\"H\u00fcbsch\",\"url\":\"https:\/\/hubsch-interior.com\/da\/\",\"logo\":{\"@type\":\"ImageObject\",\"inLanguage\":\"da-DK\",\"@id\":\"https:\/\/hubsch-interior.com\/da\/#\/schema\/logo\/image\/\",\"url\":\"https:\/\/hubsch-interior.com\/wp-content\/uploads\/2022\/12\/Hubsch_logo_black_one_line.svg\",\"contentUrl\":\"https:\/\/hubsch-interior.com\/wp-content\/uploads\/2022\/12\/Hubsch_logo_black_one_line.svg\",\"caption\":\"H\u00fcbsch\"},\"image\":{\"@id\":\"https:\/\/hubsch-interior.com\/da\/#\/schema\/logo\/image\/\"}}]}<\/script>\n<!-- \/ Yoast SEO plugin. -->","yoast_head_json":{"title":"Velo Bordlampe Sand - H\u00fcbsch","description":"Velo Bordlampen er det perfekte valg til dig, der \u00f8nsker at tilf\u00f8je et klassisk touch til dit hjem. Med sit elegante og tidl\u00f8se design, f\u00e5s denne lampe i","robots":{"index":"index","follow":"follow","max-snippet":"max-snippet:-1","max-image-preview":"max-image-preview:large","max-video-preview":"max-video-preview:-1"},"canonical":"https:\/\/hubsch-interior.com\/da\/wp-json\/wp\/v2\/product\/977918","og_locale":"da_DK","og_type":"article","og_title":"Velo Bordlampe Sand - H\u00fcbsch","og_description":"Velo Bordlampen er det perfekte valg til dig, der \u00f8nsker at tilf\u00f8je et klassisk touch til dit hjem. Med sit elegante og tidl\u00f8se design, f\u00e5s denne lampe i","og_url":"https:\/\/hubsch-interior.com\/da\/vare\/velo-bordlampe-sand\/","og_site_name":"H\u00fcbsch","article_modified_time":"2026-04-11T03:00:53+00:00","og_image":[{"width":1200,"height":1200,"url":"https:\/\/hubsch-interior.com\/wp-content\/uploads\/2024\/01\/velo-table-lamp-sand-80baf60aca82199c5feb11ece05796e4.jpg","type":"image\/jpeg"}],"twitter_card":"summary_large_image","twitter_misc":{"Estimeret l\u00e6setid":"1 minut"},"schema":{"@context":"https:\/\/schema.org","@graph":[{"@type":"WebPage","@id":"https:\/\/hubsch-interior.com\/da\/vare\/velo-bordlampe-sand\/","url":"https:\/\/hubsch-interior.com\/da\/vare\/velo-bordlampe-sand\/","name":"Velo Bordlampe Sand - H\u00fcbsch","isPartOf":{"@id":"https:\/\/hubsch-interior.com\/da\/#website"},"primaryImageOfPage":{"@id":"https:\/\/hubsch-interior.com\/da\/vare\/velo-bordlampe-sand\/#primaryimage"},"image":{"@id":"https:\/\/hubsch-interior.com\/da\/vare\/velo-bordlampe-sand\/#primaryimage"},"thumbnailUrl":"https:\/\/hubsch-interior.com\/wp-content\/uploads\/2026\/02\/velo-table-lamp-sand-1d8dfe99b87e7cd029f4f14b67b09fb1.jpg","datePublished":"2024-01-29T08:34:48+00:00","dateModified":"2026-04-11T03:00:53+00:00","description":"Velo Bordlampen er det perfekte valg til dig, der \u00f8nsker at tilf\u00f8je et klassisk touch til dit hjem. Med sit elegante og tidl\u00f8se design, f\u00e5s denne lampe i","breadcrumb":{"@id":"https:\/\/hubsch-interior.com\/da\/vare\/velo-bordlampe-sand\/#breadcrumb"},"inLanguage":"da-DK","potentialAction":[{"@type":"ReadAction","target":["https:\/\/hubsch-interior.com\/da\/vare\/velo-bordlampe-sand\/"]}]},{"@type":"ImageObject","inLanguage":"da-DK","@id":"https:\/\/hubsch-interior.com\/da\/vare\/velo-bordlampe-sand\/#primaryimage","url":"https:\/\/hubsch-interior.com\/wp-content\/uploads\/2026\/02\/velo-table-lamp-sand-1d8dfe99b87e7cd029f4f14b67b09fb1.jpg","contentUrl":"https:\/\/hubsch-interior.com\/wp-content\/uploads\/2026\/02\/velo-table-lamp-sand-1d8dfe99b87e7cd029f4f14b67b09fb1.jpg","width":1024,"height":1024},{"@type":"BreadcrumbList","@id":"https:\/\/hubsch-interior.com\/da\/vare\/velo-bordlampe-sand\/#breadcrumb","itemListElement":[{"@type":"ListItem","position":1,"name":"Forside","item":"https:\/\/hubsch-interior.com\/da\/"},{"@type":"ListItem","position":2,"name":"Produkter","item":"https:\/\/hubsch-interior.com\/da\/produkter\/"},{"@type":"ListItem","position":3,"name":"Belysning","item":"https:\/\/hubsch-interior.com\/da\/vare-kategori\/belysning\/"},{"@type":"ListItem","position":4,"name":"Bordlamper","item":"https:\/\/hubsch-interior.com\/da\/vare-kategori\/belysning\/bordlamper-da\/"},{"@type":"ListItem","position":5,"name":"Velo Bordlampe Sand"}]},{"@type":"WebSite","@id":"https:\/\/hubsch-interior.com\/da\/#website","url":"https:\/\/hubsch-interior.com\/da\/","name":"H\u00fcbsch","description":"Danish Home Interior and Design","publisher":{"@id":"https:\/\/hubsch-interior.com\/da\/#organization"},"potentialAction":[{"@type":"SearchAction","target":{"@type":"EntryPoint","urlTemplate":"https:\/\/hubsch-interior.com\/da\/?s={search_term_string}"},"query-input":{"@type":"PropertyValueSpecification","valueRequired":true,"valueName":"search_term_string"}}],"inLanguage":"da-DK"},{"@type":"Organization","@id":"https:\/\/hubsch-interior.com\/da\/#organization","name":"H\u00fcbsch","url":"https:\/\/hubsch-interior.com\/da\/","logo":{"@type":"ImageObject","inLanguage":"da-DK","@id":"https:\/\/hubsch-interior.com\/da\/#\/schema\/logo\/image\/","url":"https:\/\/hubsch-interior.com\/wp-content\/uploads\/2022\/12\/Hubsch_logo_black_one_line.svg","contentUrl":"https:\/\/hubsch-interior.com\/wp-content\/uploads\/2022\/12\/Hubsch_logo_black_one_line.svg","caption":"H\u00fcbsch"},"image":{"@id":"https:\/\/hubsch-interior.com\/da\/#\/schema\/logo\/image\/"}}]}},"_links":{"self":[{"href":"https:\/\/hubsch-interior.com\/da\/wp-json\/wp\/v2\/product\/977918","targetHints":{"allow":["GET"]}}],"collection":[{"href":"https:\/\/hubsch-interior.com\/da\/wp-json\/wp\/v2\/product"}],"about":[{"href":"https:\/\/hubsch-interior.com\/da\/wp-json\/wp\/v2\/types\/product"}],"wp:featuredmedia":[{"embeddable":true,"href":"https:\/\/hubsch-interior.com\/da\/wp-json\/wp\/v2\/media\/1107062"}],"wp:attachment":[{"href":"https:\/\/hubsch-interior.com\/da\/wp-json\/wp\/v2\/media?parent=977918"}],"wp:term":[{"taxonomy":"product_brand","embeddable":true,"href":"https:\/\/hubsch-interior.com\/da\/wp-json\/wp\/v2\/product_brand?post=977918"},{"taxonomy":"product_cat","embeddable":true,"href":"https:\/\/hubsch-interior.com\/da\/wp-json\/wp\/v2\/product_cat?post=977918"},{"taxonomy":"product_tag","embeddable":true,"href":"https:\/\/hubsch-interior.com\/da\/wp-json\/wp\/v2\/product_tag?post=977918"}],"curies":[{"name":"wp","href":"https:\/\/api.w.org\/{rel}","templated":true}]}}