{"id":977938,"date":"2024-01-29T09:35:02","date_gmt":"2024-01-29T08:35:02","guid":{"rendered":"https:\/\/hubsch-interior.com\/product\/product\/"},"modified":"2026-04-11T05:00:58","modified_gmt":"2026-04-11T03:00:58","slug":"velo-bordlampe-sort","status":"publish","type":"product","link":"https:\/\/hubsch-interior.com\/da\/vare\/velo-bordlampe-sort\/","title":{"rendered":"Velo Bordlampe Sort"},"content":{"rendered":"<p>Velo bordlampen er en klassisk og alsidig lampe, der er perfekt til at skabe en hyggelig stemning i ethvert rum. Den kommer i to varianter, og denne model er i en elegant sort farve. Lavet af holdbart akryl og jern er Velo b\u00e5de solid og stilfuld. Den h\u00f8je lampe spreder lyset ud for at opn\u00e5 optimal belysning, og dens d\u00e6mpbare funktion giver dig mulighed for at justere lysstyrken efter behov. Med sit alsidige design er Velo bordlampen perfekt til enhver indretning og skaber en behagelig atmosf\u00e6re med sit omkransende lys.<\/p>\n","protected":false},"excerpt":{"rendered":"<p>Velo bordlampen er en klassisk og alsidig lampe, der er perfekt til at skabe en hyggelig stemning i ethvert rum. Den kommer i to varianter, og denne model er i en elegant sort farve. Lavet af holdbart akryl og jern er Velo b\u00e5de solid og stilfuld. Den h\u00f8je lampe spreder lyset ud for at opn\u00e5 [&hellip;]<\/p>\n","protected":false},"featured_media":1107078,"template":"","meta":{"_acf_changed":false,"inline_featured_image":false},"product_brand":[],"product_cat":[6880,6899,3808,3499,5025],"product_tag":[],"class_list":{"0":"post-977938","1":"product","2":"type-product","3":"status-publish","4":"has-post-thumbnail","6":"product_cat-elevating-nostalgia-da","7":"product_cat-funktionel-belysning-da","8":"product_cat-belysning","9":"product_cat-bordlamper-da","10":"product_cat-bestsellers-da","11":"product_shipping_class-pk","13":"pa_color-sort","14":"pa_material-jern-da","15":"pa_material-polycarbonat","17":"first","18":"instock","19":"featured","20":"taxable","21":"shipping-taxable","22":"purchasable","23":"product-type-simple"},"exclude_global_add_ons":[],"addons":[],"acf":[],"yoast_head":"<!-- This site is optimized with the Yoast SEO plugin v26.4 - https:\/\/yoast.com\/wordpress\/plugins\/seo\/ -->\n<title>Velo Bordlampe Sort - H\u00fcbsch<\/title>\n<meta name=\"description\" content=\"Velo bordlampen er en klassisk og alsidig lampe, der er perfekt til at skabe en hyggelig stemning i ethvert rum. Den kommer i to varianter, og denne model\" \/>\n<meta name=\"robots\" content=\"index, follow, max-snippet:-1, max-image-preview:large, max-video-preview:-1\" \/>\n<link rel=\"canonical\" href=\"https:\/\/hubsch-interior.com\/da\/wp-json\/wp\/v2\/product\/977938\" \/>\n<meta property=\"og:locale\" content=\"da_DK\" \/>\n<meta property=\"og:type\" content=\"article\" \/>\n<meta property=\"og:title\" content=\"Velo Bordlampe Sort - H\u00fcbsch\" \/>\n<meta property=\"og:description\" content=\"Velo bordlampen er en klassisk og alsidig lampe, der er perfekt til at skabe en hyggelig stemning i ethvert rum. Den kommer i to varianter, og denne model\" \/>\n<meta property=\"og:url\" content=\"https:\/\/hubsch-interior.com\/da\/vare\/velo-bordlampe-sort\/\" \/>\n<meta property=\"og:site_name\" content=\"H\u00fcbsch\" \/>\n<meta property=\"article:modified_time\" content=\"2026-04-11T03:00:58+00:00\" \/>\n<meta property=\"og:image\" content=\"https:\/\/hubsch-interior.com\/wp-content\/uploads\/2024\/02\/velo-table-lamp-black-b02f38f719b74fd09934e0198a2198d2.jpg\" \/>\n\t<meta property=\"og:image:width\" content=\"1200\" \/>\n\t<meta property=\"og:image:height\" content=\"1200\" \/>\n\t<meta property=\"og:image:type\" content=\"image\/jpeg\" \/>\n<meta name=\"twitter:card\" content=\"summary_large_image\" \/>\n<script type=\"application\/ld+json\" class=\"yoast-schema-graph\">{\"@context\":\"https:\/\/schema.org\",\"@graph\":[{\"@type\":\"WebPage\",\"@id\":\"https:\/\/hubsch-interior.com\/da\/vare\/velo-bordlampe-sort\/\",\"url\":\"https:\/\/hubsch-interior.com\/da\/vare\/velo-bordlampe-sort\/\",\"name\":\"Velo Bordlampe Sort - H\u00fcbsch\",\"isPartOf\":{\"@id\":\"https:\/\/hubsch-interior.com\/da\/#website\"},\"primaryImageOfPage\":{\"@id\":\"https:\/\/hubsch-interior.com\/da\/vare\/velo-bordlampe-sort\/#primaryimage\"},\"image\":{\"@id\":\"https:\/\/hubsch-interior.com\/da\/vare\/velo-bordlampe-sort\/#primaryimage\"},\"thumbnailUrl\":\"https:\/\/hubsch-interior.com\/wp-content\/uploads\/2026\/02\/velo-table-lamp-black-9c17c9f884bcd38721452ba9e197e24b.jpg\",\"datePublished\":\"2024-01-29T08:35:02+00:00\",\"dateModified\":\"2026-04-11T03:00:58+00:00\",\"description\":\"Velo bordlampen er en klassisk og alsidig lampe, der er perfekt til at skabe en hyggelig stemning i ethvert rum. Den kommer i to varianter, og denne model\",\"breadcrumb\":{\"@id\":\"https:\/\/hubsch-interior.com\/da\/vare\/velo-bordlampe-sort\/#breadcrumb\"},\"inLanguage\":\"da-DK\",\"potentialAction\":[{\"@type\":\"ReadAction\",\"target\":[\"https:\/\/hubsch-interior.com\/da\/vare\/velo-bordlampe-sort\/\"]}]},{\"@type\":\"ImageObject\",\"inLanguage\":\"da-DK\",\"@id\":\"https:\/\/hubsch-interior.com\/da\/vare\/velo-bordlampe-sort\/#primaryimage\",\"url\":\"https:\/\/hubsch-interior.com\/wp-content\/uploads\/2026\/02\/velo-table-lamp-black-9c17c9f884bcd38721452ba9e197e24b.jpg\",\"contentUrl\":\"https:\/\/hubsch-interior.com\/wp-content\/uploads\/2026\/02\/velo-table-lamp-black-9c17c9f884bcd38721452ba9e197e24b.jpg\",\"width\":1024,\"height\":1024},{\"@type\":\"BreadcrumbList\",\"@id\":\"https:\/\/hubsch-interior.com\/da\/vare\/velo-bordlampe-sort\/#breadcrumb\",\"itemListElement\":[{\"@type\":\"ListItem\",\"position\":1,\"name\":\"Forside\",\"item\":\"https:\/\/hubsch-interior.com\/da\/\"},{\"@type\":\"ListItem\",\"position\":2,\"name\":\"Produkter\",\"item\":\"https:\/\/hubsch-interior.com\/da\/produkter\/\"},{\"@type\":\"ListItem\",\"position\":3,\"name\":\"Belysning\",\"item\":\"https:\/\/hubsch-interior.com\/da\/vare-kategori\/belysning\/\"},{\"@type\":\"ListItem\",\"position\":4,\"name\":\"Bordlamper\",\"item\":\"https:\/\/hubsch-interior.com\/da\/vare-kategori\/belysning\/bordlamper-da\/\"},{\"@type\":\"ListItem\",\"position\":5,\"name\":\"Velo Bordlampe Sort\"}]},{\"@type\":\"WebSite\",\"@id\":\"https:\/\/hubsch-interior.com\/da\/#website\",\"url\":\"https:\/\/hubsch-interior.com\/da\/\",\"name\":\"H\u00fcbsch\",\"description\":\"Danish Home Interior and Design\",\"publisher\":{\"@id\":\"https:\/\/hubsch-interior.com\/da\/#organization\"},\"potentialAction\":[{\"@type\":\"SearchAction\",\"target\":{\"@type\":\"EntryPoint\",\"urlTemplate\":\"https:\/\/hubsch-interior.com\/da\/?s={search_term_string}\"},\"query-input\":{\"@type\":\"PropertyValueSpecification\",\"valueRequired\":true,\"valueName\":\"search_term_string\"}}],\"inLanguage\":\"da-DK\"},{\"@type\":\"Organization\",\"@id\":\"https:\/\/hubsch-interior.com\/da\/#organization\",\"name\":\"H\u00fcbsch\",\"url\":\"https:\/\/hubsch-interior.com\/da\/\",\"logo\":{\"@type\":\"ImageObject\",\"inLanguage\":\"da-DK\",\"@id\":\"https:\/\/hubsch-interior.com\/da\/#\/schema\/logo\/image\/\",\"url\":\"https:\/\/hubsch-interior.com\/wp-content\/uploads\/2022\/12\/Hubsch_logo_black_one_line.svg\",\"contentUrl\":\"https:\/\/hubsch-interior.com\/wp-content\/uploads\/2022\/12\/Hubsch_logo_black_one_line.svg\",\"caption\":\"H\u00fcbsch\"},\"image\":{\"@id\":\"https:\/\/hubsch-interior.com\/da\/#\/schema\/logo\/image\/\"}}]}<\/script>\n<!-- \/ Yoast SEO plugin. -->","yoast_head_json":{"title":"Velo Bordlampe Sort - H\u00fcbsch","description":"Velo bordlampen er en klassisk og alsidig lampe, der er perfekt til at skabe en hyggelig stemning i ethvert rum. Den kommer i to varianter, og denne model","robots":{"index":"index","follow":"follow","max-snippet":"max-snippet:-1","max-image-preview":"max-image-preview:large","max-video-preview":"max-video-preview:-1"},"canonical":"https:\/\/hubsch-interior.com\/da\/wp-json\/wp\/v2\/product\/977938","og_locale":"da_DK","og_type":"article","og_title":"Velo Bordlampe Sort - H\u00fcbsch","og_description":"Velo bordlampen er en klassisk og alsidig lampe, der er perfekt til at skabe en hyggelig stemning i ethvert rum. Den kommer i to varianter, og denne model","og_url":"https:\/\/hubsch-interior.com\/da\/vare\/velo-bordlampe-sort\/","og_site_name":"H\u00fcbsch","article_modified_time":"2026-04-11T03:00:58+00:00","og_image":[{"width":1200,"height":1200,"url":"https:\/\/hubsch-interior.com\/wp-content\/uploads\/2024\/02\/velo-table-lamp-black-b02f38f719b74fd09934e0198a2198d2.jpg","type":"image\/jpeg"}],"twitter_card":"summary_large_image","schema":{"@context":"https:\/\/schema.org","@graph":[{"@type":"WebPage","@id":"https:\/\/hubsch-interior.com\/da\/vare\/velo-bordlampe-sort\/","url":"https:\/\/hubsch-interior.com\/da\/vare\/velo-bordlampe-sort\/","name":"Velo Bordlampe Sort - H\u00fcbsch","isPartOf":{"@id":"https:\/\/hubsch-interior.com\/da\/#website"},"primaryImageOfPage":{"@id":"https:\/\/hubsch-interior.com\/da\/vare\/velo-bordlampe-sort\/#primaryimage"},"image":{"@id":"https:\/\/hubsch-interior.com\/da\/vare\/velo-bordlampe-sort\/#primaryimage"},"thumbnailUrl":"https:\/\/hubsch-interior.com\/wp-content\/uploads\/2026\/02\/velo-table-lamp-black-9c17c9f884bcd38721452ba9e197e24b.jpg","datePublished":"2024-01-29T08:35:02+00:00","dateModified":"2026-04-11T03:00:58+00:00","description":"Velo bordlampen er en klassisk og alsidig lampe, der er perfekt til at skabe en hyggelig stemning i ethvert rum. Den kommer i to varianter, og denne model","breadcrumb":{"@id":"https:\/\/hubsch-interior.com\/da\/vare\/velo-bordlampe-sort\/#breadcrumb"},"inLanguage":"da-DK","potentialAction":[{"@type":"ReadAction","target":["https:\/\/hubsch-interior.com\/da\/vare\/velo-bordlampe-sort\/"]}]},{"@type":"ImageObject","inLanguage":"da-DK","@id":"https:\/\/hubsch-interior.com\/da\/vare\/velo-bordlampe-sort\/#primaryimage","url":"https:\/\/hubsch-interior.com\/wp-content\/uploads\/2026\/02\/velo-table-lamp-black-9c17c9f884bcd38721452ba9e197e24b.jpg","contentUrl":"https:\/\/hubsch-interior.com\/wp-content\/uploads\/2026\/02\/velo-table-lamp-black-9c17c9f884bcd38721452ba9e197e24b.jpg","width":1024,"height":1024},{"@type":"BreadcrumbList","@id":"https:\/\/hubsch-interior.com\/da\/vare\/velo-bordlampe-sort\/#breadcrumb","itemListElement":[{"@type":"ListItem","position":1,"name":"Forside","item":"https:\/\/hubsch-interior.com\/da\/"},{"@type":"ListItem","position":2,"name":"Produkter","item":"https:\/\/hubsch-interior.com\/da\/produkter\/"},{"@type":"ListItem","position":3,"name":"Belysning","item":"https:\/\/hubsch-interior.com\/da\/vare-kategori\/belysning\/"},{"@type":"ListItem","position":4,"name":"Bordlamper","item":"https:\/\/hubsch-interior.com\/da\/vare-kategori\/belysning\/bordlamper-da\/"},{"@type":"ListItem","position":5,"name":"Velo Bordlampe Sort"}]},{"@type":"WebSite","@id":"https:\/\/hubsch-interior.com\/da\/#website","url":"https:\/\/hubsch-interior.com\/da\/","name":"H\u00fcbsch","description":"Danish Home Interior and Design","publisher":{"@id":"https:\/\/hubsch-interior.com\/da\/#organization"},"potentialAction":[{"@type":"SearchAction","target":{"@type":"EntryPoint","urlTemplate":"https:\/\/hubsch-interior.com\/da\/?s={search_term_string}"},"query-input":{"@type":"PropertyValueSpecification","valueRequired":true,"valueName":"search_term_string"}}],"inLanguage":"da-DK"},{"@type":"Organization","@id":"https:\/\/hubsch-interior.com\/da\/#organization","name":"H\u00fcbsch","url":"https:\/\/hubsch-interior.com\/da\/","logo":{"@type":"ImageObject","inLanguage":"da-DK","@id":"https:\/\/hubsch-interior.com\/da\/#\/schema\/logo\/image\/","url":"https:\/\/hubsch-interior.com\/wp-content\/uploads\/2022\/12\/Hubsch_logo_black_one_line.svg","contentUrl":"https:\/\/hubsch-interior.com\/wp-content\/uploads\/2022\/12\/Hubsch_logo_black_one_line.svg","caption":"H\u00fcbsch"},"image":{"@id":"https:\/\/hubsch-interior.com\/da\/#\/schema\/logo\/image\/"}}]}},"_links":{"self":[{"href":"https:\/\/hubsch-interior.com\/da\/wp-json\/wp\/v2\/product\/977938","targetHints":{"allow":["GET"]}}],"collection":[{"href":"https:\/\/hubsch-interior.com\/da\/wp-json\/wp\/v2\/product"}],"about":[{"href":"https:\/\/hubsch-interior.com\/da\/wp-json\/wp\/v2\/types\/product"}],"wp:featuredmedia":[{"embeddable":true,"href":"https:\/\/hubsch-interior.com\/da\/wp-json\/wp\/v2\/media\/1107078"}],"wp:attachment":[{"href":"https:\/\/hubsch-interior.com\/da\/wp-json\/wp\/v2\/media?parent=977938"}],"wp:term":[{"taxonomy":"product_brand","embeddable":true,"href":"https:\/\/hubsch-interior.com\/da\/wp-json\/wp\/v2\/product_brand?post=977938"},{"taxonomy":"product_cat","embeddable":true,"href":"https:\/\/hubsch-interior.com\/da\/wp-json\/wp\/v2\/product_cat?post=977938"},{"taxonomy":"product_tag","embeddable":true,"href":"https:\/\/hubsch-interior.com\/da\/wp-json\/wp\/v2\/product_tag?post=977938"}],"curies":[{"name":"wp","href":"https:\/\/api.w.org\/{rel}","templated":true}]}}